{"id":701,"date":"2024-09-23T10:59:55","date_gmt":"2024-09-23T10:59:55","guid":{"rendered":"https:\/\/tin.eu\/about-us-copy\/"},"modified":"2025-06-09T14:28:52","modified_gmt":"2025-06-09T12:28:52","slug":"legal-control-app-manual","status":"publish","type":"page","link":"https:\/\/tin.eu\/sl\/legal-control-app-manual\/","title":{"rendered":"Legal control Handleiding voor de APP"},"content":{"rendered":"\t\t<div data-elementor-type=\"wp-page\" data-elementor-id=\"701\" class=\"elementor elementor-701\" data-elementor-post-type=\"page\">\n\t\t\t\t<div class=\"elementor-element elementor-element-a5177af header e-flex e-con-boxed e-con e-parent\" data-id=\"a5177af\" data-element_type=\"container\">\n\t\t\t\t\t<div class=\"e-con-inner\">\n\t\t<div class=\"elementor-element elementor-element-ed50013 container e-flex e-con-boxed e-con e-child\" data-id=\"ed50013\" data-element_type=\"container\">\n\t\t\t\t\t<div class=\"e-con-inner\">\n\t\t\t\t<div class=\"elementor-element elementor-element-52abc99 elementor-widget elementor-widget-heading\" data-id=\"52abc99\" data-element_type=\"widget\" data-widget_type=\"heading.default\">\n\t\t\t\t<div class=\"elementor-widget-container\">\n\t\t\t<style>\/*! elementor - v3.21.0 - 26-05-2024 *\/\n.elementor-heading-title{padding:0;margin:0;line-height:1}.elementor-widget-heading .elementor-heading-title[class*=elementor-size-]>a{color:inherit;font-size:inherit;line-height:inherit}.elementor-widget-heading .elementor-heading-title.elementor-size-small{font-size:15px}.elementor-widget-heading .elementor-heading-title.elementor-size-medium{font-size:19px}.elementor-widget-heading .elementor-heading-title.elementor-size-large{font-size:29px}.elementor-widget-heading .elementor-heading-title.elementor-size-xl{font-size:39px}.elementor-widget-heading .elementor-heading-title.elementor-size-xxl{font-size:59px}<\/style><h1 class=\"elementor-heading-title elementor-size-default\">LEGAL CONTROL APP navodila<\/h1>\t\t<\/div>\n\t\t\t\t<\/div>\n\t\t\t\t\t<\/div>\n\t\t\t\t<\/div>\n\t\t\t\t\t<\/div>\n\t\t\t\t<\/div>\n\t\t<div class=\"elementor-element elementor-element-1687dfd container e-flex e-con-boxed e-con e-parent\" data-id=\"1687dfd\" data-element_type=\"container\">\n\t\t\t\t\t<div class=\"e-con-inner\">\n\t\t<div class=\"elementor-element elementor-element-445a82c service__row e-flex e-con-boxed e-con e-child\" data-id=\"445a82c\" data-element_type=\"container\">\n\t\t\t\t\t<div class=\"e-con-inner\">\n\t\t\t\t<div class=\"elementor-element elementor-element-fbabae1 col__service col__service_img col__service_img-about-us elementor-widget elementor-widget-text-editor\" data-id=\"fbabae1\" data-element_type=\"widget\" data-widget_type=\"text-editor.default\">\n\t\t\t\t<div class=\"elementor-widget-container\">\n\t\t\t<style>\/*! elementor - v3.21.0 - 26-05-2024 *\/\n.elementor-widget-text-editor.elementor-drop-cap-view-stacked .elementor-drop-cap{background-color:#69727d;color:#fff}.elementor-widget-text-editor.elementor-drop-cap-view-framed .elementor-drop-cap{color:#69727d;border:3px solid;background-color:transparent}.elementor-widget-text-editor:not(.elementor-drop-cap-view-default) .elementor-drop-cap{margin-top:8px}.elementor-widget-text-editor:not(.elementor-drop-cap-view-default) .elementor-drop-cap-letter{width:1em;height:1em}.elementor-widget-text-editor .elementor-drop-cap{float:left;text-align:center;line-height:1;font-size:50px}.elementor-widget-text-editor .elementor-drop-cap-letter{display:inline-block}<\/style>\t\t\t\t<p><img decoding=\"async\" class=\"alignnone size-full wp-image-332\" src=\"https:\/\/tin.eu\/wp-content\/uploads\/2024\/04\/truck-right-1.svg\" alt=\"TIN\" \/><\/p>\t\t\t\t\t\t<\/div>\n\t\t\t\t<\/div>\n\t\t<div class=\"elementor-element elementor-element-377ae7e app-manual e-flex e-con-boxed e-con e-child\" data-id=\"377ae7e\" data-element_type=\"container\">\n\t\t\t\t\t<div class=\"e-con-inner\">\n\t\t\t\t<div class=\"elementor-element elementor-element-d2a6e22 tin-video elementor-widget elementor-widget-video\" data-id=\"d2a6e22\" data-element_type=\"widget\" data-settings=\"{&quot;video_type&quot;:&quot;hosted&quot;,&quot;show_image_overlay&quot;:&quot;yes&quot;,&quot;image_overlay&quot;:{&quot;url&quot;:&quot;https:\\\/\\\/tin.eu\\\/wp-content\\\/uploads\\\/2024\\\/09\\\/Legal-Control-Video-Preloader.jpg&quot;,&quot;id&quot;:724,&quot;size&quot;:&quot;&quot;,&quot;alt&quot;:&quot;&quot;,&quot;source&quot;:&quot;library&quot;},&quot;lightbox&quot;:&quot;yes&quot;,&quot;controls&quot;:&quot;yes&quot;}\" data-widget_type=\"video.default\">\n\t\t\t\t<div class=\"elementor-widget-container\">\n\t\t\t<style>\/*! elementor - v3.21.0 - 26-05-2024 *\/\n.elementor-widget-video .elementor-widget-container{overflow:hidden;transform:translateZ(0)}.elementor-widget-video .elementor-wrapper{aspect-ratio:var(--video-aspect-ratio)}.elementor-widget-video .elementor-wrapper iframe,.elementor-widget-video .elementor-wrapper video{height:100%;width:100%;display:flex;border:none;background-color:#000}@supports not (aspect-ratio:1\/1){.elementor-widget-video .elementor-wrapper{position:relative;overflow:hidden;height:0;padding-bottom:calc(100% \/ var(--video-aspect-ratio))}.elementor-widget-video .elementor-wrapper iframe,.elementor-widget-video .elementor-wrapper video{position:absolute;top:0;right:0;bottom:0;left:0}}.elementor-widget-video .elementor-open-inline .elementor-custom-embed-image-overlay{position:absolute;top:0;right:0;bottom:0;left:0;background-size:cover;background-position:50%}.elementor-widget-video .elementor-custom-embed-image-overlay{cursor:pointer;text-align:center}.elementor-widget-video .elementor-custom-embed-image-overlay:hover .elementor-custom-embed-play i{opacity:1}.elementor-widget-video .elementor-custom-embed-image-overlay img{display:block;width:100%;aspect-ratio:var(--video-aspect-ratio);-o-object-fit:cover;object-fit:cover;-o-object-position:center center;object-position:center center}@supports not (aspect-ratio:1\/1){.elementor-widget-video .elementor-custom-embed-image-overlay{position:relative;overflow:hidden;height:0;padding-bottom:calc(100% \/ var(--video-aspect-ratio))}.elementor-widget-video .elementor-custom-embed-image-overlay img{position:absolute;top:0;right:0;bottom:0;left:0}}.elementor-widget-video .e-hosted-video .elementor-video{-o-object-fit:cover;object-fit:cover}.e-con-inner>.elementor-widget-video,.e-con>.elementor-widget-video{width:var(--container-widget-width);--flex-grow:var(--container-widget-flex-grow)}<\/style>\t\t<div class=\"e-hosted-video elementor-wrapper elementor-open-lightbox\">\n\t\t\t\t\t\t\t<div class=\"elementor-custom-embed-image-overlay\" data-elementor-open-lightbox=\"yes\" data-elementor-lightbox=\"{&quot;type&quot;:&quot;video&quot;,&quot;videoType&quot;:&quot;hosted&quot;,&quot;url&quot;:&quot;https:\\\/\\\/tin.eu\\\/wp-content\\\/uploads\\\/2024\\\/09\\\/Video-Legal-Control.mp4&quot;,&quot;modalOptions&quot;:{&quot;id&quot;:&quot;elementor-lightbox-d2a6e22&quot;,&quot;entranceAnimation&quot;:&quot;&quot;,&quot;entranceAnimation_tablet&quot;:&quot;&quot;,&quot;entranceAnimation_mobile&quot;:&quot;&quot;,&quot;videoAspectRatio&quot;:&quot;169&quot;},&quot;videoParams&quot;:{&quot;controls&quot;:&quot;&quot;,&quot;preload&quot;:&quot;metadata&quot;,&quot;controlsList&quot;:&quot;nodownload&quot;,&quot;poster&quot;:&quot;https:\\\/\\\/tin.eu\\\/wp-content\\\/uploads\\\/2024\\\/09\\\/Legal-Control-Video-Preloader.jpg&quot;}}\" data-e-action-hash=\"#elementor-action%3Aaction%3Dlightbox%26settings%3DeyJ0eXBlIjoidmlkZW8iLCJ2aWRlb1R5cGUiOiJob3N0ZWQiLCJ1cmwiOiJodHRwczpcL1wvdGluLmV1XC93cC1jb250ZW50XC91cGxvYWRzXC8yMDI0XC8wOVwvVmlkZW8tTGVnYWwtQ29udHJvbC5tcDQiLCJtb2RhbE9wdGlvbnMiOnsiaWQiOiJlbGVtZW50b3ItbGlnaHRib3gtZDJhNmUyMiIsImVudHJhbmNlQW5pbWF0aW9uIjoiIiwiZW50cmFuY2VBbmltYXRpb25fdGFibGV0IjoiIiwiZW50cmFuY2VBbmltYXRpb25fbW9iaWxlIjoiIiwidmlkZW9Bc3BlY3RSYXRpbyI6IjE2OSJ9LCJ2aWRlb1BhcmFtcyI6eyJjb250cm9scyI6IiIsInByZWxvYWQiOiJtZXRhZGF0YSIsImNvbnRyb2xzTGlzdCI6Im5vZG93bmxvYWQiLCJwb3N0ZXIiOiJodHRwczpcL1wvdGluLmV1XC93cC1jb250ZW50XC91cGxvYWRzXC8yMDI0XC8wOVwvTGVnYWwtQ29udHJvbC1WaWRlby1QcmVsb2FkZXIuanBnIn19\">\n\t\t\t\t\t\t\t\t\t\t\t<img fetchpriority=\"high\" decoding=\"async\" width=\"1635\" height=\"917\" src=\"https:\/\/tin.eu\/wp-content\/uploads\/2024\/09\/Legal-Control-Video-Preloader.jpg\" class=\"attachment-full size-full wp-image-724\" alt=\"\" srcset=\"https:\/\/tin.eu\/wp-content\/uploads\/2024\/09\/Legal-Control-Video-Preloader.jpg 1635w, https:\/\/tin.eu\/wp-content\/uploads\/2024\/09\/Legal-Control-Video-Preloader-300x168.jpg 300w, https:\/\/tin.eu\/wp-content\/uploads\/2024\/09\/Legal-Control-Video-Preloader-1024x574.jpg 1024w, https:\/\/tin.eu\/wp-content\/uploads\/2024\/09\/Legal-Control-Video-Preloader-768x431.jpg 768w, https:\/\/tin.eu\/wp-content\/uploads\/2024\/09\/Legal-Control-Video-Preloader-1536x861.jpg 1536w\" sizes=\"(max-width: 1635px) 100vw, 1635px\" \/>\t\t\t\t\t\t\t\t\t\t\t\t\t\t\t\t<div class=\"elementor-custom-embed-play\" role=\"button\" aria-label=\"Play Video\" tabindex=\"0\">\n\t\t\t\t\t\t\t<svg xmlns=\"http:\/\/www.w3.org\/2000\/svg\" width=\"103\" height=\"107\" viewBox=\"0 0 103 107\" fill=\"none\"><path d=\"M51.3518 106.963C79.6773 106.963 102.64 83.2187 102.64 53.9289C102.64 24.6391 79.6773 0.89502 51.3518 0.89502C23.0263 0.89502 0.0639648 24.6391 0.0639648 53.9289C0.0639648 83.2187 23.0263 106.963 51.3518 106.963Z\" fill=\"white\"><\/path><path d=\"M35.7208 73.7686V34.0894L69.4141 53.929L35.7208 73.7686Z\" fill=\"#224593\"><\/path><path d=\"M68.4272 53.9289L36.2095 34.9582V72.8997L68.4272 53.9289ZM70.4014 53.9289L35.2326 74.6374V33.2205L70.4014 53.9289Z\" fill=\"#224593\"><\/path><\/svg>\t\t\t\t\t\t\t<span class=\"elementor-screen-only\">Play Video<\/span>\n\t\t\t\t\t\t<\/div>\n\t\t\t\t\t\t\t\t\t<\/div>\n\t\t\t\t\t<\/div>\n\t\t\t\t<\/div>\n\t\t\t\t<\/div>\n\t\t\t\t<div class=\"elementor-element elementor-element-cba2ddf elementor-widget elementor-widget-text-editor\" data-id=\"cba2ddf\" data-element_type=\"widget\" data-widget_type=\"text-editor.default\">\n\t\t\t\t<div class=\"elementor-widget-container\">\n\t\t\t\t\t\t\t<div class=\"app-manual__text\"><h3><a class=\"download\" href=\"https:\/\/tin.eu\/wp-content\/uploads\/2025\/06\/APP-MANUAL-EN-2025.pdf\" target=\"_blank\" rel=\"noopener\">LEGAL CONTROL APP manual<\/a><\/h3><h4>English<\/h4><p>This manual is here to help you with easy instructions and useful tips for the Legal Control App. If you have any feature questions or cannot solve certain situations, please contact us.<br \/><a class=\"app-manual__icon download\" href=\"https:\/\/tin.eu\/wp-content\/uploads\/2025\/06\/APP-MANUAL-EN-2025.pdf\" target=\"_blank\" rel=\"noopener\"><img decoding=\"async\" src=\"https:\/\/tin.eu\/wp-content\/themes\/legaltruck\/assets\/img\/PDF_file_icon.svg\" \/><\/a><\/p><\/div><div class=\"app-manual__text\"><h3><a class=\"download\" href=\"https:\/\/tin.eu\/wp-content\/uploads\/2025\/06\/APP-MANUAL-NL-2025.pdf\" target=\"_blank\" rel=\"noopener\">LEGAL CONTROL Handleiding voor de APP<\/a><\/h3><h4>Dutch<\/h4><p>Deze handleiding biedt u eenvoudige instructies en nuttige tips voor het gebruik van de Legal Control App. Indien u vragen heeft over functies of bepaalde situaties niet kunt oplossen, neem dan alstublieft contact met ons op.<br \/><a class=\"app-manual__icon download\" href=\"https:\/\/tin.eu\/wp-content\/uploads\/2025\/06\/APP-MANUAL-NL-2025.pdf\" target=\"_blank\" rel=\"noopener\"><img decoding=\"async\" src=\"https:\/\/tin.eu\/wp-content\/themes\/legaltruck\/assets\/img\/PDF_file_icon.svg\" \/><\/a><\/p><\/div><div class=\"app-manual__text\"><h3><a href=\"https:\/\/tin.eu\/wp-content\/uploads\/2025\/06\/APP-MANUAL-DE-2025.pdf\" target=\"_blank\" rel=\"noopener\">LEGAL CONTROL APP-Handbuch<\/a><\/h3><h4>German<\/h4><p>Dieses Handbuch soll Ihnen mit einfachen Anweisungen und n\u00fctzlichen Tipps f\u00fcr die Legal Control App helfen. Wenn Sie Fragen zu Funktionen haben oder bestimmte Situationen nicht l\u00f6sen k\u00f6nnen, nehmen Sie bitte Kontakt mit uns auf.<br \/><a class=\"app-manual__icon download\" href=\"https:\/\/tin.eu\/wp-content\/uploads\/2025\/06\/APP-MANUAL-DE-2025.pdf\" target=\"_blank\" rel=\"noopener\"><img decoding=\"async\" src=\"https:\/\/tin.eu\/wp-content\/themes\/legaltruck\/assets\/img\/PDF_file_icon.svg\" \/><\/a><\/p><\/div><div class=\"app-manual__text\"><h3><a class=\"download\" href=\"https:\/\/tin.eu\/wp-content\/uploads\/2025\/06\/APP-MANUAL-PT-2025.pdf\" target=\"_blank\" rel=\"noopener\">LEGAL CONTROL APP manual<\/a><\/h3><h4>Portuguese<\/h4><p>Este manual destina-se a ajud\u00e1-lo com instru\u00e7\u00f5es f\u00e1ceis e sugest\u00f5es \u00fateis para a nossa App Legal Control. Se tiver alguma d\u00favida sobre as funcionalidades ou n\u00e3o conseguir resolver determinadas situa\u00e7\u00f5es, contacte-nos.<br \/><a class=\"app-manual__icon download\" href=\"https:\/\/tin.eu\/wp-content\/uploads\/2025\/06\/APP-MANUAL-PT-2025.pdf\" target=\"_blank\" rel=\"noopener\"><img decoding=\"async\" src=\"https:\/\/tin.eu\/wp-content\/themes\/legaltruck\/assets\/img\/PDF_file_icon.svg\" \/><\/a><\/p><\/div><div class=\"app-manual__text\"><h3><a class=\"download\" href=\"https:\/\/tin.eu\/wp-content\/uploads\/2025\/06\/APP-MANUAL-HU-2025.pdf\" target=\"_blank\" rel=\"noopener\">LEGAL CONTROL applik\u00e1ci\u00f3 k\u00e9zik\u00f6nyv<\/a><\/h3><h4>Hungarian<\/h4><p>Ez a k\u00e9zik\u00f6nyv seg\u00edts\u00e9get ny\u00fajt \u00d6nnek egyszer\u0171 haszn\u00e1lati utas\u00edt\u00e1sok \u00e9s hasznos tippek r\u00e9v\u00e9n a Legal Control Applik\u00e1ci\u00f3 haszn\u00e1lat\u00e1ban. Ha az applik\u00e1ci\u00f3 haszn\u00e1lat\u00e1val kapcsolatban b\u00e1rmilyen k\u00e9rd\u00e9se mer\u00fclne fel, amire nem tal\u00e1l v\u00e1laszt a k\u00e9zik\u00f6nyvben, vagy b\u00e1rmilyen egy\u00e9b applik\u00e1ci\u00f3val kapcsolatos probl\u00e9ma eset\u00e9n k\u00e9rj\u00fck, l\u00e9pjen kapcsolatba vel\u00fcnk.<br \/><a class=\"app-manual__icon download\" href=\"https:\/\/tin.eu\/wp-content\/uploads\/2025\/06\/APP-MANUAL-HU-2025.pdf\" target=\"_blank\" rel=\"noopener\"><img decoding=\"async\" src=\"https:\/\/tin.eu\/wp-content\/themes\/legaltruck\/assets\/img\/PDF_file_icon.svg\" \/><\/a><\/p><\/div><div class=\"app-manual__text\"><h3><a class=\"download\" href=\"https:\/\/tin.eu\/wp-content\/uploads\/2025\/06\/APP-MANUAL-PL-2025.pdf\" target=\"_blank\" rel=\"noopener\">LEGAL CONTROL Podr\u0119cznik do obs\u0142ugi aplikacji<\/a><\/h3><h4>Polish<\/h4><p>Ten podr\u0119cznik ma na celu pom\u00f3c I udzieli\u0107 \u0142atwych instrukcji I przydatnych wskaz\u00f3wek dotycz\u0105cych aplikacji Legal Control. Je\u015bli masz jakiekolwiek pytania dotycz\u0105ce funkcji aplikacji lub nie mo\u017cesz rozwi\u0105za\u0107 pewnych sytuacji, skontaktuj si\u0119 z nami.<br \/><a class=\"app-manual__icon download\" href=\"https:\/\/tin.eu\/wp-content\/uploads\/2025\/06\/APP-MANUAL-PL-2025.pdf\" target=\"_blank\" rel=\"noopener\"><img decoding=\"async\" src=\"https:\/\/tin.eu\/wp-content\/themes\/legaltruck\/assets\/img\/PDF_file_icon.svg\" \/><\/a><\/p><\/div><div class=\"app-manual__text\"><h3><a class=\"download\" href=\"https:\/\/tin.eu\/wp-content\/uploads\/2025\/06\/APP-MANUAL-CRO-2025.pdf\" target=\"_blank\" rel=\"noopener\">LEGAL CONTROL Priru\u010dnik za aplikaciju<\/a><\/h3><h4>Croatian<\/h4><p>Ovaj priru\u010dnik je ovdje kako bi vam pru\u017eio jednostavne upute I korisne savjete za kori\u0161tenje aplikacije Legal Control. Ako imate bilo kakva pitanja o funkcijama ili ne mo\u017eete rije\u0161iti odre\u0111ene situacije, molimo vas da nas kontaktirate.<br \/><a class=\"app-manual__icon download\" href=\"https:\/\/tin.eu\/wp-content\/uploads\/2025\/06\/APP-MANUAL-CRO-2025.pdf\" target=\"_blank\" rel=\"noopener\"><img decoding=\"async\" src=\"https:\/\/tin.eu\/wp-content\/themes\/legaltruck\/assets\/img\/PDF_file_icon.svg\" \/><\/a><\/p><\/div><div class=\"app-manual__text\"><h3><a class=\"download\" href=\"https:\/\/tin.eu\/wp-content\/uploads\/2025\/06\/APP-MANUAL-SLO-2025.pdf\" target=\"_blank\" rel=\"noopener\">LEGAL CONTROL APP navodila<\/a><\/h3><h4>Slovenian<\/h4><p>Ta priro\u010dnik je tukaj, da vam pomaga z enostavnimi navodili in koristnimi nasveti za aplikacijo Legal Control. \u010ce imate kakr\u0161na koli vpra\u0161anja o funkcijah Ali ne morete re\u0161iti dolo\u010denih situacij, se obrnite na nas.<br \/><a class=\"app-manual__icon download\" href=\"https:\/\/tin.eu\/wp-content\/uploads\/2025\/06\/APP-MANUAL-SLO-2025.pdf\" target=\"_blank\" rel=\"noopener\"><img decoding=\"async\" src=\"https:\/\/tin.eu\/wp-content\/themes\/legaltruck\/assets\/img\/PDF_file_icon.svg\" \/><\/a><\/p><\/div><div class=\"app-manual__text\"><h3><a class=\"download\" href=\"https:\/\/tin.eu\/wp-content\/uploads\/2025\/06\/APP-MANUAL-IT-2025.pdf\" target=\"_blank\" rel=\"noopener\">LEGAL CONTROL Manuale dell\u2019APP<\/a><\/h3><h4>Italian<\/h4><p>Questo manuale \u00e8 qui per aiutarvi con istruzioni facili e suggerimenti utili per l\u2019App Legal Control. Se avete domande sulle funzionalit\u00e0 o non riuscite a risolvere certe situazioni, vi preghiamo di contattarci.<br \/><a class=\"app-manual__icon download\" href=\"https:\/\/tin.eu\/wp-content\/uploads\/2025\/06\/APP-MANUAL-IT-2025.pdf\" target=\"_blank\" rel=\"noopener\"><img decoding=\"async\" src=\"https:\/\/tin.eu\/wp-content\/themes\/legaltruck\/assets\/img\/PDF_file_icon.svg\" \/><\/a><\/p><\/div><div class=\"app-manual__text\"><h3><a class=\"download\" href=\"https:\/\/tin.eu\/wp-content\/uploads\/2025\/06\/APP-MANUAL-ESP-2025.pdf\" target=\"_blank\" rel=\"noopener\">LEGAL CONTROL Manual APP<\/a><\/h3><h4>Spanish<\/h4><p>Este manual pretende ayudarle con instrucciones sencillas y consejos \u00fatiles para nuestra App de Control Legal. Si tiene alguna duda sobre las funcionalidades o no consigue resolver determinadas situaciones, p\u00f3ngase en contacto con nosotros.<br \/><a class=\"app-manual__icon download\" href=\"https:\/\/tin.eu\/wp-content\/uploads\/2025\/06\/APP-MANUAL-ESP-2025.pdf\" target=\"_blank\" rel=\"noopener\"><img decoding=\"async\" src=\"https:\/\/tin.eu\/wp-content\/themes\/legaltruck\/assets\/img\/PDF_file_icon.svg\" \/><\/a><\/p><\/div>\t\t\t\t\t\t<\/div>\n\t\t\t\t<\/div>\n\t\t\t\t\t<\/div>\n\t\t\t\t<\/div>\n\t\t\t\t\t<\/div>\n\t\t\t\t<\/div>\n\t\t\t\t\t<\/div>\n\t\t\t\t<\/div>\n\t\t\t\t<\/div>\n\t\t","protected":false},"excerpt":{"rendered":"<p>Deze handleiding biedt u eenvoudige instructies en nuttige tips voor het gebruik van de Legal Control App. Indien u vragen heeft over functies of bepaalde situaties niet kunt oplossen, neem dan alstublieft contact met ons op.<\/p>\n","protected":false},"author":1,"featured_media":694,"parent":0,"menu_order":7,"comment_status":"closed","ping_status":"closed","template":"","meta":{"_acf_changed":false,"footnotes":""},"class_list":["post-701","page","type-page","status-publish","has-post-thumbnail","hentry"],"acf":[],"_links":{"self":[{"href":"https:\/\/tin.eu\/sl\/wp-json\/wp\/v2\/pages\/701","targetHints":{"allow":["GET"]}}],"collection":[{"href":"https:\/\/tin.eu\/sl\/wp-json\/wp\/v2\/pages"}],"about":[{"href":"https:\/\/tin.eu\/sl\/wp-json\/wp\/v2\/types\/page"}],"author":[{"embeddable":true,"href":"https:\/\/tin.eu\/sl\/wp-json\/wp\/v2\/users\/1"}],"replies":[{"embeddable":true,"href":"https:\/\/tin.eu\/sl\/wp-json\/wp\/v2\/comments?post=701"}],"version-history":[{"count":0,"href":"https:\/\/tin.eu\/sl\/wp-json\/wp\/v2\/pages\/701\/revisions"}],"wp:featuredmedia":[{"embeddable":true,"href":"https:\/\/tin.eu\/sl\/wp-json\/wp\/v2\/media\/694"}],"wp:attachment":[{"href":"https:\/\/tin.eu\/sl\/wp-json\/wp\/v2\/media?parent=701"}],"curies":[{"name":"wp","href":"https:\/\/api.w.org\/{rel}","templated":true}]}}