{"id":3,"date":"2024-04-09T07:48:35","date_gmt":"2024-04-09T07:48:35","guid":{"rendered":"https:\/\/tin.eu\/?page_id=3"},"modified":"2024-12-17T12:00:44","modified_gmt":"2024-12-17T11:00:44","slug":"privacy-policy","status":"publish","type":"page","link":"https:\/\/tin.eu\/sl\/privacy-policy\/","title":{"rendered":"Privacybeleid"},"content":{"rendered":"\t\t<div data-elementor-type=\"wp-page\" data-elementor-id=\"3\" class=\"elementor elementor-3\" data-elementor-post-type=\"page\">\n\t\t\t\t<div class=\"elementor-element elementor-element-315e574 header e-flex e-con-boxed e-con e-parent\" data-id=\"315e574\" data-element_type=\"container\">\n\t\t\t\t\t<div class=\"e-con-inner\">\n\t\t<div class=\"elementor-element elementor-element-43d575c container e-flex e-con-boxed e-con e-child\" data-id=\"43d575c\" data-element_type=\"container\">\n\t\t\t\t\t<div class=\"e-con-inner\">\n\t\t\t\t<div class=\"elementor-element elementor-element-3d97493 elementor-widget elementor-widget-heading\" data-id=\"3d97493\" data-element_type=\"widget\" data-widget_type=\"heading.default\">\n\t\t\t\t<div class=\"elementor-widget-container\">\n\t\t\t<style>\/*! elementor - v3.21.0 - 26-05-2024 *\/\n.elementor-heading-title{padding:0;margin:0;line-height:1}.elementor-widget-heading .elementor-heading-title[class*=elementor-size-]>a{color:inherit;font-size:inherit;line-height:inherit}.elementor-widget-heading .elementor-heading-title.elementor-size-small{font-size:15px}.elementor-widget-heading .elementor-heading-title.elementor-size-medium{font-size:19px}.elementor-widget-heading .elementor-heading-title.elementor-size-large{font-size:29px}.elementor-widget-heading .elementor-heading-title.elementor-size-xl{font-size:39px}.elementor-widget-heading .elementor-heading-title.elementor-size-xxl{font-size:59px}<\/style><h1 class=\"elementor-heading-title elementor-size-default\">Politika zasebnosti<\/h1>\t\t<\/div>\n\t\t\t\t<\/div>\n\t\t\t\t\t<\/div>\n\t\t\t\t<\/div>\n\t\t\t\t\t<\/div>\n\t\t\t\t<\/div>\n\t\t<div class=\"elementor-element elementor-element-dee07f4 e-flex e-con-boxed e-con e-parent\" data-id=\"dee07f4\" data-element_type=\"container\">\n\t\t\t\t\t<div class=\"e-con-inner\">\n\t\t<div class=\"elementor-element elementor-element-0aedb5d container e-flex e-con-boxed e-con e-child\" data-id=\"0aedb5d\" data-element_type=\"container\">\n\t\t\t\t\t<div class=\"e-con-inner\">\n\t\t\t\t<div class=\"elementor-element elementor-element-d321cfe elementor-widget elementor-widget-shortcode\" data-id=\"d321cfe\" data-element_type=\"widget\" data-widget_type=\"shortcode.default\">\n\t\t\t\t<div class=\"elementor-widget-container\">\n\t\t\t\t\t<div class=\"elementor-shortcode\">\n  <script type=\"text\/javascript\" id=\"google-translate-script\">\n  function googleTranslateElementInit() {\n      \/\/ pages for lawyers are translated into only 4 languages\n      let translated = ['nl','en','de','pt','hu','sl'];\n      let lang_code;\n\n\t\t\tif ( translated.includes(document.querySelector(\".site-language-slug\").innerHTML) ) {\n        lang_code = document.querySelector(\".site-language-slug\").innerHTML;\n      }\n      else {\n        lang_code = 'nl';\n      }\n\n      new google.translate.TranslateElement(\n          {pageLanguage: lang_code},\n          'google_translate_element'\n      );\n  }\n  <\/script>\n  <script type=\"text\/javascript\" id=\"google-translate-code\" src=\"https:\/\/translate.google.com\/translate_a\/element.js?cb=googleTranslateElementInit#googtrans(fr)\"><\/script>\n  <div id=\"google_translate_element\"><\/div>\n  <\/div>\n\t\t\t\t<\/div>\n\t\t\t\t<\/div>\n\t\t\t\t<div class=\"elementor-element elementor-element-ad675e3 elementor-widget elementor-widget-text-editor\" data-id=\"ad675e3\" data-element_type=\"widget\" data-widget_type=\"text-editor.default\">\n\t\t\t\t<div class=\"elementor-widget-container\">\n\t\t\t<style>\/*! elementor - v3.21.0 - 26-05-2024 *\/\n.elementor-widget-text-editor.elementor-drop-cap-view-stacked .elementor-drop-cap{background-color:#69727d;color:#fff}.elementor-widget-text-editor.elementor-drop-cap-view-framed .elementor-drop-cap{color:#69727d;border:3px solid;background-color:transparent}.elementor-widget-text-editor:not(.elementor-drop-cap-view-default) .elementor-drop-cap{margin-top:8px}.elementor-widget-text-editor:not(.elementor-drop-cap-view-default) .elementor-drop-cap-letter{width:1em;height:1em}.elementor-widget-text-editor .elementor-drop-cap{float:left;text-align:center;line-height:1;font-size:50px}.elementor-widget-text-editor .elementor-drop-cap-letter{display:inline-block}<\/style>\t\t\t\t<h4>TRANSPORT IN NOOD B.V.<\/h4><p>Transport in Nood lahko obdeluje osebne podatke o vas, ker uporabljate storitve Transport in Nood BV in\/ali ker ste jih sami posredovali, ko ste izpolnili kontaktni obrazec na spletni strani Transport in Nood BV. Transport in Nood BV lahko obdeluje naslednje osebne podatke: \u2013 Va\u0161e ime in priimek \u2013 Naziv va\u0161ega podjetja \u2013 Podatke o va\u0161em naslovu \u2013 Va\u0161o telefonsko \u0161tevilko(e) \u2013 Va\u0161 e-po\u0161tni naslov \u2013 Va\u0161 IP naslov in vse podatke, ki jih potrebujemo za opravljene storitve. za vas in njihovo finan\u010dno poravnavo.<\/p><h4>ZAKAJ TRANSPORT IN NOOD BV POTREBUJE PODATKE<\/h4><p><span class=\"jCAhz ChMk0b\"><span class=\"ryNqvb\">Transport in Nood BV obdeluje va\u0161e osebne podatke, da vas lahko kontaktira po telefonu, \u010de nas zaprosite, in\/ali da se pisno obrnete na vas (po e-po\u0161ti in\/ali po po\u0161ti), \u010de vas ne moremo dobiti po telefonu.<\/span><\/span> <span class=\"jCAhz ChMk0b\"><span class=\"ryNqvb\">Poleg tega lahko Transport in Nood BV uporabi va\u0161e osebne podatke v okviru izvajanja pogodbe, sklenjene z vami, ali zaradi zakonske obveznosti. <\/span><\/span><\/p><p><span class=\"jCAhz ChMk0b\"><span class=\"ryNqvb\">Transport in Nood BV zbira podatke o lokaciji v realnem \u010dasu iz va\u0161e mobilne naprave, vklju\u010dno s koordinatami GPS, za spremljanje va\u0161e navigacije in poti med uporabo aplikacije ter zagotavlja natan\u010dne navigacijske storitve in optimizacijo poti.<\/span><\/span><\/p><h4>KAKO DOLGO TRANSPORT IN NOOD BV HRANI PODATKE<\/h4><p>Transport in Nood BV ne hrani va\u0161ih osebnih podatkov dlje, kot je nujno potrebno za doseganje namenov, za katere se va\u0161i podatki zbirajo ali jih zahteva zakonska obveznost. Va\u0161i podatki se ne hranijo dlje kot eno leto, \u010de z vami ni sklenjena pogodba.<\/p><h4>DELITE Z DRUGIMI<\/h4><p>Transport in Nood BV deli va\u0161e osebne podatke s tretjimi osebami le, \u010de je to potrebno za izvedbo pogodbe z vami ali za izpolnitev zakonske zahteve.<\/p><h4>KAZALO OBISKOV SPLETNIH STRANI<\/h4><p>Splo\u0161ni podatki o obisku se spremljajo na spletnem mestu Transport in Nood BV, vklju\u010dno z naslovom IP va\u0161ega ra\u010dunalnika ter \u010dasom pridobivanja in podatki, ki jih po\u0161ilja va\u0161 brskalnik. Te informacije se uporabljajo za analizo vedenja obiskovalcev in klikov na spletnem mestu. Transport in Nood BV uporablja te podatke za izbolj\u0161anje delovanja spletnega mesta. Ti podatki so \u010dim bolj anonimizirani in se ne delijo s tretjimi osebami.<\/p><h4>GOOGLE ANALITIKA<\/h4><p>Transport in Nood BV uporablja Google Analytics za spremljanje, kako uporabniki uporabljajo spletno stran in kako u\u010dinkoviti so oglasi Transport in Nood BV Adwords na straneh z rezultati iskanja Google. Podjetje Transport in Nood BV Googlu ni dalo soglasja za uporabo podatkov Analytics, pridobljenih prek podjetja Transport in Nood BV, za druge Googlove storitve.<\/p><h4>DOSTOP DO PODATKOV, POSODOBITEV ALI ODSTRANITEV<\/h4><p>Imate pravico dostopati do svojih osebnih podatkov, jih popraviti ali odstraniti. Zahtevo za dostop, popravek ali odstranitev lahko po\u0161ljete na info@transportinnood.nl. Transport in Nood BV se bo na va\u0161o zahtevo odzval v najkraj\u0161em mo\u017enem \u010dasu, vsekakor pa v \u0161tirih tednih.<\/p><h4>VARNOST<\/h4><p>Podjetje Transport in Nood BV jemlje va\u0161e podatke resno in je sprejelo ustrezne tehni\u010dne in organizacijske ukrepe (Splo\u0161na uredba o varstvu podatkov GDPR), da prepre\u010di zlorabo, izgubo, nepoobla\u0161\u010den dostop, objavo in spremembo. Spletno mesto Transport in Nood BV uporablja zanesljivo potrdilo SSL, ki zagotavlja, da va\u0161i osebni podatki ne morejo priti v napa\u010dne roke. \u010ce menite, da va\u0161i podatki niso ustrezno zavarovani ali obstajajo znaki zlorabe, ali \u010de \u017eelite ve\u010d informacij o varstvu osebnih podatkov, ki jih zbira Transport in Nood BV, se obrnite na Transport in Nood BV.<\/p><h4>VE\u010c INFORMACIJ<\/h4><p>\u010ce menite, da va\u0161i podatki niso ustrezno zavarovani ali obstajajo znaki zlorabe, ali \u010de \u017eelite ve\u010d informacij o varnosti osebnih podatkov, zbranih Transport in Nood B.V., se obrnite na Transport in Nood B.V. na info@transportinnood.nl .<br \/>www.transportinnood.nl je spletno mesto podjetja Transport in Nood B.V.<\/p><h4>Prevoz v Nood BV je dosegljiv na naslednji na\u010din:<\/h4><p><strong>Poslovni naslov:<\/strong><br \/>Flevolaan 27G, 1382 JX, Weesp.<\/p><p><strong>\u0160tevilka gospodarske zbornice:<\/strong> 34318509<\/p><p><strong>Telefon:<\/strong> +31 85 071 9600<\/p>\t\t\t\t\t\t<\/div>\n\t\t\t\t<\/div>\n\t\t\t\t<div class=\"elementor-element elementor-element-8aa327a elementor-widget elementor-widget-spacer\" data-id=\"8aa327a\" data-element_type=\"widget\" data-widget_type=\"spacer.default\">\n\t\t\t\t<div class=\"elementor-widget-container\">\n\t\t\t<style>\/*! elementor - v3.21.0 - 26-05-2024 *\/\n.elementor-column .elementor-spacer-inner{height:var(--spacer-size)}.e-con{--container-widget-width:100%}.e-con-inner>.elementor-widget-spacer,.e-con>.elementor-widget-spacer{width:var(--container-widget-width,var(--spacer-size));--align-self:var(--container-widget-align-self,initial);--flex-shrink:0}.e-con-inner>.elementor-widget-spacer>.elementor-widget-container,.e-con>.elementor-widget-spacer>.elementor-widget-container{height:100%;width:100%}.e-con-inner>.elementor-widget-spacer>.elementor-widget-container>.elementor-spacer,.e-con>.elementor-widget-spacer>.elementor-widget-container>.elementor-spacer{height:100%}.e-con-inner>.elementor-widget-spacer>.elementor-widget-container>.elementor-spacer>.elementor-spacer-inner,.e-con>.elementor-widget-spacer>.elementor-widget-container>.elementor-spacer>.elementor-spacer-inner{height:var(--container-widget-height,var(--spacer-size))}.e-con-inner>.elementor-widget-spacer.elementor-widget-empty,.e-con>.elementor-widget-spacer.elementor-widget-empty{position:relative;min-height:22px;min-width:22px}.e-con-inner>.elementor-widget-spacer.elementor-widget-empty .elementor-widget-empty-icon,.e-con>.elementor-widget-spacer.elementor-widget-empty .elementor-widget-empty-icon{position:absolute;top:0;bottom:0;left:0;right:0;margin:auto;padding:0;width:22px;height:22px}<\/style>\t\t<div class=\"elementor-spacer\">\n\t\t\t<div class=\"elementor-spacer-inner\"><\/div>\n\t\t<\/div>\n\t\t\t\t<\/div>\n\t\t\t\t<\/div>\n\t\t\t\t\t<\/div>\n\t\t\t\t<\/div>\n\t\t\t\t\t<\/div>\n\t\t\t\t<\/div>\n\t\t\t\t<\/div>\n\t\t","protected":false},"excerpt":{"rendered":"<p>Transport in Nood kan persoonsgegevens over u verwerken, doordat u gebruik maakt van de diensten van Transport in Nood BV, en\/of omdat u deze zelf bij het invullen van een contactformulier op de website aan Transport in Nood BV verstrekt. Transport in Nood BV kan de volgende persoonsgegevens verwerken: \u2013 Uw voor- en achternaam \u2013 Uw bedrijfsnaam \u2013 Uw adresgegevens \u2013 Uw telefoonnummer(s) \u2013 Uw e-mailadres \u2013 Uw IP-adres en alle gegevens welke wij nodig zijn voor de aan u geleverde diensten en de financi\u00eble afwikkeling daarvan.<\/p>\n","protected":false},"author":1,"featured_media":448,"parent":0,"menu_order":16,"comment_status":"closed","ping_status":"open","template":"","meta":{"_acf_changed":false,"footnotes":""},"class_list":["post-3","page","type-page","status-publish","has-post-thumbnail","hentry"],"acf":[],"_links":{"self":[{"href":"https:\/\/tin.eu\/sl\/wp-json\/wp\/v2\/pages\/3","targetHints":{"allow":["GET"]}}],"collection":[{"href":"https:\/\/tin.eu\/sl\/wp-json\/wp\/v2\/pages"}],"about":[{"href":"https:\/\/tin.eu\/sl\/wp-json\/wp\/v2\/types\/page"}],"author":[{"embeddable":true,"href":"https:\/\/tin.eu\/sl\/wp-json\/wp\/v2\/users\/1"}],"replies":[{"embeddable":true,"href":"https:\/\/tin.eu\/sl\/wp-json\/wp\/v2\/comments?post=3"}],"version-history":[{"count":1,"href":"https:\/\/tin.eu\/sl\/wp-json\/wp\/v2\/pages\/3\/revisions"}],"predecessor-version":[{"id":928,"href":"https:\/\/tin.eu\/sl\/wp-json\/wp\/v2\/pages\/3\/revisions\/928"}],"wp:featuredmedia":[{"embeddable":true,"href":"https:\/\/tin.eu\/sl\/wp-json\/wp\/v2\/media\/448"}],"wp:attachment":[{"href":"https:\/\/tin.eu\/sl\/wp-json\/wp\/v2\/media?parent=3"}],"curies":[{"name":"wp","href":"https:\/\/api.w.org\/{rel}","templated":true}]}}