{"id":28,"date":"2024-04-09T09:55:33","date_gmt":"2024-04-09T09:55:33","guid":{"rendered":"https:\/\/tin.eu\/?page_id=28"},"modified":"2025-10-23T12:42:49","modified_gmt":"2025-10-23T10:42:49","slug":"about-us","status":"publish","type":"page","link":"https:\/\/tin.eu\/sl\/about-us\/","title":{"rendered":"Over ons"},"content":{"rendered":"\t\t<div data-elementor-type=\"wp-page\" data-elementor-id=\"28\" class=\"elementor elementor-28\" data-elementor-post-type=\"page\">\n\t\t\t\t<div class=\"elementor-element elementor-element-a5177af header e-flex e-con-boxed e-con e-parent\" data-id=\"a5177af\" data-element_type=\"container\">\n\t\t\t\t\t<div class=\"e-con-inner\">\n\t\t<div class=\"elementor-element elementor-element-ed50013 container e-flex e-con-boxed e-con e-child\" data-id=\"ed50013\" data-element_type=\"container\">\n\t\t\t\t\t<div class=\"e-con-inner\">\n\t\t\t\t<div class=\"elementor-element elementor-element-52abc99 elementor-widget elementor-widget-heading\" data-id=\"52abc99\" data-element_type=\"widget\" data-widget_type=\"heading.default\">\n\t\t\t\t<div class=\"elementor-widget-container\">\n\t\t\t<style>\/*! elementor - v3.21.0 - 26-05-2024 *\/\n.elementor-heading-title{padding:0;margin:0;line-height:1}.elementor-widget-heading .elementor-heading-title[class*=elementor-size-]>a{color:inherit;font-size:inherit;line-height:inherit}.elementor-widget-heading .elementor-heading-title.elementor-size-small{font-size:15px}.elementor-widget-heading .elementor-heading-title.elementor-size-medium{font-size:19px}.elementor-widget-heading .elementor-heading-title.elementor-size-large{font-size:29px}.elementor-widget-heading .elementor-heading-title.elementor-size-xl{font-size:39px}.elementor-widget-heading .elementor-heading-title.elementor-size-xxl{font-size:59px}<\/style><h1 class=\"elementor-heading-title elementor-size-default\">Kdo smo<\/h1>\t\t<\/div>\n\t\t\t\t<\/div>\n\t\t\t\t\t<\/div>\n\t\t\t\t<\/div>\n\t\t\t\t\t<\/div>\n\t\t\t\t<\/div>\n\t\t<div class=\"elementor-element elementor-element-1687dfd container e-flex e-con-boxed e-con e-parent\" data-id=\"1687dfd\" data-element_type=\"container\">\n\t\t\t\t\t<div class=\"e-con-inner\">\n\t\t<div class=\"elementor-element elementor-element-445a82c service__row e-flex e-con-boxed e-con e-child\" data-id=\"445a82c\" data-element_type=\"container\">\n\t\t\t\t\t<div class=\"e-con-inner\">\n\t\t\t\t<div class=\"elementor-element elementor-element-fbabae1 col__service col__service_img col__service_img-about-us elementor-widget elementor-widget-text-editor\" data-id=\"fbabae1\" data-element_type=\"widget\" data-widget_type=\"text-editor.default\">\n\t\t\t\t<div class=\"elementor-widget-container\">\n\t\t\t<style>\/*! elementor - v3.21.0 - 26-05-2024 *\/\n.elementor-widget-text-editor.elementor-drop-cap-view-stacked .elementor-drop-cap{background-color:#69727d;color:#fff}.elementor-widget-text-editor.elementor-drop-cap-view-framed .elementor-drop-cap{color:#69727d;border:3px solid;background-color:transparent}.elementor-widget-text-editor:not(.elementor-drop-cap-view-default) .elementor-drop-cap{margin-top:8px}.elementor-widget-text-editor:not(.elementor-drop-cap-view-default) .elementor-drop-cap-letter{width:1em;height:1em}.elementor-widget-text-editor .elementor-drop-cap{float:left;text-align:center;line-height:1;font-size:50px}.elementor-widget-text-editor .elementor-drop-cap-letter{display:inline-block}<\/style>\t\t\t\t<p><img decoding=\"async\" class=\"alignnone size-full wp-image-332\" src=\"https:\/\/tin.eu\/wp-content\/uploads\/2024\/04\/truck-right-1.svg\" alt=\"TIN\" \/><\/p>\t\t\t\t\t\t<\/div>\n\t\t\t\t<\/div>\n\t\t\t\t<div class=\"elementor-element elementor-element-d794fe4 elementor-widget elementor-widget-text-editor\" data-id=\"d794fe4\" data-element_type=\"widget\" data-widget_type=\"text-editor.default\">\n\t\t\t\t<div class=\"elementor-widget-container\">\n\t\t\t\t\t\t\t<h2>Kdo smo<\/h2><p>TIN je va\u0161 zanesljiv partner na poti. Antonio Oliveira, ki ga je leta 2008 ustanovil kot Transport in Nood, smo iz enoumne misije, da se vozila vrnejo na ceste \u010dim hitreje, prerasli v celovitega ponudnika storitev za transportno industrijo. Na\u0161a predana ekipa pribli\u017eno 20 strokovnjakov je predana zagotavljanju, da se lahko prevozniki osredoto\u010dijo na svoje glavne naloge, izzive pa prepu\u0161\u010dajo nam.<\/p><h2>Na\u0161a evolucija<\/h2><p>TIN se je od svojega za\u010detka mo\u010dno razvil. Sprva smo bili osredoto\u010deni na pomo\u010d prevoznikom pri hitrem nadaljevanju potovanja, ko so iz kakr\u0161nega koli razloga ustavljeni, na\u0161 spekter storitev pa se je mo\u010dno raz\u0161iril. Danes se pona\u0161amo z obse\u017eno evropsko mre\u017eo, ki podpira ve\u010d kot 3.200 strank po vsej celini z razli\u010dnimi prilagojenimi re\u0161itvami, od 24-urne pomo\u010di pri pla\u010dilu kazni na cesti do pravne podpore pri izpodbijanju kazni, celovit sistem cestninjenja, pla\u010dilne kartice in ve\u010d.<\/p><h2>Digitalno in na prihodnost<\/h2><p>Digitalni prehod vztrajno dosega sektor mednarodnega cestnega prometa. Kot odgovor na ta razvoj in v pri\u010dakovanju nadaljnje digitalizacije je TIN izkoristil svoje bogate izku\u0161nje za oblikovanje lastni\u0161ke programske opreme in sistemov. Na\u0161 inovativni sistem CRM, na primer, ki je povezan z aplikacijo na telefonih voznikov, omogo\u010da izmenjavo kontrolnih informacij in dokumentov v realnem \u010dasu med vozniki, skrbni\u0161kim osebjem in ustreznimi organi. To mo\u010dno poenostavi logistiko skladnosti z nacionalnimi in EU predpisi. Poleg tega je na\u0161a platforma modularna in jo je zato mogo\u010de zlahka raz\u0161iriti z novo funkcionalnostjo, ko bo na voljo.<\/p><p>Torej vidite, s TIN ste pripravljeni na prihodnost.<\/p><h2>Zaveza<\/h2><p>Pri TIN sta neprekinjeno delovanje in zadovoljstvo na\u0161ih strank na\u0161a glavna prioriteta. Ne glede na to, ali gre za na\u0161o 24-urno pomo\u010d, na\u0161e napredne tehnolo\u0161ke re\u0161itve ali na\u0161 celovit nabor storitev, smo predani temu, da vam zagotovimo podporo, ki jo potrebujete, ko jo potrebujete.<\/p><h2>Sre\u010dajmo se<\/h2><p>Smo ve\u010d kot le ponudnik storitev; smo va\u0161 partner na vsakem potovanju. Pi\u0161ite nam \u0161e danes, \u010de \u017eelite izvedeti ve\u010d o na\u0161ih storitvah in o tem, kako lahko obravnavamo va\u0161e posebne potrebe na poti k va\u0161emu uspehu.<\/p><p>Izkusite brezskrbnost, ki jo prina\u0161a TIN na krovu. Z veseljem vas bomo pozdravili kot na\u0161o novo stranko.<\/p>\t\t\t\t\t\t<\/div>\n\t\t\t\t<\/div>\n\t\t\t\t\t<\/div>\n\t\t\t\t<\/div>\n\t\t\t\t\t<\/div>\n\t\t\t\t<\/div>\n\t\t<div class=\"elementor-element elementor-element-457e77b about-us e-flex e-con-boxed e-con e-parent\" data-id=\"457e77b\" data-element_type=\"container\">\n\t\t\t\t\t<div class=\"e-con-inner\">\n\t\t<div class=\"elementor-element elementor-element-7a1ce95 about-us__container e-flex e-con-boxed e-con e-child\" data-id=\"7a1ce95\" data-element_type=\"container\">\n\t\t\t\t\t<div class=\"e-con-inner\">\n\t\t\t\t<div class=\"elementor-element elementor-element-17bd522 elementor-widget elementor-widget-text-editor\" data-id=\"17bd522\" data-element_type=\"widget\" data-widget_type=\"text-editor.default\">\n\t\t\t\t<div class=\"elementor-widget-container\">\n\t\t\t\t\t\t\t<h3><strong>2008<\/strong><br \/>ustanovitev<\/h3>\t\t\t\t\t\t<\/div>\n\t\t\t\t<\/div>\n\t\t\t\t<div class=\"elementor-element elementor-element-9c01361 elementor-widget elementor-widget-text-editor\" data-id=\"9c01361\" data-element_type=\"widget\" data-widget_type=\"text-editor.default\">\n\t\t\t\t<div class=\"elementor-widget-container\">\n\t\t\t\t\t\t\t<h3><strong>2009<\/strong><br \/>30 klientov<br \/>2 zaposlenih<br \/>500 \u0161oferjev<\/h3>\t\t\t\t\t\t<\/div>\n\t\t\t\t<\/div>\n\t\t\t\t<div class=\"elementor-element elementor-element-1fdcbcc elementor-widget elementor-widget-text-editor\" data-id=\"1fdcbcc\" data-element_type=\"widget\" data-widget_type=\"text-editor.default\">\n\t\t\t\t<div class=\"elementor-widget-container\">\n\t\t\t\t\t\t\t<h3><strong>2012 <\/strong><br \/>450 klientov<br \/>10 zaposlenih<br \/>5.000 \u0161oferjev<\/h3>\t\t\t\t\t\t<\/div>\n\t\t\t\t<\/div>\n\t\t\t\t<div class=\"elementor-element elementor-element-b6ffdb1 elementor-widget elementor-widget-text-editor\" data-id=\"b6ffdb1\" data-element_type=\"widget\" data-widget_type=\"text-editor.default\">\n\t\t\t\t<div class=\"elementor-widget-container\">\n\t\t\t\t\t\t\t<h3><strong>2015 <\/strong><br \/>1.000 klientov<br \/>16 zaposlenih<br \/>6.000 \u0161oferjev<\/h3>\t\t\t\t\t\t<\/div>\n\t\t\t\t<\/div>\n\t\t\t\t<div class=\"elementor-element elementor-element-3fde6fb elementor-widget elementor-widget-text-editor\" data-id=\"3fde6fb\" data-element_type=\"widget\" data-widget_type=\"text-editor.default\">\n\t\t\t\t<div class=\"elementor-widget-container\">\n\t\t\t\t\t\t\t<h3><strong>2016 <\/strong><br \/>1.920 klientov<br \/>20 zaposlenih<br \/>8.000 \u0161oferjev<\/h3>\t\t\t\t\t\t<\/div>\n\t\t\t\t<\/div>\n\t\t\t\t<div class=\"elementor-element elementor-element-f79eea9 elementor-widget elementor-widget-text-editor\" data-id=\"f79eea9\" data-element_type=\"widget\" data-widget_type=\"text-editor.default\">\n\t\t\t\t<div class=\"elementor-widget-container\">\n\t\t\t\t\t\t\t<h3><strong>2018 <\/strong><br \/>2.190 klientov<br \/>22 zaposlenih<br \/>10.000 \u0161oferjev<\/h3>\t\t\t\t\t\t<\/div>\n\t\t\t\t<\/div>\n\t\t\t\t<div class=\"elementor-element elementor-element-7674e09 elementor-widget elementor-widget-text-editor\" data-id=\"7674e09\" data-element_type=\"widget\" data-widget_type=\"text-editor.default\">\n\t\t\t\t<div class=\"elementor-widget-container\">\n\t\t\t\t\t\t\t<h3><strong>2021 <\/strong><br \/>2.730 klientov<br \/>26 zaposlenih<br \/>25.000 \u0161oferjev<\/h3>\t\t\t\t\t\t<\/div>\n\t\t\t\t<\/div>\n\t\t\t\t<div class=\"elementor-element elementor-element-ac78596 elementor-widget elementor-widget-text-editor\" data-id=\"ac78596\" data-element_type=\"widget\" data-widget_type=\"text-editor.default\">\n\t\t\t\t<div class=\"elementor-widget-container\">\n\t\t\t\t\t\t\t<h3><strong>2024 <\/strong><br \/>3.203 klientov<br \/>32 zaposlenih<br \/>30.000 \u0161oferjev<\/h3>\t\t\t\t\t\t<\/div>\n\t\t\t\t<\/div>\n\t\t\t\t\t<\/div>\n\t\t\t\t<\/div>\n\t\t\t\t\t<\/div>\n\t\t\t\t<\/div>\n\t\t<div class=\"elementor-element elementor-element-dc034be home-articles e-flex e-con-boxed e-con e-parent\" data-id=\"dc034be\" data-element_type=\"container\">\n\t\t\t\t\t<div class=\"e-con-inner\">\n\t\t<div class=\"elementor-element elementor-element-3a37f66 container e-flex e-con-boxed e-con e-child\" data-id=\"3a37f66\" data-element_type=\"container\">\n\t\t\t\t\t<div class=\"e-con-inner\">\n\t\t\t\t<div class=\"elementor-element elementor-element-aa53c63 elementor-widget elementor-widget-shortcode\" data-id=\"aa53c63\" data-element_type=\"widget\" data-widget_type=\"shortcode.default\">\n\t\t\t\t<div class=\"elementor-widget-container\">\n\t\t\t\t\t<div class=\"elementor-shortcode\"><h2>STORITVE<\/h2><div class=\"hp-articles\"><div class=\"hp-article\"><a class=\"hp-article__img hp-article__lazy\" href=\"https:\/\/tin.eu\/sl\/services\/legal-service\/\" data-src=\"https:\/\/tin.eu\/wp-content\/uploads\/2024\/04\/image_2024_04_10T14_54_11_722Z-1024x683.webp\"><span class=\"loader-spin\">&nbsp;<\/span><\/a><h3 class=\"hp-article__name\">Pravna pomo\u010d<\/h3><div class=\"hp-article__content\">Po vsej Evropi TIN vzdr\u017euje tesne odnose s ponudniki pravnih storitev, specializiranimi za transportni sektor \u2013 tako lok...<\/div><div class=\"hp-article__link\"><a href=\"https:\/\/tin.eu\/sl\/services\/legal-service\/\">Ve\u010d o tem<\/a><\/div><\/div><div class=\"hp-article\"><a class=\"hp-article__img hp-article__lazy\" href=\"https:\/\/tin.eu\/sl\/services\/ddd-analysis\/\" data-src=\"https:\/\/tin.eu\/wp-content\/uploads\/2024\/04\/iStock-1237313230-1024x683.webp\"><span class=\"loader-spin\">&nbsp;<\/span><\/a><h3 class=\"hp-article__name\">DDD analiza<\/h3><div class=\"hp-article__content\">Celovit paket storitev za sektor evropskega cestnega prometa ne bi bil popoln brez analize tahografa. Zato je TIN tudi t...<\/div><div class=\"hp-article__link\"><a href=\"https:\/\/tin.eu\/sl\/services\/ddd-analysis\/\">Ve\u010d o tem<\/a><\/div><\/div><div class=\"hp-article\"><a class=\"hp-article__img hp-article__lazy\" href=\"https:\/\/tin.eu\/sl\/services\/uk-checklist\/\" data-src=\"https:\/\/tin.eu\/wp-content\/uploads\/2024\/04\/iStock-1567856598x1-copy-1024x683.jpg\"><span class=\"loader-spin\">&nbsp;<\/span><\/a><h3 class=\"hp-article__name\">UK checklist<\/h3><div class=\"hp-article__content\">Ko je va\u0161 prevoz namenjen v Zdru\u017eeno kraljestvo, mora va\u0161 voznik britanskim organom predlo\u017eiti dokument, ki navaja, kje...<\/div><div class=\"hp-article__link\"><a href=\"https:\/\/tin.eu\/sl\/services\/uk-checklist\/\">Ve\u010d o tem<\/a><\/div><\/div><div class=\"hp-article\"><a class=\"hp-article__img hp-article__lazy\" href=\"https:\/\/tin.eu\/sl\/services\/special-permits\/\" data-src=\"https:\/\/tin.eu\/wp-content\/uploads\/2024\/04\/wiki-westersch_CommonsGNU_Free_Documentation_License-1024x768.jpg\"><span class=\"loader-spin\">&nbsp;<\/span><\/a><h3 class=\"hp-article__name\">Posebna dovoljenja<\/h3><div class=\"hp-article__content\">Z dolgoletnimi izku\u0161njami po vsej Evropi je TIN va\u0161 partner pri pridobivanju posebnih dovoljenj za izredne prevoze. Prep...<\/div><div class=\"hp-article__link\"><a href=\"https:\/\/tin.eu\/sl\/services\/special-permits\/\">Ve\u010d o tem<\/a><\/div><\/div><div class=\"hp-article\"><a class=\"hp-article__img hp-article__lazy\" href=\"https:\/\/tin.eu\/sl\/services\/imi-all-in-service\/\" data-src=\"https:\/\/tin.eu\/wp-content\/uploads\/2024\/04\/iStock-1177176016-1024x742.jpg\"><span class=\"loader-spin\">&nbsp;<\/span><\/a><h3 class=\"hp-article__name\">IMI all in servis<\/h3><div class=\"hp-article__content\">Krmarjenje po zapletenih predpisih EU o napotitvah je lahko frustrirajo\u010de in dolgotrajno. Z integracijo informacijskega...<\/div><div class=\"hp-article__link\"><a href=\"https:\/\/tin.eu\/sl\/services\/imi-all-in-service\/\">Ve\u010d o tem<\/a><\/div><\/div><div class=\"hp-article\"><a class=\"hp-article__img hp-article__lazy\" href=\"https:\/\/tin.eu\/sl\/services\/payments-card\/\" data-src=\"https:\/\/tin.eu\/wp-content\/uploads\/2024\/04\/image_2024_04_10T14_51_14_145Z-1024x632.webp\"><span class=\"loader-spin\">&nbsp;<\/span><\/a><h3 class=\"hp-article__name\">Pla\u010dilne kartice<\/h3><div class=\"hp-article__content\">Upravljajte stro\u0161ke vo\u017enje svojega voznega parka s pla\u010dilno kartico TIN. Na\u0161a kartica, oblikovana posebej za edinstvene...<\/div><div class=\"hp-article__link\"><a href=\"https:\/\/tin.eu\/sl\/services\/payments-card\/\">Ve\u010d o tem<\/a><\/div><\/div><div class=\"hp-article\"><a class=\"hp-article__img hp-article__lazy\" href=\"https:\/\/tin.eu\/sl\/services\/instant-payment\/\" data-src=\"https:\/\/tin.eu\/wp-content\/uploads\/2024\/04\/iStock-1857835872_2-1024x754.webp\"><span class=\"loader-spin\">&nbsp;<\/span><\/a><h3 class=\"hp-article__name\">Takoj\u0161nje pla\u010dilo<\/h3><div class=\"hp-article__content\">Globe so nadloga, a mirovanje je no\u010dna mora. Zato je storitev, pri kateri je TIN mo\u010dno narasla: mednarodno pla\u010dilo kazni...<\/div><div class=\"hp-article__link\"><a href=\"https:\/\/tin.eu\/sl\/services\/instant-payment\/\">Ve\u010d o tem<\/a><\/div><\/div><div class=\"hp-article\"><a class=\"hp-article__img hp-article__lazy\" href=\"https:\/\/tin.eu\/sl\/services\/tin-crm-system\/\" data-src=\"https:\/\/tin.eu\/wp-content\/uploads\/2024\/04\/iStock-959638326-1024x683.jpg\"><span class=\"loader-spin\">&nbsp;<\/span><\/a><h3 class=\"hp-article__name\">TIN CRM sistem<\/h3><div class=\"hp-article__content\">Storitve TIN temeljijo na hitrem, zanesljivem in varnem shranjevanju in izmenjavi pogosto ob\u010dutljivih informacij in doku...<\/div><div class=\"hp-article__link\"><a href=\"https:\/\/tin.eu\/sl\/services\/tin-crm-system\/\">Ve\u010d o tem<\/a><\/div><\/div><div class=\"hp-article\"><a class=\"hp-article__img hp-article__lazy\" href=\"https:\/\/tin.eu\/sl\/services\/toll-service\/\" data-src=\"https:\/\/tin.eu\/wp-content\/uploads\/2024\/08\/iStock-1256198515-1024x682.webp\"><span class=\"loader-spin\">&nbsp;<\/span><\/a><h3 class=\"hp-article__name\">Cestnine<\/h3><div class=\"hp-article__content\">V \u017eelji po zagotavljanju podpore in prednosti strankam, kjer koli je to mogo\u010de, je TIN sodeloval z italijansko Federazio...<\/div><div class=\"hp-article__link\"><a href=\"https:\/\/tin.eu\/sl\/services\/toll-service\/\">Ve\u010d o tem<\/a><\/div><\/div><div class=\"hp-article\"><a class=\"hp-article__img hp-article__lazy\" href=\"https:\/\/tin.eu\/sl\/services\/translations-service\/\" data-src=\"https:\/\/tin.eu\/wp-content\/uploads\/2024\/04\/iStock-1456166410-1024x683.webp\"><span class=\"loader-spin\">&nbsp;<\/span><\/a><h3 class=\"hp-article__name\">Prevodi<\/h3><div class=\"hp-article__content\">TIN zagotavlja celovito prevajalsko storitev za u\u010dinkovito komunikacijo v vseh evropskih jezikih. Od zaprise\u017eenih prevod...<\/div><div class=\"hp-article__link\"><a href=\"https:\/\/tin.eu\/sl\/services\/translations-service\/\">Ve\u010d o tem<\/a><\/div><\/div><div class=\"hp-article\"><a class=\"hp-article__img hp-article__lazy\" href=\"https:\/\/tin.eu\/sl\/services\/24-7-service\/\" data-src=\"https:\/\/tin.eu\/wp-content\/uploads\/2024\/04\/iStock-1456618360_2-1024x665.webp\"><span class=\"loader-spin\">&nbsp;<\/span><\/a><h3 class=\"hp-article__name\">24\/7 servis<\/h3><div class=\"hp-article__content\">\u010ce se kateri od va\u0161ih tovornjakov pokvari ali zaradi katerega koli drugega razloga ne more nadaljevati poti, se lahko za...<\/div><div class=\"hp-article__link\"><a href=\"https:\/\/tin.eu\/sl\/services\/24-7-service\/\">Ve\u010d o tem<\/a><\/div><\/div><div class=\"hp-article\"><a class=\"hp-article__img hp-article__lazy\" href=\"https:\/\/tin.eu\/sl\/services\/legal-control-app\/\" data-src=\"https:\/\/tin.eu\/wp-content\/uploads\/2024\/04\/legal-controll-app-1024x683.webp\"><span class=\"loader-spin\">&nbsp;<\/span><\/a><h3 class=\"hp-article__name\">Legal control app<\/h3><div class=\"hp-article__content\">Pred nekaj leti je TIN razvil aplikacijo Legal Control kot re\u0161itev za goro papirologije, ki jo povzro\u010da IMI, in logisti\u010d...<\/div><div class=\"hp-article__link\"><a href=\"https:\/\/tin.eu\/sl\/services\/legal-control-app\/\">Ve\u010d o tem<\/a><\/div><\/div><\/div><\/div>\n\t\t\t\t<\/div>\n\t\t\t\t<\/div>\n\t\t\t\t\t<\/div>\n\t\t\t\t<\/div>\n\t\t\t\t\t<\/div>\n\t\t\t\t<\/div>\n\t\t\t\t<\/div>\n\t\t","protected":false},"excerpt":{"rendered":"<p>TIN is uw betrouwbare partner op de weg. In 2008 door Antonio Oliveira opgericht als Transport in Nood, zijn we de eenvoudige gedachte om vrachtwagens zo snel mogelijk weer de weg op te krijgen ontgroeid, maar zeker niet vergeten. Inmiddels is TIN een veelzijdige dienstverlener. Ons toegewijde team van ongeveer 20 professionals zet zich in om ervoor te zorgen dat transporteurs zich kunnen concentreren op hun kerntaken omdat ze de administratieve logistiek aan ons overlaten.<\/p>\n","protected":false},"author":1,"featured_media":644,"parent":0,"menu_order":8,"comment_status":"closed","ping_status":"closed","template":"","meta":{"_acf_changed":false,"footnotes":""},"class_list":["post-28","page","type-page","status-publish","has-post-thumbnail","hentry"],"acf":[],"_links":{"self":[{"href":"https:\/\/tin.eu\/sl\/wp-json\/wp\/v2\/pages\/28","targetHints":{"allow":["GET"]}}],"collection":[{"href":"https:\/\/tin.eu\/sl\/wp-json\/wp\/v2\/pages"}],"about":[{"href":"https:\/\/tin.eu\/sl\/wp-json\/wp\/v2\/types\/page"}],"author":[{"embeddable":true,"href":"https:\/\/tin.eu\/sl\/wp-json\/wp\/v2\/users\/1"}],"replies":[{"embeddable":true,"href":"https:\/\/tin.eu\/sl\/wp-json\/wp\/v2\/comments?post=28"}],"version-history":[{"count":1,"href":"https:\/\/tin.eu\/sl\/wp-json\/wp\/v2\/pages\/28\/revisions"}],"predecessor-version":[{"id":29,"href":"https:\/\/tin.eu\/sl\/wp-json\/wp\/v2\/pages\/28\/revisions\/29"}],"wp:featuredmedia":[{"embeddable":true,"href":"https:\/\/tin.eu\/sl\/wp-json\/wp\/v2\/media\/644"}],"wp:attachment":[{"href":"https:\/\/tin.eu\/sl\/wp-json\/wp\/v2\/media?parent=28"}],"curies":[{"name":"wp","href":"https:\/\/api.w.org\/{rel}","templated":true}]}}