{"id":26,"date":"2024-04-09T09:55:08","date_gmt":"2024-04-09T09:55:08","guid":{"rendered":"https:\/\/tin.eu\/?page_id=26"},"modified":"2024-11-19T15:25:05","modified_gmt":"2024-11-19T14:25:05","slug":"extra-handy","status":"publish","type":"page","link":"https:\/\/tin.eu\/sl\/extra-handy\/","title":{"rendered":"Extra's"},"content":{"rendered":"\t\t<div data-elementor-type=\"wp-page\" data-elementor-id=\"26\" class=\"elementor elementor-26\" data-elementor-post-type=\"page\">\n\t\t\t\t<div class=\"elementor-element elementor-element-6a07f1c header e-flex e-con-boxed e-con e-parent\" data-id=\"6a07f1c\" data-element_type=\"container\">\n\t\t\t\t\t<div class=\"e-con-inner\">\n\t\t<div class=\"elementor-element elementor-element-d9da4c1 container e-flex e-con-boxed e-con e-child\" data-id=\"d9da4c1\" data-element_type=\"container\">\n\t\t\t\t\t<div class=\"e-con-inner\">\n\t\t\t\t<div class=\"elementor-element elementor-element-625a274 elementor-widget elementor-widget-text-editor\" data-id=\"625a274\" data-element_type=\"widget\" data-widget_type=\"text-editor.default\">\n\t\t\t\t<div class=\"elementor-widget-container\">\n\t\t\t<style>\/*! elementor - v3.21.0 - 26-05-2024 *\/\n.elementor-widget-text-editor.elementor-drop-cap-view-stacked .elementor-drop-cap{background-color:#69727d;color:#fff}.elementor-widget-text-editor.elementor-drop-cap-view-framed .elementor-drop-cap{color:#69727d;border:3px solid;background-color:transparent}.elementor-widget-text-editor:not(.elementor-drop-cap-view-default) .elementor-drop-cap{margin-top:8px}.elementor-widget-text-editor:not(.elementor-drop-cap-view-default) .elementor-drop-cap-letter{width:1em;height:1em}.elementor-widget-text-editor .elementor-drop-cap{float:left;text-align:center;line-height:1;font-size:50px}.elementor-widget-text-editor .elementor-drop-cap-letter{display:inline-block}<\/style>\t\t\t\t<h1>Posebej priro\u010dno<\/h1>\t\t\t\t\t\t<\/div>\n\t\t\t\t<\/div>\n\t\t\t\t\t<\/div>\n\t\t\t\t<\/div>\n\t\t\t\t\t<\/div>\n\t\t\t\t<\/div>\n\t\t<div class=\"elementor-element elementor-element-7d92ce3 container e-flex e-con-boxed e-con e-parent\" data-id=\"7d92ce3\" data-element_type=\"container\">\n\t\t\t\t\t<div class=\"e-con-inner\">\n\t\t<div class=\"elementor-element elementor-element-7a23d8c service__row e-flex e-con-boxed e-con e-child\" data-id=\"7a23d8c\" data-element_type=\"container\">\n\t\t\t\t\t<div class=\"e-con-inner\">\n\t\t\t\t<div class=\"elementor-element elementor-element-a4c79d9 col__service elementor-widget elementor-widget-shortcode\" data-id=\"a4c79d9\" data-element_type=\"widget\" data-widget_type=\"shortcode.default\">\n\t\t\t\t<div class=\"elementor-widget-container\">\n\t\t\t\t\t<div class=\"elementor-shortcode\"><div class=\"home__services\"><div class=\"home__services-item home__services-item-208 home__services-item_1\"><a class=\"home__services-icon\" href=\"https:\/\/tin.eu\/sl\/services\/toll-service\/\"><img decoding=\"async\" class=\"home__services-icon-1\" src=\"https:\/\/tin.eu\/wp-content\/uploads\/2024\/04\/solutions.svg\" alt=\"Cestnine\" width=\"80\" height=\"80\"><img decoding=\"async\" class=\"home__services-icon-2\" src=\"https:\/\/tin.eu\/wp-content\/uploads\/2024\/04\/solutions_blue.svg\" alt=\"Cestnine\" width=\"80\" height=\"80\"><\/a><div class=\"home__services-title\">Cestnine<\/div><\/div><div class=\"home__services-item home__services-item-185 home__services-item_2\"><a class=\"home__services-icon\" href=\"https:\/\/tin.eu\/sl\/services\/ddd-analysis\/\"><img decoding=\"async\" class=\"home__services-icon-1\" src=\"https:\/\/tin.eu\/wp-content\/uploads\/2024\/04\/analisys.svg\" alt=\"DDD analiza\" width=\"80\" height=\"80\"><img loading=\"lazy\" decoding=\"async\" class=\"home__services-icon-2\" src=\"https:\/\/tin.eu\/wp-content\/uploads\/2024\/04\/analisys_blue.svg\" alt=\"DDD analiza\" width=\"80\" height=\"80\"><\/a><div class=\"home__services-title\">DDD analiza<\/div><\/div><div class=\"home__services-item home__services-item-106 home__services-item_3\"><a class=\"home__services-icon\" href=\"https:\/\/tin.eu\/sl\/services\/translations-service\/\"><img loading=\"lazy\" decoding=\"async\" class=\"home__services-icon-1\" src=\"https:\/\/tin.eu\/wp-content\/uploads\/2024\/04\/translations.svg\" alt=\"Prevodi\" width=\"80\" height=\"80\"><img loading=\"lazy\" decoding=\"async\" class=\"home__services-icon-2\" src=\"https:\/\/tin.eu\/wp-content\/uploads\/2024\/04\/translations_blue.svg\" alt=\"Prevodi\" width=\"80\" height=\"80\"><\/a><div class=\"home__services-title\">Prevodi<\/div><\/div><div class=\"home__services-item home__services-item-119 home__services-item_4\"><a class=\"home__services-icon\" href=\"https:\/\/tin.eu\/sl\/services\/special-permits\/\"><img loading=\"lazy\" decoding=\"async\" class=\"home__services-icon-1\" src=\"https:\/\/tin.eu\/wp-content\/uploads\/2024\/04\/special-permits.svg\" alt=\"Posebna dovoljenja\" width=\"80\" height=\"80\"><img loading=\"lazy\" decoding=\"async\" class=\"home__services-icon-2\" src=\"https:\/\/tin.eu\/wp-content\/uploads\/2024\/04\/special-permits_blue.svg\" alt=\"Posebna dovoljenja\" width=\"80\" height=\"80\"><\/a><div class=\"home__services-title\">Posebna dovoljenja<\/div><\/div><\/div><\/div>\n\t\t\t\t<\/div>\n\t\t\t\t<\/div>\n\t\t\t\t<div class=\"elementor-element elementor-element-0b7e2cf elementor-widget elementor-widget-text-editor\" data-id=\"0b7e2cf\" data-element_type=\"widget\" data-widget_type=\"text-editor.default\">\n\t\t\t\t<div class=\"elementor-widget-container\">\n\t\t\t\t\t\t\t<h2>tin ponuja popolno mirnost z nekaj priro\u010dnimi storitvami<\/h2><p>Zavedamo se, da mora biti va\u0161 glavni poudarek na prelaganju obremenitev od A do B, zato poleg na\u0161ih primarnih storitev ponujamo \u0161tevilne priro\u010dne storitve \u2013 za va\u0161o popolno brezskrbnost. Obravnavamo vloge za posebne prevozne dovolilnice, na primer izvajamo analize tahografov, nudimo prevajalske storitve in imamo zelo u\u010dinkovito re\u0161itev za pla\u010dilo cestnin na evropskih cestah.<\/p><p>Kliknite ikone za ve\u010d podrobnosti o tem, kako na\u0161e storitve in sistemi delujejo skupaj, da delajo za vas.<\/p>\t\t\t\t\t\t<\/div>\n\t\t\t\t<\/div>\n\t\t\t\t\t<\/div>\n\t\t\t\t<\/div>\n\t\t\t\t\t<\/div>\n\t\t\t\t<\/div>\n\t\t<div class=\"elementor-element elementor-element-2fd4198 home-articles e-flex e-con-boxed e-con e-parent\" data-id=\"2fd4198\" data-element_type=\"container\">\n\t\t\t\t\t<div class=\"e-con-inner\">\n\t\t<div class=\"elementor-element elementor-element-dc9206c container e-flex e-con-boxed e-con e-child\" data-id=\"dc9206c\" data-element_type=\"container\">\n\t\t\t\t\t<div class=\"e-con-inner\">\n\t\t\t\t<div class=\"elementor-element elementor-element-42f5a01 elementor-widget elementor-widget-shortcode\" data-id=\"42f5a01\" data-element_type=\"widget\" data-widget_type=\"shortcode.default\">\n\t\t\t\t<div class=\"elementor-widget-container\">\n\t\t\t\t\t<div class=\"elementor-shortcode\"><h2>STORITVE<\/h2><div class=\"hp-articles\"><div class=\"hp-article\"><a class=\"hp-article__img hp-article__lazy\" href=\"https:\/\/tin.eu\/sl\/services\/special-permits\/\" data-src=\"https:\/\/tin.eu\/wp-content\/uploads\/2024\/04\/wiki-westersch_CommonsGNU_Free_Documentation_License-1024x768.jpg\"><span class=\"loader-spin\">&nbsp;<\/span><\/a><h3 class=\"hp-article__name\">Posebna dovoljenja<\/h3><div class=\"hp-article__content\">Z dolgoletnimi izku\u0161njami po vsej Evropi je TIN va\u0161 partner pri pridobivanju posebnih dovoljenj za izredne prevoze. Prep...<\/div><div class=\"hp-article__link\"><a href=\"https:\/\/tin.eu\/sl\/services\/special-permits\/\">Ve\u010d o tem<\/a><\/div><\/div><div class=\"hp-article\"><a class=\"hp-article__img hp-article__lazy\" href=\"https:\/\/tin.eu\/sl\/services\/instant-payment\/\" data-src=\"https:\/\/tin.eu\/wp-content\/uploads\/2024\/04\/iStock-1857835872_2-1024x754.webp\"><span class=\"loader-spin\">&nbsp;<\/span><\/a><h3 class=\"hp-article__name\">Takoj\u0161nje pla\u010dilo<\/h3><div class=\"hp-article__content\">Globe so nadloga, a mirovanje je no\u010dna mora. Zato je storitev, pri kateri je TIN mo\u010dno narasla: mednarodno pla\u010dilo kazni...<\/div><div class=\"hp-article__link\"><a href=\"https:\/\/tin.eu\/sl\/services\/instant-payment\/\">Ve\u010d o tem<\/a><\/div><\/div><div class=\"hp-article\"><a class=\"hp-article__img hp-article__lazy\" href=\"https:\/\/tin.eu\/sl\/services\/toll-service\/\" data-src=\"https:\/\/tin.eu\/wp-content\/uploads\/2024\/08\/iStock-1256198515-1024x682.webp\"><span class=\"loader-spin\">&nbsp;<\/span><\/a><h3 class=\"hp-article__name\">Cestnine<\/h3><div class=\"hp-article__content\">V \u017eelji po zagotavljanju podpore in prednosti strankam, kjer koli je to mogo\u010de, je TIN sodeloval z italijansko Federazio...<\/div><div class=\"hp-article__link\"><a href=\"https:\/\/tin.eu\/sl\/services\/toll-service\/\">Ve\u010d o tem<\/a><\/div><\/div><div class=\"hp-article\"><a class=\"hp-article__img hp-article__lazy\" href=\"https:\/\/tin.eu\/sl\/services\/24-7-service\/\" data-src=\"https:\/\/tin.eu\/wp-content\/uploads\/2024\/04\/iStock-1456618360_2-1024x665.webp\"><span class=\"loader-spin\">&nbsp;<\/span><\/a><h3 class=\"hp-article__name\">24\/7 servis<\/h3><div class=\"hp-article__content\">\u010ce se kateri od va\u0161ih tovornjakov pokvari ali zaradi katerega koli drugega razloga ne more nadaljevati poti, se lahko za...<\/div><div class=\"hp-article__link\"><a href=\"https:\/\/tin.eu\/sl\/services\/24-7-service\/\">Ve\u010d o tem<\/a><\/div><\/div><div class=\"hp-article\"><a class=\"hp-article__img hp-article__lazy\" href=\"https:\/\/tin.eu\/sl\/services\/ddd-analysis\/\" data-src=\"https:\/\/tin.eu\/wp-content\/uploads\/2024\/04\/iStock-1237313230-1024x683.webp\"><span class=\"loader-spin\">&nbsp;<\/span><\/a><h3 class=\"hp-article__name\">DDD analiza<\/h3><div class=\"hp-article__content\">Celovit paket storitev za sektor evropskega cestnega prometa ne bi bil popoln brez analize tahografa. Zato je TIN tudi t...<\/div><div class=\"hp-article__link\"><a href=\"https:\/\/tin.eu\/sl\/services\/ddd-analysis\/\">Ve\u010d o tem<\/a><\/div><\/div><div class=\"hp-article\"><a class=\"hp-article__img hp-article__lazy\" href=\"https:\/\/tin.eu\/sl\/services\/uk-checklist\/\" data-src=\"https:\/\/tin.eu\/wp-content\/uploads\/2024\/04\/iStock-1567856598x1-copy-1024x683.jpg\"><span class=\"loader-spin\">&nbsp;<\/span><\/a><h3 class=\"hp-article__name\">UK checklist<\/h3><div class=\"hp-article__content\">Ko je va\u0161 prevoz namenjen v Zdru\u017eeno kraljestvo, mora va\u0161 voznik britanskim organom predlo\u017eiti dokument, ki navaja, kje...<\/div><div class=\"hp-article__link\"><a href=\"https:\/\/tin.eu\/sl\/services\/uk-checklist\/\">Ve\u010d o tem<\/a><\/div><\/div><div class=\"hp-article\"><a class=\"hp-article__img hp-article__lazy\" href=\"https:\/\/tin.eu\/sl\/services\/legal-control-app\/\" data-src=\"https:\/\/tin.eu\/wp-content\/uploads\/2024\/04\/legal-controll-app-1024x683.webp\"><span class=\"loader-spin\">&nbsp;<\/span><\/a><h3 class=\"hp-article__name\">Legal control app<\/h3><div class=\"hp-article__content\">Pred nekaj leti je TIN razvil aplikacijo Legal Control kot re\u0161itev za goro papirologije, ki jo povzro\u010da IMI, in logisti\u010d...<\/div><div class=\"hp-article__link\"><a href=\"https:\/\/tin.eu\/sl\/services\/legal-control-app\/\">Ve\u010d o tem<\/a><\/div><\/div><div class=\"hp-article\"><a class=\"hp-article__img hp-article__lazy\" href=\"https:\/\/tin.eu\/sl\/services\/tin-crm-system\/\" data-src=\"https:\/\/tin.eu\/wp-content\/uploads\/2024\/04\/iStock-959638326-1024x683.jpg\"><span class=\"loader-spin\">&nbsp;<\/span><\/a><h3 class=\"hp-article__name\">TIN CRM sistem<\/h3><div class=\"hp-article__content\">Storitve TIN temeljijo na hitrem, zanesljivem in varnem shranjevanju in izmenjavi pogosto ob\u010dutljivih informacij in doku...<\/div><div class=\"hp-article__link\"><a href=\"https:\/\/tin.eu\/sl\/services\/tin-crm-system\/\">Ve\u010d o tem<\/a><\/div><\/div><div class=\"hp-article\"><a class=\"hp-article__img hp-article__lazy\" href=\"https:\/\/tin.eu\/sl\/services\/imi-all-in-service\/\" data-src=\"https:\/\/tin.eu\/wp-content\/uploads\/2024\/04\/iStock-1177176016-1024x742.jpg\"><span class=\"loader-spin\">&nbsp;<\/span><\/a><h3 class=\"hp-article__name\">IMI all in servis<\/h3><div class=\"hp-article__content\">Krmarjenje po zapletenih predpisih EU o napotitvah je lahko frustrirajo\u010de in dolgotrajno. Z integracijo informacijskega...<\/div><div class=\"hp-article__link\"><a href=\"https:\/\/tin.eu\/sl\/services\/imi-all-in-service\/\">Ve\u010d o tem<\/a><\/div><\/div><div class=\"hp-article\"><a class=\"hp-article__img hp-article__lazy\" href=\"https:\/\/tin.eu\/sl\/services\/translations-service\/\" data-src=\"https:\/\/tin.eu\/wp-content\/uploads\/2024\/04\/iStock-1456166410-1024x683.webp\"><span class=\"loader-spin\">&nbsp;<\/span><\/a><h3 class=\"hp-article__name\">Prevodi<\/h3><div class=\"hp-article__content\">TIN zagotavlja celovito prevajalsko storitev za u\u010dinkovito komunikacijo v vseh evropskih jezikih. Od zaprise\u017eenih prevod...<\/div><div class=\"hp-article__link\"><a href=\"https:\/\/tin.eu\/sl\/services\/translations-service\/\">Ve\u010d o tem<\/a><\/div><\/div><div class=\"hp-article\"><a class=\"hp-article__img hp-article__lazy\" href=\"https:\/\/tin.eu\/sl\/services\/payments-card\/\" data-src=\"https:\/\/tin.eu\/wp-content\/uploads\/2024\/04\/image_2024_04_10T14_51_14_145Z-1024x632.webp\"><span class=\"loader-spin\">&nbsp;<\/span><\/a><h3 class=\"hp-article__name\">Pla\u010dilne kartice<\/h3><div class=\"hp-article__content\">Upravljajte stro\u0161ke vo\u017enje svojega voznega parka s pla\u010dilno kartico TIN. Na\u0161a kartica, oblikovana posebej za edinstvene...<\/div><div class=\"hp-article__link\"><a href=\"https:\/\/tin.eu\/sl\/services\/payments-card\/\">Ve\u010d o tem<\/a><\/div><\/div><div class=\"hp-article\"><a class=\"hp-article__img hp-article__lazy\" href=\"https:\/\/tin.eu\/sl\/services\/legal-service\/\" data-src=\"https:\/\/tin.eu\/wp-content\/uploads\/2024\/04\/image_2024_04_10T14_54_11_722Z-1024x683.webp\"><span class=\"loader-spin\">&nbsp;<\/span><\/a><h3 class=\"hp-article__name\">Pravna pomo\u010d<\/h3><div class=\"hp-article__content\">Po vsej Evropi TIN vzdr\u017euje tesne odnose s ponudniki pravnih storitev, specializiranimi za transportni sektor \u2013 tako lok...<\/div><div class=\"hp-article__link\"><a href=\"https:\/\/tin.eu\/sl\/services\/legal-service\/\">Ve\u010d o tem<\/a><\/div><\/div><\/div><\/div>\n\t\t\t\t<\/div>\n\t\t\t\t<\/div>\n\t\t\t\t\t<\/div>\n\t\t\t\t<\/div>\n\t\t\t\t\t<\/div>\n\t\t\t\t<\/div>\n\t\t\t\t<\/div>\n\t\t","protected":false},"excerpt":{"rendered":"<p>Omdat u vooral bezig wilt zijn met uw kerntaken, biedt TIN behalve onze basisproducten een aantal handige extra\u2019s om u te ontzorgen.<\/p>\n","protected":false},"author":1,"featured_media":636,"parent":0,"menu_order":12,"comment_status":"closed","ping_status":"closed","template":"","meta":{"_acf_changed":true,"footnotes":""},"class_list":["post-26","page","type-page","status-publish","has-post-thumbnail","hentry"],"acf":[],"_links":{"self":[{"href":"https:\/\/tin.eu\/sl\/wp-json\/wp\/v2\/pages\/26","targetHints":{"allow":["GET"]}}],"collection":[{"href":"https:\/\/tin.eu\/sl\/wp-json\/wp\/v2\/pages"}],"about":[{"href":"https:\/\/tin.eu\/sl\/wp-json\/wp\/v2\/types\/page"}],"author":[{"embeddable":true,"href":"https:\/\/tin.eu\/sl\/wp-json\/wp\/v2\/users\/1"}],"replies":[{"embeddable":true,"href":"https:\/\/tin.eu\/sl\/wp-json\/wp\/v2\/comments?post=26"}],"version-history":[{"count":1,"href":"https:\/\/tin.eu\/sl\/wp-json\/wp\/v2\/pages\/26\/revisions"}],"predecessor-version":[{"id":27,"href":"https:\/\/tin.eu\/sl\/wp-json\/wp\/v2\/pages\/26\/revisions\/27"}],"wp:featuredmedia":[{"embeddable":true,"href":"https:\/\/tin.eu\/sl\/wp-json\/wp\/v2\/media\/636"}],"wp:attachment":[{"href":"https:\/\/tin.eu\/sl\/wp-json\/wp\/v2\/media?parent=26"}],"curies":[{"name":"wp","href":"https:\/\/api.w.org\/{rel}","templated":true}]}}