{"id":24,"date":"2024-04-09T09:54:50","date_gmt":"2024-04-09T09:54:50","guid":{"rendered":"https:\/\/tin.eu\/?page_id=24"},"modified":"2024-11-19T15:25:39","modified_gmt":"2024-11-19T14:25:39","slug":"fines","status":"publish","type":"page","link":"https:\/\/tin.eu\/sl\/fines\/","title":{"rendered":"Boetes"},"content":{"rendered":"\t\t<div data-elementor-type=\"wp-page\" data-elementor-id=\"24\" class=\"elementor elementor-24\" data-elementor-post-type=\"page\">\n\t\t\t\t<div class=\"elementor-element elementor-element-6e252da header e-flex e-con-boxed e-con e-parent\" data-id=\"6e252da\" data-element_type=\"container\">\n\t\t\t\t\t<div class=\"e-con-inner\">\n\t\t<div class=\"elementor-element elementor-element-d88aa14 container e-flex e-con-boxed e-con e-child\" data-id=\"d88aa14\" data-element_type=\"container\">\n\t\t\t\t\t<div class=\"e-con-inner\">\n\t\t\t\t<div class=\"elementor-element elementor-element-f384b90 elementor-widget elementor-widget-text-editor\" data-id=\"f384b90\" data-element_type=\"widget\" data-widget_type=\"text-editor.default\">\n\t\t\t\t<div class=\"elementor-widget-container\">\n\t\t\t<style>\/*! elementor - v3.21.0 - 26-05-2024 *\/\n.elementor-widget-text-editor.elementor-drop-cap-view-stacked .elementor-drop-cap{background-color:#69727d;color:#fff}.elementor-widget-text-editor.elementor-drop-cap-view-framed .elementor-drop-cap{color:#69727d;border:3px solid;background-color:transparent}.elementor-widget-text-editor:not(.elementor-drop-cap-view-default) .elementor-drop-cap{margin-top:8px}.elementor-widget-text-editor:not(.elementor-drop-cap-view-default) .elementor-drop-cap-letter{width:1em;height:1em}.elementor-widget-text-editor .elementor-drop-cap{float:left;text-align:center;line-height:1;font-size:50px}.elementor-widget-text-editor .elementor-drop-cap-letter{display:inline-block}<\/style>\t\t\t\t<h1>Kazni<\/h1>\t\t\t\t\t\t<\/div>\n\t\t\t\t<\/div>\n\t\t\t\t\t<\/div>\n\t\t\t\t<\/div>\n\t\t\t\t\t<\/div>\n\t\t\t\t<\/div>\n\t\t<div class=\"elementor-element elementor-element-563530f container e-flex e-con-boxed e-con e-parent\" data-id=\"563530f\" data-element_type=\"container\">\n\t\t\t\t\t<div class=\"e-con-inner\">\n\t\t<div class=\"elementor-element elementor-element-ec20deb service__row e-flex e-con-boxed e-con e-child\" data-id=\"ec20deb\" data-element_type=\"container\">\n\t\t\t\t\t<div class=\"e-con-inner\">\n\t\t\t\t<div class=\"elementor-element elementor-element-c379351 col__service elementor-widget elementor-widget-shortcode\" data-id=\"c379351\" data-element_type=\"widget\" data-widget_type=\"shortcode.default\">\n\t\t\t\t<div class=\"elementor-widget-container\">\n\t\t\t\t\t<div class=\"elementor-shortcode\"><div class=\"home__services\"><div class=\"home__services-item home__services-item-114 home__services-item_1\"><a class=\"home__services-icon\" href=\"https:\/\/tin.eu\/sl\/services\/instant-payment\/\"><img decoding=\"async\" class=\"home__services-icon-1\" src=\"https:\/\/tin.eu\/wp-content\/uploads\/2024\/04\/penalty.svg\" alt=\"Takoj\u0161nje pla\u010dilo\" width=\"80\" height=\"80\"><img decoding=\"async\" class=\"home__services-icon-2\" src=\"https:\/\/tin.eu\/wp-content\/uploads\/2024\/04\/penalty_blue.svg\" alt=\"Takoj\u0161nje pla\u010dilo\" width=\"80\" height=\"80\"><\/a><div class=\"home__services-title\">Takoj\u0161nje pla\u010dilo<\/div><\/div><div class=\"home__services-item home__services-item-112 home__services-item_2\"><a class=\"home__services-icon\" href=\"https:\/\/tin.eu\/sl\/services\/24-7-service\/\"><img decoding=\"async\" class=\"home__services-icon-1\" src=\"https:\/\/tin.eu\/wp-content\/uploads\/2024\/04\/27-7.svg\" alt=\"24\/7 servis\" width=\"80\" height=\"80\"><img loading=\"lazy\" decoding=\"async\" class=\"home__services-icon-2\" src=\"https:\/\/tin.eu\/wp-content\/uploads\/2024\/04\/27-7_blue.svg\" alt=\"24\/7 servis\" width=\"80\" height=\"80\"><\/a><div class=\"home__services-title\">24\/7 servis<\/div><\/div><div class=\"home__services-item home__services-item-110 home__services-item_3\"><a class=\"home__services-icon\" href=\"https:\/\/tin.eu\/sl\/services\/legal-service\/\"><img loading=\"lazy\" decoding=\"async\" class=\"home__services-icon-1\" src=\"https:\/\/tin.eu\/wp-content\/uploads\/2024\/04\/legal-service.svg\" alt=\"Pravna pomo\u010d\" width=\"80\" height=\"80\"><img loading=\"lazy\" decoding=\"async\" class=\"home__services-icon-2\" src=\"https:\/\/tin.eu\/wp-content\/uploads\/2024\/04\/legal-service_blue.svg\" alt=\"Pravna pomo\u010d\" width=\"80\" height=\"80\"><\/a><div class=\"home__services-title\">Pravna pomo\u010d<\/div><\/div><div class=\"home__services-item home__services-item-108 home__services-item_4\"><a class=\"home__services-icon\" href=\"https:\/\/tin.eu\/sl\/services\/payments-card\/\"><img loading=\"lazy\" decoding=\"async\" class=\"home__services-icon-1\" src=\"https:\/\/tin.eu\/wp-content\/uploads\/2024\/04\/payment-card.svg\" alt=\"Pla\u010dilne kartice\" width=\"80\" height=\"80\"><img loading=\"lazy\" decoding=\"async\" class=\"home__services-icon-2\" src=\"https:\/\/tin.eu\/wp-content\/uploads\/2024\/04\/payment-card_blue.svg\" alt=\"Pla\u010dilne kartice\" width=\"80\" height=\"80\"><\/a><div class=\"home__services-title\">Pla\u010dilne kartice<\/div><\/div><\/div><\/div>\n\t\t\t\t<\/div>\n\t\t\t\t<\/div>\n\t\t\t\t<div class=\"elementor-element elementor-element-141ea1d elementor-widget elementor-widget-text-editor\" data-id=\"141ea1d\" data-element_type=\"widget\" data-widget_type=\"text-editor.default\">\n\t\t\t\t<div class=\"elementor-widget-container\">\n\t\t\t\t\t\t\t<h2>(Globe) Pla\u010dila kazni in pravna pomo\u010d po vsej Evropi \u2013 24\/7<\/h2><p>S TIN dobite 16 let izku\u0161enj pri omogo\u010danju hitrih pla\u010dil v tujini. V ta namen smo razvili razli\u010dne sisteme in storitve, ki so se izkazali v vsakodnevni praksi. In njihov razvoj je v teku \u2013 kot odziv na spreminjajo\u010do se zakonodajo in preprosto zato, ker tehnolo\u0161ki napredek omogo\u010da inovacije.<\/p><p>TIN nudi strokovno pravno pomo\u010d tudi po vsej Evropi. To zagotavlja, da nikoli ne boste pla\u010dali neupravi\u010dene globe in boste vedno v skladu z veljavnimi zakoni in predpisi.<\/p><p>Kliknite ikone za ve\u010d podrobnosti o tem, kako na\u0161e storitve in sistemi delujejo skupaj, da delajo za vas.<\/p>\t\t\t\t\t\t<\/div>\n\t\t\t\t<\/div>\n\t\t\t\t\t<\/div>\n\t\t\t\t<\/div>\n\t\t\t\t\t<\/div>\n\t\t\t\t<\/div>\n\t\t<div class=\"elementor-element elementor-element-76f934b home-articles e-flex e-con-boxed e-con e-parent\" data-id=\"76f934b\" data-element_type=\"container\">\n\t\t\t\t\t<div class=\"e-con-inner\">\n\t\t<div class=\"elementor-element elementor-element-12e29e1 container e-flex e-con-boxed e-con e-child\" data-id=\"12e29e1\" data-element_type=\"container\">\n\t\t\t\t\t<div class=\"e-con-inner\">\n\t\t\t\t<div class=\"elementor-element elementor-element-7b731aa elementor-widget elementor-widget-shortcode\" data-id=\"7b731aa\" data-element_type=\"widget\" data-widget_type=\"shortcode.default\">\n\t\t\t\t<div class=\"elementor-widget-container\">\n\t\t\t\t\t<div class=\"elementor-shortcode\"><h2>STORITVE<\/h2><div class=\"hp-articles\"><div class=\"hp-article\"><a class=\"hp-article__img hp-article__lazy\" href=\"https:\/\/tin.eu\/sl\/services\/tin-crm-system\/\" data-src=\"https:\/\/tin.eu\/wp-content\/uploads\/2024\/04\/iStock-959638326-1024x683.jpg\"><span class=\"loader-spin\">&nbsp;<\/span><\/a><h3 class=\"hp-article__name\">TIN CRM sistem<\/h3><div class=\"hp-article__content\">Storitve TIN temeljijo na hitrem, zanesljivem in varnem shranjevanju in izmenjavi pogosto ob\u010dutljivih informacij in doku...<\/div><div class=\"hp-article__link\"><a href=\"https:\/\/tin.eu\/sl\/services\/tin-crm-system\/\">Ve\u010d o tem<\/a><\/div><\/div><div class=\"hp-article\"><a class=\"hp-article__img hp-article__lazy\" href=\"https:\/\/tin.eu\/sl\/services\/payments-card\/\" data-src=\"https:\/\/tin.eu\/wp-content\/uploads\/2024\/04\/image_2024_04_10T14_51_14_145Z-1024x632.webp\"><span class=\"loader-spin\">&nbsp;<\/span><\/a><h3 class=\"hp-article__name\">Pla\u010dilne kartice<\/h3><div class=\"hp-article__content\">Upravljajte stro\u0161ke vo\u017enje svojega voznega parka s pla\u010dilno kartico TIN. Na\u0161a kartica, oblikovana posebej za edinstvene...<\/div><div class=\"hp-article__link\"><a href=\"https:\/\/tin.eu\/sl\/services\/payments-card\/\">Ve\u010d o tem<\/a><\/div><\/div><div class=\"hp-article\"><a class=\"hp-article__img hp-article__lazy\" href=\"https:\/\/tin.eu\/sl\/services\/instant-payment\/\" data-src=\"https:\/\/tin.eu\/wp-content\/uploads\/2024\/04\/iStock-1857835872_2-1024x754.webp\"><span class=\"loader-spin\">&nbsp;<\/span><\/a><h3 class=\"hp-article__name\">Takoj\u0161nje pla\u010dilo<\/h3><div class=\"hp-article__content\">Globe so nadloga, a mirovanje je no\u010dna mora. Zato je storitev, pri kateri je TIN mo\u010dno narasla: mednarodno pla\u010dilo kazni...<\/div><div class=\"hp-article__link\"><a href=\"https:\/\/tin.eu\/sl\/services\/instant-payment\/\">Ve\u010d o tem<\/a><\/div><\/div><div class=\"hp-article\"><a class=\"hp-article__img hp-article__lazy\" href=\"https:\/\/tin.eu\/sl\/services\/ddd-analysis\/\" data-src=\"https:\/\/tin.eu\/wp-content\/uploads\/2024\/04\/iStock-1237313230-1024x683.webp\"><span class=\"loader-spin\">&nbsp;<\/span><\/a><h3 class=\"hp-article__name\">DDD analiza<\/h3><div class=\"hp-article__content\">Celovit paket storitev za sektor evropskega cestnega prometa ne bi bil popoln brez analize tahografa. Zato je TIN tudi t...<\/div><div class=\"hp-article__link\"><a href=\"https:\/\/tin.eu\/sl\/services\/ddd-analysis\/\">Ve\u010d o tem<\/a><\/div><\/div><div class=\"hp-article\"><a class=\"hp-article__img hp-article__lazy\" href=\"https:\/\/tin.eu\/sl\/services\/24-7-service\/\" data-src=\"https:\/\/tin.eu\/wp-content\/uploads\/2024\/04\/iStock-1456618360_2-1024x665.webp\"><span class=\"loader-spin\">&nbsp;<\/span><\/a><h3 class=\"hp-article__name\">24\/7 servis<\/h3><div class=\"hp-article__content\">\u010ce se kateri od va\u0161ih tovornjakov pokvari ali zaradi katerega koli drugega razloga ne more nadaljevati poti, se lahko za...<\/div><div class=\"hp-article__link\"><a href=\"https:\/\/tin.eu\/sl\/services\/24-7-service\/\">Ve\u010d o tem<\/a><\/div><\/div><div class=\"hp-article\"><a class=\"hp-article__img hp-article__lazy\" href=\"https:\/\/tin.eu\/sl\/services\/imi-all-in-service\/\" data-src=\"https:\/\/tin.eu\/wp-content\/uploads\/2024\/04\/iStock-1177176016-1024x742.jpg\"><span class=\"loader-spin\">&nbsp;<\/span><\/a><h3 class=\"hp-article__name\">IMI all in servis<\/h3><div class=\"hp-article__content\">Krmarjenje po zapletenih predpisih EU o napotitvah je lahko frustrirajo\u010de in dolgotrajno. Z integracijo informacijskega...<\/div><div class=\"hp-article__link\"><a href=\"https:\/\/tin.eu\/sl\/services\/imi-all-in-service\/\">Ve\u010d o tem<\/a><\/div><\/div><div class=\"hp-article\"><a class=\"hp-article__img hp-article__lazy\" href=\"https:\/\/tin.eu\/sl\/services\/legal-control-app\/\" data-src=\"https:\/\/tin.eu\/wp-content\/uploads\/2024\/04\/legal-controll-app-1024x683.webp\"><span class=\"loader-spin\">&nbsp;<\/span><\/a><h3 class=\"hp-article__name\">Legal control app<\/h3><div class=\"hp-article__content\">Pred nekaj leti je TIN razvil aplikacijo Legal Control kot re\u0161itev za goro papirologije, ki jo povzro\u010da IMI, in logisti\u010d...<\/div><div class=\"hp-article__link\"><a href=\"https:\/\/tin.eu\/sl\/services\/legal-control-app\/\">Ve\u010d o tem<\/a><\/div><\/div><div class=\"hp-article\"><a class=\"hp-article__img hp-article__lazy\" href=\"https:\/\/tin.eu\/sl\/services\/toll-service\/\" data-src=\"https:\/\/tin.eu\/wp-content\/uploads\/2024\/08\/iStock-1256198515-1024x682.webp\"><span class=\"loader-spin\">&nbsp;<\/span><\/a><h3 class=\"hp-article__name\">Cestnine<\/h3><div class=\"hp-article__content\">V \u017eelji po zagotavljanju podpore in prednosti strankam, kjer koli je to mogo\u010de, je TIN sodeloval z italijansko Federazio...<\/div><div class=\"hp-article__link\"><a href=\"https:\/\/tin.eu\/sl\/services\/toll-service\/\">Ve\u010d o tem<\/a><\/div><\/div><div class=\"hp-article\"><a class=\"hp-article__img hp-article__lazy\" href=\"https:\/\/tin.eu\/sl\/services\/legal-service\/\" data-src=\"https:\/\/tin.eu\/wp-content\/uploads\/2024\/04\/image_2024_04_10T14_54_11_722Z-1024x683.webp\"><span class=\"loader-spin\">&nbsp;<\/span><\/a><h3 class=\"hp-article__name\">Pravna pomo\u010d<\/h3><div class=\"hp-article__content\">Po vsej Evropi TIN vzdr\u017euje tesne odnose s ponudniki pravnih storitev, specializiranimi za transportni sektor \u2013 tako lok...<\/div><div class=\"hp-article__link\"><a href=\"https:\/\/tin.eu\/sl\/services\/legal-service\/\">Ve\u010d o tem<\/a><\/div><\/div><div class=\"hp-article\"><a class=\"hp-article__img hp-article__lazy\" href=\"https:\/\/tin.eu\/sl\/services\/translations-service\/\" data-src=\"https:\/\/tin.eu\/wp-content\/uploads\/2024\/04\/iStock-1456166410-1024x683.webp\"><span class=\"loader-spin\">&nbsp;<\/span><\/a><h3 class=\"hp-article__name\">Prevodi<\/h3><div class=\"hp-article__content\">TIN zagotavlja celovito prevajalsko storitev za u\u010dinkovito komunikacijo v vseh evropskih jezikih. Od zaprise\u017eenih prevod...<\/div><div class=\"hp-article__link\"><a href=\"https:\/\/tin.eu\/sl\/services\/translations-service\/\">Ve\u010d o tem<\/a><\/div><\/div><div class=\"hp-article\"><a class=\"hp-article__img hp-article__lazy\" href=\"https:\/\/tin.eu\/sl\/services\/special-permits\/\" data-src=\"https:\/\/tin.eu\/wp-content\/uploads\/2024\/04\/wiki-westersch_CommonsGNU_Free_Documentation_License-1024x768.jpg\"><span class=\"loader-spin\">&nbsp;<\/span><\/a><h3 class=\"hp-article__name\">Posebna dovoljenja<\/h3><div class=\"hp-article__content\">Z dolgoletnimi izku\u0161njami po vsej Evropi je TIN va\u0161 partner pri pridobivanju posebnih dovoljenj za izredne prevoze. Prep...<\/div><div class=\"hp-article__link\"><a href=\"https:\/\/tin.eu\/sl\/services\/special-permits\/\">Ve\u010d o tem<\/a><\/div><\/div><div class=\"hp-article\"><a class=\"hp-article__img hp-article__lazy\" href=\"https:\/\/tin.eu\/sl\/services\/uk-checklist\/\" data-src=\"https:\/\/tin.eu\/wp-content\/uploads\/2024\/04\/iStock-1567856598x1-copy-1024x683.jpg\"><span class=\"loader-spin\">&nbsp;<\/span><\/a><h3 class=\"hp-article__name\">UK checklist<\/h3><div class=\"hp-article__content\">Ko je va\u0161 prevoz namenjen v Zdru\u017eeno kraljestvo, mora va\u0161 voznik britanskim organom predlo\u017eiti dokument, ki navaja, kje...<\/div><div class=\"hp-article__link\"><a href=\"https:\/\/tin.eu\/sl\/services\/uk-checklist\/\">Ve\u010d o tem<\/a><\/div><\/div><\/div><\/div>\n\t\t\t\t<\/div>\n\t\t\t\t<\/div>\n\t\t\t\t\t<\/div>\n\t\t\t\t<\/div>\n\t\t\t\t\t<\/div>\n\t\t\t\t<\/div>\n\t\t\t\t<\/div>\n\t\t","protected":false},"excerpt":{"rendered":"<p>Bij TIN lift u mee op 15 jaar ervaring met de verzorging van snelle betalingen in het buitenland. Inmiddels hebben we hiervoor verschillende systemen en diensten ontwikkeld die zich hebben bewezen in de praktijk van alledag. En hun ontwikkeling gaat voortdurend door \u2013 als antwoord op veranderende wetgeving, en simpelweg omdat technologische vooruitgang innovatie mogelijk maakt.<\/p>\n","protected":false},"author":1,"featured_media":626,"parent":0,"menu_order":13,"comment_status":"closed","ping_status":"closed","template":"","meta":{"_acf_changed":true,"footnotes":""},"class_list":["post-24","page","type-page","status-publish","has-post-thumbnail","hentry"],"acf":[],"_links":{"self":[{"href":"https:\/\/tin.eu\/sl\/wp-json\/wp\/v2\/pages\/24","targetHints":{"allow":["GET"]}}],"collection":[{"href":"https:\/\/tin.eu\/sl\/wp-json\/wp\/v2\/pages"}],"about":[{"href":"https:\/\/tin.eu\/sl\/wp-json\/wp\/v2\/types\/page"}],"author":[{"embeddable":true,"href":"https:\/\/tin.eu\/sl\/wp-json\/wp\/v2\/users\/1"}],"replies":[{"embeddable":true,"href":"https:\/\/tin.eu\/sl\/wp-json\/wp\/v2\/comments?post=24"}],"version-history":[{"count":1,"href":"https:\/\/tin.eu\/sl\/wp-json\/wp\/v2\/pages\/24\/revisions"}],"predecessor-version":[{"id":25,"href":"https:\/\/tin.eu\/sl\/wp-json\/wp\/v2\/pages\/24\/revisions\/25"}],"wp:featuredmedia":[{"embeddable":true,"href":"https:\/\/tin.eu\/sl\/wp-json\/wp\/v2\/media\/626"}],"wp:attachment":[{"href":"https:\/\/tin.eu\/sl\/wp-json\/wp\/v2\/media?parent=24"}],"curies":[{"name":"wp","href":"https:\/\/api.w.org\/{rel}","templated":true}]}}