{"id":22,"date":"2024-04-09T09:54:29","date_gmt":"2024-04-09T09:54:29","guid":{"rendered":"https:\/\/tin.eu\/?page_id=22"},"modified":"2024-11-19T15:33:50","modified_gmt":"2024-11-19T14:33:50","slug":"posting-imi","status":"publish","type":"page","link":"https:\/\/tin.eu\/sl\/posting-imi\/","title":{"rendered":"IMI \/ Detachering"},"content":{"rendered":"\t\t<div data-elementor-type=\"wp-page\" data-elementor-id=\"22\" class=\"elementor elementor-22\" data-elementor-post-type=\"page\">\n\t\t\t\t<div class=\"elementor-element elementor-element-e57c7b2 header e-flex e-con-boxed e-con e-parent\" data-id=\"e57c7b2\" data-element_type=\"container\">\n\t\t\t\t\t<div class=\"e-con-inner\">\n\t\t<div class=\"elementor-element elementor-element-b7b90b3 container e-flex e-con-boxed e-con e-child\" data-id=\"b7b90b3\" data-element_type=\"container\">\n\t\t\t\t\t<div class=\"e-con-inner\">\n\t\t\t\t<div class=\"elementor-element elementor-element-3f687df elementor-widget elementor-widget-heading\" data-id=\"3f687df\" data-element_type=\"widget\" data-widget_type=\"heading.default\">\n\t\t\t\t<div class=\"elementor-widget-container\">\n\t\t\t<style>\/*! elementor - v3.21.0 - 26-05-2024 *\/\n.elementor-heading-title{padding:0;margin:0;line-height:1}.elementor-widget-heading .elementor-heading-title[class*=elementor-size-]>a{color:inherit;font-size:inherit;line-height:inherit}.elementor-widget-heading .elementor-heading-title.elementor-size-small{font-size:15px}.elementor-widget-heading .elementor-heading-title.elementor-size-medium{font-size:19px}.elementor-widget-heading .elementor-heading-title.elementor-size-large{font-size:29px}.elementor-widget-heading .elementor-heading-title.elementor-size-xl{font-size:39px}.elementor-widget-heading .elementor-heading-title.elementor-size-xxl{font-size:59px}<\/style><h1 class=\"elementor-heading-title elementor-size-default\">Posting \/ IMI<\/h1>\t\t<\/div>\n\t\t\t\t<\/div>\n\t\t\t\t\t<\/div>\n\t\t\t\t<\/div>\n\t\t\t\t\t<\/div>\n\t\t\t\t<\/div>\n\t\t<div class=\"elementor-element elementor-element-967f4da container e-flex e-con-boxed e-con e-parent\" data-id=\"967f4da\" data-element_type=\"container\">\n\t\t\t\t\t<div class=\"e-con-inner\">\n\t\t<div class=\"elementor-element elementor-element-c7f0df6 service__row e-flex e-con-boxed e-con e-child\" data-id=\"c7f0df6\" data-element_type=\"container\">\n\t\t\t\t\t<div class=\"e-con-inner\">\n\t\t\t\t<div class=\"elementor-element elementor-element-c10295a col__service elementor-widget elementor-widget-shortcode\" data-id=\"c10295a\" data-element_type=\"widget\" data-widget_type=\"shortcode.default\">\n\t\t\t\t<div class=\"elementor-widget-container\">\n\t\t\t\t\t<div class=\"elementor-shortcode\"><div class=\"home__services\"><div class=\"home__services-item home__services-item-117 home__services-item_1\"><a class=\"home__services-icon\" href=\"https:\/\/tin.eu\/sl\/services\/imi-all-in-service\/\"><img decoding=\"async\" class=\"home__services-icon-1\" src=\"https:\/\/tin.eu\/wp-content\/uploads\/2024\/04\/posting.svg\" alt=\"IMI all in servis\" width=\"80\" height=\"80\"><img decoding=\"async\" class=\"home__services-icon-2\" src=\"https:\/\/tin.eu\/wp-content\/uploads\/2024\/04\/posting_blue-1.svg\" alt=\"IMI all in servis\" width=\"80\" height=\"80\"><\/a><div class=\"home__services-title\">IMI all in servis<\/div><\/div><div class=\"home__services-item home__services-item-191 home__services-item_2\"><a class=\"home__services-icon\" href=\"https:\/\/tin.eu\/sl\/services\/tin-crm-system\/\"><img decoding=\"async\" class=\"home__services-icon-1\" src=\"https:\/\/tin.eu\/wp-content\/uploads\/2024\/04\/system.svg\" alt=\"TIN CRM sistem\" width=\"80\" height=\"80\"><img loading=\"lazy\" decoding=\"async\" class=\"home__services-icon-2\" src=\"https:\/\/tin.eu\/wp-content\/uploads\/2024\/04\/system_blue.svg\" alt=\"TIN CRM sistem\" width=\"80\" height=\"80\"><\/a><div class=\"home__services-title\">TIN CRM sistem<\/div><\/div><div class=\"home__services-item home__services-item-198 home__services-item_3\"><a class=\"home__services-icon\" href=\"https:\/\/tin.eu\/sl\/services\/uk-checklist\/\"><img loading=\"lazy\" decoding=\"async\" class=\"home__services-icon-1\" src=\"https:\/\/tin.eu\/wp-content\/uploads\/2024\/04\/checklist.svg\" alt=\"UK checklist\" width=\"80\" height=\"80\"><img loading=\"lazy\" decoding=\"async\" class=\"home__services-icon-2\" src=\"https:\/\/tin.eu\/wp-content\/uploads\/2024\/04\/checklist_blue.svg\" alt=\"UK checklist\" width=\"80\" height=\"80\"><\/a><div class=\"home__services-title\">UK checklist<\/div><\/div><div class=\"home__services-item home__services-item-179 home__services-item_4\"><a class=\"home__services-icon\" href=\"https:\/\/tin.eu\/sl\/services\/legal-control-app\/\"><img loading=\"lazy\" decoding=\"async\" class=\"home__services-icon-1\" src=\"https:\/\/tin.eu\/wp-content\/uploads\/2024\/04\/app.svg\" alt=\"Legal control app\" width=\"80\" height=\"80\"><img loading=\"lazy\" decoding=\"async\" class=\"home__services-icon-2\" src=\"https:\/\/tin.eu\/wp-content\/uploads\/2024\/04\/app_blue.svg\" alt=\"Legal control app\" width=\"80\" height=\"80\"><\/a><div class=\"home__services-title\">Legal control app<\/div><\/div><\/div><\/div>\n\t\t\t\t<\/div>\n\t\t\t\t<\/div>\n\t\t\t\t<div class=\"elementor-element elementor-element-a08a568 elementor-widget elementor-widget-text-editor\" data-id=\"a08a568\" data-element_type=\"widget\" data-widget_type=\"text-editor.default\">\n\t\t\t\t<div class=\"elementor-widget-container\">\n\t\t\t<style>\/*! elementor - v3.21.0 - 26-05-2024 *\/\n.elementor-widget-text-editor.elementor-drop-cap-view-stacked .elementor-drop-cap{background-color:#69727d;color:#fff}.elementor-widget-text-editor.elementor-drop-cap-view-framed .elementor-drop-cap{color:#69727d;border:3px solid;background-color:transparent}.elementor-widget-text-editor:not(.elementor-drop-cap-view-default) .elementor-drop-cap{margin-top:8px}.elementor-widget-text-editor:not(.elementor-drop-cap-view-default) .elementor-drop-cap-letter{width:1em;height:1em}.elementor-widget-text-editor .elementor-drop-cap{float:left;text-align:center;line-height:1;font-size:50px}.elementor-widget-text-editor .elementor-drop-cap-letter{display:inline-block}<\/style>\t\t\t\t<h2>Sistem TIN-CRM \u2013 en portal za preprosto administracijo<\/h2><p>Srce na\u0161ih storitev je edinstven sistem TIN-CRM. Ta sistem je dobro organiziran in enostaven za uporabo. Shranjuje vse va\u0161e poslovne podatke in vam omogo\u010da dostop do njih ter njihovo spreminjanje z le nekaj kliki.<\/p><p>V CRM-ju lahko nastavite, kateri vozniki in dr\u017eave potrebujejo izjave IMI. Upravlja tudi kontrolne sezname Zdru\u017eenega kraljestva in pravne dokumente. Poleg tega je povezan z aplikacijo Legal Control na telefonih voznikov tovornjakov, tako da imajo takoj\u0161en in varen dostop do informacij in dokumentov, kjer koli v Evropi so.<\/p><p>Kliknite ikone za ve\u010d informacij o tem, kako na\u0161i sistemi in storitve delujejo skupaj za vas.<\/p>\t\t\t\t\t\t<\/div>\n\t\t\t\t<\/div>\n\t\t\t\t\t<\/div>\n\t\t\t\t<\/div>\n\t\t\t\t\t<\/div>\n\t\t\t\t<\/div>\n\t\t<div class=\"elementor-element elementor-element-e34c406 home-articles e-flex e-con-boxed e-con e-parent\" data-id=\"e34c406\" data-element_type=\"container\">\n\t\t\t\t\t<div class=\"e-con-inner\">\n\t\t<div class=\"elementor-element elementor-element-6527cca container e-flex e-con-boxed e-con e-child\" data-id=\"6527cca\" data-element_type=\"container\">\n\t\t\t\t\t<div class=\"e-con-inner\">\n\t\t\t\t<div class=\"elementor-element elementor-element-9b63f67 elementor-widget elementor-widget-shortcode\" data-id=\"9b63f67\" data-element_type=\"widget\" data-widget_type=\"shortcode.default\">\n\t\t\t\t<div class=\"elementor-widget-container\">\n\t\t\t\t\t<div class=\"elementor-shortcode\"><h2>STORITVE<\/h2><div class=\"hp-articles\"><div class=\"hp-article\"><a class=\"hp-article__img hp-article__lazy\" href=\"https:\/\/tin.eu\/sl\/services\/special-permits\/\" data-src=\"https:\/\/tin.eu\/wp-content\/uploads\/2024\/04\/wiki-westersch_CommonsGNU_Free_Documentation_License-1024x768.jpg\"><span class=\"loader-spin\">&nbsp;<\/span><\/a><h3 class=\"hp-article__name\">Posebna dovoljenja<\/h3><div class=\"hp-article__content\">Z dolgoletnimi izku\u0161njami po vsej Evropi je TIN va\u0161 partner pri pridobivanju posebnih dovoljenj za izredne prevoze. Prep...<\/div><div class=\"hp-article__link\"><a href=\"https:\/\/tin.eu\/sl\/services\/special-permits\/\">Ve\u010d o tem<\/a><\/div><\/div><div class=\"hp-article\"><a class=\"hp-article__img hp-article__lazy\" href=\"https:\/\/tin.eu\/sl\/services\/translations-service\/\" data-src=\"https:\/\/tin.eu\/wp-content\/uploads\/2024\/04\/iStock-1456166410-1024x683.webp\"><span class=\"loader-spin\">&nbsp;<\/span><\/a><h3 class=\"hp-article__name\">Prevodi<\/h3><div class=\"hp-article__content\">TIN zagotavlja celovito prevajalsko storitev za u\u010dinkovito komunikacijo v vseh evropskih jezikih. Od zaprise\u017eenih prevod...<\/div><div class=\"hp-article__link\"><a href=\"https:\/\/tin.eu\/sl\/services\/translations-service\/\">Ve\u010d o tem<\/a><\/div><\/div><div class=\"hp-article\"><a class=\"hp-article__img hp-article__lazy\" href=\"https:\/\/tin.eu\/sl\/services\/instant-payment\/\" data-src=\"https:\/\/tin.eu\/wp-content\/uploads\/2024\/04\/iStock-1857835872_2-1024x754.webp\"><span class=\"loader-spin\">&nbsp;<\/span><\/a><h3 class=\"hp-article__name\">Takoj\u0161nje pla\u010dilo<\/h3><div class=\"hp-article__content\">Globe so nadloga, a mirovanje je no\u010dna mora. Zato je storitev, pri kateri je TIN mo\u010dno narasla: mednarodno pla\u010dilo kazni...<\/div><div class=\"hp-article__link\"><a href=\"https:\/\/tin.eu\/sl\/services\/instant-payment\/\">Ve\u010d o tem<\/a><\/div><\/div><div class=\"hp-article\"><a class=\"hp-article__img hp-article__lazy\" href=\"https:\/\/tin.eu\/sl\/services\/uk-checklist\/\" data-src=\"https:\/\/tin.eu\/wp-content\/uploads\/2024\/04\/iStock-1567856598x1-copy-1024x683.jpg\"><span class=\"loader-spin\">&nbsp;<\/span><\/a><h3 class=\"hp-article__name\">UK checklist<\/h3><div class=\"hp-article__content\">Ko je va\u0161 prevoz namenjen v Zdru\u017eeno kraljestvo, mora va\u0161 voznik britanskim organom predlo\u017eiti dokument, ki navaja, kje...<\/div><div class=\"hp-article__link\"><a href=\"https:\/\/tin.eu\/sl\/services\/uk-checklist\/\">Ve\u010d o tem<\/a><\/div><\/div><div class=\"hp-article\"><a class=\"hp-article__img hp-article__lazy\" href=\"https:\/\/tin.eu\/sl\/services\/24-7-service\/\" data-src=\"https:\/\/tin.eu\/wp-content\/uploads\/2024\/04\/iStock-1456618360_2-1024x665.webp\"><span class=\"loader-spin\">&nbsp;<\/span><\/a><h3 class=\"hp-article__name\">24\/7 servis<\/h3><div class=\"hp-article__content\">\u010ce se kateri od va\u0161ih tovornjakov pokvari ali zaradi katerega koli drugega razloga ne more nadaljevati poti, se lahko za...<\/div><div class=\"hp-article__link\"><a href=\"https:\/\/tin.eu\/sl\/services\/24-7-service\/\">Ve\u010d o tem<\/a><\/div><\/div><div class=\"hp-article\"><a class=\"hp-article__img hp-article__lazy\" href=\"https:\/\/tin.eu\/sl\/services\/imi-all-in-service\/\" data-src=\"https:\/\/tin.eu\/wp-content\/uploads\/2024\/04\/iStock-1177176016-1024x742.jpg\"><span class=\"loader-spin\">&nbsp;<\/span><\/a><h3 class=\"hp-article__name\">IMI all in servis<\/h3><div class=\"hp-article__content\">Krmarjenje po zapletenih predpisih EU o napotitvah je lahko frustrirajo\u010de in dolgotrajno. Z integracijo informacijskega...<\/div><div class=\"hp-article__link\"><a href=\"https:\/\/tin.eu\/sl\/services\/imi-all-in-service\/\">Ve\u010d o tem<\/a><\/div><\/div><div class=\"hp-article\"><a class=\"hp-article__img hp-article__lazy\" href=\"https:\/\/tin.eu\/sl\/services\/legal-service\/\" data-src=\"https:\/\/tin.eu\/wp-content\/uploads\/2024\/04\/image_2024_04_10T14_54_11_722Z-1024x683.webp\"><span class=\"loader-spin\">&nbsp;<\/span><\/a><h3 class=\"hp-article__name\">Pravna pomo\u010d<\/h3><div class=\"hp-article__content\">Po vsej Evropi TIN vzdr\u017euje tesne odnose s ponudniki pravnih storitev, specializiranimi za transportni sektor \u2013 tako lok...<\/div><div class=\"hp-article__link\"><a href=\"https:\/\/tin.eu\/sl\/services\/legal-service\/\">Ve\u010d o tem<\/a><\/div><\/div><div class=\"hp-article\"><a class=\"hp-article__img hp-article__lazy\" href=\"https:\/\/tin.eu\/sl\/services\/payments-card\/\" data-src=\"https:\/\/tin.eu\/wp-content\/uploads\/2024\/04\/image_2024_04_10T14_51_14_145Z-1024x632.webp\"><span class=\"loader-spin\">&nbsp;<\/span><\/a><h3 class=\"hp-article__name\">Pla\u010dilne kartice<\/h3><div class=\"hp-article__content\">Upravljajte stro\u0161ke vo\u017enje svojega voznega parka s pla\u010dilno kartico TIN. Na\u0161a kartica, oblikovana posebej za edinstvene...<\/div><div class=\"hp-article__link\"><a href=\"https:\/\/tin.eu\/sl\/services\/payments-card\/\">Ve\u010d o tem<\/a><\/div><\/div><div class=\"hp-article\"><a class=\"hp-article__img hp-article__lazy\" href=\"https:\/\/tin.eu\/sl\/services\/ddd-analysis\/\" data-src=\"https:\/\/tin.eu\/wp-content\/uploads\/2024\/04\/iStock-1237313230-1024x683.webp\"><span class=\"loader-spin\">&nbsp;<\/span><\/a><h3 class=\"hp-article__name\">DDD analiza<\/h3><div class=\"hp-article__content\">Celovit paket storitev za sektor evropskega cestnega prometa ne bi bil popoln brez analize tahografa. Zato je TIN tudi t...<\/div><div class=\"hp-article__link\"><a href=\"https:\/\/tin.eu\/sl\/services\/ddd-analysis\/\">Ve\u010d o tem<\/a><\/div><\/div><div class=\"hp-article\"><a class=\"hp-article__img hp-article__lazy\" href=\"https:\/\/tin.eu\/sl\/services\/tin-crm-system\/\" data-src=\"https:\/\/tin.eu\/wp-content\/uploads\/2024\/04\/iStock-959638326-1024x683.jpg\"><span class=\"loader-spin\">&nbsp;<\/span><\/a><h3 class=\"hp-article__name\">TIN CRM sistem<\/h3><div class=\"hp-article__content\">Storitve TIN temeljijo na hitrem, zanesljivem in varnem shranjevanju in izmenjavi pogosto ob\u010dutljivih informacij in doku...<\/div><div class=\"hp-article__link\"><a href=\"https:\/\/tin.eu\/sl\/services\/tin-crm-system\/\">Ve\u010d o tem<\/a><\/div><\/div><div class=\"hp-article\"><a class=\"hp-article__img hp-article__lazy\" href=\"https:\/\/tin.eu\/sl\/services\/toll-service\/\" data-src=\"https:\/\/tin.eu\/wp-content\/uploads\/2024\/08\/iStock-1256198515-1024x682.webp\"><span class=\"loader-spin\">&nbsp;<\/span><\/a><h3 class=\"hp-article__name\">Cestnine<\/h3><div class=\"hp-article__content\">V \u017eelji po zagotavljanju podpore in prednosti strankam, kjer koli je to mogo\u010de, je TIN sodeloval z italijansko Federazio...<\/div><div class=\"hp-article__link\"><a href=\"https:\/\/tin.eu\/sl\/services\/toll-service\/\">Ve\u010d o tem<\/a><\/div><\/div><div class=\"hp-article\"><a class=\"hp-article__img hp-article__lazy\" href=\"https:\/\/tin.eu\/sl\/services\/legal-control-app\/\" data-src=\"https:\/\/tin.eu\/wp-content\/uploads\/2024\/04\/legal-controll-app-1024x683.webp\"><span class=\"loader-spin\">&nbsp;<\/span><\/a><h3 class=\"hp-article__name\">Legal control app<\/h3><div class=\"hp-article__content\">Pred nekaj leti je TIN razvil aplikacijo Legal Control kot re\u0161itev za goro papirologije, ki jo povzro\u010da IMI, in logisti\u010d...<\/div><div class=\"hp-article__link\"><a href=\"https:\/\/tin.eu\/sl\/services\/legal-control-app\/\">Ve\u010d o tem<\/a><\/div><\/div><\/div><\/div>\n\t\t\t\t<\/div>\n\t\t\t\t<\/div>\n\t\t\t\t\t<\/div>\n\t\t\t\t<\/div>\n\t\t\t\t\t<\/div>\n\t\t\t\t<\/div>\n\t\t\t\t<\/div>\n\t\t","protected":false},"excerpt":{"rendered":"<p>Het kloppende hart van de diensten die u probleemloos op de weg houden is het unieke TIN-CRM systeem. Deze overzichtelijke en intu\u00eftieve werkomgeving is waar al uw bedrijfsinformatie wordt opgeslagen en met enkele klikken is te raadplegen en zonodig aan te passen. <\/p>\n<p>U geeft in de CRM bijvoorbeeld aan voor welke chauffeurs en landen u IMI-declaraties nodig heeft, de UK Checklist en Legal Docs worden er beheerd, en uiteraard is de Legal Control App eraan verbonden, zodat informatie en documenten onmiddellijk en veilig beschikbaar zijn voor chauffeurs, waar in Europa ze zich ook bevinden.<\/p>\n","protected":false},"author":1,"featured_media":623,"parent":0,"menu_order":14,"comment_status":"closed","ping_status":"closed","template":"","meta":{"_acf_changed":true,"footnotes":""},"class_list":["post-22","page","type-page","status-publish","has-post-thumbnail","hentry"],"acf":[],"_links":{"self":[{"href":"https:\/\/tin.eu\/sl\/wp-json\/wp\/v2\/pages\/22","targetHints":{"allow":["GET"]}}],"collection":[{"href":"https:\/\/tin.eu\/sl\/wp-json\/wp\/v2\/pages"}],"about":[{"href":"https:\/\/tin.eu\/sl\/wp-json\/wp\/v2\/types\/page"}],"author":[{"embeddable":true,"href":"https:\/\/tin.eu\/sl\/wp-json\/wp\/v2\/users\/1"}],"replies":[{"embeddable":true,"href":"https:\/\/tin.eu\/sl\/wp-json\/wp\/v2\/comments?post=22"}],"version-history":[{"count":1,"href":"https:\/\/tin.eu\/sl\/wp-json\/wp\/v2\/pages\/22\/revisions"}],"predecessor-version":[{"id":23,"href":"https:\/\/tin.eu\/sl\/wp-json\/wp\/v2\/pages\/22\/revisions\/23"}],"wp:featuredmedia":[{"embeddable":true,"href":"https:\/\/tin.eu\/sl\/wp-json\/wp\/v2\/media\/623"}],"wp:attachment":[{"href":"https:\/\/tin.eu\/sl\/wp-json\/wp\/v2\/media?parent=22"}],"curies":[{"name":"wp","href":"https:\/\/api.w.org\/{rel}","templated":true}]}}