{"id":171,"date":"2024-04-11T11:12:19","date_gmt":"2024-04-11T11:12:19","guid":{"rendered":"https:\/\/tin.eu\/?page_id=171"},"modified":"2024-11-19T15:24:22","modified_gmt":"2024-11-19T14:24:22","slug":"disclaimer","status":"publish","type":"page","link":"https:\/\/tin.eu\/sl\/disclaimer\/","title":{"rendered":"Vrijwaring"},"content":{"rendered":"\t\t<div data-elementor-type=\"wp-page\" data-elementor-id=\"171\" class=\"elementor elementor-171\" data-elementor-post-type=\"page\">\n\t\t\t\t<div class=\"elementor-element elementor-element-d409e6c header e-flex e-con-boxed e-con e-parent\" data-id=\"d409e6c\" data-element_type=\"container\">\n\t\t\t\t\t<div class=\"e-con-inner\">\n\t\t<div class=\"elementor-element elementor-element-3d7fdc8 container e-flex e-con-boxed e-con e-child\" data-id=\"3d7fdc8\" data-element_type=\"container\">\n\t\t\t\t\t<div class=\"e-con-inner\">\n\t\t\t\t<div class=\"elementor-element elementor-element-023660f elementor-widget elementor-widget-heading\" data-id=\"023660f\" data-element_type=\"widget\" data-widget_type=\"heading.default\">\n\t\t\t\t<div class=\"elementor-widget-container\">\n\t\t\t<style>\/*! elementor - v3.21.0 - 26-05-2024 *\/\n.elementor-heading-title{padding:0;margin:0;line-height:1}.elementor-widget-heading .elementor-heading-title[class*=elementor-size-]>a{color:inherit;font-size:inherit;line-height:inherit}.elementor-widget-heading .elementor-heading-title.elementor-size-small{font-size:15px}.elementor-widget-heading .elementor-heading-title.elementor-size-medium{font-size:19px}.elementor-widget-heading .elementor-heading-title.elementor-size-large{font-size:29px}.elementor-widget-heading .elementor-heading-title.elementor-size-xl{font-size:39px}.elementor-widget-heading .elementor-heading-title.elementor-size-xxl{font-size:59px}<\/style><h1 class=\"elementor-heading-title elementor-size-default\">Zavrnitev odgovornosti<\/h1>\t\t<\/div>\n\t\t\t\t<\/div>\n\t\t\t\t\t<\/div>\n\t\t\t\t<\/div>\n\t\t\t\t\t<\/div>\n\t\t\t\t<\/div>\n\t\t<div class=\"elementor-element elementor-element-15e6bb0 e-flex e-con-boxed e-con e-parent\" data-id=\"15e6bb0\" data-element_type=\"container\">\n\t\t\t\t\t<div class=\"e-con-inner\">\n\t\t<div class=\"elementor-element elementor-element-c58ad4f container e-flex e-con-boxed e-con e-child\" data-id=\"c58ad4f\" data-element_type=\"container\">\n\t\t\t\t\t<div class=\"e-con-inner\">\n\t\t\t\t<div class=\"elementor-element elementor-element-99c66b4 elementor-widget elementor-widget-shortcode\" data-id=\"99c66b4\" data-element_type=\"widget\" data-widget_type=\"shortcode.default\">\n\t\t\t\t<div class=\"elementor-widget-container\">\n\t\t\t\t\t<div class=\"elementor-shortcode\">\n  <script type=\"text\/javascript\" id=\"google-translate-script\">\n  function googleTranslateElementInit() {\n      \/\/ pages for lawyers are translated into only 4 languages\n      let translated = ['nl','en','de','pt','hu','sl'];\n      let lang_code;\n\n\t\t\tif ( translated.includes(document.querySelector(\".site-language-slug\").innerHTML) ) {\n        lang_code = document.querySelector(\".site-language-slug\").innerHTML;\n      }\n      else {\n        lang_code = 'nl';\n      }\n\n      new google.translate.TranslateElement(\n          {pageLanguage: lang_code},\n          'google_translate_element'\n      );\n  }\n  <\/script>\n  <script type=\"text\/javascript\" id=\"google-translate-code\" src=\"https:\/\/translate.google.com\/translate_a\/element.js?cb=googleTranslateElementInit#googtrans(fr)\"><\/script>\n  <div id=\"google_translate_element\"><\/div>\n  <\/div>\n\t\t\t\t<\/div>\n\t\t\t\t<\/div>\n\t\t\t\t<div class=\"elementor-element elementor-element-c7c94b6 elementor-widget elementor-widget-text-editor\" data-id=\"c7c94b6\" data-element_type=\"widget\" data-widget_type=\"text-editor.default\">\n\t\t\t\t<div class=\"elementor-widget-container\">\n\t\t\t<style>\/*! elementor - v3.21.0 - 26-05-2024 *\/\n.elementor-widget-text-editor.elementor-drop-cap-view-stacked .elementor-drop-cap{background-color:#69727d;color:#fff}.elementor-widget-text-editor.elementor-drop-cap-view-framed .elementor-drop-cap{color:#69727d;border:3px solid;background-color:transparent}.elementor-widget-text-editor:not(.elementor-drop-cap-view-default) .elementor-drop-cap{margin-top:8px}.elementor-widget-text-editor:not(.elementor-drop-cap-view-default) .elementor-drop-cap-letter{width:1em;height:1em}.elementor-widget-text-editor .elementor-drop-cap{float:left;text-align:center;line-height:1;font-size:50px}.elementor-widget-text-editor .elementor-drop-cap-letter{display:inline-block}<\/style>\t\t\t\t<h4>WWW.TIN.EU<\/h4><p>Za uporabo te spletne strani (www.tin.eu) veljajo naslednji pogoji uporabe. Z uporabo tega spletnega mesta se \u0161teje, da ste seznanjeni s pogoji uporabe in jih sprejemate.<\/p><h4>UPORABA INFORMACIJ<\/h4><p>Transport in Nood se trudi, da na tem spletnem mestu vedno ponuja to\u010dne in a\u017eurne informacije. Informacije so zbrane z najve\u010djo skrbnostjo. Vendar Transport in Nood ne jam\u010di, da so informacije popolne, pravilne ali a\u017eurne.<\/p><p>Pravne informacije na spletnem mestu so splo\u0161ne narave. Ne more se \u0161teti kot nadomestilo za pravni nasvet.<\/p><p>Iz informacij ni mogo\u010de izpeljati nobenih pravic. Transport in Nood ne prevzema nobene odgovornosti za \u0161kodo, ki bi lahko nastala zaradi uporabe informacij na spletnem mestu ali zaradi nepravilnega delovanja spletnega mesta.<\/p><p>Po\u0161iljanje in prejemanje informacij prek spletnega mesta ali elektronske po\u0161te ne ustvarja zgolj odnosa med Transport in Nood in uporabnikom spletnega mesta.<\/p><h4>E-PO\u0160TA<\/h4><p>Transport in Nood ne jam\u010di, da bo e-po\u0161ta, poslana nanj, prejeta ali obravnavana (pravo\u010dasno). Pravo\u010dasnega prejema e-po\u0161te ni mogo\u010de zagotoviti.<br \/>Prav tako ni mogo\u010de popolnoma zagotoviti varnosti e-po\u0161tnega prometa zaradi varnostnih tveganj, povezanih z njim.<br \/>Z dopisovanjem po e-po\u0161ti s podjetjem Transport in Nood brez \u0161ifriranja ali za\u0161\u010dite z geslom sprejemate to tveganje.<\/p><h4>HIPERPOVEZAVE<\/h4><p>To spletno mesto lahko vsebuje hiperpovezave do spletnih mest tretjih oseb. Transport in Nood nima vpliva na spletne strani tretjih oseb in ne odgovarja za njihovo dostopnost ali vsebino.<\/p><p>Transport in Nood ne prevzema nobene odgovornosti za \u0161kodo, povzro\u010deno z uporabo spletnih strani tretjih oseb.<\/p><h4>PRAVICE INTELEKTUALNE LASTNINE<\/h4><p>Vse objave in izrazi Transport in Nood so za\u0161\u010diteni z avtorskimi pravicami in drugimi pravicami intelektualne lastnine.<\/p><p>Razen za osebno in nekomercialno uporabo se ni\u010d od teh objav in izrazov ne sme na kakr\u0161en koli na\u010din podvajati, kopirati ali kako druga\u010de objaviti, ne da bi dru\u017eba Transport in Nood za to predhodno dala pisno dovoljenje.<\/p>\t\t\t\t\t\t<\/div>\n\t\t\t\t<\/div>\n\t\t\t\t<div class=\"elementor-element elementor-element-6afceb3 elementor-widget elementor-widget-spacer\" data-id=\"6afceb3\" data-element_type=\"widget\" data-widget_type=\"spacer.default\">\n\t\t\t\t<div class=\"elementor-widget-container\">\n\t\t\t<style>\/*! elementor - v3.21.0 - 26-05-2024 *\/\n.elementor-column .elementor-spacer-inner{height:var(--spacer-size)}.e-con{--container-widget-width:100%}.e-con-inner>.elementor-widget-spacer,.e-con>.elementor-widget-spacer{width:var(--container-widget-width,var(--spacer-size));--align-self:var(--container-widget-align-self,initial);--flex-shrink:0}.e-con-inner>.elementor-widget-spacer>.elementor-widget-container,.e-con>.elementor-widget-spacer>.elementor-widget-container{height:100%;width:100%}.e-con-inner>.elementor-widget-spacer>.elementor-widget-container>.elementor-spacer,.e-con>.elementor-widget-spacer>.elementor-widget-container>.elementor-spacer{height:100%}.e-con-inner>.elementor-widget-spacer>.elementor-widget-container>.elementor-spacer>.elementor-spacer-inner,.e-con>.elementor-widget-spacer>.elementor-widget-container>.elementor-spacer>.elementor-spacer-inner{height:var(--container-widget-height,var(--spacer-size))}.e-con-inner>.elementor-widget-spacer.elementor-widget-empty,.e-con>.elementor-widget-spacer.elementor-widget-empty{position:relative;min-height:22px;min-width:22px}.e-con-inner>.elementor-widget-spacer.elementor-widget-empty .elementor-widget-empty-icon,.e-con>.elementor-widget-spacer.elementor-widget-empty .elementor-widget-empty-icon{position:absolute;top:0;bottom:0;left:0;right:0;margin:auto;padding:0;width:22px;height:22px}<\/style>\t\t<div class=\"elementor-spacer\">\n\t\t\t<div class=\"elementor-spacer-inner\"><\/div>\n\t\t<\/div>\n\t\t\t\t<\/div>\n\t\t\t\t<\/div>\n\t\t\t\t\t<\/div>\n\t\t\t\t<\/div>\n\t\t\t\t\t<\/div>\n\t\t\t\t<\/div>\n\t\t\t\t<\/div>\n\t\t","protected":false},"excerpt":{"rendered":"<p>Op het gebruik van deze website zijn gebruiksvoorwaarden van toepassing. Door gebruik te maken van deze website, aanvaard U deze.<\/p>\n","protected":false},"author":1,"featured_media":448,"parent":0,"menu_order":11,"comment_status":"closed","ping_status":"closed","template":"","meta":{"_acf_changed":false,"footnotes":""},"class_list":["post-171","page","type-page","status-publish","has-post-thumbnail","hentry"],"acf":[],"_links":{"self":[{"href":"https:\/\/tin.eu\/sl\/wp-json\/wp\/v2\/pages\/171","targetHints":{"allow":["GET"]}}],"collection":[{"href":"https:\/\/tin.eu\/sl\/wp-json\/wp\/v2\/pages"}],"about":[{"href":"https:\/\/tin.eu\/sl\/wp-json\/wp\/v2\/types\/page"}],"author":[{"embeddable":true,"href":"https:\/\/tin.eu\/sl\/wp-json\/wp\/v2\/users\/1"}],"replies":[{"embeddable":true,"href":"https:\/\/tin.eu\/sl\/wp-json\/wp\/v2\/comments?post=171"}],"version-history":[{"count":1,"href":"https:\/\/tin.eu\/sl\/wp-json\/wp\/v2\/pages\/171\/revisions"}],"predecessor-version":[{"id":927,"href":"https:\/\/tin.eu\/sl\/wp-json\/wp\/v2\/pages\/171\/revisions\/927"}],"wp:featuredmedia":[{"embeddable":true,"href":"https:\/\/tin.eu\/sl\/wp-json\/wp\/v2\/media\/448"}],"wp:attachment":[{"href":"https:\/\/tin.eu\/sl\/wp-json\/wp\/v2\/media?parent=171"}],"curies":[{"name":"wp","href":"https:\/\/api.w.org\/{rel}","templated":true}]}}