{"id":1155,"date":"2026-02-25T16:28:54","date_gmt":"2026-02-25T15:28:54","guid":{"rendered":"https:\/\/tin.eu\/truck-check-copy\/"},"modified":"2026-02-25T16:30:33","modified_gmt":"2026-02-25T15:30:33","slug":"help","status":"publish","type":"page","link":"https:\/\/tin.eu\/sl\/help\/","title":{"rendered":"Help"},"content":{"rendered":"\t\t<div data-elementor-type=\"wp-page\" data-elementor-id=\"1155\" class=\"elementor elementor-1155\" data-elementor-post-type=\"page\">\n\t\t\t\t<div class=\"elementor-element elementor-element-9a5757c header e-flex e-con-boxed e-con e-parent\" data-id=\"9a5757c\" data-element_type=\"container\">\n\t\t\t\t\t<div class=\"e-con-inner\">\n\t\t<div class=\"elementor-element elementor-element-7a7873c container e-flex e-con-boxed e-con e-child\" data-id=\"7a7873c\" data-element_type=\"container\">\n\t\t\t\t\t<div class=\"e-con-inner\">\n\t\t\t\t<div class=\"elementor-element elementor-element-36ac115 elementor-widget elementor-widget-heading\" data-id=\"36ac115\" data-element_type=\"widget\" data-widget_type=\"heading.default\">\n\t\t\t\t<div class=\"elementor-widget-container\">\n\t\t\t<style>\/*! elementor - v3.21.0 - 26-05-2024 *\/\n.elementor-heading-title{padding:0;margin:0;line-height:1}.elementor-widget-heading .elementor-heading-title[class*=elementor-size-]>a{color:inherit;font-size:inherit;line-height:inherit}.elementor-widget-heading .elementor-heading-title.elementor-size-small{font-size:15px}.elementor-widget-heading .elementor-heading-title.elementor-size-medium{font-size:19px}.elementor-widget-heading .elementor-heading-title.elementor-size-large{font-size:29px}.elementor-widget-heading .elementor-heading-title.elementor-size-xl{font-size:39px}.elementor-widget-heading .elementor-heading-title.elementor-size-xxl{font-size:59px}<\/style><h1 class=\"elementor-heading-title elementor-size-default\">Politika pi\u0161kotkov<\/h1>\t\t<\/div>\n\t\t\t\t<\/div>\n\t\t\t\t\t<\/div>\n\t\t\t\t<\/div>\n\t\t\t\t\t<\/div>\n\t\t\t\t<\/div>\n\t\t<div class=\"elementor-element elementor-element-b640864 e-flex e-con-boxed e-con e-parent\" data-id=\"b640864\" data-element_type=\"container\">\n\t\t\t\t\t<div class=\"e-con-inner\">\n\t\t<div class=\"elementor-element elementor-element-79ecde4 container e-flex e-con-boxed e-con e-child\" data-id=\"79ecde4\" data-element_type=\"container\">\n\t\t\t\t\t<div class=\"e-con-inner\">\n\t\t\t\t<div class=\"elementor-element elementor-element-4fb6db4 elementor-widget elementor-widget-shortcode\" data-id=\"4fb6db4\" data-element_type=\"widget\" data-widget_type=\"shortcode.default\">\n\t\t\t\t<div class=\"elementor-widget-container\">\n\t\t\t\t\t<div class=\"elementor-shortcode\">\n  <script type=\"text\/javascript\" id=\"google-translate-script\">\n  function googleTranslateElementInit() {\n      \/\/ pages for lawyers are translated into only 4 languages\n      let translated = ['nl','en','de','pt','hu','sl'];\n      let lang_code;\n\n\t\t\tif ( translated.includes(document.querySelector(\".site-language-slug\").innerHTML) ) {\n        lang_code = document.querySelector(\".site-language-slug\").innerHTML;\n      }\n      else {\n        lang_code = 'nl';\n      }\n\n      new google.translate.TranslateElement(\n          {pageLanguage: lang_code},\n          'google_translate_element'\n      );\n  }\n  <\/script>\n  <script type=\"text\/javascript\" id=\"google-translate-code\" src=\"https:\/\/translate.google.com\/translate_a\/element.js?cb=googleTranslateElementInit#googtrans(fr)\"><\/script>\n  <div id=\"google_translate_element\"><\/div>\n  <\/div>\n\t\t\t\t<\/div>\n\t\t\t\t<\/div>\n\t\t\t\t<div class=\"elementor-element elementor-element-f21941b elementor-widget elementor-widget-text-editor\" data-id=\"f21941b\" data-element_type=\"widget\" data-widget_type=\"text-editor.default\">\n\t\t\t\t<div class=\"elementor-widget-container\">\n\t\t\t<style>\/*! elementor - v3.21.0 - 26-05-2024 *\/\n.elementor-widget-text-editor.elementor-drop-cap-view-stacked .elementor-drop-cap{background-color:#69727d;color:#fff}.elementor-widget-text-editor.elementor-drop-cap-view-framed .elementor-drop-cap{color:#69727d;border:3px solid;background-color:transparent}.elementor-widget-text-editor:not(.elementor-drop-cap-view-default) .elementor-drop-cap{margin-top:8px}.elementor-widget-text-editor:not(.elementor-drop-cap-view-default) .elementor-drop-cap-letter{width:1em;height:1em}.elementor-widget-text-editor .elementor-drop-cap{float:left;text-align:center;line-height:1;font-size:50px}.elementor-widget-text-editor .elementor-drop-cap-letter{display:inline-block}<\/style>\t\t\t\t<h4>O TEJ POLITIKI O PI\u0160KOTKIH<\/h4><p>Politika pi\u0161kotkov pojasnjuje, kaj so pi\u0161kotki in kako jih uporabljamo. Preberite ga, da boste razumeli, kaj so pi\u0161kotki, katere vrste pi\u0161kotkov uporabljamo, kako jih uporabljamo, vrsto informacij, ki jih zbiramo s pi\u0161kotki, kako se te informacije uporabljajo in kako lahko preverite svoje nastavitve pi\u0161kotkov. Za ve\u010d informacij o tem, kako uporabljamo, shranjujemo in varujemo va\u0161e osebne podatke, si oglejte na\u0161 pravilnik o zasebnosti.<\/p><p>Svoje soglasje za izjavo o pi\u0161kotkih na na\u0161i spletni strani lahko kadar koli spremenite ali prekli\u010dete.<\/p><p>Ve\u010d informacij o tem, kdo smo, kako nas lahko kontaktirate in kako obdelujemo osebne podatke, najdete v na\u0161i Politiki zasebnosti.<\/p><p>Va\u0161e soglasje velja za naslednje domene: tin.eu<\/p><p>Va\u0161e trenutno stanje: Soglasje sprejeto. Upravljajte svoje soglasje.<\/p><h4>KAJ SO PI\u0160KOTKI?<\/h4><p>Pi\u0161kotki so majhne podatkovne datoteke, ki se uporabljajo za shranjevanje majhnih informacij. Pi\u0161kotki se shranijo v va\u0161i napravi, ko se nalo\u017ei spletno mesto v va\u0161em brskalniku. Pi\u0161kotki nam pomagajo omogo\u010diti pravilno delovanje spletnega mesta, narediti spletno mesto varnej\u0161e, ponuditi bolj\u0161o uporabni\u0161ko izku\u0161njo in razumeti, kako spletno mesto deluje ter analizirati, kaj deluje in kje so potrebne izbolj\u0161ave.<\/p><h4>ZA KAJ UPORABLJAMO TE PI\u0160KOTKE?<\/h4><p>Kot ve\u010dina spletnih storitev tudi na\u0161e spletno mesto uporablja pi\u0161kotke lastnih in tretjih oseb za \u0161tevilne namene. Lastni pi\u0161kotki so obi\u010dajno potrebni za pravilno delovanje spletne strani in ne zbirajo nobenih va\u0161ih osebnih podatkov.<\/p><p>Pi\u0161kotki tretjih oseb, ki se uporabljajo na na\u0161ih spletnih mestih, se ve\u010dinoma uporabljajo za razumevanje delovanja spletnega mesta, va\u0161e interakcije z na\u0161im spletnim mestom, za ohranjanje varnosti na\u0161ih storitev in navsezadnje za zagotavljanje vse bolj\u0161e in bolj\u0161e uporabni\u0161ke izku\u0161nje ter za pospe\u0161evanje va\u0161e prihodnje interakcije z na\u0161im spletnim mestom.<\/p><h4>KATERE VRSTE PI\u0160KOTKOV UPORABLJAMO?<\/h4><p>Bistveni: Nekateri pi\u0161kotki so bistveni za izku\u0161njo polne funkcionalnosti na\u0161ega spletnega mesta. Omogo\u010dajo vzdr\u017eevanje uporabni\u0161kih sej in prepre\u010devanje varnostnih tveganj. Ne zbirajo in ne hranijo osebnih podatkov. Ti pi\u0161kotki omogo\u010dajo na primer prijavo v va\u0161 ra\u010dun in varno dodajanje izdelkov v nakupovalno ko\u0161arico ter pla\u010dilo zanje.<\/p><p>Statistika: ti pi\u0161kotki shranjujejo informacije, kot so \u0161tevilo obiskovalcev spletnega mesta, \u0161tevilo edinstvenih obiskovalcev, katere strani na spletnem mestu so bile obiskane, vir obiska itd. Ti podatki nam pomagajo razumeti in analizirati, kako dobro spletno mesto deluje in kje bi ga bilo treba izbolj\u0161ati.<\/p><p>Nastavitve: Ti pi\u0161kotki nam pomagajo shraniti va\u0161e nastavitve in nastavitve brskanja, kot so izbire jezika, tako da imate med prihodnjimi obiski spletne strani bolj\u0161o in u\u010dinkovitej\u0161o izku\u0161njo.<\/p><h4>OPIS PI\u0160KOTKA<\/h4><p>Ni poro\u010dil<\/p><h4>KAKO LAHKO PREVERIM SVOJE NASTAVITVE PI\u0160KOTKOV?<\/h4><p>\u010ce se pozneje med sejo brskanja odlo\u010dite spremeniti svoje nastavitve, lahko na zaslonu kliknete zavihek \u00bbPravilnik o zasebnosti in pi\u0161kotkih\u00ab. Prikazuje izjavo o soglasju, tako da lahko spremenite svoje nastavitve ali popolnoma prekli\u010dete svoje soglasje.<\/p><p>Poleg tega razli\u010dni brskalniki ponujajo razli\u010dne metode za blokiranje in odstranjevanje pi\u0161kotkov, ki jih uporabljajo spletna mesta. Nastavitve brskalnika lahko spremenite tako, da blokirate ali odstranite pi\u0161kotke. Za ve\u010d informacij o upravljanju in odstranjevanju pi\u0161kotkov pojdite na <a href=\"https:\/\/en.wikipedia.org\/wiki\/HTTP_cookie\" target=\"_blank\" rel=\"noopener\">wikipedia.org<\/a>, <a href=\"https:\/\/allaboutcookies.org\/\" target=\"_blank\" rel=\"noopener\">www.allaboutcookies.org<\/a>.<\/p>\t\t\t\t\t\t<\/div>\n\t\t\t\t<\/div>\n\t\t\t\t\t<\/div>\n\t\t\t\t<\/div>\n\t\t\t\t<div class=\"elementor-element elementor-element-9775f85 elementor-widget elementor-widget-spacer\" data-id=\"9775f85\" data-element_type=\"widget\" data-widget_type=\"spacer.default\">\n\t\t\t\t<div class=\"elementor-widget-container\">\n\t\t\t<style>\/*! elementor - v3.21.0 - 26-05-2024 *\/\n.elementor-column .elementor-spacer-inner{height:var(--spacer-size)}.e-con{--container-widget-width:100%}.e-con-inner>.elementor-widget-spacer,.e-con>.elementor-widget-spacer{width:var(--container-widget-width,var(--spacer-size));--align-self:var(--container-widget-align-self,initial);--flex-shrink:0}.e-con-inner>.elementor-widget-spacer>.elementor-widget-container,.e-con>.elementor-widget-spacer>.elementor-widget-container{height:100%;width:100%}.e-con-inner>.elementor-widget-spacer>.elementor-widget-container>.elementor-spacer,.e-con>.elementor-widget-spacer>.elementor-widget-container>.elementor-spacer{height:100%}.e-con-inner>.elementor-widget-spacer>.elementor-widget-container>.elementor-spacer>.elementor-spacer-inner,.e-con>.elementor-widget-spacer>.elementor-widget-container>.elementor-spacer>.elementor-spacer-inner{height:var(--container-widget-height,var(--spacer-size))}.e-con-inner>.elementor-widget-spacer.elementor-widget-empty,.e-con>.elementor-widget-spacer.elementor-widget-empty{position:relative;min-height:22px;min-width:22px}.e-con-inner>.elementor-widget-spacer.elementor-widget-empty .elementor-widget-empty-icon,.e-con>.elementor-widget-spacer.elementor-widget-empty .elementor-widget-empty-icon{position:absolute;top:0;bottom:0;left:0;right:0;margin:auto;padding:0;width:22px;height:22px}<\/style>\t\t<div class=\"elementor-spacer\">\n\t\t\t<div class=\"elementor-spacer-inner\"><\/div>\n\t\t<\/div>\n\t\t\t\t<\/div>\n\t\t\t\t<\/div>\n\t\t\t\t\t<\/div>\n\t\t\t\t<\/div>\n\t\t\t\t<\/div>\n\t\t","protected":false},"excerpt":{"rendered":"<p>Help UNDER CONSTRUCTION<\/p>\n","protected":false},"author":1,"featured_media":448,"parent":0,"menu_order":21,"comment_status":"closed","ping_status":"closed","template":"","meta":{"_acf_changed":true,"footnotes":""},"class_list":["post-1155","page","type-page","status-publish","has-post-thumbnail","hentry"],"acf":[],"_links":{"self":[{"href":"https:\/\/tin.eu\/sl\/wp-json\/wp\/v2\/pages\/1155","targetHints":{"allow":["GET"]}}],"collection":[{"href":"https:\/\/tin.eu\/sl\/wp-json\/wp\/v2\/pages"}],"about":[{"href":"https:\/\/tin.eu\/sl\/wp-json\/wp\/v2\/types\/page"}],"author":[{"embeddable":true,"href":"https:\/\/tin.eu\/sl\/wp-json\/wp\/v2\/users\/1"}],"replies":[{"embeddable":true,"href":"https:\/\/tin.eu\/sl\/wp-json\/wp\/v2\/comments?post=1155"}],"version-history":[{"count":0,"href":"https:\/\/tin.eu\/sl\/wp-json\/wp\/v2\/pages\/1155\/revisions"}],"wp:featuredmedia":[{"embeddable":true,"href":"https:\/\/tin.eu\/sl\/wp-json\/wp\/v2\/media\/448"}],"wp:attachment":[{"href":"https:\/\/tin.eu\/sl\/wp-json\/wp\/v2\/media?parent=1155"}],"curies":[{"name":"wp","href":"https:\/\/api.w.org\/{rel}","templated":true}]}}