{"id":31,"date":"2024-04-09T09:56:29","date_gmt":"2024-04-09T09:56:29","guid":{"rendered":"https:\/\/tin.eu\/?page_id=31"},"modified":"2026-03-17T15:49:40","modified_gmt":"2026-03-17T14:49:40","slug":"contact","status":"publish","type":"page","link":"https:\/\/tin.eu\/pt\/contact\/","title":{"rendered":"Contact"},"content":{"rendered":"\t\t<div data-elementor-type=\"wp-page\" data-elementor-id=\"31\" class=\"elementor elementor-31\" data-elementor-post-type=\"page\">\n\t\t\t\t<div class=\"elementor-element elementor-element-a05a73a header e-flex e-con-boxed e-con e-parent\" data-id=\"a05a73a\" data-element_type=\"container\">\n\t\t\t\t\t<div class=\"e-con-inner\">\n\t\t<div class=\"elementor-element elementor-element-0f73af9 container e-flex e-con-boxed e-con e-child\" data-id=\"0f73af9\" data-element_type=\"container\">\n\t\t\t\t\t<div class=\"e-con-inner\">\n\t\t\t\t<div class=\"elementor-element elementor-element-5ac6913 elementor-widget elementor-widget-text-editor\" data-id=\"5ac6913\" data-element_type=\"widget\" data-widget_type=\"text-editor.default\">\n\t\t\t\t<div class=\"elementor-widget-container\">\n\t\t\t<style>\/*! elementor - v3.21.0 - 26-05-2024 *\/\n.elementor-widget-text-editor.elementor-drop-cap-view-stacked .elementor-drop-cap{background-color:#69727d;color:#fff}.elementor-widget-text-editor.elementor-drop-cap-view-framed .elementor-drop-cap{color:#69727d;border:3px solid;background-color:transparent}.elementor-widget-text-editor:not(.elementor-drop-cap-view-default) .elementor-drop-cap{margin-top:8px}.elementor-widget-text-editor:not(.elementor-drop-cap-view-default) .elementor-drop-cap-letter{width:1em;height:1em}.elementor-widget-text-editor .elementor-drop-cap{float:left;text-align:center;line-height:1;font-size:50px}.elementor-widget-text-editor .elementor-drop-cap-letter{display:inline-block}<\/style>\t\t\t\t<h1>Contato<\/h1>\t\t\t\t\t\t<\/div>\n\t\t\t\t<\/div>\n\t\t\t\t\t<\/div>\n\t\t\t\t<\/div>\n\t\t\t\t\t<\/div>\n\t\t\t\t<\/div>\n\t\t<div class=\"elementor-element elementor-element-84f43d1 container e-flex e-con-boxed e-con e-parent\" data-id=\"84f43d1\" data-element_type=\"container\">\n\t\t\t\t\t<div class=\"e-con-inner\">\n\t\t<div class=\"elementor-element elementor-element-10da33b service__row e-flex e-con-boxed e-con e-child\" data-id=\"10da33b\" data-element_type=\"container\">\n\t\t\t\t\t<div class=\"e-con-inner\">\n\t\t\t\t<div class=\"elementor-element elementor-element-bd86579 col__service col__service_empty elementor-widget elementor-widget-text-editor\" data-id=\"bd86579\" data-element_type=\"widget\" data-widget_type=\"text-editor.default\">\n\t\t\t\t<div class=\"elementor-widget-container\">\n\t\t\t\t\t\t\t<p>_<\/p>\t\t\t\t\t\t<\/div>\n\t\t\t\t<\/div>\n\t\t\t\t<div class=\"elementor-element elementor-element-9790e6d elementor-widget elementor-widget-text-editor\" data-id=\"9790e6d\" data-element_type=\"widget\" data-widget_type=\"text-editor.default\">\n\t\t\t\t<div class=\"elementor-widget-container\">\n\t\t\t\t\t\t\t<h2>EST\u00c1 INTERESSADO NOS NOSSOS SERVI\u00c7OS?<br \/>N\u00c3O HESITE EM NOS CONTACTAR.<\/h2><p>Na Transport In Nood, simplificamos as complexidades da legisla\u00e7\u00e3o europeia em mat\u00e9ria de IMI\/Destacamento e ajudamo-lo a resolver problemas inesperados na estrada, permitindo-lhe concentrar-se no que \u00e9 mais importante &#8211; a sua atividade. Contacte-nos para usufruir de um apoio eficiente.<\/p>\t\t\t\t\t\t<\/div>\n\t\t\t\t<\/div>\n\t\t\t\t\t<\/div>\n\t\t\t\t<\/div>\n\t\t\t\t\t<\/div>\n\t\t\t\t<\/div>\n\t\t<div class=\"elementor-element elementor-element-2ace52e cf7-form-container e-flex e-con-boxed e-con e-parent\" data-id=\"2ace52e\" data-element_type=\"container\">\n\t\t\t\t\t<div class=\"e-con-inner\">\n\t\t<div class=\"elementor-element elementor-element-eaadd1b cf7-form-container__wrap e-flex e-con-boxed e-con e-child\" data-id=\"eaadd1b\" data-element_type=\"container\">\n\t\t\t\t\t<div class=\"e-con-inner\">\n\t\t<div class=\"elementor-element elementor-element-17e2180 cf7-form-container__form e-flex e-con-boxed e-con e-child\" data-id=\"17e2180\" data-element_type=\"container\">\n\t\t\t\t\t<div class=\"e-con-inner\">\n\t\t\t\t<div class=\"elementor-element elementor-element-a171dd6 elementor-widget elementor-widget-heading\" data-id=\"a171dd6\" data-element_type=\"widget\" data-widget_type=\"heading.default\">\n\t\t\t\t<div class=\"elementor-widget-container\">\n\t\t\t<style>\/*! elementor - v3.21.0 - 26-05-2024 *\/\n.elementor-heading-title{padding:0;margin:0;line-height:1}.elementor-widget-heading .elementor-heading-title[class*=elementor-size-]>a{color:inherit;font-size:inherit;line-height:inherit}.elementor-widget-heading .elementor-heading-title.elementor-size-small{font-size:15px}.elementor-widget-heading .elementor-heading-title.elementor-size-medium{font-size:19px}.elementor-widget-heading .elementor-heading-title.elementor-size-large{font-size:29px}.elementor-widget-heading .elementor-heading-title.elementor-size-xl{font-size:39px}.elementor-widget-heading .elementor-heading-title.elementor-size-xxl{font-size:59px}<\/style><h2 class=\"elementor-heading-title elementor-size-default\">FORMUL\u00c1RIO DE CONTATO<\/h2>\t\t<\/div>\n\t\t\t\t<\/div>\n\t\t\t\t<div class=\"elementor-element elementor-element-0d3f81f cf7-col elementor-widget elementor-widget-shortcode\" data-id=\"0d3f81f\" data-element_type=\"widget\" data-widget_type=\"shortcode.default\">\n\t\t\t\t<div class=\"elementor-widget-container\">\n\t\t\t\t\t<div class=\"elementor-shortcode\"><div class=\"cf7-contact-us\"><div class=\"cf7sg-container\"><div id=\"cf7sg-form-contact-form-all-services-pt\" class=\"cf7-smart-grid has-grid key_contact-form-all-services-pt\">\n<div class=\"wpcf7 no-js\" id=\"wpcf7-f283-o1\" lang=\"\" dir=\"ltr\" data-wpcf7-id=\"283\">\n<div class=\"screen-reader-response\"><p role=\"status\" aria-live=\"polite\" aria-atomic=\"true\"><\/p> <ul><\/ul><\/div>\n<form action=\"\/pt\/wp-json\/wp\/v2\/pages\/31#wpcf7-f283-o1\" method=\"post\" class=\"wpcf7-form init\" aria-label=\"Formul\u00e1rio de contacto\" novalidate=\"novalidate\" data-status=\"init\">\n<div style=\"display: none;\">\n<input type=\"hidden\" name=\"_wpcf7\" value=\"283\" \/>\n<input type=\"hidden\" name=\"_wpcf7_version\" value=\"6.0\" \/>\n<input type=\"hidden\" name=\"_wpcf7_locale\" value=\"\" \/>\n<input type=\"hidden\" name=\"_wpcf7_unit_tag\" value=\"wpcf7-f283-o1\" \/>\n<input type=\"hidden\" name=\"_wpcf7_container_post\" value=\"0\" \/>\n<input type=\"hidden\" name=\"_wpcf7_posted_data_hash\" value=\"\" \/>\n<input type=\"hidden\" name=\"_wpcf7cf_hidden_group_fields\" value=\"[]\" \/>\n<input type=\"hidden\" name=\"_wpcf7cf_hidden_groups\" value=\"[]\" \/>\n<input type=\"hidden\" name=\"_wpcf7cf_visible_groups\" value=\"[]\" \/>\n<input type=\"hidden\" name=\"_wpcf7cf_repeaters\" value=\"[]\" \/>\n<input type=\"hidden\" name=\"_wpcf7cf_steps\" value=\"{}\" \/>\n<input type=\"hidden\" name=\"_wpcf7cf_options\" value=\"{&quot;form_id&quot;:283,&quot;conditions&quot;:[{&quot;then_field&quot;:&quot;groupBoetekeuze&quot;,&quot;and_rules&quot;:[{&quot;if_field&quot;:&quot;Diensten&quot;,&quot;operator&quot;:&quot;equals&quot;,&quot;if_value&quot;:&quot;Pagamento de multas internacionais&quot;}]},{&quot;then_field&quot;:&quot;grouplandkeuze&quot;,&quot;and_rules&quot;:[{&quot;if_field&quot;:&quot;werelddeel&quot;,&quot;operator&quot;:&quot;equals&quot;,&quot;if_value&quot;:&quot;Europa&quot;}]},{&quot;then_field&quot;:&quot;groupadresgegevensOverige&quot;,&quot;and_rules&quot;:[{&quot;if_field&quot;:&quot;werelddeel&quot;,&quot;operator&quot;:&quot;equals&quot;,&quot;if_value&quot;:&quot;Outro&quot;}]},{&quot;then_field&quot;:&quot;groupChauffeurs&quot;,&quot;and_rules&quot;:[{&quot;if_field&quot;:&quot;Diensten&quot;,&quot;operator&quot;:&quot;equals&quot;,&quot;if_value&quot;:&quot;An\\u00e1lise de tacografo&quot;}]},{&quot;then_field&quot;:&quot;groupChauffeurs&quot;,&quot;and_rules&quot;:[{&quot;if_field&quot;:&quot;Diensten&quot;,&quot;operator&quot;:&quot;equals&quot;,&quot;if_value&quot;:&quot;Lei sobre o sal\\u00e1rio m\\u00ednimo&quot;}]},{&quot;then_field&quot;:&quot;groupKentekens&quot;,&quot;and_rules&quot;:[{&quot;if_field&quot;:&quot;Diensten&quot;,&quot;operator&quot;:&quot;equals&quot;,&quot;if_value&quot;:&quot;An\\u00e1lise de tacografo&quot;}]}],&quot;settings&quot;:{&quot;animation&quot;:&quot;yes&quot;,&quot;animation_intime&quot;:200,&quot;animation_outtime&quot;:200,&quot;conditions_ui&quot;:&quot;normal&quot;,&quot;notice_dismissed&quot;:false}}\" \/>\n<input type=\"hidden\" name=\"_wpcf7_key\" value=\"contact-form-all-services-pt\" \/>\n<input type=\"hidden\" name=\"_cf7sg_toggles\" value=\"\" \/>\n<input type=\"hidden\" name=\"_cf7sg_version\" value=\"4.15.8\" \/>\n<input type=\"hidden\" name=\"_wpnonce\" value=\"9eeac5b585\" \/>\n<\/div>\n<div class=\"container\">\n  <div class=\"row\">\n    <label class=\"label-required-field\">Os campos marcados com <em>*<\/em> s\u00e3o de preenchimento obrigat\u00f3rio.<\/label>\n    <p>\n      <label>Primeiro e \u00faltimo nome <em>*<\/em><\/label> <span class=\"wpcf7-form-control-wrap\" data-name=\"voorenachternaam\"><input size=\"40\" maxlength=\"400\" class=\"wpcf7-form-control wpcf7-text wpcf7-validates-as-required\" aria-required=\"true\" aria-invalid=\"false\" value=\"\" type=\"text\" name=\"voorenachternaam\" \/><\/span>\n    <\/p>\n    <p>\n      <label>Nome da sua empresa <em>*<\/em><\/label> <span class=\"wpcf7-form-control-wrap\" data-name=\"bedrijfsnaam\"><input size=\"40\" maxlength=\"400\" class=\"wpcf7-form-control wpcf7-text wpcf7-validates-as-required\" aria-required=\"true\" aria-invalid=\"false\" value=\"\" type=\"text\" name=\"bedrijfsnaam\" \/><\/span>\n    <\/p>\n    <p>\n      <label>Rua e n\u00famero da porta<\/label> <span class=\"wpcf7-form-control-wrap\" data-name=\"straatenhuisnummer\"><input size=\"40\" maxlength=\"400\" class=\"wpcf7-form-control wpcf7-text\" aria-invalid=\"false\" value=\"\" type=\"text\" name=\"straatenhuisnummer\" \/><\/span>\n    <\/p>\n    <p>\n      <label>C\u00f3digo postal<\/label> <span class=\"wpcf7-form-control-wrap\" data-name=\"postcode\"><input size=\"40\" maxlength=\"400\" class=\"wpcf7-form-control wpcf7-text\" aria-invalid=\"false\" value=\"\" type=\"text\" name=\"postcode\" \/><\/span>\n    <\/p>\n    <p>\n      <label>Lugar<\/label> <span class=\"wpcf7-form-control-wrap\" data-name=\"plaats\"><input size=\"40\" maxlength=\"400\" class=\"wpcf7-form-control wpcf7-text\" aria-invalid=\"false\" value=\"\" type=\"text\" name=\"plaats\" \/><\/span>\n    <\/p>\n    <label>Que parte do mundo voc\u00ea est\u00e1 localizado?<\/label> <span class=\"wpcf7-form-control-wrap\" data-name=\"werelddeel\"><span class=\"wpcf7-form-control wpcf7-radio\"><span class=\"wpcf7-list-item first\"><input type=\"radio\" name=\"werelddeel\" value=\"Europa\" checked=\"checked\" \/><span class=\"wpcf7-list-item-label\">Europa<\/span><\/span><span class=\"wpcf7-list-item last\"><input type=\"radio\" name=\"werelddeel\" value=\"Outro\" \/><span class=\"wpcf7-list-item-label\">Outro<\/span><\/span><\/span><\/span> <div data-id=\"grouplandkeuze\" data-orig_data_id=\"grouplandkeuze\"  data-class=\"wpcf7cf_group\"> <span class=\"wpcf7-form-control-wrap\" data-name=\"kiesland\"><select class=\"wpcf7-form-control wpcf7-select wpcf7-validates-as-required\" aria-required=\"true\" aria-invalid=\"false\" name=\"kiesland\"><option value=\"Selecionar pa\u00eds\">Selecionar pa\u00eds<\/option><option value=\"Alb\u00e2nia\">Alb\u00e2nia<\/option><option value=\"Andorra\">Andorra<\/option><option value=\"B\u00e9lgica\">B\u00e9lgica<\/option><option value=\"B\u00f3snia e Herzegovina\">B\u00f3snia e Herzegovina<\/option><option value=\"Bulg\u00e1ria\">Bulg\u00e1ria<\/option><option value=\"Dinamarca\">Dinamarca<\/option><option value=\"Alemanha\">Alemanha<\/option><option value=\"Est\u00f4nia\">Est\u00f4nia<\/option><option value=\"Finl\u00e2ndia\">Finl\u00e2ndia<\/option><option value=\"Fran\u00e7a\">Fran\u00e7a<\/option><option value=\"Gr\u00e9cia\">Gr\u00e9cia<\/option><option value=\"Hungria\">Hungria<\/option><option value=\"Isl\u00e2ndia Irlanda\">Isl\u00e2ndia Irlanda<\/option><option value=\"It\u00e1lia\">It\u00e1lia<\/option><option value=\"Kosovo\">Kosovo<\/option><option value=\"Cro\u00e1cia\">Cro\u00e1cia<\/option><option value=\"Let\u00f3nia\">Let\u00f3nia<\/option><option value=\"Liechtenstein\">Liechtenstein<\/option><option value=\"Litu\u00e2nia\">Litu\u00e2nia<\/option><option value=\"Malta\">Malta<\/option><option value=\"Mold\u00e1via\">Mold\u00e1via<\/option><option value=\"M\u00f3naco\">M\u00f3naco<\/option><option value=\"Montenegro\">Montenegro<\/option><option value=\"Pa\u00edses Baixos\">Pa\u00edses Baixos<\/option><option value=\"Norte da Maced\u00f3nia\">Norte da Maced\u00f3nia<\/option><option value=\"Noruega\">Noruega<\/option><option value=\"Ucr\u00e2nia\">Ucr\u00e2nia<\/option><option value=\"\u00c1ustria\">\u00c1ustria<\/option><option value=\"Pol\u00f3nia\">Pol\u00f3nia<\/option><option value=\"Portugal\">Portugal<\/option><option value=\"Rom\u00e9nia\">Rom\u00e9nia<\/option><option value=\"San Marino\">San Marino<\/option><option value=\"S\u00e9rvia\">S\u00e9rvia<\/option><option value=\"Eslov\u00e9nia\">Eslov\u00e9nia<\/option><option value=\"Eslov\u00e1quia\">Eslov\u00e1quia<\/option><option value=\"Espanha\">Espanha<\/option><option value=\"Rep\u00fablica Checa\">Rep\u00fablica Checa<\/option><option value=\"Cidade do Vaticano\">Cidade do Vaticano<\/option><option value=\"Reino Unido\">Reino Unido<\/option><option value=\"Bielorr\u00fassia\">Bielorr\u00fassia<\/option><option value=\"Su\u00e9cia\">Su\u00e9cia<\/option><option value=\"Su\u00ed\u00e7a\">Su\u00ed\u00e7a<\/option><\/select><\/span> <\/div> <div data-id=\"groupadresgegevensOverige\" data-orig_data_id=\"groupadresgegevensOverige\"  data-class=\"wpcf7cf_group\">\n    <p>\n      <label>Pa\u00eds <em>*<\/em><\/label> <span class=\"wpcf7-form-control-wrap\" data-name=\"land\"><input size=\"40\" maxlength=\"400\" class=\"wpcf7-form-control wpcf7-text wpcf7-validates-as-required\" aria-required=\"true\" aria-invalid=\"false\" value=\"\" type=\"text\" name=\"land\" \/><\/span>\n    <\/p>\n    <\/div>\n    <br>\n    <p>\n      <label class=\"f-height\"><span>Email <em>*<\/em><\/span><\/label> <span class=\"wpcf7-form-control-wrap\" data-name=\"email\"><input size=\"40\" maxlength=\"400\" class=\"wpcf7-form-control wpcf7-email wpcf7-validates-as-required wpcf7-text wpcf7-validates-as-email\" aria-required=\"true\" aria-invalid=\"false\" value=\"\" type=\"email\" name=\"email\" \/><\/span>\n    <\/p>\n    <p>\n      <label class=\"f-height\"><span>Contato telef\u00f3nico <em>*<\/em> (nota\u00e7\u00e3o internacional, por exemplo: +31850719600)<\/span><\/label> <span class=\"wpcf7-form-control-wrap\" data-name=\"uwtelefoonnummer\"><input size=\"40\" maxlength=\"400\" class=\"wpcf7-form-control wpcf7-tel wpcf7-validates-as-required wpcf7-text wpcf7-validates-as-tel\" aria-required=\"true\" aria-invalid=\"false\" value=\"\" type=\"tel\" name=\"uwtelefoonnummer\" \/><\/span>\n    <\/p>\n    <label>Estou interessado em:<\/label> <span class=\"wpcf7-form-control-wrap\" data-name=\"Diensten\"><span class=\"wpcf7-form-control wpcf7-checkbox\"><span class=\"wpcf7-list-item first\"><input type=\"checkbox\" name=\"Diensten[]\" value=\"Pagamento de multas internacionais\" \/><span class=\"wpcf7-list-item-label\">Pagamento de multas internacionais<\/span><\/span><span class=\"wpcf7-list-item\"><input type=\"checkbox\" name=\"Diensten[]\" value=\"Cart\u00e3o de pagamento\" \/><span class=\"wpcf7-list-item-label\">Cart\u00e3o de pagamento<\/span><\/span><span class=\"wpcf7-list-item\"><input type=\"checkbox\" name=\"Diensten[]\" value=\"Servi\u00e7os jur\u00eddicos\" \/><span class=\"wpcf7-list-item-label\">Servi\u00e7os jur\u00eddicos<\/span><\/span><span class=\"wpcf7-list-item\"><input type=\"checkbox\" name=\"Diensten[]\" value=\"Lei sobre o sal\u00e1rio m\u00ednimo\" \/><span class=\"wpcf7-list-item-label\">Lei sobre o sal\u00e1rio m\u00ednimo<\/span><\/span><span class=\"wpcf7-list-item\"><input type=\"checkbox\" name=\"Diensten[]\" value=\"PIP \/ GDPR portal seguro\" \/><span class=\"wpcf7-list-item-label\">PIP \/ GDPR portal seguro<\/span><\/span><span class=\"wpcf7-list-item\"><input type=\"checkbox\" name=\"Diensten[]\" value=\"An\u00e1lise de tacografo\" \/><span class=\"wpcf7-list-item-label\">An\u00e1lise de tacografo<\/span><\/span><span class=\"wpcf7-list-item\"><input type=\"checkbox\" name=\"Diensten[]\" value=\"Gest\u00e3o de frotas\" \/><span class=\"wpcf7-list-item-label\">Gest\u00e3o de frotas<\/span><\/span><span class=\"wpcf7-list-item\"><input type=\"checkbox\" name=\"Diensten[]\" value=\"Solu\u00e7\u00e3o de portagem\" \/><span class=\"wpcf7-list-item-label\">Solu\u00e7\u00e3o de portagem<\/span><\/span><span class=\"wpcf7-list-item\"><input type=\"checkbox\" name=\"Diensten[]\" value=\"IVA e impostos especiais de consumos\" \/><span class=\"wpcf7-list-item-label\">IVA e impostos especiais de consumos<\/span><\/span><span class=\"wpcf7-list-item\"><input type=\"checkbox\" name=\"Diensten[]\" value=\"Servi\u00e7os de tradu\u00e7\u00e3o\" \/><span class=\"wpcf7-list-item-label\">Servi\u00e7os de tradu\u00e7\u00e3o<\/span><\/span><span class=\"wpcf7-list-item\"><input type=\"checkbox\" name=\"Diensten[]\" value=\"Pedido de licen\u00e7as especiais\" \/><span class=\"wpcf7-list-item-label\">Pedido de licen\u00e7as especiais<\/span><\/span><span class=\"wpcf7-list-item last\"><input type=\"checkbox\" name=\"Diensten[]\" value=\"A newsletter\" \/><span class=\"wpcf7-list-item-label\">A newsletter<\/span><\/span><\/span><\/span> <div data-id=\"groupChauffeurs\" data-orig_data_id=\"groupChauffeurs\"  data-class=\"wpcf7cf_group\">\n    <label>Quantos condutores emprega?<\/label> <span class=\"wpcf7-form-control-wrap\" data-name=\"numberChauffeurs\"><input class=\"wpcf7-form-control wpcf7-number wpcf7-validates-as-number\" min=\"0\" max=\"1000\" aria-invalid=\"false\" placeholder=\"N\u00famero de motoristas\" value=\"\" type=\"number\" name=\"numberChauffeurs\" \/><\/span>\n    <br><\/div> <div data-id=\"groupKentekens\" data-orig_data_id=\"groupKentekens\"  data-class=\"wpcf7cf_group\">\n    <label>Quantos cami\u00f5es tem?<\/label> <span class=\"wpcf7-form-control-wrap\" data-name=\"numberKentekens\"><input class=\"wpcf7-form-control wpcf7-number wpcf7-validates-as-number\" min=\"0\" max=\"1000\" aria-invalid=\"false\" placeholder=\"Numero placas de licen\u00e7a\" value=\"\" type=\"number\" name=\"numberKentekens\" \/><\/span>\n    <br><\/div> <div data-id=\"groupBoetekeuze\" data-orig_data_id=\"groupBoetekeuze\"  data-class=\"wpcf7cf_group\">\n    <label>Escolha o seu servi\u00e7o de penalidades desejado:<\/label> <span class=\"wpcf7-form-control-wrap\" data-name=\"boete\"><select class=\"wpcf7-form-control wpcf7-select wpcf7-validates-as-required\" aria-required=\"true\" aria-invalid=\"false\" name=\"boete\"><option value=\"\">--Fa\u00e7a sua escolha--<\/option><option value=\"Pague imediatamente\">Pague imediatamente<\/option><option value=\"Concurso\">Concurso<\/option><option value=\"Mais informa\u00e7\u00f5es sobre o meu bem\">Mais informa\u00e7\u00f5es sobre o meu bem<\/option><option value=\"Mais informa\u00e7\u00f5es Fine general\">Mais informa\u00e7\u00f5es Fine general<\/option><\/select><\/span>\n    <br><\/div>\n    <p class=\"wf\">\n      <label>Sua mensagem<\/label>\n    <\/p>\n    <p class=\"wf\">\n      <span class=\"wpcf7-form-control-wrap\" data-name=\"bericht\"><textarea cols=\"40\" rows=\"10\" maxlength=\"2000\" class=\"wpcf7-form-control wpcf7-textarea\" aria-invalid=\"false\" name=\"bericht\"><\/textarea><\/span> <span class=\"wpcf7-form-control-wrap\" data-name=\"agree\"><span class=\"wpcf7-form-control wpcf7-acceptance invert\"><span class=\"wpcf7-list-item\"><input type=\"checkbox\" name=\"agree\" value=\"1\" checked=\"checked\" class=\"agree\" aria-invalid=\"false\" \/><\/span><\/span><\/span> <input class=\"wpcf7-form-control wpcf7-submit has-spinner\" id=\"stickersubmit\" type=\"submit\" value=\"Enviar\" \/>\n    <\/p>\n  <\/div>\n<\/div><div class=\"wpcf7-response-output\" aria-hidden=\"true\"><\/div>\n<\/form>\n<\/div>\n<\/div><\/div><\/div><\/div>\n\t\t\t\t<\/div>\n\t\t\t\t<\/div>\n\t\t\t\t\t<\/div>\n\t\t\t\t<\/div>\n\t\t<div class=\"elementor-element elementor-element-0de46d9 e-con-full cf7-form-container__text e-flex e-con e-child\" data-id=\"0de46d9\" data-element_type=\"container\">\n\t\t\t\t<div class=\"elementor-element elementor-element-0490820 elementor-widget elementor-widget-heading\" data-id=\"0490820\" data-element_type=\"widget\" data-widget_type=\"heading.default\">\n\t\t\t\t<div class=\"elementor-widget-container\">\n\t\t\t<h2 class=\"elementor-heading-title elementor-size-default\">SEDE<\/h2>\t\t<\/div>\n\t\t\t\t<\/div>\n\t\t\t\t<div class=\"elementor-element elementor-element-766b8a8 elementor-widget elementor-widget-text-editor\" data-id=\"766b8a8\" data-element_type=\"widget\" data-widget_type=\"text-editor.default\">\n\t\t\t\t<div class=\"elementor-widget-container\">\n\t\t\t\t\t\t\t<p><strong>NL<br \/><\/strong>Transport in Nood B.V.<br \/>Flevolaan 27-G<br \/>1382 JX Weesp<br \/>Nederland<\/p><p><strong>DE<\/strong><br \/>Transport in Not GmbH<br \/>Briener Strasse 9-13<br \/>47533 Kleve<br \/>Deutschland<\/p><p><strong>CONTACTO<br \/><\/strong>Tel: +31(0)85 0719 600<\/p>\t\t\t\t\t\t<\/div>\n\t\t\t\t<\/div>\n\t\t\t\t<div class=\"elementor-element elementor-element-e23aea1 elementor-widget elementor-widget-text-editor\" data-id=\"e23aea1\" data-element_type=\"widget\" data-widget_type=\"text-editor.default\">\n\t\t\t\t<div class=\"elementor-widget-container\">\n\t\t\t\t\t\t\t<h3>DADOS DA EMPRESA<\/h3><p><strong>NL<\/strong><br \/>Transport in Nood B.V.<br \/>BTW: NL820131854B01<br \/>KvK: 34318508<\/p><p><strong>DE<\/strong><br \/>Transport in Not GmbH<br \/>Ust-idNr: DE338110865<br \/>HRB: 32408<\/p><p><strong>HU<\/strong><br \/>TIN Support Kft<br \/>Ad\u00f3sz\u00e1m: HU27793082<br \/>C\u00e9gjegyz\u00e9ksz\u00e1m: 11-09-029491<\/p>\t\t\t\t\t\t<\/div>\n\t\t\t\t<\/div>\n\t\t\t\t<\/div>\n\t\t\t\t\t<\/div>\n\t\t\t\t<\/div>\n\t\t\t\t\t<\/div>\n\t\t\t\t<\/div>\n\t\t\t\t<\/div>\n\t\t","protected":false},"excerpt":{"rendered":"<p>Bij Transport In Nood worden de complexiteiten van de EU IMI\/detacheringswetgeving vereenvoudigd en helpen wij u bij onvoorziene problemen, zodat u zich helemaal kunt richten op het allerbelangrijkste: uw onderneming. Neem daarom contact op. We vertellen u graag meer over naadloze compliance en effici\u00ebnte ondersteuning.<\/p>\n","protected":false},"author":1,"featured_media":643,"parent":0,"menu_order":9,"comment_status":"closed","ping_status":"closed","template":"","meta":{"_acf_changed":true,"footnotes":""},"class_list":["post-31","page","type-page","status-publish","has-post-thumbnail","hentry"],"acf":[],"_links":{"self":[{"href":"https:\/\/tin.eu\/pt\/wp-json\/wp\/v2\/pages\/31","targetHints":{"allow":["GET"]}}],"collection":[{"href":"https:\/\/tin.eu\/pt\/wp-json\/wp\/v2\/pages"}],"about":[{"href":"https:\/\/tin.eu\/pt\/wp-json\/wp\/v2\/types\/page"}],"author":[{"embeddable":true,"href":"https:\/\/tin.eu\/pt\/wp-json\/wp\/v2\/users\/1"}],"replies":[{"embeddable":true,"href":"https:\/\/tin.eu\/pt\/wp-json\/wp\/v2\/comments?post=31"}],"version-history":[{"count":1,"href":"https:\/\/tin.eu\/pt\/wp-json\/wp\/v2\/pages\/31\/revisions"}],"predecessor-version":[{"id":32,"href":"https:\/\/tin.eu\/pt\/wp-json\/wp\/v2\/pages\/31\/revisions\/32"}],"wp:featuredmedia":[{"embeddable":true,"href":"https:\/\/tin.eu\/pt\/wp-json\/wp\/v2\/media\/643"}],"wp:attachment":[{"href":"https:\/\/tin.eu\/pt\/wp-json\/wp\/v2\/media?parent=31"}],"curies":[{"name":"wp","href":"https:\/\/api.w.org\/{rel}","templated":true}]}}