{"id":3,"date":"2024-04-09T07:48:35","date_gmt":"2024-04-09T07:48:35","guid":{"rendered":"https:\/\/tin.eu\/?page_id=3"},"modified":"2024-12-17T12:00:44","modified_gmt":"2024-12-17T11:00:44","slug":"privacy-policy","status":"publish","type":"page","link":"https:\/\/tin.eu\/pt\/privacy-policy\/","title":{"rendered":"Privacybeleid"},"content":{"rendered":"\t\t<div data-elementor-type=\"wp-page\" data-elementor-id=\"3\" class=\"elementor elementor-3\" data-elementor-post-type=\"page\">\n\t\t\t\t<div class=\"elementor-element elementor-element-315e574 header e-flex e-con-boxed e-con e-parent\" data-id=\"315e574\" data-element_type=\"container\">\n\t\t\t\t\t<div class=\"e-con-inner\">\n\t\t<div class=\"elementor-element elementor-element-43d575c container e-flex e-con-boxed e-con e-child\" data-id=\"43d575c\" data-element_type=\"container\">\n\t\t\t\t\t<div class=\"e-con-inner\">\n\t\t\t\t<div class=\"elementor-element elementor-element-3d97493 elementor-widget elementor-widget-heading\" data-id=\"3d97493\" data-element_type=\"widget\" data-widget_type=\"heading.default\">\n\t\t\t\t<div class=\"elementor-widget-container\">\n\t\t\t<style>\/*! elementor - v3.21.0 - 26-05-2024 *\/\n.elementor-heading-title{padding:0;margin:0;line-height:1}.elementor-widget-heading .elementor-heading-title[class*=elementor-size-]>a{color:inherit;font-size:inherit;line-height:inherit}.elementor-widget-heading .elementor-heading-title.elementor-size-small{font-size:15px}.elementor-widget-heading .elementor-heading-title.elementor-size-medium{font-size:19px}.elementor-widget-heading .elementor-heading-title.elementor-size-large{font-size:29px}.elementor-widget-heading .elementor-heading-title.elementor-size-xl{font-size:39px}.elementor-widget-heading .elementor-heading-title.elementor-size-xxl{font-size:59px}<\/style><h1 class=\"elementor-heading-title elementor-size-default\">Pol\u00edtica de Privacidade<\/h1>\t\t<\/div>\n\t\t\t\t<\/div>\n\t\t\t\t\t<\/div>\n\t\t\t\t<\/div>\n\t\t\t\t\t<\/div>\n\t\t\t\t<\/div>\n\t\t<div class=\"elementor-element elementor-element-dee07f4 e-flex e-con-boxed e-con e-parent\" data-id=\"dee07f4\" data-element_type=\"container\">\n\t\t\t\t\t<div class=\"e-con-inner\">\n\t\t<div class=\"elementor-element elementor-element-0aedb5d container e-flex e-con-boxed e-con e-child\" data-id=\"0aedb5d\" data-element_type=\"container\">\n\t\t\t\t\t<div class=\"e-con-inner\">\n\t\t\t\t<div class=\"elementor-element elementor-element-d321cfe elementor-widget elementor-widget-shortcode\" data-id=\"d321cfe\" data-element_type=\"widget\" data-widget_type=\"shortcode.default\">\n\t\t\t\t<div class=\"elementor-widget-container\">\n\t\t\t\t\t<div class=\"elementor-shortcode\">\n  <script type=\"text\/javascript\" id=\"google-translate-script\">\n  function googleTranslateElementInit() {\n      \/\/ pages for lawyers are translated into only 4 languages\n      let translated = ['nl','en','de','pt','hu','sl'];\n      let lang_code;\n\n\t\t\tif ( translated.includes(document.querySelector(\".site-language-slug\").innerHTML) ) {\n        lang_code = document.querySelector(\".site-language-slug\").innerHTML;\n      }\n      else {\n        lang_code = 'nl';\n      }\n\n      new google.translate.TranslateElement(\n          {pageLanguage: lang_code},\n          'google_translate_element'\n      );\n  }\n  <\/script>\n  <script type=\"text\/javascript\" id=\"google-translate-code\" src=\"https:\/\/translate.google.com\/translate_a\/element.js?cb=googleTranslateElementInit#googtrans(fr)\"><\/script>\n  <div id=\"google_translate_element\"><\/div>\n  <\/div>\n\t\t\t\t<\/div>\n\t\t\t\t<\/div>\n\t\t\t\t<div class=\"elementor-element elementor-element-ad675e3 elementor-widget elementor-widget-text-editor\" data-id=\"ad675e3\" data-element_type=\"widget\" data-widget_type=\"text-editor.default\">\n\t\t\t\t<div class=\"elementor-widget-container\">\n\t\t\t<style>\/*! elementor - v3.21.0 - 26-05-2024 *\/\n.elementor-widget-text-editor.elementor-drop-cap-view-stacked .elementor-drop-cap{background-color:#69727d;color:#fff}.elementor-widget-text-editor.elementor-drop-cap-view-framed .elementor-drop-cap{color:#69727d;border:3px solid;background-color:transparent}.elementor-widget-text-editor:not(.elementor-drop-cap-view-default) .elementor-drop-cap{margin-top:8px}.elementor-widget-text-editor:not(.elementor-drop-cap-view-default) .elementor-drop-cap-letter{width:1em;height:1em}.elementor-widget-text-editor .elementor-drop-cap{float:left;text-align:center;line-height:1;font-size:50px}.elementor-widget-text-editor .elementor-drop-cap-letter{display:inline-block}<\/style>\t\t\t\t<h4 class=\"wp-block-heading\">TRANSPORT IN NOOD B.V.<\/h4><p>A Transport in Nood pode processar os seus dados pessoais, uma vez que utiliza os servi\u00e7os da Transport in Nood BV e \/ ou porque os forneceu ao preencher um formul\u00e1rio de contato no site da Transport in Nood BV. A transport in Nood BV pode processar os seguintes dados pessoais: \u2013 nome e apelido \u2013 nome da empresa \u2013 endere\u00e7o \u2013 n\u00fameros de telefone \u2013\u00a0 e-mail \u2013 endere\u00e7o IP e todos os dados necess\u00e1rios para os servi\u00e7os prestados.<\/p><h4 class=\"wp-block-heading\">PORQUE PRECISA A TRANSPORT IN NOOD B.V. DOS SEUS DADOS<\/h4><p><span class=\"jCAhz ChMk0b\"><span class=\"ryNqvb\">A Transport in Nood BV trata os seus dados pessoais para poder contact\u00e1-lo por telefone se nos solicitar e\/ou para o contactar por escrito (por e-mail e\/ou por correio) se n\u00e3o conseguirmos contact\u00e1-lo por telefone.<\/span><\/span> <span class=\"jCAhz ChMk0b\"><span class=\"ryNqvb\">Al\u00e9m disso, a Transport in Nood BV pode utilizar os seus dados pessoais no \u00e2mbito da execu\u00e7\u00e3o de um contrato celebrado consigo ou devido a uma obriga\u00e7\u00e3o legal. <\/span><\/span><\/p><p><span class=\"jCAhz ChMk0b\"><span class=\"ryNqvb\">O Transport in Nood BV recolhe dados de localiza\u00e7\u00e3o em tempo real do seu dispositivo m\u00f3vel, incluindo coordenadas GPS, para rastrear a sua navega\u00e7\u00e3o e rotas enquanto utiliza a aplica\u00e7\u00e3o e fornecer servi\u00e7os de navega\u00e7\u00e3o precisos e otimiza\u00e7\u00e3o de rotas.<\/span><\/span><\/p><h4 class=\"wp-block-heading\">DURANTE QUANTO TEMPO A TRANSPORT IN NOOD BV MANT\u00c9M OS SEUS DADOS<\/h4><p>A Transport in Nood BV mant\u00e9m os seus dados pessoais durante o tempo estritamente necess\u00e1rio para atingir os objetivos para os quais os seus dados s\u00e3o recolhidos ou exigidos por uma obriga\u00e7\u00e3o legal. Os seus dados ser\u00e3o mantidos no m\u00e1ximo durante um ano, caso nao seja assinado nenhum contrato.<\/p><h4 class=\"wp-block-heading\">PARTILHA COM OUTROS<\/h4><p>A Transport in Nood BV s\u00f3 partilha os seus dados pessoais com terceiros se for necess\u00e1rio para a elabora\u00e7\u00e3o de um contrato consigo ou para atender a um requisito legal.<\/p><h4 class=\"wp-block-heading\">COOKIES<\/h4><p>Utilizamos cookies no nosso site. Uma cookie \u00e9 um pequeno arquivo de texto que durante a sua visita a um site \u00e9 armazenado no seu computador, tablet, smartphone ou outro dispositivo. As cookies geralmente s\u00e3o usadas para permitir que os sites funcionem corretamente ou com mais efici\u00eancia. N\u00e3o usamos cookies para o seguir pessoalmente ou para o identificar. Utilizamos cookies para manter os seus dados sobre as sess\u00f5es como visitantes do nosso site. Pode configurar o seu navegador de Internet para que n\u00e3o salve as cookies. Al\u00e9m disso, pode tamb\u00e9m remover todas as informa\u00e7\u00f5es que foram armazenadas anteriormente atrav\u00e9s das configura\u00e7\u00f5es do seu navegador. Lembre-se que desta forma pode\u00a0 n\u00e3o ter acesso total a todas as fun\u00e7ionalidades do site.<\/p><h4 class=\"wp-block-heading\">GR\u00c1FICOS DE VISITAS AO SITE<\/h4><p>Os dados gerais de visitas s\u00e3o rastreados no site da Transport in Nood BV, incluindo o endere\u00e7o IP do seu computador e o tempo de recupera\u00e7\u00e3o e os dados que o seu navegador envia. Esta informa\u00e7\u00e3o \u00e9 usada para analisar o comportamento do visitante. A Transport in Nood BV usa estas informa\u00e7\u00f5es para melhorar o funcionamento do site. Estas informa\u00e7\u00f5es s\u00e3o anonimas e n\u00e3o s\u00e3o partilhadas com terceiros.<\/p><h4 class=\"wp-block-heading\">GOOGLE ANALYTICS<\/h4><p>A Transport in Nood BV usa o Google Analytics para rastrear o uso que os usu\u00e1rios fazem do site e qual a efic\u00e1cia dos an\u00fancios da Transport in Nood BV\u00a0 nas p\u00e1ginas de pesquisa do Google. A Transport in Nood BV n\u00e3o deu consentimento ao Google para usar as informa\u00e7\u00f5es do Analytics obtidas atrav\u00e9s da Transport in Nood BV para outros servi\u00e7os do Google.<\/p><h4 class=\"wp-block-heading\">ACESSO, ATUALIZA\u00c7\u00c3O OU REMO\u00c7\u00c3O DE DADOS<\/h4><p>Voc\u00ea tem o direito de aceder aos seus dados pessoais, de os corrigir ou de os remover. Pode enviar um pedido de acesso, corre\u00e7\u00e3o ou remo\u00e7\u00e3o para info@transportinnood.nl. A Transporte in Nood BV reagir\u00e1 ao seu pedido, com a maior rapidez poss\u00edvel, num periodo de quatro semanas.<\/p><h4 class=\"wp-block-heading\">SEGURAN\u00c7A<\/h4><p>A Transporte in Nood BV leva a s\u00e9rio a recolha dos seus dados e adotou medidas t\u00e9cnicas e organizacionais apropriadas (Regulamento Geral de Prote\u00e7\u00e3o de Dados do GDPR) para evitar abuso, perda, acesso n\u00e3o autorizado, publica\u00e7\u00e3o e altera\u00e7\u00e3o. No site da Transport in Nood BV \u00e9 utilizado um certificado SSL confi\u00e1vel para garantir que os seus dados pessoais n\u00e3o caiam nas m\u00e3os erradas. Se desconfiar que os seus dados n\u00e3o est\u00e3o devidamente protegidos ou houver indica\u00e7\u00f5es de abuso, ou, se desejar obter mais informa\u00e7\u00f5es sobre a prote\u00e7\u00e3o de dados pessoais recolhidos pela Transport in Nood BV, entre em contato com a Transport in Nood BV.<\/p><h4 class=\"wp-block-heading\">MAIS INFORMA\u00c7\u00d5ES<\/h4><p>Se tem a impress\u00e3o de que os seus dados n\u00e3o est\u00e3o devidamente protegidos ou existem ind\u00edcios de utiliza\u00e7\u00e3o indevida, ou se gostaria de mais informa\u00e7\u00f5es sobre a seguran\u00e7a do Transport in Nood B.V. coletou dados pessoais, entre em contato com Transport in Nood B.V. via info@transportinnood.nl.<br \/>www.transportinnood.nl \u00e9 um site da Transport in Nood B.V.<\/p><h4>Transporte em Nood BV pode ser alcan\u00e7ado da seguinte forma:<\/h4><p><strong>Endere\u00e7o comercial:<\/strong> <br \/>Flevolaan 27G, 1382 JX, Weesp.<\/p><p><strong>N\u00famero da C\u00e2mara de Com\u00e9rcio:<\/strong> 34318509<\/p><p><strong>Telefone:<\/strong> 085 071 9600<\/p>\t\t\t\t\t\t<\/div>\n\t\t\t\t<\/div>\n\t\t\t\t<div class=\"elementor-element elementor-element-8aa327a elementor-widget elementor-widget-spacer\" data-id=\"8aa327a\" data-element_type=\"widget\" data-widget_type=\"spacer.default\">\n\t\t\t\t<div class=\"elementor-widget-container\">\n\t\t\t<style>\/*! elementor - v3.21.0 - 26-05-2024 *\/\n.elementor-column .elementor-spacer-inner{height:var(--spacer-size)}.e-con{--container-widget-width:100%}.e-con-inner>.elementor-widget-spacer,.e-con>.elementor-widget-spacer{width:var(--container-widget-width,var(--spacer-size));--align-self:var(--container-widget-align-self,initial);--flex-shrink:0}.e-con-inner>.elementor-widget-spacer>.elementor-widget-container,.e-con>.elementor-widget-spacer>.elementor-widget-container{height:100%;width:100%}.e-con-inner>.elementor-widget-spacer>.elementor-widget-container>.elementor-spacer,.e-con>.elementor-widget-spacer>.elementor-widget-container>.elementor-spacer{height:100%}.e-con-inner>.elementor-widget-spacer>.elementor-widget-container>.elementor-spacer>.elementor-spacer-inner,.e-con>.elementor-widget-spacer>.elementor-widget-container>.elementor-spacer>.elementor-spacer-inner{height:var(--container-widget-height,var(--spacer-size))}.e-con-inner>.elementor-widget-spacer.elementor-widget-empty,.e-con>.elementor-widget-spacer.elementor-widget-empty{position:relative;min-height:22px;min-width:22px}.e-con-inner>.elementor-widget-spacer.elementor-widget-empty .elementor-widget-empty-icon,.e-con>.elementor-widget-spacer.elementor-widget-empty .elementor-widget-empty-icon{position:absolute;top:0;bottom:0;left:0;right:0;margin:auto;padding:0;width:22px;height:22px}<\/style>\t\t<div class=\"elementor-spacer\">\n\t\t\t<div class=\"elementor-spacer-inner\"><\/div>\n\t\t<\/div>\n\t\t\t\t<\/div>\n\t\t\t\t<\/div>\n\t\t\t\t\t<\/div>\n\t\t\t\t<\/div>\n\t\t\t\t\t<\/div>\n\t\t\t\t<\/div>\n\t\t\t\t<\/div>\n\t\t","protected":false},"excerpt":{"rendered":"<p>Transport in Nood kan persoonsgegevens over u verwerken, doordat u gebruik maakt van de diensten van Transport in Nood BV, en\/of omdat u deze zelf bij het invullen van een contactformulier op de website aan Transport in Nood BV verstrekt. Transport in Nood BV kan de volgende persoonsgegevens verwerken: \u2013 Uw voor- en achternaam \u2013 Uw bedrijfsnaam \u2013 Uw adresgegevens \u2013 Uw telefoonnummer(s) \u2013 Uw e-mailadres \u2013 Uw IP-adres en alle gegevens welke wij nodig zijn voor de aan u geleverde diensten en de financi\u00eble afwikkeling daarvan.<\/p>\n","protected":false},"author":1,"featured_media":448,"parent":0,"menu_order":16,"comment_status":"closed","ping_status":"open","template":"","meta":{"_acf_changed":false,"footnotes":""},"class_list":["post-3","page","type-page","status-publish","has-post-thumbnail","hentry"],"acf":[],"_links":{"self":[{"href":"https:\/\/tin.eu\/pt\/wp-json\/wp\/v2\/pages\/3","targetHints":{"allow":["GET"]}}],"collection":[{"href":"https:\/\/tin.eu\/pt\/wp-json\/wp\/v2\/pages"}],"about":[{"href":"https:\/\/tin.eu\/pt\/wp-json\/wp\/v2\/types\/page"}],"author":[{"embeddable":true,"href":"https:\/\/tin.eu\/pt\/wp-json\/wp\/v2\/users\/1"}],"replies":[{"embeddable":true,"href":"https:\/\/tin.eu\/pt\/wp-json\/wp\/v2\/comments?post=3"}],"version-history":[{"count":1,"href":"https:\/\/tin.eu\/pt\/wp-json\/wp\/v2\/pages\/3\/revisions"}],"predecessor-version":[{"id":928,"href":"https:\/\/tin.eu\/pt\/wp-json\/wp\/v2\/pages\/3\/revisions\/928"}],"wp:featuredmedia":[{"embeddable":true,"href":"https:\/\/tin.eu\/pt\/wp-json\/wp\/v2\/media\/448"}],"wp:attachment":[{"href":"https:\/\/tin.eu\/pt\/wp-json\/wp\/v2\/media?parent=3"}],"curies":[{"name":"wp","href":"https:\/\/api.w.org\/{rel}","templated":true}]}}