{"id":28,"date":"2024-04-09T09:55:33","date_gmt":"2024-04-09T09:55:33","guid":{"rendered":"https:\/\/tin.eu\/?page_id=28"},"modified":"2025-10-23T12:42:49","modified_gmt":"2025-10-23T10:42:49","slug":"about-us","status":"publish","type":"page","link":"https:\/\/tin.eu\/pt\/about-us\/","title":{"rendered":"Over ons"},"content":{"rendered":"\t\t<div data-elementor-type=\"wp-page\" data-elementor-id=\"28\" class=\"elementor elementor-28\" data-elementor-post-type=\"page\">\n\t\t\t\t<div class=\"elementor-element elementor-element-a5177af header e-flex e-con-boxed e-con e-parent\" data-id=\"a5177af\" data-element_type=\"container\">\n\t\t\t\t\t<div class=\"e-con-inner\">\n\t\t<div class=\"elementor-element elementor-element-ed50013 container e-flex e-con-boxed e-con e-child\" data-id=\"ed50013\" data-element_type=\"container\">\n\t\t\t\t\t<div class=\"e-con-inner\">\n\t\t\t\t<div class=\"elementor-element elementor-element-52abc99 elementor-widget elementor-widget-heading\" data-id=\"52abc99\" data-element_type=\"widget\" data-widget_type=\"heading.default\">\n\t\t\t\t<div class=\"elementor-widget-container\">\n\t\t\t<style>\/*! elementor - v3.21.0 - 26-05-2024 *\/\n.elementor-heading-title{padding:0;margin:0;line-height:1}.elementor-widget-heading .elementor-heading-title[class*=elementor-size-]>a{color:inherit;font-size:inherit;line-height:inherit}.elementor-widget-heading .elementor-heading-title.elementor-size-small{font-size:15px}.elementor-widget-heading .elementor-heading-title.elementor-size-medium{font-size:19px}.elementor-widget-heading .elementor-heading-title.elementor-size-large{font-size:29px}.elementor-widget-heading .elementor-heading-title.elementor-size-xl{font-size:39px}.elementor-widget-heading .elementor-heading-title.elementor-size-xxl{font-size:59px}<\/style><h1 class=\"elementor-heading-title elementor-size-default\">Sobre n\u00f3s<\/h1>\t\t<\/div>\n\t\t\t\t<\/div>\n\t\t\t\t\t<\/div>\n\t\t\t\t<\/div>\n\t\t\t\t\t<\/div>\n\t\t\t\t<\/div>\n\t\t<div class=\"elementor-element elementor-element-1687dfd container e-flex e-con-boxed e-con e-parent\" data-id=\"1687dfd\" data-element_type=\"container\">\n\t\t\t\t\t<div class=\"e-con-inner\">\n\t\t<div class=\"elementor-element elementor-element-445a82c service__row e-flex e-con-boxed e-con e-child\" data-id=\"445a82c\" data-element_type=\"container\">\n\t\t\t\t\t<div class=\"e-con-inner\">\n\t\t\t\t<div class=\"elementor-element elementor-element-fbabae1 col__service col__service_img col__service_img-about-us elementor-widget elementor-widget-text-editor\" data-id=\"fbabae1\" data-element_type=\"widget\" data-widget_type=\"text-editor.default\">\n\t\t\t\t<div class=\"elementor-widget-container\">\n\t\t\t<style>\/*! elementor - v3.21.0 - 26-05-2024 *\/\n.elementor-widget-text-editor.elementor-drop-cap-view-stacked .elementor-drop-cap{background-color:#69727d;color:#fff}.elementor-widget-text-editor.elementor-drop-cap-view-framed .elementor-drop-cap{color:#69727d;border:3px solid;background-color:transparent}.elementor-widget-text-editor:not(.elementor-drop-cap-view-default) .elementor-drop-cap{margin-top:8px}.elementor-widget-text-editor:not(.elementor-drop-cap-view-default) .elementor-drop-cap-letter{width:1em;height:1em}.elementor-widget-text-editor .elementor-drop-cap{float:left;text-align:center;line-height:1;font-size:50px}.elementor-widget-text-editor .elementor-drop-cap-letter{display:inline-block}<\/style>\t\t\t\t<p><img decoding=\"async\" class=\"alignnone size-full wp-image-332\" src=\"https:\/\/tin.eu\/wp-content\/uploads\/2024\/04\/truck-right-1.svg\" alt=\"TIN\" \/><\/p>\t\t\t\t\t\t<\/div>\n\t\t\t\t<\/div>\n\t\t\t\t<div class=\"elementor-element elementor-element-d794fe4 elementor-widget elementor-widget-text-editor\" data-id=\"d794fe4\" data-element_type=\"widget\" data-widget_type=\"text-editor.default\">\n\t\t\t\t<div class=\"elementor-widget-container\">\n\t\t\t\t\t\t\t<h2>Quem Somos<\/h2><p>A TIN \u00e9 o seu parceiro de confian\u00e7a na estrada. Fundada como Transport in Nood em 2008 por Ant\u00f3nio Oliveira, crescemos de uma \u00fanica miss\u00e3o, a de colocar os ve\u00edculos na estrada o mais rapidamente poss\u00edvel, para sermos um fornecedor de servi\u00e7os abrangente para a ind\u00fastria dos transportes. A nossa equipa \u00e9 formada por cerca de 20 profissionais e est\u00e1 empenhada em garantir que os transportadores possam concentrar-se nas suas tarefas principais, deixando os desafios para n\u00f3s.<\/p><h2>A nossa evolu\u00e7\u00e3o<\/h2><p>A TIN evoluiu significativamente desde a sua cria\u00e7\u00e3o. Inicialmente centrada em ajudar os transportadores a retomar rapidamente as suas viagens quando eram parados por qualquer raz\u00e3o, o nosso espetro de servi\u00e7os alargou-se amplamente. Atualmente, dispomos de uma vasta rede europeia, apoiando mais de 3200 cliente, com uma variedade de solu\u00e7\u00f5es personalizadas, desde a assist\u00eancia 24 horas para o pagamento de multas na estrada, at\u00e9 ao apoio jur\u00eddico na contesta\u00e7\u00e3o de multas, sistema de portagens abrangente, e um cart\u00e3o de pagamento, e muito mais.<\/p><h2>Digital e preparado para o futuro<\/h2><p>A transi\u00e7\u00e3o digital est\u00e1 a chegar de forma constante ao sector do transporte rodovi\u00e1rio internacional. Em resposta a este desenvolvimento e em antecipa\u00e7\u00e3o de uma maior digitaliza\u00e7\u00e3o, a TIN aproveitou a sua vasta experi\u00eancia para conceber um software e sistemas pr\u00f3prios. O nosso inovador sistema CRM, por exemplo, ligado a uma aplica\u00e7\u00e3o nos telem\u00f3veis dos motoristas, facilita a troca de informa\u00e7\u00f5es e documentos de controlo em tempo real entre motoristas, pessoal administrativo e autoridades competentes. Isto simplifica muito a log\u00edstica no cumprimento dos regulamentos nacionais e da UE. Para al\u00e9m disto, a nossa plataforma \u00e9 modular e pode ser facilmente expandida com novas funcionalidades \u00e0 medida que estas ficam dispon\u00edveis.<\/p><p>Como v\u00ea, com a TIN est\u00e1 preparado para o futuro.<\/p><h2>Compromisso<\/h2><p>Na TIN, a continuidade operacional e a satisfa\u00e7\u00e3o dos nossos clientes s\u00e3o a nossa principal prioridade. Quer seja atrav\u00e9s da nossa assist\u00eancia 24 horas, quer seja atrav\u00e9s das nossas solu\u00e7\u00f5es tecnol\u00f3gicas avan\u00e7adas ou do nosso conjunto abrangente de servi\u00e7os, estamos empenhados em fornecer-lhe o apoio de que necessita, quando necessitar.<\/p><h2>Vamos conhecer-nos<\/h2><p>Somos mais do que apenas um fornecedor de servi\u00e7os; somos o seu parceiro em todas as viagens. Contacte-nos hoje para saber mais sobre os nossos servi\u00e7os e como podemos responder \u00e0s suas necessidades espec\u00edficas no caminho para o seu sucesso.<\/p><p>Experimente a paz de esp\u00edrito que adv\u00e9m de ter a TIN como parceiro e a bordo do seu ve\u00edculo. Teremos todo o gosto em receb\u00ea-lo como nosso cliente.<\/p>\t\t\t\t\t\t<\/div>\n\t\t\t\t<\/div>\n\t\t\t\t\t<\/div>\n\t\t\t\t<\/div>\n\t\t\t\t\t<\/div>\n\t\t\t\t<\/div>\n\t\t<div class=\"elementor-element elementor-element-457e77b about-us e-flex e-con-boxed e-con e-parent\" data-id=\"457e77b\" data-element_type=\"container\">\n\t\t\t\t\t<div class=\"e-con-inner\">\n\t\t<div class=\"elementor-element elementor-element-7a1ce95 about-us__container e-flex e-con-boxed e-con e-child\" data-id=\"7a1ce95\" data-element_type=\"container\">\n\t\t\t\t\t<div class=\"e-con-inner\">\n\t\t\t\t<div class=\"elementor-element elementor-element-17bd522 elementor-widget elementor-widget-text-editor\" data-id=\"17bd522\" data-element_type=\"widget\" data-widget_type=\"text-editor.default\">\n\t\t\t\t<div class=\"elementor-widget-container\">\n\t\t\t\t\t\t\t<em>Ant\u00f3nio Oliveira e a sua esposa, Monica Cruz Oliveira, lan\u00e7am a Transport in Nood a partir da mesa da cozinha de um apartamento em Amesterd\u00e3o. Falando quatro l\u00ednguas, a dupla assegura o pagamento r\u00e1pido de multas no local, organizando entregas de dinheiro na estrada aos condutores dos ve\u00edculos imobilizados. \u00c9 preenchido um nicho de mercado, nasce uma empresa e cresce uma rede rapidamente.<\/em>\n<h3><strong>2008<\/strong>\nestabelecimento<\/h3>\t\t\t\t\t\t<\/div>\n\t\t\t\t<\/div>\n\t\t\t\t<div class=\"elementor-element elementor-element-9c01361 elementor-widget elementor-widget-text-editor\" data-id=\"9c01361\" data-element_type=\"widget\" data-widget_type=\"text-editor.default\">\n\t\t\t\t<div class=\"elementor-widget-container\">\n\t\t\t\t\t\t\t<p><em>O sucesso da TIN leva Ant\u00f3nio e Monica a alugar um modesto espa\u00e7o de escrit\u00f3rio e a contratar Michiel, o seu primeiro colaborador. Com a entrada de receitas, os jovens empres\u00e1rios familiarizam-se cada vez mais com o sector europeu do transporte rodovi\u00e1rio de mercadorias e estudam oportunidades de expans\u00e3o dos servi\u00e7os.<\/em><\/p><h3><strong>2009<\/strong><br \/>30 clientes<br \/>2 funcion\u00e1rios<br \/>500 motoristas<\/h3>\t\t\t\t\t\t<\/div>\n\t\t\t\t<\/div>\n\t\t\t\t<div class=\"elementor-element elementor-element-1fdcbcc elementor-widget elementor-widget-text-editor\" data-id=\"1fdcbcc\" data-element_type=\"widget\" data-widget_type=\"text-editor.default\">\n\t\t\t\t<div class=\"elementor-widget-container\">\n\t\t\t\t\t\t\t<p><em>A TIN identificou a procura do mercado para facilitar e gerir as despesas internacionais dos motoristas em geral e desenvolveu o cart\u00e3o de pagamento TIN em conjunto com a VISA. Em 2012, 5.000 condutores de cami\u00f5es europeus tinham o cart\u00e3o de pagamento na carteira.<\/em><\/p><h3><strong>2012 <\/strong><br \/>450 clientes<br \/>10 funcion\u00e1rios<br \/>5.000 motoristas<\/h3>\t\t\t\t\t\t<\/div>\n\t\t\t\t<\/div>\n\t\t\t\t<div class=\"elementor-element elementor-element-b6ffdb1 elementor-widget elementor-widget-text-editor\" data-id=\"b6ffdb1\" data-element_type=\"widget\" data-widget_type=\"text-editor.default\">\n\t\t\t\t<div class=\"elementor-widget-container\">\n\t\t\t\t\t\t\t<p><em>A TIN continua o seu crescimento constante, empregando dez pessoas a tempo inteiro. A empresa abandona as suas instala\u00e7\u00f5es, agora pequenas, e instala-se em novos escrit\u00f3rios na sua atual localiza\u00e7\u00e3o em Weesp, a sul de Amesterd\u00e3o, nos Pa\u00edses Baixos.<\/em><\/p><h3><strong>2015 <\/strong><br \/>1.000 clientes<br \/>16 funcion\u00e1rios<br \/>6.000 motoristas<\/h3>\t\t\t\t\t\t<\/div>\n\t\t\t\t<\/div>\n\t\t\t\t<div class=\"elementor-element elementor-element-3fde6fb elementor-widget elementor-widget-text-editor\" data-id=\"3fde6fb\" data-element_type=\"widget\" data-widget_type=\"text-editor.default\">\n\t\t\t\t<div class=\"elementor-widget-container\">\n\t\t\t\t\t\t\t<p><em>A TIN atrai um n\u00famero crescente de clientes no estrangeiro. Para responder \u00e0 procura a leste, \u00e9 criada uma primeira filial na Alemanha. Uma segunda \u00e9 criada em Portugal, terra natal dos pais de Ant\u00f3nio e M\u00f3nica, para servir de ponte importante para o Brasil, pa\u00eds que facilita os pagamentos noturnos na Europa, quando os bancos europeus est\u00e3o fechados.<\/em><\/p><h3><strong>2016 <\/strong><br \/>1.920 clientes<br \/>20 funcion\u00e1rios<br \/>8.000 motoristas<\/h3>\t\t\t\t\t\t<\/div>\n\t\t\t\t<\/div>\n\t\t\t\t<div class=\"elementor-element elementor-element-f79eea9 elementor-widget elementor-widget-text-editor\" data-id=\"f79eea9\" data-element_type=\"widget\" data-widget_type=\"text-editor.default\">\n\t\t\t\t<div class=\"elementor-widget-container\">\n\t\t\t\t\t\t\t<p><em>H\u00e1 dez anos em atividade, a TIN comemora com o seu mil\u00e9simo cliente. Estes clientes est\u00e3o espalhados por 12 pa\u00edses europeus e mais de 10 000 camionistas europeus beneficiam agora dos servi\u00e7os de pagamento e de log\u00edstica administrativa da TIN para os manter em movimento.<\/em><\/p><h3><strong>2018 <\/strong><br \/>2.190 clientes<br \/>22 funcion\u00e1rios<br \/>10.000 motoristas<\/h3>\t\t\t\t\t\t<\/div>\n\t\t\t\t<\/div>\n\t\t\t\t<div class=\"elementor-element elementor-element-7674e09 elementor-widget elementor-widget-text-editor\" data-id=\"7674e09\" data-element_type=\"widget\" data-widget_type=\"text-editor.default\">\n\t\t\t\t<div class=\"elementor-widget-container\">\n\t\t\t\t\t\t\t<p><em>A procura no Leste da Europa leva \u00e0 abertura de uma terceira filial na Hungria. A TIN conta atualmente com 1500 clientes e 20 000 motoristas.<br \/>Seguindo a tend\u00eancia digital, a TIN v\u00ea a oportunidade de reunir a maior parte dos seus servi\u00e7os numa \u00fanica aplica\u00e7\u00e3o m\u00f3vel para os telem\u00f3veis dos motoristas. Come\u00e7a a trabalhar no desenvolvimento da aplica\u00e7\u00e3o Legal Control, que ir\u00e1 disponibilizar dados e documentos importantes na estrada com o premir de um bot\u00e3o.<\/em><\/p><h3><strong>2021 <\/strong><br \/>2.730 clientes<br \/>26 funcion\u00e1rios<br \/>25.000 motoristas<\/h3>\t\t\t\t\t\t<\/div>\n\t\t\t\t<\/div>\n\t\t\t\t<div class=\"elementor-element elementor-element-ac78596 elementor-widget elementor-widget-text-editor\" data-id=\"ac78596\" data-element_type=\"widget\" data-widget_type=\"text-editor.default\">\n\t\t\t\t<div class=\"elementor-widget-container\">\n\t\t\t\t\t\t\t<p><em>A TIN est\u00e1 a avan\u00e7ar muito rapidamente. A TIN tem mais de 50.000 condutores no seu sistema CRM, 10.000 dos quais est\u00e3o ligados a informa\u00e7\u00f5es e documenta\u00e7\u00e3o atualizada atrav\u00e9s da aplica\u00e7\u00e3o Legal Control. Para al\u00e9m disto, a TIN \u00e9 l\u00edder de mercado no que diz respeito \u00e0 emiss\u00e3o de declara\u00e7\u00f5es IMI e os seus colaboradores falam 15 l\u00ednguas.<br \/>A TIN continua a expandir-se em todos os sentidos e, mais uma vez em 2024, espera muito em breve mudar-se para instala\u00e7\u00f5es maiores, porque os seus escrit\u00f3rios em Weesp est\u00e3o a rebentar pelas costuras.<\/em><\/p><h3><strong>2024 <\/strong><br \/>3.203 clientes<br \/>32 funcion\u00e1rios<br \/>30.000 motoristas<\/h3>\t\t\t\t\t\t<\/div>\n\t\t\t\t<\/div>\n\t\t\t\t\t<\/div>\n\t\t\t\t<\/div>\n\t\t\t\t\t<\/div>\n\t\t\t\t<\/div>\n\t\t<div class=\"elementor-element elementor-element-dc034be home-articles e-flex e-con-boxed e-con e-parent\" data-id=\"dc034be\" data-element_type=\"container\">\n\t\t\t\t\t<div class=\"e-con-inner\">\n\t\t<div class=\"elementor-element elementor-element-3a37f66 container e-flex e-con-boxed e-con e-child\" data-id=\"3a37f66\" data-element_type=\"container\">\n\t\t\t\t\t<div class=\"e-con-inner\">\n\t\t\t\t<div class=\"elementor-element elementor-element-aa53c63 elementor-widget elementor-widget-shortcode\" data-id=\"aa53c63\" data-element_type=\"widget\" data-widget_type=\"shortcode.default\">\n\t\t\t\t<div class=\"elementor-widget-container\">\n\t\t\t\t\t<div class=\"elementor-shortcode\"><h2>SERVI\u00c7OS<\/h2><div class=\"hp-articles\"><div class=\"hp-article\"><a class=\"hp-article__img hp-article__lazy\" href=\"https:\/\/tin.eu\/pt\/services\/legal-service\/\" data-src=\"https:\/\/tin.eu\/wp-content\/uploads\/2024\/04\/image_2024_04_10T14_54_11_722Z-1024x683.webp\"><span class=\"loader-spin\">&nbsp;<\/span><\/a><h3 class=\"hp-article__name\">Servi\u00e7o jur\u00eddico<\/h3><div class=\"hp-article__content\">Em toda a Europa, a TIN mant\u00e9m rela\u00e7\u00f5es estreitas com prestadores de servi\u00e7os jur\u00eddicos especializados no sector dos tra...<\/div><div class=\"hp-article__link\"><a href=\"https:\/\/tin.eu\/pt\/services\/legal-service\/\">Saber mais<\/a><\/div><\/div><div class=\"hp-article\"><a class=\"hp-article__img hp-article__lazy\" href=\"https:\/\/tin.eu\/pt\/services\/ddd-analysis\/\" data-src=\"https:\/\/tin.eu\/wp-content\/uploads\/2024\/04\/iStock-1237313230-1024x683.webp\"><span class=\"loader-spin\">&nbsp;<\/span><\/a><h3 class=\"hp-article__name\">Analise DDD <\/h3><div class=\"hp-article__content\">Um pacote de servi\u00e7os abrangente para o sector europeu dos transportes rodovi\u00e1rios n\u00e3o estaria completo sem a an\u00e1lise de...<\/div><div class=\"hp-article__link\"><a href=\"https:\/\/tin.eu\/pt\/services\/ddd-analysis\/\">Saber mais<\/a><\/div><\/div><div class=\"hp-article\"><a class=\"hp-article__img hp-article__lazy\" href=\"https:\/\/tin.eu\/pt\/services\/legal-control-app\/\" data-src=\"https:\/\/tin.eu\/wp-content\/uploads\/2024\/04\/legal-controll-app-1024x683.webp\"><span class=\"loader-spin\">&nbsp;<\/span><\/a><h3 class=\"hp-article__name\">Aplica\u00e7\u00e3o Legal Control<\/h3><div class=\"hp-article__content\">H\u00e1 alguns anos, a TIN desenvolveu a App Legal Control como uma solu\u00e7\u00e3o para a montanha de papelada causada pelo IMI e pa...<\/div><div class=\"hp-article__link\"><a href=\"https:\/\/tin.eu\/pt\/services\/legal-control-app\/\">Saber mais<\/a><\/div><\/div><div class=\"hp-article\"><a class=\"hp-article__img hp-article__lazy\" href=\"https:\/\/tin.eu\/pt\/services\/tin-crm-system\/\" data-src=\"https:\/\/tin.eu\/wp-content\/uploads\/2024\/04\/iStock-959638326-1024x683.jpg\"><span class=\"loader-spin\">&nbsp;<\/span><\/a><h3 class=\"hp-article__name\">Sistema CRM TIN<\/h3><div class=\"hp-article__content\">Os servi\u00e7os da TIN dependem do armazenamento e troca r\u00e1pida, fi\u00e1vel e segura de informa\u00e7\u00f5es e documentos frequentemente...<\/div><div class=\"hp-article__link\"><a href=\"https:\/\/tin.eu\/pt\/services\/tin-crm-system\/\">Saber mais<\/a><\/div><\/div><div class=\"hp-article\"><a class=\"hp-article__img hp-article__lazy\" href=\"https:\/\/tin.eu\/pt\/services\/special-permits\/\" data-src=\"https:\/\/tin.eu\/wp-content\/uploads\/2024\/04\/wiki-westersch_CommonsGNU_Free_Documentation_License-1024x768.jpg\"><span class=\"loader-spin\">&nbsp;<\/span><\/a><h3 class=\"hp-article__name\">Autoriza\u00e7\u00f5es Especiais de Tran...<\/h3><div class=\"hp-article__content\">Com anos de experi\u00eancia em toda a Europa, a TIN \u00e9 o seu parceiro de refer\u00eancia para a obten\u00e7\u00e3o de autoriza\u00e7\u00f5es especiais...<\/div><div class=\"hp-article__link\"><a href=\"https:\/\/tin.eu\/pt\/services\/special-permits\/\">Saber mais<\/a><\/div><\/div><div class=\"hp-article\"><a class=\"hp-article__img hp-article__lazy\" href=\"https:\/\/tin.eu\/pt\/services\/imi-all-in-service\/\" data-src=\"https:\/\/tin.eu\/wp-content\/uploads\/2024\/04\/iStock-1177176016-1024x742.jpg\"><span class=\"loader-spin\">&nbsp;<\/span><\/a><h3 class=\"hp-article__name\">Servi\u00e7o IMI \"tudo inclu\u00eddo\"<\/h3><div class=\"hp-article__content\">Sem esfor\u00e7o e em conformidade com os regulamentos de destacamento da EU. Navegar pela complexidade dos regulamentos de d...<\/div><div class=\"hp-article__link\"><a href=\"https:\/\/tin.eu\/pt\/services\/imi-all-in-service\/\">Saber mais<\/a><\/div><\/div><div class=\"hp-article\"><a class=\"hp-article__img hp-article__lazy\" href=\"https:\/\/tin.eu\/pt\/services\/payments-card\/\" data-src=\"https:\/\/tin.eu\/wp-content\/uploads\/2024\/04\/image_2024_04_10T14_51_14_145Z-1024x632.webp\"><span class=\"loader-spin\">&nbsp;<\/span><\/a><h3 class=\"hp-article__name\">Cart\u00e3o de pagamento<\/h3><div class=\"hp-article__content\">Gerir as despesas da sua frota na estrada com o cart\u00e3o de pagamento TIN. Concebido especificamente para as necessidades...<\/div><div class=\"hp-article__link\"><a href=\"https:\/\/tin.eu\/pt\/services\/payments-card\/\">Saber mais<\/a><\/div><\/div><div class=\"hp-article\"><a class=\"hp-article__img hp-article__lazy\" href=\"https:\/\/tin.eu\/pt\/services\/instant-payment\/\" data-src=\"https:\/\/tin.eu\/wp-content\/uploads\/2024\/04\/iStock-1857835872_2-1024x754.webp\"><span class=\"loader-spin\">&nbsp;<\/span><\/a><h3 class=\"hp-article__name\">Pagamento imediato<\/h3><div class=\"hp-article__content\">Necessitar\u00e1 dos seguintes elementos:\r\n- Nome e n\u00famero de telefone do condutor\r\n- Pa\u00eds e localidade\r\n- Matr\u00edcula do ve\u00edcu...<\/div><div class=\"hp-article__link\"><a href=\"https:\/\/tin.eu\/pt\/services\/instant-payment\/\">Saber mais<\/a><\/div><\/div><div class=\"hp-article\"><a class=\"hp-article__img hp-article__lazy\" href=\"https:\/\/tin.eu\/pt\/services\/uk-checklist\/\" data-src=\"https:\/\/tin.eu\/wp-content\/uploads\/2024\/04\/iStock-1567856598x1-copy-1024x683.jpg\"><span class=\"loader-spin\">&nbsp;<\/span><\/a><h3 class=\"hp-article__name\">Lista de verifica\u00e7\u00e3o Reino Uni...<\/h3><div class=\"hp-article__content\">Quando o seu transporte se dirige para o Reino Unido, o seu motorista \u00e9 obrigado a apresentar \u00e0s autoridades brit\u00e2nicas...<\/div><div class=\"hp-article__link\"><a href=\"https:\/\/tin.eu\/pt\/services\/uk-checklist\/\">Saber mais<\/a><\/div><\/div><div class=\"hp-article\"><a class=\"hp-article__img hp-article__lazy\" href=\"https:\/\/tin.eu\/pt\/services\/24-7-service\/\" data-src=\"https:\/\/tin.eu\/wp-content\/uploads\/2024\/04\/iStock-1456618360_2-1024x665.webp\"><span class=\"loader-spin\">&nbsp;<\/span><\/a><h3 class=\"hp-article__name\">Servi\u00e7o 24\/7<\/h3><div class=\"hp-article__content\">Se um dos seus ve\u00edculos avariar ou for impedido de continuar a sua viagem por qualquer outro motivo, pode contar connosc...<\/div><div class=\"hp-article__link\"><a href=\"https:\/\/tin.eu\/pt\/services\/24-7-service\/\">Saber mais<\/a><\/div><\/div><div class=\"hp-article\"><a class=\"hp-article__img hp-article__lazy\" href=\"https:\/\/tin.eu\/pt\/services\/toll-service\/\" data-src=\"https:\/\/tin.eu\/wp-content\/uploads\/2024\/08\/iStock-1256198515-1024x682.webp\"><span class=\"loader-spin\">&nbsp;<\/span><\/a><h3 class=\"hp-article__name\">Servi\u00e7o de Portagens<\/h3><div class=\"hp-article__content\">Com a ambi\u00e7\u00e3o de apoiar e oferecer vantagens aos clientes sempre que poss\u00edvel, a TIN colaborou com a Federazione Autotra...<\/div><div class=\"hp-article__link\"><a href=\"https:\/\/tin.eu\/pt\/services\/toll-service\/\">Saber mais<\/a><\/div><\/div><div class=\"hp-article\"><a class=\"hp-article__img hp-article__lazy\" href=\"https:\/\/tin.eu\/pt\/services\/translations-service\/\" data-src=\"https:\/\/tin.eu\/wp-content\/uploads\/2024\/04\/iStock-1456166410-1024x683.webp\"><span class=\"loader-spin\">&nbsp;<\/span><\/a><h3 class=\"hp-article__name\">Servi\u00e7o de tradu\u00e7\u00e3o<\/h3><div class=\"hp-article__content\">A TIN oferece um servi\u00e7o de tradu\u00e7\u00e3o completo para uma comunica\u00e7\u00e3o eficaz em todas as l\u00ednguas europeias. Desde tradu\u00e7\u00f5es...<\/div><div class=\"hp-article__link\"><a href=\"https:\/\/tin.eu\/pt\/services\/translations-service\/\">Saber mais<\/a><\/div><\/div><\/div><\/div>\n\t\t\t\t<\/div>\n\t\t\t\t<\/div>\n\t\t\t\t\t<\/div>\n\t\t\t\t<\/div>\n\t\t\t\t\t<\/div>\n\t\t\t\t<\/div>\n\t\t\t\t<\/div>\n\t\t","protected":false},"excerpt":{"rendered":"<p>TIN is uw betrouwbare partner op de weg. In 2008 door Antonio Oliveira opgericht als Transport in Nood, zijn we de eenvoudige gedachte om vrachtwagens zo snel mogelijk weer de weg op te krijgen ontgroeid, maar zeker niet vergeten. Inmiddels is TIN een veelzijdige dienstverlener. Ons toegewijde team van ongeveer 20 professionals zet zich in om ervoor te zorgen dat transporteurs zich kunnen concentreren op hun kerntaken omdat ze de administratieve logistiek aan ons overlaten.<\/p>\n","protected":false},"author":1,"featured_media":644,"parent":0,"menu_order":8,"comment_status":"closed","ping_status":"closed","template":"","meta":{"_acf_changed":false,"footnotes":""},"class_list":["post-28","page","type-page","status-publish","has-post-thumbnail","hentry"],"acf":[],"_links":{"self":[{"href":"https:\/\/tin.eu\/pt\/wp-json\/wp\/v2\/pages\/28","targetHints":{"allow":["GET"]}}],"collection":[{"href":"https:\/\/tin.eu\/pt\/wp-json\/wp\/v2\/pages"}],"about":[{"href":"https:\/\/tin.eu\/pt\/wp-json\/wp\/v2\/types\/page"}],"author":[{"embeddable":true,"href":"https:\/\/tin.eu\/pt\/wp-json\/wp\/v2\/users\/1"}],"replies":[{"embeddable":true,"href":"https:\/\/tin.eu\/pt\/wp-json\/wp\/v2\/comments?post=28"}],"version-history":[{"count":1,"href":"https:\/\/tin.eu\/pt\/wp-json\/wp\/v2\/pages\/28\/revisions"}],"predecessor-version":[{"id":29,"href":"https:\/\/tin.eu\/pt\/wp-json\/wp\/v2\/pages\/28\/revisions\/29"}],"wp:featuredmedia":[{"embeddable":true,"href":"https:\/\/tin.eu\/pt\/wp-json\/wp\/v2\/media\/644"}],"wp:attachment":[{"href":"https:\/\/tin.eu\/pt\/wp-json\/wp\/v2\/media?parent=28"}],"curies":[{"name":"wp","href":"https:\/\/api.w.org\/{rel}","templated":true}]}}