{"id":26,"date":"2024-04-09T09:55:08","date_gmt":"2024-04-09T09:55:08","guid":{"rendered":"https:\/\/tin.eu\/?page_id=26"},"modified":"2024-11-19T15:25:05","modified_gmt":"2024-11-19T14:25:05","slug":"extra-handy","status":"publish","type":"page","link":"https:\/\/tin.eu\/pt\/extra-handy\/","title":{"rendered":"Extra's"},"content":{"rendered":"\t\t<div data-elementor-type=\"wp-page\" data-elementor-id=\"26\" class=\"elementor elementor-26\" data-elementor-post-type=\"page\">\n\t\t\t\t<div class=\"elementor-element elementor-element-6a07f1c header e-flex e-con-boxed e-con e-parent\" data-id=\"6a07f1c\" data-element_type=\"container\">\n\t\t\t\t\t<div class=\"e-con-inner\">\n\t\t<div class=\"elementor-element elementor-element-d9da4c1 container e-flex e-con-boxed e-con e-child\" data-id=\"d9da4c1\" data-element_type=\"container\">\n\t\t\t\t\t<div class=\"e-con-inner\">\n\t\t\t\t<div class=\"elementor-element elementor-element-625a274 elementor-widget elementor-widget-text-editor\" data-id=\"625a274\" data-element_type=\"widget\" data-widget_type=\"text-editor.default\">\n\t\t\t\t<div class=\"elementor-widget-container\">\n\t\t\t<style>\/*! elementor - v3.21.0 - 26-05-2024 *\/\n.elementor-widget-text-editor.elementor-drop-cap-view-stacked .elementor-drop-cap{background-color:#69727d;color:#fff}.elementor-widget-text-editor.elementor-drop-cap-view-framed .elementor-drop-cap{color:#69727d;border:3px solid;background-color:transparent}.elementor-widget-text-editor:not(.elementor-drop-cap-view-default) .elementor-drop-cap{margin-top:8px}.elementor-widget-text-editor:not(.elementor-drop-cap-view-default) .elementor-drop-cap-letter{width:1em;height:1em}.elementor-widget-text-editor .elementor-drop-cap{float:left;text-align:center;line-height:1;font-size:50px}.elementor-widget-text-editor .elementor-drop-cap-letter{display:inline-block}<\/style>\t\t\t\t<h1>Extremamente pr\u00e1tico<\/h1>\t\t\t\t\t\t<\/div>\n\t\t\t\t<\/div>\n\t\t\t\t\t<\/div>\n\t\t\t\t<\/div>\n\t\t\t\t\t<\/div>\n\t\t\t\t<\/div>\n\t\t<div class=\"elementor-element elementor-element-7d92ce3 container e-flex e-con-boxed e-con e-parent\" data-id=\"7d92ce3\" data-element_type=\"container\">\n\t\t\t\t\t<div class=\"e-con-inner\">\n\t\t<div class=\"elementor-element elementor-element-7a23d8c service__row e-flex e-con-boxed e-con e-child\" data-id=\"7a23d8c\" data-element_type=\"container\">\n\t\t\t\t\t<div class=\"e-con-inner\">\n\t\t\t\t<div class=\"elementor-element elementor-element-a4c79d9 col__service elementor-widget elementor-widget-shortcode\" data-id=\"a4c79d9\" data-element_type=\"widget\" data-widget_type=\"shortcode.default\">\n\t\t\t\t<div class=\"elementor-widget-container\">\n\t\t\t\t\t<div class=\"elementor-shortcode\"><div class=\"home__services\"><div class=\"home__services-item home__services-item-208 home__services-item_1\"><a class=\"home__services-icon\" href=\"https:\/\/tin.eu\/pt\/services\/toll-service\/\"><img decoding=\"async\" class=\"home__services-icon-1\" src=\"https:\/\/tin.eu\/wp-content\/uploads\/2024\/04\/solutions.svg\" alt=\"Servi\u00e7o de Portagens\" width=\"80\" height=\"80\"><img decoding=\"async\" class=\"home__services-icon-2\" src=\"https:\/\/tin.eu\/wp-content\/uploads\/2024\/04\/solutions_blue.svg\" alt=\"Servi\u00e7o de Portagens\" width=\"80\" height=\"80\"><\/a><div class=\"home__services-title\">Servi\u00e7o de Portagens<\/div><\/div><div class=\"home__services-item home__services-item-185 home__services-item_2\"><a class=\"home__services-icon\" href=\"https:\/\/tin.eu\/pt\/services\/ddd-analysis\/\"><img decoding=\"async\" class=\"home__services-icon-1\" src=\"https:\/\/tin.eu\/wp-content\/uploads\/2024\/04\/analisys.svg\" alt=\"Analise DDD \" width=\"80\" height=\"80\"><img loading=\"lazy\" decoding=\"async\" class=\"home__services-icon-2\" src=\"https:\/\/tin.eu\/wp-content\/uploads\/2024\/04\/analisys_blue.svg\" alt=\"Analise DDD \" width=\"80\" height=\"80\"><\/a><div class=\"home__services-title\">Analise DDD <\/div><\/div><div class=\"home__services-item home__services-item-106 home__services-item_3\"><a class=\"home__services-icon\" href=\"https:\/\/tin.eu\/pt\/services\/translations-service\/\"><img loading=\"lazy\" decoding=\"async\" class=\"home__services-icon-1\" src=\"https:\/\/tin.eu\/wp-content\/uploads\/2024\/04\/translations.svg\" alt=\"Servi\u00e7o de tradu\u00e7\u00e3o\" width=\"80\" height=\"80\"><img loading=\"lazy\" decoding=\"async\" class=\"home__services-icon-2\" src=\"https:\/\/tin.eu\/wp-content\/uploads\/2024\/04\/translations_blue.svg\" alt=\"Servi\u00e7o de tradu\u00e7\u00e3o\" width=\"80\" height=\"80\"><\/a><div class=\"home__services-title\">Servi\u00e7o de tradu\u00e7\u00e3o<\/div><\/div><div class=\"home__services-item home__services-item-119 home__services-item_4\"><a class=\"home__services-icon\" href=\"https:\/\/tin.eu\/pt\/services\/special-permits\/\"><img loading=\"lazy\" decoding=\"async\" class=\"home__services-icon-1\" src=\"https:\/\/tin.eu\/wp-content\/uploads\/2024\/04\/special-permits.svg\" alt=\"Autoriza\u00e7\u00f5es Especiais de Transporte\" width=\"80\" height=\"80\"><img loading=\"lazy\" decoding=\"async\" class=\"home__services-icon-2\" src=\"https:\/\/tin.eu\/wp-content\/uploads\/2024\/04\/special-permits_blue.svg\" alt=\"Autoriza\u00e7\u00f5es Especiais de Transporte\" width=\"80\" height=\"80\"><\/a><div class=\"home__services-title home__services-title_wrap\">Autoriza\u00e7\u00f5es Especiais de Transporte<\/div><\/div><\/div><\/div>\n\t\t\t\t<\/div>\n\t\t\t\t<\/div>\n\t\t\t\t<div class=\"elementor-element elementor-element-0b7e2cf elementor-widget elementor-widget-text-editor\" data-id=\"0b7e2cf\" data-element_type=\"widget\" data-widget_type=\"text-editor.default\">\n\t\t\t\t<div class=\"elementor-widget-container\">\n\t\t\t\t\t\t\t<h2>A TIN oferece paz de esp\u00edrito total com alguns extras \u00fateis<\/h2><p>Compreendemos que o seu foco principal deve ser o transporte de mercadorias do ponto A para o ponto B, e \u00e9 por isso que oferecemos, para sua total tranquilidade, uma s\u00e9rie de extras pr\u00e1ticos para al\u00e9m dos nossos servi\u00e7os principais. Por exemplo, tratamos de pedidos de autoriza\u00e7\u00f5es Especiais de transporte, efectuamos an\u00e1lises de tac\u00f3grafos, fornecemos servi\u00e7os de tradu\u00e7\u00e3o e temos uma solu\u00e7\u00e3o muito eficiente para o pagamento de portagens nas estradas europeias.<\/p><p>Clique nos \u00edcones abaixo para saber mais sobre a forma como os nossos servi\u00e7os facilitam a sua vida e simplificam ainda mais as suas opera\u00e7\u00f5es.<\/p>\t\t\t\t\t\t<\/div>\n\t\t\t\t<\/div>\n\t\t\t\t\t<\/div>\n\t\t\t\t<\/div>\n\t\t\t\t\t<\/div>\n\t\t\t\t<\/div>\n\t\t<div class=\"elementor-element elementor-element-2fd4198 home-articles e-flex e-con-boxed e-con e-parent\" data-id=\"2fd4198\" data-element_type=\"container\">\n\t\t\t\t\t<div class=\"e-con-inner\">\n\t\t<div class=\"elementor-element elementor-element-dc9206c container e-flex e-con-boxed e-con e-child\" data-id=\"dc9206c\" data-element_type=\"container\">\n\t\t\t\t\t<div class=\"e-con-inner\">\n\t\t\t\t<div class=\"elementor-element elementor-element-42f5a01 elementor-widget elementor-widget-shortcode\" data-id=\"42f5a01\" data-element_type=\"widget\" data-widget_type=\"shortcode.default\">\n\t\t\t\t<div class=\"elementor-widget-container\">\n\t\t\t\t\t<div class=\"elementor-shortcode\"><h2>SERVI\u00c7OS<\/h2><div class=\"hp-articles\"><div class=\"hp-article\"><a class=\"hp-article__img hp-article__lazy\" href=\"https:\/\/tin.eu\/pt\/services\/instant-payment\/\" data-src=\"https:\/\/tin.eu\/wp-content\/uploads\/2024\/04\/iStock-1857835872_2-1024x754.webp\"><span class=\"loader-spin\">&nbsp;<\/span><\/a><h3 class=\"hp-article__name\">Pagamento imediato<\/h3><div class=\"hp-article__content\">Necessitar\u00e1 dos seguintes elementos:\r\n- Nome e n\u00famero de telefone do condutor\r\n- Pa\u00eds e localidade\r\n- Matr\u00edcula do ve\u00edcu...<\/div><div class=\"hp-article__link\"><a href=\"https:\/\/tin.eu\/pt\/services\/instant-payment\/\">Saber mais<\/a><\/div><\/div><div class=\"hp-article\"><a class=\"hp-article__img hp-article__lazy\" href=\"https:\/\/tin.eu\/pt\/services\/payments-card\/\" data-src=\"https:\/\/tin.eu\/wp-content\/uploads\/2024\/04\/image_2024_04_10T14_51_14_145Z-1024x632.webp\"><span class=\"loader-spin\">&nbsp;<\/span><\/a><h3 class=\"hp-article__name\">Cart\u00e3o de pagamento<\/h3><div class=\"hp-article__content\">Gerir as despesas da sua frota na estrada com o cart\u00e3o de pagamento TIN. Concebido especificamente para as necessidades...<\/div><div class=\"hp-article__link\"><a href=\"https:\/\/tin.eu\/pt\/services\/payments-card\/\">Saber mais<\/a><\/div><\/div><div class=\"hp-article\"><a class=\"hp-article__img hp-article__lazy\" href=\"https:\/\/tin.eu\/pt\/services\/24-7-service\/\" data-src=\"https:\/\/tin.eu\/wp-content\/uploads\/2024\/04\/iStock-1456618360_2-1024x665.webp\"><span class=\"loader-spin\">&nbsp;<\/span><\/a><h3 class=\"hp-article__name\">Servi\u00e7o 24\/7<\/h3><div class=\"hp-article__content\">Se um dos seus ve\u00edculos avariar ou for impedido de continuar a sua viagem por qualquer outro motivo, pode contar connosc...<\/div><div class=\"hp-article__link\"><a href=\"https:\/\/tin.eu\/pt\/services\/24-7-service\/\">Saber mais<\/a><\/div><\/div><div class=\"hp-article\"><a class=\"hp-article__img hp-article__lazy\" href=\"https:\/\/tin.eu\/pt\/services\/tin-crm-system\/\" data-src=\"https:\/\/tin.eu\/wp-content\/uploads\/2024\/04\/iStock-959638326-1024x683.jpg\"><span class=\"loader-spin\">&nbsp;<\/span><\/a><h3 class=\"hp-article__name\">Sistema CRM TIN<\/h3><div class=\"hp-article__content\">Os servi\u00e7os da TIN dependem do armazenamento e troca r\u00e1pida, fi\u00e1vel e segura de informa\u00e7\u00f5es e documentos frequentemente...<\/div><div class=\"hp-article__link\"><a href=\"https:\/\/tin.eu\/pt\/services\/tin-crm-system\/\">Saber mais<\/a><\/div><\/div><div class=\"hp-article\"><a class=\"hp-article__img hp-article__lazy\" href=\"https:\/\/tin.eu\/pt\/services\/toll-service\/\" data-src=\"https:\/\/tin.eu\/wp-content\/uploads\/2024\/08\/iStock-1256198515-1024x682.webp\"><span class=\"loader-spin\">&nbsp;<\/span><\/a><h3 class=\"hp-article__name\">Servi\u00e7o de Portagens<\/h3><div class=\"hp-article__content\">Com a ambi\u00e7\u00e3o de apoiar e oferecer vantagens aos clientes sempre que poss\u00edvel, a TIN colaborou com a Federazione Autotra...<\/div><div class=\"hp-article__link\"><a href=\"https:\/\/tin.eu\/pt\/services\/toll-service\/\">Saber mais<\/a><\/div><\/div><div class=\"hp-article\"><a class=\"hp-article__img hp-article__lazy\" href=\"https:\/\/tin.eu\/pt\/services\/special-permits\/\" data-src=\"https:\/\/tin.eu\/wp-content\/uploads\/2024\/04\/wiki-westersch_CommonsGNU_Free_Documentation_License-1024x768.jpg\"><span class=\"loader-spin\">&nbsp;<\/span><\/a><h3 class=\"hp-article__name\">Autoriza\u00e7\u00f5es Especiais de Tran...<\/h3><div class=\"hp-article__content\">Com anos de experi\u00eancia em toda a Europa, a TIN \u00e9 o seu parceiro de refer\u00eancia para a obten\u00e7\u00e3o de autoriza\u00e7\u00f5es especiais...<\/div><div class=\"hp-article__link\"><a href=\"https:\/\/tin.eu\/pt\/services\/special-permits\/\">Saber mais<\/a><\/div><\/div><div class=\"hp-article\"><a class=\"hp-article__img hp-article__lazy\" href=\"https:\/\/tin.eu\/pt\/services\/imi-all-in-service\/\" data-src=\"https:\/\/tin.eu\/wp-content\/uploads\/2024\/04\/iStock-1177176016-1024x742.jpg\"><span class=\"loader-spin\">&nbsp;<\/span><\/a><h3 class=\"hp-article__name\">Servi\u00e7o IMI \"tudo inclu\u00eddo\"<\/h3><div class=\"hp-article__content\">Sem esfor\u00e7o e em conformidade com os regulamentos de destacamento da EU. Navegar pela complexidade dos regulamentos de d...<\/div><div class=\"hp-article__link\"><a href=\"https:\/\/tin.eu\/pt\/services\/imi-all-in-service\/\">Saber mais<\/a><\/div><\/div><div class=\"hp-article\"><a class=\"hp-article__img hp-article__lazy\" href=\"https:\/\/tin.eu\/pt\/services\/legal-service\/\" data-src=\"https:\/\/tin.eu\/wp-content\/uploads\/2024\/04\/image_2024_04_10T14_54_11_722Z-1024x683.webp\"><span class=\"loader-spin\">&nbsp;<\/span><\/a><h3 class=\"hp-article__name\">Servi\u00e7o jur\u00eddico<\/h3><div class=\"hp-article__content\">Em toda a Europa, a TIN mant\u00e9m rela\u00e7\u00f5es estreitas com prestadores de servi\u00e7os jur\u00eddicos especializados no sector dos tra...<\/div><div class=\"hp-article__link\"><a href=\"https:\/\/tin.eu\/pt\/services\/legal-service\/\">Saber mais<\/a><\/div><\/div><div class=\"hp-article\"><a class=\"hp-article__img hp-article__lazy\" href=\"https:\/\/tin.eu\/pt\/services\/legal-control-app\/\" data-src=\"https:\/\/tin.eu\/wp-content\/uploads\/2024\/04\/legal-controll-app-1024x683.webp\"><span class=\"loader-spin\">&nbsp;<\/span><\/a><h3 class=\"hp-article__name\">Aplica\u00e7\u00e3o Legal Control<\/h3><div class=\"hp-article__content\">H\u00e1 alguns anos, a TIN desenvolveu a App Legal Control como uma solu\u00e7\u00e3o para a montanha de papelada causada pelo IMI e pa...<\/div><div class=\"hp-article__link\"><a href=\"https:\/\/tin.eu\/pt\/services\/legal-control-app\/\">Saber mais<\/a><\/div><\/div><div class=\"hp-article\"><a class=\"hp-article__img hp-article__lazy\" href=\"https:\/\/tin.eu\/pt\/services\/uk-checklist\/\" data-src=\"https:\/\/tin.eu\/wp-content\/uploads\/2024\/04\/iStock-1567856598x1-copy-1024x683.jpg\"><span class=\"loader-spin\">&nbsp;<\/span><\/a><h3 class=\"hp-article__name\">Lista de verifica\u00e7\u00e3o Reino Uni...<\/h3><div class=\"hp-article__content\">Quando o seu transporte se dirige para o Reino Unido, o seu motorista \u00e9 obrigado a apresentar \u00e0s autoridades brit\u00e2nicas...<\/div><div class=\"hp-article__link\"><a href=\"https:\/\/tin.eu\/pt\/services\/uk-checklist\/\">Saber mais<\/a><\/div><\/div><div class=\"hp-article\"><a class=\"hp-article__img hp-article__lazy\" href=\"https:\/\/tin.eu\/pt\/services\/translations-service\/\" data-src=\"https:\/\/tin.eu\/wp-content\/uploads\/2024\/04\/iStock-1456166410-1024x683.webp\"><span class=\"loader-spin\">&nbsp;<\/span><\/a><h3 class=\"hp-article__name\">Servi\u00e7o de tradu\u00e7\u00e3o<\/h3><div class=\"hp-article__content\">A TIN oferece um servi\u00e7o de tradu\u00e7\u00e3o completo para uma comunica\u00e7\u00e3o eficaz em todas as l\u00ednguas europeias. Desde tradu\u00e7\u00f5es...<\/div><div class=\"hp-article__link\"><a href=\"https:\/\/tin.eu\/pt\/services\/translations-service\/\">Saber mais<\/a><\/div><\/div><div class=\"hp-article\"><a class=\"hp-article__img hp-article__lazy\" href=\"https:\/\/tin.eu\/pt\/services\/ddd-analysis\/\" data-src=\"https:\/\/tin.eu\/wp-content\/uploads\/2024\/04\/iStock-1237313230-1024x683.webp\"><span class=\"loader-spin\">&nbsp;<\/span><\/a><h3 class=\"hp-article__name\">Analise DDD <\/h3><div class=\"hp-article__content\">Um pacote de servi\u00e7os abrangente para o sector europeu dos transportes rodovi\u00e1rios n\u00e3o estaria completo sem a an\u00e1lise de...<\/div><div class=\"hp-article__link\"><a href=\"https:\/\/tin.eu\/pt\/services\/ddd-analysis\/\">Saber mais<\/a><\/div><\/div><\/div><\/div>\n\t\t\t\t<\/div>\n\t\t\t\t<\/div>\n\t\t\t\t\t<\/div>\n\t\t\t\t<\/div>\n\t\t\t\t\t<\/div>\n\t\t\t\t<\/div>\n\t\t\t\t<\/div>\n\t\t","protected":false},"excerpt":{"rendered":"<p>Omdat u vooral bezig wilt zijn met uw kerntaken, biedt TIN behalve onze basisproducten een aantal handige extra\u2019s om u te ontzorgen.<\/p>\n","protected":false},"author":1,"featured_media":636,"parent":0,"menu_order":12,"comment_status":"closed","ping_status":"closed","template":"","meta":{"_acf_changed":true,"footnotes":""},"class_list":["post-26","page","type-page","status-publish","has-post-thumbnail","hentry"],"acf":[],"_links":{"self":[{"href":"https:\/\/tin.eu\/pt\/wp-json\/wp\/v2\/pages\/26","targetHints":{"allow":["GET"]}}],"collection":[{"href":"https:\/\/tin.eu\/pt\/wp-json\/wp\/v2\/pages"}],"about":[{"href":"https:\/\/tin.eu\/pt\/wp-json\/wp\/v2\/types\/page"}],"author":[{"embeddable":true,"href":"https:\/\/tin.eu\/pt\/wp-json\/wp\/v2\/users\/1"}],"replies":[{"embeddable":true,"href":"https:\/\/tin.eu\/pt\/wp-json\/wp\/v2\/comments?post=26"}],"version-history":[{"count":1,"href":"https:\/\/tin.eu\/pt\/wp-json\/wp\/v2\/pages\/26\/revisions"}],"predecessor-version":[{"id":27,"href":"https:\/\/tin.eu\/pt\/wp-json\/wp\/v2\/pages\/26\/revisions\/27"}],"wp:featuredmedia":[{"embeddable":true,"href":"https:\/\/tin.eu\/pt\/wp-json\/wp\/v2\/media\/636"}],"wp:attachment":[{"href":"https:\/\/tin.eu\/pt\/wp-json\/wp\/v2\/media?parent=26"}],"curies":[{"name":"wp","href":"https:\/\/api.w.org\/{rel}","templated":true}]}}