{"id":24,"date":"2024-04-09T09:54:50","date_gmt":"2024-04-09T09:54:50","guid":{"rendered":"https:\/\/tin.eu\/?page_id=24"},"modified":"2024-11-19T15:25:39","modified_gmt":"2024-11-19T14:25:39","slug":"fines","status":"publish","type":"page","link":"https:\/\/tin.eu\/pt\/fines\/","title":{"rendered":"Boetes"},"content":{"rendered":"\t\t<div data-elementor-type=\"wp-page\" data-elementor-id=\"24\" class=\"elementor elementor-24\" data-elementor-post-type=\"page\">\n\t\t\t\t<div class=\"elementor-element elementor-element-6e252da header e-flex e-con-boxed e-con e-parent\" data-id=\"6e252da\" data-element_type=\"container\">\n\t\t\t\t\t<div class=\"e-con-inner\">\n\t\t<div class=\"elementor-element elementor-element-d88aa14 container e-flex e-con-boxed e-con e-child\" data-id=\"d88aa14\" data-element_type=\"container\">\n\t\t\t\t\t<div class=\"e-con-inner\">\n\t\t\t\t<div class=\"elementor-element elementor-element-f384b90 elementor-widget elementor-widget-text-editor\" data-id=\"f384b90\" data-element_type=\"widget\" data-widget_type=\"text-editor.default\">\n\t\t\t\t<div class=\"elementor-widget-container\">\n\t\t\t<style>\/*! elementor - v3.21.0 - 26-05-2024 *\/\n.elementor-widget-text-editor.elementor-drop-cap-view-stacked .elementor-drop-cap{background-color:#69727d;color:#fff}.elementor-widget-text-editor.elementor-drop-cap-view-framed .elementor-drop-cap{color:#69727d;border:3px solid;background-color:transparent}.elementor-widget-text-editor:not(.elementor-drop-cap-view-default) .elementor-drop-cap{margin-top:8px}.elementor-widget-text-editor:not(.elementor-drop-cap-view-default) .elementor-drop-cap-letter{width:1em;height:1em}.elementor-widget-text-editor .elementor-drop-cap{float:left;text-align:center;line-height:1;font-size:50px}.elementor-widget-text-editor .elementor-drop-cap-letter{display:inline-block}<\/style>\t\t\t\t<h1>Multas<\/h1>\t\t\t\t\t\t<\/div>\n\t\t\t\t<\/div>\n\t\t\t\t\t<\/div>\n\t\t\t\t<\/div>\n\t\t\t\t\t<\/div>\n\t\t\t\t<\/div>\n\t\t<div class=\"elementor-element elementor-element-563530f container e-flex e-con-boxed e-con e-parent\" data-id=\"563530f\" data-element_type=\"container\">\n\t\t\t\t\t<div class=\"e-con-inner\">\n\t\t<div class=\"elementor-element elementor-element-ec20deb service__row e-flex e-con-boxed e-con e-child\" data-id=\"ec20deb\" data-element_type=\"container\">\n\t\t\t\t\t<div class=\"e-con-inner\">\n\t\t\t\t<div class=\"elementor-element elementor-element-c379351 col__service elementor-widget elementor-widget-shortcode\" data-id=\"c379351\" data-element_type=\"widget\" data-widget_type=\"shortcode.default\">\n\t\t\t\t<div class=\"elementor-widget-container\">\n\t\t\t\t\t<div class=\"elementor-shortcode\"><div class=\"home__services\"><div class=\"home__services-item home__services-item-114 home__services-item_1\"><a class=\"home__services-icon\" href=\"https:\/\/tin.eu\/pt\/services\/instant-payment\/\"><img decoding=\"async\" class=\"home__services-icon-1\" src=\"https:\/\/tin.eu\/wp-content\/uploads\/2024\/04\/penalty.svg\" alt=\"Pagamento imediato\" width=\"80\" height=\"80\"><img decoding=\"async\" class=\"home__services-icon-2\" src=\"https:\/\/tin.eu\/wp-content\/uploads\/2024\/04\/penalty_blue.svg\" alt=\"Pagamento imediato\" width=\"80\" height=\"80\"><\/a><div class=\"home__services-title\">Pagamento imediato<\/div><\/div><div class=\"home__services-item home__services-item-112 home__services-item_2\"><a class=\"home__services-icon\" href=\"https:\/\/tin.eu\/pt\/services\/24-7-service\/\"><img decoding=\"async\" class=\"home__services-icon-1\" src=\"https:\/\/tin.eu\/wp-content\/uploads\/2024\/04\/27-7.svg\" alt=\"Servi\u00e7o 24\/7\" width=\"80\" height=\"80\"><img loading=\"lazy\" decoding=\"async\" class=\"home__services-icon-2\" src=\"https:\/\/tin.eu\/wp-content\/uploads\/2024\/04\/27-7_blue.svg\" alt=\"Servi\u00e7o 24\/7\" width=\"80\" height=\"80\"><\/a><div class=\"home__services-title\">Servi\u00e7o 24\/7<\/div><\/div><div class=\"home__services-item home__services-item-110 home__services-item_3\"><a class=\"home__services-icon\" href=\"https:\/\/tin.eu\/pt\/services\/legal-service\/\"><img loading=\"lazy\" decoding=\"async\" class=\"home__services-icon-1\" src=\"https:\/\/tin.eu\/wp-content\/uploads\/2024\/04\/legal-service.svg\" alt=\"Servi\u00e7o jur\u00eddico\" width=\"80\" height=\"80\"><img loading=\"lazy\" decoding=\"async\" class=\"home__services-icon-2\" src=\"https:\/\/tin.eu\/wp-content\/uploads\/2024\/04\/legal-service_blue.svg\" alt=\"Servi\u00e7o jur\u00eddico\" width=\"80\" height=\"80\"><\/a><div class=\"home__services-title\">Servi\u00e7o jur\u00eddico<\/div><\/div><div class=\"home__services-item home__services-item-108 home__services-item_4\"><a class=\"home__services-icon\" href=\"https:\/\/tin.eu\/pt\/services\/payments-card\/\"><img loading=\"lazy\" decoding=\"async\" class=\"home__services-icon-1\" src=\"https:\/\/tin.eu\/wp-content\/uploads\/2024\/04\/payment-card.svg\" alt=\"Cart\u00e3o de pagamento\" width=\"80\" height=\"80\"><img loading=\"lazy\" decoding=\"async\" class=\"home__services-icon-2\" src=\"https:\/\/tin.eu\/wp-content\/uploads\/2024\/04\/payment-card_blue.svg\" alt=\"Cart\u00e3o de pagamento\" width=\"80\" height=\"80\"><\/a><div class=\"home__services-title\">Cart\u00e3o de pagamento<\/div><\/div><\/div><\/div>\n\t\t\t\t<\/div>\n\t\t\t\t<\/div>\n\t\t\t\t<div class=\"elementor-element elementor-element-141ea1d elementor-widget elementor-widget-text-editor\" data-id=\"141ea1d\" data-element_type=\"widget\" data-widget_type=\"text-editor.default\">\n\t\t\t\t<div class=\"elementor-widget-container\">\n\t\t\t\t\t\t\t<h2>Pagamentos (de multas) e assist\u00eancia jur\u00eddica em toda a Europa &#8211; 24\/7<\/h2><p>Com a TIN, beneficia de 16 anos de experi\u00eancia na realiza\u00e7\u00e3o de pagamentos r\u00e1pidos no estrangeiro. Para o efeito, desenvolvemos v\u00e1rios sistemas e servi\u00e7os que t\u00eam dado provas de efici\u00eancia na pr\u00e1tica di\u00e1ria. E a sua evolu\u00e7\u00e3o \u00e9 cont\u00ednua &#8211; em resposta \u00e0 altera\u00e7\u00e3o constante da legisla\u00e7\u00e3o, e simplesmente porque os avan\u00e7os tecnol\u00f3gicos obrigam e permitem a inova\u00e7\u00e3o.<\/p><p>A TIN oferece tamb\u00e9m assist\u00eancia jur\u00eddica profissional em toda a Europa. Isto garante que nunca pagar\u00e1 uma coima injustamente e que estar\u00e1 sempre em conformidade com as leis e regulamentos aplic\u00e1veis.<\/p><p>Clique nos \u00edcones para obter mais detalhes sobre como os nossos servi\u00e7os e sistemas funcionam em conjunto para trabalhar para si.<\/p>\t\t\t\t\t\t<\/div>\n\t\t\t\t<\/div>\n\t\t\t\t\t<\/div>\n\t\t\t\t<\/div>\n\t\t\t\t\t<\/div>\n\t\t\t\t<\/div>\n\t\t<div class=\"elementor-element elementor-element-76f934b home-articles e-flex e-con-boxed e-con e-parent\" data-id=\"76f934b\" data-element_type=\"container\">\n\t\t\t\t\t<div class=\"e-con-inner\">\n\t\t<div class=\"elementor-element elementor-element-12e29e1 container e-flex e-con-boxed e-con e-child\" data-id=\"12e29e1\" data-element_type=\"container\">\n\t\t\t\t\t<div class=\"e-con-inner\">\n\t\t\t\t<div class=\"elementor-element elementor-element-7b731aa elementor-widget elementor-widget-shortcode\" data-id=\"7b731aa\" data-element_type=\"widget\" data-widget_type=\"shortcode.default\">\n\t\t\t\t<div class=\"elementor-widget-container\">\n\t\t\t\t\t<div class=\"elementor-shortcode\"><h2>SERVI\u00c7OS<\/h2><div class=\"hp-articles\"><div class=\"hp-article\"><a class=\"hp-article__img hp-article__lazy\" href=\"https:\/\/tin.eu\/pt\/services\/legal-control-app\/\" data-src=\"https:\/\/tin.eu\/wp-content\/uploads\/2024\/04\/legal-controll-app-1024x683.webp\"><span class=\"loader-spin\">&nbsp;<\/span><\/a><h3 class=\"hp-article__name\">Aplica\u00e7\u00e3o Legal Control<\/h3><div class=\"hp-article__content\">H\u00e1 alguns anos, a TIN desenvolveu a App Legal Control como uma solu\u00e7\u00e3o para a montanha de papelada causada pelo IMI e pa...<\/div><div class=\"hp-article__link\"><a href=\"https:\/\/tin.eu\/pt\/services\/legal-control-app\/\">Saber mais<\/a><\/div><\/div><div class=\"hp-article\"><a class=\"hp-article__img hp-article__lazy\" href=\"https:\/\/tin.eu\/pt\/services\/uk-checklist\/\" data-src=\"https:\/\/tin.eu\/wp-content\/uploads\/2024\/04\/iStock-1567856598x1-copy-1024x683.jpg\"><span class=\"loader-spin\">&nbsp;<\/span><\/a><h3 class=\"hp-article__name\">Lista de verifica\u00e7\u00e3o Reino Uni...<\/h3><div class=\"hp-article__content\">Quando o seu transporte se dirige para o Reino Unido, o seu motorista \u00e9 obrigado a apresentar \u00e0s autoridades brit\u00e2nicas...<\/div><div class=\"hp-article__link\"><a href=\"https:\/\/tin.eu\/pt\/services\/uk-checklist\/\">Saber mais<\/a><\/div><\/div><div class=\"hp-article\"><a class=\"hp-article__img hp-article__lazy\" href=\"https:\/\/tin.eu\/pt\/services\/instant-payment\/\" data-src=\"https:\/\/tin.eu\/wp-content\/uploads\/2024\/04\/iStock-1857835872_2-1024x754.webp\"><span class=\"loader-spin\">&nbsp;<\/span><\/a><h3 class=\"hp-article__name\">Pagamento imediato<\/h3><div class=\"hp-article__content\">Necessitar\u00e1 dos seguintes elementos:\r\n- Nome e n\u00famero de telefone do condutor\r\n- Pa\u00eds e localidade\r\n- Matr\u00edcula do ve\u00edcu...<\/div><div class=\"hp-article__link\"><a href=\"https:\/\/tin.eu\/pt\/services\/instant-payment\/\">Saber mais<\/a><\/div><\/div><div class=\"hp-article\"><a class=\"hp-article__img hp-article__lazy\" href=\"https:\/\/tin.eu\/pt\/services\/tin-crm-system\/\" data-src=\"https:\/\/tin.eu\/wp-content\/uploads\/2024\/04\/iStock-959638326-1024x683.jpg\"><span class=\"loader-spin\">&nbsp;<\/span><\/a><h3 class=\"hp-article__name\">Sistema CRM TIN<\/h3><div class=\"hp-article__content\">Os servi\u00e7os da TIN dependem do armazenamento e troca r\u00e1pida, fi\u00e1vel e segura de informa\u00e7\u00f5es e documentos frequentemente...<\/div><div class=\"hp-article__link\"><a href=\"https:\/\/tin.eu\/pt\/services\/tin-crm-system\/\">Saber mais<\/a><\/div><\/div><div class=\"hp-article\"><a class=\"hp-article__img hp-article__lazy\" href=\"https:\/\/tin.eu\/pt\/services\/special-permits\/\" data-src=\"https:\/\/tin.eu\/wp-content\/uploads\/2024\/04\/wiki-westersch_CommonsGNU_Free_Documentation_License-1024x768.jpg\"><span class=\"loader-spin\">&nbsp;<\/span><\/a><h3 class=\"hp-article__name\">Autoriza\u00e7\u00f5es Especiais de Tran...<\/h3><div class=\"hp-article__content\">Com anos de experi\u00eancia em toda a Europa, a TIN \u00e9 o seu parceiro de refer\u00eancia para a obten\u00e7\u00e3o de autoriza\u00e7\u00f5es especiais...<\/div><div class=\"hp-article__link\"><a href=\"https:\/\/tin.eu\/pt\/services\/special-permits\/\">Saber mais<\/a><\/div><\/div><div class=\"hp-article\"><a class=\"hp-article__img hp-article__lazy\" href=\"https:\/\/tin.eu\/pt\/services\/legal-service\/\" data-src=\"https:\/\/tin.eu\/wp-content\/uploads\/2024\/04\/image_2024_04_10T14_54_11_722Z-1024x683.webp\"><span class=\"loader-spin\">&nbsp;<\/span><\/a><h3 class=\"hp-article__name\">Servi\u00e7o jur\u00eddico<\/h3><div class=\"hp-article__content\">Em toda a Europa, a TIN mant\u00e9m rela\u00e7\u00f5es estreitas com prestadores de servi\u00e7os jur\u00eddicos especializados no sector dos tra...<\/div><div class=\"hp-article__link\"><a href=\"https:\/\/tin.eu\/pt\/services\/legal-service\/\">Saber mais<\/a><\/div><\/div><div class=\"hp-article\"><a class=\"hp-article__img hp-article__lazy\" href=\"https:\/\/tin.eu\/pt\/services\/translations-service\/\" data-src=\"https:\/\/tin.eu\/wp-content\/uploads\/2024\/04\/iStock-1456166410-1024x683.webp\"><span class=\"loader-spin\">&nbsp;<\/span><\/a><h3 class=\"hp-article__name\">Servi\u00e7o de tradu\u00e7\u00e3o<\/h3><div class=\"hp-article__content\">A TIN oferece um servi\u00e7o de tradu\u00e7\u00e3o completo para uma comunica\u00e7\u00e3o eficaz em todas as l\u00ednguas europeias. Desde tradu\u00e7\u00f5es...<\/div><div class=\"hp-article__link\"><a href=\"https:\/\/tin.eu\/pt\/services\/translations-service\/\">Saber mais<\/a><\/div><\/div><div class=\"hp-article\"><a class=\"hp-article__img hp-article__lazy\" href=\"https:\/\/tin.eu\/pt\/services\/payments-card\/\" data-src=\"https:\/\/tin.eu\/wp-content\/uploads\/2024\/04\/image_2024_04_10T14_51_14_145Z-1024x632.webp\"><span class=\"loader-spin\">&nbsp;<\/span><\/a><h3 class=\"hp-article__name\">Cart\u00e3o de pagamento<\/h3><div class=\"hp-article__content\">Gerir as despesas da sua frota na estrada com o cart\u00e3o de pagamento TIN. Concebido especificamente para as necessidades...<\/div><div class=\"hp-article__link\"><a href=\"https:\/\/tin.eu\/pt\/services\/payments-card\/\">Saber mais<\/a><\/div><\/div><div class=\"hp-article\"><a class=\"hp-article__img hp-article__lazy\" href=\"https:\/\/tin.eu\/pt\/services\/24-7-service\/\" data-src=\"https:\/\/tin.eu\/wp-content\/uploads\/2024\/04\/iStock-1456618360_2-1024x665.webp\"><span class=\"loader-spin\">&nbsp;<\/span><\/a><h3 class=\"hp-article__name\">Servi\u00e7o 24\/7<\/h3><div class=\"hp-article__content\">Se um dos seus ve\u00edculos avariar ou for impedido de continuar a sua viagem por qualquer outro motivo, pode contar connosc...<\/div><div class=\"hp-article__link\"><a href=\"https:\/\/tin.eu\/pt\/services\/24-7-service\/\">Saber mais<\/a><\/div><\/div><div class=\"hp-article\"><a class=\"hp-article__img hp-article__lazy\" href=\"https:\/\/tin.eu\/pt\/services\/ddd-analysis\/\" data-src=\"https:\/\/tin.eu\/wp-content\/uploads\/2024\/04\/iStock-1237313230-1024x683.webp\"><span class=\"loader-spin\">&nbsp;<\/span><\/a><h3 class=\"hp-article__name\">Analise DDD <\/h3><div class=\"hp-article__content\">Um pacote de servi\u00e7os abrangente para o sector europeu dos transportes rodovi\u00e1rios n\u00e3o estaria completo sem a an\u00e1lise de...<\/div><div class=\"hp-article__link\"><a href=\"https:\/\/tin.eu\/pt\/services\/ddd-analysis\/\">Saber mais<\/a><\/div><\/div><div class=\"hp-article\"><a class=\"hp-article__img hp-article__lazy\" href=\"https:\/\/tin.eu\/pt\/services\/imi-all-in-service\/\" data-src=\"https:\/\/tin.eu\/wp-content\/uploads\/2024\/04\/iStock-1177176016-1024x742.jpg\"><span class=\"loader-spin\">&nbsp;<\/span><\/a><h3 class=\"hp-article__name\">Servi\u00e7o IMI \"tudo inclu\u00eddo\"<\/h3><div class=\"hp-article__content\">Sem esfor\u00e7o e em conformidade com os regulamentos de destacamento da EU. Navegar pela complexidade dos regulamentos de d...<\/div><div class=\"hp-article__link\"><a href=\"https:\/\/tin.eu\/pt\/services\/imi-all-in-service\/\">Saber mais<\/a><\/div><\/div><div class=\"hp-article\"><a class=\"hp-article__img hp-article__lazy\" href=\"https:\/\/tin.eu\/pt\/services\/toll-service\/\" data-src=\"https:\/\/tin.eu\/wp-content\/uploads\/2024\/08\/iStock-1256198515-1024x682.webp\"><span class=\"loader-spin\">&nbsp;<\/span><\/a><h3 class=\"hp-article__name\">Servi\u00e7o de Portagens<\/h3><div class=\"hp-article__content\">Com a ambi\u00e7\u00e3o de apoiar e oferecer vantagens aos clientes sempre que poss\u00edvel, a TIN colaborou com a Federazione Autotra...<\/div><div class=\"hp-article__link\"><a href=\"https:\/\/tin.eu\/pt\/services\/toll-service\/\">Saber mais<\/a><\/div><\/div><\/div><\/div>\n\t\t\t\t<\/div>\n\t\t\t\t<\/div>\n\t\t\t\t\t<\/div>\n\t\t\t\t<\/div>\n\t\t\t\t\t<\/div>\n\t\t\t\t<\/div>\n\t\t\t\t<\/div>\n\t\t","protected":false},"excerpt":{"rendered":"<p>Bij TIN lift u mee op 15 jaar ervaring met de verzorging van snelle betalingen in het buitenland. Inmiddels hebben we hiervoor verschillende systemen en diensten ontwikkeld die zich hebben bewezen in de praktijk van alledag. En hun ontwikkeling gaat voortdurend door \u2013 als antwoord op veranderende wetgeving, en simpelweg omdat technologische vooruitgang innovatie mogelijk maakt.<\/p>\n","protected":false},"author":1,"featured_media":626,"parent":0,"menu_order":13,"comment_status":"closed","ping_status":"closed","template":"","meta":{"_acf_changed":true,"footnotes":""},"class_list":["post-24","page","type-page","status-publish","has-post-thumbnail","hentry"],"acf":[],"_links":{"self":[{"href":"https:\/\/tin.eu\/pt\/wp-json\/wp\/v2\/pages\/24","targetHints":{"allow":["GET"]}}],"collection":[{"href":"https:\/\/tin.eu\/pt\/wp-json\/wp\/v2\/pages"}],"about":[{"href":"https:\/\/tin.eu\/pt\/wp-json\/wp\/v2\/types\/page"}],"author":[{"embeddable":true,"href":"https:\/\/tin.eu\/pt\/wp-json\/wp\/v2\/users\/1"}],"replies":[{"embeddable":true,"href":"https:\/\/tin.eu\/pt\/wp-json\/wp\/v2\/comments?post=24"}],"version-history":[{"count":1,"href":"https:\/\/tin.eu\/pt\/wp-json\/wp\/v2\/pages\/24\/revisions"}],"predecessor-version":[{"id":25,"href":"https:\/\/tin.eu\/pt\/wp-json\/wp\/v2\/pages\/24\/revisions\/25"}],"wp:featuredmedia":[{"embeddable":true,"href":"https:\/\/tin.eu\/pt\/wp-json\/wp\/v2\/media\/626"}],"wp:attachment":[{"href":"https:\/\/tin.eu\/pt\/wp-json\/wp\/v2\/media?parent=24"}],"curies":[{"name":"wp","href":"https:\/\/api.w.org\/{rel}","templated":true}]}}