{"id":22,"date":"2024-04-09T09:54:29","date_gmt":"2024-04-09T09:54:29","guid":{"rendered":"https:\/\/tin.eu\/?page_id=22"},"modified":"2024-11-19T15:33:50","modified_gmt":"2024-11-19T14:33:50","slug":"posting-imi","status":"publish","type":"page","link":"https:\/\/tin.eu\/pt\/posting-imi\/","title":{"rendered":"IMI \/ Detachering"},"content":{"rendered":"\t\t<div data-elementor-type=\"wp-page\" data-elementor-id=\"22\" class=\"elementor elementor-22\" data-elementor-post-type=\"page\">\n\t\t\t\t<div class=\"elementor-element elementor-element-e57c7b2 header e-flex e-con-boxed e-con e-parent\" data-id=\"e57c7b2\" data-element_type=\"container\">\n\t\t\t\t\t<div class=\"e-con-inner\">\n\t\t<div class=\"elementor-element elementor-element-b7b90b3 container e-flex e-con-boxed e-con e-child\" data-id=\"b7b90b3\" data-element_type=\"container\">\n\t\t\t\t\t<div class=\"e-con-inner\">\n\t\t\t\t<div class=\"elementor-element elementor-element-3f687df elementor-widget elementor-widget-heading\" data-id=\"3f687df\" data-element_type=\"widget\" data-widget_type=\"heading.default\">\n\t\t\t\t<div class=\"elementor-widget-container\">\n\t\t\t<style>\/*! elementor - v3.21.0 - 26-05-2024 *\/\n.elementor-heading-title{padding:0;margin:0;line-height:1}.elementor-widget-heading .elementor-heading-title[class*=elementor-size-]>a{color:inherit;font-size:inherit;line-height:inherit}.elementor-widget-heading .elementor-heading-title.elementor-size-small{font-size:15px}.elementor-widget-heading .elementor-heading-title.elementor-size-medium{font-size:19px}.elementor-widget-heading .elementor-heading-title.elementor-size-large{font-size:29px}.elementor-widget-heading .elementor-heading-title.elementor-size-xl{font-size:39px}.elementor-widget-heading .elementor-heading-title.elementor-size-xxl{font-size:59px}<\/style><h1 class=\"elementor-heading-title elementor-size-default\">IMI \/ Detachering<\/h1>\t\t<\/div>\n\t\t\t\t<\/div>\n\t\t\t\t\t<\/div>\n\t\t\t\t<\/div>\n\t\t\t\t\t<\/div>\n\t\t\t\t<\/div>\n\t\t<div class=\"elementor-element elementor-element-967f4da container e-flex e-con-boxed e-con e-parent\" data-id=\"967f4da\" data-element_type=\"container\">\n\t\t\t\t\t<div class=\"e-con-inner\">\n\t\t<div class=\"elementor-element elementor-element-c7f0df6 service__row e-flex e-con-boxed e-con e-child\" data-id=\"c7f0df6\" data-element_type=\"container\">\n\t\t\t\t\t<div class=\"e-con-inner\">\n\t\t\t\t<div class=\"elementor-element elementor-element-c10295a col__service elementor-widget elementor-widget-shortcode\" data-id=\"c10295a\" data-element_type=\"widget\" data-widget_type=\"shortcode.default\">\n\t\t\t\t<div class=\"elementor-widget-container\">\n\t\t\t\t\t<div class=\"elementor-shortcode\"><div class=\"home__services\"><div class=\"home__services-item home__services-item-117 home__services-item_1\"><a class=\"home__services-icon\" href=\"https:\/\/tin.eu\/pt\/services\/imi-all-in-service\/\"><img decoding=\"async\" class=\"home__services-icon-1\" src=\"https:\/\/tin.eu\/wp-content\/uploads\/2024\/04\/posting.svg\" alt=\"Servi\u00e7o IMI tudo inclu\u00eddo\" width=\"80\" height=\"80\"><img decoding=\"async\" class=\"home__services-icon-2\" src=\"https:\/\/tin.eu\/wp-content\/uploads\/2024\/04\/posting_blue-1.svg\" alt=\"Servi\u00e7o IMI tudo inclu\u00eddo\" width=\"80\" height=\"80\"><\/a><div class=\"home__services-title\">Servi\u00e7o IMI tudo inclu\u00eddo<\/div><\/div><div class=\"home__services-item home__services-item-191 home__services-item_2\"><a class=\"home__services-icon\" href=\"https:\/\/tin.eu\/pt\/services\/tin-crm-system\/\"><img decoding=\"async\" class=\"home__services-icon-1\" src=\"https:\/\/tin.eu\/wp-content\/uploads\/2024\/04\/system.svg\" alt=\"Sistema CRM TIN\" width=\"80\" height=\"80\"><img loading=\"lazy\" decoding=\"async\" class=\"home__services-icon-2\" src=\"https:\/\/tin.eu\/wp-content\/uploads\/2024\/04\/system_blue.svg\" alt=\"Sistema CRM TIN\" width=\"80\" height=\"80\"><\/a><div class=\"home__services-title\">Sistema CRM TIN<\/div><\/div><div class=\"home__services-item home__services-item-198 home__services-item_3\"><a class=\"home__services-icon\" href=\"https:\/\/tin.eu\/pt\/services\/uk-checklist\/\"><img loading=\"lazy\" decoding=\"async\" class=\"home__services-icon-1\" src=\"https:\/\/tin.eu\/wp-content\/uploads\/2024\/04\/checklist.svg\" alt=\"Lista de verifica\u00e7\u00e3o Reino Unido\" width=\"80\" height=\"80\"><img loading=\"lazy\" decoding=\"async\" class=\"home__services-icon-2\" src=\"https:\/\/tin.eu\/wp-content\/uploads\/2024\/04\/checklist_blue.svg\" alt=\"Lista de verifica\u00e7\u00e3o Reino Unido\" width=\"80\" height=\"80\"><\/a><div class=\"home__services-title home__services-title_wrap\">Lista de verifica\u00e7\u00e3o Reino Unido<\/div><\/div><div class=\"home__services-item home__services-item-179 home__services-item_4\"><a class=\"home__services-icon\" href=\"https:\/\/tin.eu\/pt\/services\/legal-control-app\/\"><img loading=\"lazy\" decoding=\"async\" class=\"home__services-icon-1\" src=\"https:\/\/tin.eu\/wp-content\/uploads\/2024\/04\/app.svg\" alt=\"Aplica\u00e7\u00e3o Legal Control\" width=\"80\" height=\"80\"><img loading=\"lazy\" decoding=\"async\" class=\"home__services-icon-2\" src=\"https:\/\/tin.eu\/wp-content\/uploads\/2024\/04\/app_blue.svg\" alt=\"Aplica\u00e7\u00e3o Legal Control\" width=\"80\" height=\"80\"><\/a><div class=\"home__services-title home__services-title_wrap\">Aplica\u00e7\u00e3o Legal Control<\/div><\/div><\/div><\/div>\n\t\t\t\t<\/div>\n\t\t\t\t<\/div>\n\t\t\t\t<div class=\"elementor-element elementor-element-a08a568 elementor-widget elementor-widget-text-editor\" data-id=\"a08a568\" data-element_type=\"widget\" data-widget_type=\"text-editor.default\">\n\t\t\t\t<div class=\"elementor-widget-container\">\n\t\t\t<style>\/*! elementor - v3.21.0 - 26-05-2024 *\/\n.elementor-widget-text-editor.elementor-drop-cap-view-stacked .elementor-drop-cap{background-color:#69727d;color:#fff}.elementor-widget-text-editor.elementor-drop-cap-view-framed .elementor-drop-cap{color:#69727d;border:3px solid;background-color:transparent}.elementor-widget-text-editor:not(.elementor-drop-cap-view-default) .elementor-drop-cap{margin-top:8px}.elementor-widget-text-editor:not(.elementor-drop-cap-view-default) .elementor-drop-cap-letter{width:1em;height:1em}.elementor-widget-text-editor .elementor-drop-cap{float:left;text-align:center;line-height:1;font-size:50px}.elementor-widget-text-editor .elementor-drop-cap-letter{display:inline-block}<\/style>\t\t\t\t<h2>O sistema TIN-CRM &#8211; Um portal \u00fanico para uma gest\u00e3o simples<\/h2><p>O motor que est\u00e1 sob o capot dos nossos servi\u00e7os \u00e9 o sistema \u00fanico TIN-CRM. \u00c9 um sistema bem organizado e intuitivo para trabalhar e \u00e9 o local onde todas as informa\u00e7\u00f5es da sua empresa est\u00e3o acess\u00edveis e armazenadas, e que podem ser modificadas com apenas alguns cliques.<\/p><p>No CRM, est\u00e3o especificados quais os condutores e pa\u00edses que necessitam de declara\u00e7\u00f5es IMI, por exemplo. \u00c9 onde s\u00e3o geridas as listas de verifica\u00e7\u00e3o e os documentos legais do Reino Unido. E, claro, est\u00e1 ligado \u00e0 aplica\u00e7\u00e3o de controlo jur\u00eddico, assegurando que as informa\u00e7\u00f5es e os documentos est\u00e3o imediatamente, e de forma segura, dispon\u00edveis para os condutores, independentemente do local da Europa onde se encontrem.<\/p><p>Clique nos \u00edcones para obter mais informa\u00e7\u00f5es sobre como os nossos sistemas e servi\u00e7os se complementam para trabalhar para si.<\/p>\t\t\t\t\t\t<\/div>\n\t\t\t\t<\/div>\n\t\t\t\t\t<\/div>\n\t\t\t\t<\/div>\n\t\t\t\t\t<\/div>\n\t\t\t\t<\/div>\n\t\t<div class=\"elementor-element elementor-element-e34c406 home-articles e-flex e-con-boxed e-con e-parent\" data-id=\"e34c406\" data-element_type=\"container\">\n\t\t\t\t\t<div class=\"e-con-inner\">\n\t\t<div class=\"elementor-element elementor-element-6527cca container e-flex e-con-boxed e-con e-child\" data-id=\"6527cca\" data-element_type=\"container\">\n\t\t\t\t\t<div class=\"e-con-inner\">\n\t\t\t\t<div class=\"elementor-element elementor-element-9b63f67 elementor-widget elementor-widget-shortcode\" data-id=\"9b63f67\" data-element_type=\"widget\" data-widget_type=\"shortcode.default\">\n\t\t\t\t<div class=\"elementor-widget-container\">\n\t\t\t\t\t<div class=\"elementor-shortcode\"><h2>SERVI\u00c7OS<\/h2><div class=\"hp-articles\"><div class=\"hp-article\"><a class=\"hp-article__img hp-article__lazy\" href=\"https:\/\/tin.eu\/pt\/services\/imi-all-in-service\/\" data-src=\"https:\/\/tin.eu\/wp-content\/uploads\/2024\/04\/iStock-1177176016-1024x742.jpg\"><span class=\"loader-spin\">&nbsp;<\/span><\/a><h3 class=\"hp-article__name\">Servi\u00e7o IMI \"tudo inclu\u00eddo\"<\/h3><div class=\"hp-article__content\">Sem esfor\u00e7o e em conformidade com os regulamentos de destacamento da EU. Navegar pela complexidade dos regulamentos de d...<\/div><div class=\"hp-article__link\"><a href=\"https:\/\/tin.eu\/pt\/services\/imi-all-in-service\/\">Saber mais<\/a><\/div><\/div><div class=\"hp-article\"><a class=\"hp-article__img hp-article__lazy\" href=\"https:\/\/tin.eu\/pt\/services\/translations-service\/\" data-src=\"https:\/\/tin.eu\/wp-content\/uploads\/2024\/04\/iStock-1456166410-1024x683.webp\"><span class=\"loader-spin\">&nbsp;<\/span><\/a><h3 class=\"hp-article__name\">Servi\u00e7o de tradu\u00e7\u00e3o<\/h3><div class=\"hp-article__content\">A TIN oferece um servi\u00e7o de tradu\u00e7\u00e3o completo para uma comunica\u00e7\u00e3o eficaz em todas as l\u00ednguas europeias. Desde tradu\u00e7\u00f5es...<\/div><div class=\"hp-article__link\"><a href=\"https:\/\/tin.eu\/pt\/services\/translations-service\/\">Saber mais<\/a><\/div><\/div><div class=\"hp-article\"><a class=\"hp-article__img hp-article__lazy\" href=\"https:\/\/tin.eu\/pt\/services\/payments-card\/\" data-src=\"https:\/\/tin.eu\/wp-content\/uploads\/2024\/04\/image_2024_04_10T14_51_14_145Z-1024x632.webp\"><span class=\"loader-spin\">&nbsp;<\/span><\/a><h3 class=\"hp-article__name\">Cart\u00e3o de pagamento<\/h3><div class=\"hp-article__content\">Gerir as despesas da sua frota na estrada com o cart\u00e3o de pagamento TIN. Concebido especificamente para as necessidades...<\/div><div class=\"hp-article__link\"><a href=\"https:\/\/tin.eu\/pt\/services\/payments-card\/\">Saber mais<\/a><\/div><\/div><div class=\"hp-article\"><a class=\"hp-article__img hp-article__lazy\" href=\"https:\/\/tin.eu\/pt\/services\/instant-payment\/\" data-src=\"https:\/\/tin.eu\/wp-content\/uploads\/2024\/04\/iStock-1857835872_2-1024x754.webp\"><span class=\"loader-spin\">&nbsp;<\/span><\/a><h3 class=\"hp-article__name\">Pagamento imediato<\/h3><div class=\"hp-article__content\">Necessitar\u00e1 dos seguintes elementos:\r\n- Nome e n\u00famero de telefone do condutor\r\n- Pa\u00eds e localidade\r\n- Matr\u00edcula do ve\u00edcu...<\/div><div class=\"hp-article__link\"><a href=\"https:\/\/tin.eu\/pt\/services\/instant-payment\/\">Saber mais<\/a><\/div><\/div><div class=\"hp-article\"><a class=\"hp-article__img hp-article__lazy\" href=\"https:\/\/tin.eu\/pt\/services\/toll-service\/\" data-src=\"https:\/\/tin.eu\/wp-content\/uploads\/2024\/08\/iStock-1256198515-1024x682.webp\"><span class=\"loader-spin\">&nbsp;<\/span><\/a><h3 class=\"hp-article__name\">Servi\u00e7o de Portagens<\/h3><div class=\"hp-article__content\">Com a ambi\u00e7\u00e3o de apoiar e oferecer vantagens aos clientes sempre que poss\u00edvel, a TIN colaborou com a Federazione Autotra...<\/div><div class=\"hp-article__link\"><a href=\"https:\/\/tin.eu\/pt\/services\/toll-service\/\">Saber mais<\/a><\/div><\/div><div class=\"hp-article\"><a class=\"hp-article__img hp-article__lazy\" href=\"https:\/\/tin.eu\/pt\/services\/legal-control-app\/\" data-src=\"https:\/\/tin.eu\/wp-content\/uploads\/2024\/04\/legal-controll-app-1024x683.webp\"><span class=\"loader-spin\">&nbsp;<\/span><\/a><h3 class=\"hp-article__name\">Aplica\u00e7\u00e3o Legal Control<\/h3><div class=\"hp-article__content\">H\u00e1 alguns anos, a TIN desenvolveu a App Legal Control como uma solu\u00e7\u00e3o para a montanha de papelada causada pelo IMI e pa...<\/div><div class=\"hp-article__link\"><a href=\"https:\/\/tin.eu\/pt\/services\/legal-control-app\/\">Saber mais<\/a><\/div><\/div><div class=\"hp-article\"><a class=\"hp-article__img hp-article__lazy\" href=\"https:\/\/tin.eu\/pt\/services\/24-7-service\/\" data-src=\"https:\/\/tin.eu\/wp-content\/uploads\/2024\/04\/iStock-1456618360_2-1024x665.webp\"><span class=\"loader-spin\">&nbsp;<\/span><\/a><h3 class=\"hp-article__name\">Servi\u00e7o 24\/7<\/h3><div class=\"hp-article__content\">Se um dos seus ve\u00edculos avariar ou for impedido de continuar a sua viagem por qualquer outro motivo, pode contar connosc...<\/div><div class=\"hp-article__link\"><a href=\"https:\/\/tin.eu\/pt\/services\/24-7-service\/\">Saber mais<\/a><\/div><\/div><div class=\"hp-article\"><a class=\"hp-article__img hp-article__lazy\" href=\"https:\/\/tin.eu\/pt\/services\/legal-service\/\" data-src=\"https:\/\/tin.eu\/wp-content\/uploads\/2024\/04\/image_2024_04_10T14_54_11_722Z-1024x683.webp\"><span class=\"loader-spin\">&nbsp;<\/span><\/a><h3 class=\"hp-article__name\">Servi\u00e7o jur\u00eddico<\/h3><div class=\"hp-article__content\">Em toda a Europa, a TIN mant\u00e9m rela\u00e7\u00f5es estreitas com prestadores de servi\u00e7os jur\u00eddicos especializados no sector dos tra...<\/div><div class=\"hp-article__link\"><a href=\"https:\/\/tin.eu\/pt\/services\/legal-service\/\">Saber mais<\/a><\/div><\/div><div class=\"hp-article\"><a class=\"hp-article__img hp-article__lazy\" href=\"https:\/\/tin.eu\/pt\/services\/uk-checklist\/\" data-src=\"https:\/\/tin.eu\/wp-content\/uploads\/2024\/04\/iStock-1567856598x1-copy-1024x683.jpg\"><span class=\"loader-spin\">&nbsp;<\/span><\/a><h3 class=\"hp-article__name\">Lista de verifica\u00e7\u00e3o Reino Uni...<\/h3><div class=\"hp-article__content\">Quando o seu transporte se dirige para o Reino Unido, o seu motorista \u00e9 obrigado a apresentar \u00e0s autoridades brit\u00e2nicas...<\/div><div class=\"hp-article__link\"><a href=\"https:\/\/tin.eu\/pt\/services\/uk-checklist\/\">Saber mais<\/a><\/div><\/div><div class=\"hp-article\"><a class=\"hp-article__img hp-article__lazy\" href=\"https:\/\/tin.eu\/pt\/services\/tin-crm-system\/\" data-src=\"https:\/\/tin.eu\/wp-content\/uploads\/2024\/04\/iStock-959638326-1024x683.jpg\"><span class=\"loader-spin\">&nbsp;<\/span><\/a><h3 class=\"hp-article__name\">Sistema CRM TIN<\/h3><div class=\"hp-article__content\">Os servi\u00e7os da TIN dependem do armazenamento e troca r\u00e1pida, fi\u00e1vel e segura de informa\u00e7\u00f5es e documentos frequentemente...<\/div><div class=\"hp-article__link\"><a href=\"https:\/\/tin.eu\/pt\/services\/tin-crm-system\/\">Saber mais<\/a><\/div><\/div><div class=\"hp-article\"><a class=\"hp-article__img hp-article__lazy\" href=\"https:\/\/tin.eu\/pt\/services\/ddd-analysis\/\" data-src=\"https:\/\/tin.eu\/wp-content\/uploads\/2024\/04\/iStock-1237313230-1024x683.webp\"><span class=\"loader-spin\">&nbsp;<\/span><\/a><h3 class=\"hp-article__name\">Analise DDD <\/h3><div class=\"hp-article__content\">Um pacote de servi\u00e7os abrangente para o sector europeu dos transportes rodovi\u00e1rios n\u00e3o estaria completo sem a an\u00e1lise de...<\/div><div class=\"hp-article__link\"><a href=\"https:\/\/tin.eu\/pt\/services\/ddd-analysis\/\">Saber mais<\/a><\/div><\/div><div class=\"hp-article\"><a class=\"hp-article__img hp-article__lazy\" href=\"https:\/\/tin.eu\/pt\/services\/special-permits\/\" data-src=\"https:\/\/tin.eu\/wp-content\/uploads\/2024\/04\/wiki-westersch_CommonsGNU_Free_Documentation_License-1024x768.jpg\"><span class=\"loader-spin\">&nbsp;<\/span><\/a><h3 class=\"hp-article__name\">Autoriza\u00e7\u00f5es Especiais de Tran...<\/h3><div class=\"hp-article__content\">Com anos de experi\u00eancia em toda a Europa, a TIN \u00e9 o seu parceiro de refer\u00eancia para a obten\u00e7\u00e3o de autoriza\u00e7\u00f5es especiais...<\/div><div class=\"hp-article__link\"><a href=\"https:\/\/tin.eu\/pt\/services\/special-permits\/\">Saber mais<\/a><\/div><\/div><\/div><\/div>\n\t\t\t\t<\/div>\n\t\t\t\t<\/div>\n\t\t\t\t\t<\/div>\n\t\t\t\t<\/div>\n\t\t\t\t\t<\/div>\n\t\t\t\t<\/div>\n\t\t\t\t<\/div>\n\t\t","protected":false},"excerpt":{"rendered":"<p>Het kloppende hart van de diensten die u probleemloos op de weg houden is het unieke TIN-CRM systeem. Deze overzichtelijke en intu\u00eftieve werkomgeving is waar al uw bedrijfsinformatie wordt opgeslagen en met enkele klikken is te raadplegen en zonodig aan te passen. <\/p>\n<p>U geeft in de CRM bijvoorbeeld aan voor welke chauffeurs en landen u IMI-declaraties nodig heeft, de UK Checklist en Legal Docs worden er beheerd, en uiteraard is de Legal Control App eraan verbonden, zodat informatie en documenten onmiddellijk en veilig beschikbaar zijn voor chauffeurs, waar in Europa ze zich ook bevinden.<\/p>\n","protected":false},"author":1,"featured_media":623,"parent":0,"menu_order":14,"comment_status":"closed","ping_status":"closed","template":"","meta":{"_acf_changed":true,"footnotes":""},"class_list":["post-22","page","type-page","status-publish","has-post-thumbnail","hentry"],"acf":[],"_links":{"self":[{"href":"https:\/\/tin.eu\/pt\/wp-json\/wp\/v2\/pages\/22","targetHints":{"allow":["GET"]}}],"collection":[{"href":"https:\/\/tin.eu\/pt\/wp-json\/wp\/v2\/pages"}],"about":[{"href":"https:\/\/tin.eu\/pt\/wp-json\/wp\/v2\/types\/page"}],"author":[{"embeddable":true,"href":"https:\/\/tin.eu\/pt\/wp-json\/wp\/v2\/users\/1"}],"replies":[{"embeddable":true,"href":"https:\/\/tin.eu\/pt\/wp-json\/wp\/v2\/comments?post=22"}],"version-history":[{"count":1,"href":"https:\/\/tin.eu\/pt\/wp-json\/wp\/v2\/pages\/22\/revisions"}],"predecessor-version":[{"id":23,"href":"https:\/\/tin.eu\/pt\/wp-json\/wp\/v2\/pages\/22\/revisions\/23"}],"wp:featuredmedia":[{"embeddable":true,"href":"https:\/\/tin.eu\/pt\/wp-json\/wp\/v2\/media\/623"}],"wp:attachment":[{"href":"https:\/\/tin.eu\/pt\/wp-json\/wp\/v2\/media?parent=22"}],"curies":[{"name":"wp","href":"https:\/\/api.w.org\/{rel}","templated":true}]}}