{"id":171,"date":"2024-04-11T11:12:19","date_gmt":"2024-04-11T11:12:19","guid":{"rendered":"https:\/\/tin.eu\/?page_id=171"},"modified":"2024-11-19T15:24:22","modified_gmt":"2024-11-19T14:24:22","slug":"disclaimer","status":"publish","type":"page","link":"https:\/\/tin.eu\/pt\/disclaimer\/","title":{"rendered":"Vrijwaring"},"content":{"rendered":"\t\t<div data-elementor-type=\"wp-page\" data-elementor-id=\"171\" class=\"elementor elementor-171\" data-elementor-post-type=\"page\">\n\t\t\t\t<div class=\"elementor-element elementor-element-d409e6c header e-flex e-con-boxed e-con e-parent\" data-id=\"d409e6c\" data-element_type=\"container\">\n\t\t\t\t\t<div class=\"e-con-inner\">\n\t\t<div class=\"elementor-element elementor-element-3d7fdc8 container e-flex e-con-boxed e-con e-child\" data-id=\"3d7fdc8\" data-element_type=\"container\">\n\t\t\t\t\t<div class=\"e-con-inner\">\n\t\t\t\t<div class=\"elementor-element elementor-element-023660f elementor-widget elementor-widget-heading\" data-id=\"023660f\" data-element_type=\"widget\" data-widget_type=\"heading.default\">\n\t\t\t\t<div class=\"elementor-widget-container\">\n\t\t\t<style>\/*! elementor - v3.21.0 - 26-05-2024 *\/\n.elementor-heading-title{padding:0;margin:0;line-height:1}.elementor-widget-heading .elementor-heading-title[class*=elementor-size-]>a{color:inherit;font-size:inherit;line-height:inherit}.elementor-widget-heading .elementor-heading-title.elementor-size-small{font-size:15px}.elementor-widget-heading .elementor-heading-title.elementor-size-medium{font-size:19px}.elementor-widget-heading .elementor-heading-title.elementor-size-large{font-size:29px}.elementor-widget-heading .elementor-heading-title.elementor-size-xl{font-size:39px}.elementor-widget-heading .elementor-heading-title.elementor-size-xxl{font-size:59px}<\/style><h1 class=\"elementor-heading-title elementor-size-default\">Aviso legal<\/h1>\t\t<\/div>\n\t\t\t\t<\/div>\n\t\t\t\t\t<\/div>\n\t\t\t\t<\/div>\n\t\t\t\t\t<\/div>\n\t\t\t\t<\/div>\n\t\t<div class=\"elementor-element elementor-element-15e6bb0 e-flex e-con-boxed e-con e-parent\" data-id=\"15e6bb0\" data-element_type=\"container\">\n\t\t\t\t\t<div class=\"e-con-inner\">\n\t\t<div class=\"elementor-element elementor-element-c58ad4f container e-flex e-con-boxed e-con e-child\" data-id=\"c58ad4f\" data-element_type=\"container\">\n\t\t\t\t\t<div class=\"e-con-inner\">\n\t\t\t\t<div class=\"elementor-element elementor-element-99c66b4 elementor-widget elementor-widget-shortcode\" data-id=\"99c66b4\" data-element_type=\"widget\" data-widget_type=\"shortcode.default\">\n\t\t\t\t<div class=\"elementor-widget-container\">\n\t\t\t\t\t<div class=\"elementor-shortcode\">\n  <script type=\"text\/javascript\" id=\"google-translate-script\">\n  function googleTranslateElementInit() {\n      \/\/ pages for lawyers are translated into only 4 languages\n      let translated = ['nl','en','de','pt','hu','sl'];\n      let lang_code;\n\n\t\t\tif ( translated.includes(document.querySelector(\".site-language-slug\").innerHTML) ) {\n        lang_code = document.querySelector(\".site-language-slug\").innerHTML;\n      }\n      else {\n        lang_code = 'nl';\n      }\n\n      new google.translate.TranslateElement(\n          {pageLanguage: lang_code},\n          'google_translate_element'\n      );\n  }\n  <\/script>\n  <script type=\"text\/javascript\" id=\"google-translate-code\" src=\"https:\/\/translate.google.com\/translate_a\/element.js?cb=googleTranslateElementInit#googtrans(fr)\"><\/script>\n  <div id=\"google_translate_element\"><\/div>\n  <\/div>\n\t\t\t\t<\/div>\n\t\t\t\t<\/div>\n\t\t\t\t<div class=\"elementor-element elementor-element-c7c94b6 elementor-widget elementor-widget-text-editor\" data-id=\"c7c94b6\" data-element_type=\"widget\" data-widget_type=\"text-editor.default\">\n\t\t\t\t<div class=\"elementor-widget-container\">\n\t\t\t<style>\/*! elementor - v3.21.0 - 26-05-2024 *\/\n.elementor-widget-text-editor.elementor-drop-cap-view-stacked .elementor-drop-cap{background-color:#69727d;color:#fff}.elementor-widget-text-editor.elementor-drop-cap-view-framed .elementor-drop-cap{color:#69727d;border:3px solid;background-color:transparent}.elementor-widget-text-editor:not(.elementor-drop-cap-view-default) .elementor-drop-cap{margin-top:8px}.elementor-widget-text-editor:not(.elementor-drop-cap-view-default) .elementor-drop-cap-letter{width:1em;height:1em}.elementor-widget-text-editor .elementor-drop-cap{float:left;text-align:center;line-height:1;font-size:50px}.elementor-widget-text-editor .elementor-drop-cap-letter{display:inline-block}<\/style>\t\t\t\t<h4 class=\"wp-block-heading\">WWW.TIN.EU<\/h4><p>As seguintes condi\u00e7\u00f5es de uso s\u00e3o aplicadas no uso deste site (<a href=\"https:\/\/tin.eu\/nl\/\">www.tin.eu<\/a>). Ao usar este site, considera-se que conhece as condi\u00e7\u00f5es de utiliza\u00e7\u00e3o e que as aceitou.<\/p><h4 class=\"wp-block-heading\">USO DA INFORMA\u00c7\u00c3O<\/h4><p>A Transport in Nood empenha-se para lhe oferecer sempre informa\u00e7\u00f5es corretas e atualizadas neste site. As informa\u00e7\u00f5es s\u00e3o selecionadas com o m\u00e1ximo cuidado. No entanto, a Transport in Nood n\u00e3o garante que as informa\u00e7\u00f5es sejam integrais, corretas ou atualizadas.<\/p><p>As informa\u00e7\u00f5es legais do site s\u00e3o de natureza geral. N\u00e3o pode ser considerado um substituto para o aconselhamento jur\u00eddico.<\/p><p>N\u00e3o pode emanar nenhum direito esta informa\u00e7\u00e3o. A Transport in Nood n\u00e3o se responsabiliza por danos que possam resultar do uso das informa\u00e7\u00f5es constantes no site ou do site n\u00e3o funcionar corretamente.<\/p><p>O envio e a recolha de informa\u00e7\u00f5es pelo site ou atrav\u00e9s de e-mail n\u00e3o cria automaticamente uma rela\u00e7\u00e3o entre a Transport in Nood e o usu\u00e1rio do site.<\/p><h4 class=\"wp-block-heading\">EMAIL<\/h4><p>A Transport in Nood n\u00e3o garante que os e-mails enviados sejam recebidos ou tratados (dentro do prazo). O rece\u00e7\u00e3o de e-mails n\u00e3o pode ser garantida.<\/p><p>A seguran\u00e7a do tr\u00e1fego de email tamb\u00e9m n\u00e3o pode ser completamente garantida devido aos riscos de seguran\u00e7a associados.<\/p><p>Ao comunicar por e-mail com a Transport in Nood sem criptografia ou senha de seguran\u00e7a, voc\u00ea est\u00e1 a aceitar este risco.<\/p><h4 class=\"wp-block-heading\">HIPERLINKS<\/h4><p>Este site pode conter links para sites de terceiros. A Transport in Nood n\u00e3o tem qualquer influ\u00eancia nos sites de terceiros e n\u00e3o \u00e9 respons\u00e1vel pela sua apresenta\u00e7\u00e3o ou conte\u00fados.<\/p><h4 class=\"wp-block-heading\">DIREITO DE PROPRIEDADE INTELECTUAL<\/h4><p>A Transport in Nood n\u00e3o se responsabiliza por danos resultantes do uso dos sites de terceiros.<br \/>Qualquer publica\u00e7\u00e3o da Transport in Nood est\u00e1 protegida por direitos de autor e todos os outros direitos da propriedade intelectual.<\/p><p>Para al\u00e9m do uso pessoal e n\u00e3o comercial, nenhuma destas publica\u00e7\u00f5es ou textos pode ser duplicados, copiado ou p\u00fablicado, sem que a Transport in Nood tenha dado permiss\u00e3o por escrito para o fazer com a devida anteced\u00eancia.<\/p>\t\t\t\t\t\t<\/div>\n\t\t\t\t<\/div>\n\t\t\t\t<div class=\"elementor-element elementor-element-6afceb3 elementor-widget elementor-widget-spacer\" data-id=\"6afceb3\" data-element_type=\"widget\" data-widget_type=\"spacer.default\">\n\t\t\t\t<div class=\"elementor-widget-container\">\n\t\t\t<style>\/*! elementor - v3.21.0 - 26-05-2024 *\/\n.elementor-column .elementor-spacer-inner{height:var(--spacer-size)}.e-con{--container-widget-width:100%}.e-con-inner>.elementor-widget-spacer,.e-con>.elementor-widget-spacer{width:var(--container-widget-width,var(--spacer-size));--align-self:var(--container-widget-align-self,initial);--flex-shrink:0}.e-con-inner>.elementor-widget-spacer>.elementor-widget-container,.e-con>.elementor-widget-spacer>.elementor-widget-container{height:100%;width:100%}.e-con-inner>.elementor-widget-spacer>.elementor-widget-container>.elementor-spacer,.e-con>.elementor-widget-spacer>.elementor-widget-container>.elementor-spacer{height:100%}.e-con-inner>.elementor-widget-spacer>.elementor-widget-container>.elementor-spacer>.elementor-spacer-inner,.e-con>.elementor-widget-spacer>.elementor-widget-container>.elementor-spacer>.elementor-spacer-inner{height:var(--container-widget-height,var(--spacer-size))}.e-con-inner>.elementor-widget-spacer.elementor-widget-empty,.e-con>.elementor-widget-spacer.elementor-widget-empty{position:relative;min-height:22px;min-width:22px}.e-con-inner>.elementor-widget-spacer.elementor-widget-empty .elementor-widget-empty-icon,.e-con>.elementor-widget-spacer.elementor-widget-empty .elementor-widget-empty-icon{position:absolute;top:0;bottom:0;left:0;right:0;margin:auto;padding:0;width:22px;height:22px}<\/style>\t\t<div class=\"elementor-spacer\">\n\t\t\t<div class=\"elementor-spacer-inner\"><\/div>\n\t\t<\/div>\n\t\t\t\t<\/div>\n\t\t\t\t<\/div>\n\t\t\t\t\t<\/div>\n\t\t\t\t<\/div>\n\t\t\t\t\t<\/div>\n\t\t\t\t<\/div>\n\t\t\t\t<\/div>\n\t\t","protected":false},"excerpt":{"rendered":"<p>Op het gebruik van deze website zijn gebruiksvoorwaarden van toepassing. Door gebruik te maken van deze website, aanvaard U deze.<\/p>\n","protected":false},"author":1,"featured_media":448,"parent":0,"menu_order":11,"comment_status":"closed","ping_status":"closed","template":"","meta":{"_acf_changed":false,"footnotes":""},"class_list":["post-171","page","type-page","status-publish","has-post-thumbnail","hentry"],"acf":[],"_links":{"self":[{"href":"https:\/\/tin.eu\/pt\/wp-json\/wp\/v2\/pages\/171","targetHints":{"allow":["GET"]}}],"collection":[{"href":"https:\/\/tin.eu\/pt\/wp-json\/wp\/v2\/pages"}],"about":[{"href":"https:\/\/tin.eu\/pt\/wp-json\/wp\/v2\/types\/page"}],"author":[{"embeddable":true,"href":"https:\/\/tin.eu\/pt\/wp-json\/wp\/v2\/users\/1"}],"replies":[{"embeddable":true,"href":"https:\/\/tin.eu\/pt\/wp-json\/wp\/v2\/comments?post=171"}],"version-history":[{"count":1,"href":"https:\/\/tin.eu\/pt\/wp-json\/wp\/v2\/pages\/171\/revisions"}],"predecessor-version":[{"id":927,"href":"https:\/\/tin.eu\/pt\/wp-json\/wp\/v2\/pages\/171\/revisions\/927"}],"wp:featuredmedia":[{"embeddable":true,"href":"https:\/\/tin.eu\/pt\/wp-json\/wp\/v2\/media\/448"}],"wp:attachment":[{"href":"https:\/\/tin.eu\/pt\/wp-json\/wp\/v2\/media?parent=171"}],"curies":[{"name":"wp","href":"https:\/\/api.w.org\/{rel}","templated":true}]}}