{"id":1155,"date":"2026-02-25T16:28:54","date_gmt":"2026-02-25T15:28:54","guid":{"rendered":"https:\/\/tin.eu\/truck-check-copy\/"},"modified":"2026-02-25T16:30:33","modified_gmt":"2026-02-25T15:30:33","slug":"help","status":"publish","type":"page","link":"https:\/\/tin.eu\/pt\/help\/","title":{"rendered":"Help"},"content":{"rendered":"\t\t<div data-elementor-type=\"wp-page\" data-elementor-id=\"1155\" class=\"elementor elementor-1155\" data-elementor-post-type=\"page\">\n\t\t\t\t<div class=\"elementor-element elementor-element-9a5757c header e-flex e-con-boxed e-con e-parent\" data-id=\"9a5757c\" data-element_type=\"container\">\n\t\t\t\t\t<div class=\"e-con-inner\">\n\t\t<div class=\"elementor-element elementor-element-7a7873c container e-flex e-con-boxed e-con e-child\" data-id=\"7a7873c\" data-element_type=\"container\">\n\t\t\t\t\t<div class=\"e-con-inner\">\n\t\t\t\t<div class=\"elementor-element elementor-element-36ac115 elementor-widget elementor-widget-heading\" data-id=\"36ac115\" data-element_type=\"widget\" data-widget_type=\"heading.default\">\n\t\t\t\t<div class=\"elementor-widget-container\">\n\t\t\t<style>\/*! elementor - v3.21.0 - 26-05-2024 *\/\n.elementor-heading-title{padding:0;margin:0;line-height:1}.elementor-widget-heading .elementor-heading-title[class*=elementor-size-]>a{color:inherit;font-size:inherit;line-height:inherit}.elementor-widget-heading .elementor-heading-title.elementor-size-small{font-size:15px}.elementor-widget-heading .elementor-heading-title.elementor-size-medium{font-size:19px}.elementor-widget-heading .elementor-heading-title.elementor-size-large{font-size:29px}.elementor-widget-heading .elementor-heading-title.elementor-size-xl{font-size:39px}.elementor-widget-heading .elementor-heading-title.elementor-size-xxl{font-size:59px}<\/style><h1 class=\"elementor-heading-title elementor-size-default\">POL\u00cdTICA DE COOKIES<\/h1>\t\t<\/div>\n\t\t\t\t<\/div>\n\t\t\t\t\t<\/div>\n\t\t\t\t<\/div>\n\t\t\t\t\t<\/div>\n\t\t\t\t<\/div>\n\t\t<div class=\"elementor-element elementor-element-b640864 e-flex e-con-boxed e-con e-parent\" data-id=\"b640864\" data-element_type=\"container\">\n\t\t\t\t\t<div class=\"e-con-inner\">\n\t\t<div class=\"elementor-element elementor-element-79ecde4 container e-flex e-con-boxed e-con e-child\" data-id=\"79ecde4\" data-element_type=\"container\">\n\t\t\t\t\t<div class=\"e-con-inner\">\n\t\t\t\t<div class=\"elementor-element elementor-element-4fb6db4 elementor-widget elementor-widget-shortcode\" data-id=\"4fb6db4\" data-element_type=\"widget\" data-widget_type=\"shortcode.default\">\n\t\t\t\t<div class=\"elementor-widget-container\">\n\t\t\t\t\t<div class=\"elementor-shortcode\">\n  <script type=\"text\/javascript\" id=\"google-translate-script\">\n  function googleTranslateElementInit() {\n      \/\/ pages for lawyers are translated into only 4 languages\n      let translated = ['nl','en','de','pt','hu','sl'];\n      let lang_code;\n\n\t\t\tif ( translated.includes(document.querySelector(\".site-language-slug\").innerHTML) ) {\n        lang_code = document.querySelector(\".site-language-slug\").innerHTML;\n      }\n      else {\n        lang_code = 'nl';\n      }\n\n      new google.translate.TranslateElement(\n          {pageLanguage: lang_code},\n          'google_translate_element'\n      );\n  }\n  <\/script>\n  <script type=\"text\/javascript\" id=\"google-translate-code\" src=\"https:\/\/translate.google.com\/translate_a\/element.js?cb=googleTranslateElementInit#googtrans(fr)\"><\/script>\n  <div id=\"google_translate_element\"><\/div>\n  <\/div>\n\t\t\t\t<\/div>\n\t\t\t\t<\/div>\n\t\t\t\t<div class=\"elementor-element elementor-element-f21941b elementor-widget elementor-widget-text-editor\" data-id=\"f21941b\" data-element_type=\"widget\" data-widget_type=\"text-editor.default\">\n\t\t\t\t<div class=\"elementor-widget-container\">\n\t\t\t<style>\/*! elementor - v3.21.0 - 26-05-2024 *\/\n.elementor-widget-text-editor.elementor-drop-cap-view-stacked .elementor-drop-cap{background-color:#69727d;color:#fff}.elementor-widget-text-editor.elementor-drop-cap-view-framed .elementor-drop-cap{color:#69727d;border:3px solid;background-color:transparent}.elementor-widget-text-editor:not(.elementor-drop-cap-view-default) .elementor-drop-cap{margin-top:8px}.elementor-widget-text-editor:not(.elementor-drop-cap-view-default) .elementor-drop-cap-letter{width:1em;height:1em}.elementor-widget-text-editor .elementor-drop-cap{float:left;text-align:center;line-height:1;font-size:50px}.elementor-widget-text-editor .elementor-drop-cap-letter{display:inline-block}<\/style>\t\t\t\t<h4 class=\"wp-block-heading\">SOBRE A POL\u00cdTICA DE COOKIES<\/h4><p>A Pol\u00edtica de Cookies explica o que s\u00e3o cookies e como s\u00e3o utilizadas. Deve ler este texto para entender o que s\u00e3o cookies, que tipos de cookies usamos, como as usamos e o tipo de informa\u00e7\u00e3o que recolhemos quando usamos as cookies, como estas informa\u00e7\u00f5es s\u00e3o utilizadas e como pode verificar as suas prefer\u00eancias de cookies. Para obter mais informa\u00e7\u00f5es sobre como usamos, armazenamos e mantemos os seus dados pessoais em seguran\u00e7a, consulte a nossa Pol\u00edtica de Privacidade.<\/p><p>Pode alterar ou retirar o seu consentimento na declara\u00e7\u00e3o de cookies no nosso site a qualquer momento.<\/p><p>Mais informa\u00e7\u00f5es sobre quem somos, como pode entrar em contato connosco e como processamos dados pessoais podem ser encontradas na nossa Pol\u00edtica de Privacidade.<br \/>O seu consentimento aplica-se aos seguintes dom\u00ednios:\u00a0<a href=\"https:\/\/tin.eu\/nl\/\">tin.eu<\/a><\/p><p>O seu estado atual: consentimento aceite. Gerir o seu consentimento.<\/p><h4 class=\"wp-block-heading\">O QUE S\u00c3O COOKIES?<\/h4><p>Cookies s\u00e3o pequenos arquivos de dados usados para armazenar pequenas informa\u00e7\u00f5es. As cookies s\u00e3o armazenadas no seu dispositivo quando o site que procura \u00e9 carregado. As cookies ajudam o site a funcionar corretamente, a torn\u00e1-lo mais seguro, a oferecer-lhe uma melhor experi\u00eancia e a entender e a analisar como funciona o site e onde s\u00e3o necess\u00e1rias melhorias.<\/p><h4 class=\"wp-block-heading\">QUE TIPOS DE COOKIES USAMOS?<\/h4><p>Essencial: algumas cookies s\u00e3o essenciais para poder experimentar todas as funcionalidades do nosso site. Elas tornam poss\u00edvel manter as suas sess\u00f5es e a evitar riscos de seguran\u00e7a. N\u00e3o recolhem nem armazenam dados pessoais. Estas cookies possibilitam, por exemplo, fazer login na sua conta, adicionar produtos com seguran\u00e7a ao seu carrinho de compras e a efetuar o correspondente pagamento.<\/p><p>Estat\u00edsticas: estas cookies armazenam informa\u00e7\u00f5es como, o n\u00famero de visitantes do site, o n\u00famero de visitantes \u00fanicos, quais as p\u00e1ginas visitadas, a fonte da visita, etc. Estes dados ajudam-nos a entender e a analisar a qualidade do nosso site e onde o podemos melhorar.<\/p><p>Marketing: O nosso site exibe an\u00fancios. Estas cookies s\u00e3o usadas para personalizar os an\u00fancios que lhe mostramos e para que tenham mais significado para si. As cookies tamb\u00e9m nos ajudam a acompanhar a efici\u00eancia destas campanhas publicit\u00e1rias.<\/p><p>As informa\u00e7\u00f5es armazenadas nestas cookies tamb\u00e9m podem ser usadas por terceiros para apresentar an\u00fancios noutros sites.<\/p><p>Funcionais: estas cookies ajudam em certas fun\u00e7\u00f5es n\u00e3o essenciais do nosso site. Estas fun\u00e7\u00f5es incluem incorporar conte\u00fados como v\u00eddeos ou partilhar conte\u00fados do site nas plataformas das redes sociais.<\/p><p>Prefer\u00eancias: estas cookies ajudam a armazenar as suas prefer\u00eancias de navega\u00e7\u00e3o, tais como as op\u00e7\u00f5es de idioma, para que tenha uma experi\u00eancia melhor e mais eficiente, durante futuras visitas ao nosso site.<\/p><h4 class=\"wp-block-heading\">COMO USAMOS AS COOKIES?<\/h4><p>Como na maioria dos servi\u00e7os on-line, o nosso site usa cookies de terceiros para diversas finalidades. As cookies prim\u00e1rias, geralmente s\u00e3o necess\u00e1rias para permitir que o site funcione corretamente e n\u00e3o recolhem nenhum dos seus dados de identifica\u00e7\u00e3o pessoal.<\/p><p>As cookies de terceiros usadas no nosso site s\u00e3o, acima de tudo, usadas para entender como o site funciona, como o nosso site est\u00e1 a ser utilizado, para manter os nossos servi\u00e7os seguros, para exibir an\u00fancios que s\u00e3o relevantes para si, e, em geral, para lhe oferecer uma melhor experi\u00eancia e ajudar a tornar as suas intera\u00e7\u00f5es futuras com o nosso site mais r\u00e1pidas.<\/p><h4 class=\"wp-block-heading\">DESCRI\u00c7\u00c3O DE COOKIE<\/h4><p>Nenhum relat\u00f3rio encontrado<\/p><h4 class=\"wp-block-heading\">COMO POSSO VERIFICAR AS MINHAS PREFER\u00caNCIAS DE COOKIES?<\/h4><p>Se, posteriormente, durante a sua sess\u00e3o, decidir alterar suas prefer\u00eancias, poder\u00e1 clicar em \u201cPol\u00edtica de Privacidade e Cookies\u201d no ecran. Aqui pode consultar a declara\u00e7\u00e3o de consentimento para que possa alterar as suas prefer\u00eancias ou retirar por complete o seu consentimento.<\/p><p>Al\u00e9m disso, diferentes navegadores oferecem m\u00e9todos diferentes para bloquear e remover as cookies usadas pelos sites. Pode alterar as configura\u00e7\u00f5es do seu navegador para bloquear ou remover as cookies. Para mais informa\u00e7\u00f5es sobre como gerir e remover cookies, aceda a: <a href=\"https:\/\/en.wikipedia.org\/wiki\/HTTP_cookie\" target=\"_blank\" rel=\"noopener\">wikipedia.org<\/a>, <a href=\"https:\/\/allaboutcookies.org\/\" target=\"_blank\" rel=\"noopener\">www.allaboutcookies.org<\/a>.<\/p>\t\t\t\t\t\t<\/div>\n\t\t\t\t<\/div>\n\t\t\t\t\t<\/div>\n\t\t\t\t<\/div>\n\t\t\t\t<div class=\"elementor-element elementor-element-9775f85 elementor-widget elementor-widget-spacer\" data-id=\"9775f85\" data-element_type=\"widget\" data-widget_type=\"spacer.default\">\n\t\t\t\t<div class=\"elementor-widget-container\">\n\t\t\t<style>\/*! elementor - v3.21.0 - 26-05-2024 *\/\n.elementor-column .elementor-spacer-inner{height:var(--spacer-size)}.e-con{--container-widget-width:100%}.e-con-inner>.elementor-widget-spacer,.e-con>.elementor-widget-spacer{width:var(--container-widget-width,var(--spacer-size));--align-self:var(--container-widget-align-self,initial);--flex-shrink:0}.e-con-inner>.elementor-widget-spacer>.elementor-widget-container,.e-con>.elementor-widget-spacer>.elementor-widget-container{height:100%;width:100%}.e-con-inner>.elementor-widget-spacer>.elementor-widget-container>.elementor-spacer,.e-con>.elementor-widget-spacer>.elementor-widget-container>.elementor-spacer{height:100%}.e-con-inner>.elementor-widget-spacer>.elementor-widget-container>.elementor-spacer>.elementor-spacer-inner,.e-con>.elementor-widget-spacer>.elementor-widget-container>.elementor-spacer>.elementor-spacer-inner{height:var(--container-widget-height,var(--spacer-size))}.e-con-inner>.elementor-widget-spacer.elementor-widget-empty,.e-con>.elementor-widget-spacer.elementor-widget-empty{position:relative;min-height:22px;min-width:22px}.e-con-inner>.elementor-widget-spacer.elementor-widget-empty .elementor-widget-empty-icon,.e-con>.elementor-widget-spacer.elementor-widget-empty .elementor-widget-empty-icon{position:absolute;top:0;bottom:0;left:0;right:0;margin:auto;padding:0;width:22px;height:22px}<\/style>\t\t<div class=\"elementor-spacer\">\n\t\t\t<div class=\"elementor-spacer-inner\"><\/div>\n\t\t<\/div>\n\t\t\t\t<\/div>\n\t\t\t\t<\/div>\n\t\t\t\t\t<\/div>\n\t\t\t\t<\/div>\n\t\t\t\t<\/div>\n\t\t","protected":false},"excerpt":{"rendered":"<p>Help UNDER CONSTRUCTION<\/p>\n","protected":false},"author":1,"featured_media":448,"parent":0,"menu_order":21,"comment_status":"closed","ping_status":"closed","template":"","meta":{"_acf_changed":true,"footnotes":""},"class_list":["post-1155","page","type-page","status-publish","has-post-thumbnail","hentry"],"acf":[],"_links":{"self":[{"href":"https:\/\/tin.eu\/pt\/wp-json\/wp\/v2\/pages\/1155","targetHints":{"allow":["GET"]}}],"collection":[{"href":"https:\/\/tin.eu\/pt\/wp-json\/wp\/v2\/pages"}],"about":[{"href":"https:\/\/tin.eu\/pt\/wp-json\/wp\/v2\/types\/page"}],"author":[{"embeddable":true,"href":"https:\/\/tin.eu\/pt\/wp-json\/wp\/v2\/users\/1"}],"replies":[{"embeddable":true,"href":"https:\/\/tin.eu\/pt\/wp-json\/wp\/v2\/comments?post=1155"}],"version-history":[{"count":0,"href":"https:\/\/tin.eu\/pt\/wp-json\/wp\/v2\/pages\/1155\/revisions"}],"wp:featuredmedia":[{"embeddable":true,"href":"https:\/\/tin.eu\/pt\/wp-json\/wp\/v2\/media\/448"}],"wp:attachment":[{"href":"https:\/\/tin.eu\/pt\/wp-json\/wp\/v2\/media?parent=1155"}],"curies":[{"name":"wp","href":"https:\/\/api.w.org\/{rel}","templated":true}]}}