{"id":28,"date":"2024-04-09T09:55:33","date_gmt":"2024-04-09T09:55:33","guid":{"rendered":"https:\/\/tin.eu\/?page_id=28"},"modified":"2025-10-23T12:42:49","modified_gmt":"2025-10-23T10:42:49","slug":"about-us","status":"publish","type":"page","link":"https:\/\/tin.eu\/pl\/about-us\/","title":{"rendered":"Over ons"},"content":{"rendered":"\t\t<div data-elementor-type=\"wp-page\" data-elementor-id=\"28\" class=\"elementor elementor-28\" data-elementor-post-type=\"page\">\n\t\t\t\t<div class=\"elementor-element elementor-element-a5177af header e-flex e-con-boxed e-con e-parent\" data-id=\"a5177af\" data-element_type=\"container\">\n\t\t\t\t\t<div class=\"e-con-inner\">\n\t\t<div class=\"elementor-element elementor-element-ed50013 container e-flex e-con-boxed e-con e-child\" data-id=\"ed50013\" data-element_type=\"container\">\n\t\t\t\t\t<div class=\"e-con-inner\">\n\t\t\t\t<div class=\"elementor-element elementor-element-52abc99 elementor-widget elementor-widget-heading\" data-id=\"52abc99\" data-element_type=\"widget\" data-widget_type=\"heading.default\">\n\t\t\t\t<div class=\"elementor-widget-container\">\n\t\t\t<style>\/*! elementor - v3.21.0 - 26-05-2024 *\/\n.elementor-heading-title{padding:0;margin:0;line-height:1}.elementor-widget-heading .elementor-heading-title[class*=elementor-size-]>a{color:inherit;font-size:inherit;line-height:inherit}.elementor-widget-heading .elementor-heading-title.elementor-size-small{font-size:15px}.elementor-widget-heading .elementor-heading-title.elementor-size-medium{font-size:19px}.elementor-widget-heading .elementor-heading-title.elementor-size-large{font-size:29px}.elementor-widget-heading .elementor-heading-title.elementor-size-xl{font-size:39px}.elementor-widget-heading .elementor-heading-title.elementor-size-xxl{font-size:59px}<\/style><h1 class=\"elementor-heading-title elementor-size-default\">O nas<\/h1>\t\t<\/div>\n\t\t\t\t<\/div>\n\t\t\t\t\t<\/div>\n\t\t\t\t<\/div>\n\t\t\t\t\t<\/div>\n\t\t\t\t<\/div>\n\t\t<div class=\"elementor-element elementor-element-1687dfd container e-flex e-con-boxed e-con e-parent\" data-id=\"1687dfd\" data-element_type=\"container\">\n\t\t\t\t\t<div class=\"e-con-inner\">\n\t\t<div class=\"elementor-element elementor-element-445a82c service__row e-flex e-con-boxed e-con e-child\" data-id=\"445a82c\" data-element_type=\"container\">\n\t\t\t\t\t<div class=\"e-con-inner\">\n\t\t\t\t<div class=\"elementor-element elementor-element-fbabae1 col__service col__service_img col__service_img-about-us elementor-widget elementor-widget-text-editor\" data-id=\"fbabae1\" data-element_type=\"widget\" data-widget_type=\"text-editor.default\">\n\t\t\t\t<div class=\"elementor-widget-container\">\n\t\t\t<style>\/*! elementor - v3.21.0 - 26-05-2024 *\/\n.elementor-widget-text-editor.elementor-drop-cap-view-stacked .elementor-drop-cap{background-color:#69727d;color:#fff}.elementor-widget-text-editor.elementor-drop-cap-view-framed .elementor-drop-cap{color:#69727d;border:3px solid;background-color:transparent}.elementor-widget-text-editor:not(.elementor-drop-cap-view-default) .elementor-drop-cap{margin-top:8px}.elementor-widget-text-editor:not(.elementor-drop-cap-view-default) .elementor-drop-cap-letter{width:1em;height:1em}.elementor-widget-text-editor .elementor-drop-cap{float:left;text-align:center;line-height:1;font-size:50px}.elementor-widget-text-editor .elementor-drop-cap-letter{display:inline-block}<\/style>\t\t\t\t<p><img decoding=\"async\" class=\"alignnone size-full wp-image-332\" src=\"https:\/\/tin.eu\/wp-content\/uploads\/2024\/04\/truck-right-1.svg\" alt=\"TIN\" \/><\/p>\t\t\t\t\t\t<\/div>\n\t\t\t\t<\/div>\n\t\t\t\t<div class=\"elementor-element elementor-element-d794fe4 elementor-widget elementor-widget-text-editor\" data-id=\"d794fe4\" data-element_type=\"widget\" data-widget_type=\"text-editor.default\">\n\t\t\t\t<div class=\"elementor-widget-container\">\n\t\t\t\t\t\t\t<h2>Kim jeste\u015bmy?<\/h2><p>TIN to niezawodny partner na drodze. Firma, za\u0142o\u017cona jako Transport in Nood w 2008 roku przez Antonio Oliveir\u0119, rozwin\u0119\u0142a si\u0119 z jednomy\u015blnej misji przywr\u00f3cenia pojazd\u00f3w na drog\u0119 tak szybko, jak to mo\u017cliwe, do kompleksowego dostawcy us\u0142ug dla bran\u017cy transportowej. Nasz oddany zesp\u00f3\u0142 sk\u0142adaj\u0105cy si\u0119 z oko\u0142o 20 profesjonalist\u00f3w dok\u0142ada wszelkich stara\u0144, aby przewo\u017anicy mogli skoncentrowa\u0107 si\u0119 na swoich podstawowych zadaniach, pozostawiaj\u0105c wyzwania nam.<\/p><h2>Nasza ewolucja<\/h2><p>Od momentu powstania firma TIN przesz\u0142a znaczn\u0105 ewolucj\u0119. Pocz\u0105tkowo koncentrowali\u015bmy si\u0119 na pomocy przewo\u017anikom w szybkim wznowieniu ich podr\u00f3\u017cy po zatrzymaniu z jakiegokolwiek powodu, nasze spektrum us\u0142ug znacznie si\u0119 poszerzy\u0142o. Dzi\u015b mo\u017cemy pochwali\u0107 si\u0119 rozleg\u0142\u0105 europejsk\u0105 sieci\u0105, wspieraj\u0105c\u0105 ponad 3200 klient\u00f3w na ca\u0142ym kontynencie dzi\u0119ki r\u00f3\u017cnorodnym, dostosowanym do ich potrzeb rozwi\u0105zaniom, od ca\u0142odobowej pomocy w zakresie p\u0142atno\u015bci mandat\u00f3w drogowych po wsparcie prawne w kwestionowaniu mandat\u00f3w, kompleksowy system op\u0142at drogowych, karty p\u0142atnicze i wiele innych.<\/p><h2>Cyfryzacja i Przysz\u0142o\u015b\u0107<\/h2><p>Transformacja cyfrowa stale dociera do mi\u0119dzynarodowego sektora transportu drogowego. W odpowiedzi na ten rozw\u00f3j i w oczekiwaniu na dalsz\u0105 cyfryzacj\u0119, TIN wykorzysta\u0142 swoje ogromne do\u015bwiadczenie do zaprojektowania w\u0142asnego oprogramowania i system\u00f3w. Na przyk\u0142ad nasz innowacyjny system CRM, kt\u00f3ry jest po\u0142\u0105czony z aplikacj\u0105 na telefonach kierowc\u00f3w, u\u0142atwia wymian\u0119 informacji i dokument\u00f3w kontrolnych w czasie rzeczywistym mi\u0119dzy kierowcami, personelem administracyjnym i odpowiednimi organami. To znacznie upraszcza logistyk\u0119 zgodno\u015bci z przepisami krajowymi i unijnymi. Co wi\u0119cej, nasza platforma ma budow\u0119 modu\u0142ow\u0105, dzi\u0119ki czemu mo\u017cna j\u0105 \u0142atwo rozbudowywa\u0107 o nowe funkcje w miar\u0119 ich dost\u0119pno\u015bci.<br \/>Jak wida\u0107, TIN to rozwi\u0105zanie przysz\u0142o\u015bciowe.<\/p><h2>Zaanga\u017cowanie<\/h2><p>W TIN ci\u0105g\u0142o\u015b\u0107 operacyjna i satysfakcja naszych klient\u00f3w s\u0105 naszym najwy\u017cszym priorytetem. Niezale\u017cnie od tego, czy jest to nasza ca\u0142odobowa pomoc, nasze zaawansowane rozwi\u0105zania technologiczne, czy nasz kompleksowy pakiet us\u0142ug, naszym celem jest zapewnienie Ci wsparcia, gdy go potrzebujesz.<\/p><h2>Spotkajmy si\u0119<\/h2><p>Jeste\u015bmy czym\u015b wi\u0119cej ni\u017c tylko us\u0142ugodawc\u0105; jeste\u015bmy Twoim partnerem w ka\u017cdej podr\u00f3\u017cy. Skontaktuj si\u0119 z nami ju\u017c dzi\u015b, aby dowiedzie\u0107 si\u0119 wi\u0119cej o naszych us\u0142ugach i o tym, jak mo\u017cemy zaspokoi\u0107 Twoje specyficzne potrzeby na drodze do Twojego sukcesu.<\/p><p>Poczuj spok\u00f3j ducha, jaki daje posiadanie TIN na pok\u0142adzie. B\u0119dzie nam mi\u0142o powita\u0107 Ci\u0119 jako naszego nowego klienta.<\/p>\t\t\t\t\t\t<\/div>\n\t\t\t\t<\/div>\n\t\t\t\t\t<\/div>\n\t\t\t\t<\/div>\n\t\t\t\t\t<\/div>\n\t\t\t\t<\/div>\n\t\t<div class=\"elementor-element elementor-element-457e77b about-us e-flex e-con-boxed e-con e-parent\" data-id=\"457e77b\" data-element_type=\"container\">\n\t\t\t\t\t<div class=\"e-con-inner\">\n\t\t<div class=\"elementor-element elementor-element-7a1ce95 about-us__container e-flex e-con-boxed e-con e-child\" data-id=\"7a1ce95\" data-element_type=\"container\">\n\t\t\t\t\t<div class=\"e-con-inner\">\n\t\t\t\t<div class=\"elementor-element elementor-element-17bd522 elementor-widget elementor-widget-text-editor\" data-id=\"17bd522\" data-element_type=\"widget\" data-widget_type=\"text-editor.default\">\n\t\t\t\t<div class=\"elementor-widget-container\">\n\t\t\t\t\t\t\t<em>Antonio Oliveira and his wife Monica Cruz Oliveira launch Transport in Nood from their kitchen table in an Amsterdam apartment. Speaking four languages between them, the duo ensure the swift payment of on-the-spot fines by organising roadside cash deliveries to stopped lorry drivers. A niche is filled, a company born and a network quickly grows.<\/em>\n<h3><strong>2008<\/strong>\nustanowienie<\/h3>\t\t\t\t\t\t<\/div>\n\t\t\t\t<\/div>\n\t\t\t\t<div class=\"elementor-element elementor-element-9c01361 elementor-widget elementor-widget-text-editor\" data-id=\"9c01361\" data-element_type=\"widget\" data-widget_type=\"text-editor.default\">\n\t\t\t\t<div class=\"elementor-widget-container\">\n\t\t\t\t\t\t\t<p><em>TIN\u2019s success prompts Antonio and Monika to rent some modest office space and hire Michiel , their first staff member. With revenues flowing in, the young entrepreneurs become increasingly familiar with the European road haulage sector and investigate service expansion opportunities.<\/em><\/p><h3><strong>2009<\/strong><br \/>30 klient\u00f3w<br \/>2 pracownik\u00f3w<br \/>500 kierowc\u00f3w<\/h3>\t\t\t\t\t\t<\/div>\n\t\t\t\t<\/div>\n\t\t\t\t<div class=\"elementor-element elementor-element-1fdcbcc elementor-widget elementor-widget-text-editor\" data-id=\"1fdcbcc\" data-element_type=\"widget\" data-widget_type=\"text-editor.default\">\n\t\t\t\t<div class=\"elementor-widget-container\">\n\t\t\t\t\t\t\t<p><em>TIN identified market demand for the facilitation and management of drivers\u2019 international expenses in general, and developed the TIN Payment Card in conjunction with VISA. By 2012, 5,000 European lorry drivers carried the Payment Card in their wallets.<\/em><\/p><h3><strong>2012 <\/strong><br \/>450 klient\u00f3w<br \/>10 pracownik\u00f3w<br \/>5.000 kierowc\u00f3w<\/h3>\t\t\t\t\t\t<\/div>\n\t\t\t\t<\/div>\n\t\t\t\t<div class=\"elementor-element elementor-element-b6ffdb1 elementor-widget elementor-widget-text-editor\" data-id=\"b6ffdb1\" data-element_type=\"widget\" data-widget_type=\"text-editor.default\">\n\t\t\t\t<div class=\"elementor-widget-container\">\n\t\t\t\t\t\t\t<p><em>TIN continues its steady growth, employing ten full-time staff. The company moves out of its now cramped accommodation and into new offices at its current location in Weesp, just south of Amsterdam in the Netherlands.\u00a0<\/em><\/p><h3><strong>2015 <\/strong><br \/>1.000 klient\u00f3w<br \/>16 pracownik\u00f3w<br \/>6.000 kierowc\u00f3w<\/h3>\t\t\t\t\t\t<\/div>\n\t\t\t\t<\/div>\n\t\t\t\t<div class=\"elementor-element elementor-element-3fde6fb elementor-widget elementor-widget-text-editor\" data-id=\"3fde6fb\" data-element_type=\"widget\" data-widget_type=\"text-editor.default\">\n\t\t\t\t<div class=\"elementor-widget-container\">\n\t\t\t\t\t\t\t<p><em>TIN attracts increasing numbers of customers abroad. To meet demand eastward, a first subsidiary is established in Germany. A second is established in Portugal, the home of Antonio and Monica\u2019s parents, to serve as an important bridge to Brazil, the country facilitating payments in nighttime Europe when European banks are closed.<\/em><\/p><h3><strong>2016 <\/strong><br \/>1.920 klient\u00f3w<br \/>20 pracownik\u00f3w<br \/>8.000 kierowc\u00f3w<\/h3>\t\t\t\t\t\t<\/div>\n\t\t\t\t<\/div>\n\t\t\t\t<div class=\"elementor-element elementor-element-f79eea9 elementor-widget elementor-widget-text-editor\" data-id=\"f79eea9\" data-element_type=\"widget\" data-widget_type=\"text-editor.default\">\n\t\t\t\t<div class=\"elementor-widget-container\">\n\t\t\t\t\t\t\t<p><em>Ten years in business, TIN celebrates by bringing in its 1,000th customer. These customers are spread across 12 different European countries and more than 10,000 European lorry drivers now benefit from TIN\u2019s payment and administrative logistics services to keep them rolling.<\/em><\/p><h3><strong>2018 <\/strong><br \/>2.190 klient\u00f3w<br \/>22 pracownik\u00f3w<br \/>10.000 kierowc\u00f3w<\/h3>\t\t\t\t\t\t<\/div>\n\t\t\t\t<\/div>\n\t\t\t\t<div class=\"elementor-element elementor-element-7674e09 elementor-widget elementor-widget-text-editor\" data-id=\"7674e09\" data-element_type=\"widget\" data-widget_type=\"text-editor.default\">\n\t\t\t\t<div class=\"elementor-widget-container\">\n\t\t\t\t\t\t\t<p><em>Further demand in the east of Europe leads to the establishment of a third subsidiary in Hungary. TIN now has 1,500 customers and 20,000 drivers on its books.<br \/>Following the digital trend, TIN spots the opportunity to bring the bulk of its services together in a single mobile application on drivers\u2019 phones. It duly starts work developing the Legal Control App, which will bring important data and documents to the European roadside at the press of a button.<\/em><\/p><h3><strong>2021 <\/strong><br \/>2.730 klient\u00f3w<br \/>26 pracownik\u00f3w<br \/>25.000 kierowc\u00f3w<\/h3>\t\t\t\t\t\t<\/div>\n\t\t\t\t<\/div>\n\t\t\t\t<div class=\"elementor-element elementor-element-ac78596 elementor-widget elementor-widget-text-editor\" data-id=\"ac78596\" data-element_type=\"widget\" data-widget_type=\"text-editor.default\">\n\t\t\t\t<div class=\"elementor-widget-container\">\n\t\t\t\t\t\t\t<p><em>Things are moving very swiftly now. TIN has more than 50,000 drivers in its CRM system, 10,000 of which are connected to up-to-date information and documentation through the Legal Control App. Furthermore, TIN is market leader when it comes to the provision of IMI-declarations and staff speak a stunning 15 languages combined.<br \/>TIN continues to expand in every way and once again in 2024, expects very soon to move into larger accommodation because its offices in Weesp are bursting at the seams.<\/em><\/p><h3><strong>2024 <\/strong><br \/>3.203 klient\u00f3w<br \/>32 pracownik\u00f3w<br \/>30.000 kierowc\u00f3w<\/h3>\t\t\t\t\t\t<\/div>\n\t\t\t\t<\/div>\n\t\t\t\t\t<\/div>\n\t\t\t\t<\/div>\n\t\t\t\t\t<\/div>\n\t\t\t\t<\/div>\n\t\t<div class=\"elementor-element elementor-element-dc034be home-articles e-flex e-con-boxed e-con e-parent\" data-id=\"dc034be\" data-element_type=\"container\">\n\t\t\t\t\t<div class=\"e-con-inner\">\n\t\t<div class=\"elementor-element elementor-element-3a37f66 container e-flex e-con-boxed e-con e-child\" data-id=\"3a37f66\" data-element_type=\"container\">\n\t\t\t\t\t<div class=\"e-con-inner\">\n\t\t\t\t<div class=\"elementor-element elementor-element-aa53c63 elementor-widget elementor-widget-shortcode\" data-id=\"aa53c63\" data-element_type=\"widget\" data-widget_type=\"shortcode.default\">\n\t\t\t\t<div class=\"elementor-widget-container\">\n\t\t\t\t\t<div class=\"elementor-shortcode\"><h2>US\u0141UGI<\/h2><div class=\"hp-articles\"><div class=\"hp-article\"><a class=\"hp-article__img hp-article__lazy\" href=\"https:\/\/tin.eu\/pl\/services\/uk-checklist\/\" data-src=\"https:\/\/tin.eu\/wp-content\/uploads\/2024\/04\/iStock-1567856598x1-copy-1024x683.jpg\"><span class=\"loader-spin\">&nbsp;<\/span><\/a><h3 class=\"hp-article__name\">Lista kontrolna UK<\/h3><div class=\"hp-article__content\">Kiedy Tw\u00f3j transport zmierza do Wielkiej Brytanii, Tw\u00f3j kierowca jest zobowi\u0105zany do przedstawienia w\u0142adzom brytyjskim d...<\/div><div class=\"hp-article__link\"><a href=\"https:\/\/tin.eu\/pl\/services\/uk-checklist\/\">Ucz si\u0119 wi\u0119cej<\/a><\/div><\/div><div class=\"hp-article\"><a class=\"hp-article__img hp-article__lazy\" href=\"https:\/\/tin.eu\/pl\/services\/legal-service\/\" data-src=\"https:\/\/tin.eu\/wp-content\/uploads\/2024\/04\/image_2024_04_10T14_54_11_722Z-1024x683.webp\"><span class=\"loader-spin\">&nbsp;<\/span><\/a><h3 class=\"hp-article__name\">Obs\u0142uga prawna<\/h3><div class=\"hp-article__content\">W ca\u0142ej Europie TIN utrzymuje bliskie relacje z dostawcami us\u0142ug prawnych specjalizuj\u0105cymi si\u0119 w sektorze transportu - z...<\/div><div class=\"hp-article__link\"><a href=\"https:\/\/tin.eu\/pl\/services\/legal-service\/\">Ucz si\u0119 wi\u0119cej<\/a><\/div><\/div><div class=\"hp-article\"><a class=\"hp-article__img hp-article__lazy\" href=\"https:\/\/tin.eu\/pl\/services\/imi-all-in-service\/\" data-src=\"https:\/\/tin.eu\/wp-content\/uploads\/2024\/04\/iStock-1177176016-1024x742.jpg\"><span class=\"loader-spin\">&nbsp;<\/span><\/a><h3 class=\"hp-article__name\">Us\u0142uga IMI All-In<\/h3><div class=\"hp-article__content\">Poruszanie si\u0119 po zawi\u0142o\u015bciach unijnych przepis\u00f3w dotycz\u0105cych delegowania mo\u017ce by\u0107 frustruj\u0105ce i czasoch\u0142onne. Wraz z in...<\/div><div class=\"hp-article__link\"><a href=\"https:\/\/tin.eu\/pl\/services\/imi-all-in-service\/\">Ucz si\u0119 wi\u0119cej<\/a><\/div><\/div><div class=\"hp-article\"><a class=\"hp-article__img hp-article__lazy\" href=\"https:\/\/tin.eu\/pl\/services\/instant-payment\/\" data-src=\"https:\/\/tin.eu\/wp-content\/uploads\/2024\/04\/iStock-1857835872_2-1024x754.webp\"><span class=\"loader-spin\">&nbsp;<\/span><\/a><h3 class=\"hp-article__name\">Natychmiastowa p\u0142atno\u015b\u0107<\/h3><div class=\"hp-article__content\">Przest\u00f3j spowodowany rozliczeniem grzywny na miejscu zwykle kosztuje znacznie wi\u0119cej ni\u017c sama grzywna: fracht dociera z...<\/div><div class=\"hp-article__link\"><a href=\"https:\/\/tin.eu\/pl\/services\/instant-payment\/\">Ucz si\u0119 wi\u0119cej<\/a><\/div><\/div><div class=\"hp-article\"><a class=\"hp-article__img hp-article__lazy\" href=\"https:\/\/tin.eu\/pl\/services\/legal-control-app\/\" data-src=\"https:\/\/tin.eu\/wp-content\/uploads\/2024\/04\/legal-controll-app-1024x683.webp\"><span class=\"loader-spin\">&nbsp;<\/span><\/a><h3 class=\"hp-article__name\">Aplikacja Legal Control<\/h3><div class=\"hp-article__content\">Kilka lat temu firma TIN opracowa\u0142a aplikacj\u0119 Legal Control App jako rozwi\u0105zanie problemu ogromu papierkowej roboty zwi\u0105...<\/div><div class=\"hp-article__link\"><a href=\"https:\/\/tin.eu\/pl\/services\/legal-control-app\/\">Ucz si\u0119 wi\u0119cej<\/a><\/div><\/div><div class=\"hp-article\"><a class=\"hp-article__img hp-article__lazy\" href=\"https:\/\/tin.eu\/pl\/services\/toll-service\/\" data-src=\"https:\/\/tin.eu\/wp-content\/uploads\/2024\/08\/iStock-1256198515-1024x682.webp\"><span class=\"loader-spin\">&nbsp;<\/span><\/a><h3 class=\"hp-article__name\">Us\u0142uga op\u0142at drogowych<\/h3><div class=\"hp-article__content\">Kieruj\u0105c si\u0119 ambicj\u0105 zapewnienia klientom wsparcia i korzy\u015bci wsz\u0119dzie tam, gdzie to mo\u017cliwe, firma TIN nawi\u0105za\u0142a wsp\u00f3\u0142p...<\/div><div class=\"hp-article__link\"><a href=\"https:\/\/tin.eu\/pl\/services\/toll-service\/\">Ucz si\u0119 wi\u0119cej<\/a><\/div><\/div><div class=\"hp-article\"><a class=\"hp-article__img hp-article__lazy\" href=\"https:\/\/tin.eu\/pl\/services\/payments-card\/\" data-src=\"https:\/\/tin.eu\/wp-content\/uploads\/2024\/04\/image_2024_04_10T14_51_14_145Z-1024x632.webp\"><span class=\"loader-spin\">&nbsp;<\/span><\/a><h3 class=\"hp-article__name\">Karta p\u0142atnicza<\/h3><div class=\"hp-article__content\">Zarz\u0105dzaj wydatkami swojej floty w trasie za pomoc\u0105 karty p\u0142atniczej TIN. Zaprojektowana specjalnie z my\u015bl\u0105 o wyj\u0105tkowyc...<\/div><div class=\"hp-article__link\"><a href=\"https:\/\/tin.eu\/pl\/services\/payments-card\/\">Ucz si\u0119 wi\u0119cej<\/a><\/div><\/div><div class=\"hp-article\"><a class=\"hp-article__img hp-article__lazy\" href=\"https:\/\/tin.eu\/pl\/services\/tin-crm-system\/\" data-src=\"https:\/\/tin.eu\/wp-content\/uploads\/2024\/04\/iStock-959638326-1024x683.jpg\"><span class=\"loader-spin\">&nbsp;<\/span><\/a><h3 class=\"hp-article__name\">System CRM TIN<\/h3><div class=\"hp-article__content\">Us\u0142ugi TIN polegaj\u0105 na szybkim, niezawodnym i bezpiecznym przechowywaniu i wymianie cz\u0119sto wra\u017cliwych informacji i dokum...<\/div><div class=\"hp-article__link\"><a href=\"https:\/\/tin.eu\/pl\/services\/tin-crm-system\/\">Ucz si\u0119 wi\u0119cej<\/a><\/div><\/div><div class=\"hp-article\"><a class=\"hp-article__img hp-article__lazy\" href=\"https:\/\/tin.eu\/pl\/services\/special-permits\/\" data-src=\"https:\/\/tin.eu\/wp-content\/uploads\/2024\/04\/wiki-westersch_CommonsGNU_Free_Documentation_License-1024x768.jpg\"><span class=\"loader-spin\">&nbsp;<\/span><\/a><h3 class=\"hp-article__name\">Specjalne zezwolenia<\/h3><div class=\"hp-article__content\">Dzi\u0119ki wieloletniemu do\u015bwiadczeniu w ca\u0142ej Europie, TIN jest idealnym partnerem do uzyskiwania specjalnych zezwole\u0144 na w...<\/div><div class=\"hp-article__link\"><a href=\"https:\/\/tin.eu\/pl\/services\/special-permits\/\">Ucz si\u0119 wi\u0119cej<\/a><\/div><\/div><div class=\"hp-article\"><a class=\"hp-article__img hp-article__lazy\" href=\"https:\/\/tin.eu\/pl\/services\/24-7-service\/\" data-src=\"https:\/\/tin.eu\/wp-content\/uploads\/2024\/04\/iStock-1456618360_2-1024x665.webp\"><span class=\"loader-spin\">&nbsp;<\/span><\/a><h3 class=\"hp-article__name\">Us\u0142uga 24\/7<\/h3><div class=\"hp-article__content\">Je\u015bli jedna z Twoich ci\u0119\u017car\u00f3wek ulegnie awarii lub z jakiegokolwiek innego powodu nie b\u0119dzie mog\u0142a kontynuowa\u0107 podr\u00f3\u017cy,...<\/div><div class=\"hp-article__link\"><a href=\"https:\/\/tin.eu\/pl\/services\/24-7-service\/\">Ucz si\u0119 wi\u0119cej<\/a><\/div><\/div><div class=\"hp-article\"><a class=\"hp-article__img hp-article__lazy\" href=\"https:\/\/tin.eu\/pl\/services\/translations-service\/\" data-src=\"https:\/\/tin.eu\/wp-content\/uploads\/2024\/04\/iStock-1456166410-1024x683.webp\"><span class=\"loader-spin\">&nbsp;<\/span><\/a><h3 class=\"hp-article__name\">Us\u0142uga t\u0142umaczenia<\/h3><div class=\"hp-article__content\">TIN zapewnia kompleksowe us\u0142ugi t\u0142umaczeniowe umo\u017cliwiaj\u0105ce skuteczn\u0105 komunikacj\u0119 we wszystkich j\u0119zykach europejskich. O...<\/div><div class=\"hp-article__link\"><a href=\"https:\/\/tin.eu\/pl\/services\/translations-service\/\">Ucz si\u0119 wi\u0119cej<\/a><\/div><\/div><div class=\"hp-article\"><a class=\"hp-article__img hp-article__lazy\" href=\"https:\/\/tin.eu\/pl\/services\/ddd-analysis\/\" data-src=\"https:\/\/tin.eu\/wp-content\/uploads\/2024\/04\/iStock-1237313230-1024x683.webp\"><span class=\"loader-spin\">&nbsp;<\/span><\/a><h3 class=\"hp-article__name\">Analiza DDD<\/h3><div class=\"hp-article__content\">Kompleksowy pakiet us\u0142ug dla europejskiego sektora transportu drogowego nie by\u0142by kompletny bez analizy tachograf\u00f3w. Dla...<\/div><div class=\"hp-article__link\"><a href=\"https:\/\/tin.eu\/pl\/services\/ddd-analysis\/\">Ucz si\u0119 wi\u0119cej<\/a><\/div><\/div><\/div><\/div>\n\t\t\t\t<\/div>\n\t\t\t\t<\/div>\n\t\t\t\t\t<\/div>\n\t\t\t\t<\/div>\n\t\t\t\t\t<\/div>\n\t\t\t\t<\/div>\n\t\t\t\t<\/div>\n\t\t","protected":false},"excerpt":{"rendered":"<p>TIN is uw betrouwbare partner op de weg. In 2008 door Antonio Oliveira opgericht als Transport in Nood, zijn we de eenvoudige gedachte om vrachtwagens zo snel mogelijk weer de weg op te krijgen ontgroeid, maar zeker niet vergeten. Inmiddels is TIN een veelzijdige dienstverlener. Ons toegewijde team van ongeveer 20 professionals zet zich in om ervoor te zorgen dat transporteurs zich kunnen concentreren op hun kerntaken omdat ze de administratieve logistiek aan ons overlaten.<\/p>\n","protected":false},"author":1,"featured_media":644,"parent":0,"menu_order":8,"comment_status":"closed","ping_status":"closed","template":"","meta":{"_acf_changed":false,"footnotes":""},"class_list":["post-28","page","type-page","status-publish","has-post-thumbnail","hentry"],"acf":[],"_links":{"self":[{"href":"https:\/\/tin.eu\/pl\/wp-json\/wp\/v2\/pages\/28","targetHints":{"allow":["GET"]}}],"collection":[{"href":"https:\/\/tin.eu\/pl\/wp-json\/wp\/v2\/pages"}],"about":[{"href":"https:\/\/tin.eu\/pl\/wp-json\/wp\/v2\/types\/page"}],"author":[{"embeddable":true,"href":"https:\/\/tin.eu\/pl\/wp-json\/wp\/v2\/users\/1"}],"replies":[{"embeddable":true,"href":"https:\/\/tin.eu\/pl\/wp-json\/wp\/v2\/comments?post=28"}],"version-history":[{"count":1,"href":"https:\/\/tin.eu\/pl\/wp-json\/wp\/v2\/pages\/28\/revisions"}],"predecessor-version":[{"id":29,"href":"https:\/\/tin.eu\/pl\/wp-json\/wp\/v2\/pages\/28\/revisions\/29"}],"wp:featuredmedia":[{"embeddable":true,"href":"https:\/\/tin.eu\/pl\/wp-json\/wp\/v2\/media\/644"}],"wp:attachment":[{"href":"https:\/\/tin.eu\/pl\/wp-json\/wp\/v2\/media?parent=28"}],"curies":[{"name":"wp","href":"https:\/\/api.w.org\/{rel}","templated":true}]}}