{"id":26,"date":"2024-04-09T09:55:08","date_gmt":"2024-04-09T09:55:08","guid":{"rendered":"https:\/\/tin.eu\/?page_id=26"},"modified":"2024-11-19T15:25:05","modified_gmt":"2024-11-19T14:25:05","slug":"extra-handy","status":"publish","type":"page","link":"https:\/\/tin.eu\/pl\/extra-handy\/","title":{"rendered":"Extra's"},"content":{"rendered":"\t\t<div data-elementor-type=\"wp-page\" data-elementor-id=\"26\" class=\"elementor elementor-26\" data-elementor-post-type=\"page\">\n\t\t\t\t<div class=\"elementor-element elementor-element-6a07f1c header e-flex e-con-boxed e-con e-parent\" data-id=\"6a07f1c\" data-element_type=\"container\">\n\t\t\t\t\t<div class=\"e-con-inner\">\n\t\t<div class=\"elementor-element elementor-element-d9da4c1 container e-flex e-con-boxed e-con e-child\" data-id=\"d9da4c1\" data-element_type=\"container\">\n\t\t\t\t\t<div class=\"e-con-inner\">\n\t\t\t\t<div class=\"elementor-element elementor-element-625a274 elementor-widget elementor-widget-text-editor\" data-id=\"625a274\" data-element_type=\"widget\" data-widget_type=\"text-editor.default\">\n\t\t\t\t<div class=\"elementor-widget-container\">\n\t\t\t<style>\/*! elementor - v3.21.0 - 26-05-2024 *\/\n.elementor-widget-text-editor.elementor-drop-cap-view-stacked .elementor-drop-cap{background-color:#69727d;color:#fff}.elementor-widget-text-editor.elementor-drop-cap-view-framed .elementor-drop-cap{color:#69727d;border:3px solid;background-color:transparent}.elementor-widget-text-editor:not(.elementor-drop-cap-view-default) .elementor-drop-cap{margin-top:8px}.elementor-widget-text-editor:not(.elementor-drop-cap-view-default) .elementor-drop-cap-letter{width:1em;height:1em}.elementor-widget-text-editor .elementor-drop-cap{float:left;text-align:center;line-height:1;font-size:50px}.elementor-widget-text-editor .elementor-drop-cap-letter{display:inline-block}<\/style>\t\t\t\t<h1>Dodatkowe u\u0142atwienia<\/h1>\t\t\t\t\t\t<\/div>\n\t\t\t\t<\/div>\n\t\t\t\t\t<\/div>\n\t\t\t\t<\/div>\n\t\t\t\t\t<\/div>\n\t\t\t\t<\/div>\n\t\t<div class=\"elementor-element elementor-element-7d92ce3 container e-flex e-con-boxed e-con e-parent\" data-id=\"7d92ce3\" data-element_type=\"container\">\n\t\t\t\t\t<div class=\"e-con-inner\">\n\t\t<div class=\"elementor-element elementor-element-7a23d8c service__row e-flex e-con-boxed e-con e-child\" data-id=\"7a23d8c\" data-element_type=\"container\">\n\t\t\t\t\t<div class=\"e-con-inner\">\n\t\t\t\t<div class=\"elementor-element elementor-element-a4c79d9 col__service elementor-widget elementor-widget-shortcode\" data-id=\"a4c79d9\" data-element_type=\"widget\" data-widget_type=\"shortcode.default\">\n\t\t\t\t<div class=\"elementor-widget-container\">\n\t\t\t\t\t<div class=\"elementor-shortcode\"><div class=\"home__services\"><div class=\"home__services-item home__services-item-208 home__services-item_1\"><a class=\"home__services-icon\" href=\"https:\/\/tin.eu\/pl\/services\/toll-service\/\"><img decoding=\"async\" class=\"home__services-icon-1\" src=\"https:\/\/tin.eu\/wp-content\/uploads\/2024\/04\/solutions.svg\" alt=\"Us\u0142uga op\u0142at drogowych\" width=\"80\" height=\"80\"><img decoding=\"async\" class=\"home__services-icon-2\" src=\"https:\/\/tin.eu\/wp-content\/uploads\/2024\/04\/solutions_blue.svg\" alt=\"Us\u0142uga op\u0142at drogowych\" width=\"80\" height=\"80\"><\/a><div class=\"home__services-title\">Us\u0142uga op\u0142at drogowych<\/div><\/div><div class=\"home__services-item home__services-item-185 home__services-item_2\"><a class=\"home__services-icon\" href=\"https:\/\/tin.eu\/pl\/services\/ddd-analysis\/\"><img decoding=\"async\" class=\"home__services-icon-1\" src=\"https:\/\/tin.eu\/wp-content\/uploads\/2024\/04\/analisys.svg\" alt=\"Analiza DDD\" width=\"80\" height=\"80\"><img loading=\"lazy\" decoding=\"async\" class=\"home__services-icon-2\" src=\"https:\/\/tin.eu\/wp-content\/uploads\/2024\/04\/analisys_blue.svg\" alt=\"Analiza DDD\" width=\"80\" height=\"80\"><\/a><div class=\"home__services-title\">Analiza DDD<\/div><\/div><div class=\"home__services-item home__services-item-106 home__services-item_3\"><a class=\"home__services-icon\" href=\"https:\/\/tin.eu\/pl\/services\/translations-service\/\"><img loading=\"lazy\" decoding=\"async\" class=\"home__services-icon-1\" src=\"https:\/\/tin.eu\/wp-content\/uploads\/2024\/04\/translations.svg\" alt=\"Us\u0142uga t\u0142umaczenia\" width=\"80\" height=\"80\"><img loading=\"lazy\" decoding=\"async\" class=\"home__services-icon-2\" src=\"https:\/\/tin.eu\/wp-content\/uploads\/2024\/04\/translations_blue.svg\" alt=\"Us\u0142uga t\u0142umaczenia\" width=\"80\" height=\"80\"><\/a><div class=\"home__services-title home__services-title_wrap\">Us\u0142uga t\u0142umaczenia<\/div><\/div><div class=\"home__services-item home__services-item-119 home__services-item_4\"><a class=\"home__services-icon\" href=\"https:\/\/tin.eu\/pl\/services\/special-permits\/\"><img loading=\"lazy\" decoding=\"async\" class=\"home__services-icon-1\" src=\"https:\/\/tin.eu\/wp-content\/uploads\/2024\/04\/special-permits.svg\" alt=\"Specjalne zezwolenia\" width=\"80\" height=\"80\"><img loading=\"lazy\" decoding=\"async\" class=\"home__services-icon-2\" src=\"https:\/\/tin.eu\/wp-content\/uploads\/2024\/04\/special-permits_blue.svg\" alt=\"Specjalne zezwolenia\" width=\"80\" height=\"80\"><\/a><div class=\"home__services-title\">Specjalne zezwolenia<\/div><\/div><\/div><\/div>\n\t\t\t\t<\/div>\n\t\t\t\t<\/div>\n\t\t\t\t<div class=\"elementor-element elementor-element-0b7e2cf elementor-widget elementor-widget-text-editor\" data-id=\"0b7e2cf\" data-element_type=\"widget\" data-widget_type=\"text-editor.default\">\n\t\t\t\t<div class=\"elementor-widget-container\">\n\t\t\t\t\t\t\t<h2>TIN oferuje ca\u0142kowity spok\u00f3j dzi\u0119ki kilku przydatnym serwisom<\/h2><p>Rozumiemy, \u017ce Pa\u0144stwa g\u0142\u00f3wnym celem jest przewiezienie \u0142adunku z punktu A do punktu B, dlatego opr\u00f3cz naszych podstawowych us\u0142ug oferujemy szereg przydatnych dodatk\u00f3w &#8211; dla ca\u0142kowitego spokoju klienta. Zajmujemy si\u0119 na przyk\u0142ad wnioskami o specjalne zezwolenia transportowe, przeprowadzamy analizy tachograf\u00f3w, \u015bwiadczymy us\u0142ugi t\u0142umaczeniowe i mamy bardzo skuteczne rozwi\u0105zanie do uiszczania op\u0142at drogowych na drogach europejskich.<\/p><p>Kliknij poni\u017csze ikony, aby dowiedzie\u0107 si\u0119 wi\u0119cej o tym, jak nasze us\u0142ugi u\u0142atwiaj\u0105 \u017cycie i usprawniaj\u0105 dzia\u0142alno\u015b\u0107.<\/p>\t\t\t\t\t\t<\/div>\n\t\t\t\t<\/div>\n\t\t\t\t\t<\/div>\n\t\t\t\t<\/div>\n\t\t\t\t\t<\/div>\n\t\t\t\t<\/div>\n\t\t<div class=\"elementor-element elementor-element-2fd4198 home-articles e-flex e-con-boxed e-con e-parent\" data-id=\"2fd4198\" data-element_type=\"container\">\n\t\t\t\t\t<div class=\"e-con-inner\">\n\t\t<div class=\"elementor-element elementor-element-dc9206c container e-flex e-con-boxed e-con e-child\" data-id=\"dc9206c\" data-element_type=\"container\">\n\t\t\t\t\t<div class=\"e-con-inner\">\n\t\t\t\t<div class=\"elementor-element elementor-element-42f5a01 elementor-widget elementor-widget-shortcode\" data-id=\"42f5a01\" data-element_type=\"widget\" data-widget_type=\"shortcode.default\">\n\t\t\t\t<div class=\"elementor-widget-container\">\n\t\t\t\t\t<div class=\"elementor-shortcode\"><h2>US\u0141UGI<\/h2><div class=\"hp-articles\"><div class=\"hp-article\"><a class=\"hp-article__img hp-article__lazy\" href=\"https:\/\/tin.eu\/pl\/services\/tin-crm-system\/\" data-src=\"https:\/\/tin.eu\/wp-content\/uploads\/2024\/04\/iStock-959638326-1024x683.jpg\"><span class=\"loader-spin\">&nbsp;<\/span><\/a><h3 class=\"hp-article__name\">System CRM TIN<\/h3><div class=\"hp-article__content\">Us\u0142ugi TIN polegaj\u0105 na szybkim, niezawodnym i bezpiecznym przechowywaniu i wymianie cz\u0119sto wra\u017cliwych informacji i dokum...<\/div><div class=\"hp-article__link\"><a href=\"https:\/\/tin.eu\/pl\/services\/tin-crm-system\/\">Ucz si\u0119 wi\u0119cej<\/a><\/div><\/div><div class=\"hp-article\"><a class=\"hp-article__img hp-article__lazy\" href=\"https:\/\/tin.eu\/pl\/services\/instant-payment\/\" data-src=\"https:\/\/tin.eu\/wp-content\/uploads\/2024\/04\/iStock-1857835872_2-1024x754.webp\"><span class=\"loader-spin\">&nbsp;<\/span><\/a><h3 class=\"hp-article__name\">Natychmiastowa p\u0142atno\u015b\u0107<\/h3><div class=\"hp-article__content\">Przest\u00f3j spowodowany rozliczeniem grzywny na miejscu zwykle kosztuje znacznie wi\u0119cej ni\u017c sama grzywna: fracht dociera z...<\/div><div class=\"hp-article__link\"><a href=\"https:\/\/tin.eu\/pl\/services\/instant-payment\/\">Ucz si\u0119 wi\u0119cej<\/a><\/div><\/div><div class=\"hp-article\"><a class=\"hp-article__img hp-article__lazy\" href=\"https:\/\/tin.eu\/pl\/services\/special-permits\/\" data-src=\"https:\/\/tin.eu\/wp-content\/uploads\/2024\/04\/wiki-westersch_CommonsGNU_Free_Documentation_License-1024x768.jpg\"><span class=\"loader-spin\">&nbsp;<\/span><\/a><h3 class=\"hp-article__name\">Specjalne zezwolenia<\/h3><div class=\"hp-article__content\">Dzi\u0119ki wieloletniemu do\u015bwiadczeniu w ca\u0142ej Europie, TIN jest idealnym partnerem do uzyskiwania specjalnych zezwole\u0144 na w...<\/div><div class=\"hp-article__link\"><a href=\"https:\/\/tin.eu\/pl\/services\/special-permits\/\">Ucz si\u0119 wi\u0119cej<\/a><\/div><\/div><div class=\"hp-article\"><a class=\"hp-article__img hp-article__lazy\" href=\"https:\/\/tin.eu\/pl\/services\/imi-all-in-service\/\" data-src=\"https:\/\/tin.eu\/wp-content\/uploads\/2024\/04\/iStock-1177176016-1024x742.jpg\"><span class=\"loader-spin\">&nbsp;<\/span><\/a><h3 class=\"hp-article__name\">Us\u0142uga IMI All-In<\/h3><div class=\"hp-article__content\">Poruszanie si\u0119 po zawi\u0142o\u015bciach unijnych przepis\u00f3w dotycz\u0105cych delegowania mo\u017ce by\u0107 frustruj\u0105ce i czasoch\u0142onne. Wraz z in...<\/div><div class=\"hp-article__link\"><a href=\"https:\/\/tin.eu\/pl\/services\/imi-all-in-service\/\">Ucz si\u0119 wi\u0119cej<\/a><\/div><\/div><div class=\"hp-article\"><a class=\"hp-article__img hp-article__lazy\" href=\"https:\/\/tin.eu\/pl\/services\/24-7-service\/\" data-src=\"https:\/\/tin.eu\/wp-content\/uploads\/2024\/04\/iStock-1456618360_2-1024x665.webp\"><span class=\"loader-spin\">&nbsp;<\/span><\/a><h3 class=\"hp-article__name\">Us\u0142uga 24\/7<\/h3><div class=\"hp-article__content\">Je\u015bli jedna z Twoich ci\u0119\u017car\u00f3wek ulegnie awarii lub z jakiegokolwiek innego powodu nie b\u0119dzie mog\u0142a kontynuowa\u0107 podr\u00f3\u017cy,...<\/div><div class=\"hp-article__link\"><a href=\"https:\/\/tin.eu\/pl\/services\/24-7-service\/\">Ucz si\u0119 wi\u0119cej<\/a><\/div><\/div><div class=\"hp-article\"><a class=\"hp-article__img hp-article__lazy\" href=\"https:\/\/tin.eu\/pl\/services\/legal-control-app\/\" data-src=\"https:\/\/tin.eu\/wp-content\/uploads\/2024\/04\/legal-controll-app-1024x683.webp\"><span class=\"loader-spin\">&nbsp;<\/span><\/a><h3 class=\"hp-article__name\">Aplikacja Legal Control<\/h3><div class=\"hp-article__content\">Kilka lat temu firma TIN opracowa\u0142a aplikacj\u0119 Legal Control App jako rozwi\u0105zanie problemu ogromu papierkowej roboty zwi\u0105...<\/div><div class=\"hp-article__link\"><a href=\"https:\/\/tin.eu\/pl\/services\/legal-control-app\/\">Ucz si\u0119 wi\u0119cej<\/a><\/div><\/div><div class=\"hp-article\"><a class=\"hp-article__img hp-article__lazy\" href=\"https:\/\/tin.eu\/pl\/services\/toll-service\/\" data-src=\"https:\/\/tin.eu\/wp-content\/uploads\/2024\/08\/iStock-1256198515-1024x682.webp\"><span class=\"loader-spin\">&nbsp;<\/span><\/a><h3 class=\"hp-article__name\">Us\u0142uga op\u0142at drogowych<\/h3><div class=\"hp-article__content\">Kieruj\u0105c si\u0119 ambicj\u0105 zapewnienia klientom wsparcia i korzy\u015bci wsz\u0119dzie tam, gdzie to mo\u017cliwe, firma TIN nawi\u0105za\u0142a wsp\u00f3\u0142p...<\/div><div class=\"hp-article__link\"><a href=\"https:\/\/tin.eu\/pl\/services\/toll-service\/\">Ucz si\u0119 wi\u0119cej<\/a><\/div><\/div><div class=\"hp-article\"><a class=\"hp-article__img hp-article__lazy\" href=\"https:\/\/tin.eu\/pl\/services\/uk-checklist\/\" data-src=\"https:\/\/tin.eu\/wp-content\/uploads\/2024\/04\/iStock-1567856598x1-copy-1024x683.jpg\"><span class=\"loader-spin\">&nbsp;<\/span><\/a><h3 class=\"hp-article__name\">Lista kontrolna UK<\/h3><div class=\"hp-article__content\">Kiedy Tw\u00f3j transport zmierza do Wielkiej Brytanii, Tw\u00f3j kierowca jest zobowi\u0105zany do przedstawienia w\u0142adzom brytyjskim d...<\/div><div class=\"hp-article__link\"><a href=\"https:\/\/tin.eu\/pl\/services\/uk-checklist\/\">Ucz si\u0119 wi\u0119cej<\/a><\/div><\/div><div class=\"hp-article\"><a class=\"hp-article__img hp-article__lazy\" href=\"https:\/\/tin.eu\/pl\/services\/payments-card\/\" data-src=\"https:\/\/tin.eu\/wp-content\/uploads\/2024\/04\/image_2024_04_10T14_51_14_145Z-1024x632.webp\"><span class=\"loader-spin\">&nbsp;<\/span><\/a><h3 class=\"hp-article__name\">Karta p\u0142atnicza<\/h3><div class=\"hp-article__content\">Zarz\u0105dzaj wydatkami swojej floty w trasie za pomoc\u0105 karty p\u0142atniczej TIN. Zaprojektowana specjalnie z my\u015bl\u0105 o wyj\u0105tkowyc...<\/div><div class=\"hp-article__link\"><a href=\"https:\/\/tin.eu\/pl\/services\/payments-card\/\">Ucz si\u0119 wi\u0119cej<\/a><\/div><\/div><div class=\"hp-article\"><a class=\"hp-article__img hp-article__lazy\" href=\"https:\/\/tin.eu\/pl\/services\/ddd-analysis\/\" data-src=\"https:\/\/tin.eu\/wp-content\/uploads\/2024\/04\/iStock-1237313230-1024x683.webp\"><span class=\"loader-spin\">&nbsp;<\/span><\/a><h3 class=\"hp-article__name\">Analiza DDD<\/h3><div class=\"hp-article__content\">Kompleksowy pakiet us\u0142ug dla europejskiego sektora transportu drogowego nie by\u0142by kompletny bez analizy tachograf\u00f3w. Dla...<\/div><div class=\"hp-article__link\"><a href=\"https:\/\/tin.eu\/pl\/services\/ddd-analysis\/\">Ucz si\u0119 wi\u0119cej<\/a><\/div><\/div><div class=\"hp-article\"><a class=\"hp-article__img hp-article__lazy\" href=\"https:\/\/tin.eu\/pl\/services\/translations-service\/\" data-src=\"https:\/\/tin.eu\/wp-content\/uploads\/2024\/04\/iStock-1456166410-1024x683.webp\"><span class=\"loader-spin\">&nbsp;<\/span><\/a><h3 class=\"hp-article__name\">Us\u0142uga t\u0142umaczenia<\/h3><div class=\"hp-article__content\">TIN zapewnia kompleksowe us\u0142ugi t\u0142umaczeniowe umo\u017cliwiaj\u0105ce skuteczn\u0105 komunikacj\u0119 we wszystkich j\u0119zykach europejskich. O...<\/div><div class=\"hp-article__link\"><a href=\"https:\/\/tin.eu\/pl\/services\/translations-service\/\">Ucz si\u0119 wi\u0119cej<\/a><\/div><\/div><div class=\"hp-article\"><a class=\"hp-article__img hp-article__lazy\" href=\"https:\/\/tin.eu\/pl\/services\/legal-service\/\" data-src=\"https:\/\/tin.eu\/wp-content\/uploads\/2024\/04\/image_2024_04_10T14_54_11_722Z-1024x683.webp\"><span class=\"loader-spin\">&nbsp;<\/span><\/a><h3 class=\"hp-article__name\">Obs\u0142uga prawna<\/h3><div class=\"hp-article__content\">W ca\u0142ej Europie TIN utrzymuje bliskie relacje z dostawcami us\u0142ug prawnych specjalizuj\u0105cymi si\u0119 w sektorze transportu - z...<\/div><div class=\"hp-article__link\"><a href=\"https:\/\/tin.eu\/pl\/services\/legal-service\/\">Ucz si\u0119 wi\u0119cej<\/a><\/div><\/div><\/div><\/div>\n\t\t\t\t<\/div>\n\t\t\t\t<\/div>\n\t\t\t\t\t<\/div>\n\t\t\t\t<\/div>\n\t\t\t\t\t<\/div>\n\t\t\t\t<\/div>\n\t\t\t\t<\/div>\n\t\t","protected":false},"excerpt":{"rendered":"<p>Omdat u vooral bezig wilt zijn met uw kerntaken, biedt TIN behalve onze basisproducten een aantal handige extra\u2019s om u te ontzorgen.<\/p>\n","protected":false},"author":1,"featured_media":636,"parent":0,"menu_order":12,"comment_status":"closed","ping_status":"closed","template":"","meta":{"_acf_changed":true,"footnotes":""},"class_list":["post-26","page","type-page","status-publish","has-post-thumbnail","hentry"],"acf":[],"_links":{"self":[{"href":"https:\/\/tin.eu\/pl\/wp-json\/wp\/v2\/pages\/26","targetHints":{"allow":["GET"]}}],"collection":[{"href":"https:\/\/tin.eu\/pl\/wp-json\/wp\/v2\/pages"}],"about":[{"href":"https:\/\/tin.eu\/pl\/wp-json\/wp\/v2\/types\/page"}],"author":[{"embeddable":true,"href":"https:\/\/tin.eu\/pl\/wp-json\/wp\/v2\/users\/1"}],"replies":[{"embeddable":true,"href":"https:\/\/tin.eu\/pl\/wp-json\/wp\/v2\/comments?post=26"}],"version-history":[{"count":1,"href":"https:\/\/tin.eu\/pl\/wp-json\/wp\/v2\/pages\/26\/revisions"}],"predecessor-version":[{"id":27,"href":"https:\/\/tin.eu\/pl\/wp-json\/wp\/v2\/pages\/26\/revisions\/27"}],"wp:featuredmedia":[{"embeddable":true,"href":"https:\/\/tin.eu\/pl\/wp-json\/wp\/v2\/media\/636"}],"wp:attachment":[{"href":"https:\/\/tin.eu\/pl\/wp-json\/wp\/v2\/media?parent=26"}],"curies":[{"name":"wp","href":"https:\/\/api.w.org\/{rel}","templated":true}]}}