{"id":24,"date":"2024-04-09T09:54:50","date_gmt":"2024-04-09T09:54:50","guid":{"rendered":"https:\/\/tin.eu\/?page_id=24"},"modified":"2024-11-19T15:25:39","modified_gmt":"2024-11-19T14:25:39","slug":"fines","status":"publish","type":"page","link":"https:\/\/tin.eu\/pl\/fines\/","title":{"rendered":"Boetes"},"content":{"rendered":"\t\t<div data-elementor-type=\"wp-page\" data-elementor-id=\"24\" class=\"elementor elementor-24\" data-elementor-post-type=\"page\">\n\t\t\t\t<div class=\"elementor-element elementor-element-6e252da header e-flex e-con-boxed e-con e-parent\" data-id=\"6e252da\" data-element_type=\"container\">\n\t\t\t\t\t<div class=\"e-con-inner\">\n\t\t<div class=\"elementor-element elementor-element-d88aa14 container e-flex e-con-boxed e-con e-child\" data-id=\"d88aa14\" data-element_type=\"container\">\n\t\t\t\t\t<div class=\"e-con-inner\">\n\t\t\t\t<div class=\"elementor-element elementor-element-f384b90 elementor-widget elementor-widget-text-editor\" data-id=\"f384b90\" data-element_type=\"widget\" data-widget_type=\"text-editor.default\">\n\t\t\t\t<div class=\"elementor-widget-container\">\n\t\t\t<style>\/*! elementor - v3.21.0 - 26-05-2024 *\/\n.elementor-widget-text-editor.elementor-drop-cap-view-stacked .elementor-drop-cap{background-color:#69727d;color:#fff}.elementor-widget-text-editor.elementor-drop-cap-view-framed .elementor-drop-cap{color:#69727d;border:3px solid;background-color:transparent}.elementor-widget-text-editor:not(.elementor-drop-cap-view-default) .elementor-drop-cap{margin-top:8px}.elementor-widget-text-editor:not(.elementor-drop-cap-view-default) .elementor-drop-cap-letter{width:1em;height:1em}.elementor-widget-text-editor .elementor-drop-cap{float:left;text-align:center;line-height:1;font-size:50px}.elementor-widget-text-editor .elementor-drop-cap-letter{display:inline-block}<\/style>\t\t\t\t<h1>Grzywny<\/h1>\t\t\t\t\t\t<\/div>\n\t\t\t\t<\/div>\n\t\t\t\t\t<\/div>\n\t\t\t\t<\/div>\n\t\t\t\t\t<\/div>\n\t\t\t\t<\/div>\n\t\t<div class=\"elementor-element elementor-element-563530f container e-flex e-con-boxed e-con e-parent\" data-id=\"563530f\" data-element_type=\"container\">\n\t\t\t\t\t<div class=\"e-con-inner\">\n\t\t<div class=\"elementor-element elementor-element-ec20deb service__row e-flex e-con-boxed e-con e-child\" data-id=\"ec20deb\" data-element_type=\"container\">\n\t\t\t\t\t<div class=\"e-con-inner\">\n\t\t\t\t<div class=\"elementor-element elementor-element-c379351 col__service elementor-widget elementor-widget-shortcode\" data-id=\"c379351\" data-element_type=\"widget\" data-widget_type=\"shortcode.default\">\n\t\t\t\t<div class=\"elementor-widget-container\">\n\t\t\t\t\t<div class=\"elementor-shortcode\"><div class=\"home__services\"><div class=\"home__services-item home__services-item-114 home__services-item_1\"><a class=\"home__services-icon\" href=\"https:\/\/tin.eu\/pl\/services\/instant-payment\/\"><img decoding=\"async\" class=\"home__services-icon-1\" src=\"https:\/\/tin.eu\/wp-content\/uploads\/2024\/04\/penalty.svg\" alt=\"Natychmiastowa p\u0142atno\u015b\u0107\" width=\"80\" height=\"80\"><img decoding=\"async\" class=\"home__services-icon-2\" src=\"https:\/\/tin.eu\/wp-content\/uploads\/2024\/04\/penalty_blue.svg\" alt=\"Natychmiastowa p\u0142atno\u015b\u0107\" width=\"80\" height=\"80\"><\/a><div class=\"home__services-title home__services-title_wrap\">Natychmiastowa p\u0142atno\u015b\u0107<\/div><\/div><div class=\"home__services-item home__services-item-112 home__services-item_2\"><a class=\"home__services-icon\" href=\"https:\/\/tin.eu\/pl\/services\/24-7-service\/\"><img decoding=\"async\" class=\"home__services-icon-1\" src=\"https:\/\/tin.eu\/wp-content\/uploads\/2024\/04\/27-7.svg\" alt=\"Us\u0142uga 24\/7\" width=\"80\" height=\"80\"><img loading=\"lazy\" decoding=\"async\" class=\"home__services-icon-2\" src=\"https:\/\/tin.eu\/wp-content\/uploads\/2024\/04\/27-7_blue.svg\" alt=\"Us\u0142uga 24\/7\" width=\"80\" height=\"80\"><\/a><div class=\"home__services-title\">Us\u0142uga 24\/7<\/div><\/div><div class=\"home__services-item home__services-item-110 home__services-item_3\"><a class=\"home__services-icon\" href=\"https:\/\/tin.eu\/pl\/services\/legal-service\/\"><img loading=\"lazy\" decoding=\"async\" class=\"home__services-icon-1\" src=\"https:\/\/tin.eu\/wp-content\/uploads\/2024\/04\/legal-service.svg\" alt=\"Obs\u0142uga prawna\" width=\"80\" height=\"80\"><img loading=\"lazy\" decoding=\"async\" class=\"home__services-icon-2\" src=\"https:\/\/tin.eu\/wp-content\/uploads\/2024\/04\/legal-service_blue.svg\" alt=\"Obs\u0142uga prawna\" width=\"80\" height=\"80\"><\/a><div class=\"home__services-title\">Obs\u0142uga prawna<\/div><\/div><div class=\"home__services-item home__services-item-108 home__services-item_4\"><a class=\"home__services-icon\" href=\"https:\/\/tin.eu\/pl\/services\/payments-card\/\"><img loading=\"lazy\" decoding=\"async\" class=\"home__services-icon-1\" src=\"https:\/\/tin.eu\/wp-content\/uploads\/2024\/04\/payment-card.svg\" alt=\"Karta p\u0142atnicza\" width=\"80\" height=\"80\"><img loading=\"lazy\" decoding=\"async\" class=\"home__services-icon-2\" src=\"https:\/\/tin.eu\/wp-content\/uploads\/2024\/04\/payment-card_blue.svg\" alt=\"Karta p\u0142atnicza\" width=\"80\" height=\"80\"><\/a><div class=\"home__services-title\">Karta p\u0142atnicza<\/div><\/div><\/div><\/div>\n\t\t\t\t<\/div>\n\t\t\t\t<\/div>\n\t\t\t\t<div class=\"elementor-element elementor-element-141ea1d elementor-widget elementor-widget-text-editor\" data-id=\"141ea1d\" data-element_type=\"widget\" data-widget_type=\"text-editor.default\">\n\t\t\t\t<div class=\"elementor-widget-container\">\n\t\t\t\t\t\t\t<h2>P\u0142atno\u015bci (grzywny) i pomoc prawna w ca\u0142ej Europie &#8211; 24\/7<\/h2><p>Dzi\u0119ki TIN korzystasz z 16-letniego do\u015bwiadczenia w umo\u017cliwianiu szybkich p\u0142atno\u015bci za granic\u0105. W tym celu opracowali\u015bmy r\u00f3\u017cne systemy i us\u0142ugi, kt\u00f3re sprawdzi\u0142y si\u0119 w codziennej praktyce. A ich ewolucja trwa &#8211; w odpowiedzi na zmieniaj\u0105ce si\u0119 przepisy i po prostu dlatego, \u017ce post\u0119p technologiczny umo\u017cliwia innowacje.<\/p><p>TIN oferuje r\u00f3wnie\u017c profesjonaln\u0105 pomoc prawn\u0105 w ca\u0142ej Europie. Dzi\u0119ki temu nigdy nie zap\u0142acisz niesprawiedliwej grzywny i zawsze b\u0119dziesz przestrzega\u0107 obowi\u0105zuj\u0105cych przepis\u00f3w i regulacji.<\/p><p>Kliknij ikony, aby uzyska\u0107 wi\u0119cej informacji na temat tego, jak nasze us\u0142ugi i systemy wsp\u00f3\u0142pracuj\u0105 ze sob\u0105, aby pracowa\u0107 dla Ciebie.<\/p>\t\t\t\t\t\t<\/div>\n\t\t\t\t<\/div>\n\t\t\t\t\t<\/div>\n\t\t\t\t<\/div>\n\t\t\t\t\t<\/div>\n\t\t\t\t<\/div>\n\t\t<div class=\"elementor-element elementor-element-76f934b home-articles e-flex e-con-boxed e-con e-parent\" data-id=\"76f934b\" data-element_type=\"container\">\n\t\t\t\t\t<div class=\"e-con-inner\">\n\t\t<div class=\"elementor-element elementor-element-12e29e1 container e-flex e-con-boxed e-con e-child\" data-id=\"12e29e1\" data-element_type=\"container\">\n\t\t\t\t\t<div class=\"e-con-inner\">\n\t\t\t\t<div class=\"elementor-element elementor-element-7b731aa elementor-widget elementor-widget-shortcode\" data-id=\"7b731aa\" data-element_type=\"widget\" data-widget_type=\"shortcode.default\">\n\t\t\t\t<div class=\"elementor-widget-container\">\n\t\t\t\t\t<div class=\"elementor-shortcode\"><h2>US\u0141UGI<\/h2><div class=\"hp-articles\"><div class=\"hp-article\"><a class=\"hp-article__img hp-article__lazy\" href=\"https:\/\/tin.eu\/pl\/services\/uk-checklist\/\" data-src=\"https:\/\/tin.eu\/wp-content\/uploads\/2024\/04\/iStock-1567856598x1-copy-1024x683.jpg\"><span class=\"loader-spin\">&nbsp;<\/span><\/a><h3 class=\"hp-article__name\">Lista kontrolna UK<\/h3><div class=\"hp-article__content\">Kiedy Tw\u00f3j transport zmierza do Wielkiej Brytanii, Tw\u00f3j kierowca jest zobowi\u0105zany do przedstawienia w\u0142adzom brytyjskim d...<\/div><div class=\"hp-article__link\"><a href=\"https:\/\/tin.eu\/pl\/services\/uk-checklist\/\">Ucz si\u0119 wi\u0119cej<\/a><\/div><\/div><div class=\"hp-article\"><a class=\"hp-article__img hp-article__lazy\" href=\"https:\/\/tin.eu\/pl\/services\/instant-payment\/\" data-src=\"https:\/\/tin.eu\/wp-content\/uploads\/2024\/04\/iStock-1857835872_2-1024x754.webp\"><span class=\"loader-spin\">&nbsp;<\/span><\/a><h3 class=\"hp-article__name\">Natychmiastowa p\u0142atno\u015b\u0107<\/h3><div class=\"hp-article__content\">Przest\u00f3j spowodowany rozliczeniem grzywny na miejscu zwykle kosztuje znacznie wi\u0119cej ni\u017c sama grzywna: fracht dociera z...<\/div><div class=\"hp-article__link\"><a href=\"https:\/\/tin.eu\/pl\/services\/instant-payment\/\">Ucz si\u0119 wi\u0119cej<\/a><\/div><\/div><div class=\"hp-article\"><a class=\"hp-article__img hp-article__lazy\" href=\"https:\/\/tin.eu\/pl\/services\/24-7-service\/\" data-src=\"https:\/\/tin.eu\/wp-content\/uploads\/2024\/04\/iStock-1456618360_2-1024x665.webp\"><span class=\"loader-spin\">&nbsp;<\/span><\/a><h3 class=\"hp-article__name\">Us\u0142uga 24\/7<\/h3><div class=\"hp-article__content\">Je\u015bli jedna z Twoich ci\u0119\u017car\u00f3wek ulegnie awarii lub z jakiegokolwiek innego powodu nie b\u0119dzie mog\u0142a kontynuowa\u0107 podr\u00f3\u017cy,...<\/div><div class=\"hp-article__link\"><a href=\"https:\/\/tin.eu\/pl\/services\/24-7-service\/\">Ucz si\u0119 wi\u0119cej<\/a><\/div><\/div><div class=\"hp-article\"><a class=\"hp-article__img hp-article__lazy\" href=\"https:\/\/tin.eu\/pl\/services\/ddd-analysis\/\" data-src=\"https:\/\/tin.eu\/wp-content\/uploads\/2024\/04\/iStock-1237313230-1024x683.webp\"><span class=\"loader-spin\">&nbsp;<\/span><\/a><h3 class=\"hp-article__name\">Analiza DDD<\/h3><div class=\"hp-article__content\">Kompleksowy pakiet us\u0142ug dla europejskiego sektora transportu drogowego nie by\u0142by kompletny bez analizy tachograf\u00f3w. Dla...<\/div><div class=\"hp-article__link\"><a href=\"https:\/\/tin.eu\/pl\/services\/ddd-analysis\/\">Ucz si\u0119 wi\u0119cej<\/a><\/div><\/div><div class=\"hp-article\"><a class=\"hp-article__img hp-article__lazy\" href=\"https:\/\/tin.eu\/pl\/services\/imi-all-in-service\/\" data-src=\"https:\/\/tin.eu\/wp-content\/uploads\/2024\/04\/iStock-1177176016-1024x742.jpg\"><span class=\"loader-spin\">&nbsp;<\/span><\/a><h3 class=\"hp-article__name\">Us\u0142uga IMI All-In<\/h3><div class=\"hp-article__content\">Poruszanie si\u0119 po zawi\u0142o\u015bciach unijnych przepis\u00f3w dotycz\u0105cych delegowania mo\u017ce by\u0107 frustruj\u0105ce i czasoch\u0142onne. Wraz z in...<\/div><div class=\"hp-article__link\"><a href=\"https:\/\/tin.eu\/pl\/services\/imi-all-in-service\/\">Ucz si\u0119 wi\u0119cej<\/a><\/div><\/div><div class=\"hp-article\"><a class=\"hp-article__img hp-article__lazy\" href=\"https:\/\/tin.eu\/pl\/services\/translations-service\/\" data-src=\"https:\/\/tin.eu\/wp-content\/uploads\/2024\/04\/iStock-1456166410-1024x683.webp\"><span class=\"loader-spin\">&nbsp;<\/span><\/a><h3 class=\"hp-article__name\">Us\u0142uga t\u0142umaczenia<\/h3><div class=\"hp-article__content\">TIN zapewnia kompleksowe us\u0142ugi t\u0142umaczeniowe umo\u017cliwiaj\u0105ce skuteczn\u0105 komunikacj\u0119 we wszystkich j\u0119zykach europejskich. O...<\/div><div class=\"hp-article__link\"><a href=\"https:\/\/tin.eu\/pl\/services\/translations-service\/\">Ucz si\u0119 wi\u0119cej<\/a><\/div><\/div><div class=\"hp-article\"><a class=\"hp-article__img hp-article__lazy\" href=\"https:\/\/tin.eu\/pl\/services\/toll-service\/\" data-src=\"https:\/\/tin.eu\/wp-content\/uploads\/2024\/08\/iStock-1256198515-1024x682.webp\"><span class=\"loader-spin\">&nbsp;<\/span><\/a><h3 class=\"hp-article__name\">Us\u0142uga op\u0142at drogowych<\/h3><div class=\"hp-article__content\">Kieruj\u0105c si\u0119 ambicj\u0105 zapewnienia klientom wsparcia i korzy\u015bci wsz\u0119dzie tam, gdzie to mo\u017cliwe, firma TIN nawi\u0105za\u0142a wsp\u00f3\u0142p...<\/div><div class=\"hp-article__link\"><a href=\"https:\/\/tin.eu\/pl\/services\/toll-service\/\">Ucz si\u0119 wi\u0119cej<\/a><\/div><\/div><div class=\"hp-article\"><a class=\"hp-article__img hp-article__lazy\" href=\"https:\/\/tin.eu\/pl\/services\/legal-control-app\/\" data-src=\"https:\/\/tin.eu\/wp-content\/uploads\/2024\/04\/legal-controll-app-1024x683.webp\"><span class=\"loader-spin\">&nbsp;<\/span><\/a><h3 class=\"hp-article__name\">Aplikacja Legal Control<\/h3><div class=\"hp-article__content\">Kilka lat temu firma TIN opracowa\u0142a aplikacj\u0119 Legal Control App jako rozwi\u0105zanie problemu ogromu papierkowej roboty zwi\u0105...<\/div><div class=\"hp-article__link\"><a href=\"https:\/\/tin.eu\/pl\/services\/legal-control-app\/\">Ucz si\u0119 wi\u0119cej<\/a><\/div><\/div><div class=\"hp-article\"><a class=\"hp-article__img hp-article__lazy\" href=\"https:\/\/tin.eu\/pl\/services\/legal-service\/\" data-src=\"https:\/\/tin.eu\/wp-content\/uploads\/2024\/04\/image_2024_04_10T14_54_11_722Z-1024x683.webp\"><span class=\"loader-spin\">&nbsp;<\/span><\/a><h3 class=\"hp-article__name\">Obs\u0142uga prawna<\/h3><div class=\"hp-article__content\">W ca\u0142ej Europie TIN utrzymuje bliskie relacje z dostawcami us\u0142ug prawnych specjalizuj\u0105cymi si\u0119 w sektorze transportu - z...<\/div><div class=\"hp-article__link\"><a href=\"https:\/\/tin.eu\/pl\/services\/legal-service\/\">Ucz si\u0119 wi\u0119cej<\/a><\/div><\/div><div class=\"hp-article\"><a class=\"hp-article__img hp-article__lazy\" href=\"https:\/\/tin.eu\/pl\/services\/tin-crm-system\/\" data-src=\"https:\/\/tin.eu\/wp-content\/uploads\/2024\/04\/iStock-959638326-1024x683.jpg\"><span class=\"loader-spin\">&nbsp;<\/span><\/a><h3 class=\"hp-article__name\">System CRM TIN<\/h3><div class=\"hp-article__content\">Us\u0142ugi TIN polegaj\u0105 na szybkim, niezawodnym i bezpiecznym przechowywaniu i wymianie cz\u0119sto wra\u017cliwych informacji i dokum...<\/div><div class=\"hp-article__link\"><a href=\"https:\/\/tin.eu\/pl\/services\/tin-crm-system\/\">Ucz si\u0119 wi\u0119cej<\/a><\/div><\/div><div class=\"hp-article\"><a class=\"hp-article__img hp-article__lazy\" href=\"https:\/\/tin.eu\/pl\/services\/payments-card\/\" data-src=\"https:\/\/tin.eu\/wp-content\/uploads\/2024\/04\/image_2024_04_10T14_51_14_145Z-1024x632.webp\"><span class=\"loader-spin\">&nbsp;<\/span><\/a><h3 class=\"hp-article__name\">Karta p\u0142atnicza<\/h3><div class=\"hp-article__content\">Zarz\u0105dzaj wydatkami swojej floty w trasie za pomoc\u0105 karty p\u0142atniczej TIN. Zaprojektowana specjalnie z my\u015bl\u0105 o wyj\u0105tkowyc...<\/div><div class=\"hp-article__link\"><a href=\"https:\/\/tin.eu\/pl\/services\/payments-card\/\">Ucz si\u0119 wi\u0119cej<\/a><\/div><\/div><div class=\"hp-article\"><a class=\"hp-article__img hp-article__lazy\" href=\"https:\/\/tin.eu\/pl\/services\/special-permits\/\" data-src=\"https:\/\/tin.eu\/wp-content\/uploads\/2024\/04\/wiki-westersch_CommonsGNU_Free_Documentation_License-1024x768.jpg\"><span class=\"loader-spin\">&nbsp;<\/span><\/a><h3 class=\"hp-article__name\">Specjalne zezwolenia<\/h3><div class=\"hp-article__content\">Dzi\u0119ki wieloletniemu do\u015bwiadczeniu w ca\u0142ej Europie, TIN jest idealnym partnerem do uzyskiwania specjalnych zezwole\u0144 na w...<\/div><div class=\"hp-article__link\"><a href=\"https:\/\/tin.eu\/pl\/services\/special-permits\/\">Ucz si\u0119 wi\u0119cej<\/a><\/div><\/div><\/div><\/div>\n\t\t\t\t<\/div>\n\t\t\t\t<\/div>\n\t\t\t\t\t<\/div>\n\t\t\t\t<\/div>\n\t\t\t\t\t<\/div>\n\t\t\t\t<\/div>\n\t\t\t\t<\/div>\n\t\t","protected":false},"excerpt":{"rendered":"<p>Bij TIN lift u mee op 15 jaar ervaring met de verzorging van snelle betalingen in het buitenland. Inmiddels hebben we hiervoor verschillende systemen en diensten ontwikkeld die zich hebben bewezen in de praktijk van alledag. En hun ontwikkeling gaat voortdurend door \u2013 als antwoord op veranderende wetgeving, en simpelweg omdat technologische vooruitgang innovatie mogelijk maakt.<\/p>\n","protected":false},"author":1,"featured_media":626,"parent":0,"menu_order":13,"comment_status":"closed","ping_status":"closed","template":"","meta":{"_acf_changed":true,"footnotes":""},"class_list":["post-24","page","type-page","status-publish","has-post-thumbnail","hentry"],"acf":[],"_links":{"self":[{"href":"https:\/\/tin.eu\/pl\/wp-json\/wp\/v2\/pages\/24","targetHints":{"allow":["GET"]}}],"collection":[{"href":"https:\/\/tin.eu\/pl\/wp-json\/wp\/v2\/pages"}],"about":[{"href":"https:\/\/tin.eu\/pl\/wp-json\/wp\/v2\/types\/page"}],"author":[{"embeddable":true,"href":"https:\/\/tin.eu\/pl\/wp-json\/wp\/v2\/users\/1"}],"replies":[{"embeddable":true,"href":"https:\/\/tin.eu\/pl\/wp-json\/wp\/v2\/comments?post=24"}],"version-history":[{"count":1,"href":"https:\/\/tin.eu\/pl\/wp-json\/wp\/v2\/pages\/24\/revisions"}],"predecessor-version":[{"id":25,"href":"https:\/\/tin.eu\/pl\/wp-json\/wp\/v2\/pages\/24\/revisions\/25"}],"wp:featuredmedia":[{"embeddable":true,"href":"https:\/\/tin.eu\/pl\/wp-json\/wp\/v2\/media\/626"}],"wp:attachment":[{"href":"https:\/\/tin.eu\/pl\/wp-json\/wp\/v2\/media?parent=24"}],"curies":[{"name":"wp","href":"https:\/\/api.w.org\/{rel}","templated":true}]}}