{"id":22,"date":"2024-04-09T09:54:29","date_gmt":"2024-04-09T09:54:29","guid":{"rendered":"https:\/\/tin.eu\/?page_id=22"},"modified":"2024-11-19T15:33:50","modified_gmt":"2024-11-19T14:33:50","slug":"posting-imi","status":"publish","type":"page","link":"https:\/\/tin.eu\/pl\/posting-imi\/","title":{"rendered":"IMI \/ Detachering"},"content":{"rendered":"\t\t<div data-elementor-type=\"wp-page\" data-elementor-id=\"22\" class=\"elementor elementor-22\" data-elementor-post-type=\"page\">\n\t\t\t\t<div class=\"elementor-element elementor-element-e57c7b2 header e-flex e-con-boxed e-con e-parent\" data-id=\"e57c7b2\" data-element_type=\"container\">\n\t\t\t\t\t<div class=\"e-con-inner\">\n\t\t<div class=\"elementor-element elementor-element-b7b90b3 container e-flex e-con-boxed e-con e-child\" data-id=\"b7b90b3\" data-element_type=\"container\">\n\t\t\t\t\t<div class=\"e-con-inner\">\n\t\t\t\t<div class=\"elementor-element elementor-element-3f687df elementor-widget elementor-widget-heading\" data-id=\"3f687df\" data-element_type=\"widget\" data-widget_type=\"heading.default\">\n\t\t\t\t<div class=\"elementor-widget-container\">\n\t\t\t<style>\/*! elementor - v3.21.0 - 26-05-2024 *\/\n.elementor-heading-title{padding:0;margin:0;line-height:1}.elementor-widget-heading .elementor-heading-title[class*=elementor-size-]>a{color:inherit;font-size:inherit;line-height:inherit}.elementor-widget-heading .elementor-heading-title.elementor-size-small{font-size:15px}.elementor-widget-heading .elementor-heading-title.elementor-size-medium{font-size:19px}.elementor-widget-heading .elementor-heading-title.elementor-size-large{font-size:29px}.elementor-widget-heading .elementor-heading-title.elementor-size-xl{font-size:39px}.elementor-widget-heading .elementor-heading-title.elementor-size-xxl{font-size:59px}<\/style><h1 class=\"elementor-heading-title elementor-size-default\">Delegowanie kierowc\u00f3w\/ IMI<\/h1>\t\t<\/div>\n\t\t\t\t<\/div>\n\t\t\t\t\t<\/div>\n\t\t\t\t<\/div>\n\t\t\t\t\t<\/div>\n\t\t\t\t<\/div>\n\t\t<div class=\"elementor-element elementor-element-967f4da container e-flex e-con-boxed e-con e-parent\" data-id=\"967f4da\" data-element_type=\"container\">\n\t\t\t\t\t<div class=\"e-con-inner\">\n\t\t<div class=\"elementor-element elementor-element-c7f0df6 service__row e-flex e-con-boxed e-con e-child\" data-id=\"c7f0df6\" data-element_type=\"container\">\n\t\t\t\t\t<div class=\"e-con-inner\">\n\t\t\t\t<div class=\"elementor-element elementor-element-c10295a col__service elementor-widget elementor-widget-shortcode\" data-id=\"c10295a\" data-element_type=\"widget\" data-widget_type=\"shortcode.default\">\n\t\t\t\t<div class=\"elementor-widget-container\">\n\t\t\t\t\t<div class=\"elementor-shortcode\"><div class=\"home__services\"><div class=\"home__services-item home__services-item-117 home__services-item_1\"><a class=\"home__services-icon\" href=\"https:\/\/tin.eu\/pl\/services\/imi-all-in-service\/\"><img decoding=\"async\" class=\"home__services-icon-1\" src=\"https:\/\/tin.eu\/wp-content\/uploads\/2024\/04\/posting.svg\" alt=\"Us\u0142uga IMI All-In\" width=\"80\" height=\"80\"><img decoding=\"async\" class=\"home__services-icon-2\" src=\"https:\/\/tin.eu\/wp-content\/uploads\/2024\/04\/posting_blue-1.svg\" alt=\"Us\u0142uga IMI All-In\" width=\"80\" height=\"80\"><\/a><div class=\"home__services-title\">Us\u0142uga IMI All-In<\/div><\/div><div class=\"home__services-item home__services-item-191 home__services-item_2\"><a class=\"home__services-icon\" href=\"https:\/\/tin.eu\/pl\/services\/tin-crm-system\/\"><img decoding=\"async\" class=\"home__services-icon-1\" src=\"https:\/\/tin.eu\/wp-content\/uploads\/2024\/04\/system.svg\" alt=\"System CRM TIN\" width=\"80\" height=\"80\"><img loading=\"lazy\" decoding=\"async\" class=\"home__services-icon-2\" src=\"https:\/\/tin.eu\/wp-content\/uploads\/2024\/04\/system_blue.svg\" alt=\"System CRM TIN\" width=\"80\" height=\"80\"><\/a><div class=\"home__services-title\">System CRM TIN<\/div><\/div><div class=\"home__services-item home__services-item-198 home__services-item_3\"><a class=\"home__services-icon\" href=\"https:\/\/tin.eu\/pl\/services\/uk-checklist\/\"><img loading=\"lazy\" decoding=\"async\" class=\"home__services-icon-1\" src=\"https:\/\/tin.eu\/wp-content\/uploads\/2024\/04\/checklist.svg\" alt=\"Lista kontrolna UK\" width=\"80\" height=\"80\"><img loading=\"lazy\" decoding=\"async\" class=\"home__services-icon-2\" src=\"https:\/\/tin.eu\/wp-content\/uploads\/2024\/04\/checklist_blue.svg\" alt=\"Lista kontrolna UK\" width=\"80\" height=\"80\"><\/a><div class=\"home__services-title\">Lista kontrolna UK<\/div><\/div><div class=\"home__services-item home__services-item-179 home__services-item_4\"><a class=\"home__services-icon\" href=\"https:\/\/tin.eu\/pl\/services\/legal-control-app\/\"><img loading=\"lazy\" decoding=\"async\" class=\"home__services-icon-1\" src=\"https:\/\/tin.eu\/wp-content\/uploads\/2024\/04\/app.svg\" alt=\"Aplikacja Legal Control\" width=\"80\" height=\"80\"><img loading=\"lazy\" decoding=\"async\" class=\"home__services-icon-2\" src=\"https:\/\/tin.eu\/wp-content\/uploads\/2024\/04\/app_blue.svg\" alt=\"Aplikacja Legal Control\" width=\"80\" height=\"80\"><\/a><div class=\"home__services-title\">Aplikacja Legal Control<\/div><\/div><\/div><\/div>\n\t\t\t\t<\/div>\n\t\t\t\t<\/div>\n\t\t\t\t<div class=\"elementor-element elementor-element-a08a568 elementor-widget elementor-widget-text-editor\" data-id=\"a08a568\" data-element_type=\"widget\" data-widget_type=\"text-editor.default\">\n\t\t\t\t<div class=\"elementor-widget-container\">\n\t\t\t<style>\/*! elementor - v3.21.0 - 26-05-2024 *\/\n.elementor-widget-text-editor.elementor-drop-cap-view-stacked .elementor-drop-cap{background-color:#69727d;color:#fff}.elementor-widget-text-editor.elementor-drop-cap-view-framed .elementor-drop-cap{color:#69727d;border:3px solid;background-color:transparent}.elementor-widget-text-editor:not(.elementor-drop-cap-view-default) .elementor-drop-cap{margin-top:8px}.elementor-widget-text-editor:not(.elementor-drop-cap-view-default) .elementor-drop-cap-letter{width:1em;height:1em}.elementor-widget-text-editor .elementor-drop-cap{float:left;text-align:center;line-height:1;font-size:50px}.elementor-widget-text-editor .elementor-drop-cap-letter{display:inline-block}<\/style>\t\t\t\t<h2>System TIN-CRM &#8211; portal dla prostej administracji<\/h2><p>Silnikiem mrucz\u0105cym pod mask\u0105 naszych us\u0142ug jest unikalny system TIN-CRM. Jest to dobrze zorganizowane i intuicyjne \u015brodowisko pracy, w kt\u00f3rym wszystkie informacje biznesowe s\u0105 przechowywane, udost\u0119pniane i modyfikowane za pomoc\u0105 zaledwie kilku klikni\u0119\u0107.<\/p><p>W CRM mo\u017cna na przyk\u0142ad okre\u015bli\u0107, kt\u00f3rzy kierowcy i kraje wymagaj\u0105 deklaracji IMI. To tutaj zarz\u0105dzane s\u0105 brytyjskie listy kontrolne, dokumenty prawne oraz deklaracje IMI. Jest on oczywi\u015bcie po\u0142\u0105czony z aplikacj\u0105 Legal Control, dzi\u0119ki czemu informacje, dokumenty oraz deklaracje s\u0105 natychmiast widoczne dla kierowc\u00f3w, bez wzgl\u0119du na to, w kt\u00f3rej cz\u0119\u015bci Europy si\u0119 znajduj\u0105.<\/p><p>Kliknij ikony, aby uzyska\u0107 wi\u0119cej informacji o tym, jak nasze systemy i us\u0142ugi wzajemnie si\u0119 uzupe\u0142niaj\u0105, aby pracowa\u0107 dla Ciebie.<\/p>\t\t\t\t\t\t<\/div>\n\t\t\t\t<\/div>\n\t\t\t\t\t<\/div>\n\t\t\t\t<\/div>\n\t\t\t\t\t<\/div>\n\t\t\t\t<\/div>\n\t\t<div class=\"elementor-element elementor-element-e34c406 home-articles e-flex e-con-boxed e-con e-parent\" data-id=\"e34c406\" data-element_type=\"container\">\n\t\t\t\t\t<div class=\"e-con-inner\">\n\t\t<div class=\"elementor-element elementor-element-6527cca container e-flex e-con-boxed e-con e-child\" data-id=\"6527cca\" data-element_type=\"container\">\n\t\t\t\t\t<div class=\"e-con-inner\">\n\t\t\t\t<div class=\"elementor-element elementor-element-9b63f67 elementor-widget elementor-widget-shortcode\" data-id=\"9b63f67\" data-element_type=\"widget\" data-widget_type=\"shortcode.default\">\n\t\t\t\t<div class=\"elementor-widget-container\">\n\t\t\t\t\t<div class=\"elementor-shortcode\"><h2>US\u0141UGI<\/h2><div class=\"hp-articles\"><div class=\"hp-article\"><a class=\"hp-article__img hp-article__lazy\" href=\"https:\/\/tin.eu\/pl\/services\/24-7-service\/\" data-src=\"https:\/\/tin.eu\/wp-content\/uploads\/2024\/04\/iStock-1456618360_2-1024x665.webp\"><span class=\"loader-spin\">&nbsp;<\/span><\/a><h3 class=\"hp-article__name\">Us\u0142uga 24\/7<\/h3><div class=\"hp-article__content\">Je\u015bli jedna z Twoich ci\u0119\u017car\u00f3wek ulegnie awarii lub z jakiegokolwiek innego powodu nie b\u0119dzie mog\u0142a kontynuowa\u0107 podr\u00f3\u017cy,...<\/div><div class=\"hp-article__link\"><a href=\"https:\/\/tin.eu\/pl\/services\/24-7-service\/\">Ucz si\u0119 wi\u0119cej<\/a><\/div><\/div><div class=\"hp-article\"><a class=\"hp-article__img hp-article__lazy\" href=\"https:\/\/tin.eu\/pl\/services\/payments-card\/\" data-src=\"https:\/\/tin.eu\/wp-content\/uploads\/2024\/04\/image_2024_04_10T14_51_14_145Z-1024x632.webp\"><span class=\"loader-spin\">&nbsp;<\/span><\/a><h3 class=\"hp-article__name\">Karta p\u0142atnicza<\/h3><div class=\"hp-article__content\">Zarz\u0105dzaj wydatkami swojej floty w trasie za pomoc\u0105 karty p\u0142atniczej TIN. Zaprojektowana specjalnie z my\u015bl\u0105 o wyj\u0105tkowyc...<\/div><div class=\"hp-article__link\"><a href=\"https:\/\/tin.eu\/pl\/services\/payments-card\/\">Ucz si\u0119 wi\u0119cej<\/a><\/div><\/div><div class=\"hp-article\"><a class=\"hp-article__img hp-article__lazy\" href=\"https:\/\/tin.eu\/pl\/services\/uk-checklist\/\" data-src=\"https:\/\/tin.eu\/wp-content\/uploads\/2024\/04\/iStock-1567856598x1-copy-1024x683.jpg\"><span class=\"loader-spin\">&nbsp;<\/span><\/a><h3 class=\"hp-article__name\">Lista kontrolna UK<\/h3><div class=\"hp-article__content\">Kiedy Tw\u00f3j transport zmierza do Wielkiej Brytanii, Tw\u00f3j kierowca jest zobowi\u0105zany do przedstawienia w\u0142adzom brytyjskim d...<\/div><div class=\"hp-article__link\"><a href=\"https:\/\/tin.eu\/pl\/services\/uk-checklist\/\">Ucz si\u0119 wi\u0119cej<\/a><\/div><\/div><div class=\"hp-article\"><a class=\"hp-article__img hp-article__lazy\" href=\"https:\/\/tin.eu\/pl\/services\/toll-service\/\" data-src=\"https:\/\/tin.eu\/wp-content\/uploads\/2024\/08\/iStock-1256198515-1024x682.webp\"><span class=\"loader-spin\">&nbsp;<\/span><\/a><h3 class=\"hp-article__name\">Us\u0142uga op\u0142at drogowych<\/h3><div class=\"hp-article__content\">Kieruj\u0105c si\u0119 ambicj\u0105 zapewnienia klientom wsparcia i korzy\u015bci wsz\u0119dzie tam, gdzie to mo\u017cliwe, firma TIN nawi\u0105za\u0142a wsp\u00f3\u0142p...<\/div><div class=\"hp-article__link\"><a href=\"https:\/\/tin.eu\/pl\/services\/toll-service\/\">Ucz si\u0119 wi\u0119cej<\/a><\/div><\/div><div class=\"hp-article\"><a class=\"hp-article__img hp-article__lazy\" href=\"https:\/\/tin.eu\/pl\/services\/legal-service\/\" data-src=\"https:\/\/tin.eu\/wp-content\/uploads\/2024\/04\/image_2024_04_10T14_54_11_722Z-1024x683.webp\"><span class=\"loader-spin\">&nbsp;<\/span><\/a><h3 class=\"hp-article__name\">Obs\u0142uga prawna<\/h3><div class=\"hp-article__content\">W ca\u0142ej Europie TIN utrzymuje bliskie relacje z dostawcami us\u0142ug prawnych specjalizuj\u0105cymi si\u0119 w sektorze transportu - z...<\/div><div class=\"hp-article__link\"><a href=\"https:\/\/tin.eu\/pl\/services\/legal-service\/\">Ucz si\u0119 wi\u0119cej<\/a><\/div><\/div><div class=\"hp-article\"><a class=\"hp-article__img hp-article__lazy\" href=\"https:\/\/tin.eu\/pl\/services\/legal-control-app\/\" data-src=\"https:\/\/tin.eu\/wp-content\/uploads\/2024\/04\/legal-controll-app-1024x683.webp\"><span class=\"loader-spin\">&nbsp;<\/span><\/a><h3 class=\"hp-article__name\">Aplikacja Legal Control<\/h3><div class=\"hp-article__content\">Kilka lat temu firma TIN opracowa\u0142a aplikacj\u0119 Legal Control App jako rozwi\u0105zanie problemu ogromu papierkowej roboty zwi\u0105...<\/div><div class=\"hp-article__link\"><a href=\"https:\/\/tin.eu\/pl\/services\/legal-control-app\/\">Ucz si\u0119 wi\u0119cej<\/a><\/div><\/div><div class=\"hp-article\"><a class=\"hp-article__img hp-article__lazy\" href=\"https:\/\/tin.eu\/pl\/services\/ddd-analysis\/\" data-src=\"https:\/\/tin.eu\/wp-content\/uploads\/2024\/04\/iStock-1237313230-1024x683.webp\"><span class=\"loader-spin\">&nbsp;<\/span><\/a><h3 class=\"hp-article__name\">Analiza DDD<\/h3><div class=\"hp-article__content\">Kompleksowy pakiet us\u0142ug dla europejskiego sektora transportu drogowego nie by\u0142by kompletny bez analizy tachograf\u00f3w. Dla...<\/div><div class=\"hp-article__link\"><a href=\"https:\/\/tin.eu\/pl\/services\/ddd-analysis\/\">Ucz si\u0119 wi\u0119cej<\/a><\/div><\/div><div class=\"hp-article\"><a class=\"hp-article__img hp-article__lazy\" href=\"https:\/\/tin.eu\/pl\/services\/instant-payment\/\" data-src=\"https:\/\/tin.eu\/wp-content\/uploads\/2024\/04\/iStock-1857835872_2-1024x754.webp\"><span class=\"loader-spin\">&nbsp;<\/span><\/a><h3 class=\"hp-article__name\">Natychmiastowa p\u0142atno\u015b\u0107<\/h3><div class=\"hp-article__content\">Przest\u00f3j spowodowany rozliczeniem grzywny na miejscu zwykle kosztuje znacznie wi\u0119cej ni\u017c sama grzywna: fracht dociera z...<\/div><div class=\"hp-article__link\"><a href=\"https:\/\/tin.eu\/pl\/services\/instant-payment\/\">Ucz si\u0119 wi\u0119cej<\/a><\/div><\/div><div class=\"hp-article\"><a class=\"hp-article__img hp-article__lazy\" href=\"https:\/\/tin.eu\/pl\/services\/translations-service\/\" data-src=\"https:\/\/tin.eu\/wp-content\/uploads\/2024\/04\/iStock-1456166410-1024x683.webp\"><span class=\"loader-spin\">&nbsp;<\/span><\/a><h3 class=\"hp-article__name\">Us\u0142uga t\u0142umaczenia<\/h3><div class=\"hp-article__content\">TIN zapewnia kompleksowe us\u0142ugi t\u0142umaczeniowe umo\u017cliwiaj\u0105ce skuteczn\u0105 komunikacj\u0119 we wszystkich j\u0119zykach europejskich. O...<\/div><div class=\"hp-article__link\"><a href=\"https:\/\/tin.eu\/pl\/services\/translations-service\/\">Ucz si\u0119 wi\u0119cej<\/a><\/div><\/div><div class=\"hp-article\"><a class=\"hp-article__img hp-article__lazy\" href=\"https:\/\/tin.eu\/pl\/services\/special-permits\/\" data-src=\"https:\/\/tin.eu\/wp-content\/uploads\/2024\/04\/wiki-westersch_CommonsGNU_Free_Documentation_License-1024x768.jpg\"><span class=\"loader-spin\">&nbsp;<\/span><\/a><h3 class=\"hp-article__name\">Specjalne zezwolenia<\/h3><div class=\"hp-article__content\">Dzi\u0119ki wieloletniemu do\u015bwiadczeniu w ca\u0142ej Europie, TIN jest idealnym partnerem do uzyskiwania specjalnych zezwole\u0144 na w...<\/div><div class=\"hp-article__link\"><a href=\"https:\/\/tin.eu\/pl\/services\/special-permits\/\">Ucz si\u0119 wi\u0119cej<\/a><\/div><\/div><div class=\"hp-article\"><a class=\"hp-article__img hp-article__lazy\" href=\"https:\/\/tin.eu\/pl\/services\/imi-all-in-service\/\" data-src=\"https:\/\/tin.eu\/wp-content\/uploads\/2024\/04\/iStock-1177176016-1024x742.jpg\"><span class=\"loader-spin\">&nbsp;<\/span><\/a><h3 class=\"hp-article__name\">Us\u0142uga IMI All-In<\/h3><div class=\"hp-article__content\">Poruszanie si\u0119 po zawi\u0142o\u015bciach unijnych przepis\u00f3w dotycz\u0105cych delegowania mo\u017ce by\u0107 frustruj\u0105ce i czasoch\u0142onne. Wraz z in...<\/div><div class=\"hp-article__link\"><a href=\"https:\/\/tin.eu\/pl\/services\/imi-all-in-service\/\">Ucz si\u0119 wi\u0119cej<\/a><\/div><\/div><div class=\"hp-article\"><a class=\"hp-article__img hp-article__lazy\" href=\"https:\/\/tin.eu\/pl\/services\/tin-crm-system\/\" data-src=\"https:\/\/tin.eu\/wp-content\/uploads\/2024\/04\/iStock-959638326-1024x683.jpg\"><span class=\"loader-spin\">&nbsp;<\/span><\/a><h3 class=\"hp-article__name\">System CRM TIN<\/h3><div class=\"hp-article__content\">Us\u0142ugi TIN polegaj\u0105 na szybkim, niezawodnym i bezpiecznym przechowywaniu i wymianie cz\u0119sto wra\u017cliwych informacji i dokum...<\/div><div class=\"hp-article__link\"><a href=\"https:\/\/tin.eu\/pl\/services\/tin-crm-system\/\">Ucz si\u0119 wi\u0119cej<\/a><\/div><\/div><\/div><\/div>\n\t\t\t\t<\/div>\n\t\t\t\t<\/div>\n\t\t\t\t\t<\/div>\n\t\t\t\t<\/div>\n\t\t\t\t\t<\/div>\n\t\t\t\t<\/div>\n\t\t\t\t<\/div>\n\t\t","protected":false},"excerpt":{"rendered":"<p>Het kloppende hart van de diensten die u probleemloos op de weg houden is het unieke TIN-CRM systeem. Deze overzichtelijke en intu\u00eftieve werkomgeving is waar al uw bedrijfsinformatie wordt opgeslagen en met enkele klikken is te raadplegen en zonodig aan te passen. <\/p>\n<p>U geeft in de CRM bijvoorbeeld aan voor welke chauffeurs en landen u IMI-declaraties nodig heeft, de UK Checklist en Legal Docs worden er beheerd, en uiteraard is de Legal Control App eraan verbonden, zodat informatie en documenten onmiddellijk en veilig beschikbaar zijn voor chauffeurs, waar in Europa ze zich ook bevinden.<\/p>\n","protected":false},"author":1,"featured_media":623,"parent":0,"menu_order":14,"comment_status":"closed","ping_status":"closed","template":"","meta":{"_acf_changed":true,"footnotes":""},"class_list":["post-22","page","type-page","status-publish","has-post-thumbnail","hentry"],"acf":[],"_links":{"self":[{"href":"https:\/\/tin.eu\/pl\/wp-json\/wp\/v2\/pages\/22","targetHints":{"allow":["GET"]}}],"collection":[{"href":"https:\/\/tin.eu\/pl\/wp-json\/wp\/v2\/pages"}],"about":[{"href":"https:\/\/tin.eu\/pl\/wp-json\/wp\/v2\/types\/page"}],"author":[{"embeddable":true,"href":"https:\/\/tin.eu\/pl\/wp-json\/wp\/v2\/users\/1"}],"replies":[{"embeddable":true,"href":"https:\/\/tin.eu\/pl\/wp-json\/wp\/v2\/comments?post=22"}],"version-history":[{"count":1,"href":"https:\/\/tin.eu\/pl\/wp-json\/wp\/v2\/pages\/22\/revisions"}],"predecessor-version":[{"id":23,"href":"https:\/\/tin.eu\/pl\/wp-json\/wp\/v2\/pages\/22\/revisions\/23"}],"wp:featuredmedia":[{"embeddable":true,"href":"https:\/\/tin.eu\/pl\/wp-json\/wp\/v2\/media\/623"}],"wp:attachment":[{"href":"https:\/\/tin.eu\/pl\/wp-json\/wp\/v2\/media?parent=22"}],"curies":[{"name":"wp","href":"https:\/\/api.w.org\/{rel}","templated":true}]}}