{"id":31,"date":"2024-04-09T09:56:29","date_gmt":"2024-04-09T09:56:29","guid":{"rendered":"https:\/\/tin.eu\/?page_id=31"},"modified":"2026-03-17T15:49:40","modified_gmt":"2026-03-17T14:49:40","slug":"contact","status":"publish","type":"page","link":"https:\/\/tin.eu\/hu\/contact\/","title":{"rendered":"Contact"},"content":{"rendered":"\t\t<div data-elementor-type=\"wp-page\" data-elementor-id=\"31\" class=\"elementor elementor-31\" data-elementor-post-type=\"page\">\n\t\t\t\t<div class=\"elementor-element elementor-element-a05a73a header e-flex e-con-boxed e-con e-parent\" data-id=\"a05a73a\" data-element_type=\"container\">\n\t\t\t\t\t<div class=\"e-con-inner\">\n\t\t<div class=\"elementor-element elementor-element-0f73af9 container e-flex e-con-boxed e-con e-child\" data-id=\"0f73af9\" data-element_type=\"container\">\n\t\t\t\t\t<div class=\"e-con-inner\">\n\t\t\t\t<div class=\"elementor-element elementor-element-5ac6913 elementor-widget elementor-widget-text-editor\" data-id=\"5ac6913\" data-element_type=\"widget\" data-widget_type=\"text-editor.default\">\n\t\t\t\t<div class=\"elementor-widget-container\">\n\t\t\t<style>\/*! elementor - v3.21.0 - 26-05-2024 *\/\n.elementor-widget-text-editor.elementor-drop-cap-view-stacked .elementor-drop-cap{background-color:#69727d;color:#fff}.elementor-widget-text-editor.elementor-drop-cap-view-framed .elementor-drop-cap{color:#69727d;border:3px solid;background-color:transparent}.elementor-widget-text-editor:not(.elementor-drop-cap-view-default) .elementor-drop-cap{margin-top:8px}.elementor-widget-text-editor:not(.elementor-drop-cap-view-default) .elementor-drop-cap-letter{width:1em;height:1em}.elementor-widget-text-editor .elementor-drop-cap{float:left;text-align:center;line-height:1;font-size:50px}.elementor-widget-text-editor .elementor-drop-cap-letter{display:inline-block}<\/style>\t\t\t\t<h1>Kapcsolat<\/h1>\t\t\t\t\t\t<\/div>\n\t\t\t\t<\/div>\n\t\t\t\t\t<\/div>\n\t\t\t\t<\/div>\n\t\t\t\t\t<\/div>\n\t\t\t\t<\/div>\n\t\t<div class=\"elementor-element elementor-element-84f43d1 container e-flex e-con-boxed e-con e-parent\" data-id=\"84f43d1\" data-element_type=\"container\">\n\t\t\t\t\t<div class=\"e-con-inner\">\n\t\t<div class=\"elementor-element elementor-element-10da33b service__row e-flex e-con-boxed e-con e-child\" data-id=\"10da33b\" data-element_type=\"container\">\n\t\t\t\t\t<div class=\"e-con-inner\">\n\t\t\t\t<div class=\"elementor-element elementor-element-bd86579 col__service col__service_empty elementor-widget elementor-widget-text-editor\" data-id=\"bd86579\" data-element_type=\"widget\" data-widget_type=\"text-editor.default\">\n\t\t\t\t<div class=\"elementor-widget-container\">\n\t\t\t\t\t\t\t<p>_<\/p>\t\t\t\t\t\t<\/div>\n\t\t\t\t<\/div>\n\t\t\t\t<div class=\"elementor-element elementor-element-9790e6d elementor-widget elementor-widget-text-editor\" data-id=\"9790e6d\" data-element_type=\"widget\" data-widget_type=\"text-editor.default\">\n\t\t\t\t<div class=\"elementor-widget-container\">\n\t\t\t\t\t\t\t<h2>\u00c9rdekelnek szolg\u00e1ltat\u00e1saink?\nNe habozzon megkeresni.<\/h2>\n\nA Transport In Noodn\u00e1l leegyszer\u0171s\u00edtj\u00fck az eur\u00f3pai kik\u00fcldet\u00e9si jogszab\u00e1lyok bonyolults\u00e1g\u00e1t, \u00e9s seg\u00edt\u00fcnk a v\u00e1ratlan probl\u00e9m\u00e1kban, lehet\u0151v\u00e9 t\u00e9ve, hogy a legfontosabbra \u2013 a v\u00e1llalkoz\u00e1s\u00e1ra \u2013 \u00f6sszpontos\u00edtson. L\u00e9pjen kapcsolatba vel\u00fcnk a z\u00f6kken\u0151mentes megfelel\u00e9s \u00e9s a hat\u00e9kony t\u00e1mogat\u00e1s \u00e9rdek\u00e9ben.\t\t\t\t\t\t<\/div>\n\t\t\t\t<\/div>\n\t\t\t\t\t<\/div>\n\t\t\t\t<\/div>\n\t\t\t\t\t<\/div>\n\t\t\t\t<\/div>\n\t\t<div class=\"elementor-element elementor-element-2ace52e cf7-form-container e-flex e-con-boxed e-con e-parent\" data-id=\"2ace52e\" data-element_type=\"container\">\n\t\t\t\t\t<div class=\"e-con-inner\">\n\t\t<div class=\"elementor-element elementor-element-eaadd1b cf7-form-container__wrap e-flex e-con-boxed e-con e-child\" data-id=\"eaadd1b\" data-element_type=\"container\">\n\t\t\t\t\t<div class=\"e-con-inner\">\n\t\t<div class=\"elementor-element elementor-element-17e2180 cf7-form-container__form e-flex e-con-boxed e-con e-child\" data-id=\"17e2180\" data-element_type=\"container\">\n\t\t\t\t\t<div class=\"e-con-inner\">\n\t\t\t\t<div class=\"elementor-element elementor-element-a171dd6 elementor-widget elementor-widget-heading\" data-id=\"a171dd6\" data-element_type=\"widget\" data-widget_type=\"heading.default\">\n\t\t\t\t<div class=\"elementor-widget-container\">\n\t\t\t<style>\/*! elementor - v3.21.0 - 26-05-2024 *\/\n.elementor-heading-title{padding:0;margin:0;line-height:1}.elementor-widget-heading .elementor-heading-title[class*=elementor-size-]>a{color:inherit;font-size:inherit;line-height:inherit}.elementor-widget-heading .elementor-heading-title.elementor-size-small{font-size:15px}.elementor-widget-heading .elementor-heading-title.elementor-size-medium{font-size:19px}.elementor-widget-heading .elementor-heading-title.elementor-size-large{font-size:29px}.elementor-widget-heading .elementor-heading-title.elementor-size-xl{font-size:39px}.elementor-widget-heading .elementor-heading-title.elementor-size-xxl{font-size:59px}<\/style><h2 class=\"elementor-heading-title elementor-size-default\">KAPCSOLATOS \u0170RLAP<\/h2>\t\t<\/div>\n\t\t\t\t<\/div>\n\t\t\t\t<div class=\"elementor-element elementor-element-0d3f81f cf7-col elementor-widget elementor-widget-shortcode\" data-id=\"0d3f81f\" data-element_type=\"widget\" data-widget_type=\"shortcode.default\">\n\t\t\t\t<div class=\"elementor-widget-container\">\n\t\t\t\t\t<div class=\"elementor-shortcode\"><div class=\"cf7-contact-us\"><div class=\"cf7sg-container\"><div id=\"cf7sg-form-contact-form-all-services-hu\" class=\"cf7-smart-grid has-grid key_contact-form-all-services-hu\">\n<div class=\"wpcf7 no-js\" id=\"wpcf7-f284-o1\" lang=\"\" dir=\"ltr\" data-wpcf7-id=\"284\">\n<div class=\"screen-reader-response\"><p role=\"status\" aria-live=\"polite\" aria-atomic=\"true\"><\/p> <ul><\/ul><\/div>\n<form action=\"\/hu\/wp-json\/wp\/v2\/pages\/31#wpcf7-f284-o1\" method=\"post\" class=\"wpcf7-form init\" aria-label=\"Kapcsolatfelv\u00e9teli \u0171rlap\" novalidate=\"novalidate\" data-status=\"init\">\n<div style=\"display: none;\">\n<input type=\"hidden\" name=\"_wpcf7\" value=\"284\" \/>\n<input type=\"hidden\" name=\"_wpcf7_version\" value=\"6.0\" \/>\n<input type=\"hidden\" name=\"_wpcf7_locale\" value=\"\" \/>\n<input type=\"hidden\" name=\"_wpcf7_unit_tag\" value=\"wpcf7-f284-o1\" \/>\n<input type=\"hidden\" name=\"_wpcf7_container_post\" value=\"0\" \/>\n<input type=\"hidden\" name=\"_wpcf7_posted_data_hash\" value=\"\" \/>\n<input type=\"hidden\" name=\"_wpcf7cf_hidden_group_fields\" value=\"[]\" \/>\n<input type=\"hidden\" name=\"_wpcf7cf_hidden_groups\" value=\"[]\" \/>\n<input type=\"hidden\" name=\"_wpcf7cf_visible_groups\" value=\"[]\" \/>\n<input type=\"hidden\" name=\"_wpcf7cf_repeaters\" value=\"[]\" \/>\n<input type=\"hidden\" name=\"_wpcf7cf_steps\" value=\"{}\" \/>\n<input type=\"hidden\" name=\"_wpcf7cf_options\" value=\"{&quot;form_id&quot;:284,&quot;conditions&quot;:[{&quot;then_field&quot;:&quot;groupBoetekeuze&quot;,&quot;and_rules&quot;:[{&quot;if_field&quot;:&quot;Diensten&quot;,&quot;operator&quot;:&quot;equals&quot;,&quot;if_value&quot;:&quot;Nemzetk\\u00f6zi b\\u00edrs\\u00e1gok fizet\\u00e9se&quot;}]},{&quot;then_field&quot;:&quot;grouplandkeuze&quot;,&quot;and_rules&quot;:[{&quot;if_field&quot;:&quot;werelddeel&quot;,&quot;operator&quot;:&quot;equals&quot;,&quot;if_value&quot;:&quot;Eur\\u00f3pa&quot;}]},{&quot;then_field&quot;:&quot;groupadresgegevensOverige&quot;,&quot;and_rules&quot;:[{&quot;if_field&quot;:&quot;werelddeel&quot;,&quot;operator&quot;:&quot;equals&quot;,&quot;if_value&quot;:&quot;Egy\\u00e9b&quot;}]},{&quot;then_field&quot;:&quot;groupChauffeurs&quot;,&quot;and_rules&quot;:[{&quot;if_field&quot;:&quot;Diensten&quot;,&quot;operator&quot;:&quot;equals&quot;,&quot;if_value&quot;:&quot;Tachogr\\u00e1f elemz\\u00e9s&quot;}]},{&quot;then_field&quot;:&quot;groupChauffeurs&quot;,&quot;and_rules&quot;:[{&quot;if_field&quot;:&quot;Diensten&quot;,&quot;operator&quot;:&quot;equals&quot;,&quot;if_value&quot;:&quot;Minim\\u00e1lb\\u00e9r t\\u00f6rv\\u00e9ny&quot;}]},{&quot;then_field&quot;:&quot;groupKentekens&quot;,&quot;and_rules&quot;:[{&quot;if_field&quot;:&quot;Diensten&quot;,&quot;operator&quot;:&quot;equals&quot;,&quot;if_value&quot;:&quot;Tachogr\\u00e1f elemz\\u00e9s&quot;}]}],&quot;settings&quot;:{&quot;animation&quot;:&quot;yes&quot;,&quot;animation_intime&quot;:200,&quot;animation_outtime&quot;:200,&quot;conditions_ui&quot;:&quot;normal&quot;,&quot;notice_dismissed&quot;:false}}\" \/>\n<input type=\"hidden\" name=\"_wpcf7_key\" value=\"contact-form-all-services-hu\" \/>\n<input type=\"hidden\" name=\"_cf7sg_toggles\" value=\"\" \/>\n<input type=\"hidden\" name=\"_cf7sg_version\" value=\"4.15.8\" \/>\n<input type=\"hidden\" name=\"_wpnonce\" value=\"9eeac5b585\" \/>\n<\/div>\n<div class=\"container\">\n  <div class=\"row\">\n    <label class=\"label-required-field\">A <em>*<\/em> -gal jel\u00f6lt mez\u0151k kit\u00f6lt\u00e9se k\u00f6telez\u0151.<\/label>\n    <p>\n      <label>Vezet\u00e9k- \u00e9s keresztneve <em>*<\/em><\/label> <span class=\"wpcf7-form-control-wrap\" data-name=\"voorenachternaam\"><input size=\"40\" maxlength=\"400\" class=\"wpcf7-form-control wpcf7-text wpcf7-validates-as-required\" aria-required=\"true\" aria-invalid=\"false\" value=\"\" type=\"text\" name=\"voorenachternaam\" \/><\/span>\n    <\/p>\n    <p>\n      <label>C\u00e9gn\u00e9v <em>*<\/em><\/label> <span class=\"wpcf7-form-control-wrap\" data-name=\"bedrijfsnaam\"><input size=\"40\" maxlength=\"400\" class=\"wpcf7-form-control wpcf7-text wpcf7-validates-as-required\" aria-required=\"true\" aria-invalid=\"false\" value=\"\" type=\"text\" name=\"bedrijfsnaam\" \/><\/span>\n    <\/p>\n    <p>\n      <label>Utca \u00e9s h\u00e1zsz\u00e1m<\/label> <span class=\"wpcf7-form-control-wrap\" data-name=\"straatenhuisnummer\"><input size=\"40\" maxlength=\"400\" class=\"wpcf7-form-control wpcf7-text\" aria-invalid=\"false\" value=\"\" type=\"text\" name=\"straatenhuisnummer\" \/><\/span>\n    <\/p>\n    <p>\n      <label>Ir\u00e1ny\u00edt\u00f3sz\u00e1m<\/label> <span class=\"wpcf7-form-control-wrap\" data-name=\"postcode\"><input size=\"40\" maxlength=\"400\" class=\"wpcf7-form-control wpcf7-text\" aria-invalid=\"false\" value=\"\" type=\"text\" name=\"postcode\" \/><\/span>\n    <\/p>\n    <p>\n      <label>Helys\u00e9g<\/label> <span class=\"wpcf7-form-control-wrap\" data-name=\"plaats\"><input size=\"40\" maxlength=\"400\" class=\"wpcf7-form-control wpcf7-text\" aria-invalid=\"false\" value=\"\" type=\"text\" name=\"plaats\" \/><\/span>\n    <\/p>\n    <label>A vil\u00e1g melyik r\u00e9sz\u00e9n tart\u00f3zkodik?<\/label> <span class=\"wpcf7-form-control-wrap\" data-name=\"werelddeel\"><span class=\"wpcf7-form-control wpcf7-radio\"><span class=\"wpcf7-list-item first\"><input type=\"radio\" name=\"werelddeel\" value=\"Eur\u00f3pa\" checked=\"checked\" \/><span class=\"wpcf7-list-item-label\">Eur\u00f3pa<\/span><\/span><span class=\"wpcf7-list-item last\"><input type=\"radio\" name=\"werelddeel\" value=\"Egy\u00e9b\" \/><span class=\"wpcf7-list-item-label\">Egy\u00e9b<\/span><\/span><\/span><\/span> <div data-id=\"grouplandkeuze\" data-orig_data_id=\"grouplandkeuze\"  data-class=\"wpcf7cf_group\"> <span class=\"wpcf7-form-control-wrap\" data-name=\"kiesland\"><select class=\"wpcf7-form-control wpcf7-select wpcf7-validates-as-required\" aria-required=\"true\" aria-invalid=\"false\" name=\"kiesland\"><option value=\"V\u00e1lasszon orsz\u00e1got\">V\u00e1lasszon orsz\u00e1got<\/option><option value=\"Alb\u00e1nia\">Alb\u00e1nia<\/option><option value=\"Andorra\">Andorra<\/option><option value=\"Belgium\">Belgium<\/option><option value=\"Bosznia \u00e9s Hercegovina\">Bosznia \u00e9s Hercegovina<\/option><option value=\"Bulg\u00e1ria\">Bulg\u00e1ria<\/option><option value=\"D\u00e1nia\">D\u00e1nia<\/option><option value=\"N\u00e9metorsz\u00e1g\">N\u00e9metorsz\u00e1g<\/option><option value=\"\u00c9sztorsz\u00e1g\">\u00c9sztorsz\u00e1g<\/option><option value=\"Finnorsz\u00e1g\">Finnorsz\u00e1g<\/option><option value=\"Franciaorsz\u00e1g\">Franciaorsz\u00e1g<\/option><option value=\"G\u00f6r\u00f6gorsz\u00e1g\">G\u00f6r\u00f6gorsz\u00e1g<\/option><option value=\"Magyarorsz\u00e1g\">Magyarorsz\u00e1g<\/option><option value=\"Izland\">Izland<\/option><option value=\"\u00cdrorsz\u00e1g\">\u00cdrorsz\u00e1g<\/option><option value=\"Olaszorsz\u00e1g\">Olaszorsz\u00e1g<\/option><option value=\"Koszov\u00f3\">Koszov\u00f3<\/option><option value=\"Horv\u00e1torsz\u00e1g\">Horv\u00e1torsz\u00e1g<\/option><option value=\"Lettorsz\u00e1g\">Lettorsz\u00e1g<\/option><option value=\"Liechtenstein\">Liechtenstein<\/option><option value=\"Litv\u00e1nia\">Litv\u00e1nia<\/option><option value=\"Luxemburg\">Luxemburg<\/option><option value=\"M\u00e1lta\">M\u00e1lta<\/option><option value=\"Moldova\">Moldova<\/option><option value=\"Monaco\">Monaco<\/option><option value=\"Montenegr\u00f3\">Montenegr\u00f3<\/option><option value=\"Hollandia\">Hollandia<\/option><option value=\"\u00c9szak-Maced\u00f3nia\">\u00c9szak-Maced\u00f3nia<\/option><option value=\"Norv\u00e9gia\">Norv\u00e9gia<\/option><option value=\"Ukrajna\">Ukrajna<\/option><option value=\"Ausztria\">Ausztria<\/option><option value=\"Lengyelorsz\u00e1g\">Lengyelorsz\u00e1g<\/option><option value=\"Portug\u00e1lia\">Portug\u00e1lia<\/option><option value=\"Rom\u00e1nia\">Rom\u00e1nia<\/option><option value=\"San Marino\">San Marino<\/option><option value=\"Szerbia\">Szerbia<\/option><option value=\"Szlov\u00e9nia\">Szlov\u00e9nia<\/option><option value=\"Szlov\u00e1kia\">Szlov\u00e1kia<\/option><option value=\"Spanyolorsz\u00e1g\">Spanyolorsz\u00e1g<\/option><option value=\"Csehorsz\u00e1g\">Csehorsz\u00e1g<\/option><option value=\"Vatik\u00e1nv\u00e1ros\">Vatik\u00e1nv\u00e1ros<\/option><option value=\"Egyes\u00fclt Kir\u00e1lys\u00e1g\">Egyes\u00fclt Kir\u00e1lys\u00e1g<\/option><option value=\"Feh\u00e9roroszorsz\u00e1g\">Feh\u00e9roroszorsz\u00e1g<\/option><option value=\"Sv\u00e9dorsz\u00e1g\">Sv\u00e9dorsz\u00e1g<\/option><option value=\"Sv\u00e1jc\">Sv\u00e1jc<\/option><\/select><\/span> <\/div> <div data-id=\"groupadresgegevensOverige\" data-orig_data_id=\"groupadresgegevensOverige\"  data-class=\"wpcf7cf_group\">\n    <p>\n      <label>Orsz\u00e1g<\/label> <span class=\"wpcf7-form-control-wrap\" data-name=\"land\"><input size=\"40\" maxlength=\"400\" class=\"wpcf7-form-control wpcf7-text wpcf7-validates-as-required\" aria-required=\"true\" aria-invalid=\"false\" value=\"\" type=\"text\" name=\"land\" \/><\/span>\n    <\/p>\n    <\/div>\n    <br>\n    <p>\n      <label class=\"f-height\"><span>E-mail <em>*<\/em><\/span><\/label> <span class=\"wpcf7-form-control-wrap\" data-name=\"email\"><input size=\"40\" maxlength=\"400\" class=\"wpcf7-form-control wpcf7-email wpcf7-validates-as-required wpcf7-text wpcf7-validates-as-email\" aria-required=\"true\" aria-invalid=\"false\" value=\"\" type=\"email\" name=\"email\" \/><\/span>\n    <\/p>\n    <p>\n      <label class=\"f-height\"><span>Telefonsz\u00e1m <em>*<\/em> (nemzetk\u00f6zi h\u00edv\u00e1s, pl.: +31850719600)<\/span><\/label> <span class=\"wpcf7-form-control-wrap\" data-name=\"uwtelefoonnummer\"><input size=\"40\" maxlength=\"400\" class=\"wpcf7-form-control wpcf7-tel wpcf7-validates-as-required wpcf7-text wpcf7-validates-as-tel\" aria-required=\"true\" aria-invalid=\"false\" value=\"\" type=\"tel\" name=\"uwtelefoonnummer\" \/><\/span>\n    <\/p>\n    <label>\u00c9rdekel engem:<\/label> <span class=\"wpcf7-form-control-wrap\" data-name=\"Diensten\"><span class=\"wpcf7-form-control wpcf7-checkbox wpcf7-validates-as-required\"><span class=\"wpcf7-list-item first\"><input type=\"checkbox\" name=\"Diensten[]\" value=\"Nemzetk\u00f6zi b\u00edrs\u00e1gok fizet\u00e9se\" \/><span class=\"wpcf7-list-item-label\">Nemzetk\u00f6zi b\u00edrs\u00e1gok fizet\u00e9se<\/span><\/span><span class=\"wpcf7-list-item\"><input type=\"checkbox\" name=\"Diensten[]\" value=\"Fizet\u0151 k\u00e1rtya\" \/><span class=\"wpcf7-list-item-label\">Fizet\u0151 k\u00e1rtya<\/span><\/span><span class=\"wpcf7-list-item\"><input type=\"checkbox\" name=\"Diensten[]\" value=\"Jogi szolg\u00e1ltat\u00e1s\" \/><span class=\"wpcf7-list-item-label\">Jogi szolg\u00e1ltat\u00e1s<\/span><\/span><span class=\"wpcf7-list-item\"><input type=\"checkbox\" name=\"Diensten[]\" value=\"Minim\u00e1lb\u00e9r t\u00f6rv\u00e9ny\" \/><span class=\"wpcf7-list-item-label\">Minim\u00e1lb\u00e9r t\u00f6rv\u00e9ny<\/span><\/span><span class=\"wpcf7-list-item\"><input type=\"checkbox\" name=\"Diensten[]\" value=\"PIP \/ GDPR biztons\u00e1gi port\u00e1l\" \/><span class=\"wpcf7-list-item-label\">PIP \/ GDPR biztons\u00e1gi port\u00e1l<\/span><\/span><span class=\"wpcf7-list-item\"><input type=\"checkbox\" name=\"Diensten[]\" value=\"Tachogr\u00e1f elemz\u00e9s\" \/><span class=\"wpcf7-list-item-label\">Tachogr\u00e1f elemz\u00e9s<\/span><\/span><span class=\"wpcf7-list-item\"><input type=\"checkbox\" name=\"Diensten[]\" value=\"Flotta menedzsment\" \/><span class=\"wpcf7-list-item-label\">Flotta menedzsment<\/span><\/span><span class=\"wpcf7-list-item\"><input type=\"checkbox\" name=\"Diensten[]\" value=\"EETS \u00fatd\u00edj megold\u00e1s\" \/><span class=\"wpcf7-list-item-label\">EETS \u00fatd\u00edj megold\u00e1s<\/span><\/span><span class=\"wpcf7-list-item\"><input type=\"checkbox\" name=\"Diensten[]\" value=\"\u00c1FA \u00e9s j\u00f6ved\u00e9ki ad\u00f3\" \/><span class=\"wpcf7-list-item-label\">\u00c1FA \u00e9s j\u00f6ved\u00e9ki ad\u00f3<\/span><\/span><span class=\"wpcf7-list-item\"><input type=\"checkbox\" name=\"Diensten[]\" value=\"Ford\u00edt\u00e1si szolg\u00e1ltat\u00e1s\" \/><span class=\"wpcf7-list-item-label\">Ford\u00edt\u00e1si szolg\u00e1ltat\u00e1s<\/span><\/span><span class=\"wpcf7-list-item\"><input type=\"checkbox\" name=\"Diensten[]\" value=\"Kiv\u00e9teles enged\u00e9lyek k\u00e9relmez\u00e9se\" \/><span class=\"wpcf7-list-item-label\">Kiv\u00e9teles enged\u00e9lyek k\u00e9relmez\u00e9se<\/span><\/span><span class=\"wpcf7-list-item last\"><input type=\"checkbox\" name=\"Diensten[]\" value=\"A h\u00edrlev\u00e9l\" \/><span class=\"wpcf7-list-item-label\">A h\u00edrlev\u00e9l<\/span><\/span><\/span><\/span> <div data-id=\"groupChauffeurs\" data-orig_data_id=\"groupChauffeurs\"  data-class=\"wpcf7cf_group\">\n    <label>H\u00e1ny sof\u0151rt alkalmaz?<\/label> <span class=\"wpcf7-form-control-wrap\" data-name=\"numberChauffeurs\"><input class=\"wpcf7-form-control wpcf7-number wpcf7-validates-as-number\" min=\"0\" max=\"1000\" aria-invalid=\"false\" value=\"\" type=\"number\" name=\"numberChauffeurs\" \/><\/span>\n    <br><\/div> <div data-id=\"groupKentekens\" data-orig_data_id=\"groupKentekens\"  data-class=\"wpcf7cf_group\">\n    <label>H\u00e1ny teheraut\u00f3t vezetsz?<\/label> <span class=\"wpcf7-form-control-wrap\" data-name=\"numberKentekens\"><input class=\"wpcf7-form-control wpcf7-number wpcf7-validates-as-number\" min=\"0\" max=\"1000\" aria-invalid=\"false\" value=\"\" type=\"number\" name=\"numberKentekens\" \/><\/span>\n    <br><\/div> <div data-id=\"groupBoetekeuze\" data-orig_data_id=\"groupBoetekeuze\"  data-class=\"wpcf7cf_group\">\n    <label>V\u00e1lassza ki a k\u00edv\u00e1nt finom szolg\u00e1ltat\u00e1st:<\/label> <span class=\"wpcf7-form-control-wrap\" data-name=\"boete\"><select class=\"wpcf7-form-control wpcf7-select wpcf7-validates-as-required\" aria-required=\"true\" aria-invalid=\"false\" name=\"boete\"><option value=\"\">-- V\u00e1lassz --<\/option><option value=\"Azonnal fizet\">Azonnal fizet<\/option><option value=\"Vita\">Vita<\/option><option value=\"Tov\u00e1bbi inform\u00e1ci\u00f3 a b\u00edrs\u00e1gomr\u00f3l\">Tov\u00e1bbi inform\u00e1ci\u00f3 a b\u00edrs\u00e1gomr\u00f3l<\/option><option value=\"Tov\u00e1bbi inform\u00e1ci\u00f3 \u00c1ltal\u00e1nos b\u00edrs\u00e1g\">Tov\u00e1bbi inform\u00e1ci\u00f3 \u00c1ltal\u00e1nos b\u00edrs\u00e1g<\/option><\/select><\/span>\n    <br><\/div>\n    <p class=\"wf\">\n      <label>\u00dczenete<\/label>\n    <\/p>\n    <p class=\"wf\">\n      <span class=\"wpcf7-form-control-wrap\" data-name=\"bericht\"><textarea cols=\"40\" rows=\"10\" maxlength=\"2000\" class=\"wpcf7-form-control wpcf7-textarea\" aria-invalid=\"false\" name=\"bericht\"><\/textarea><\/span> <span class=\"wpcf7-form-control-wrap\" data-name=\"agree\"><span class=\"wpcf7-form-control wpcf7-acceptance invert\"><span class=\"wpcf7-list-item\"><input type=\"checkbox\" name=\"agree\" value=\"1\" checked=\"checked\" class=\"agree\" aria-invalid=\"false\" \/><\/span><\/span><\/span> <input class=\"wpcf7-form-control wpcf7-submit has-spinner\" id=\"stickersubmit\" type=\"submit\" value=\"K\u00fcld\u00e9s\" \/>\n    <\/p>\n  <\/div>\n<\/div><div class=\"wpcf7-response-output\" aria-hidden=\"true\"><\/div>\n<\/form>\n<\/div>\n<\/div><\/div><\/div><\/div>\n\t\t\t\t<\/div>\n\t\t\t\t<\/div>\n\t\t\t\t\t<\/div>\n\t\t\t\t<\/div>\n\t\t<div class=\"elementor-element elementor-element-0de46d9 e-con-full cf7-form-container__text e-flex e-con e-child\" data-id=\"0de46d9\" data-element_type=\"container\">\n\t\t\t\t<div class=\"elementor-element elementor-element-0490820 elementor-widget elementor-widget-heading\" data-id=\"0490820\" data-element_type=\"widget\" data-widget_type=\"heading.default\">\n\t\t\t\t<div class=\"elementor-widget-container\">\n\t\t\t<h2 class=\"elementor-heading-title elementor-size-default\">K\u00d6ZPONTI IRODA<\/h2>\t\t<\/div>\n\t\t\t\t<\/div>\n\t\t\t\t<div class=\"elementor-element elementor-element-766b8a8 elementor-widget elementor-widget-text-editor\" data-id=\"766b8a8\" data-element_type=\"widget\" data-widget_type=\"text-editor.default\">\n\t\t\t\t<div class=\"elementor-widget-container\">\n\t\t\t\t\t\t\t<p><strong>NL<br \/><\/strong>Transport in Nood B.V.<br \/>Flevolaan 27-G<br \/>1382 JX Weesp<br \/>Nederland<\/p><p><strong>DE<\/strong><br \/>Transport in Not GmbH<br \/>Briener Strasse 9-13<br \/>47533 Kleve<br \/>Deutschland<\/p><p><strong>\u00c9RINTKEZ\u00c9S<br \/><\/strong>Tel: +31(0)85 0719 600<\/p>\t\t\t\t\t\t<\/div>\n\t\t\t\t<\/div>\n\t\t\t\t<div class=\"elementor-element elementor-element-e23aea1 elementor-widget elementor-widget-text-editor\" data-id=\"e23aea1\" data-element_type=\"widget\" data-widget_type=\"text-editor.default\">\n\t\t\t\t<div class=\"elementor-widget-container\">\n\t\t\t\t\t\t\t<h3>C\u00c9GADATOK<\/h3><p><strong>NL<\/strong><br \/>Transport in Nood B.V.<br \/>BTW: NL820131854B01<br \/>KvK: 34318508<\/p><p><strong>DE<\/strong><br \/>Transport in Not GmbH<br \/>Ust-idNr: DE338110865<br \/>HRB: 32408<\/p><p><strong>HU<\/strong><br \/>TIN Support Kft<br \/>Ad\u00f3sz\u00e1m: HU27793082<br \/>C\u00e9gjegyz\u00e9ksz\u00e1m: 11-09-029491<\/p>\t\t\t\t\t\t<\/div>\n\t\t\t\t<\/div>\n\t\t\t\t<\/div>\n\t\t\t\t\t<\/div>\n\t\t\t\t<\/div>\n\t\t\t\t\t<\/div>\n\t\t\t\t<\/div>\n\t\t\t\t<\/div>\n\t\t","protected":false},"excerpt":{"rendered":"<p>Bij Transport In Nood worden de complexiteiten van de EU IMI\/detacheringswetgeving vereenvoudigd en helpen wij u bij onvoorziene problemen, zodat u zich helemaal kunt richten op het allerbelangrijkste: uw onderneming. Neem daarom contact op. We vertellen u graag meer over naadloze compliance en effici\u00ebnte ondersteuning.<\/p>\n","protected":false},"author":1,"featured_media":643,"parent":0,"menu_order":9,"comment_status":"closed","ping_status":"closed","template":"","meta":{"_acf_changed":true,"footnotes":""},"class_list":["post-31","page","type-page","status-publish","has-post-thumbnail","hentry"],"acf":[],"_links":{"self":[{"href":"https:\/\/tin.eu\/hu\/wp-json\/wp\/v2\/pages\/31","targetHints":{"allow":["GET"]}}],"collection":[{"href":"https:\/\/tin.eu\/hu\/wp-json\/wp\/v2\/pages"}],"about":[{"href":"https:\/\/tin.eu\/hu\/wp-json\/wp\/v2\/types\/page"}],"author":[{"embeddable":true,"href":"https:\/\/tin.eu\/hu\/wp-json\/wp\/v2\/users\/1"}],"replies":[{"embeddable":true,"href":"https:\/\/tin.eu\/hu\/wp-json\/wp\/v2\/comments?post=31"}],"version-history":[{"count":1,"href":"https:\/\/tin.eu\/hu\/wp-json\/wp\/v2\/pages\/31\/revisions"}],"predecessor-version":[{"id":32,"href":"https:\/\/tin.eu\/hu\/wp-json\/wp\/v2\/pages\/31\/revisions\/32"}],"wp:featuredmedia":[{"embeddable":true,"href":"https:\/\/tin.eu\/hu\/wp-json\/wp\/v2\/media\/643"}],"wp:attachment":[{"href":"https:\/\/tin.eu\/hu\/wp-json\/wp\/v2\/media?parent=31"}],"curies":[{"name":"wp","href":"https:\/\/api.w.org\/{rel}","templated":true}]}}