{"id":28,"date":"2024-04-09T09:55:33","date_gmt":"2024-04-09T09:55:33","guid":{"rendered":"https:\/\/tin.eu\/?page_id=28"},"modified":"2025-10-23T12:42:49","modified_gmt":"2025-10-23T10:42:49","slug":"about-us","status":"publish","type":"page","link":"https:\/\/tin.eu\/hu\/about-us\/","title":{"rendered":"Over ons"},"content":{"rendered":"\t\t<div data-elementor-type=\"wp-page\" data-elementor-id=\"28\" class=\"elementor elementor-28\" data-elementor-post-type=\"page\">\n\t\t\t\t<div class=\"elementor-element elementor-element-a5177af header e-flex e-con-boxed e-con e-parent\" data-id=\"a5177af\" data-element_type=\"container\">\n\t\t\t\t\t<div class=\"e-con-inner\">\n\t\t<div class=\"elementor-element elementor-element-ed50013 container e-flex e-con-boxed e-con e-child\" data-id=\"ed50013\" data-element_type=\"container\">\n\t\t\t\t\t<div class=\"e-con-inner\">\n\t\t\t\t<div class=\"elementor-element elementor-element-52abc99 elementor-widget elementor-widget-heading\" data-id=\"52abc99\" data-element_type=\"widget\" data-widget_type=\"heading.default\">\n\t\t\t\t<div class=\"elementor-widget-container\">\n\t\t\t<style>\/*! elementor - v3.21.0 - 26-05-2024 *\/\n.elementor-heading-title{padding:0;margin:0;line-height:1}.elementor-widget-heading .elementor-heading-title[class*=elementor-size-]>a{color:inherit;font-size:inherit;line-height:inherit}.elementor-widget-heading .elementor-heading-title.elementor-size-small{font-size:15px}.elementor-widget-heading .elementor-heading-title.elementor-size-medium{font-size:19px}.elementor-widget-heading .elementor-heading-title.elementor-size-large{font-size:29px}.elementor-widget-heading .elementor-heading-title.elementor-size-xl{font-size:39px}.elementor-widget-heading .elementor-heading-title.elementor-size-xxl{font-size:59px}<\/style><h1 class=\"elementor-heading-title elementor-size-default\">R\u00f3lunk<\/h1>\t\t<\/div>\n\t\t\t\t<\/div>\n\t\t\t\t\t<\/div>\n\t\t\t\t<\/div>\n\t\t\t\t\t<\/div>\n\t\t\t\t<\/div>\n\t\t<div class=\"elementor-element elementor-element-1687dfd container e-flex e-con-boxed e-con e-parent\" data-id=\"1687dfd\" data-element_type=\"container\">\n\t\t\t\t\t<div class=\"e-con-inner\">\n\t\t<div class=\"elementor-element elementor-element-445a82c service__row e-flex e-con-boxed e-con e-child\" data-id=\"445a82c\" data-element_type=\"container\">\n\t\t\t\t\t<div class=\"e-con-inner\">\n\t\t\t\t<div class=\"elementor-element elementor-element-fbabae1 col__service col__service_img col__service_img-about-us elementor-widget elementor-widget-text-editor\" data-id=\"fbabae1\" data-element_type=\"widget\" data-widget_type=\"text-editor.default\">\n\t\t\t\t<div class=\"elementor-widget-container\">\n\t\t\t<style>\/*! elementor - v3.21.0 - 26-05-2024 *\/\n.elementor-widget-text-editor.elementor-drop-cap-view-stacked .elementor-drop-cap{background-color:#69727d;color:#fff}.elementor-widget-text-editor.elementor-drop-cap-view-framed .elementor-drop-cap{color:#69727d;border:3px solid;background-color:transparent}.elementor-widget-text-editor:not(.elementor-drop-cap-view-default) .elementor-drop-cap{margin-top:8px}.elementor-widget-text-editor:not(.elementor-drop-cap-view-default) .elementor-drop-cap-letter{width:1em;height:1em}.elementor-widget-text-editor .elementor-drop-cap{float:left;text-align:center;line-height:1;font-size:50px}.elementor-widget-text-editor .elementor-drop-cap-letter{display:inline-block}<\/style>\t\t\t\t<p><img decoding=\"async\" class=\"alignnone size-full wp-image-332\" src=\"https:\/\/tin.eu\/wp-content\/uploads\/2024\/04\/truck-right-1.svg\" alt=\"TIN\" \/><\/p>\t\t\t\t\t\t<\/div>\n\t\t\t\t<\/div>\n\t\t\t\t<div class=\"elementor-element elementor-element-d794fe4 elementor-widget elementor-widget-text-editor\" data-id=\"d794fe4\" data-element_type=\"widget\" data-widget_type=\"text-editor.default\">\n\t\t\t\t<div class=\"elementor-widget-container\">\n\t\t\t\t\t\t\t<h2>Kik vagyunk mi?<\/h2><p>A TIN az \u00d6n partnere az \u00faton, b\u00e1rmi is t\u00f6rt\u00e9nj\u00e9k\/akiben megb\u00edzhat. B\u00e1r a 2008-ban Antonio Oliveira \u00e1ltal Transport in Nood n\u00e9ven alap\u00edtott c\u00e9get kin\u0151tt\u00fck, de term\u00e9szetesen nem felejtett\u00fck el azon alapvet\u00e9s\u00fcnket, hogy a teherg\u00e9pj\u00e1rm\u0171veknek a lehet\u0151 leggyorsabban \u00fajra \u00faton kell lenni\u00fck, b\u00e1rmi is okozta a fennakad\u00e1st. A TIN m\u00e1ra az \u00e1gazat \u00e1tfog\u00f3 szolg\u00e1ltat\u00f3j\u00e1v\u00e1 v\u00e1lt. A t\u00f6bb mint 20 f\u0151s szakemberg\u00e1rd\u00e1nk elk\u00f6telezett amellett, hogy a fuvaroz\u00f3k az adminisztrat\u00edv logisztik\u00e1t r\u00e1nk b\u00edzva az alapvet\u0151 feladataikra koncentr\u00e1lhassanak.<\/p><h2>Evol\u00faci\u00f3nk<\/h2><p>A TIN sokat fejl\u0151d\u00f6tt az alap\u00edt\u00e1sa \u00f3ta. Kezdetben arra \u00f6sszpontos\u00edtottunk, hogy seg\u00edts\u00fcnk a fuvaroz\u00f3knak abban, hogy min\u00e9l gyorsabban folytathass\u00e1k \u00fatjukat, ha b\u00e1rmilyen okb\u00f3l meg kellett \u00e1llniuk. Az eltelt t\u00f6bb mint 15 \u00e9v sor\u00e1n azonban szolg\u00e1ltat\u00e1saink spektruma jelent\u0151sen kib\u0151v\u00fclt. M\u00e1ra kiterjedt eur\u00f3pai h\u00e1l\u00f3zattal b\u00fcszk\u00e9lkedhet\u00fcnk, amely t\u00f6bb mint 3200 \u00fcgyfelet t\u00e1mogat a kontinensen k\u00fcl\u00f6nb\u00f6z\u0151 testre szabott megold\u00e1sokkal, a 24\/7-es k\u00f6z\u00fati b\u00edrs\u00e1gkezel\u00e9st\u0151l a b\u00edrs\u00e1gok fellebbez\u00e9s\u00e9ben ny\u00fajtott jogi t\u00e1mogat\u00e1sig, \u00e1tfog\u00f3 \u00fatd\u00edjadminisztr\u00e1ci\u00f3s rendszerrel, fizet\u00e9si k\u00e1rty\u00e1val \u00e9s sok m\u00e1ssal.<\/p><h2>Id\u0151t\u00e1ll\u00f3 digit\u00e1lis megold\u00e1sok<\/h2><p>A digit\u00e1lis \u00e1t\u00e1ll\u00e1s a nemzetk\u00f6zi k\u00f6zleked\u00e9si szektort is el\u00e9rte. Erre v\u00e1laszul \u00e9s a tov\u00e1bbi digitaliz\u00e1ci\u00f3ra val\u00f3 tekintettel a TIN sz\u00e9lesk\u00f6r\u0171 tapasztalatait felhaszn\u00e1lva maga fejlesztette ki a saj\u00e1t szoftvereit \u00e9s rendszer\u00e9t. Az innovat\u00edv CRM rendszer\u00fcnk p\u00e9ld\u00e1ul, mely a sof\u0151r\u00f6k telefonj\u00e1n tal\u00e1lhat\u00f3 alkalmaz\u00e1shoz kapcsol\u00f3dik, lehet\u0151v\u00e9 t\u00e9ve ezzel a val\u00f3s idej\u0171 inform\u00e1ci\u00f3k \u00e9s dokumentumok cser\u00e9j\u00e9t a j\u00e1rm\u0171vezet\u0151k, az adminisztr\u00e1torok \u00e9s az illet\u00e9kes hat\u00f3s\u00e1gok k\u00f6z\u00f6tt. Ez nagym\u00e9rt\u00e9kben leegyszer\u0171s\u00edti a nemzeti \u00e9s uni\u00f3s el\u0151\u00edr\u00e1soknak val\u00f3 megfelel\u00e9s logisztik\u00e1j\u00e1t. S\u0151t, platformunk modul\u00e1ris, ez\u00e9rt k\u00f6nnyen b\u0151v\u00edthet\u0151 \u00faj funkci\u00f3kkal, amint az sz\u00fcks\u00e9gess\u00e9 v\u00e1lik. A TIN seg\u00edts\u00e9g\u00e9vel \u00d6n \u201ej\u00f6v\u0151biztos\u201d.<\/p><h2>K\u00fcldet\u00e9s\u00fcnk<\/h2><p>A TIN-n\u00e9l \u00fcgyfeleink m\u0171k\u00f6d\u00e9si folytonoss\u00e1ga \u00e9s el\u00e9gedetts\u00e9ge a legfontosabb sz\u00e1munkra. Legyen sz\u00f3 \u00e9jjel-nappali seg\u00edts\u00e9gny\u00fajt\u00e1sunkr\u00f3l, fejlett technol\u00f3giai megold\u00e1sainkr\u00f3l vagy \u00e1tfog\u00f3 szolg\u00e1ltat\u00e1sainkr\u00f3l, elk\u00f6telezettek vagyunk abban, hogy a sz\u00fcks\u00e9ges t\u00e1mogat\u00e1st ny\u00fajtsuk, amikor sz\u00fcks\u00e9ge van r\u00e1.<\/p><h2>Tal\u00e1lkozzunk<\/h2><p>T\u00f6bbek vagyunk, mint egy szolg\u00e1ltat\u00f3; partnerei vagyunk minden \u00faton. L\u00e9pjen kapcsolatba vel\u00fcnk m\u00e9g ma, ha t\u00f6bbet szeretne megtudni szolg\u00e1ltat\u00e1sainkr\u00f3l, \u00e9s arr\u00f3l, hogy mik\u00e9nt tudjuk kiel\u00e9g\u00edteni az \u00d6n egyedi ig\u00e9nyeit a sikerhez vezet\u0151 \u00faton.<\/p><p>Tapasztalja meg a nyugalmat a TIN-nel a fed\u00e9lzeten. \u00d6r\u00f6mmel \u00fcdv\u00f6z\u00f6lj\u00fck \u00faj \u00fcgyfel\u00fcnkk\u00e9nt.<\/p>\t\t\t\t\t\t<\/div>\n\t\t\t\t<\/div>\n\t\t\t\t\t<\/div>\n\t\t\t\t<\/div>\n\t\t\t\t\t<\/div>\n\t\t\t\t<\/div>\n\t\t<div class=\"elementor-element elementor-element-457e77b about-us e-flex e-con-boxed e-con e-parent\" data-id=\"457e77b\" data-element_type=\"container\">\n\t\t\t\t\t<div class=\"e-con-inner\">\n\t\t<div class=\"elementor-element elementor-element-7a1ce95 about-us__container e-flex e-con-boxed e-con e-child\" data-id=\"7a1ce95\" data-element_type=\"container\">\n\t\t\t\t\t<div class=\"e-con-inner\">\n\t\t\t\t<div class=\"elementor-element elementor-element-17bd522 elementor-widget elementor-widget-text-editor\" data-id=\"17bd522\" data-element_type=\"widget\" data-widget_type=\"text-editor.default\">\n\t\t\t\t<div class=\"elementor-widget-container\">\n\t\t\t\t\t\t\t<em>Antonio Oliveira \u00e9s feles\u00e9ge, Monica Cruz Oliveira elind\u00edtja a Transport in Nood-ot egy amszterdami lak\u00e1s konyhaasztal\u00e1t\u00f3l. A n\u00e9gy nyelven besz\u00e9l\u0151 p\u00e1ros a helysz\u00edni b\u00edrs\u00e1gok gyors kifizet\u00e9s\u00e9t biztos\u00edtja az\u00e1ltal, hogy k\u00f6z\u00fati k\u00e9szp\u00e9nzsz\u00e1ll\u00edt\u00e1st szervez a meg\u00e1ll\u00edtott teheraut\u00f3-sof\u0151r\u00f6knek. Egy piaci r\u00e9s bet\u00f6lt\u0151dik, egy c\u00e9g sz\u00fcletik, \u00e9s rohamosan b\u0151v\u00fcl a h\u00e1l\u00f3zat.<\/em>\n<h3><strong>2008<\/strong>\nl\u00e9tes\u00edt\u00e9se<\/h3>\t\t\t\t\t\t<\/div>\n\t\t\t\t<\/div>\n\t\t\t\t<div class=\"elementor-element elementor-element-9c01361 elementor-widget elementor-widget-text-editor\" data-id=\"9c01361\" data-element_type=\"widget\" data-widget_type=\"text-editor.default\">\n\t\t\t\t<div class=\"elementor-widget-container\">\n\t\t\t\t\t\t\t<p><em>A TIN sikere arra k\u00e9szteti Antoniot \u00e9s Monic\u00e1t, hogy b\u00e9reljenek egy szer\u00e9ny irodahelyis\u00e9get, \u00e9s felvegy\u00e9k Michielt, els\u0151 munkat\u00e1rsukat. A bev\u00e9telek be\u00e1raml\u00e1s\u00e1val a fiatal v\u00e1llalkoz\u00f3k egyre jobban megismerik az eur\u00f3pai k\u00f6z\u00fati fuvaroz\u00e1si szektort, \u00e9s keresik a szolg\u00e1ltat\u00e1sb\u0151v\u00edt\u00e9si lehet\u0151s\u00e9geket.<\/em><\/p><h3><strong>2009<\/strong><br \/>30 \u00fcgyf\u00e9l<br \/>2 alkalmazott<br \/>500 sof\u0151r<\/h3>\t\t\t\t\t\t<\/div>\n\t\t\t\t<\/div>\n\t\t\t\t<div class=\"elementor-element elementor-element-1fdcbcc elementor-widget elementor-widget-text-editor\" data-id=\"1fdcbcc\" data-element_type=\"widget\" data-widget_type=\"text-editor.default\">\n\t\t\t\t<div class=\"elementor-widget-container\">\n\t\t\t\t\t\t\t<p><em>A TIN azonos\u00edtotta a piaci ig\u00e9nyt a sof\u0151r\u00f6k nemzetk\u00f6zi k\u00f6lts\u00e9geinek megk\u00f6nny\u00edt\u00e9s\u00e9re \u00e9s kezel\u00e9s\u00e9re, \u00e9s a VISA-val egy\u00fcttm\u0171k\u00f6dve kifejlesztette a TIN Fizet\u00e9si K\u00e1rty\u00e1t. 2012-re m\u00e1r 5000 eur\u00f3pai teheraut\u00f3sof\u0151r hordta a k\u00e1rty\u00e1t a p\u00e9nzt\u00e1rc\u00e1j\u00e1ban.<\/em><\/p><h3><strong>2012 <\/strong><br \/>450 \u00fcgyf\u00e9l<br \/>10 alkalmazott<br \/>5.000 sof\u0151r<\/h3>\t\t\t\t\t\t<\/div>\n\t\t\t\t<\/div>\n\t\t\t\t<div class=\"elementor-element elementor-element-b6ffdb1 elementor-widget elementor-widget-text-editor\" data-id=\"b6ffdb1\" data-element_type=\"widget\" data-widget_type=\"text-editor.default\">\n\t\t\t\t<div class=\"elementor-widget-container\">\n\t\t\t\t\t\t\t<p><em>A TIN folytatja folyamatos n\u00f6veked\u00e9s\u00e9t, t\u00edz f\u0151\u00e1ll\u00e1s\u00fa alkalmazottat foglalkoztat. A c\u00e9g kik\u00f6lt\u00f6zik a sz\u0171k\u00f6s b\u00e9rlem\u00e9nyb\u0151l, \u00e9s \u00faj irod\u00e1ba k\u00f6lt\u00f6zik jelenlegi hely\u00e9n, a hollandiai Amszterdamt\u00f3l d\u00e9lre fekv\u0151, Weespbe.<\/em><\/p><h3><strong>2015 <\/strong><br \/>1.000 \u00fcgyf\u00e9l<br \/>16 alkalmazott<br \/>6.000 sof\u0151r<\/h3>\t\t\t\t\t\t<\/div>\n\t\t\t\t<\/div>\n\t\t\t\t<div class=\"elementor-element elementor-element-3fde6fb elementor-widget elementor-widget-text-editor\" data-id=\"3fde6fb\" data-element_type=\"widget\" data-widget_type=\"text-editor.default\">\n\t\t\t\t<div class=\"elementor-widget-container\">\n\t\t\t\t\t\t\t<p><em>A TIN egyre t\u00f6bb k\u00fclf\u00f6ldi \u00fcgyfelet szerez. A keletebbre fekv\u0151 orsz\u00e1gokban n\u00f6veked\u0151 kereslet kiel\u00e9g\u00edt\u00e9s\u00e9re az els\u0151 le\u00e1nyv\u00e1llalatot N\u00e9metorsz\u00e1gban alap\u00edtj\u00e1k. A m\u00e1sodikat Portug\u00e1li\u00e1ban, Antonio \u00e9s Monica sz\u00fcleinek otthon\u00e1ban l\u00e9tes\u00edtik, hogy fontos h\u00eddk\u00e9nt szolg\u00e1ljanak Braz\u00edli\u00e1ba, az orsz\u00e1gba, amely megk\u00f6nny\u00edti a fizet\u00e9seket az \u00e9jszakai Eur\u00f3p\u00e1ban, amikor az eur\u00f3pai bankok bez\u00e1rnak.<\/em><\/p><h3><strong>2016 <\/strong><br \/>1.920 \u00fcgyf\u00e9l<br \/>20 alkalmazott<br \/>8.000 sof\u0151r<\/h3>\t\t\t\t\t\t<\/div>\n\t\t\t\t<\/div>\n\t\t\t\t<div class=\"elementor-element elementor-element-f79eea9 elementor-widget elementor-widget-text-editor\" data-id=\"f79eea9\" data-element_type=\"widget\" data-widget_type=\"text-editor.default\">\n\t\t\t\t<div class=\"elementor-widget-container\">\n\t\t\t\t\t\t\t<p><em>A TIN 10. \u00fczleti \u00e9vben az 1000. \u00fcgyfel\u00e9nek megszerz\u00e9s\u00e9t \u00fcnnepli. Az \u00fcgyfelek 12 k\u00fcl\u00f6nb\u00f6z\u0151 eur\u00f3pai orsz\u00e1gban vannak sz\u00e9tsz\u00f3rva, \u00e9s imm\u00e1r t\u00f6bb mint 10 000 eur\u00f3pai teheraut\u00f3-sof\u0151r r\u00e9szes\u00fcl a TIN fizet\u00e9si \u00e9s adminisztrat\u00edv logisztikai szolg\u00e1ltat\u00e1saib\u00f3l.<\/em><\/p><h3><strong>2018 <\/strong><br \/>2.190 \u00fcgyf\u00e9l<br \/>22 alkalmazott<br \/>10.000 sof\u0151r<\/h3>\t\t\t\t\t\t<\/div>\n\t\t\t\t<\/div>\n\t\t\t\t<div class=\"elementor-element elementor-element-7674e09 elementor-widget elementor-widget-text-editor\" data-id=\"7674e09\" data-element_type=\"widget\" data-widget_type=\"text-editor.default\">\n\t\t\t\t<div class=\"elementor-widget-container\">\n\t\t\t\t\t\t\t<p><em>A Kelet-Eur\u00f3p\u00e1ban n\u00f6vekv\u0151 kereslet egy harmadik magyar le\u00e1nyv\u00e1llalat l\u00e9trehoz\u00e1s\u00e1hoz vezetett. A TIN ilyenkor m\u00e1r 1500 \u00fcgyf\u00e9llel \u00e9s 20 000 sof\u0151rrel rendelkezik. A digit\u00e1lis trendeket k\u00f6vetve a TIN lehet\u0151s\u00e9get biztos\u00edt arra, hogy szolg\u00e1ltat\u00e1sainak nagy r\u00e9sz\u00e9t egyetlen mobilalkalmaz\u00e1sban egyes\u00edtse a j\u00e1rm\u0171vezet\u0151k telefonj\u00e1n. A c\u00e9g elkezdte a Legal Control App fejleszt\u00e9s\u00e9t, amely lehet\u0151v\u00e9 teszi fontos adatok \u00e9s dokumentumok egyetlen gombnyom\u00e1ssal t\u00f6rt\u00e9n\u0151 eljuttat\u00e1s\u00e1t az eur\u00f3pai \u00fatjaira.<\/em><\/p><h3><strong>2021 <\/strong><br \/>2.730 \u00fcgyf\u00e9l<br \/>26 alkalmazott<br \/>25.000 sof\u0151r<\/h3>\t\t\t\t\t\t<\/div>\n\t\t\t\t<\/div>\n\t\t\t\t<div class=\"elementor-element elementor-element-ac78596 elementor-widget elementor-widget-text-editor\" data-id=\"ac78596\" data-element_type=\"widget\" data-widget_type=\"text-editor.default\">\n\t\t\t\t<div class=\"elementor-widget-container\">\n\t\t\t\t\t\t\t<p><em>Az esem\u00e9nyek most nagyon gyorsan haladnak. A TIN CRM rendszer\u00e9ben m\u00e1r t\u00f6bb mint 50 000 sof\u0151r van, k\u00f6z\u00fcl\u00fck 10 000 kapja meg a naprak\u00e9sz inform\u00e1ci\u00f3kat \u00e9s dokumentumokat a Legal Control alkalmaz\u00e1son kereszt\u00fcl. Ezenk\u00edv\u00fcl, amikor az IMI-nyilatkozatok elk\u00e9sz\u00edt\u00e9s\u00e9r\u0151l van sz\u00f3, a TIN a piacvezet\u0151, munkat\u00e1rsaink \u00f6sszesen 15 nyelvet besz\u00e9lnek.<br \/>A TIN minden tekintetben tov\u00e1bb terjeszkedik, \u00e9s 2024-ben v\u00e1rhat\u00f3an ism\u00e9t k\u00f6lz\u00f6tik, hiszen a weespi irod\u00e1t kin\u0151tte.<\/em><\/p><h3><strong>2024 <\/strong><br \/>3.203 \u00fcgyf\u00e9l<br \/>32 alkalmazott<br \/>30.000 sof\u0151r<\/h3>\t\t\t\t\t\t<\/div>\n\t\t\t\t<\/div>\n\t\t\t\t\t<\/div>\n\t\t\t\t<\/div>\n\t\t\t\t\t<\/div>\n\t\t\t\t<\/div>\n\t\t<div class=\"elementor-element elementor-element-dc034be home-articles e-flex e-con-boxed e-con e-parent\" data-id=\"dc034be\" data-element_type=\"container\">\n\t\t\t\t\t<div class=\"e-con-inner\">\n\t\t<div class=\"elementor-element elementor-element-3a37f66 container e-flex e-con-boxed e-con e-child\" data-id=\"3a37f66\" data-element_type=\"container\">\n\t\t\t\t\t<div class=\"e-con-inner\">\n\t\t\t\t<div class=\"elementor-element elementor-element-aa53c63 elementor-widget elementor-widget-shortcode\" data-id=\"aa53c63\" data-element_type=\"widget\" data-widget_type=\"shortcode.default\">\n\t\t\t\t<div class=\"elementor-widget-container\">\n\t\t\t\t\t<div class=\"elementor-shortcode\"><h2>SZOLG\u00c1LTAT\u00c1SOK<\/h2><div class=\"hp-articles\"><div class=\"hp-article\"><a class=\"hp-article__img hp-article__lazy\" href=\"https:\/\/tin.eu\/hu\/services\/legal-control-app\/\" data-src=\"https:\/\/tin.eu\/wp-content\/uploads\/2024\/04\/legal-controll-app-1024x683.webp\"><span class=\"loader-spin\">&nbsp;<\/span><\/a><h3 class=\"hp-article__name\">Legal Control alkalmaz\u00e1s<\/h3><div class=\"hp-article__content\">N\u00e9h\u00e1ny \u00e9vvel ezel\u0151tt a TIN kidolgozta a Jogosults\u00e1gellen\u0151rz\u0151 alkalmaz\u00e1st, mint megold\u00e1st az IMI \u00e1ltal okozott rengeteg p...<\/div><div class=\"hp-article__link\"><a href=\"https:\/\/tin.eu\/hu\/services\/legal-control-app\/\">Tudj meg t\u00f6bbet<\/a><\/div><\/div><div class=\"hp-article\"><a class=\"hp-article__img hp-article__lazy\" href=\"https:\/\/tin.eu\/hu\/services\/instant-payment\/\" data-src=\"https:\/\/tin.eu\/wp-content\/uploads\/2024\/04\/iStock-1857835872_2-1024x754.webp\"><span class=\"loader-spin\">&nbsp;<\/span><\/a><h3 class=\"hp-article__name\">B\u00edrs\u00e1gok fizet\u00e9se<\/h3><div class=\"hp-article__content\">Innen sz\u00e1rmazik a szolg\u00e1ltat\u00e1s, amelynek k\u00f6sz\u00f6nhet\u0151en a TIN nagyra n\u0151tt: a nemzetk\u00f6zi b\u00edrs\u00e1gfizet\u00e9s. A helysz\u00edni b\u00edrs\u00e1gr...<\/div><div class=\"hp-article__link\"><a href=\"https:\/\/tin.eu\/hu\/services\/instant-payment\/\">Tudj meg t\u00f6bbet<\/a><\/div><\/div><div class=\"hp-article\"><a class=\"hp-article__img hp-article__lazy\" href=\"https:\/\/tin.eu\/hu\/services\/payments-card\/\" data-src=\"https:\/\/tin.eu\/wp-content\/uploads\/2024\/04\/image_2024_04_10T14_51_14_145Z-1024x632.webp\"><span class=\"loader-spin\">&nbsp;<\/span><\/a><h3 class=\"hp-article__name\">Fizet\u00f5k\u00e1rtya<\/h3><div class=\"hp-article__content\">Kezelje flott\u00e1ja \u00fat k\u00f6zben felmer\u00fcl\u0151 k\u00f6lts\u00e9geit a TIN Fizet\u0151k\u00e1rty\u00e1val. A fuvaroz\u00e1si v\u00e1lllatok egyedi ig\u00e9nyeihez tervezet...<\/div><div class=\"hp-article__link\"><a href=\"https:\/\/tin.eu\/hu\/services\/payments-card\/\">Tudj meg t\u00f6bbet<\/a><\/div><\/div><div class=\"hp-article\"><a class=\"hp-article__img hp-article__lazy\" href=\"https:\/\/tin.eu\/hu\/services\/translations-service\/\" data-src=\"https:\/\/tin.eu\/wp-content\/uploads\/2024\/04\/iStock-1456166410-1024x683.webp\"><span class=\"loader-spin\">&nbsp;<\/span><\/a><h3 class=\"hp-article__name\">Ford\u00edt\u00f3szolg\u00e1lat<\/h3><div class=\"hp-article__content\">A TIN teljes k\u00f6r\u0171 ford\u00edt\u00e1si szolg\u00e1ltat\u00e1st ny\u00fajt hat\u00e9kony kommunik\u00e1ci\u00f3hoz minden eur\u00f3pai nyelven. Jogi dokumentumok hitel...<\/div><div class=\"hp-article__link\"><a href=\"https:\/\/tin.eu\/hu\/services\/translations-service\/\">Tudj meg t\u00f6bbet<\/a><\/div><\/div><div class=\"hp-article\"><a class=\"hp-article__img hp-article__lazy\" href=\"https:\/\/tin.eu\/hu\/services\/tin-crm-system\/\" data-src=\"https:\/\/tin.eu\/wp-content\/uploads\/2024\/04\/iStock-959638326-1024x683.jpg\"><span class=\"loader-spin\">&nbsp;<\/span><\/a><h3 class=\"hp-article__name\">TIN CRM rendszer<\/h3><div class=\"hp-article__content\">A TIN szolg\u00e1ltat\u00e1sai gyors, megb\u00edzhat\u00f3 \u00e9s bistons\u00e1gosan t\u00e1rolt gyakran \u00e9rz\u00e9keny inform\u00e1ci\u00f3k \u00e9s dokumentumok kezel\u00e9s\u00e9n, \u00e9...<\/div><div class=\"hp-article__link\"><a href=\"https:\/\/tin.eu\/hu\/services\/tin-crm-system\/\">Tudj meg t\u00f6bbet<\/a><\/div><\/div><div class=\"hp-article\"><a class=\"hp-article__img hp-article__lazy\" href=\"https:\/\/tin.eu\/hu\/services\/uk-checklist\/\" data-src=\"https:\/\/tin.eu\/wp-content\/uploads\/2024\/04\/iStock-1567856598x1-copy-1024x683.jpg\"><span class=\"loader-spin\">&nbsp;<\/span><\/a><h3 class=\"hp-article__name\">Egyes\u00fclt Kir\u00e1lys\u00e1g Ellen\u0151rz\u0151li...<\/h3><div class=\"hp-article__content\">Hat\u00e1rv\u00e9delmi J\u00e1rm\u0171 Ellen\u0151rz\u0151lista a- A TIN-n\u00e9l az Egyes\u00fclt Kir\u00e1lys\u00e1g Ellen\u0151rz\u0151list\u00e1nak h\u00edvjuk. Amikor a fuvaroz\u00f3 az Egye...<\/div><div class=\"hp-article__link\"><a href=\"https:\/\/tin.eu\/hu\/services\/uk-checklist\/\">Tudj meg t\u00f6bbet<\/a><\/div><\/div><div class=\"hp-article\"><a class=\"hp-article__img hp-article__lazy\" href=\"https:\/\/tin.eu\/hu\/services\/special-permits\/\" data-src=\"https:\/\/tin.eu\/wp-content\/uploads\/2024\/04\/wiki-westersch_CommonsGNU_Free_Documentation_License-1024x768.jpg\"><span class=\"loader-spin\">&nbsp;<\/span><\/a><h3 class=\"hp-article__name\">K\u00fcl\u00f6nleges enged\u00e9lyek<\/h3><div class=\"hp-article__content\">Az Eur\u00f3pa-szerte szerzett t\u00f6bb \u00e9ves tapasztalattal rendelkez\u0151 TIN az \u00d6n legjobb partnere a k\u00fcl\u00f6nleges sz\u00e1ll\u00edt\u00e1si enged\u00e9l...<\/div><div class=\"hp-article__link\"><a href=\"https:\/\/tin.eu\/hu\/services\/special-permits\/\">Tudj meg t\u00f6bbet<\/a><\/div><\/div><div class=\"hp-article\"><a class=\"hp-article__img hp-article__lazy\" href=\"https:\/\/tin.eu\/hu\/services\/legal-service\/\" data-src=\"https:\/\/tin.eu\/wp-content\/uploads\/2024\/04\/image_2024_04_10T14_54_11_722Z-1024x683.webp\"><span class=\"loader-spin\">&nbsp;<\/span><\/a><h3 class=\"hp-article__name\">\u017dalbe<\/h3><div class=\"hp-article__content\">Proceduralne pogre\u0161ke, tehni\u010dki problemi s mjernom opremom, nedostaci prometne signalizacije, krivo tuma\u010denje pravila od...<\/div><div class=\"hp-article__link\"><a href=\"https:\/\/tin.eu\/hu\/services\/legal-service\/\">Tudj meg t\u00f6bbet<\/a><\/div><\/div><div class=\"hp-article\"><a class=\"hp-article__img hp-article__lazy\" href=\"https:\/\/tin.eu\/hu\/services\/24-7-service\/\" data-src=\"https:\/\/tin.eu\/wp-content\/uploads\/2024\/04\/iStock-1456618360_2-1024x665.webp\"><span class=\"loader-spin\">&nbsp;<\/span><\/a><h3 class=\"hp-article__name\">24 \u00f3r\u00e1s szolg\u00e1ltat\u00e1s<\/h3><div class=\"hp-article__content\">Ha az egyik teheraut\u00f3ja meghib\u00e1sodik, vagy b\u00e1rmi m\u00e1s okb\u00f3l kifoly\u00f3lag nem tudja folytatni \u00fatj\u00e1t, akkor sz\u00e1m\u00edthat r\u00e1, hog...<\/div><div class=\"hp-article__link\"><a href=\"https:\/\/tin.eu\/hu\/services\/24-7-service\/\">Tudj meg t\u00f6bbet<\/a><\/div><\/div><div class=\"hp-article\"><a class=\"hp-article__img hp-article__lazy\" href=\"https:\/\/tin.eu\/hu\/services\/imi-all-in-service\/\" data-src=\"https:\/\/tin.eu\/wp-content\/uploads\/2024\/04\/iStock-1177176016-1024x742.jpg\"><span class=\"loader-spin\">&nbsp;<\/span><\/a><h3 class=\"hp-article__name\">IMI All-In szolg\u00e1ltat\u00e1s<\/h3><div class=\"hp-article__content\">A TIN Eur\u00f3pa-szerte szoros kapcsolatot \u00e1pol a k\u00f6zleked\u00e9si \u00e1gazatra szakosodott jogi szolg\u00e1ltat\u00f3kkal \u2013 mind helyileg, min...<\/div><div class=\"hp-article__link\"><a href=\"https:\/\/tin.eu\/hu\/services\/imi-all-in-service\/\">Tudj meg t\u00f6bbet<\/a><\/div><\/div><div class=\"hp-article\"><a class=\"hp-article__img hp-article__lazy\" href=\"https:\/\/tin.eu\/hu\/services\/ddd-analysis\/\" data-src=\"https:\/\/tin.eu\/wp-content\/uploads\/2024\/04\/iStock-1237313230-1024x683.webp\"><span class=\"loader-spin\">&nbsp;<\/span><\/a><h3 class=\"hp-article__name\">DDD elemz\u00e9s<\/h3><div class=\"hp-article__content\">Az eur\u00f3pai k\u00f6z\u00fati fuvaroz\u00f3 szektor \u00e1tfog\u00f3 szolg\u00e1ltat\u00e1si csomagja nem lenne teljes a tachogr\u00e1f elemz\u00e9se n\u00e9lk\u00fcl. Ez\u00e9rt a...<\/div><div class=\"hp-article__link\"><a href=\"https:\/\/tin.eu\/hu\/services\/ddd-analysis\/\">Tudj meg t\u00f6bbet<\/a><\/div><\/div><div class=\"hp-article\"><a class=\"hp-article__img hp-article__lazy\" href=\"https:\/\/tin.eu\/hu\/services\/toll-service\/\" data-src=\"https:\/\/tin.eu\/wp-content\/uploads\/2024\/08\/iStock-1256198515-1024x682.webp\"><span class=\"loader-spin\">&nbsp;<\/span><\/a><h3 class=\"hp-article__name\">\u00datd\u00edjas szolg\u00e1ltat\u00e1s<\/h3><div class=\"hp-article__content\">Az amb\u00edci\u00f3t\u00f3l vez\u00e9relve, hogy lehet\u0151s\u00e9g szerint t\u00e1mogassukt \u00e9s el\u0151ny\u00f6kh\u00f6z juttassuk \u00fcgyfeleinket, a TIN egy\u00fcttm\u0171k\u00f6d\u00f6tt a...<\/div><div class=\"hp-article__link\"><a href=\"https:\/\/tin.eu\/hu\/services\/toll-service\/\">Tudj meg t\u00f6bbet<\/a><\/div><\/div><\/div><\/div>\n\t\t\t\t<\/div>\n\t\t\t\t<\/div>\n\t\t\t\t\t<\/div>\n\t\t\t\t<\/div>\n\t\t\t\t\t<\/div>\n\t\t\t\t<\/div>\n\t\t\t\t<\/div>\n\t\t","protected":false},"excerpt":{"rendered":"<p>TIN is uw betrouwbare partner op de weg. In 2008 door Antonio Oliveira opgericht als Transport in Nood, zijn we de eenvoudige gedachte om vrachtwagens zo snel mogelijk weer de weg op te krijgen ontgroeid, maar zeker niet vergeten. Inmiddels is TIN een veelzijdige dienstverlener. Ons toegewijde team van ongeveer 20 professionals zet zich in om ervoor te zorgen dat transporteurs zich kunnen concentreren op hun kerntaken omdat ze de administratieve logistiek aan ons overlaten.<\/p>\n","protected":false},"author":1,"featured_media":644,"parent":0,"menu_order":8,"comment_status":"closed","ping_status":"closed","template":"","meta":{"_acf_changed":false,"footnotes":""},"class_list":["post-28","page","type-page","status-publish","has-post-thumbnail","hentry"],"acf":[],"_links":{"self":[{"href":"https:\/\/tin.eu\/hu\/wp-json\/wp\/v2\/pages\/28","targetHints":{"allow":["GET"]}}],"collection":[{"href":"https:\/\/tin.eu\/hu\/wp-json\/wp\/v2\/pages"}],"about":[{"href":"https:\/\/tin.eu\/hu\/wp-json\/wp\/v2\/types\/page"}],"author":[{"embeddable":true,"href":"https:\/\/tin.eu\/hu\/wp-json\/wp\/v2\/users\/1"}],"replies":[{"embeddable":true,"href":"https:\/\/tin.eu\/hu\/wp-json\/wp\/v2\/comments?post=28"}],"version-history":[{"count":1,"href":"https:\/\/tin.eu\/hu\/wp-json\/wp\/v2\/pages\/28\/revisions"}],"predecessor-version":[{"id":29,"href":"https:\/\/tin.eu\/hu\/wp-json\/wp\/v2\/pages\/28\/revisions\/29"}],"wp:featuredmedia":[{"embeddable":true,"href":"https:\/\/tin.eu\/hu\/wp-json\/wp\/v2\/media\/644"}],"wp:attachment":[{"href":"https:\/\/tin.eu\/hu\/wp-json\/wp\/v2\/media?parent=28"}],"curies":[{"name":"wp","href":"https:\/\/api.w.org\/{rel}","templated":true}]}}