{"id":26,"date":"2024-04-09T09:55:08","date_gmt":"2024-04-09T09:55:08","guid":{"rendered":"https:\/\/tin.eu\/?page_id=26"},"modified":"2024-11-19T15:25:05","modified_gmt":"2024-11-19T14:25:05","slug":"extra-handy","status":"publish","type":"page","link":"https:\/\/tin.eu\/hu\/extra-handy\/","title":{"rendered":"Extra's"},"content":{"rendered":"\t\t<div data-elementor-type=\"wp-page\" data-elementor-id=\"26\" class=\"elementor elementor-26\" data-elementor-post-type=\"page\">\n\t\t\t\t<div class=\"elementor-element elementor-element-6a07f1c header e-flex e-con-boxed e-con e-parent\" data-id=\"6a07f1c\" data-element_type=\"container\">\n\t\t\t\t\t<div class=\"e-con-inner\">\n\t\t<div class=\"elementor-element elementor-element-d9da4c1 container e-flex e-con-boxed e-con e-child\" data-id=\"d9da4c1\" data-element_type=\"container\">\n\t\t\t\t\t<div class=\"e-con-inner\">\n\t\t\t\t<div class=\"elementor-element elementor-element-625a274 elementor-widget elementor-widget-text-editor\" data-id=\"625a274\" data-element_type=\"widget\" data-widget_type=\"text-editor.default\">\n\t\t\t\t<div class=\"elementor-widget-container\">\n\t\t\t<style>\/*! elementor - v3.21.0 - 26-05-2024 *\/\n.elementor-widget-text-editor.elementor-drop-cap-view-stacked .elementor-drop-cap{background-color:#69727d;color:#fff}.elementor-widget-text-editor.elementor-drop-cap-view-framed .elementor-drop-cap{color:#69727d;border:3px solid;background-color:transparent}.elementor-widget-text-editor:not(.elementor-drop-cap-view-default) .elementor-drop-cap{margin-top:8px}.elementor-widget-text-editor:not(.elementor-drop-cap-view-default) .elementor-drop-cap-letter{width:1em;height:1em}.elementor-widget-text-editor .elementor-drop-cap{float:left;text-align:center;line-height:1;font-size:50px}.elementor-widget-text-editor .elementor-drop-cap-letter{display:inline-block}<\/style>\t\t\t\t<h1>Extra praktikus<\/h1>\t\t\t\t\t\t<\/div>\n\t\t\t\t<\/div>\n\t\t\t\t\t<\/div>\n\t\t\t\t<\/div>\n\t\t\t\t\t<\/div>\n\t\t\t\t<\/div>\n\t\t<div class=\"elementor-element elementor-element-7d92ce3 container e-flex e-con-boxed e-con e-parent\" data-id=\"7d92ce3\" data-element_type=\"container\">\n\t\t\t\t\t<div class=\"e-con-inner\">\n\t\t<div class=\"elementor-element elementor-element-7a23d8c service__row e-flex e-con-boxed e-con e-child\" data-id=\"7a23d8c\" data-element_type=\"container\">\n\t\t\t\t\t<div class=\"e-con-inner\">\n\t\t\t\t<div class=\"elementor-element elementor-element-a4c79d9 col__service elementor-widget elementor-widget-shortcode\" data-id=\"a4c79d9\" data-element_type=\"widget\" data-widget_type=\"shortcode.default\">\n\t\t\t\t<div class=\"elementor-widget-container\">\n\t\t\t\t\t<div class=\"elementor-shortcode\"><div class=\"home__services\"><div class=\"home__services-item home__services-item-208 home__services-item_1\"><a class=\"home__services-icon\" href=\"https:\/\/tin.eu\/hu\/services\/toll-service\/\"><img decoding=\"async\" class=\"home__services-icon-1\" src=\"https:\/\/tin.eu\/wp-content\/uploads\/2024\/04\/solutions.svg\" alt=\"\u00datd\u00edjas szolg\u00e1ltat\u00e1s\" width=\"80\" height=\"80\"><img decoding=\"async\" class=\"home__services-icon-2\" src=\"https:\/\/tin.eu\/wp-content\/uploads\/2024\/04\/solutions_blue.svg\" alt=\"\u00datd\u00edjas szolg\u00e1ltat\u00e1s\" width=\"80\" height=\"80\"><\/a><div class=\"home__services-title home__services-title_wrap\">\u00datd\u00edjas szolg\u00e1ltat\u00e1s<\/div><\/div><div class=\"home__services-item home__services-item-185 home__services-item_2\"><a class=\"home__services-icon\" href=\"https:\/\/tin.eu\/hu\/services\/ddd-analysis\/\"><img decoding=\"async\" class=\"home__services-icon-1\" src=\"https:\/\/tin.eu\/wp-content\/uploads\/2024\/04\/analisys.svg\" alt=\"DDD elemz\u00e9s\" width=\"80\" height=\"80\"><img loading=\"lazy\" decoding=\"async\" class=\"home__services-icon-2\" src=\"https:\/\/tin.eu\/wp-content\/uploads\/2024\/04\/analisys_blue.svg\" alt=\"DDD elemz\u00e9s\" width=\"80\" height=\"80\"><\/a><div class=\"home__services-title\">DDD elemz\u00e9s<\/div><\/div><div class=\"home__services-item home__services-item-106 home__services-item_3\"><a class=\"home__services-icon\" href=\"https:\/\/tin.eu\/hu\/services\/translations-service\/\"><img loading=\"lazy\" decoding=\"async\" class=\"home__services-icon-1\" src=\"https:\/\/tin.eu\/wp-content\/uploads\/2024\/04\/translations.svg\" alt=\"Ford\u00edt\u00f3szolg\u00e1lat\" width=\"80\" height=\"80\"><img loading=\"lazy\" decoding=\"async\" class=\"home__services-icon-2\" src=\"https:\/\/tin.eu\/wp-content\/uploads\/2024\/04\/translations_blue.svg\" alt=\"Ford\u00edt\u00f3szolg\u00e1lat\" width=\"80\" height=\"80\"><\/a><div class=\"home__services-title home__services-title_wrap\">Ford\u00edt\u00f3szolg\u00e1lat<\/div><\/div><div class=\"home__services-item home__services-item-119 home__services-item_4\"><a class=\"home__services-icon\" href=\"https:\/\/tin.eu\/hu\/services\/special-permits\/\"><img loading=\"lazy\" decoding=\"async\" class=\"home__services-icon-1\" src=\"https:\/\/tin.eu\/wp-content\/uploads\/2024\/04\/special-permits.svg\" alt=\"K\u00fcl\u00f6nleges enged\u00e9lyek\" width=\"80\" height=\"80\"><img loading=\"lazy\" decoding=\"async\" class=\"home__services-icon-2\" src=\"https:\/\/tin.eu\/wp-content\/uploads\/2024\/04\/special-permits_blue.svg\" alt=\"K\u00fcl\u00f6nleges enged\u00e9lyek\" width=\"80\" height=\"80\"><\/a><div class=\"home__services-title home__services-title_wrap\">K\u00fcl\u00f6nleges enged\u00e9lyek<\/div><\/div><\/div><\/div>\n\t\t\t\t<\/div>\n\t\t\t\t<\/div>\n\t\t\t\t<div class=\"elementor-element elementor-element-0b7e2cf elementor-widget elementor-widget-text-editor\" data-id=\"0b7e2cf\" data-element_type=\"widget\" data-widget_type=\"text-editor.default\">\n\t\t\t\t<div class=\"elementor-widget-container\">\n\t\t\t\t\t\t\t<h2>A TIN teljes nyugalmat k\u00edn\u00e1l n\u00e9h\u00e1ny praktikus extr\u00e1val<\/h2><p>Tiszt\u00e1ban vagyunk vele, hogy az els\u0151dleges hangs\u00falyt a rakom\u00e1nyok A-b\u00f3l B-be val\u00f3 sz\u00e1ll\u00edt\u00e1s\u00e1ra kell helyezn\u00fcnk, ez\u00e9rt az els\u0151dleges szolg\u00e1ltat\u00e1sainkon k\u00edv\u00fcl sz\u00e1mos praktikus extr\u00e1t k\u00edn\u00e1lunk \u2013 az \u00d6n nyugalma \u00e9rdek\u00e9ben. K\u00fcl\u00f6nleges fuvaroz\u00e1si enged\u00e9lyeket szerz\u00fcnk be, tachogr\u00e1f-elemz\u00e9st v\u00e9gz\u00fcnk, ford\u00edt\u00f3i szolg\u00e1ltat\u00e1st ny\u00fajtunk, \u00e9s hat\u00e9kony megold\u00e1sunk van az \u00fatd\u00edjfizet\u00e9s\u00e9re.<\/p><p>Kattintson az al\u00e1bbi ikonokra, ha t\u00f6bbet szeretne megtudni arr\u00f3l, hogy szolg\u00e1ltat\u00e1saink hogyan k\u00f6nny\u00edtik meg az \u00e9let\u00e9t, \u00e9s hogyan egyszer\u0171s\u00edtik tov\u00e1bb az \u00fczleti m\u0171k\u00f6d\u00e9s\u00e9t.<\/p>\t\t\t\t\t\t<\/div>\n\t\t\t\t<\/div>\n\t\t\t\t\t<\/div>\n\t\t\t\t<\/div>\n\t\t\t\t\t<\/div>\n\t\t\t\t<\/div>\n\t\t<div class=\"elementor-element elementor-element-2fd4198 home-articles e-flex e-con-boxed e-con e-parent\" data-id=\"2fd4198\" data-element_type=\"container\">\n\t\t\t\t\t<div class=\"e-con-inner\">\n\t\t<div class=\"elementor-element elementor-element-dc9206c container e-flex e-con-boxed e-con e-child\" data-id=\"dc9206c\" data-element_type=\"container\">\n\t\t\t\t\t<div class=\"e-con-inner\">\n\t\t\t\t<div class=\"elementor-element elementor-element-42f5a01 elementor-widget elementor-widget-shortcode\" data-id=\"42f5a01\" data-element_type=\"widget\" data-widget_type=\"shortcode.default\">\n\t\t\t\t<div class=\"elementor-widget-container\">\n\t\t\t\t\t<div class=\"elementor-shortcode\"><h2>SZOLG\u00c1LTAT\u00c1SOK<\/h2><div class=\"hp-articles\"><div class=\"hp-article\"><a class=\"hp-article__img hp-article__lazy\" href=\"https:\/\/tin.eu\/hu\/services\/translations-service\/\" data-src=\"https:\/\/tin.eu\/wp-content\/uploads\/2024\/04\/iStock-1456166410-1024x683.webp\"><span class=\"loader-spin\">&nbsp;<\/span><\/a><h3 class=\"hp-article__name\">Ford\u00edt\u00f3szolg\u00e1lat<\/h3><div class=\"hp-article__content\">A TIN teljes k\u00f6r\u0171 ford\u00edt\u00e1si szolg\u00e1ltat\u00e1st ny\u00fajt hat\u00e9kony kommunik\u00e1ci\u00f3hoz minden eur\u00f3pai nyelven. Jogi dokumentumok hitel...<\/div><div class=\"hp-article__link\"><a href=\"https:\/\/tin.eu\/hu\/services\/translations-service\/\">Tudj meg t\u00f6bbet<\/a><\/div><\/div><div class=\"hp-article\"><a class=\"hp-article__img hp-article__lazy\" href=\"https:\/\/tin.eu\/hu\/services\/uk-checklist\/\" data-src=\"https:\/\/tin.eu\/wp-content\/uploads\/2024\/04\/iStock-1567856598x1-copy-1024x683.jpg\"><span class=\"loader-spin\">&nbsp;<\/span><\/a><h3 class=\"hp-article__name\">Egyes\u00fclt Kir\u00e1lys\u00e1g Ellen\u0151rz\u0151li...<\/h3><div class=\"hp-article__content\">Hat\u00e1rv\u00e9delmi J\u00e1rm\u0171 Ellen\u0151rz\u0151lista a- A TIN-n\u00e9l az Egyes\u00fclt Kir\u00e1lys\u00e1g Ellen\u0151rz\u0151list\u00e1nak h\u00edvjuk. Amikor a fuvaroz\u00f3 az Egye...<\/div><div class=\"hp-article__link\"><a href=\"https:\/\/tin.eu\/hu\/services\/uk-checklist\/\">Tudj meg t\u00f6bbet<\/a><\/div><\/div><div class=\"hp-article\"><a class=\"hp-article__img hp-article__lazy\" href=\"https:\/\/tin.eu\/hu\/services\/imi-all-in-service\/\" data-src=\"https:\/\/tin.eu\/wp-content\/uploads\/2024\/04\/iStock-1177176016-1024x742.jpg\"><span class=\"loader-spin\">&nbsp;<\/span><\/a><h3 class=\"hp-article__name\">IMI All-In szolg\u00e1ltat\u00e1s<\/h3><div class=\"hp-article__content\">A TIN Eur\u00f3pa-szerte szoros kapcsolatot \u00e1pol a k\u00f6zleked\u00e9si \u00e1gazatra szakosodott jogi szolg\u00e1ltat\u00f3kkal \u2013 mind helyileg, min...<\/div><div class=\"hp-article__link\"><a href=\"https:\/\/tin.eu\/hu\/services\/imi-all-in-service\/\">Tudj meg t\u00f6bbet<\/a><\/div><\/div><div class=\"hp-article\"><a class=\"hp-article__img hp-article__lazy\" href=\"https:\/\/tin.eu\/hu\/services\/legal-service\/\" data-src=\"https:\/\/tin.eu\/wp-content\/uploads\/2024\/04\/image_2024_04_10T14_54_11_722Z-1024x683.webp\"><span class=\"loader-spin\">&nbsp;<\/span><\/a><h3 class=\"hp-article__name\">\u017dalbe<\/h3><div class=\"hp-article__content\">Proceduralne pogre\u0161ke, tehni\u010dki problemi s mjernom opremom, nedostaci prometne signalizacije, krivo tuma\u010denje pravila od...<\/div><div class=\"hp-article__link\"><a href=\"https:\/\/tin.eu\/hu\/services\/legal-service\/\">Tudj meg t\u00f6bbet<\/a><\/div><\/div><div class=\"hp-article\"><a class=\"hp-article__img hp-article__lazy\" href=\"https:\/\/tin.eu\/hu\/services\/toll-service\/\" data-src=\"https:\/\/tin.eu\/wp-content\/uploads\/2024\/08\/iStock-1256198515-1024x682.webp\"><span class=\"loader-spin\">&nbsp;<\/span><\/a><h3 class=\"hp-article__name\">\u00datd\u00edjas szolg\u00e1ltat\u00e1s<\/h3><div class=\"hp-article__content\">Az amb\u00edci\u00f3t\u00f3l vez\u00e9relve, hogy lehet\u0151s\u00e9g szerint t\u00e1mogassukt \u00e9s el\u0151ny\u00f6kh\u00f6z juttassuk \u00fcgyfeleinket, a TIN egy\u00fcttm\u0171k\u00f6d\u00f6tt a...<\/div><div class=\"hp-article__link\"><a href=\"https:\/\/tin.eu\/hu\/services\/toll-service\/\">Tudj meg t\u00f6bbet<\/a><\/div><\/div><div class=\"hp-article\"><a class=\"hp-article__img hp-article__lazy\" href=\"https:\/\/tin.eu\/hu\/services\/ddd-analysis\/\" data-src=\"https:\/\/tin.eu\/wp-content\/uploads\/2024\/04\/iStock-1237313230-1024x683.webp\"><span class=\"loader-spin\">&nbsp;<\/span><\/a><h3 class=\"hp-article__name\">DDD elemz\u00e9s<\/h3><div class=\"hp-article__content\">Az eur\u00f3pai k\u00f6z\u00fati fuvaroz\u00f3 szektor \u00e1tfog\u00f3 szolg\u00e1ltat\u00e1si csomagja nem lenne teljes a tachogr\u00e1f elemz\u00e9se n\u00e9lk\u00fcl. Ez\u00e9rt a...<\/div><div class=\"hp-article__link\"><a href=\"https:\/\/tin.eu\/hu\/services\/ddd-analysis\/\">Tudj meg t\u00f6bbet<\/a><\/div><\/div><div class=\"hp-article\"><a class=\"hp-article__img hp-article__lazy\" href=\"https:\/\/tin.eu\/hu\/services\/tin-crm-system\/\" data-src=\"https:\/\/tin.eu\/wp-content\/uploads\/2024\/04\/iStock-959638326-1024x683.jpg\"><span class=\"loader-spin\">&nbsp;<\/span><\/a><h3 class=\"hp-article__name\">TIN CRM rendszer<\/h3><div class=\"hp-article__content\">A TIN szolg\u00e1ltat\u00e1sai gyors, megb\u00edzhat\u00f3 \u00e9s bistons\u00e1gosan t\u00e1rolt gyakran \u00e9rz\u00e9keny inform\u00e1ci\u00f3k \u00e9s dokumentumok kezel\u00e9s\u00e9n, \u00e9...<\/div><div class=\"hp-article__link\"><a href=\"https:\/\/tin.eu\/hu\/services\/tin-crm-system\/\">Tudj meg t\u00f6bbet<\/a><\/div><\/div><div class=\"hp-article\"><a class=\"hp-article__img hp-article__lazy\" href=\"https:\/\/tin.eu\/hu\/services\/special-permits\/\" data-src=\"https:\/\/tin.eu\/wp-content\/uploads\/2024\/04\/wiki-westersch_CommonsGNU_Free_Documentation_License-1024x768.jpg\"><span class=\"loader-spin\">&nbsp;<\/span><\/a><h3 class=\"hp-article__name\">K\u00fcl\u00f6nleges enged\u00e9lyek<\/h3><div class=\"hp-article__content\">Az Eur\u00f3pa-szerte szerzett t\u00f6bb \u00e9ves tapasztalattal rendelkez\u0151 TIN az \u00d6n legjobb partnere a k\u00fcl\u00f6nleges sz\u00e1ll\u00edt\u00e1si enged\u00e9l...<\/div><div class=\"hp-article__link\"><a href=\"https:\/\/tin.eu\/hu\/services\/special-permits\/\">Tudj meg t\u00f6bbet<\/a><\/div><\/div><div class=\"hp-article\"><a class=\"hp-article__img hp-article__lazy\" href=\"https:\/\/tin.eu\/hu\/services\/legal-control-app\/\" data-src=\"https:\/\/tin.eu\/wp-content\/uploads\/2024\/04\/legal-controll-app-1024x683.webp\"><span class=\"loader-spin\">&nbsp;<\/span><\/a><h3 class=\"hp-article__name\">Legal Control alkalmaz\u00e1s<\/h3><div class=\"hp-article__content\">N\u00e9h\u00e1ny \u00e9vvel ezel\u0151tt a TIN kidolgozta a Jogosults\u00e1gellen\u0151rz\u0151 alkalmaz\u00e1st, mint megold\u00e1st az IMI \u00e1ltal okozott rengeteg p...<\/div><div class=\"hp-article__link\"><a href=\"https:\/\/tin.eu\/hu\/services\/legal-control-app\/\">Tudj meg t\u00f6bbet<\/a><\/div><\/div><div class=\"hp-article\"><a class=\"hp-article__img hp-article__lazy\" href=\"https:\/\/tin.eu\/hu\/services\/24-7-service\/\" data-src=\"https:\/\/tin.eu\/wp-content\/uploads\/2024\/04\/iStock-1456618360_2-1024x665.webp\"><span class=\"loader-spin\">&nbsp;<\/span><\/a><h3 class=\"hp-article__name\">24 \u00f3r\u00e1s szolg\u00e1ltat\u00e1s<\/h3><div class=\"hp-article__content\">Ha az egyik teheraut\u00f3ja meghib\u00e1sodik, vagy b\u00e1rmi m\u00e1s okb\u00f3l kifoly\u00f3lag nem tudja folytatni \u00fatj\u00e1t, akkor sz\u00e1m\u00edthat r\u00e1, hog...<\/div><div class=\"hp-article__link\"><a href=\"https:\/\/tin.eu\/hu\/services\/24-7-service\/\">Tudj meg t\u00f6bbet<\/a><\/div><\/div><div class=\"hp-article\"><a class=\"hp-article__img hp-article__lazy\" href=\"https:\/\/tin.eu\/hu\/services\/instant-payment\/\" data-src=\"https:\/\/tin.eu\/wp-content\/uploads\/2024\/04\/iStock-1857835872_2-1024x754.webp\"><span class=\"loader-spin\">&nbsp;<\/span><\/a><h3 class=\"hp-article__name\">B\u00edrs\u00e1gok fizet\u00e9se<\/h3><div class=\"hp-article__content\">Innen sz\u00e1rmazik a szolg\u00e1ltat\u00e1s, amelynek k\u00f6sz\u00f6nhet\u0151en a TIN nagyra n\u0151tt: a nemzetk\u00f6zi b\u00edrs\u00e1gfizet\u00e9s. A helysz\u00edni b\u00edrs\u00e1gr...<\/div><div class=\"hp-article__link\"><a href=\"https:\/\/tin.eu\/hu\/services\/instant-payment\/\">Tudj meg t\u00f6bbet<\/a><\/div><\/div><div class=\"hp-article\"><a class=\"hp-article__img hp-article__lazy\" href=\"https:\/\/tin.eu\/hu\/services\/payments-card\/\" data-src=\"https:\/\/tin.eu\/wp-content\/uploads\/2024\/04\/image_2024_04_10T14_51_14_145Z-1024x632.webp\"><span class=\"loader-spin\">&nbsp;<\/span><\/a><h3 class=\"hp-article__name\">Fizet\u00f5k\u00e1rtya<\/h3><div class=\"hp-article__content\">Kezelje flott\u00e1ja \u00fat k\u00f6zben felmer\u00fcl\u0151 k\u00f6lts\u00e9geit a TIN Fizet\u0151k\u00e1rty\u00e1val. A fuvaroz\u00e1si v\u00e1lllatok egyedi ig\u00e9nyeihez tervezet...<\/div><div class=\"hp-article__link\"><a href=\"https:\/\/tin.eu\/hu\/services\/payments-card\/\">Tudj meg t\u00f6bbet<\/a><\/div><\/div><\/div><\/div>\n\t\t\t\t<\/div>\n\t\t\t\t<\/div>\n\t\t\t\t\t<\/div>\n\t\t\t\t<\/div>\n\t\t\t\t\t<\/div>\n\t\t\t\t<\/div>\n\t\t\t\t<\/div>\n\t\t","protected":false},"excerpt":{"rendered":"<p>Omdat u vooral bezig wilt zijn met uw kerntaken, biedt TIN behalve onze basisproducten een aantal handige extra\u2019s om u te ontzorgen.<\/p>\n","protected":false},"author":1,"featured_media":636,"parent":0,"menu_order":12,"comment_status":"closed","ping_status":"closed","template":"","meta":{"_acf_changed":true,"footnotes":""},"class_list":["post-26","page","type-page","status-publish","has-post-thumbnail","hentry"],"acf":[],"_links":{"self":[{"href":"https:\/\/tin.eu\/hu\/wp-json\/wp\/v2\/pages\/26","targetHints":{"allow":["GET"]}}],"collection":[{"href":"https:\/\/tin.eu\/hu\/wp-json\/wp\/v2\/pages"}],"about":[{"href":"https:\/\/tin.eu\/hu\/wp-json\/wp\/v2\/types\/page"}],"author":[{"embeddable":true,"href":"https:\/\/tin.eu\/hu\/wp-json\/wp\/v2\/users\/1"}],"replies":[{"embeddable":true,"href":"https:\/\/tin.eu\/hu\/wp-json\/wp\/v2\/comments?post=26"}],"version-history":[{"count":1,"href":"https:\/\/tin.eu\/hu\/wp-json\/wp\/v2\/pages\/26\/revisions"}],"predecessor-version":[{"id":27,"href":"https:\/\/tin.eu\/hu\/wp-json\/wp\/v2\/pages\/26\/revisions\/27"}],"wp:featuredmedia":[{"embeddable":true,"href":"https:\/\/tin.eu\/hu\/wp-json\/wp\/v2\/media\/636"}],"wp:attachment":[{"href":"https:\/\/tin.eu\/hu\/wp-json\/wp\/v2\/media?parent=26"}],"curies":[{"name":"wp","href":"https:\/\/api.w.org\/{rel}","templated":true}]}}