{"id":24,"date":"2024-04-09T09:54:50","date_gmt":"2024-04-09T09:54:50","guid":{"rendered":"https:\/\/tin.eu\/?page_id=24"},"modified":"2024-11-19T15:25:39","modified_gmt":"2024-11-19T14:25:39","slug":"fines","status":"publish","type":"page","link":"https:\/\/tin.eu\/hu\/fines\/","title":{"rendered":"Boetes"},"content":{"rendered":"\t\t<div data-elementor-type=\"wp-page\" data-elementor-id=\"24\" class=\"elementor elementor-24\" data-elementor-post-type=\"page\">\n\t\t\t\t<div class=\"elementor-element elementor-element-6e252da header e-flex e-con-boxed e-con e-parent\" data-id=\"6e252da\" data-element_type=\"container\">\n\t\t\t\t\t<div class=\"e-con-inner\">\n\t\t<div class=\"elementor-element elementor-element-d88aa14 container e-flex e-con-boxed e-con e-child\" data-id=\"d88aa14\" data-element_type=\"container\">\n\t\t\t\t\t<div class=\"e-con-inner\">\n\t\t\t\t<div class=\"elementor-element elementor-element-f384b90 elementor-widget elementor-widget-text-editor\" data-id=\"f384b90\" data-element_type=\"widget\" data-widget_type=\"text-editor.default\">\n\t\t\t\t<div class=\"elementor-widget-container\">\n\t\t\t<style>\/*! elementor - v3.21.0 - 26-05-2024 *\/\n.elementor-widget-text-editor.elementor-drop-cap-view-stacked .elementor-drop-cap{background-color:#69727d;color:#fff}.elementor-widget-text-editor.elementor-drop-cap-view-framed .elementor-drop-cap{color:#69727d;border:3px solid;background-color:transparent}.elementor-widget-text-editor:not(.elementor-drop-cap-view-default) .elementor-drop-cap{margin-top:8px}.elementor-widget-text-editor:not(.elementor-drop-cap-view-default) .elementor-drop-cap-letter{width:1em;height:1em}.elementor-widget-text-editor .elementor-drop-cap{float:left;text-align:center;line-height:1;font-size:50px}.elementor-widget-text-editor .elementor-drop-cap-letter{display:inline-block}<\/style>\t\t\t\t<h1>P\u00e9nzb\u00edrs\u00e1gok<\/h1>\t\t\t\t\t\t<\/div>\n\t\t\t\t<\/div>\n\t\t\t\t\t<\/div>\n\t\t\t\t<\/div>\n\t\t\t\t\t<\/div>\n\t\t\t\t<\/div>\n\t\t<div class=\"elementor-element elementor-element-563530f container e-flex e-con-boxed e-con e-parent\" data-id=\"563530f\" data-element_type=\"container\">\n\t\t\t\t\t<div class=\"e-con-inner\">\n\t\t<div class=\"elementor-element elementor-element-ec20deb service__row e-flex e-con-boxed e-con e-child\" data-id=\"ec20deb\" data-element_type=\"container\">\n\t\t\t\t\t<div class=\"e-con-inner\">\n\t\t\t\t<div class=\"elementor-element elementor-element-c379351 col__service elementor-widget elementor-widget-shortcode\" data-id=\"c379351\" data-element_type=\"widget\" data-widget_type=\"shortcode.default\">\n\t\t\t\t<div class=\"elementor-widget-container\">\n\t\t\t\t\t<div class=\"elementor-shortcode\"><div class=\"home__services\"><div class=\"home__services-item home__services-item-114 home__services-item_1\"><a class=\"home__services-icon\" href=\"https:\/\/tin.eu\/hu\/services\/instant-payment\/\"><img decoding=\"async\" class=\"home__services-icon-1\" src=\"https:\/\/tin.eu\/wp-content\/uploads\/2024\/04\/penalty.svg\" alt=\"B\u00edrs\u00e1gok fizet\u00e9se\" width=\"80\" height=\"80\"><img decoding=\"async\" class=\"home__services-icon-2\" src=\"https:\/\/tin.eu\/wp-content\/uploads\/2024\/04\/penalty_blue.svg\" alt=\"B\u00edrs\u00e1gok fizet\u00e9se\" width=\"80\" height=\"80\"><\/a><div class=\"home__services-title\">B\u00edrs\u00e1gok fizet\u00e9se<\/div><\/div><div class=\"home__services-item home__services-item-112 home__services-item_2\"><a class=\"home__services-icon\" href=\"https:\/\/tin.eu\/hu\/services\/24-7-service\/\"><img decoding=\"async\" class=\"home__services-icon-1\" src=\"https:\/\/tin.eu\/wp-content\/uploads\/2024\/04\/27-7.svg\" alt=\"24 \u00f3r\u00e1s szolg\u00e1ltat\u00e1s\" width=\"80\" height=\"80\"><img loading=\"lazy\" decoding=\"async\" class=\"home__services-icon-2\" src=\"https:\/\/tin.eu\/wp-content\/uploads\/2024\/04\/27-7_blue.svg\" alt=\"24 \u00f3r\u00e1s szolg\u00e1ltat\u00e1s\" width=\"80\" height=\"80\"><\/a><div class=\"home__services-title home__services-title_wrap\">24 \u00f3r\u00e1s szolg\u00e1ltat\u00e1s<\/div><\/div><div class=\"home__services-item home__services-item-110 home__services-item_3\"><a class=\"home__services-icon\" href=\"https:\/\/tin.eu\/hu\/services\/legal-service\/\"><img loading=\"lazy\" decoding=\"async\" class=\"home__services-icon-1\" src=\"https:\/\/tin.eu\/wp-content\/uploads\/2024\/04\/legal-service.svg\" alt=\"\u017dalbe\" width=\"80\" height=\"80\"><img loading=\"lazy\" decoding=\"async\" class=\"home__services-icon-2\" src=\"https:\/\/tin.eu\/wp-content\/uploads\/2024\/04\/legal-service_blue.svg\" alt=\"\u017dalbe\" width=\"80\" height=\"80\"><\/a><div class=\"home__services-title\">\u017dalbe<\/div><\/div><div class=\"home__services-item home__services-item-108 home__services-item_4\"><a class=\"home__services-icon\" href=\"https:\/\/tin.eu\/hu\/services\/payments-card\/\"><img loading=\"lazy\" decoding=\"async\" class=\"home__services-icon-1\" src=\"https:\/\/tin.eu\/wp-content\/uploads\/2024\/04\/payment-card.svg\" alt=\"Fizet\u00f5k\u00e1rtya\" width=\"80\" height=\"80\"><img loading=\"lazy\" decoding=\"async\" class=\"home__services-icon-2\" src=\"https:\/\/tin.eu\/wp-content\/uploads\/2024\/04\/payment-card_blue.svg\" alt=\"Fizet\u00f5k\u00e1rtya\" width=\"80\" height=\"80\"><\/a><div class=\"home__services-title home__services-title_wrap\">Fizet\u00f5k\u00e1rtya<\/div><\/div><\/div><\/div>\n\t\t\t\t<\/div>\n\t\t\t\t<\/div>\n\t\t\t\t<div class=\"elementor-element elementor-element-141ea1d elementor-widget elementor-widget-text-editor\" data-id=\"141ea1d\" data-element_type=\"widget\" data-widget_type=\"text-editor.default\">\n\t\t\t\t<div class=\"elementor-widget-container\">\n\t\t\t\t\t\t\t<h2>(B\u00edrs\u00e1g)fizet\u00e9sek \u00e9s jogi seg\u00edts\u00e9gny\u00fajt\u00e1s Eur\u00f3pa-szerte \u2013 24\/7<\/h2><p>A TIN-nel 16 \u00e9v tapasztalat\u00e1t\u00f3l profit\u00e1lhat az k\u00fclf\u00f6ldi gyors fizet\u00e9sek tekintet\u00e9ben. Ennek \u00e9rdek\u00e9ben k\u00fcl\u00f6nf\u00e9le rendszereket \u00e9s szolg\u00e1ltat\u00e1sokat fejlesztett\u00fcnk ki, amelyek m\u00e1r bebizony\u00edtott\u00e1k hat\u00e9konys\u00e1gukat a mindennapi gyakorlatban. Fejl\u0151d\u00e9s\u00fcnk folyamatos &#8211; v\u00e1laszul a v\u00e1ltoz\u00f3 jogszab\u00e1lyokra, \u00e9s egyszer\u0171en az\u00e9rt, mert a technol\u00f3giai fejl\u0151d\u00e9s lehet\u0151v\u00e9 teszi az innov\u00e1ci\u00f3t.<\/p><p>A TIN professzion\u00e1lis jogi seg\u00edts\u00e9get is k\u00edn\u00e1l Eur\u00f3pa-szerte. Ez biztos\u00edtja, hogy soha ne fizessen igazs\u00e1gtalan b\u00edrs\u00e1got, \u00e9s mindig betarthassa a vonatkoz\u00f3 t\u00f6rv\u00e9nyeket \u00e9s rendelkez\u00e9seket.<\/p><p>Kattintson az ikonokra, ha t\u00f6bbet szeretne megtudni arr\u00f3l, hogyan m\u0171k\u00f6dnek egy\u00fctt szolg\u00e1ltat\u00e1saink \u00e9s rendszereink.<\/p>\t\t\t\t\t\t<\/div>\n\t\t\t\t<\/div>\n\t\t\t\t\t<\/div>\n\t\t\t\t<\/div>\n\t\t\t\t\t<\/div>\n\t\t\t\t<\/div>\n\t\t<div class=\"elementor-element elementor-element-76f934b home-articles e-flex e-con-boxed e-con e-parent\" data-id=\"76f934b\" data-element_type=\"container\">\n\t\t\t\t\t<div class=\"e-con-inner\">\n\t\t<div class=\"elementor-element elementor-element-12e29e1 container e-flex e-con-boxed e-con e-child\" data-id=\"12e29e1\" data-element_type=\"container\">\n\t\t\t\t\t<div class=\"e-con-inner\">\n\t\t\t\t<div class=\"elementor-element elementor-element-7b731aa elementor-widget elementor-widget-shortcode\" data-id=\"7b731aa\" data-element_type=\"widget\" data-widget_type=\"shortcode.default\">\n\t\t\t\t<div class=\"elementor-widget-container\">\n\t\t\t\t\t<div class=\"elementor-shortcode\"><h2>SZOLG\u00c1LTAT\u00c1SOK<\/h2><div class=\"hp-articles\"><div class=\"hp-article\"><a class=\"hp-article__img hp-article__lazy\" href=\"https:\/\/tin.eu\/hu\/services\/ddd-analysis\/\" data-src=\"https:\/\/tin.eu\/wp-content\/uploads\/2024\/04\/iStock-1237313230-1024x683.webp\"><span class=\"loader-spin\">&nbsp;<\/span><\/a><h3 class=\"hp-article__name\">DDD elemz\u00e9s<\/h3><div class=\"hp-article__content\">Az eur\u00f3pai k\u00f6z\u00fati fuvaroz\u00f3 szektor \u00e1tfog\u00f3 szolg\u00e1ltat\u00e1si csomagja nem lenne teljes a tachogr\u00e1f elemz\u00e9se n\u00e9lk\u00fcl. Ez\u00e9rt a...<\/div><div class=\"hp-article__link\"><a href=\"https:\/\/tin.eu\/hu\/services\/ddd-analysis\/\">Tudj meg t\u00f6bbet<\/a><\/div><\/div><div class=\"hp-article\"><a class=\"hp-article__img hp-article__lazy\" href=\"https:\/\/tin.eu\/hu\/services\/tin-crm-system\/\" data-src=\"https:\/\/tin.eu\/wp-content\/uploads\/2024\/04\/iStock-959638326-1024x683.jpg\"><span class=\"loader-spin\">&nbsp;<\/span><\/a><h3 class=\"hp-article__name\">TIN CRM rendszer<\/h3><div class=\"hp-article__content\">A TIN szolg\u00e1ltat\u00e1sai gyors, megb\u00edzhat\u00f3 \u00e9s bistons\u00e1gosan t\u00e1rolt gyakran \u00e9rz\u00e9keny inform\u00e1ci\u00f3k \u00e9s dokumentumok kezel\u00e9s\u00e9n, \u00e9...<\/div><div class=\"hp-article__link\"><a href=\"https:\/\/tin.eu\/hu\/services\/tin-crm-system\/\">Tudj meg t\u00f6bbet<\/a><\/div><\/div><div class=\"hp-article\"><a class=\"hp-article__img hp-article__lazy\" href=\"https:\/\/tin.eu\/hu\/services\/translations-service\/\" data-src=\"https:\/\/tin.eu\/wp-content\/uploads\/2024\/04\/iStock-1456166410-1024x683.webp\"><span class=\"loader-spin\">&nbsp;<\/span><\/a><h3 class=\"hp-article__name\">Ford\u00edt\u00f3szolg\u00e1lat<\/h3><div class=\"hp-article__content\">A TIN teljes k\u00f6r\u0171 ford\u00edt\u00e1si szolg\u00e1ltat\u00e1st ny\u00fajt hat\u00e9kony kommunik\u00e1ci\u00f3hoz minden eur\u00f3pai nyelven. Jogi dokumentumok hitel...<\/div><div class=\"hp-article__link\"><a href=\"https:\/\/tin.eu\/hu\/services\/translations-service\/\">Tudj meg t\u00f6bbet<\/a><\/div><\/div><div class=\"hp-article\"><a class=\"hp-article__img hp-article__lazy\" href=\"https:\/\/tin.eu\/hu\/services\/special-permits\/\" data-src=\"https:\/\/tin.eu\/wp-content\/uploads\/2024\/04\/wiki-westersch_CommonsGNU_Free_Documentation_License-1024x768.jpg\"><span class=\"loader-spin\">&nbsp;<\/span><\/a><h3 class=\"hp-article__name\">K\u00fcl\u00f6nleges enged\u00e9lyek<\/h3><div class=\"hp-article__content\">Az Eur\u00f3pa-szerte szerzett t\u00f6bb \u00e9ves tapasztalattal rendelkez\u0151 TIN az \u00d6n legjobb partnere a k\u00fcl\u00f6nleges sz\u00e1ll\u00edt\u00e1si enged\u00e9l...<\/div><div class=\"hp-article__link\"><a href=\"https:\/\/tin.eu\/hu\/services\/special-permits\/\">Tudj meg t\u00f6bbet<\/a><\/div><\/div><div class=\"hp-article\"><a class=\"hp-article__img hp-article__lazy\" href=\"https:\/\/tin.eu\/hu\/services\/payments-card\/\" data-src=\"https:\/\/tin.eu\/wp-content\/uploads\/2024\/04\/image_2024_04_10T14_51_14_145Z-1024x632.webp\"><span class=\"loader-spin\">&nbsp;<\/span><\/a><h3 class=\"hp-article__name\">Fizet\u00f5k\u00e1rtya<\/h3><div class=\"hp-article__content\">Kezelje flott\u00e1ja \u00fat k\u00f6zben felmer\u00fcl\u0151 k\u00f6lts\u00e9geit a TIN Fizet\u0151k\u00e1rty\u00e1val. A fuvaroz\u00e1si v\u00e1lllatok egyedi ig\u00e9nyeihez tervezet...<\/div><div class=\"hp-article__link\"><a href=\"https:\/\/tin.eu\/hu\/services\/payments-card\/\">Tudj meg t\u00f6bbet<\/a><\/div><\/div><div class=\"hp-article\"><a class=\"hp-article__img hp-article__lazy\" href=\"https:\/\/tin.eu\/hu\/services\/24-7-service\/\" data-src=\"https:\/\/tin.eu\/wp-content\/uploads\/2024\/04\/iStock-1456618360_2-1024x665.webp\"><span class=\"loader-spin\">&nbsp;<\/span><\/a><h3 class=\"hp-article__name\">24 \u00f3r\u00e1s szolg\u00e1ltat\u00e1s<\/h3><div class=\"hp-article__content\">Ha az egyik teheraut\u00f3ja meghib\u00e1sodik, vagy b\u00e1rmi m\u00e1s okb\u00f3l kifoly\u00f3lag nem tudja folytatni \u00fatj\u00e1t, akkor sz\u00e1m\u00edthat r\u00e1, hog...<\/div><div class=\"hp-article__link\"><a href=\"https:\/\/tin.eu\/hu\/services\/24-7-service\/\">Tudj meg t\u00f6bbet<\/a><\/div><\/div><div class=\"hp-article\"><a class=\"hp-article__img hp-article__lazy\" href=\"https:\/\/tin.eu\/hu\/services\/toll-service\/\" data-src=\"https:\/\/tin.eu\/wp-content\/uploads\/2024\/08\/iStock-1256198515-1024x682.webp\"><span class=\"loader-spin\">&nbsp;<\/span><\/a><h3 class=\"hp-article__name\">\u00datd\u00edjas szolg\u00e1ltat\u00e1s<\/h3><div class=\"hp-article__content\">Az amb\u00edci\u00f3t\u00f3l vez\u00e9relve, hogy lehet\u0151s\u00e9g szerint t\u00e1mogassukt \u00e9s el\u0151ny\u00f6kh\u00f6z juttassuk \u00fcgyfeleinket, a TIN egy\u00fcttm\u0171k\u00f6d\u00f6tt a...<\/div><div class=\"hp-article__link\"><a href=\"https:\/\/tin.eu\/hu\/services\/toll-service\/\">Tudj meg t\u00f6bbet<\/a><\/div><\/div><div class=\"hp-article\"><a class=\"hp-article__img hp-article__lazy\" href=\"https:\/\/tin.eu\/hu\/services\/legal-service\/\" data-src=\"https:\/\/tin.eu\/wp-content\/uploads\/2024\/04\/image_2024_04_10T14_54_11_722Z-1024x683.webp\"><span class=\"loader-spin\">&nbsp;<\/span><\/a><h3 class=\"hp-article__name\">\u017dalbe<\/h3><div class=\"hp-article__content\">Proceduralne pogre\u0161ke, tehni\u010dki problemi s mjernom opremom, nedostaci prometne signalizacije, krivo tuma\u010denje pravila od...<\/div><div class=\"hp-article__link\"><a href=\"https:\/\/tin.eu\/hu\/services\/legal-service\/\">Tudj meg t\u00f6bbet<\/a><\/div><\/div><div class=\"hp-article\"><a class=\"hp-article__img hp-article__lazy\" href=\"https:\/\/tin.eu\/hu\/services\/uk-checklist\/\" data-src=\"https:\/\/tin.eu\/wp-content\/uploads\/2024\/04\/iStock-1567856598x1-copy-1024x683.jpg\"><span class=\"loader-spin\">&nbsp;<\/span><\/a><h3 class=\"hp-article__name\">Egyes\u00fclt Kir\u00e1lys\u00e1g Ellen\u0151rz\u0151li...<\/h3><div class=\"hp-article__content\">Hat\u00e1rv\u00e9delmi J\u00e1rm\u0171 Ellen\u0151rz\u0151lista a- A TIN-n\u00e9l az Egyes\u00fclt Kir\u00e1lys\u00e1g Ellen\u0151rz\u0151list\u00e1nak h\u00edvjuk. Amikor a fuvaroz\u00f3 az Egye...<\/div><div class=\"hp-article__link\"><a href=\"https:\/\/tin.eu\/hu\/services\/uk-checklist\/\">Tudj meg t\u00f6bbet<\/a><\/div><\/div><div class=\"hp-article\"><a class=\"hp-article__img hp-article__lazy\" href=\"https:\/\/tin.eu\/hu\/services\/imi-all-in-service\/\" data-src=\"https:\/\/tin.eu\/wp-content\/uploads\/2024\/04\/iStock-1177176016-1024x742.jpg\"><span class=\"loader-spin\">&nbsp;<\/span><\/a><h3 class=\"hp-article__name\">IMI All-In szolg\u00e1ltat\u00e1s<\/h3><div class=\"hp-article__content\">A TIN Eur\u00f3pa-szerte szoros kapcsolatot \u00e1pol a k\u00f6zleked\u00e9si \u00e1gazatra szakosodott jogi szolg\u00e1ltat\u00f3kkal \u2013 mind helyileg, min...<\/div><div class=\"hp-article__link\"><a href=\"https:\/\/tin.eu\/hu\/services\/imi-all-in-service\/\">Tudj meg t\u00f6bbet<\/a><\/div><\/div><div class=\"hp-article\"><a class=\"hp-article__img hp-article__lazy\" href=\"https:\/\/tin.eu\/hu\/services\/instant-payment\/\" data-src=\"https:\/\/tin.eu\/wp-content\/uploads\/2024\/04\/iStock-1857835872_2-1024x754.webp\"><span class=\"loader-spin\">&nbsp;<\/span><\/a><h3 class=\"hp-article__name\">B\u00edrs\u00e1gok fizet\u00e9se<\/h3><div class=\"hp-article__content\">Innen sz\u00e1rmazik a szolg\u00e1ltat\u00e1s, amelynek k\u00f6sz\u00f6nhet\u0151en a TIN nagyra n\u0151tt: a nemzetk\u00f6zi b\u00edrs\u00e1gfizet\u00e9s. A helysz\u00edni b\u00edrs\u00e1gr...<\/div><div class=\"hp-article__link\"><a href=\"https:\/\/tin.eu\/hu\/services\/instant-payment\/\">Tudj meg t\u00f6bbet<\/a><\/div><\/div><div class=\"hp-article\"><a class=\"hp-article__img hp-article__lazy\" href=\"https:\/\/tin.eu\/hu\/services\/legal-control-app\/\" data-src=\"https:\/\/tin.eu\/wp-content\/uploads\/2024\/04\/legal-controll-app-1024x683.webp\"><span class=\"loader-spin\">&nbsp;<\/span><\/a><h3 class=\"hp-article__name\">Legal Control alkalmaz\u00e1s<\/h3><div class=\"hp-article__content\">N\u00e9h\u00e1ny \u00e9vvel ezel\u0151tt a TIN kidolgozta a Jogosults\u00e1gellen\u0151rz\u0151 alkalmaz\u00e1st, mint megold\u00e1st az IMI \u00e1ltal okozott rengeteg p...<\/div><div class=\"hp-article__link\"><a href=\"https:\/\/tin.eu\/hu\/services\/legal-control-app\/\">Tudj meg t\u00f6bbet<\/a><\/div><\/div><\/div><\/div>\n\t\t\t\t<\/div>\n\t\t\t\t<\/div>\n\t\t\t\t\t<\/div>\n\t\t\t\t<\/div>\n\t\t\t\t\t<\/div>\n\t\t\t\t<\/div>\n\t\t\t\t<\/div>\n\t\t","protected":false},"excerpt":{"rendered":"<p>Bij TIN lift u mee op 15 jaar ervaring met de verzorging van snelle betalingen in het buitenland. Inmiddels hebben we hiervoor verschillende systemen en diensten ontwikkeld die zich hebben bewezen in de praktijk van alledag. En hun ontwikkeling gaat voortdurend door \u2013 als antwoord op veranderende wetgeving, en simpelweg omdat technologische vooruitgang innovatie mogelijk maakt.<\/p>\n","protected":false},"author":1,"featured_media":626,"parent":0,"menu_order":13,"comment_status":"closed","ping_status":"closed","template":"","meta":{"_acf_changed":true,"footnotes":""},"class_list":["post-24","page","type-page","status-publish","has-post-thumbnail","hentry"],"acf":[],"_links":{"self":[{"href":"https:\/\/tin.eu\/hu\/wp-json\/wp\/v2\/pages\/24","targetHints":{"allow":["GET"]}}],"collection":[{"href":"https:\/\/tin.eu\/hu\/wp-json\/wp\/v2\/pages"}],"about":[{"href":"https:\/\/tin.eu\/hu\/wp-json\/wp\/v2\/types\/page"}],"author":[{"embeddable":true,"href":"https:\/\/tin.eu\/hu\/wp-json\/wp\/v2\/users\/1"}],"replies":[{"embeddable":true,"href":"https:\/\/tin.eu\/hu\/wp-json\/wp\/v2\/comments?post=24"}],"version-history":[{"count":1,"href":"https:\/\/tin.eu\/hu\/wp-json\/wp\/v2\/pages\/24\/revisions"}],"predecessor-version":[{"id":25,"href":"https:\/\/tin.eu\/hu\/wp-json\/wp\/v2\/pages\/24\/revisions\/25"}],"wp:featuredmedia":[{"embeddable":true,"href":"https:\/\/tin.eu\/hu\/wp-json\/wp\/v2\/media\/626"}],"wp:attachment":[{"href":"https:\/\/tin.eu\/hu\/wp-json\/wp\/v2\/media?parent=24"}],"curies":[{"name":"wp","href":"https:\/\/api.w.org\/{rel}","templated":true}]}}