{"id":171,"date":"2024-04-11T11:12:19","date_gmt":"2024-04-11T11:12:19","guid":{"rendered":"https:\/\/tin.eu\/?page_id=171"},"modified":"2024-11-19T15:24:22","modified_gmt":"2024-11-19T14:24:22","slug":"disclaimer","status":"publish","type":"page","link":"https:\/\/tin.eu\/hu\/disclaimer\/","title":{"rendered":"Vrijwaring"},"content":{"rendered":"\t\t<div data-elementor-type=\"wp-page\" data-elementor-id=\"171\" class=\"elementor elementor-171\" data-elementor-post-type=\"page\">\n\t\t\t\t<div class=\"elementor-element elementor-element-d409e6c header e-flex e-con-boxed e-con e-parent\" data-id=\"d409e6c\" data-element_type=\"container\">\n\t\t\t\t\t<div class=\"e-con-inner\">\n\t\t<div class=\"elementor-element elementor-element-3d7fdc8 container e-flex e-con-boxed e-con e-child\" data-id=\"3d7fdc8\" data-element_type=\"container\">\n\t\t\t\t\t<div class=\"e-con-inner\">\n\t\t\t\t<div class=\"elementor-element elementor-element-023660f elementor-widget elementor-widget-heading\" data-id=\"023660f\" data-element_type=\"widget\" data-widget_type=\"heading.default\">\n\t\t\t\t<div class=\"elementor-widget-container\">\n\t\t\t<style>\/*! elementor - v3.21.0 - 26-05-2024 *\/\n.elementor-heading-title{padding:0;margin:0;line-height:1}.elementor-widget-heading .elementor-heading-title[class*=elementor-size-]>a{color:inherit;font-size:inherit;line-height:inherit}.elementor-widget-heading .elementor-heading-title.elementor-size-small{font-size:15px}.elementor-widget-heading .elementor-heading-title.elementor-size-medium{font-size:19px}.elementor-widget-heading .elementor-heading-title.elementor-size-large{font-size:29px}.elementor-widget-heading .elementor-heading-title.elementor-size-xl{font-size:39px}.elementor-widget-heading .elementor-heading-title.elementor-size-xxl{font-size:59px}<\/style><h1 class=\"elementor-heading-title elementor-size-default\">Jogi nyilatkozat <\/h1>\t\t<\/div>\n\t\t\t\t<\/div>\n\t\t\t\t\t<\/div>\n\t\t\t\t<\/div>\n\t\t\t\t\t<\/div>\n\t\t\t\t<\/div>\n\t\t<div class=\"elementor-element elementor-element-15e6bb0 e-flex e-con-boxed e-con e-parent\" data-id=\"15e6bb0\" data-element_type=\"container\">\n\t\t\t\t\t<div class=\"e-con-inner\">\n\t\t<div class=\"elementor-element elementor-element-c58ad4f container e-flex e-con-boxed e-con e-child\" data-id=\"c58ad4f\" data-element_type=\"container\">\n\t\t\t\t\t<div class=\"e-con-inner\">\n\t\t\t\t<div class=\"elementor-element elementor-element-99c66b4 elementor-widget elementor-widget-shortcode\" data-id=\"99c66b4\" data-element_type=\"widget\" data-widget_type=\"shortcode.default\">\n\t\t\t\t<div class=\"elementor-widget-container\">\n\t\t\t\t\t<div class=\"elementor-shortcode\">\n  <script type=\"text\/javascript\" id=\"google-translate-script\">\n  function googleTranslateElementInit() {\n      \/\/ pages for lawyers are translated into only 4 languages\n      let translated = ['nl','en','de','pt','hu','sl'];\n      let lang_code;\n\n\t\t\tif ( translated.includes(document.querySelector(\".site-language-slug\").innerHTML) ) {\n        lang_code = document.querySelector(\".site-language-slug\").innerHTML;\n      }\n      else {\n        lang_code = 'nl';\n      }\n\n      new google.translate.TranslateElement(\n          {pageLanguage: lang_code},\n          'google_translate_element'\n      );\n  }\n  <\/script>\n  <script type=\"text\/javascript\" id=\"google-translate-code\" src=\"https:\/\/translate.google.com\/translate_a\/element.js?cb=googleTranslateElementInit#googtrans(fr)\"><\/script>\n  <div id=\"google_translate_element\"><\/div>\n  <\/div>\n\t\t\t\t<\/div>\n\t\t\t\t<\/div>\n\t\t\t\t<div class=\"elementor-element elementor-element-c7c94b6 elementor-widget elementor-widget-text-editor\" data-id=\"c7c94b6\" data-element_type=\"widget\" data-widget_type=\"text-editor.default\">\n\t\t\t\t<div class=\"elementor-widget-container\">\n\t\t\t<style>\/*! elementor - v3.21.0 - 26-05-2024 *\/\n.elementor-widget-text-editor.elementor-drop-cap-view-stacked .elementor-drop-cap{background-color:#69727d;color:#fff}.elementor-widget-text-editor.elementor-drop-cap-view-framed .elementor-drop-cap{color:#69727d;border:3px solid;background-color:transparent}.elementor-widget-text-editor:not(.elementor-drop-cap-view-default) .elementor-drop-cap{margin-top:8px}.elementor-widget-text-editor:not(.elementor-drop-cap-view-default) .elementor-drop-cap-letter{width:1em;height:1em}.elementor-widget-text-editor .elementor-drop-cap{float:left;text-align:center;line-height:1;font-size:50px}.elementor-widget-text-editor .elementor-drop-cap-letter{display:inline-block}<\/style>\t\t\t\t<h3>WWW.TIN.EU<\/h3><p>A weboldal (www.tin.eu) haszn\u00e1lat\u00e1ra az al\u00e1bbi haszn\u00e1lati felt\u00e9telek vonatkoznak. A weboldal haszn\u00e1lat\u00e1val \u00fagy tekintj\u00fck, hogy elolvasta \u00e9s elfogadta a haszn\u00e1lati felt\u00e9teleket.<\/p><h3>AZ INFORMACI\u00d3 FELHASZN\u00c1L\u00c1SA<\/h3><p>A TIN Support Kft arra t\u00f6rekszik, hogy ezen a weboldalon (www.tin.eu\/hu) mindig a megfelel\u0151 \u00e9s aktu\u00e1lis inform\u00e1ci\u00f3kat k\u00edn\u00e1lja. Ezeket az inform\u00e1ci\u00f3kat a lehet\u0151 legnagyobb gondoss\u00e1ggal \u00e1ll\u00edtottuk \u00f6ssze. A TIN Support Kft azonban nem garant\u00e1lja az inform\u00e1ci\u00f3k teljess\u00e9g\u00e9t, helyess\u00e9g\u00e9t vagy aktualit\u00e1s\u00e1t.<\/p><p>A weboldalon tal\u00e1lhat\u00f3 jogi inform\u00e1ci\u00f3k \u00e1ltal\u00e1nos jelleg\u0171ek. Nem tekinthet\u0151 a jogi tan\u00e1csad\u00e1s helyettes\u00edt\u0151j\u00e9nek.<\/p><p>Az inform\u00e1ci\u00f3b\u00f3l semmilyen jog nem sz\u00e1rmaztathat\u00f3. A TIN Support Kft nem v\u00e1llal felel\u0151ss\u00e9get a weboldalon tal\u00e1lhat\u00f3 inform\u00e1ci\u00f3k felhaszn\u00e1l\u00e1s\u00e1b\u00f3l ered\u0151 k\u00e1rok\u00e9rt. A weboldal hib\u00e1s m\u0171k\u00f6d\u00e9se miatt sem.<\/p><p>Az inform\u00e1ci\u00f3k weboldalon vagy e-mailben t\u00f6rt\u00e9n\u0151 k\u00fcld\u00e9se \u00e9s fogad\u00e1sa nem hoz l\u00e9tre automatikusan kapcsolatot a TIN Support Kft \u00e9s a webhely felhaszn\u00e1l\u00f3ja k\u00f6z\u00f6tt.<\/p><h3>E-MAIL<\/h3><p>A TIN Support Kft nem garant\u00e1lja, hogy a neki k\u00fcld\u00f6tt e-maileket (id\u0151ben) megkapj\u00e1k vagy feldolgozz\u00e1k. Az e-mailek id\u0151ben t\u00f6rt\u00e9n\u0151 be\u00e9rkez\u00e9se nem garant\u00e1lhat\u00f3.<\/p><p>Az e-mail forgalom biztons\u00e1ga sem garant\u00e1lhat\u00f3 teljes m\u00e9rt\u00e9kben az ezzel j\u00e1r\u00f3 biztons\u00e1gi kock\u00e1zatok miatt. Azzal, hogy titkos\u00edt\u00e1s \u00e9s jelszavas v\u00e9delem n\u00e9lk\u00fcl e-mailben levelez a TIN Support Kft-vel, v\u00e1llalja ezt a kock\u00e1zatot.<\/p><h3>HIPERLINKEK<\/h3><p>Ez a webhely hiperhivatkoz\u00e1sokat tartalmazhat harmadik felek webhelyeire. A TIN Support nincs befoly\u00e1ssal harmadik felek webhelyeire \u00e9s nem v\u00e1llal felel\u0151ss\u00e9get a harmadik felek webhelyeinek haszn\u00e1lat\u00e1b\u00f3l ered\u0151 k\u00e1rok\u00e9rt.<\/p><h3>SZELLEMI TULAJDONJOGOK<\/h3><p>A TIN Support minden kiadv\u00e1nya \u00e9s kifejez\u00e9se szerz\u0151i jog \u00e9s egy\u00e9b szellemi tulajdonjogok v\u00e9delem alatt \u00e1ll.<\/p><p>A szem\u00e9lyes \u00e9s nem kereskedelmi c\u00e9l\u00fa felhaszn\u00e1l\u00e1s kiv\u00e9tel\u00e9vel ezekb\u0151l a kiadv\u00e1nyokb\u00f3l \u00e9s kifejez\u00e9sekb\u0151l semmi sem reproduk\u00e1lhat\u00f3, m\u00e1solhat\u00f3 vagy b\u00e1rmilyen m\u00f3don nyilv\u00e1noss\u00e1gra hozhat\u00f3 a TIN Support el\u0151zetes \u00edr\u00e1sbeli enged\u00e9lye n\u00e9lk\u00fcl.<\/p>\t\t\t\t\t\t<\/div>\n\t\t\t\t<\/div>\n\t\t\t\t<div class=\"elementor-element elementor-element-6afceb3 elementor-widget elementor-widget-spacer\" data-id=\"6afceb3\" data-element_type=\"widget\" data-widget_type=\"spacer.default\">\n\t\t\t\t<div class=\"elementor-widget-container\">\n\t\t\t<style>\/*! elementor - v3.21.0 - 26-05-2024 *\/\n.elementor-column .elementor-spacer-inner{height:var(--spacer-size)}.e-con{--container-widget-width:100%}.e-con-inner>.elementor-widget-spacer,.e-con>.elementor-widget-spacer{width:var(--container-widget-width,var(--spacer-size));--align-self:var(--container-widget-align-self,initial);--flex-shrink:0}.e-con-inner>.elementor-widget-spacer>.elementor-widget-container,.e-con>.elementor-widget-spacer>.elementor-widget-container{height:100%;width:100%}.e-con-inner>.elementor-widget-spacer>.elementor-widget-container>.elementor-spacer,.e-con>.elementor-widget-spacer>.elementor-widget-container>.elementor-spacer{height:100%}.e-con-inner>.elementor-widget-spacer>.elementor-widget-container>.elementor-spacer>.elementor-spacer-inner,.e-con>.elementor-widget-spacer>.elementor-widget-container>.elementor-spacer>.elementor-spacer-inner{height:var(--container-widget-height,var(--spacer-size))}.e-con-inner>.elementor-widget-spacer.elementor-widget-empty,.e-con>.elementor-widget-spacer.elementor-widget-empty{position:relative;min-height:22px;min-width:22px}.e-con-inner>.elementor-widget-spacer.elementor-widget-empty .elementor-widget-empty-icon,.e-con>.elementor-widget-spacer.elementor-widget-empty .elementor-widget-empty-icon{position:absolute;top:0;bottom:0;left:0;right:0;margin:auto;padding:0;width:22px;height:22px}<\/style>\t\t<div class=\"elementor-spacer\">\n\t\t\t<div class=\"elementor-spacer-inner\"><\/div>\n\t\t<\/div>\n\t\t\t\t<\/div>\n\t\t\t\t<\/div>\n\t\t\t\t\t<\/div>\n\t\t\t\t<\/div>\n\t\t\t\t\t<\/div>\n\t\t\t\t<\/div>\n\t\t\t\t<\/div>\n\t\t","protected":false},"excerpt":{"rendered":"<p>Op het gebruik van deze website zijn gebruiksvoorwaarden van toepassing. Door gebruik te maken van deze website, aanvaard U deze.<\/p>\n","protected":false},"author":1,"featured_media":448,"parent":0,"menu_order":11,"comment_status":"closed","ping_status":"closed","template":"","meta":{"_acf_changed":false,"footnotes":""},"class_list":["post-171","page","type-page","status-publish","has-post-thumbnail","hentry"],"acf":[],"_links":{"self":[{"href":"https:\/\/tin.eu\/hu\/wp-json\/wp\/v2\/pages\/171","targetHints":{"allow":["GET"]}}],"collection":[{"href":"https:\/\/tin.eu\/hu\/wp-json\/wp\/v2\/pages"}],"about":[{"href":"https:\/\/tin.eu\/hu\/wp-json\/wp\/v2\/types\/page"}],"author":[{"embeddable":true,"href":"https:\/\/tin.eu\/hu\/wp-json\/wp\/v2\/users\/1"}],"replies":[{"embeddable":true,"href":"https:\/\/tin.eu\/hu\/wp-json\/wp\/v2\/comments?post=171"}],"version-history":[{"count":1,"href":"https:\/\/tin.eu\/hu\/wp-json\/wp\/v2\/pages\/171\/revisions"}],"predecessor-version":[{"id":927,"href":"https:\/\/tin.eu\/hu\/wp-json\/wp\/v2\/pages\/171\/revisions\/927"}],"wp:featuredmedia":[{"embeddable":true,"href":"https:\/\/tin.eu\/hu\/wp-json\/wp\/v2\/media\/448"}],"wp:attachment":[{"href":"https:\/\/tin.eu\/hu\/wp-json\/wp\/v2\/media?parent=171"}],"curies":[{"name":"wp","href":"https:\/\/api.w.org\/{rel}","templated":true}]}}