{"id":1155,"date":"2026-02-25T16:28:54","date_gmt":"2026-02-25T15:28:54","guid":{"rendered":"https:\/\/tin.eu\/truck-check-copy\/"},"modified":"2026-02-25T16:30:33","modified_gmt":"2026-02-25T15:30:33","slug":"help","status":"publish","type":"page","link":"https:\/\/tin.eu\/hu\/help\/","title":{"rendered":"Help"},"content":{"rendered":"\t\t<div data-elementor-type=\"wp-page\" data-elementor-id=\"1155\" class=\"elementor elementor-1155\" data-elementor-post-type=\"page\">\n\t\t\t\t<div class=\"elementor-element elementor-element-9a5757c header e-flex e-con-boxed e-con e-parent\" data-id=\"9a5757c\" data-element_type=\"container\">\n\t\t\t\t\t<div class=\"e-con-inner\">\n\t\t<div class=\"elementor-element elementor-element-7a7873c container e-flex e-con-boxed e-con e-child\" data-id=\"7a7873c\" data-element_type=\"container\">\n\t\t\t\t\t<div class=\"e-con-inner\">\n\t\t\t\t<div class=\"elementor-element elementor-element-36ac115 elementor-widget elementor-widget-heading\" data-id=\"36ac115\" data-element_type=\"widget\" data-widget_type=\"heading.default\">\n\t\t\t\t<div class=\"elementor-widget-container\">\n\t\t\t<style>\/*! elementor - v3.21.0 - 26-05-2024 *\/\n.elementor-heading-title{padding:0;margin:0;line-height:1}.elementor-widget-heading .elementor-heading-title[class*=elementor-size-]>a{color:inherit;font-size:inherit;line-height:inherit}.elementor-widget-heading .elementor-heading-title.elementor-size-small{font-size:15px}.elementor-widget-heading .elementor-heading-title.elementor-size-medium{font-size:19px}.elementor-widget-heading .elementor-heading-title.elementor-size-large{font-size:29px}.elementor-widget-heading .elementor-heading-title.elementor-size-xl{font-size:39px}.elementor-widget-heading .elementor-heading-title.elementor-size-xxl{font-size:59px}<\/style><h1 class=\"elementor-heading-title elementor-size-default\">Cookie-szab\u00e1lyzat<\/h1>\t\t<\/div>\n\t\t\t\t<\/div>\n\t\t\t\t\t<\/div>\n\t\t\t\t<\/div>\n\t\t\t\t\t<\/div>\n\t\t\t\t<\/div>\n\t\t<div class=\"elementor-element elementor-element-b640864 e-flex e-con-boxed e-con e-parent\" data-id=\"b640864\" data-element_type=\"container\">\n\t\t\t\t\t<div class=\"e-con-inner\">\n\t\t<div class=\"elementor-element elementor-element-79ecde4 container e-flex e-con-boxed e-con e-child\" data-id=\"79ecde4\" data-element_type=\"container\">\n\t\t\t\t\t<div class=\"e-con-inner\">\n\t\t\t\t<div class=\"elementor-element elementor-element-4fb6db4 elementor-widget elementor-widget-shortcode\" data-id=\"4fb6db4\" data-element_type=\"widget\" data-widget_type=\"shortcode.default\">\n\t\t\t\t<div class=\"elementor-widget-container\">\n\t\t\t\t\t<div class=\"elementor-shortcode\">\n  <script type=\"text\/javascript\" id=\"google-translate-script\">\n  function googleTranslateElementInit() {\n      \/\/ pages for lawyers are translated into only 4 languages\n      let translated = ['nl','en','de','pt','hu','sl'];\n      let lang_code;\n\n\t\t\tif ( translated.includes(document.querySelector(\".site-language-slug\").innerHTML) ) {\n        lang_code = document.querySelector(\".site-language-slug\").innerHTML;\n      }\n      else {\n        lang_code = 'nl';\n      }\n\n      new google.translate.TranslateElement(\n          {pageLanguage: lang_code},\n          'google_translate_element'\n      );\n  }\n  <\/script>\n  <script type=\"text\/javascript\" id=\"google-translate-code\" src=\"https:\/\/translate.google.com\/translate_a\/element.js?cb=googleTranslateElementInit#googtrans(fr)\"><\/script>\n  <div id=\"google_translate_element\"><\/div>\n  <\/div>\n\t\t\t\t<\/div>\n\t\t\t\t<\/div>\n\t\t\t\t<div class=\"elementor-element elementor-element-f21941b elementor-widget elementor-widget-text-editor\" data-id=\"f21941b\" data-element_type=\"widget\" data-widget_type=\"text-editor.default\">\n\t\t\t\t<div class=\"elementor-widget-container\">\n\t\t\t<style>\/*! elementor - v3.21.0 - 26-05-2024 *\/\n.elementor-widget-text-editor.elementor-drop-cap-view-stacked .elementor-drop-cap{background-color:#69727d;color:#fff}.elementor-widget-text-editor.elementor-drop-cap-view-framed .elementor-drop-cap{color:#69727d;border:3px solid;background-color:transparent}.elementor-widget-text-editor:not(.elementor-drop-cap-view-default) .elementor-drop-cap{margin-top:8px}.elementor-widget-text-editor:not(.elementor-drop-cap-view-default) .elementor-drop-cap-letter{width:1em;height:1em}.elementor-widget-text-editor .elementor-drop-cap{float:left;text-align:center;line-height:1;font-size:50px}.elementor-widget-text-editor .elementor-drop-cap-letter{display:inline-block}<\/style>\t\t\t\t<h3>ERR\u0150L A S\u00dcTI SZAB\u00c1LYZATR\u00d3L<\/h3><p>Ez a s\u00fcti szab\u00e1lyzat elmagyar\u00e1zza, mik azok a s\u00fctik, \u00e9s hogyan haszn\u00e1ljuk \u0151ket. Olvassa el ezt a szab\u00e1lyzatot, hogy meg\u00e9rtse, mik azok a s\u00fctik , hogyan haszn\u00e1ljuk \u0151ket, milyen t\u00edpus\u00fa s\u00fctiket haszn\u00e1lunk, milyen inform\u00e1ci\u00f3kat gy\u0171jt\u00fcnk a s\u00fctik seg\u00edts\u00e9g\u00e9vel, hogyan haszn\u00e1ljuk fel az inform\u00e1ci\u00f3kat, \u00e9s hogyan szab\u00e1lyozhatja a s\u00fcti be\u00e1ll\u00edt\u00e1sokat. Ha t\u00f6bbet szeretne megtudni arr\u00f3l, hogyan haszn\u00e1ljuk, t\u00e1roljuk \u00e9s \u0151rizz\u00fck meg szem\u00e9lyes adatait, k\u00e9rj\u00fck, tekintse meg Adatv\u00e9delmi szab\u00e1lyzatunkat.<br \/>A weboldalunkon tal\u00e1lhat\u00f3 s\u00fcti nyilatkozathoz val\u00f3 hozz\u00e1j\u00e1rul\u00e1s\u00e1t b\u00e1rmikor m\u00f3dos\u00edthatja vagy visszavonhatja.<\/p><p>Tov\u00e1bbi inform\u00e1ci\u00f3 arr\u00f3l, hogy kik vagyunk, hogyan l\u00e9phet kapcsolatba vel\u00fcnk \u00e9s hogyan dolgozzuk fel a szem\u00e9lyes adatokat, az Adatv\u00e9delmi szab\u00e1lyzatunkban tal\u00e1lhat\u00f3.<\/p><p>Az \u00d6n hozz\u00e1j\u00e1rul\u00e1sa a k\u00f6vetkez\u0151 domainekre vonatkozik: tin.eu<br \/>Jelenlegi \u00e1llapota: A beleegyez\u00e9s elfogadva. Kezelje beleegyez\u00e9s\u00e9t.<\/p><h3>MI A S\u00dcTI?<\/h3><p>A S\u00fctik kism\u00e9ret\u0171 sz\u00f6veges f\u00e1jlok, amelyek kism\u00e9ret\u0171 inform\u00e1ci\u00f3k t\u00e1rol\u00e1s\u00e1ra szolg\u00e1lnak. A s\u00fctik az \u00d6n eszk\u00f6z\u00e9n t\u00e1rol\u00f3dnak, amikor a weboldal bet\u00f6lt\u0151dik a b\u00f6ng\u00e9sz\u0151j\u00e9be. Ezek a s\u00fctik seg\u00edtenek abban, hogy a weboldal megfelel\u0151en m\u0171k\u00f6dj\u00f6n, biztons\u00e1gosabb\u00e1 tegy\u00fck a webhelyet, jobb felhaszn\u00e1l\u00f3i \u00e9lm\u00e9nyt ny\u00fajtanak, \u00e9s meg\u00e9rts\u00fck, hogyan m\u0171k\u00f6dik a weboldal, valamint elemzi, hogy mi m\u0171k\u00f6dik \u00e9s hol van sz\u00fcks\u00e9g fejleszt\u00e9sre.<\/p><h3>HOGYAN HASZN\u00c1LJUK A S\u00dcTIKET?<\/h3><p>A legt\u00f6bb online szolg\u00e1ltat\u00e1shoz hasonl\u00f3an weboldalunk is sz\u00e1mos c\u00e9lb\u00f3l bels\u0151 \u00e9s harmadik f\u00e9lt\u0151l sz\u00e1rmaz\u00f3 s\u00fctiket haszn\u00e1l. A bels\u0151 s\u00fctik \u00e1ltal\u00e1ban sz\u00fcks\u00e9gesek a webhely megfelel\u0151 m\u0171k\u00f6d\u00e9s\u00e9hez, \u00e9s nem gy\u0171jtik az \u00d6n szem\u00e9lyazonos\u00edt\u00e1sra alkalmas adatait. A weboldalainkon haszn\u00e1lt harmadik f\u00e9lt\u0151l sz\u00e1rmaz\u00f3 s\u00fctik els\u0151sorban a webhely m\u0171k\u00f6d\u00e9s\u00e9nek meg\u00e9rt\u00e9s\u00e9re, a webhely\u00fcnkkel val\u00f3 interakci\u00f3j\u00e1nak meg\u00e9rt\u00e9s\u00e9re szolg\u00e1lnak, szolg\u00e1ltat\u00e1saink biztons\u00e1g\u00e1nak meg\u0151rz\u00e9s\u00e9re, az \u00d6n sz\u00e1m\u00e1ra relev\u00e1ns hirdet\u00e9sek megjelen\u00edt\u00e9s\u00e9re, \u00e9s \u00f6sszess\u00e9g\u00e9ben az\u00e9rt, hogy jobb \u00e9s jobb felhaszn\u00e1l\u00f3i \u00e9lm\u00e9nyt, \u00e9s seg\u00edt felgyors\u00edtani a webhely\u00fcnkkel val\u00f3 j\u00f6v\u0151beni interakci\u00f3it.<\/p><h3>MILYEN T\u00cdPUS\u00da S\u00dcTIKET HASZN\u00c1LUNK?<\/h3><p>Alapvet\u0151: Egyes s\u00fctik elengedhetetlenek ahhoz, hogy webhely\u00fcnk teljes funkcionalit\u00e1s\u00e1t \u00e9lvezhesse. Lehet\u0151v\u00e9 teszik sz\u00e1munkra a felhaszn\u00e1l\u00f3i munkamenetek fenntart\u00e1s\u00e1t \u00e9s a biztons\u00e1gi kock\u00e1zatok megel\u0151z\u00e9s\u00e9t. Nem gy\u0171jtenek \u00e9s nem t\u00e1rolnak szem\u00e9lyes adatokat. Ezekkel a s\u00fctikkel p\u00e9ld\u00e1ul bejelentkezhet fi\u00f3kj\u00e1ba, \u00e9s biztons\u00e1gosan hozz\u00e1adhat term\u00e9keket a kos\u00e1rhoz \u00e9s a p\u00e9nzt\u00e1rhoz. Statisztik\u00e1k: Ezek a s\u00fctik olyan inform\u00e1ci\u00f3kat t\u00e1rolnak, mint a webhely l\u00e1togat\u00f3inak sz\u00e1ma, az egyedi l\u00e1togat\u00f3k sz\u00e1ma, a webhely mely oldalait l\u00e1togatt\u00e1k meg, a l\u00e1togat\u00e1s forr\u00e1sa stb. Ezek az adatok seg\u00edtenek meg\u00e9rteni \u00e9s elemezni, hogy a webhely mennyire j\u00f3 teljes\u00edt, \u00e9s ahol fejleszt\u00e9sre van sz\u00fcks\u00e9g.<\/p><p>Az ezekben a s\u00fctikben t\u00e1rolt inform\u00e1ci\u00f3kat a harmadik f\u00e9l felhaszn\u00e1lhatja arra is, hogy hirdet\u00e9seket jelen\u00edtsen meg \u00d6nnek a b\u00f6ng\u00e9sz\u0151ben m\u00e1s webhelyeken.<\/p><p>Funkcion\u00e1lis: Ezek azok a s\u00fctik, amelyek bizonyos nem alapvet\u0151 funkci\u00f3kat seg\u00edtenek webhely\u00fcnk\u00f6n. Ezek a funkci\u00f3k magukban foglalj\u00e1k a tartalom, p\u00e9ld\u00e1ul vide\u00f3k be\u00e1gyaz\u00e1s\u00e1t vagy a tartalom megoszt\u00e1s\u00e1t a webhelyen a k\u00f6z\u00f6ss\u00e9gi m\u00e9dia platformokon.<\/p><p>Be\u00e1ll\u00edt\u00e1sok: Ezek a s\u00fctik seg\u00edtenek elmenteni az \u00d6n be\u00e1ll\u00edt\u00e1sait \u00e9s b\u00f6ng\u00e9sz\u00e9si be\u00e1ll\u00edt\u00e1sait, p\u00e9ld\u00e1ul a nyelvi be\u00e1ll\u00edt\u00e1sokat, hogy \u00d6n jobb \u00e9s hat\u00e9konyabb \u00e9lm\u00e9nyben legyen r\u00e9sze a webhely j\u00f6v\u0151beli l\u00e1togat\u00e1sai sor\u00e1n.<\/p><h3>HOGYAN ELLEN\u0150RIZHETEM A S\u00dcTI BE\u00c1LL\u00cdT\u00c1SAIT?<\/h3><p>Ha k\u00e9s\u0151bb \u00fagy d\u00f6nt, hogy m\u00f3dos\u00edtja be\u00e1ll\u00edt\u00e1sait a b\u00f6ng\u00e9sz\u00e9si munkamenet sor\u00e1n, kattintson a k\u00e9perny\u0151n az \u201eAdatv\u00e9delem \u00e9s S\u00fcti-szab\u00e1lyzat\u201d f\u00fclre. Ez megjelen\u00edti a beleegyez\u0151 nyilatkozatot, \u00edgy m\u00f3dos\u00edthatja be\u00e1ll\u00edt\u00e1sait, vagy teljesen visszavonhatja hozz\u00e1j\u00e1rul\u00e1s\u00e1t. Ezenk\u00edv\u00fcl a k\u00fcl\u00f6nb\u00f6z\u0151 b\u00f6ng\u00e9sz\u0151k k\u00fcl\u00f6nb\u00f6z\u0151 m\u00f3dszereket k\u00edn\u00e1lnak a webhelyek \u00e1ltal haszn\u00e1lt s\u00fctik blokkol\u00e1s\u00e1ra \u00e9s t\u00f6rl\u00e9s\u00e9re. M\u00f3dos\u00edthatja b\u00f6ng\u00e9sz\u0151je be\u00e1ll\u00edt\u00e1sait a s\u00fctik letilt\u00e1s\u00e1hoz\/t\u00f6rl\u00e9s\u00e9hez. A s\u00fctik kezel\u00e9s\u00e9vel \u00e9s t\u00f6rl\u00e9s\u00e9vel kapcsolatos tov\u00e1bbi inform\u00e1ci\u00f3k\u00e9rt l\u00e1togasson el a <a href=\"https:\/\/nl.wikipedia.org\/wiki\/Cookie_(internet)\" target=\"_blank\" rel=\"noopener\">wikipedia.org<\/a>, <a href=\"https:\/\/allaboutcookies.org\/\" target=\"_blank\" rel=\"noopener\">www.allaboutcookies.org webhelyre<\/a>.<\/p>\t\t\t\t\t\t<\/div>\n\t\t\t\t<\/div>\n\t\t\t\t\t<\/div>\n\t\t\t\t<\/div>\n\t\t\t\t<div class=\"elementor-element elementor-element-9775f85 elementor-widget elementor-widget-spacer\" data-id=\"9775f85\" data-element_type=\"widget\" data-widget_type=\"spacer.default\">\n\t\t\t\t<div class=\"elementor-widget-container\">\n\t\t\t<style>\/*! elementor - v3.21.0 - 26-05-2024 *\/\n.elementor-column .elementor-spacer-inner{height:var(--spacer-size)}.e-con{--container-widget-width:100%}.e-con-inner>.elementor-widget-spacer,.e-con>.elementor-widget-spacer{width:var(--container-widget-width,var(--spacer-size));--align-self:var(--container-widget-align-self,initial);--flex-shrink:0}.e-con-inner>.elementor-widget-spacer>.elementor-widget-container,.e-con>.elementor-widget-spacer>.elementor-widget-container{height:100%;width:100%}.e-con-inner>.elementor-widget-spacer>.elementor-widget-container>.elementor-spacer,.e-con>.elementor-widget-spacer>.elementor-widget-container>.elementor-spacer{height:100%}.e-con-inner>.elementor-widget-spacer>.elementor-widget-container>.elementor-spacer>.elementor-spacer-inner,.e-con>.elementor-widget-spacer>.elementor-widget-container>.elementor-spacer>.elementor-spacer-inner{height:var(--container-widget-height,var(--spacer-size))}.e-con-inner>.elementor-widget-spacer.elementor-widget-empty,.e-con>.elementor-widget-spacer.elementor-widget-empty{position:relative;min-height:22px;min-width:22px}.e-con-inner>.elementor-widget-spacer.elementor-widget-empty .elementor-widget-empty-icon,.e-con>.elementor-widget-spacer.elementor-widget-empty .elementor-widget-empty-icon{position:absolute;top:0;bottom:0;left:0;right:0;margin:auto;padding:0;width:22px;height:22px}<\/style>\t\t<div class=\"elementor-spacer\">\n\t\t\t<div class=\"elementor-spacer-inner\"><\/div>\n\t\t<\/div>\n\t\t\t\t<\/div>\n\t\t\t\t<\/div>\n\t\t\t\t\t<\/div>\n\t\t\t\t<\/div>\n\t\t\t\t<\/div>\n\t\t","protected":false},"excerpt":{"rendered":"<p>Help UNDER CONSTRUCTION<\/p>\n","protected":false},"author":1,"featured_media":448,"parent":0,"menu_order":21,"comment_status":"closed","ping_status":"closed","template":"","meta":{"_acf_changed":true,"footnotes":""},"class_list":["post-1155","page","type-page","status-publish","has-post-thumbnail","hentry"],"acf":[],"_links":{"self":[{"href":"https:\/\/tin.eu\/hu\/wp-json\/wp\/v2\/pages\/1155","targetHints":{"allow":["GET"]}}],"collection":[{"href":"https:\/\/tin.eu\/hu\/wp-json\/wp\/v2\/pages"}],"about":[{"href":"https:\/\/tin.eu\/hu\/wp-json\/wp\/v2\/types\/page"}],"author":[{"embeddable":true,"href":"https:\/\/tin.eu\/hu\/wp-json\/wp\/v2\/users\/1"}],"replies":[{"embeddable":true,"href":"https:\/\/tin.eu\/hu\/wp-json\/wp\/v2\/comments?post=1155"}],"version-history":[{"count":0,"href":"https:\/\/tin.eu\/hu\/wp-json\/wp\/v2\/pages\/1155\/revisions"}],"wp:featuredmedia":[{"embeddable":true,"href":"https:\/\/tin.eu\/hu\/wp-json\/wp\/v2\/media\/448"}],"wp:attachment":[{"href":"https:\/\/tin.eu\/hu\/wp-json\/wp\/v2\/media?parent=1155"}],"curies":[{"name":"wp","href":"https:\/\/api.w.org\/{rel}","templated":true}]}}