{"id":31,"date":"2024-04-09T09:56:29","date_gmt":"2024-04-09T09:56:29","guid":{"rendered":"https:\/\/tin.eu\/?page_id=31"},"modified":"2026-03-17T15:49:40","modified_gmt":"2026-03-17T14:49:40","slug":"contact","status":"publish","type":"page","link":"https:\/\/tin.eu\/hr\/contact\/","title":{"rendered":"Contact"},"content":{"rendered":"\t\t<div data-elementor-type=\"wp-page\" data-elementor-id=\"31\" class=\"elementor elementor-31\" data-elementor-post-type=\"page\">\n\t\t\t\t<div class=\"elementor-element elementor-element-a05a73a header e-flex e-con-boxed e-con e-parent\" data-id=\"a05a73a\" data-element_type=\"container\">\n\t\t\t\t\t<div class=\"e-con-inner\">\n\t\t<div class=\"elementor-element elementor-element-0f73af9 container e-flex e-con-boxed e-con e-child\" data-id=\"0f73af9\" data-element_type=\"container\">\n\t\t\t\t\t<div class=\"e-con-inner\">\n\t\t\t\t<div class=\"elementor-element elementor-element-5ac6913 elementor-widget elementor-widget-text-editor\" data-id=\"5ac6913\" data-element_type=\"widget\" data-widget_type=\"text-editor.default\">\n\t\t\t\t<div class=\"elementor-widget-container\">\n\t\t\t<style>\/*! elementor - v3.21.0 - 26-05-2024 *\/\n.elementor-widget-text-editor.elementor-drop-cap-view-stacked .elementor-drop-cap{background-color:#69727d;color:#fff}.elementor-widget-text-editor.elementor-drop-cap-view-framed .elementor-drop-cap{color:#69727d;border:3px solid;background-color:transparent}.elementor-widget-text-editor:not(.elementor-drop-cap-view-default) .elementor-drop-cap{margin-top:8px}.elementor-widget-text-editor:not(.elementor-drop-cap-view-default) .elementor-drop-cap-letter{width:1em;height:1em}.elementor-widget-text-editor .elementor-drop-cap{float:left;text-align:center;line-height:1;font-size:50px}.elementor-widget-text-editor .elementor-drop-cap-letter{display:inline-block}<\/style>\t\t\t\t<h1>Kontakt<\/h1>\t\t\t\t\t\t<\/div>\n\t\t\t\t<\/div>\n\t\t\t\t\t<\/div>\n\t\t\t\t<\/div>\n\t\t\t\t\t<\/div>\n\t\t\t\t<\/div>\n\t\t<div class=\"elementor-element elementor-element-84f43d1 container e-flex e-con-boxed e-con e-parent\" data-id=\"84f43d1\" data-element_type=\"container\">\n\t\t\t\t\t<div class=\"e-con-inner\">\n\t\t<div class=\"elementor-element elementor-element-10da33b service__row e-flex e-con-boxed e-con e-child\" data-id=\"10da33b\" data-element_type=\"container\">\n\t\t\t\t\t<div class=\"e-con-inner\">\n\t\t\t\t<div class=\"elementor-element elementor-element-bd86579 col__service col__service_empty elementor-widget elementor-widget-text-editor\" data-id=\"bd86579\" data-element_type=\"widget\" data-widget_type=\"text-editor.default\">\n\t\t\t\t<div class=\"elementor-widget-container\">\n\t\t\t\t\t\t\t<p>_<\/p>\t\t\t\t\t\t<\/div>\n\t\t\t\t<\/div>\n\t\t\t\t<div class=\"elementor-element elementor-element-9790e6d elementor-widget elementor-widget-text-editor\" data-id=\"9790e6d\" data-element_type=\"widget\" data-widget_type=\"text-editor.default\">\n\t\t\t\t<div class=\"elementor-widget-container\">\n\t\t\t\t\t\t\t<h2>ZAINTERESIRANI STE ZA NA\u0160E USLUGE?<br \/>NE OKLIJEVAJTE JAVITI NAM SE!<\/h2><p>U Transport In Nood-u pojednostavljujemo slo\u017eenost europskog zakonodavstva o IMI-ju\/upu\u0107ivanju i poma\u017eemo Vam s neo\u010dekivanim problemima na cesti, omogu\u0107uju\u0107i Vam da se usredoto\u010dite na ono \u0161to je najva\u017enije \u2013 Va\u0161 posao. Kontaktirajte nas za besprijekornu uskla\u0111enost i u\u010dinkovitu podr\u0161ku.<\/p>\t\t\t\t\t\t<\/div>\n\t\t\t\t<\/div>\n\t\t\t\t\t<\/div>\n\t\t\t\t<\/div>\n\t\t\t\t\t<\/div>\n\t\t\t\t<\/div>\n\t\t<div class=\"elementor-element elementor-element-2ace52e cf7-form-container e-flex e-con-boxed e-con e-parent\" data-id=\"2ace52e\" data-element_type=\"container\">\n\t\t\t\t\t<div class=\"e-con-inner\">\n\t\t<div class=\"elementor-element elementor-element-eaadd1b cf7-form-container__wrap e-flex e-con-boxed e-con e-child\" data-id=\"eaadd1b\" data-element_type=\"container\">\n\t\t\t\t\t<div class=\"e-con-inner\">\n\t\t<div class=\"elementor-element elementor-element-17e2180 cf7-form-container__form e-flex e-con-boxed e-con e-child\" data-id=\"17e2180\" data-element_type=\"container\">\n\t\t\t\t\t<div class=\"e-con-inner\">\n\t\t\t\t<div class=\"elementor-element elementor-element-a171dd6 elementor-widget elementor-widget-heading\" data-id=\"a171dd6\" data-element_type=\"widget\" data-widget_type=\"heading.default\">\n\t\t\t\t<div class=\"elementor-widget-container\">\n\t\t\t<style>\/*! elementor - v3.21.0 - 26-05-2024 *\/\n.elementor-heading-title{padding:0;margin:0;line-height:1}.elementor-widget-heading .elementor-heading-title[class*=elementor-size-]>a{color:inherit;font-size:inherit;line-height:inherit}.elementor-widget-heading .elementor-heading-title.elementor-size-small{font-size:15px}.elementor-widget-heading .elementor-heading-title.elementor-size-medium{font-size:19px}.elementor-widget-heading .elementor-heading-title.elementor-size-large{font-size:29px}.elementor-widget-heading .elementor-heading-title.elementor-size-xl{font-size:39px}.elementor-widget-heading .elementor-heading-title.elementor-size-xxl{font-size:59px}<\/style><h2 class=\"elementor-heading-title elementor-size-default\">KONTAKT OBRAZAC<\/h2>\t\t<\/div>\n\t\t\t\t<\/div>\n\t\t\t\t<div class=\"elementor-element elementor-element-0d3f81f cf7-col elementor-widget elementor-widget-shortcode\" data-id=\"0d3f81f\" data-element_type=\"widget\" data-widget_type=\"shortcode.default\">\n\t\t\t\t<div class=\"elementor-widget-container\">\n\t\t\t\t\t<div class=\"elementor-shortcode\"><div class=\"cf7-contact-us\"><div class=\"cf7sg-container\"><div id=\"cf7sg-form-contact-form-all-services-hr\" class=\"cf7-smart-grid has-grid key_contact-form-all-services-hr\">\n<div class=\"wpcf7 no-js\" id=\"wpcf7-f582-o1\" lang=\"\" dir=\"ltr\" data-wpcf7-id=\"582\">\n<div class=\"screen-reader-response\"><p role=\"status\" aria-live=\"polite\" aria-atomic=\"true\"><\/p> <ul><\/ul><\/div>\n<form action=\"\/hr\/wp-json\/wp\/v2\/pages\/31#wpcf7-f582-o1\" method=\"post\" class=\"wpcf7-form init\" aria-label=\"Kontakt obrazac\" novalidate=\"novalidate\" data-status=\"init\">\n<div style=\"display: none;\">\n<input type=\"hidden\" name=\"_wpcf7\" value=\"582\" \/>\n<input type=\"hidden\" name=\"_wpcf7_version\" value=\"6.0\" \/>\n<input type=\"hidden\" name=\"_wpcf7_locale\" value=\"\" \/>\n<input type=\"hidden\" name=\"_wpcf7_unit_tag\" value=\"wpcf7-f582-o1\" \/>\n<input type=\"hidden\" name=\"_wpcf7_container_post\" value=\"0\" \/>\n<input type=\"hidden\" name=\"_wpcf7_posted_data_hash\" value=\"\" \/>\n<input type=\"hidden\" name=\"_wpcf7cf_hidden_group_fields\" value=\"[]\" \/>\n<input type=\"hidden\" name=\"_wpcf7cf_hidden_groups\" value=\"[]\" \/>\n<input type=\"hidden\" name=\"_wpcf7cf_visible_groups\" value=\"[]\" \/>\n<input type=\"hidden\" name=\"_wpcf7cf_repeaters\" value=\"[]\" \/>\n<input type=\"hidden\" name=\"_wpcf7cf_steps\" value=\"{}\" \/>\n<input type=\"hidden\" name=\"_wpcf7cf_options\" value=\"{&quot;form_id&quot;:582,&quot;conditions&quot;:[{&quot;then_field&quot;:&quot;groupBoetekeuze&quot;,&quot;and_rules&quot;:[{&quot;if_field&quot;:&quot;Diensten&quot;,&quot;operator&quot;:&quot;equals&quot;,&quot;if_value&quot;:&quot;Me\\u0111unarodno pla\\u0107anje kazni&quot;}]},{&quot;then_field&quot;:&quot;grouplandkeuze&quot;,&quot;and_rules&quot;:[{&quot;if_field&quot;:&quot;werelddeel&quot;,&quot;operator&quot;:&quot;equals&quot;,&quot;if_value&quot;:&quot;Europa&quot;}]},{&quot;then_field&quot;:&quot;groupadresgegevensOverige&quot;,&quot;and_rules&quot;:[{&quot;if_field&quot;:&quot;werelddeel&quot;,&quot;operator&quot;:&quot;equals&quot;,&quot;if_value&quot;:&quot;Ostalo&quot;}]},{&quot;then_field&quot;:&quot;groupChauffeurs&quot;,&quot;and_rules&quot;:[{&quot;if_field&quot;:&quot;Diensten&quot;,&quot;operator&quot;:&quot;equals&quot;,&quot;if_value&quot;:&quot;Analiza tahografa&quot;}]},{&quot;then_field&quot;:&quot;groupChauffeurs&quot;,&quot;and_rules&quot;:[{&quot;if_field&quot;:&quot;Diensten&quot;,&quot;operator&quot;:&quot;equals&quot;,&quot;if_value&quot;:&quot;Zakon o minimalnoj pla\\u0107i&quot;}]},{&quot;then_field&quot;:&quot;groupKentekens&quot;,&quot;and_rules&quot;:[{&quot;if_field&quot;:&quot;Diensten&quot;,&quot;operator&quot;:&quot;equals&quot;,&quot;if_value&quot;:&quot;Analiza tahografa&quot;}]}],&quot;settings&quot;:{&quot;animation&quot;:&quot;yes&quot;,&quot;animation_intime&quot;:200,&quot;animation_outtime&quot;:200,&quot;conditions_ui&quot;:&quot;normal&quot;,&quot;notice_dismissed&quot;:false}}\" \/>\n<input type=\"hidden\" name=\"_wpcf7_key\" value=\"contact-form-all-services-hr\" \/>\n<input type=\"hidden\" name=\"_cf7sg_toggles\" value=\"\" \/>\n<input type=\"hidden\" name=\"_cf7sg_version\" value=\"4.15.8\" \/>\n<input type=\"hidden\" name=\"_wpnonce\" value=\"9eeac5b585\" \/>\n<\/div>\n<div class=\"container\">\n  <div class=\"row\">\n    <label class=\"label-required-field\">Polja ozna\u010dena <em>*<\/em> su obavezna.<\/label>\n    <p>\n      <label>Va\u0161e ime i prezime <em>*<\/em><\/label> <span class=\"wpcf7-form-control-wrap\" data-name=\"voorenachternaam\"><input size=\"40\" maxlength=\"400\" class=\"wpcf7-form-control wpcf7-text wpcf7-validates-as-required\" aria-required=\"true\" aria-invalid=\"false\" value=\"\" type=\"text\" name=\"voorenachternaam\" \/><\/span>\n    <\/p>\n    <p>\n      <label>Naziv va\u0161e tvrtke <em>*<\/em><\/label> <span class=\"wpcf7-form-control-wrap\" data-name=\"bedrijfsnaam\"><input size=\"40\" maxlength=\"400\" class=\"wpcf7-form-control wpcf7-text wpcf7-validates-as-required\" aria-required=\"true\" aria-invalid=\"false\" value=\"\" type=\"text\" name=\"bedrijfsnaam\" \/><\/span>\n    <\/p>\n    <p>\n      <label>Ulica i broj<\/label> <span class=\"wpcf7-form-control-wrap\" data-name=\"straatenhuisnummer\"><input size=\"40\" maxlength=\"400\" class=\"wpcf7-form-control wpcf7-text\" aria-invalid=\"false\" value=\"\" type=\"text\" name=\"straatenhuisnummer\" \/><\/span>\n    <\/p>\n    <p>\n      <label>Po\u0161tanski broj<\/label> <span class=\"wpcf7-form-control-wrap\" data-name=\"postcode\"><input size=\"40\" maxlength=\"400\" class=\"wpcf7-form-control wpcf7-text\" aria-invalid=\"false\" value=\"\" type=\"text\" name=\"postcode\" \/><\/span>\n    <\/p>\n    <p>\n      <label>Mjesto<\/label> <span class=\"wpcf7-form-control-wrap\" data-name=\"plaats\"><input size=\"40\" maxlength=\"400\" class=\"wpcf7-form-control wpcf7-text\" aria-invalid=\"false\" value=\"\" type=\"text\" name=\"plaats\" \/><\/span>\n    <\/p>\n    <label>U kojem se dijelu svijeta nalazite?<\/label> <span class=\"wpcf7-form-control-wrap\" data-name=\"werelddeel\"><span class=\"wpcf7-form-control wpcf7-radio\"><span class=\"wpcf7-list-item first\"><input type=\"radio\" name=\"werelddeel\" value=\"Europa\" checked=\"checked\" \/><span class=\"wpcf7-list-item-label\">Europa<\/span><\/span><span class=\"wpcf7-list-item last\"><input type=\"radio\" name=\"werelddeel\" value=\"Ostalo\" \/><span class=\"wpcf7-list-item-label\">Ostalo<\/span><\/span><\/span><\/span> <div data-id=\"grouplandkeuze\" data-orig_data_id=\"grouplandkeuze\"  data-class=\"wpcf7cf_group\"> <span class=\"wpcf7-form-control-wrap\" data-name=\"kiesland\"><select class=\"wpcf7-form-control wpcf7-select wpcf7-validates-as-required\" aria-required=\"true\" aria-invalid=\"false\" name=\"kiesland\"><option value=\"Odaberi dr\u017eavu\">Odaberi dr\u017eavu<\/option><option value=\"Albania\">Albania<\/option><option value=\"Andorra\">Andorra<\/option><option value=\"Belgium\">Belgium<\/option><option value=\"Bosnia and Herzegovina\">Bosnia and Herzegovina<\/option><option value=\"Bulgaria\">Bulgaria<\/option><option value=\"Denmark\">Denmark<\/option><option value=\"Germany\">Germany<\/option><option value=\"Estonia\">Estonia<\/option><option value=\"Finland\">Finland<\/option><option value=\"France\">France<\/option><option value=\"Greece\">Greece<\/option><option value=\"Hungary\">Hungary<\/option><option value=\"Iceland\">Iceland<\/option><option value=\"Ireland\">Ireland<\/option><option value=\"Italy\">Italy<\/option><option value=\"Kosovo\">Kosovo<\/option><option value=\"Croatia\">Croatia<\/option><option value=\"Latvia\">Latvia<\/option><option value=\"Liechtenstein\">Liechtenstein<\/option><option value=\"Lithuania\">Lithuania<\/option><option value=\"Luxembourg\">Luxembourg<\/option><option value=\"Malta\">Malta<\/option><option value=\"Moldova\">Moldova<\/option><option value=\"Monaco\">Monaco<\/option><option value=\"Montenegro\">Montenegro<\/option><option value=\"The Netherlands\">The Netherlands<\/option><option value=\"Northern Macedonia\">Northern Macedonia<\/option><option value=\"Norway\">Norway<\/option><option value=\"Ukraine\">Ukraine<\/option><option value=\"Austria\">Austria<\/option><option value=\"Poland\">Poland<\/option><option value=\"Portugal\">Portugal<\/option><option value=\"Romania\">Romania<\/option><option value=\"San Marino\">San Marino<\/option><option value=\"Serbia\">Serbia<\/option><option value=\"Slovenia\">Slovenia<\/option><option value=\"Slovakia\">Slovakia<\/option><option value=\"Spain\">Spain<\/option><option value=\"Czech Republic\">Czech Republic<\/option><option value=\"Vatican City\">Vatican City<\/option><option value=\"United Kingdom\">United Kingdom<\/option><option value=\"Belarus\">Belarus<\/option><option value=\"Sweden\">Sweden<\/option><option value=\"Switzerland\">Switzerland<\/option><\/select><\/span> <\/div> <div data-id=\"groupadresgegevensOverige\" data-orig_data_id=\"groupadresgegevensOverige\"  data-class=\"wpcf7cf_group\">\n    <p>\n      <label>Zemlja<\/label> <span class=\"wpcf7-form-control-wrap\" data-name=\"land\"><input size=\"40\" maxlength=\"400\" class=\"wpcf7-form-control wpcf7-text wpcf7-validates-as-required\" aria-required=\"true\" aria-invalid=\"false\" value=\"\" type=\"text\" name=\"land\" \/><\/span>\n    <\/p>\n    <\/div>\n    <p>\n      <label class=\"f-height\"><span>Email <em>*<\/em><\/span><\/label> <span class=\"wpcf7-form-control-wrap\" data-name=\"email\"><input size=\"40\" maxlength=\"400\" class=\"wpcf7-form-control wpcf7-email wpcf7-validates-as-required wpcf7-text wpcf7-validates-as-email\" aria-required=\"true\" aria-invalid=\"false\" value=\"\" type=\"email\" name=\"email\" \/><\/span>\n    <\/p>\n    <p>\n      <label class=\"f-height\"><span>Va\u0161 telefonski broj <em>*<\/em> (me\u0111unarodna oznaka, npr.: +31850719600)<\/span><\/label> <span class=\"wpcf7-form-control-wrap\" data-name=\"uwtelefoonnummer\"><input size=\"40\" maxlength=\"400\" class=\"wpcf7-form-control wpcf7-tel wpcf7-validates-as-required wpcf7-text wpcf7-validates-as-tel\" aria-required=\"true\" aria-invalid=\"false\" value=\"\" type=\"tel\" name=\"uwtelefoonnummer\" \/><\/span>\n    <\/p>\n    <label>Zanima me:<\/label> <span class=\"wpcf7-form-control-wrap\" data-name=\"Diensten\"><span class=\"wpcf7-form-control wpcf7-checkbox\"><span class=\"wpcf7-list-item first\"><input type=\"checkbox\" name=\"Diensten[]\" value=\"Me\u0111unarodno pla\u0107anje kazni\" \/><span class=\"wpcf7-list-item-label\">Me\u0111unarodno pla\u0107anje kazni<\/span><\/span><span class=\"wpcf7-list-item\"><input type=\"checkbox\" name=\"Diensten[]\" value=\"Platne kartice\" \/><span class=\"wpcf7-list-item-label\">Platne kartice<\/span><\/span><span class=\"wpcf7-list-item\"><input type=\"checkbox\" name=\"Diensten[]\" value=\"Pravne usluge\" \/><span class=\"wpcf7-list-item-label\">Pravne usluge<\/span><\/span><span class=\"wpcf7-list-item\"><input type=\"checkbox\" name=\"Diensten[]\" value=\"Zakon o minimalnoj pla\u0107i\" \/><span class=\"wpcf7-list-item-label\">Zakon o minimalnoj pla\u0107i<\/span><\/span><span class=\"wpcf7-list-item\"><input type=\"checkbox\" name=\"Diensten[]\" value=\"TIN CRM, GDPR siguran portal\" \/><span class=\"wpcf7-list-item-label\">TIN CRM, GDPR siguran portal<\/span><\/span><span class=\"wpcf7-list-item\"><input type=\"checkbox\" name=\"Diensten[]\" value=\"Analiza tahografa\" \/><span class=\"wpcf7-list-item-label\">Analiza tahografa<\/span><\/span><span class=\"wpcf7-list-item\"><input type=\"checkbox\" name=\"Diensten[]\" value=\"Upravljanje voznim parkom\" \/><span class=\"wpcf7-list-item-label\">Upravljanje voznim parkom<\/span><\/span><span class=\"wpcf7-list-item\"><input type=\"checkbox\" name=\"Diensten[]\" value=\"Rje\u0161enje za cestarine EETS\" \/><span class=\"wpcf7-list-item-label\">Rje\u0161enje za cestarine EETS<\/span><\/span><span class=\"wpcf7-list-item\"><input type=\"checkbox\" name=\"Diensten[]\" value=\"PDV i tro\u0161arine\" \/><span class=\"wpcf7-list-item-label\">PDV i tro\u0161arine<\/span><\/span><span class=\"wpcf7-list-item\"><input type=\"checkbox\" name=\"Diensten[]\" value=\"Usluga prevo\u0111enja\" \/><span class=\"wpcf7-list-item-label\">Usluga prevo\u0111enja<\/span><\/span><span class=\"wpcf7-list-item\"><input type=\"checkbox\" name=\"Diensten[]\" value=\"Zahtjevi za posebne dozvole\" \/><span class=\"wpcf7-list-item-label\">Zahtjevi za posebne dozvole<\/span><\/span><span class=\"wpcf7-list-item last\"><input type=\"checkbox\" name=\"Diensten[]\" value=\"Prijava na newsletter\" \/><span class=\"wpcf7-list-item-label\">Prijava na newsletter<\/span><\/span><\/span><\/span> <div data-id=\"groupChauffeurs\" data-orig_data_id=\"groupChauffeurs\"  data-class=\"wpcf7cf_group\">\n    <label>Koliko voza\u010da zapo\u0161ljavate?<\/label> <span class=\"wpcf7-form-control-wrap\" data-name=\"numberChauffeurs\"><input class=\"wpcf7-form-control wpcf7-number wpcf7-validates-as-number\" aria-invalid=\"false\" placeholder=\"Broj voza\u010da\" value=\"\" type=\"number\" name=\"numberChauffeurs\" \/><\/span> <\/div> <div data-id=\"groupKentekens\" data-orig_data_id=\"groupKentekens\"  data-class=\"wpcf7cf_group\">\n    <label>Koliko kamiona imate?<\/label> <span class=\"wpcf7-form-control-wrap\" data-name=\"numberKentekens\"><input class=\"wpcf7-form-control wpcf7-number wpcf7-validates-as-number\" aria-invalid=\"false\" placeholder=\"Broj kamiona\" value=\"\" type=\"number\" name=\"numberKentekens\" \/><\/span> <\/div> <div data-id=\"groupBoetekeuze\" data-orig_data_id=\"groupBoetekeuze\"  data-class=\"wpcf7cf_group\">\n    <label>Koju uslugu kazni \u017eelite:<\/label> <span class=\"wpcf7-form-control-wrap\" data-name=\"boete\"><select class=\"wpcf7-form-control wpcf7-select wpcf7-validates-as-required\" aria-required=\"true\" aria-invalid=\"false\" name=\"boete\"><option value=\"\">- Odlu\u010di se -<\/option><option value=\"Platite odmah\">Platite odmah<\/option><option value=\"Podnesite prigovor\">Podnesite prigovor<\/option><option value=\"Vi\u0161e informacija o mojoj kazni\">Vi\u0161e informacija o mojoj kazni<\/option><option value=\"Op\u0107enito vi\u0161e informacija o va\u0161oj usluzi pla\u0107anja kazni\">Op\u0107enito vi\u0161e informacija o va\u0161oj usluzi pla\u0107anja kazni<\/option><\/select><\/span> <\/div>\n    <p class=\"wf\">\n      <label>Va\u0161a poruka<\/label> <span class=\"wpcf7-form-control-wrap\" data-name=\"bericht\"><textarea cols=\"40\" rows=\"10\" maxlength=\"2000\" class=\"wpcf7-form-control wpcf7-textarea\" aria-invalid=\"false\" name=\"bericht\"><\/textarea><\/span>\n    <\/p>\n    <p class=\"wf\">\n      <span class=\"wpcf7-form-control-wrap\" data-name=\"agree\"><span class=\"wpcf7-form-control wpcf7-acceptance invert\"><span class=\"wpcf7-list-item\"><input type=\"checkbox\" name=\"agree\" value=\"1\" checked=\"checked\" class=\"agree\" aria-invalid=\"false\" \/><\/span><\/span><\/span> <input class=\"wpcf7-form-control wpcf7-submit has-spinner\" id=\"stickersubmit\" type=\"submit\" value=\"PO\u0160ALJI\" \/>\n    <\/p>\n  <\/div>\n<\/div><div class=\"wpcf7-response-output\" aria-hidden=\"true\"><\/div>\n<\/form>\n<\/div>\n<\/div><\/div><\/div><\/div>\n\t\t\t\t<\/div>\n\t\t\t\t<\/div>\n\t\t\t\t\t<\/div>\n\t\t\t\t<\/div>\n\t\t<div class=\"elementor-element elementor-element-0de46d9 e-con-full cf7-form-container__text e-flex e-con e-child\" data-id=\"0de46d9\" data-element_type=\"container\">\n\t\t\t\t<div class=\"elementor-element elementor-element-0490820 elementor-widget elementor-widget-heading\" data-id=\"0490820\" data-element_type=\"widget\" data-widget_type=\"heading.default\">\n\t\t\t\t<div class=\"elementor-widget-container\">\n\t\t\t<h2 class=\"elementor-heading-title elementor-size-default\">SJEDI\u0160TE TVRTKE<\/h2>\t\t<\/div>\n\t\t\t\t<\/div>\n\t\t\t\t<div class=\"elementor-element elementor-element-766b8a8 elementor-widget elementor-widget-text-editor\" data-id=\"766b8a8\" data-element_type=\"widget\" data-widget_type=\"text-editor.default\">\n\t\t\t\t<div class=\"elementor-widget-container\">\n\t\t\t\t\t\t\t<p><strong>NL<br \/><\/strong>Transport in Nood B.V.<br \/>Flevolaan 27-G<br \/>1382 JX Weesp<br \/>Nederland<\/p><p><strong>DE<\/strong><br \/>Transport in Not GmbH<br \/>Briener Strasse 9-13<br \/>47533 Kleve<br \/>Deutschland<\/p><p><strong>CONTACT<br \/><\/strong>Tel: +31(0)85 0719 600<\/p>\t\t\t\t\t\t<\/div>\n\t\t\t\t<\/div>\n\t\t\t\t<div class=\"elementor-element elementor-element-e23aea1 elementor-widget elementor-widget-text-editor\" data-id=\"e23aea1\" data-element_type=\"widget\" data-widget_type=\"text-editor.default\">\n\t\t\t\t<div class=\"elementor-widget-container\">\n\t\t\t\t\t\t\t<h3>DETALJI TVRTKE<\/h3><p><strong>NL<\/strong><br \/>Transport in Nood B.V.<br \/>BTW: NL820131854B01<br \/>KvK: 34318508<\/p><p><strong>DE<\/strong><br \/>Transport in Not GmbH<br \/>Ust-idNr: DE338110865<br \/>HRB: 32408<\/p><p><strong>HU<\/strong><br \/>TIN Support Kft<br \/>Ad\u00f3sz\u00e1m: HU27793082<br \/>C\u00e9gjegyz\u00e9ksz\u00e1m: 11-09-029491<\/p>\t\t\t\t\t\t<\/div>\n\t\t\t\t<\/div>\n\t\t\t\t<\/div>\n\t\t\t\t\t<\/div>\n\t\t\t\t<\/div>\n\t\t\t\t\t<\/div>\n\t\t\t\t<\/div>\n\t\t\t\t<\/div>\n\t\t","protected":false},"excerpt":{"rendered":"<p>Bij Transport In Nood worden de complexiteiten van de EU IMI\/detacheringswetgeving vereenvoudigd en helpen wij u bij onvoorziene problemen, zodat u zich helemaal kunt richten op het allerbelangrijkste: uw onderneming. Neem daarom contact op. We vertellen u graag meer over naadloze compliance en effici\u00ebnte ondersteuning.<\/p>\n","protected":false},"author":1,"featured_media":643,"parent":0,"menu_order":9,"comment_status":"closed","ping_status":"closed","template":"","meta":{"_acf_changed":true,"footnotes":""},"class_list":["post-31","page","type-page","status-publish","has-post-thumbnail","hentry"],"acf":[],"_links":{"self":[{"href":"https:\/\/tin.eu\/hr\/wp-json\/wp\/v2\/pages\/31","targetHints":{"allow":["GET"]}}],"collection":[{"href":"https:\/\/tin.eu\/hr\/wp-json\/wp\/v2\/pages"}],"about":[{"href":"https:\/\/tin.eu\/hr\/wp-json\/wp\/v2\/types\/page"}],"author":[{"embeddable":true,"href":"https:\/\/tin.eu\/hr\/wp-json\/wp\/v2\/users\/1"}],"replies":[{"embeddable":true,"href":"https:\/\/tin.eu\/hr\/wp-json\/wp\/v2\/comments?post=31"}],"version-history":[{"count":1,"href":"https:\/\/tin.eu\/hr\/wp-json\/wp\/v2\/pages\/31\/revisions"}],"predecessor-version":[{"id":32,"href":"https:\/\/tin.eu\/hr\/wp-json\/wp\/v2\/pages\/31\/revisions\/32"}],"wp:featuredmedia":[{"embeddable":true,"href":"https:\/\/tin.eu\/hr\/wp-json\/wp\/v2\/media\/643"}],"wp:attachment":[{"href":"https:\/\/tin.eu\/hr\/wp-json\/wp\/v2\/media?parent=31"}],"curies":[{"name":"wp","href":"https:\/\/api.w.org\/{rel}","templated":true}]}}