{"id":28,"date":"2024-04-09T09:55:33","date_gmt":"2024-04-09T09:55:33","guid":{"rendered":"https:\/\/tin.eu\/?page_id=28"},"modified":"2025-10-23T12:42:49","modified_gmt":"2025-10-23T10:42:49","slug":"about-us","status":"publish","type":"page","link":"https:\/\/tin.eu\/hr\/about-us\/","title":{"rendered":"Over ons"},"content":{"rendered":"\t\t<div data-elementor-type=\"wp-page\" data-elementor-id=\"28\" class=\"elementor elementor-28\" data-elementor-post-type=\"page\">\n\t\t\t\t<div class=\"elementor-element elementor-element-a5177af header e-flex e-con-boxed e-con e-parent\" data-id=\"a5177af\" data-element_type=\"container\">\n\t\t\t\t\t<div class=\"e-con-inner\">\n\t\t<div class=\"elementor-element elementor-element-ed50013 container e-flex e-con-boxed e-con e-child\" data-id=\"ed50013\" data-element_type=\"container\">\n\t\t\t\t\t<div class=\"e-con-inner\">\n\t\t\t\t<div class=\"elementor-element elementor-element-52abc99 elementor-widget elementor-widget-heading\" data-id=\"52abc99\" data-element_type=\"widget\" data-widget_type=\"heading.default\">\n\t\t\t\t<div class=\"elementor-widget-container\">\n\t\t\t<style>\/*! elementor - v3.21.0 - 26-05-2024 *\/\n.elementor-heading-title{padding:0;margin:0;line-height:1}.elementor-widget-heading .elementor-heading-title[class*=elementor-size-]>a{color:inherit;font-size:inherit;line-height:inherit}.elementor-widget-heading .elementor-heading-title.elementor-size-small{font-size:15px}.elementor-widget-heading .elementor-heading-title.elementor-size-medium{font-size:19px}.elementor-widget-heading .elementor-heading-title.elementor-size-large{font-size:29px}.elementor-widget-heading .elementor-heading-title.elementor-size-xl{font-size:39px}.elementor-widget-heading .elementor-heading-title.elementor-size-xxl{font-size:59px}<\/style><h1 class=\"elementor-heading-title elementor-size-default\">O nama<\/h1>\t\t<\/div>\n\t\t\t\t<\/div>\n\t\t\t\t\t<\/div>\n\t\t\t\t<\/div>\n\t\t\t\t\t<\/div>\n\t\t\t\t<\/div>\n\t\t<div class=\"elementor-element elementor-element-1687dfd container e-flex e-con-boxed e-con e-parent\" data-id=\"1687dfd\" data-element_type=\"container\">\n\t\t\t\t\t<div class=\"e-con-inner\">\n\t\t<div class=\"elementor-element elementor-element-445a82c service__row e-flex e-con-boxed e-con e-child\" data-id=\"445a82c\" data-element_type=\"container\">\n\t\t\t\t\t<div class=\"e-con-inner\">\n\t\t\t\t<div class=\"elementor-element elementor-element-fbabae1 col__service col__service_img col__service_img-about-us elementor-widget elementor-widget-text-editor\" data-id=\"fbabae1\" data-element_type=\"widget\" data-widget_type=\"text-editor.default\">\n\t\t\t\t<div class=\"elementor-widget-container\">\n\t\t\t<style>\/*! elementor - v3.21.0 - 26-05-2024 *\/\n.elementor-widget-text-editor.elementor-drop-cap-view-stacked .elementor-drop-cap{background-color:#69727d;color:#fff}.elementor-widget-text-editor.elementor-drop-cap-view-framed .elementor-drop-cap{color:#69727d;border:3px solid;background-color:transparent}.elementor-widget-text-editor:not(.elementor-drop-cap-view-default) .elementor-drop-cap{margin-top:8px}.elementor-widget-text-editor:not(.elementor-drop-cap-view-default) .elementor-drop-cap-letter{width:1em;height:1em}.elementor-widget-text-editor .elementor-drop-cap{float:left;text-align:center;line-height:1;font-size:50px}.elementor-widget-text-editor .elementor-drop-cap-letter{display:inline-block}<\/style>\t\t\t\t<p><img decoding=\"async\" class=\"alignnone size-full wp-image-332\" src=\"https:\/\/tin.eu\/wp-content\/uploads\/2024\/04\/truck-right-1.svg\" alt=\"TIN\" \/><\/p>\t\t\t\t\t\t<\/div>\n\t\t\t\t<\/div>\n\t\t\t\t<div class=\"elementor-element elementor-element-d794fe4 elementor-widget elementor-widget-text-editor\" data-id=\"d794fe4\" data-element_type=\"widget\" data-widget_type=\"text-editor.default\">\n\t\t\t\t<div class=\"elementor-widget-container\">\n\t\t\t\t\t\t\t<h2>Tko smo mi<\/h2><p>TIN je Va\u0161 pouzdan partner na putu. Osnovan kao Transport in Nood 2008. godine od strane Antonia Oliveire, izrasli smo iz jednostavne misije vra\u0107anja vozila na cestu \u0161to je br\u017ee mogu\u0107e u sveobuhvatnog pru\u017eatelja usluga za transportnu industriju. Na\u0161 predani tim od oko 20 stru\u010dnjaka predan je osiguravanju da se prijevoznici mogu koncentrirati na svoje osnovne zadatke, prepu\u0161taju\u0107i izazove nama.<\/p><h2>Na\u0161a evolucija<\/h2><p>TIN se zna\u010dajno razvio od svog po\u010detka. U po\u010detku usmjereni na pomo\u0107 prijevoznicima kako bi \u0161to br\u017ee nastavili putovanje nakon zaustavljanja iz bilo kojeg razloga, na\u0161 se spektar usluga znatno pro\u0161irio. Danas se mo\u017eemo pohvaliti \u0161irokom europskom mre\u017eom, podr\u017eavaju\u0107i vi\u0161e od 3200 klijenata diljem kontinenta s raznim prilago\u0111enim rje\u0161enjima, od 24-satne pomo\u0107i za pla\u0107anje kazni na cesti do pravne podr\u0161ke u osporavanju kazni, sveobuhvatnog sustava naplate cestarine, kartice za pla\u0107anje i vi\u0161e.<\/p><h2>Digitalno i za budu\u0107nost<\/h2><p>Digitalna tranzicija polako zahva\u0107a sektor me\u0111unarodnog cestovnog prometa. Kao odgovor na ovaj razvoj i u i\u0161\u010dekivanju daljnje digitalizacije, TIN je iskoristio svoje veliko iskustvo za dizajn vlasni\u010dkog softvera i sustava. Na primjer, na\u0161 inovativni CRM sustav, koji je povezan s aplikacijom na telefonima voza\u010da, olak\u0161ava razmjenu kontrolnih informacija i dokumenata u stvarnom vremenu izme\u0111u voza\u010da, administrativnog osoblja i nadle\u017enih tijela. To uvelike pojednostavljuje logistiku uskla\u0111ivanja s nacionalnim i EU propisima. \u0160tovi\u0161e, na\u0161a je platforma modularna i stoga se mo\u017ee lako pro\u0161iriti novom funkcionalno\u0161\u0107u \u010dim postane dostupna.<\/p><p>Dakle, s TIN-om ste spremni za budu\u0107nost.<\/p><h2>Predanost<\/h2><p>U TIN-u, kontinuitet poslovanja i zadovoljstvo na\u0161ih klijenata na\u0161 su glavni prioritet. Bilo da se radi o na\u0161oj 24-satnoj pomo\u0107i, na\u0161im naprednim tehnolo\u0161kim rje\u0161enjima ili na\u0161em sveobuhvatnom paketu usluga, posve\u0107eni smo pru\u017eanju podr\u0161ke koja Vam je potrebna, kada Vam je potrebna.<\/p><h2>Upoznajmo se<\/h2><p>Mi smo vi\u0161e od samog pru\u017eatelja usluga! Mi smo Va\u0161 partner na svakom putovanju. Kontaktirajte nas ve\u0107 danas kako biste saznali vi\u0161e o na\u0161im uslugama i kako mo\u017eemo odgovoriti na va\u0161e specifi\u010dne potrebe na putu prema Va\u0161em uspjehu.<\/p><p>Iskusite bezbri\u017enost koju donosi suradnja s TIN-om. Bit \u0107e nam drago po\u017eeljeti vam dobrodo\u0161licu kao na\u0161em novom kupcu!<\/p>\t\t\t\t\t\t<\/div>\n\t\t\t\t<\/div>\n\t\t\t\t\t<\/div>\n\t\t\t\t<\/div>\n\t\t\t\t\t<\/div>\n\t\t\t\t<\/div>\n\t\t<div class=\"elementor-element elementor-element-457e77b about-us e-flex e-con-boxed e-con e-parent\" data-id=\"457e77b\" data-element_type=\"container\">\n\t\t\t\t\t<div class=\"e-con-inner\">\n\t\t<div class=\"elementor-element elementor-element-7a1ce95 about-us__container e-flex e-con-boxed e-con e-child\" data-id=\"7a1ce95\" data-element_type=\"container\">\n\t\t\t\t\t<div class=\"e-con-inner\">\n\t\t\t\t<div class=\"elementor-element elementor-element-17bd522 elementor-widget elementor-widget-text-editor\" data-id=\"17bd522\" data-element_type=\"widget\" data-widget_type=\"text-editor.default\">\n\t\t\t\t<div class=\"elementor-widget-container\">\n\t\t\t\t\t\t\t<h3><strong>2008<\/strong>\nosnivanje<\/h3>\t\t\t\t\t\t<\/div>\n\t\t\t\t<\/div>\n\t\t\t\t<div class=\"elementor-element elementor-element-9c01361 elementor-widget elementor-widget-text-editor\" data-id=\"9c01361\" data-element_type=\"widget\" data-widget_type=\"text-editor.default\">\n\t\t\t\t<div class=\"elementor-widget-container\">\n\t\t\t\t\t\t\t<h3><strong>2009<\/strong><br \/>30 klijenata<br \/>2 djelatnika<br \/>500 voza\u010da<\/h3>\t\t\t\t\t\t<\/div>\n\t\t\t\t<\/div>\n\t\t\t\t<div class=\"elementor-element elementor-element-1fdcbcc elementor-widget elementor-widget-text-editor\" data-id=\"1fdcbcc\" data-element_type=\"widget\" data-widget_type=\"text-editor.default\">\n\t\t\t\t<div class=\"elementor-widget-container\">\n\t\t\t\t\t\t\t<h3><strong>2012<\/strong><br \/>450 klijenata<br \/>10 djelatnika<br \/>5.000 voza\u010da<\/h3>\t\t\t\t\t\t<\/div>\n\t\t\t\t<\/div>\n\t\t\t\t<div class=\"elementor-element elementor-element-b6ffdb1 elementor-widget elementor-widget-text-editor\" data-id=\"b6ffdb1\" data-element_type=\"widget\" data-widget_type=\"text-editor.default\">\n\t\t\t\t<div class=\"elementor-widget-container\">\n\t\t\t\t\t\t\t<h3><strong>2015<\/strong><br \/>1.000 klijenata<br \/>16 djelatnika<br \/>6.000 voza\u010da<\/h3>\t\t\t\t\t\t<\/div>\n\t\t\t\t<\/div>\n\t\t\t\t<div class=\"elementor-element elementor-element-3fde6fb elementor-widget elementor-widget-text-editor\" data-id=\"3fde6fb\" data-element_type=\"widget\" data-widget_type=\"text-editor.default\">\n\t\t\t\t<div class=\"elementor-widget-container\">\n\t\t\t\t\t\t\t<h3><strong>2016<\/strong><br \/>1.920 klijenata<br \/>20 djelatnika<br \/>8.000 voza\u010da<\/h3>\t\t\t\t\t\t<\/div>\n\t\t\t\t<\/div>\n\t\t\t\t<div class=\"elementor-element elementor-element-f79eea9 elementor-widget elementor-widget-text-editor\" data-id=\"f79eea9\" data-element_type=\"widget\" data-widget_type=\"text-editor.default\">\n\t\t\t\t<div class=\"elementor-widget-container\">\n\t\t\t\t\t\t\t<h3><strong>2018<\/strong><br \/>2.190 klijenata<br \/>22 djelatnika<br \/>10.000 voza\u010da<\/h3>\t\t\t\t\t\t<\/div>\n\t\t\t\t<\/div>\n\t\t\t\t<div class=\"elementor-element elementor-element-7674e09 elementor-widget elementor-widget-text-editor\" data-id=\"7674e09\" data-element_type=\"widget\" data-widget_type=\"text-editor.default\">\n\t\t\t\t<div class=\"elementor-widget-container\">\n\t\t\t\t\t\t\t<h3><strong>2021<\/strong><br \/>2.730 klijenata<br \/>26 djelatnika<br \/>25.000 voza\u010da<\/h3>\t\t\t\t\t\t<\/div>\n\t\t\t\t<\/div>\n\t\t\t\t<div class=\"elementor-element elementor-element-ac78596 elementor-widget elementor-widget-text-editor\" data-id=\"ac78596\" data-element_type=\"widget\" data-widget_type=\"text-editor.default\">\n\t\t\t\t<div class=\"elementor-widget-container\">\n\t\t\t\t\t\t\t<h3><strong>2024<\/strong><br \/>3.203 klijenta<br \/>32 djelatnika<br \/>30.000 voza\u010da<\/h3>\t\t\t\t\t\t<\/div>\n\t\t\t\t<\/div>\n\t\t\t\t\t<\/div>\n\t\t\t\t<\/div>\n\t\t\t\t\t<\/div>\n\t\t\t\t<\/div>\n\t\t<div class=\"elementor-element elementor-element-dc034be home-articles e-flex e-con-boxed e-con e-parent\" data-id=\"dc034be\" data-element_type=\"container\">\n\t\t\t\t\t<div class=\"e-con-inner\">\n\t\t<div class=\"elementor-element elementor-element-3a37f66 container e-flex e-con-boxed e-con e-child\" data-id=\"3a37f66\" data-element_type=\"container\">\n\t\t\t\t\t<div class=\"e-con-inner\">\n\t\t\t\t<div class=\"elementor-element elementor-element-aa53c63 elementor-widget elementor-widget-shortcode\" data-id=\"aa53c63\" data-element_type=\"widget\" data-widget_type=\"shortcode.default\">\n\t\t\t\t<div class=\"elementor-widget-container\">\n\t\t\t\t\t<div class=\"elementor-shortcode\"><h2>USLUGE<\/h2><div class=\"hp-articles\"><div class=\"hp-article\"><a class=\"hp-article__img hp-article__lazy\" href=\"https:\/\/tin.eu\/hr\/services\/24-7-service\/\" data-src=\"https:\/\/tin.eu\/wp-content\/uploads\/2024\/04\/iStock-1456618360_2-1024x665.webp\"><span class=\"loader-spin\">&nbsp;<\/span><\/a><h3 class=\"hp-article__name\">Usluga 24\/7<\/h3><div class=\"hp-article__content\">Ako se jedan od Va\u0161ih kamiona pokvari ili iz bilo kojeg drugog razloga bude sprije\u010den da nastavi svoje putovanje, mo\u017eete...<\/div><div class=\"hp-article__link\"><a href=\"https:\/\/tin.eu\/hr\/services\/24-7-service\/\">Saznajte vi\u0161e<\/a><\/div><\/div><div class=\"hp-article\"><a class=\"hp-article__img hp-article__lazy\" href=\"https:\/\/tin.eu\/hr\/services\/imi-all-in-service\/\" data-src=\"https:\/\/tin.eu\/wp-content\/uploads\/2024\/04\/iStock-1177176016-1024x742.jpg\"><span class=\"loader-spin\">&nbsp;<\/span><\/a><h3 class=\"hp-article__name\">IMI sveobuhvatna usluga<\/h3><div class=\"hp-article__content\">Snala\u017eenje kroz slo\u017eenost propisa EU-a o upu\u0107ivanju na radna mjesta mo\u017ee biti frustriraju\u0107e i dugotrajno. S integracijom...<\/div><div class=\"hp-article__link\"><a href=\"https:\/\/tin.eu\/hr\/services\/imi-all-in-service\/\">Saznajte vi\u0161e<\/a><\/div><\/div><div class=\"hp-article\"><a class=\"hp-article__img hp-article__lazy\" href=\"https:\/\/tin.eu\/hr\/services\/instant-payment\/\" data-src=\"https:\/\/tin.eu\/wp-content\/uploads\/2024\/04\/iStock-1857835872_2-1024x754.webp\"><span class=\"loader-spin\">&nbsp;<\/span><\/a><h3 class=\"hp-article__name\">Pla\u0107anje kazni<\/h3><div class=\"hp-article__content\">Otuda i usluga koja je donijela velik rast TIN-a: me\u0111unarodno pla\u0107anje kazni. Zaustavljanje zbog naplate kazne na licu m...<\/div><div class=\"hp-article__link\"><a href=\"https:\/\/tin.eu\/hr\/services\/instant-payment\/\">Saznajte vi\u0161e<\/a><\/div><\/div><div class=\"hp-article\"><a class=\"hp-article__img hp-article__lazy\" href=\"https:\/\/tin.eu\/hr\/services\/legal-control-app\/\" data-src=\"https:\/\/tin.eu\/wp-content\/uploads\/2024\/04\/legal-controll-app-1024x683.webp\"><span class=\"loader-spin\">&nbsp;<\/span><\/a><h3 class=\"hp-article__name\">Legal Control aplikacija<\/h3><div class=\"hp-article__content\">Prije nekoliko godina TIN je razvio aplikaciju Legal Control kao rje\u0161enje za brdo papirologije uzrokovane IMI-jem i logi...<\/div><div class=\"hp-article__link\"><a href=\"https:\/\/tin.eu\/hr\/services\/legal-control-app\/\">Saznajte vi\u0161e<\/a><\/div><\/div><div class=\"hp-article\"><a class=\"hp-article__img hp-article__lazy\" href=\"https:\/\/tin.eu\/hr\/services\/toll-service\/\" data-src=\"https:\/\/tin.eu\/wp-content\/uploads\/2024\/08\/iStock-1256198515-1024x682.webp\"><span class=\"loader-spin\">&nbsp;<\/span><\/a><h3 class=\"hp-article__name\">Usluga pla\u0107anja cestarina<\/h3><div class=\"hp-article__content\">Potaknut ambicijom pru\u017eanja podr\u0161ke i prednosti korisnicima gdje god je to mogu\u0107e, TIN je sura\u0111ivao s talijanskom Federa...<\/div><div class=\"hp-article__link\"><a href=\"https:\/\/tin.eu\/hr\/services\/toll-service\/\">Saznajte vi\u0161e<\/a><\/div><\/div><div class=\"hp-article\"><a class=\"hp-article__img hp-article__lazy\" href=\"https:\/\/tin.eu\/hr\/services\/special-permits\/\" data-src=\"https:\/\/tin.eu\/wp-content\/uploads\/2024\/04\/wiki-westersch_CommonsGNU_Free_Documentation_License-1024x768.jpg\"><span class=\"loader-spin\">&nbsp;<\/span><\/a><h3 class=\"hp-article__name\">Posebne dozvole<\/h3><div class=\"hp-article__content\">Uz dugogodi\u0161nje iskustvo diljem Europe, TIN je Va\u0161 partner za dobivanje posebnih dozvola za izvanredne prijevoze. Prepus...<\/div><div class=\"hp-article__link\"><a href=\"https:\/\/tin.eu\/hr\/services\/special-permits\/\">Saznajte vi\u0161e<\/a><\/div><\/div><div class=\"hp-article\"><a class=\"hp-article__img hp-article__lazy\" href=\"https:\/\/tin.eu\/hr\/services\/legal-service\/\" data-src=\"https:\/\/tin.eu\/wp-content\/uploads\/2024\/04\/image_2024_04_10T14_54_11_722Z-1024x683.webp\"><span class=\"loader-spin\">&nbsp;<\/span><\/a><h3 class=\"hp-article__name\">\u017dalbe<\/h3><div class=\"hp-article__content\">Diljem Europe TIN odr\u017eava bliske odnose s pru\u017eateljima pravnih usluga specijaliziranim za sektor prijevoza i lokalno u n...<\/div><div class=\"hp-article__link\"><a href=\"https:\/\/tin.eu\/hr\/services\/legal-service\/\">Saznajte vi\u0161e<\/a><\/div><\/div><div class=\"hp-article\"><a class=\"hp-article__img hp-article__lazy\" href=\"https:\/\/tin.eu\/hr\/services\/uk-checklist\/\" data-src=\"https:\/\/tin.eu\/wp-content\/uploads\/2024\/04\/iStock-1567856598x1-copy-1024x683.jpg\"><span class=\"loader-spin\">&nbsp;<\/span><\/a><h3 class=\"hp-article__name\">Kontrolni popis za UK<\/h3><div class=\"hp-article__content\">Kada Va\u0161e prijevozno sredstvo ide prema Ujedinjenom Kraljevstvu, Va\u0161 voza\u010d du\u017ean je britanskim vlastima predo\u010diti dokume...<\/div><div class=\"hp-article__link\"><a href=\"https:\/\/tin.eu\/hr\/services\/uk-checklist\/\">Saznajte vi\u0161e<\/a><\/div><\/div><div class=\"hp-article\"><a class=\"hp-article__img hp-article__lazy\" href=\"https:\/\/tin.eu\/hr\/services\/ddd-analysis\/\" data-src=\"https:\/\/tin.eu\/wp-content\/uploads\/2024\/04\/iStock-1237313230-1024x683.webp\"><span class=\"loader-spin\">&nbsp;<\/span><\/a><h3 class=\"hp-article__name\">DDD analiza<\/h3><div class=\"hp-article__content\">Sveobuhvatni paket usluga za europski sektor cestovnog prijevoza ne bi bio potpun bez analize tahografa. Zato TIN i ovdj...<\/div><div class=\"hp-article__link\"><a href=\"https:\/\/tin.eu\/hr\/services\/ddd-analysis\/\">Saznajte vi\u0161e<\/a><\/div><\/div><div class=\"hp-article\"><a class=\"hp-article__img hp-article__lazy\" href=\"https:\/\/tin.eu\/hr\/services\/tin-crm-system\/\" data-src=\"https:\/\/tin.eu\/wp-content\/uploads\/2024\/04\/iStock-959638326-1024x683.jpg\"><span class=\"loader-spin\">&nbsp;<\/span><\/a><h3 class=\"hp-article__name\">TIN CRM sustav<\/h3><div class=\"hp-article__content\">Usluge TIN-a oslanjaju se na brzu, pouzdanu i sigurnu pohranu i razmjenu \u010desto osjetljivih informacija i dokumenata. Sto...<\/div><div class=\"hp-article__link\"><a href=\"https:\/\/tin.eu\/hr\/services\/tin-crm-system\/\">Saznajte vi\u0161e<\/a><\/div><\/div><div class=\"hp-article\"><a class=\"hp-article__img hp-article__lazy\" href=\"https:\/\/tin.eu\/hr\/services\/payments-card\/\" data-src=\"https:\/\/tin.eu\/wp-content\/uploads\/2024\/04\/image_2024_04_10T14_51_14_145Z-1024x632.webp\"><span class=\"loader-spin\">&nbsp;<\/span><\/a><h3 class=\"hp-article__name\">Platne kartice<\/h3><div class=\"hp-article__content\">Upravljajte putnim tro\u0161kovima svoje flote pomo\u0107u TIN kartice za pla\u0107anje. Osmi\u0161ljena posebno za jedinstvene zahtjeve pri...<\/div><div class=\"hp-article__link\"><a href=\"https:\/\/tin.eu\/hr\/services\/payments-card\/\">Saznajte vi\u0161e<\/a><\/div><\/div><div class=\"hp-article\"><a class=\"hp-article__img hp-article__lazy\" href=\"https:\/\/tin.eu\/hr\/services\/translations-service\/\" data-src=\"https:\/\/tin.eu\/wp-content\/uploads\/2024\/04\/iStock-1456166410-1024x683.webp\"><span class=\"loader-spin\">&nbsp;<\/span><\/a><h3 class=\"hp-article__name\">Usluga prevo\u0111enja<\/h3><div class=\"hp-article__content\">TIN pru\u017ea sveobuhvatnu uslugu prevo\u0111enja za u\u010dinkovitu komunikaciju na svim europskim jezicima. Od prijevoda pravnih dok...<\/div><div class=\"hp-article__link\"><a href=\"https:\/\/tin.eu\/hr\/services\/translations-service\/\">Saznajte vi\u0161e<\/a><\/div><\/div><\/div><\/div>\n\t\t\t\t<\/div>\n\t\t\t\t<\/div>\n\t\t\t\t\t<\/div>\n\t\t\t\t<\/div>\n\t\t\t\t\t<\/div>\n\t\t\t\t<\/div>\n\t\t\t\t<\/div>\n\t\t","protected":false},"excerpt":{"rendered":"<p>TIN is uw betrouwbare partner op de weg. In 2008 door Antonio Oliveira opgericht als Transport in Nood, zijn we de eenvoudige gedachte om vrachtwagens zo snel mogelijk weer de weg op te krijgen ontgroeid, maar zeker niet vergeten. Inmiddels is TIN een veelzijdige dienstverlener. Ons toegewijde team van ongeveer 20 professionals zet zich in om ervoor te zorgen dat transporteurs zich kunnen concentreren op hun kerntaken omdat ze de administratieve logistiek aan ons overlaten.<\/p>\n","protected":false},"author":1,"featured_media":644,"parent":0,"menu_order":8,"comment_status":"closed","ping_status":"closed","template":"","meta":{"_acf_changed":false,"footnotes":""},"class_list":["post-28","page","type-page","status-publish","has-post-thumbnail","hentry"],"acf":[],"_links":{"self":[{"href":"https:\/\/tin.eu\/hr\/wp-json\/wp\/v2\/pages\/28","targetHints":{"allow":["GET"]}}],"collection":[{"href":"https:\/\/tin.eu\/hr\/wp-json\/wp\/v2\/pages"}],"about":[{"href":"https:\/\/tin.eu\/hr\/wp-json\/wp\/v2\/types\/page"}],"author":[{"embeddable":true,"href":"https:\/\/tin.eu\/hr\/wp-json\/wp\/v2\/users\/1"}],"replies":[{"embeddable":true,"href":"https:\/\/tin.eu\/hr\/wp-json\/wp\/v2\/comments?post=28"}],"version-history":[{"count":1,"href":"https:\/\/tin.eu\/hr\/wp-json\/wp\/v2\/pages\/28\/revisions"}],"predecessor-version":[{"id":29,"href":"https:\/\/tin.eu\/hr\/wp-json\/wp\/v2\/pages\/28\/revisions\/29"}],"wp:featuredmedia":[{"embeddable":true,"href":"https:\/\/tin.eu\/hr\/wp-json\/wp\/v2\/media\/644"}],"wp:attachment":[{"href":"https:\/\/tin.eu\/hr\/wp-json\/wp\/v2\/media?parent=28"}],"curies":[{"name":"wp","href":"https:\/\/api.w.org\/{rel}","templated":true}]}}