{"id":24,"date":"2024-04-09T09:54:50","date_gmt":"2024-04-09T09:54:50","guid":{"rendered":"https:\/\/tin.eu\/?page_id=24"},"modified":"2024-11-19T15:25:39","modified_gmt":"2024-11-19T14:25:39","slug":"fines","status":"publish","type":"page","link":"https:\/\/tin.eu\/hr\/fines\/","title":{"rendered":"Boetes"},"content":{"rendered":"\t\t<div data-elementor-type=\"wp-page\" data-elementor-id=\"24\" class=\"elementor elementor-24\" data-elementor-post-type=\"page\">\n\t\t\t\t<div class=\"elementor-element elementor-element-6e252da header e-flex e-con-boxed e-con e-parent\" data-id=\"6e252da\" data-element_type=\"container\">\n\t\t\t\t\t<div class=\"e-con-inner\">\n\t\t<div class=\"elementor-element elementor-element-d88aa14 container e-flex e-con-boxed e-con e-child\" data-id=\"d88aa14\" data-element_type=\"container\">\n\t\t\t\t\t<div class=\"e-con-inner\">\n\t\t\t\t<div class=\"elementor-element elementor-element-f384b90 elementor-widget elementor-widget-text-editor\" data-id=\"f384b90\" data-element_type=\"widget\" data-widget_type=\"text-editor.default\">\n\t\t\t\t<div class=\"elementor-widget-container\">\n\t\t\t<style>\/*! elementor - v3.21.0 - 26-05-2024 *\/\n.elementor-widget-text-editor.elementor-drop-cap-view-stacked .elementor-drop-cap{background-color:#69727d;color:#fff}.elementor-widget-text-editor.elementor-drop-cap-view-framed .elementor-drop-cap{color:#69727d;border:3px solid;background-color:transparent}.elementor-widget-text-editor:not(.elementor-drop-cap-view-default) .elementor-drop-cap{margin-top:8px}.elementor-widget-text-editor:not(.elementor-drop-cap-view-default) .elementor-drop-cap-letter{width:1em;height:1em}.elementor-widget-text-editor .elementor-drop-cap{float:left;text-align:center;line-height:1;font-size:50px}.elementor-widget-text-editor .elementor-drop-cap-letter{display:inline-block}<\/style>\t\t\t\t<h1>Nov\u010dane kazne<\/h1>\t\t\t\t\t\t<\/div>\n\t\t\t\t<\/div>\n\t\t\t\t\t<\/div>\n\t\t\t\t<\/div>\n\t\t\t\t\t<\/div>\n\t\t\t\t<\/div>\n\t\t<div class=\"elementor-element elementor-element-563530f container e-flex e-con-boxed e-con e-parent\" data-id=\"563530f\" data-element_type=\"container\">\n\t\t\t\t\t<div class=\"e-con-inner\">\n\t\t<div class=\"elementor-element elementor-element-ec20deb service__row e-flex e-con-boxed e-con e-child\" data-id=\"ec20deb\" data-element_type=\"container\">\n\t\t\t\t\t<div class=\"e-con-inner\">\n\t\t\t\t<div class=\"elementor-element elementor-element-c379351 col__service elementor-widget elementor-widget-shortcode\" data-id=\"c379351\" data-element_type=\"widget\" data-widget_type=\"shortcode.default\">\n\t\t\t\t<div class=\"elementor-widget-container\">\n\t\t\t\t\t<div class=\"elementor-shortcode\"><div class=\"home__services\"><div class=\"home__services-item home__services-item-114 home__services-item_1\"><a class=\"home__services-icon\" href=\"https:\/\/tin.eu\/hr\/services\/instant-payment\/\"><img decoding=\"async\" class=\"home__services-icon-1\" src=\"https:\/\/tin.eu\/wp-content\/uploads\/2024\/04\/penalty.svg\" alt=\"Pla\u0107anje kazni\" width=\"80\" height=\"80\"><img decoding=\"async\" class=\"home__services-icon-2\" src=\"https:\/\/tin.eu\/wp-content\/uploads\/2024\/04\/penalty_blue.svg\" alt=\"Pla\u0107anje kazni\" width=\"80\" height=\"80\"><\/a><div class=\"home__services-title\">Pla\u0107anje kazni<\/div><\/div><div class=\"home__services-item home__services-item-112 home__services-item_2\"><a class=\"home__services-icon\" href=\"https:\/\/tin.eu\/hr\/services\/24-7-service\/\"><img decoding=\"async\" class=\"home__services-icon-1\" src=\"https:\/\/tin.eu\/wp-content\/uploads\/2024\/04\/27-7.svg\" alt=\"Usluga 24\/7\" width=\"80\" height=\"80\"><img loading=\"lazy\" decoding=\"async\" class=\"home__services-icon-2\" src=\"https:\/\/tin.eu\/wp-content\/uploads\/2024\/04\/27-7_blue.svg\" alt=\"Usluga 24\/7\" width=\"80\" height=\"80\"><\/a><div class=\"home__services-title\">Usluga 24\/7<\/div><\/div><div class=\"home__services-item home__services-item-110 home__services-item_3\"><a class=\"home__services-icon\" href=\"https:\/\/tin.eu\/hr\/services\/legal-service\/\"><img loading=\"lazy\" decoding=\"async\" class=\"home__services-icon-1\" src=\"https:\/\/tin.eu\/wp-content\/uploads\/2024\/04\/legal-service.svg\" alt=\"\u017dalbe\" width=\"80\" height=\"80\"><img loading=\"lazy\" decoding=\"async\" class=\"home__services-icon-2\" src=\"https:\/\/tin.eu\/wp-content\/uploads\/2024\/04\/legal-service_blue.svg\" alt=\"\u017dalbe\" width=\"80\" height=\"80\"><\/a><div class=\"home__services-title\">\u017dalbe<\/div><\/div><div class=\"home__services-item home__services-item-108 home__services-item_4\"><a class=\"home__services-icon\" href=\"https:\/\/tin.eu\/hr\/services\/payments-card\/\"><img loading=\"lazy\" decoding=\"async\" class=\"home__services-icon-1\" src=\"https:\/\/tin.eu\/wp-content\/uploads\/2024\/04\/payment-card.svg\" alt=\"Platne kartice\" width=\"80\" height=\"80\"><img loading=\"lazy\" decoding=\"async\" class=\"home__services-icon-2\" src=\"https:\/\/tin.eu\/wp-content\/uploads\/2024\/04\/payment-card_blue.svg\" alt=\"Platne kartice\" width=\"80\" height=\"80\"><\/a><div class=\"home__services-title\">Platne kartice<\/div><\/div><\/div><\/div>\n\t\t\t\t<\/div>\n\t\t\t\t<\/div>\n\t\t\t\t<div class=\"elementor-element elementor-element-141ea1d elementor-widget elementor-widget-text-editor\" data-id=\"141ea1d\" data-element_type=\"widget\" data-widget_type=\"text-editor.default\">\n\t\t\t\t<div class=\"elementor-widget-container\">\n\t\t\t\t\t\t\t<h2>Pla\u0107anje kazni i pravna pomo\u0107 u cijeloj Europi &#8211; 24\/7<\/h2><p>S TIN-om imate 16 godina iskustva u omogu\u0107avanju brzih pla\u0107anja u inozemstvu. U tu smo svrhu razvili razli\u010dite sustave i usluge koji su se dokazali u svakodnevnoj praksi. Njihova evolucija je u tijeku \u2013 kao odgovor na promjenjivo zakonodavstvo i jednostavno zato \u0161to tehnolo\u0161ki napredak omogu\u0107uje inovacije.<\/p><p>TIN nudi stru\u010dnu pravnu pomo\u0107 u cijeloj Europi. To osigurava da nikada ne\u0107ete platiti nepravednu kaznu i da \u0107ete uvijek biti u skladu s primjenjivim zakonima i propisima.<\/p><p>Kliknite na ikone za vi\u0161e pojedinosti o tome kako na\u0161e usluge i sustavi rade zajedno da rade za Vas.<\/p>\t\t\t\t\t\t<\/div>\n\t\t\t\t<\/div>\n\t\t\t\t\t<\/div>\n\t\t\t\t<\/div>\n\t\t\t\t\t<\/div>\n\t\t\t\t<\/div>\n\t\t<div class=\"elementor-element elementor-element-76f934b home-articles e-flex e-con-boxed e-con e-parent\" data-id=\"76f934b\" data-element_type=\"container\">\n\t\t\t\t\t<div class=\"e-con-inner\">\n\t\t<div class=\"elementor-element elementor-element-12e29e1 container e-flex e-con-boxed e-con e-child\" data-id=\"12e29e1\" data-element_type=\"container\">\n\t\t\t\t\t<div class=\"e-con-inner\">\n\t\t\t\t<div class=\"elementor-element elementor-element-7b731aa elementor-widget elementor-widget-shortcode\" data-id=\"7b731aa\" data-element_type=\"widget\" data-widget_type=\"shortcode.default\">\n\t\t\t\t<div class=\"elementor-widget-container\">\n\t\t\t\t\t<div class=\"elementor-shortcode\"><h2>USLUGE<\/h2><div class=\"hp-articles\"><div class=\"hp-article\"><a class=\"hp-article__img hp-article__lazy\" href=\"https:\/\/tin.eu\/hr\/services\/toll-service\/\" data-src=\"https:\/\/tin.eu\/wp-content\/uploads\/2024\/08\/iStock-1256198515-1024x682.webp\"><span class=\"loader-spin\">&nbsp;<\/span><\/a><h3 class=\"hp-article__name\">Usluga pla\u0107anja cestarina<\/h3><div class=\"hp-article__content\">Potaknut ambicijom pru\u017eanja podr\u0161ke i prednosti korisnicima gdje god je to mogu\u0107e, TIN je sura\u0111ivao s talijanskom Federa...<\/div><div class=\"hp-article__link\"><a href=\"https:\/\/tin.eu\/hr\/services\/toll-service\/\">Saznajte vi\u0161e<\/a><\/div><\/div><div class=\"hp-article\"><a class=\"hp-article__img hp-article__lazy\" href=\"https:\/\/tin.eu\/hr\/services\/legal-service\/\" data-src=\"https:\/\/tin.eu\/wp-content\/uploads\/2024\/04\/image_2024_04_10T14_54_11_722Z-1024x683.webp\"><span class=\"loader-spin\">&nbsp;<\/span><\/a><h3 class=\"hp-article__name\">\u017dalbe<\/h3><div class=\"hp-article__content\">Diljem Europe TIN odr\u017eava bliske odnose s pru\u017eateljima pravnih usluga specijaliziranim za sektor prijevoza i lokalno u n...<\/div><div class=\"hp-article__link\"><a href=\"https:\/\/tin.eu\/hr\/services\/legal-service\/\">Saznajte vi\u0161e<\/a><\/div><\/div><div class=\"hp-article\"><a class=\"hp-article__img hp-article__lazy\" href=\"https:\/\/tin.eu\/hr\/services\/instant-payment\/\" data-src=\"https:\/\/tin.eu\/wp-content\/uploads\/2024\/04\/iStock-1857835872_2-1024x754.webp\"><span class=\"loader-spin\">&nbsp;<\/span><\/a><h3 class=\"hp-article__name\">Pla\u0107anje kazni<\/h3><div class=\"hp-article__content\">Otuda i usluga koja je donijela velik rast TIN-a: me\u0111unarodno pla\u0107anje kazni. Zaustavljanje zbog naplate kazne na licu m...<\/div><div class=\"hp-article__link\"><a href=\"https:\/\/tin.eu\/hr\/services\/instant-payment\/\">Saznajte vi\u0161e<\/a><\/div><\/div><div class=\"hp-article\"><a class=\"hp-article__img hp-article__lazy\" href=\"https:\/\/tin.eu\/hr\/services\/imi-all-in-service\/\" data-src=\"https:\/\/tin.eu\/wp-content\/uploads\/2024\/04\/iStock-1177176016-1024x742.jpg\"><span class=\"loader-spin\">&nbsp;<\/span><\/a><h3 class=\"hp-article__name\">IMI sveobuhvatna usluga<\/h3><div class=\"hp-article__content\">Snala\u017eenje kroz slo\u017eenost propisa EU-a o upu\u0107ivanju na radna mjesta mo\u017ee biti frustriraju\u0107e i dugotrajno. S integracijom...<\/div><div class=\"hp-article__link\"><a href=\"https:\/\/tin.eu\/hr\/services\/imi-all-in-service\/\">Saznajte vi\u0161e<\/a><\/div><\/div><div class=\"hp-article\"><a class=\"hp-article__img hp-article__lazy\" href=\"https:\/\/tin.eu\/hr\/services\/legal-control-app\/\" data-src=\"https:\/\/tin.eu\/wp-content\/uploads\/2024\/04\/legal-controll-app-1024x683.webp\"><span class=\"loader-spin\">&nbsp;<\/span><\/a><h3 class=\"hp-article__name\">Legal Control aplikacija<\/h3><div class=\"hp-article__content\">Prije nekoliko godina TIN je razvio aplikaciju Legal Control kao rje\u0161enje za brdo papirologije uzrokovane IMI-jem i logi...<\/div><div class=\"hp-article__link\"><a href=\"https:\/\/tin.eu\/hr\/services\/legal-control-app\/\">Saznajte vi\u0161e<\/a><\/div><\/div><div class=\"hp-article\"><a class=\"hp-article__img hp-article__lazy\" href=\"https:\/\/tin.eu\/hr\/services\/translations-service\/\" data-src=\"https:\/\/tin.eu\/wp-content\/uploads\/2024\/04\/iStock-1456166410-1024x683.webp\"><span class=\"loader-spin\">&nbsp;<\/span><\/a><h3 class=\"hp-article__name\">Usluga prevo\u0111enja<\/h3><div class=\"hp-article__content\">TIN pru\u017ea sveobuhvatnu uslugu prevo\u0111enja za u\u010dinkovitu komunikaciju na svim europskim jezicima. Od prijevoda pravnih dok...<\/div><div class=\"hp-article__link\"><a href=\"https:\/\/tin.eu\/hr\/services\/translations-service\/\">Saznajte vi\u0161e<\/a><\/div><\/div><div class=\"hp-article\"><a class=\"hp-article__img hp-article__lazy\" href=\"https:\/\/tin.eu\/hr\/services\/tin-crm-system\/\" data-src=\"https:\/\/tin.eu\/wp-content\/uploads\/2024\/04\/iStock-959638326-1024x683.jpg\"><span class=\"loader-spin\">&nbsp;<\/span><\/a><h3 class=\"hp-article__name\">TIN CRM sustav<\/h3><div class=\"hp-article__content\">Usluge TIN-a oslanjaju se na brzu, pouzdanu i sigurnu pohranu i razmjenu \u010desto osjetljivih informacija i dokumenata. Sto...<\/div><div class=\"hp-article__link\"><a href=\"https:\/\/tin.eu\/hr\/services\/tin-crm-system\/\">Saznajte vi\u0161e<\/a><\/div><\/div><div class=\"hp-article\"><a class=\"hp-article__img hp-article__lazy\" href=\"https:\/\/tin.eu\/hr\/services\/24-7-service\/\" data-src=\"https:\/\/tin.eu\/wp-content\/uploads\/2024\/04\/iStock-1456618360_2-1024x665.webp\"><span class=\"loader-spin\">&nbsp;<\/span><\/a><h3 class=\"hp-article__name\">Usluga 24\/7<\/h3><div class=\"hp-article__content\">Ako se jedan od Va\u0161ih kamiona pokvari ili iz bilo kojeg drugog razloga bude sprije\u010den da nastavi svoje putovanje, mo\u017eete...<\/div><div class=\"hp-article__link\"><a href=\"https:\/\/tin.eu\/hr\/services\/24-7-service\/\">Saznajte vi\u0161e<\/a><\/div><\/div><div class=\"hp-article\"><a class=\"hp-article__img hp-article__lazy\" href=\"https:\/\/tin.eu\/hr\/services\/uk-checklist\/\" data-src=\"https:\/\/tin.eu\/wp-content\/uploads\/2024\/04\/iStock-1567856598x1-copy-1024x683.jpg\"><span class=\"loader-spin\">&nbsp;<\/span><\/a><h3 class=\"hp-article__name\">Kontrolni popis za UK<\/h3><div class=\"hp-article__content\">Kada Va\u0161e prijevozno sredstvo ide prema Ujedinjenom Kraljevstvu, Va\u0161 voza\u010d du\u017ean je britanskim vlastima predo\u010diti dokume...<\/div><div class=\"hp-article__link\"><a href=\"https:\/\/tin.eu\/hr\/services\/uk-checklist\/\">Saznajte vi\u0161e<\/a><\/div><\/div><div class=\"hp-article\"><a class=\"hp-article__img hp-article__lazy\" href=\"https:\/\/tin.eu\/hr\/services\/ddd-analysis\/\" data-src=\"https:\/\/tin.eu\/wp-content\/uploads\/2024\/04\/iStock-1237313230-1024x683.webp\"><span class=\"loader-spin\">&nbsp;<\/span><\/a><h3 class=\"hp-article__name\">DDD analiza<\/h3><div class=\"hp-article__content\">Sveobuhvatni paket usluga za europski sektor cestovnog prijevoza ne bi bio potpun bez analize tahografa. Zato TIN i ovdj...<\/div><div class=\"hp-article__link\"><a href=\"https:\/\/tin.eu\/hr\/services\/ddd-analysis\/\">Saznajte vi\u0161e<\/a><\/div><\/div><div class=\"hp-article\"><a class=\"hp-article__img hp-article__lazy\" href=\"https:\/\/tin.eu\/hr\/services\/special-permits\/\" data-src=\"https:\/\/tin.eu\/wp-content\/uploads\/2024\/04\/wiki-westersch_CommonsGNU_Free_Documentation_License-1024x768.jpg\"><span class=\"loader-spin\">&nbsp;<\/span><\/a><h3 class=\"hp-article__name\">Posebne dozvole<\/h3><div class=\"hp-article__content\">Uz dugogodi\u0161nje iskustvo diljem Europe, TIN je Va\u0161 partner za dobivanje posebnih dozvola za izvanredne prijevoze. Prepus...<\/div><div class=\"hp-article__link\"><a href=\"https:\/\/tin.eu\/hr\/services\/special-permits\/\">Saznajte vi\u0161e<\/a><\/div><\/div><div class=\"hp-article\"><a class=\"hp-article__img hp-article__lazy\" href=\"https:\/\/tin.eu\/hr\/services\/payments-card\/\" data-src=\"https:\/\/tin.eu\/wp-content\/uploads\/2024\/04\/image_2024_04_10T14_51_14_145Z-1024x632.webp\"><span class=\"loader-spin\">&nbsp;<\/span><\/a><h3 class=\"hp-article__name\">Platne kartice<\/h3><div class=\"hp-article__content\">Upravljajte putnim tro\u0161kovima svoje flote pomo\u0107u TIN kartice za pla\u0107anje. Osmi\u0161ljena posebno za jedinstvene zahtjeve pri...<\/div><div class=\"hp-article__link\"><a href=\"https:\/\/tin.eu\/hr\/services\/payments-card\/\">Saznajte vi\u0161e<\/a><\/div><\/div><\/div><\/div>\n\t\t\t\t<\/div>\n\t\t\t\t<\/div>\n\t\t\t\t\t<\/div>\n\t\t\t\t<\/div>\n\t\t\t\t\t<\/div>\n\t\t\t\t<\/div>\n\t\t\t\t<\/div>\n\t\t","protected":false},"excerpt":{"rendered":"<p>Bij TIN lift u mee op 15 jaar ervaring met de verzorging van snelle betalingen in het buitenland. Inmiddels hebben we hiervoor verschillende systemen en diensten ontwikkeld die zich hebben bewezen in de praktijk van alledag. En hun ontwikkeling gaat voortdurend door \u2013 als antwoord op veranderende wetgeving, en simpelweg omdat technologische vooruitgang innovatie mogelijk maakt.<\/p>\n","protected":false},"author":1,"featured_media":626,"parent":0,"menu_order":13,"comment_status":"closed","ping_status":"closed","template":"","meta":{"_acf_changed":true,"footnotes":""},"class_list":["post-24","page","type-page","status-publish","has-post-thumbnail","hentry"],"acf":[],"_links":{"self":[{"href":"https:\/\/tin.eu\/hr\/wp-json\/wp\/v2\/pages\/24","targetHints":{"allow":["GET"]}}],"collection":[{"href":"https:\/\/tin.eu\/hr\/wp-json\/wp\/v2\/pages"}],"about":[{"href":"https:\/\/tin.eu\/hr\/wp-json\/wp\/v2\/types\/page"}],"author":[{"embeddable":true,"href":"https:\/\/tin.eu\/hr\/wp-json\/wp\/v2\/users\/1"}],"replies":[{"embeddable":true,"href":"https:\/\/tin.eu\/hr\/wp-json\/wp\/v2\/comments?post=24"}],"version-history":[{"count":1,"href":"https:\/\/tin.eu\/hr\/wp-json\/wp\/v2\/pages\/24\/revisions"}],"predecessor-version":[{"id":25,"href":"https:\/\/tin.eu\/hr\/wp-json\/wp\/v2\/pages\/24\/revisions\/25"}],"wp:featuredmedia":[{"embeddable":true,"href":"https:\/\/tin.eu\/hr\/wp-json\/wp\/v2\/media\/626"}],"wp:attachment":[{"href":"https:\/\/tin.eu\/hr\/wp-json\/wp\/v2\/media?parent=24"}],"curies":[{"name":"wp","href":"https:\/\/api.w.org\/{rel}","templated":true}]}}