{"id":22,"date":"2024-04-09T09:54:29","date_gmt":"2024-04-09T09:54:29","guid":{"rendered":"https:\/\/tin.eu\/?page_id=22"},"modified":"2024-11-19T15:33:50","modified_gmt":"2024-11-19T14:33:50","slug":"posting-imi","status":"publish","type":"page","link":"https:\/\/tin.eu\/hr\/posting-imi\/","title":{"rendered":"IMI \/ Detachering"},"content":{"rendered":"\t\t<div data-elementor-type=\"wp-page\" data-elementor-id=\"22\" class=\"elementor elementor-22\" data-elementor-post-type=\"page\">\n\t\t\t\t<div class=\"elementor-element elementor-element-e57c7b2 header e-flex e-con-boxed e-con e-parent\" data-id=\"e57c7b2\" data-element_type=\"container\">\n\t\t\t\t\t<div class=\"e-con-inner\">\n\t\t<div class=\"elementor-element elementor-element-b7b90b3 container e-flex e-con-boxed e-con e-child\" data-id=\"b7b90b3\" data-element_type=\"container\">\n\t\t\t\t\t<div class=\"e-con-inner\">\n\t\t\t\t<div class=\"elementor-element elementor-element-3f687df elementor-widget elementor-widget-heading\" data-id=\"3f687df\" data-element_type=\"widget\" data-widget_type=\"heading.default\">\n\t\t\t\t<div class=\"elementor-widget-container\">\n\t\t\t<style>\/*! elementor - v3.21.0 - 26-05-2024 *\/\n.elementor-heading-title{padding:0;margin:0;line-height:1}.elementor-widget-heading .elementor-heading-title[class*=elementor-size-]>a{color:inherit;font-size:inherit;line-height:inherit}.elementor-widget-heading .elementor-heading-title.elementor-size-small{font-size:15px}.elementor-widget-heading .elementor-heading-title.elementor-size-medium{font-size:19px}.elementor-widget-heading .elementor-heading-title.elementor-size-large{font-size:29px}.elementor-widget-heading .elementor-heading-title.elementor-size-xl{font-size:39px}.elementor-widget-heading .elementor-heading-title.elementor-size-xxl{font-size:59px}<\/style><h1 class=\"elementor-heading-title elementor-size-default\">Upu\u0107ivanje \/ IMI deklaracije<\/h1>\t\t<\/div>\n\t\t\t\t<\/div>\n\t\t\t\t\t<\/div>\n\t\t\t\t<\/div>\n\t\t\t\t\t<\/div>\n\t\t\t\t<\/div>\n\t\t<div class=\"elementor-element elementor-element-967f4da container e-flex e-con-boxed e-con e-parent\" data-id=\"967f4da\" data-element_type=\"container\">\n\t\t\t\t\t<div class=\"e-con-inner\">\n\t\t<div class=\"elementor-element elementor-element-c7f0df6 service__row e-flex e-con-boxed e-con e-child\" data-id=\"c7f0df6\" data-element_type=\"container\">\n\t\t\t\t\t<div class=\"e-con-inner\">\n\t\t\t\t<div class=\"elementor-element elementor-element-c10295a col__service elementor-widget elementor-widget-shortcode\" data-id=\"c10295a\" data-element_type=\"widget\" data-widget_type=\"shortcode.default\">\n\t\t\t\t<div class=\"elementor-widget-container\">\n\t\t\t\t\t<div class=\"elementor-shortcode\"><div class=\"home__services\"><div class=\"home__services-item home__services-item-117 home__services-item_1\"><a class=\"home__services-icon\" href=\"https:\/\/tin.eu\/hr\/services\/imi-all-in-service\/\"><img decoding=\"async\" class=\"home__services-icon-1\" src=\"https:\/\/tin.eu\/wp-content\/uploads\/2024\/04\/posting.svg\" alt=\"IMI sveobuhvatna usluga\" width=\"80\" height=\"80\"><img decoding=\"async\" class=\"home__services-icon-2\" src=\"https:\/\/tin.eu\/wp-content\/uploads\/2024\/04\/posting_blue-1.svg\" alt=\"IMI sveobuhvatna usluga\" width=\"80\" height=\"80\"><\/a><div class=\"home__services-title home__services-title_wrap\">IMI sveobuhvatna usluga<\/div><\/div><div class=\"home__services-item home__services-item-191 home__services-item_2\"><a class=\"home__services-icon\" href=\"https:\/\/tin.eu\/hr\/services\/tin-crm-system\/\"><img decoding=\"async\" class=\"home__services-icon-1\" src=\"https:\/\/tin.eu\/wp-content\/uploads\/2024\/04\/system.svg\" alt=\"TIN CRM sustav\" width=\"80\" height=\"80\"><img loading=\"lazy\" decoding=\"async\" class=\"home__services-icon-2\" src=\"https:\/\/tin.eu\/wp-content\/uploads\/2024\/04\/system_blue.svg\" alt=\"TIN CRM sustav\" width=\"80\" height=\"80\"><\/a><div class=\"home__services-title\">TIN CRM sustav<\/div><\/div><div class=\"home__services-item home__services-item-198 home__services-item_3\"><a class=\"home__services-icon\" href=\"https:\/\/tin.eu\/hr\/services\/uk-checklist\/\"><img loading=\"lazy\" decoding=\"async\" class=\"home__services-icon-1\" src=\"https:\/\/tin.eu\/wp-content\/uploads\/2024\/04\/checklist.svg\" alt=\"Kontrolni popis za UK\" width=\"80\" height=\"80\"><img loading=\"lazy\" decoding=\"async\" class=\"home__services-icon-2\" src=\"https:\/\/tin.eu\/wp-content\/uploads\/2024\/04\/checklist_blue.svg\" alt=\"Kontrolni popis za UK\" width=\"80\" height=\"80\"><\/a><div class=\"home__services-title\">Kontrolni popis za UK<\/div><\/div><div class=\"home__services-item home__services-item-179 home__services-item_4\"><a class=\"home__services-icon\" href=\"https:\/\/tin.eu\/hr\/services\/legal-control-app\/\"><img loading=\"lazy\" decoding=\"async\" class=\"home__services-icon-1\" src=\"https:\/\/tin.eu\/wp-content\/uploads\/2024\/04\/app.svg\" alt=\"Legal Control aplikacija\" width=\"80\" height=\"80\"><img loading=\"lazy\" decoding=\"async\" class=\"home__services-icon-2\" src=\"https:\/\/tin.eu\/wp-content\/uploads\/2024\/04\/app_blue.svg\" alt=\"Legal Control aplikacija\" width=\"80\" height=\"80\"><\/a><div class=\"home__services-title\">Legal Control aplikacija<\/div><\/div><\/div><\/div>\n\t\t\t\t<\/div>\n\t\t\t\t<\/div>\n\t\t\t\t<div class=\"elementor-element elementor-element-a08a568 elementor-widget elementor-widget-text-editor\" data-id=\"a08a568\" data-element_type=\"widget\" data-widget_type=\"text-editor.default\">\n\t\t\t\t<div class=\"elementor-widget-container\">\n\t\t\t<style>\/*! elementor - v3.21.0 - 26-05-2024 *\/\n.elementor-widget-text-editor.elementor-drop-cap-view-stacked .elementor-drop-cap{background-color:#69727d;color:#fff}.elementor-widget-text-editor.elementor-drop-cap-view-framed .elementor-drop-cap{color:#69727d;border:3px solid;background-color:transparent}.elementor-widget-text-editor:not(.elementor-drop-cap-view-default) .elementor-drop-cap{margin-top:8px}.elementor-widget-text-editor:not(.elementor-drop-cap-view-default) .elementor-drop-cap-letter{width:1em;height:1em}.elementor-widget-text-editor .elementor-drop-cap{float:left;text-align:center;line-height:1;font-size:50px}.elementor-widget-text-editor .elementor-drop-cap-letter{display:inline-block}<\/style>\t\t\t\t<h2>TIN-CRM sustav &#8211; jedan portal za jednostavnu administraciju<\/h2><p>Motor koji prede ispod haube na\u0161ih usluga je jedinstveni TIN-CRM sustav. To je dobro organizirano i intuitivno okru\u017eenje za rad te mjesto gdje se pohranjuju sve Va\u0161e poslovne informacije, kojima se pristupa i koje se mijenja sa samo nekoliko klikova.<\/p><p>U CRM-u navodite koji voza\u010di i zemlje zahtijevaju, na primjer, IMI deklaracije. To je mjesto gdje se upravlja Kontrolnim popisima za UK i Pravnim dokumentima (Legal Doc\u2019s).<\/p><p>I, naravno, povezan je s aplikacijom Legal Control, \u010dime se osigurava da su informacije i dokumenti trenutno i sigurno dostupni voza\u010dima, bez obzira gdje se u Europi nalazili.<\/p><p>Pritisnite ikone za daljnje informacije o tome kako se na\u0161i sustavi i usluge nadopunjuju kako bi radili za Vas.<\/p>\t\t\t\t\t\t<\/div>\n\t\t\t\t<\/div>\n\t\t\t\t\t<\/div>\n\t\t\t\t<\/div>\n\t\t\t\t\t<\/div>\n\t\t\t\t<\/div>\n\t\t<div class=\"elementor-element elementor-element-e34c406 home-articles e-flex e-con-boxed e-con e-parent\" data-id=\"e34c406\" data-element_type=\"container\">\n\t\t\t\t\t<div class=\"e-con-inner\">\n\t\t<div class=\"elementor-element elementor-element-6527cca container e-flex e-con-boxed e-con e-child\" data-id=\"6527cca\" data-element_type=\"container\">\n\t\t\t\t\t<div class=\"e-con-inner\">\n\t\t\t\t<div class=\"elementor-element elementor-element-9b63f67 elementor-widget elementor-widget-shortcode\" data-id=\"9b63f67\" data-element_type=\"widget\" data-widget_type=\"shortcode.default\">\n\t\t\t\t<div class=\"elementor-widget-container\">\n\t\t\t\t\t<div class=\"elementor-shortcode\"><h2>USLUGE<\/h2><div class=\"hp-articles\"><div class=\"hp-article\"><a class=\"hp-article__img hp-article__lazy\" href=\"https:\/\/tin.eu\/hr\/services\/tin-crm-system\/\" data-src=\"https:\/\/tin.eu\/wp-content\/uploads\/2024\/04\/iStock-959638326-1024x683.jpg\"><span class=\"loader-spin\">&nbsp;<\/span><\/a><h3 class=\"hp-article__name\">TIN CRM sustav<\/h3><div class=\"hp-article__content\">Usluge TIN-a oslanjaju se na brzu, pouzdanu i sigurnu pohranu i razmjenu \u010desto osjetljivih informacija i dokumenata. Sto...<\/div><div class=\"hp-article__link\"><a href=\"https:\/\/tin.eu\/hr\/services\/tin-crm-system\/\">Saznajte vi\u0161e<\/a><\/div><\/div><div class=\"hp-article\"><a class=\"hp-article__img hp-article__lazy\" href=\"https:\/\/tin.eu\/hr\/services\/legal-service\/\" data-src=\"https:\/\/tin.eu\/wp-content\/uploads\/2024\/04\/image_2024_04_10T14_54_11_722Z-1024x683.webp\"><span class=\"loader-spin\">&nbsp;<\/span><\/a><h3 class=\"hp-article__name\">\u017dalbe<\/h3><div class=\"hp-article__content\">Diljem Europe TIN odr\u017eava bliske odnose s pru\u017eateljima pravnih usluga specijaliziranim za sektor prijevoza i lokalno u n...<\/div><div class=\"hp-article__link\"><a href=\"https:\/\/tin.eu\/hr\/services\/legal-service\/\">Saznajte vi\u0161e<\/a><\/div><\/div><div class=\"hp-article\"><a class=\"hp-article__img hp-article__lazy\" href=\"https:\/\/tin.eu\/hr\/services\/ddd-analysis\/\" data-src=\"https:\/\/tin.eu\/wp-content\/uploads\/2024\/04\/iStock-1237313230-1024x683.webp\"><span class=\"loader-spin\">&nbsp;<\/span><\/a><h3 class=\"hp-article__name\">DDD analiza<\/h3><div class=\"hp-article__content\">Sveobuhvatni paket usluga za europski sektor cestovnog prijevoza ne bi bio potpun bez analize tahografa. Zato TIN i ovdj...<\/div><div class=\"hp-article__link\"><a href=\"https:\/\/tin.eu\/hr\/services\/ddd-analysis\/\">Saznajte vi\u0161e<\/a><\/div><\/div><div class=\"hp-article\"><a class=\"hp-article__img hp-article__lazy\" href=\"https:\/\/tin.eu\/hr\/services\/imi-all-in-service\/\" data-src=\"https:\/\/tin.eu\/wp-content\/uploads\/2024\/04\/iStock-1177176016-1024x742.jpg\"><span class=\"loader-spin\">&nbsp;<\/span><\/a><h3 class=\"hp-article__name\">IMI sveobuhvatna usluga<\/h3><div class=\"hp-article__content\">Snala\u017eenje kroz slo\u017eenost propisa EU-a o upu\u0107ivanju na radna mjesta mo\u017ee biti frustriraju\u0107e i dugotrajno. S integracijom...<\/div><div class=\"hp-article__link\"><a href=\"https:\/\/tin.eu\/hr\/services\/imi-all-in-service\/\">Saznajte vi\u0161e<\/a><\/div><\/div><div class=\"hp-article\"><a class=\"hp-article__img hp-article__lazy\" href=\"https:\/\/tin.eu\/hr\/services\/translations-service\/\" data-src=\"https:\/\/tin.eu\/wp-content\/uploads\/2024\/04\/iStock-1456166410-1024x683.webp\"><span class=\"loader-spin\">&nbsp;<\/span><\/a><h3 class=\"hp-article__name\">Usluga prevo\u0111enja<\/h3><div class=\"hp-article__content\">TIN pru\u017ea sveobuhvatnu uslugu prevo\u0111enja za u\u010dinkovitu komunikaciju na svim europskim jezicima. Od prijevoda pravnih dok...<\/div><div class=\"hp-article__link\"><a href=\"https:\/\/tin.eu\/hr\/services\/translations-service\/\">Saznajte vi\u0161e<\/a><\/div><\/div><div class=\"hp-article\"><a class=\"hp-article__img hp-article__lazy\" href=\"https:\/\/tin.eu\/hr\/services\/toll-service\/\" data-src=\"https:\/\/tin.eu\/wp-content\/uploads\/2024\/08\/iStock-1256198515-1024x682.webp\"><span class=\"loader-spin\">&nbsp;<\/span><\/a><h3 class=\"hp-article__name\">Usluga pla\u0107anja cestarina<\/h3><div class=\"hp-article__content\">Potaknut ambicijom pru\u017eanja podr\u0161ke i prednosti korisnicima gdje god je to mogu\u0107e, TIN je sura\u0111ivao s talijanskom Federa...<\/div><div class=\"hp-article__link\"><a href=\"https:\/\/tin.eu\/hr\/services\/toll-service\/\">Saznajte vi\u0161e<\/a><\/div><\/div><div class=\"hp-article\"><a class=\"hp-article__img hp-article__lazy\" href=\"https:\/\/tin.eu\/hr\/services\/special-permits\/\" data-src=\"https:\/\/tin.eu\/wp-content\/uploads\/2024\/04\/wiki-westersch_CommonsGNU_Free_Documentation_License-1024x768.jpg\"><span class=\"loader-spin\">&nbsp;<\/span><\/a><h3 class=\"hp-article__name\">Posebne dozvole<\/h3><div class=\"hp-article__content\">Uz dugogodi\u0161nje iskustvo diljem Europe, TIN je Va\u0161 partner za dobivanje posebnih dozvola za izvanredne prijevoze. Prepus...<\/div><div class=\"hp-article__link\"><a href=\"https:\/\/tin.eu\/hr\/services\/special-permits\/\">Saznajte vi\u0161e<\/a><\/div><\/div><div class=\"hp-article\"><a class=\"hp-article__img hp-article__lazy\" href=\"https:\/\/tin.eu\/hr\/services\/instant-payment\/\" data-src=\"https:\/\/tin.eu\/wp-content\/uploads\/2024\/04\/iStock-1857835872_2-1024x754.webp\"><span class=\"loader-spin\">&nbsp;<\/span><\/a><h3 class=\"hp-article__name\">Pla\u0107anje kazni<\/h3><div class=\"hp-article__content\">Otuda i usluga koja je donijela velik rast TIN-a: me\u0111unarodno pla\u0107anje kazni. Zaustavljanje zbog naplate kazne na licu m...<\/div><div class=\"hp-article__link\"><a href=\"https:\/\/tin.eu\/hr\/services\/instant-payment\/\">Saznajte vi\u0161e<\/a><\/div><\/div><div class=\"hp-article\"><a class=\"hp-article__img hp-article__lazy\" href=\"https:\/\/tin.eu\/hr\/services\/payments-card\/\" data-src=\"https:\/\/tin.eu\/wp-content\/uploads\/2024\/04\/image_2024_04_10T14_51_14_145Z-1024x632.webp\"><span class=\"loader-spin\">&nbsp;<\/span><\/a><h3 class=\"hp-article__name\">Platne kartice<\/h3><div class=\"hp-article__content\">Upravljajte putnim tro\u0161kovima svoje flote pomo\u0107u TIN kartice za pla\u0107anje. Osmi\u0161ljena posebno za jedinstvene zahtjeve pri...<\/div><div class=\"hp-article__link\"><a href=\"https:\/\/tin.eu\/hr\/services\/payments-card\/\">Saznajte vi\u0161e<\/a><\/div><\/div><div class=\"hp-article\"><a class=\"hp-article__img hp-article__lazy\" href=\"https:\/\/tin.eu\/hr\/services\/24-7-service\/\" data-src=\"https:\/\/tin.eu\/wp-content\/uploads\/2024\/04\/iStock-1456618360_2-1024x665.webp\"><span class=\"loader-spin\">&nbsp;<\/span><\/a><h3 class=\"hp-article__name\">Usluga 24\/7<\/h3><div class=\"hp-article__content\">Ako se jedan od Va\u0161ih kamiona pokvari ili iz bilo kojeg drugog razloga bude sprije\u010den da nastavi svoje putovanje, mo\u017eete...<\/div><div class=\"hp-article__link\"><a href=\"https:\/\/tin.eu\/hr\/services\/24-7-service\/\">Saznajte vi\u0161e<\/a><\/div><\/div><div class=\"hp-article\"><a class=\"hp-article__img hp-article__lazy\" href=\"https:\/\/tin.eu\/hr\/services\/legal-control-app\/\" data-src=\"https:\/\/tin.eu\/wp-content\/uploads\/2024\/04\/legal-controll-app-1024x683.webp\"><span class=\"loader-spin\">&nbsp;<\/span><\/a><h3 class=\"hp-article__name\">Legal Control aplikacija<\/h3><div class=\"hp-article__content\">Prije nekoliko godina TIN je razvio aplikaciju Legal Control kao rje\u0161enje za brdo papirologije uzrokovane IMI-jem i logi...<\/div><div class=\"hp-article__link\"><a href=\"https:\/\/tin.eu\/hr\/services\/legal-control-app\/\">Saznajte vi\u0161e<\/a><\/div><\/div><div class=\"hp-article\"><a class=\"hp-article__img hp-article__lazy\" href=\"https:\/\/tin.eu\/hr\/services\/uk-checklist\/\" data-src=\"https:\/\/tin.eu\/wp-content\/uploads\/2024\/04\/iStock-1567856598x1-copy-1024x683.jpg\"><span class=\"loader-spin\">&nbsp;<\/span><\/a><h3 class=\"hp-article__name\">Kontrolni popis za UK<\/h3><div class=\"hp-article__content\">Kada Va\u0161e prijevozno sredstvo ide prema Ujedinjenom Kraljevstvu, Va\u0161 voza\u010d du\u017ean je britanskim vlastima predo\u010diti dokume...<\/div><div class=\"hp-article__link\"><a href=\"https:\/\/tin.eu\/hr\/services\/uk-checklist\/\">Saznajte vi\u0161e<\/a><\/div><\/div><\/div><\/div>\n\t\t\t\t<\/div>\n\t\t\t\t<\/div>\n\t\t\t\t\t<\/div>\n\t\t\t\t<\/div>\n\t\t\t\t\t<\/div>\n\t\t\t\t<\/div>\n\t\t\t\t<\/div>\n\t\t","protected":false},"excerpt":{"rendered":"<p>Het kloppende hart van de diensten die u probleemloos op de weg houden is het unieke TIN-CRM systeem. Deze overzichtelijke en intu\u00eftieve werkomgeving is waar al uw bedrijfsinformatie wordt opgeslagen en met enkele klikken is te raadplegen en zonodig aan te passen. <\/p>\n<p>U geeft in de CRM bijvoorbeeld aan voor welke chauffeurs en landen u IMI-declaraties nodig heeft, de UK Checklist en Legal Docs worden er beheerd, en uiteraard is de Legal Control App eraan verbonden, zodat informatie en documenten onmiddellijk en veilig beschikbaar zijn voor chauffeurs, waar in Europa ze zich ook bevinden.<\/p>\n","protected":false},"author":1,"featured_media":623,"parent":0,"menu_order":14,"comment_status":"closed","ping_status":"closed","template":"","meta":{"_acf_changed":true,"footnotes":""},"class_list":["post-22","page","type-page","status-publish","has-post-thumbnail","hentry"],"acf":[],"_links":{"self":[{"href":"https:\/\/tin.eu\/hr\/wp-json\/wp\/v2\/pages\/22","targetHints":{"allow":["GET"]}}],"collection":[{"href":"https:\/\/tin.eu\/hr\/wp-json\/wp\/v2\/pages"}],"about":[{"href":"https:\/\/tin.eu\/hr\/wp-json\/wp\/v2\/types\/page"}],"author":[{"embeddable":true,"href":"https:\/\/tin.eu\/hr\/wp-json\/wp\/v2\/users\/1"}],"replies":[{"embeddable":true,"href":"https:\/\/tin.eu\/hr\/wp-json\/wp\/v2\/comments?post=22"}],"version-history":[{"count":1,"href":"https:\/\/tin.eu\/hr\/wp-json\/wp\/v2\/pages\/22\/revisions"}],"predecessor-version":[{"id":23,"href":"https:\/\/tin.eu\/hr\/wp-json\/wp\/v2\/pages\/22\/revisions\/23"}],"wp:featuredmedia":[{"embeddable":true,"href":"https:\/\/tin.eu\/hr\/wp-json\/wp\/v2\/media\/623"}],"wp:attachment":[{"href":"https:\/\/tin.eu\/hr\/wp-json\/wp\/v2\/media?parent=22"}],"curies":[{"name":"wp","href":"https:\/\/api.w.org\/{rel}","templated":true}]}}