{"id":31,"date":"2024-04-09T09:56:29","date_gmt":"2024-04-09T09:56:29","guid":{"rendered":"https:\/\/tin.eu\/?page_id=31"},"modified":"2026-03-17T15:49:40","modified_gmt":"2026-03-17T14:49:40","slug":"contact","status":"publish","type":"page","link":"https:\/\/tin.eu\/en\/contact\/","title":{"rendered":"Contact"},"content":{"rendered":"\t\t<div data-elementor-type=\"wp-page\" data-elementor-id=\"31\" class=\"elementor elementor-31\" data-elementor-post-type=\"page\">\n\t\t\t\t<div class=\"elementor-element elementor-element-a05a73a header e-flex e-con-boxed e-con e-parent\" data-id=\"a05a73a\" data-element_type=\"container\">\n\t\t\t\t\t<div class=\"e-con-inner\">\n\t\t<div class=\"elementor-element elementor-element-0f73af9 container e-flex e-con-boxed e-con e-child\" data-id=\"0f73af9\" data-element_type=\"container\">\n\t\t\t\t\t<div class=\"e-con-inner\">\n\t\t\t\t<div class=\"elementor-element elementor-element-5ac6913 elementor-widget elementor-widget-text-editor\" data-id=\"5ac6913\" data-element_type=\"widget\" data-widget_type=\"text-editor.default\">\n\t\t\t\t<div class=\"elementor-widget-container\">\n\t\t\t<style>\/*! elementor - v3.21.0 - 26-05-2024 *\/\n.elementor-widget-text-editor.elementor-drop-cap-view-stacked .elementor-drop-cap{background-color:#69727d;color:#fff}.elementor-widget-text-editor.elementor-drop-cap-view-framed .elementor-drop-cap{color:#69727d;border:3px solid;background-color:transparent}.elementor-widget-text-editor:not(.elementor-drop-cap-view-default) .elementor-drop-cap{margin-top:8px}.elementor-widget-text-editor:not(.elementor-drop-cap-view-default) .elementor-drop-cap-letter{width:1em;height:1em}.elementor-widget-text-editor .elementor-drop-cap{float:left;text-align:center;line-height:1;font-size:50px}.elementor-widget-text-editor .elementor-drop-cap-letter{display:inline-block}<\/style>\t\t\t\t<h1>Contact<\/h1>\t\t\t\t\t\t<\/div>\n\t\t\t\t<\/div>\n\t\t\t\t\t<\/div>\n\t\t\t\t<\/div>\n\t\t\t\t\t<\/div>\n\t\t\t\t<\/div>\n\t\t<div class=\"elementor-element elementor-element-84f43d1 container e-flex e-con-boxed e-con e-parent\" data-id=\"84f43d1\" data-element_type=\"container\">\n\t\t\t\t\t<div class=\"e-con-inner\">\n\t\t<div class=\"elementor-element elementor-element-10da33b service__row e-flex e-con-boxed e-con e-child\" data-id=\"10da33b\" data-element_type=\"container\">\n\t\t\t\t\t<div class=\"e-con-inner\">\n\t\t\t\t<div class=\"elementor-element elementor-element-bd86579 col__service col__service_empty elementor-widget elementor-widget-text-editor\" data-id=\"bd86579\" data-element_type=\"widget\" data-widget_type=\"text-editor.default\">\n\t\t\t\t<div class=\"elementor-widget-container\">\n\t\t\t\t\t\t\t<p>_<\/p>\t\t\t\t\t\t<\/div>\n\t\t\t\t<\/div>\n\t\t\t\t<div class=\"elementor-element elementor-element-9790e6d elementor-widget elementor-widget-text-editor\" data-id=\"9790e6d\" data-element_type=\"widget\" data-widget_type=\"text-editor.default\">\n\t\t\t\t<div class=\"elementor-widget-container\">\n\t\t\t\t\t\t\t<h2>Interested in our services?<br \/>Don&#8217;t hesitate to reach out.<\/h2><p>At Transport In Nood, we simplify the complexities of European posting legislation, and help you with unexpected trouble, allowing you to focus on what matters most \u2013 your business. Contact us for seamless compliance and efficient support.<\/p>\t\t\t\t\t\t<\/div>\n\t\t\t\t<\/div>\n\t\t\t\t\t<\/div>\n\t\t\t\t<\/div>\n\t\t\t\t\t<\/div>\n\t\t\t\t<\/div>\n\t\t<div class=\"elementor-element elementor-element-2ace52e cf7-form-container e-flex e-con-boxed e-con e-parent\" data-id=\"2ace52e\" data-element_type=\"container\">\n\t\t\t\t\t<div class=\"e-con-inner\">\n\t\t<div class=\"elementor-element elementor-element-eaadd1b cf7-form-container__wrap e-flex e-con-boxed e-con e-child\" data-id=\"eaadd1b\" data-element_type=\"container\">\n\t\t\t\t\t<div class=\"e-con-inner\">\n\t\t<div class=\"elementor-element elementor-element-17e2180 cf7-form-container__form e-flex e-con-boxed e-con e-child\" data-id=\"17e2180\" data-element_type=\"container\">\n\t\t\t\t\t<div class=\"e-con-inner\">\n\t\t\t\t<div class=\"elementor-element elementor-element-a171dd6 elementor-widget elementor-widget-heading\" data-id=\"a171dd6\" data-element_type=\"widget\" data-widget_type=\"heading.default\">\n\t\t\t\t<div class=\"elementor-widget-container\">\n\t\t\t<style>\/*! elementor - v3.21.0 - 26-05-2024 *\/\n.elementor-heading-title{padding:0;margin:0;line-height:1}.elementor-widget-heading .elementor-heading-title[class*=elementor-size-]>a{color:inherit;font-size:inherit;line-height:inherit}.elementor-widget-heading .elementor-heading-title.elementor-size-small{font-size:15px}.elementor-widget-heading .elementor-heading-title.elementor-size-medium{font-size:19px}.elementor-widget-heading .elementor-heading-title.elementor-size-large{font-size:29px}.elementor-widget-heading .elementor-heading-title.elementor-size-xl{font-size:39px}.elementor-widget-heading .elementor-heading-title.elementor-size-xxl{font-size:59px}<\/style><h2 class=\"elementor-heading-title elementor-size-default\">CONTACT FORM<\/h2>\t\t<\/div>\n\t\t\t\t<\/div>\n\t\t\t\t<div class=\"elementor-element elementor-element-0d3f81f cf7-col elementor-widget elementor-widget-shortcode\" data-id=\"0d3f81f\" data-element_type=\"widget\" data-widget_type=\"shortcode.default\">\n\t\t\t\t<div class=\"elementor-widget-container\">\n\t\t\t\t\t<div class=\"elementor-shortcode\"><div class=\"cf7-contact-us\"><div class=\"cf7sg-container\"><div id=\"cf7sg-form-contact-form-services-2\" class=\"cf7-smart-grid has-grid key_contact-form-services-2\">\n<div class=\"wpcf7 no-js\" id=\"wpcf7-f277-o1\" lang=\"\" dir=\"ltr\" data-wpcf7-id=\"277\">\n<div class=\"screen-reader-response\"><p role=\"status\" aria-live=\"polite\" aria-atomic=\"true\"><\/p> <ul><\/ul><\/div>\n<form action=\"\/en\/wp-json\/wp\/v2\/pages\/31#wpcf7-f277-o1\" method=\"post\" class=\"wpcf7-form init\" aria-label=\"Contact form\" novalidate=\"novalidate\" data-status=\"init\">\n<div style=\"display: none;\">\n<input type=\"hidden\" name=\"_wpcf7\" value=\"277\" \/>\n<input type=\"hidden\" name=\"_wpcf7_version\" value=\"6.0\" \/>\n<input type=\"hidden\" name=\"_wpcf7_locale\" value=\"\" \/>\n<input type=\"hidden\" name=\"_wpcf7_unit_tag\" value=\"wpcf7-f277-o1\" \/>\n<input type=\"hidden\" name=\"_wpcf7_container_post\" value=\"0\" \/>\n<input type=\"hidden\" name=\"_wpcf7_posted_data_hash\" value=\"\" \/>\n<input type=\"hidden\" name=\"_wpcf7cf_hidden_group_fields\" value=\"[]\" \/>\n<input type=\"hidden\" name=\"_wpcf7cf_hidden_groups\" value=\"[]\" \/>\n<input type=\"hidden\" name=\"_wpcf7cf_visible_groups\" value=\"[]\" \/>\n<input type=\"hidden\" name=\"_wpcf7cf_repeaters\" value=\"[]\" \/>\n<input type=\"hidden\" name=\"_wpcf7cf_steps\" value=\"{}\" \/>\n<input type=\"hidden\" name=\"_wpcf7cf_options\" value=\"{&quot;form_id&quot;:277,&quot;conditions&quot;:[{&quot;then_field&quot;:&quot;groupBoetekeuze&quot;,&quot;and_rules&quot;:[{&quot;if_field&quot;:&quot;Diensten&quot;,&quot;operator&quot;:&quot;equals&quot;,&quot;if_value&quot;:&quot;Penalty payment international&quot;}]},{&quot;then_field&quot;:&quot;grouplandkeuze&quot;,&quot;and_rules&quot;:[{&quot;if_field&quot;:&quot;werelddeel&quot;,&quot;operator&quot;:&quot;equals&quot;,&quot;if_value&quot;:&quot;Europe&quot;}]},{&quot;then_field&quot;:&quot;groupadresgegevensOverige&quot;,&quot;and_rules&quot;:[{&quot;if_field&quot;:&quot;werelddeel&quot;,&quot;operator&quot;:&quot;equals&quot;,&quot;if_value&quot;:&quot;Other&quot;}]},{&quot;then_field&quot;:&quot;groupChauffeurs&quot;,&quot;and_rules&quot;:[{&quot;if_field&quot;:&quot;Diensten&quot;,&quot;operator&quot;:&quot;equals&quot;,&quot;if_value&quot;:&quot;Tachograph analysis&quot;}]},{&quot;then_field&quot;:&quot;groupChauffeurs&quot;,&quot;and_rules&quot;:[{&quot;if_field&quot;:&quot;Diensten&quot;,&quot;operator&quot;:&quot;equals&quot;,&quot;if_value&quot;:&quot;Minimum wage law&quot;}]},{&quot;then_field&quot;:&quot;groupKentekens&quot;,&quot;and_rules&quot;:[{&quot;if_field&quot;:&quot;Diensten&quot;,&quot;operator&quot;:&quot;equals&quot;,&quot;if_value&quot;:&quot;Tachograph analysis&quot;}]}],&quot;settings&quot;:{&quot;animation&quot;:&quot;yes&quot;,&quot;animation_intime&quot;:200,&quot;animation_outtime&quot;:200,&quot;conditions_ui&quot;:&quot;normal&quot;,&quot;notice_dismissed&quot;:false}}\" \/>\n<input type=\"hidden\" name=\"_wpcf7_key\" value=\"contact-form-services-2\" \/>\n<input type=\"hidden\" name=\"_cf7sg_toggles\" value=\"\" \/>\n<input type=\"hidden\" name=\"_cf7sg_version\" value=\"4.15.8\" \/>\n<input type=\"hidden\" name=\"_wpnonce\" value=\"271a904917\" \/>\n<\/div>\n<div class=\"container\">\n  <div class=\"row\">\n    <label class=\"label-required-field\">Fields marked with <em>*<\/em> are mandatory.<\/label>\n    <p>\n      <label>Your first and last name <em>*<\/em><\/label> <span class=\"wpcf7-form-control-wrap\" data-name=\"voorenachternaam\"><input size=\"40\" maxlength=\"400\" class=\"wpcf7-form-control wpcf7-text wpcf7-validates-as-required\" aria-required=\"true\" aria-invalid=\"false\" value=\"\" type=\"text\" name=\"voorenachternaam\" \/><\/span>\n    <\/p>\n    <p>\n      <label>Your company name <em>*<\/em><\/label> <span class=\"wpcf7-form-control-wrap\" data-name=\"bedrijfsnaam\"><input size=\"40\" maxlength=\"400\" class=\"wpcf7-form-control wpcf7-text wpcf7-validates-as-required\" aria-required=\"true\" aria-invalid=\"false\" value=\"\" type=\"text\" name=\"bedrijfsnaam\" \/><\/span>\n    <\/p>\n    <p>\n      <label>Street and house number<\/label> <span class=\"wpcf7-form-control-wrap\" data-name=\"straatenhuisnummer\"><input size=\"40\" maxlength=\"400\" class=\"wpcf7-form-control wpcf7-text\" aria-invalid=\"false\" value=\"\" type=\"text\" name=\"straatenhuisnummer\" \/><\/span>\n    <\/p>\n    <p>\n      <label>Postal Code<\/label> <span class=\"wpcf7-form-control-wrap\" data-name=\"postcode\"><input size=\"40\" maxlength=\"400\" class=\"wpcf7-form-control wpcf7-text\" aria-invalid=\"false\" value=\"\" type=\"text\" name=\"postcode\" \/><\/span>\n    <\/p>\n    <p>\n      <label>Place<\/label> <span class=\"wpcf7-form-control-wrap\" data-name=\"plaats\"><input size=\"40\" maxlength=\"400\" class=\"wpcf7-form-control wpcf7-text\" aria-invalid=\"false\" value=\"\" type=\"text\" name=\"plaats\" \/><\/span>\n    <\/p>\n    <label>In which part of the world are you located?<\/label> <span class=\"wpcf7-form-control-wrap\" data-name=\"werelddeel\"><span class=\"wpcf7-form-control wpcf7-radio\"><span class=\"wpcf7-list-item first\"><input type=\"radio\" name=\"werelddeel\" value=\"Europe\" checked=\"checked\" \/><span class=\"wpcf7-list-item-label\">Europe<\/span><\/span><span class=\"wpcf7-list-item last\"><input type=\"radio\" name=\"werelddeel\" value=\"Other\" \/><span class=\"wpcf7-list-item-label\">Other<\/span><\/span><\/span><\/span> <div data-id=\"grouplandkeuze\" data-orig_data_id=\"grouplandkeuze\"  data-class=\"wpcf7cf_group\"> <span class=\"wpcf7-form-control-wrap\" data-name=\"kiesland\"><select class=\"wpcf7-form-control wpcf7-select wpcf7-validates-as-required\" aria-required=\"true\" aria-invalid=\"false\" name=\"kiesland\"><option value=\"Select country\">Select country<\/option><option value=\"Albania\">Albania<\/option><option value=\"Andorra\">Andorra<\/option><option value=\"Belgium\">Belgium<\/option><option value=\"Bosnia and Herzegovina\">Bosnia and Herzegovina<\/option><option value=\"Bulgaria\">Bulgaria<\/option><option value=\"Denmark\">Denmark<\/option><option value=\"Germany\">Germany<\/option><option value=\"Estonia\">Estonia<\/option><option value=\"Finland\">Finland<\/option><option value=\"France\">France<\/option><option value=\"Greece\">Greece<\/option><option value=\"Hungary\">Hungary<\/option><option value=\"Iceland\">Iceland<\/option><option value=\"Ireland\">Ireland<\/option><option value=\"Italy\">Italy<\/option><option value=\"Kosovo\">Kosovo<\/option><option value=\"Croatia\">Croatia<\/option><option value=\"Latvia\">Latvia<\/option><option value=\"Liechtenstein\">Liechtenstein<\/option><option value=\"Lithuania\">Lithuania<\/option><option value=\"Luxembourg\">Luxembourg<\/option><option value=\"Malta\">Malta<\/option><option value=\"Moldova\">Moldova<\/option><option value=\"Monaco\">Monaco<\/option><option value=\"Montenegro\">Montenegro<\/option><option value=\"The Netherlands\">The Netherlands<\/option><option value=\"Northern Macedonia\">Northern Macedonia<\/option><option value=\"Norway\">Norway<\/option><option value=\"Ukraine\">Ukraine<\/option><option value=\"Austria\">Austria<\/option><option value=\"Poland\">Poland<\/option><option value=\"Portugal\">Portugal<\/option><option value=\"Romania\">Romania<\/option><option value=\"San Marino\">San Marino<\/option><option value=\"Serbia\">Serbia<\/option><option value=\"Slovenia\">Slovenia<\/option><option value=\"Slovakia\">Slovakia<\/option><option value=\"Spain\">Spain<\/option><option value=\"Czech Republic\">Czech Republic<\/option><option value=\"Vatican City\">Vatican City<\/option><option value=\"United Kingdom\">United Kingdom<\/option><option value=\"Belarus\">Belarus<\/option><option value=\"Sweden\">Sweden<\/option><option value=\"Switzerland\">Switzerland<\/option><\/select><\/span> <\/div> <div data-id=\"groupadresgegevensOverige\" data-orig_data_id=\"groupadresgegevensOverige\"  data-class=\"wpcf7cf_group\">\n    <p>\n      <label>Country<\/label> <span class=\"wpcf7-form-control-wrap\" data-name=\"land\"><input size=\"40\" maxlength=\"400\" class=\"wpcf7-form-control wpcf7-text wpcf7-validates-as-required\" aria-required=\"true\" aria-invalid=\"false\" value=\"\" type=\"text\" name=\"land\" \/><\/span>\n    <\/p>\n    <\/div>\n    <p>\n      <label class=\"f-height\"><span>E-mail <em>*<\/em><\/span><\/label> <span class=\"wpcf7-form-control-wrap\" data-name=\"email\"><input size=\"40\" maxlength=\"400\" class=\"wpcf7-form-control wpcf7-email wpcf7-validates-as-required wpcf7-text wpcf7-validates-as-email\" aria-required=\"true\" aria-invalid=\"false\" value=\"\" type=\"email\" name=\"email\" \/><\/span>\n    <\/p>\n    <p>\n      <label class=\"f-height\"><span>Your telephone number <em>*<\/em> (international notation, e.g.: +31850719600)<\/span><\/label> <span class=\"wpcf7-form-control-wrap\" data-name=\"uwtelefoonnummer\"><input size=\"40\" maxlength=\"400\" class=\"wpcf7-form-control wpcf7-tel wpcf7-validates-as-required wpcf7-text wpcf7-validates-as-tel\" aria-required=\"true\" aria-invalid=\"false\" value=\"\" type=\"tel\" name=\"uwtelefoonnummer\" \/><\/span>\n    <\/p>\n    <label>I'm interested in:<\/label> <span class=\"wpcf7-form-control-wrap\" data-name=\"Diensten\"><span class=\"wpcf7-form-control wpcf7-checkbox\"><span class=\"wpcf7-list-item first\"><input type=\"checkbox\" name=\"Diensten[]\" value=\"Penalty payment international\" \/><span class=\"wpcf7-list-item-label\">Penalty payment international<\/span><\/span><span class=\"wpcf7-list-item\"><input type=\"checkbox\" name=\"Diensten[]\" value=\"Payment card\" \/><span class=\"wpcf7-list-item-label\">Payment card<\/span><\/span><span class=\"wpcf7-list-item\"><input type=\"checkbox\" name=\"Diensten[]\" value=\"Legal services\" \/><span class=\"wpcf7-list-item-label\">Legal services<\/span><\/span><span class=\"wpcf7-list-item\"><input type=\"checkbox\" name=\"Diensten[]\" value=\"Minimum wage law\" \/><span class=\"wpcf7-list-item-label\">Minimum wage law<\/span><\/span><span class=\"wpcf7-list-item\"><input type=\"checkbox\" name=\"Diensten[]\" value=\"PIP \/ a GDPR safe portal\" \/><span class=\"wpcf7-list-item-label\">PIP \/ a GDPR safe portal<\/span><\/span><span class=\"wpcf7-list-item\"><input type=\"checkbox\" name=\"Diensten[]\" value=\"Tachograph analysis\" \/><span class=\"wpcf7-list-item-label\">Tachograph analysis<\/span><\/span><span class=\"wpcf7-list-item\"><input type=\"checkbox\" name=\"Diensten[]\" value=\"Fleet management\" \/><span class=\"wpcf7-list-item-label\">Fleet management<\/span><\/span><span class=\"wpcf7-list-item\"><input type=\"checkbox\" name=\"Diensten[]\" value=\"Toll EETS solution\" \/><span class=\"wpcf7-list-item-label\">Toll EETS solution<\/span><\/span><span class=\"wpcf7-list-item\"><input type=\"checkbox\" name=\"Diensten[]\" value=\"VAT and excise duties\" \/><span class=\"wpcf7-list-item-label\">VAT and excise duties<\/span><\/span><span class=\"wpcf7-list-item\"><input type=\"checkbox\" name=\"Diensten[]\" value=\"Translation service\" \/><span class=\"wpcf7-list-item-label\">Translation service<\/span><\/span><span class=\"wpcf7-list-item\"><input type=\"checkbox\" name=\"Diensten[]\" value=\"Apply special permission\" \/><span class=\"wpcf7-list-item-label\">Apply special permission<\/span><\/span><span class=\"wpcf7-list-item last\"><input type=\"checkbox\" name=\"Diensten[]\" value=\"The newsletter\" \/><span class=\"wpcf7-list-item-label\">The newsletter<\/span><\/span><\/span><\/span> <div data-id=\"groupChauffeurs\" data-orig_data_id=\"groupChauffeurs\"  data-class=\"wpcf7cf_group\">\n    <label>How many drivers do you employ?<\/label> <span class=\"wpcf7-form-control-wrap\" data-name=\"numberChauffeurs\"><input class=\"wpcf7-form-control wpcf7-number wpcf7-validates-as-number\" aria-invalid=\"false\" placeholder=\"Number of drivers\" value=\"\" type=\"number\" name=\"numberChauffeurs\" \/><\/span> <\/div> <div data-id=\"groupKentekens\" data-orig_data_id=\"groupKentekens\"  data-class=\"wpcf7cf_group\">\n    <label>How many trucks do you have?<\/label> <span class=\"wpcf7-form-control-wrap\" data-name=\"numberKentekens\"><input class=\"wpcf7-form-control wpcf7-number wpcf7-validates-as-number\" aria-invalid=\"false\" placeholder=\"Number of trucks\" value=\"\" type=\"number\" name=\"numberKentekens\" \/><\/span> <\/div> <div data-id=\"groupBoetekeuze\" data-orig_data_id=\"groupBoetekeuze\"  data-class=\"wpcf7cf_group\">\n    <label>What's your desired fines service:<\/label> <span class=\"wpcf7-form-control-wrap\" data-name=\"boete\"><select class=\"wpcf7-form-control wpcf7-select wpcf7-validates-as-required\" aria-required=\"true\" aria-invalid=\"false\" name=\"boete\"><option value=\"\">- Make your choice -<\/option><option value=\"Pay immediately\">Pay immediately<\/option><option value=\"Lodge an objection\">Lodge an objection<\/option><option value=\"More information about my fine\">More information about my fine<\/option><option value=\"More information about your fines service generally\">More information about your fines service generally<\/option><\/select><\/span> <\/div>\n    <p class=\"wf\">\n      <label>Your message<\/label> <span class=\"wpcf7-form-control-wrap\" data-name=\"bericht\"><textarea cols=\"40\" rows=\"10\" maxlength=\"2000\" class=\"wpcf7-form-control wpcf7-textarea\" aria-invalid=\"false\" name=\"bericht\"><\/textarea><\/span>\n    <\/p>\n    <p class=\"wf\">\n      <span class=\"wpcf7-form-control-wrap\" data-name=\"agree\"><span class=\"wpcf7-form-control wpcf7-acceptance invert\"><span class=\"wpcf7-list-item\"><input type=\"checkbox\" name=\"agree\" value=\"1\" checked=\"checked\" class=\"agree\" aria-invalid=\"false\" \/><\/span><\/span><\/span> <input class=\"wpcf7-form-control wpcf7-submit has-spinner\" id=\"stickersubmit\" type=\"submit\" value=\"Send\" \/>\n    <\/p>\n  <\/div>\n<\/div><div class=\"wpcf7-response-output\" aria-hidden=\"true\"><\/div>\n<\/form>\n<\/div>\n<\/div><\/div><\/div><\/div>\n\t\t\t\t<\/div>\n\t\t\t\t<\/div>\n\t\t\t\t\t<\/div>\n\t\t\t\t<\/div>\n\t\t<div class=\"elementor-element elementor-element-0de46d9 e-con-full cf7-form-container__text e-flex e-con e-child\" data-id=\"0de46d9\" data-element_type=\"container\">\n\t\t\t\t<div class=\"elementor-element elementor-element-0490820 elementor-widget elementor-widget-heading\" data-id=\"0490820\" data-element_type=\"widget\" data-widget_type=\"heading.default\">\n\t\t\t\t<div class=\"elementor-widget-container\">\n\t\t\t<h2 class=\"elementor-heading-title elementor-size-default\">HEAD OFFICE<\/h2>\t\t<\/div>\n\t\t\t\t<\/div>\n\t\t\t\t<div class=\"elementor-element elementor-element-766b8a8 elementor-widget elementor-widget-text-editor\" data-id=\"766b8a8\" data-element_type=\"widget\" data-widget_type=\"text-editor.default\">\n\t\t\t\t<div class=\"elementor-widget-container\">\n\t\t\t\t\t\t\t<p><strong>NL<br \/><\/strong>Transport in Nood B.V.<br \/>Flevolaan 27-G<br \/>1382 JX Weesp<br \/>Nederland<\/p><p><strong>DE<\/strong><br \/>Transport in Not GmbH<br \/>Briener Strasse 9-13<br \/>47533 Kleve<br \/>Deutschland<\/p><p><strong>CONTACT<br \/><\/strong>Tel: +31(0)85 0719 600<\/p>\t\t\t\t\t\t<\/div>\n\t\t\t\t<\/div>\n\t\t\t\t<div class=\"elementor-element elementor-element-e23aea1 elementor-widget elementor-widget-text-editor\" data-id=\"e23aea1\" data-element_type=\"widget\" data-widget_type=\"text-editor.default\">\n\t\t\t\t<div class=\"elementor-widget-container\">\n\t\t\t\t\t\t\t<h3>COMPANY DETAILS<\/h3><p><strong>NL<\/strong><br \/>Transport in Nood B.V.<br \/>BTW: NL820131854B01<br \/>KvK: 34318508<\/p><p><strong>DE<\/strong><br \/>Transport in Not GmbH<br \/>Ust-idNr: DE338110865<br \/>HRB: 32408<\/p><p><strong>HU<\/strong><br \/>TIN Support Kft<br \/>Ad\u00f3sz\u00e1m: HU27793082<br \/>C\u00e9gjegyz\u00e9ksz\u00e1m: 11-09-029491<\/p>\t\t\t\t\t\t<\/div>\n\t\t\t\t<\/div>\n\t\t\t\t<\/div>\n\t\t\t\t\t<\/div>\n\t\t\t\t<\/div>\n\t\t\t\t\t<\/div>\n\t\t\t\t<\/div>\n\t\t\t\t<\/div>\n\t\t","protected":false},"excerpt":{"rendered":"<p>Bij Transport In Nood worden de complexiteiten van de EU IMI\/detacheringswetgeving vereenvoudigd en helpen wij u bij onvoorziene problemen, zodat u zich helemaal kunt richten op het allerbelangrijkste: uw onderneming. Neem daarom contact op. We vertellen u graag meer over naadloze compliance en effici\u00ebnte ondersteuning.<\/p>\n","protected":false},"author":1,"featured_media":643,"parent":0,"menu_order":9,"comment_status":"closed","ping_status":"closed","template":"","meta":{"_acf_changed":true,"footnotes":""},"class_list":["post-31","page","type-page","status-publish","has-post-thumbnail","hentry"],"acf":[],"_links":{"self":[{"href":"https:\/\/tin.eu\/en\/wp-json\/wp\/v2\/pages\/31","targetHints":{"allow":["GET"]}}],"collection":[{"href":"https:\/\/tin.eu\/en\/wp-json\/wp\/v2\/pages"}],"about":[{"href":"https:\/\/tin.eu\/en\/wp-json\/wp\/v2\/types\/page"}],"author":[{"embeddable":true,"href":"https:\/\/tin.eu\/en\/wp-json\/wp\/v2\/users\/1"}],"replies":[{"embeddable":true,"href":"https:\/\/tin.eu\/en\/wp-json\/wp\/v2\/comments?post=31"}],"version-history":[{"count":1,"href":"https:\/\/tin.eu\/en\/wp-json\/wp\/v2\/pages\/31\/revisions"}],"predecessor-version":[{"id":32,"href":"https:\/\/tin.eu\/en\/wp-json\/wp\/v2\/pages\/31\/revisions\/32"}],"wp:featuredmedia":[{"embeddable":true,"href":"https:\/\/tin.eu\/en\/wp-json\/wp\/v2\/media\/643"}],"wp:attachment":[{"href":"https:\/\/tin.eu\/en\/wp-json\/wp\/v2\/media?parent=31"}],"curies":[{"name":"wp","href":"https:\/\/api.w.org\/{rel}","templated":true}]}}