{"id":31,"date":"2024-04-09T09:56:29","date_gmt":"2024-04-09T09:56:29","guid":{"rendered":"https:\/\/tin.eu\/?page_id=31"},"modified":"2026-03-17T15:49:40","modified_gmt":"2026-03-17T14:49:40","slug":"contact","status":"publish","type":"page","link":"https:\/\/tin.eu\/de\/contact\/","title":{"rendered":"Contact"},"content":{"rendered":"\t\t<div data-elementor-type=\"wp-page\" data-elementor-id=\"31\" class=\"elementor elementor-31\" data-elementor-post-type=\"page\">\n\t\t\t\t<div class=\"elementor-element elementor-element-a05a73a header e-flex e-con-boxed e-con e-parent\" data-id=\"a05a73a\" data-element_type=\"container\">\n\t\t\t\t\t<div class=\"e-con-inner\">\n\t\t<div class=\"elementor-element elementor-element-0f73af9 container e-flex e-con-boxed e-con e-child\" data-id=\"0f73af9\" data-element_type=\"container\">\n\t\t\t\t\t<div class=\"e-con-inner\">\n\t\t\t\t<div class=\"elementor-element elementor-element-5ac6913 elementor-widget elementor-widget-text-editor\" data-id=\"5ac6913\" data-element_type=\"widget\" data-widget_type=\"text-editor.default\">\n\t\t\t\t<div class=\"elementor-widget-container\">\n\t\t\t<style>\/*! elementor - v3.21.0 - 26-05-2024 *\/\n.elementor-widget-text-editor.elementor-drop-cap-view-stacked .elementor-drop-cap{background-color:#69727d;color:#fff}.elementor-widget-text-editor.elementor-drop-cap-view-framed .elementor-drop-cap{color:#69727d;border:3px solid;background-color:transparent}.elementor-widget-text-editor:not(.elementor-drop-cap-view-default) .elementor-drop-cap{margin-top:8px}.elementor-widget-text-editor:not(.elementor-drop-cap-view-default) .elementor-drop-cap-letter{width:1em;height:1em}.elementor-widget-text-editor .elementor-drop-cap{float:left;text-align:center;line-height:1;font-size:50px}.elementor-widget-text-editor .elementor-drop-cap-letter{display:inline-block}<\/style>\t\t\t\t<h1>Kontakt<\/h1>\t\t\t\t\t\t<\/div>\n\t\t\t\t<\/div>\n\t\t\t\t\t<\/div>\n\t\t\t\t<\/div>\n\t\t\t\t\t<\/div>\n\t\t\t\t<\/div>\n\t\t<div class=\"elementor-element elementor-element-84f43d1 container e-flex e-con-boxed e-con e-parent\" data-id=\"84f43d1\" data-element_type=\"container\">\n\t\t\t\t\t<div class=\"e-con-inner\">\n\t\t<div class=\"elementor-element elementor-element-10da33b service__row e-flex e-con-boxed e-con e-child\" data-id=\"10da33b\" data-element_type=\"container\">\n\t\t\t\t\t<div class=\"e-con-inner\">\n\t\t\t\t<div class=\"elementor-element elementor-element-bd86579 col__service col__service_empty elementor-widget elementor-widget-text-editor\" data-id=\"bd86579\" data-element_type=\"widget\" data-widget_type=\"text-editor.default\">\n\t\t\t\t<div class=\"elementor-widget-container\">\n\t\t\t\t\t\t\t<p>_<\/p>\t\t\t\t\t\t<\/div>\n\t\t\t\t<\/div>\n\t\t\t\t<div class=\"elementor-element elementor-element-9790e6d elementor-widget elementor-widget-text-editor\" data-id=\"9790e6d\" data-element_type=\"widget\" data-widget_type=\"text-editor.default\">\n\t\t\t\t<div class=\"elementor-widget-container\">\n\t\t\t\t\t\t\t<h2>INTERESSIERT AN UNSEREN DIENSTLEISTUNGEN?                                                                              Z\u00d6GERN SIE NICHT, UNS ZU KONTAKTIEREN.<\/h2>\nBei Transport In Nood vereinfachen wir die Komplexit\u00e4t der europ\u00e4ischen IMI-\/Entsendegesetzgebung und helfen Ihnen bei unerwarteten Problemen unterwegs, sodass Sie sich auf das Wesentliche konzentrieren k\u00f6nnen \u2013 Ihr Gesch\u00e4ft. Kontaktieren Sie uns f\u00fcr nahtlose Compliance und effizienten Support.\t\t\t\t\t\t<\/div>\n\t\t\t\t<\/div>\n\t\t\t\t\t<\/div>\n\t\t\t\t<\/div>\n\t\t\t\t\t<\/div>\n\t\t\t\t<\/div>\n\t\t<div class=\"elementor-element elementor-element-2ace52e cf7-form-container e-flex e-con-boxed e-con e-parent\" data-id=\"2ace52e\" data-element_type=\"container\">\n\t\t\t\t\t<div class=\"e-con-inner\">\n\t\t<div class=\"elementor-element elementor-element-eaadd1b cf7-form-container__wrap e-flex e-con-boxed e-con e-child\" data-id=\"eaadd1b\" data-element_type=\"container\">\n\t\t\t\t\t<div class=\"e-con-inner\">\n\t\t<div class=\"elementor-element elementor-element-17e2180 cf7-form-container__form e-flex e-con-boxed e-con e-child\" data-id=\"17e2180\" data-element_type=\"container\">\n\t\t\t\t\t<div class=\"e-con-inner\">\n\t\t\t\t<div class=\"elementor-element elementor-element-a171dd6 elementor-widget elementor-widget-heading\" data-id=\"a171dd6\" data-element_type=\"widget\" data-widget_type=\"heading.default\">\n\t\t\t\t<div class=\"elementor-widget-container\">\n\t\t\t<style>\/*! elementor - v3.21.0 - 26-05-2024 *\/\n.elementor-heading-title{padding:0;margin:0;line-height:1}.elementor-widget-heading .elementor-heading-title[class*=elementor-size-]>a{color:inherit;font-size:inherit;line-height:inherit}.elementor-widget-heading .elementor-heading-title.elementor-size-small{font-size:15px}.elementor-widget-heading .elementor-heading-title.elementor-size-medium{font-size:19px}.elementor-widget-heading .elementor-heading-title.elementor-size-large{font-size:29px}.elementor-widget-heading .elementor-heading-title.elementor-size-xl{font-size:39px}.elementor-widget-heading .elementor-heading-title.elementor-size-xxl{font-size:59px}<\/style><h2 class=\"elementor-heading-title elementor-size-default\">KONTAKT FORMULAR<\/h2>\t\t<\/div>\n\t\t\t\t<\/div>\n\t\t\t\t<div class=\"elementor-element elementor-element-0d3f81f cf7-col elementor-widget elementor-widget-shortcode\" data-id=\"0d3f81f\" data-element_type=\"widget\" data-widget_type=\"shortcode.default\">\n\t\t\t\t<div class=\"elementor-widget-container\">\n\t\t\t\t\t<div class=\"elementor-shortcode\"><div class=\"cf7-contact-us\"><div class=\"cf7sg-container\"><div id=\"cf7sg-form-contact-form-all-services-de\" class=\"cf7-smart-grid has-grid key_contact-form-all-services-de\">\n<div class=\"wpcf7 no-js\" id=\"wpcf7-f282-o1\" lang=\"\" dir=\"ltr\" data-wpcf7-id=\"282\">\n<div class=\"screen-reader-response\"><p role=\"status\" aria-live=\"polite\" aria-atomic=\"true\"><\/p> <ul><\/ul><\/div>\n<form action=\"\/de\/wp-json\/wp\/v2\/pages\/31#wpcf7-f282-o1\" method=\"post\" class=\"wpcf7-form init\" aria-label=\"Kontaktformular\" novalidate=\"novalidate\" data-status=\"init\">\n<div style=\"display: none;\">\n<input type=\"hidden\" name=\"_wpcf7\" value=\"282\" \/>\n<input type=\"hidden\" name=\"_wpcf7_version\" value=\"6.0\" \/>\n<input type=\"hidden\" name=\"_wpcf7_locale\" value=\"\" \/>\n<input type=\"hidden\" name=\"_wpcf7_unit_tag\" value=\"wpcf7-f282-o1\" \/>\n<input type=\"hidden\" name=\"_wpcf7_container_post\" value=\"0\" \/>\n<input type=\"hidden\" name=\"_wpcf7_posted_data_hash\" value=\"\" \/>\n<input type=\"hidden\" name=\"_wpcf7cf_hidden_group_fields\" value=\"[]\" \/>\n<input type=\"hidden\" name=\"_wpcf7cf_hidden_groups\" value=\"[]\" \/>\n<input type=\"hidden\" name=\"_wpcf7cf_visible_groups\" value=\"[]\" \/>\n<input type=\"hidden\" name=\"_wpcf7cf_repeaters\" value=\"[]\" \/>\n<input type=\"hidden\" name=\"_wpcf7cf_steps\" value=\"{}\" \/>\n<input type=\"hidden\" name=\"_wpcf7cf_options\" value=\"{&quot;form_id&quot;:282,&quot;conditions&quot;:[{&quot;then_field&quot;:&quot;groupBoetekeuze&quot;,&quot;and_rules&quot;:[{&quot;if_field&quot;:&quot;Diensten&quot;,&quot;operator&quot;:&quot;equals&quot;,&quot;if_value&quot;:&quot;Strafzahlung international&quot;}]},{&quot;then_field&quot;:&quot;grouplandkeuze&quot;,&quot;and_rules&quot;:[{&quot;if_field&quot;:&quot;werelddeel&quot;,&quot;operator&quot;:&quot;equals&quot;,&quot;if_value&quot;:&quot;Europa&quot;}]},{&quot;then_field&quot;:&quot;groupadresgegevensOverige&quot;,&quot;and_rules&quot;:[{&quot;if_field&quot;:&quot;werelddeel&quot;,&quot;operator&quot;:&quot;equals&quot;,&quot;if_value&quot;:&quot;Alle \\u00fcbrigen L\\u00e4nder&quot;}]},{&quot;then_field&quot;:&quot;groupChauffeurs&quot;,&quot;and_rules&quot;:[{&quot;if_field&quot;:&quot;Diensten&quot;,&quot;operator&quot;:&quot;equals&quot;,&quot;if_value&quot;:&quot;Fahrtenschreiberanalyse&quot;}]},{&quot;then_field&quot;:&quot;groupChauffeurs&quot;,&quot;and_rules&quot;:[{&quot;if_field&quot;:&quot;Diensten&quot;,&quot;operator&quot;:&quot;equals&quot;,&quot;if_value&quot;:&quot;Mindestlohngesetz&quot;}]},{&quot;then_field&quot;:&quot;groupKentekens&quot;,&quot;and_rules&quot;:[{&quot;if_field&quot;:&quot;Diensten&quot;,&quot;operator&quot;:&quot;equals&quot;,&quot;if_value&quot;:&quot;Fahrtenschreiberanalyse&quot;}]}],&quot;settings&quot;:{&quot;animation&quot;:&quot;yes&quot;,&quot;animation_intime&quot;:200,&quot;animation_outtime&quot;:200,&quot;conditions_ui&quot;:&quot;normal&quot;,&quot;notice_dismissed&quot;:false}}\" \/>\n<input type=\"hidden\" name=\"_wpcf7_key\" value=\"contact-form-all-services-de\" \/>\n<input type=\"hidden\" name=\"_cf7sg_toggles\" value=\"\" \/>\n<input type=\"hidden\" name=\"_cf7sg_version\" value=\"4.15.8\" \/>\n<input type=\"hidden\" name=\"_wpnonce\" value=\"271a904917\" \/>\n<\/div>\n<div class=\"container\">\n  <div class=\"row\">\n    <label class=\"label-required-field\">Die mit <em>*<\/em> gekennzeichneten Felder sind Pflichtfelder.<\/label>\n    <p>\n      <label>Ihr Vor- und Nachname <em>*<\/em><\/label> <span class=\"wpcf7-form-control-wrap\" data-name=\"voorenachternaam\"><input size=\"40\" maxlength=\"400\" class=\"wpcf7-form-control wpcf7-text wpcf7-validates-as-required\" aria-required=\"true\" aria-invalid=\"false\" value=\"\" type=\"text\" name=\"voorenachternaam\" \/><\/span>\n    <\/p>\n    <p>\n      <label>Ihr Firmenname <em>*<\/em><\/label> <span class=\"wpcf7-form-control-wrap\" data-name=\"bedrijfsnaam\"><input size=\"40\" maxlength=\"400\" class=\"wpcf7-form-control wpcf7-text wpcf7-validates-as-required\" aria-required=\"true\" aria-invalid=\"false\" value=\"\" type=\"text\" name=\"bedrijfsnaam\" \/><\/span>\n    <\/p>\n    <p>\n      <label>Stra\u00dfe und Hausnummer<\/label> <span class=\"wpcf7-form-control-wrap\" data-name=\"straatenhuisnummer\"><input size=\"40\" maxlength=\"400\" class=\"wpcf7-form-control wpcf7-text\" aria-invalid=\"false\" value=\"\" type=\"text\" name=\"straatenhuisnummer\" \/><\/span>\n    <\/p>\n    <p>\n      <label>Postleitzahl<\/label> <span class=\"wpcf7-form-control-wrap\" data-name=\"postcode\"><input size=\"40\" maxlength=\"400\" class=\"wpcf7-form-control wpcf7-text\" aria-invalid=\"false\" value=\"\" type=\"text\" name=\"postcode\" \/><\/span>\n    <\/p>\n    <p>\n      <label>Stadt<\/label> <span class=\"wpcf7-form-control-wrap\" data-name=\"plaats\"><input size=\"40\" maxlength=\"400\" class=\"wpcf7-form-control wpcf7-text\" aria-invalid=\"false\" value=\"\" type=\"text\" name=\"plaats\" \/><\/span>\n    <\/p>\n    <label>In welchem Teil der Welt befinden Sie sich?<\/label> <span class=\"wpcf7-form-control-wrap\" data-name=\"werelddeel\"><span class=\"wpcf7-form-control wpcf7-radio\"><span class=\"wpcf7-list-item first\"><input type=\"radio\" name=\"werelddeel\" value=\"Europa\" checked=\"checked\" \/><span class=\"wpcf7-list-item-label\">Europa<\/span><\/span><span class=\"wpcf7-list-item last\"><input type=\"radio\" name=\"werelddeel\" value=\"Alle \u00fcbrigen L\u00e4nder\" \/><span class=\"wpcf7-list-item-label\">Alle \u00fcbrigen L\u00e4nder<\/span><\/span><\/span><\/span> <div data-id=\"grouplandkeuze\" data-orig_data_id=\"grouplandkeuze\"  data-class=\"wpcf7cf_group\"> <span class=\"wpcf7-form-control-wrap\" data-name=\"kiesland\"><select class=\"wpcf7-form-control wpcf7-select\" aria-invalid=\"false\" name=\"kiesland\"><option value=\"Land w\u00e4hlen\">Land w\u00e4hlen<\/option><option value=\"Albanien\">Albanien<\/option><option value=\"Andorra\">Andorra<\/option><option value=\"Belgien\">Belgien<\/option><option value=\"Bosnien und Herzegowina\">Bosnien und Herzegowina<\/option><option value=\"Bulgarien\">Bulgarien<\/option><option value=\"D\u00e4nemark\">D\u00e4nemark<\/option><option value=\"Deutschland\">Deutschland<\/option><option value=\"Estland\">Estland<\/option><option value=\"Finnland\">Finnland<\/option><option value=\"Frankreich\">Frankreich<\/option><option value=\"Griechenland\">Griechenland<\/option><option value=\"Ungarn\">Ungarn<\/option><option value=\"Island\">Island<\/option><option value=\"Irland\">Irland<\/option><option value=\"Italien\">Italien<\/option><option value=\"Kosovo\">Kosovo<\/option><option value=\"Kroatien\">Kroatien<\/option><option value=\"Lettland\">Lettland<\/option><option value=\"Liechtenstein\">Liechtenstein<\/option><option value=\"Litauen\">Litauen<\/option><option value=\"Luxemburg\">Luxemburg<\/option><option value=\"Malta\">Malta<\/option><option value=\"Moldawien\">Moldawien<\/option><option value=\"Monaco\">Monaco<\/option><option value=\"Montenegro\">Montenegro<\/option><option value=\"Niederlande\">Niederlande<\/option><option value=\"Nordmakedonien\">Nordmakedonien<\/option><option value=\"Norwegen\">Norwegen<\/option><option value=\"Ukraine\">Ukraine<\/option><option value=\"\u00d6sterreich\">\u00d6sterreich<\/option><option value=\"Polen\">Polen<\/option><option value=\"Portugal\">Portugal<\/option><option value=\"Rum\u00e4nien\">Rum\u00e4nien<\/option><option value=\"San Marino\">San Marino<\/option><option value=\"Serbien\">Serbien<\/option><option value=\"Slowenien\">Slowenien<\/option><option value=\"Slowakei\">Slowakei<\/option><option value=\"Spanien\">Spanien<\/option><option value=\"Tschechische Republik\">Tschechische Republik<\/option><option value=\"Vatikanstadt\">Vatikanstadt<\/option><option value=\"Vereinigtes K\u00f6nigreich\">Vereinigtes K\u00f6nigreich<\/option><option value=\"Wei\u00dfrussland\">Wei\u00dfrussland<\/option><option value=\"Schweden\">Schweden<\/option><option value=\"Schweiz\">Schweiz<\/option><\/select><\/span> <\/div> <div data-id=\"groupadresgegevensOverige\" data-orig_data_id=\"groupadresgegevensOverige\"  data-class=\"wpcf7cf_group\">\n    <p>\n      <label>Land<\/label> <span class=\"wpcf7-form-control-wrap\" data-name=\"land\"><input size=\"40\" maxlength=\"400\" class=\"wpcf7-form-control wpcf7-text\" aria-invalid=\"false\" value=\"\" type=\"text\" name=\"land\" \/><\/span>\n    <\/p>\n    <\/div>\n    <p>\n      <label class=\"f-height\"><span>Ihre E-Mail Adresse <em>*<\/em><\/span><\/label> <span class=\"wpcf7-form-control-wrap\" data-name=\"email\"><input size=\"40\" maxlength=\"400\" class=\"wpcf7-form-control wpcf7-email wpcf7-validates-as-required wpcf7-text wpcf7-validates-as-email\" aria-required=\"true\" aria-invalid=\"false\" value=\"\" type=\"email\" name=\"email\" \/><\/span>\n    <\/p>\n    <p>\n      <label class=\"f-height\"><span>Ihre Telefonnummer <em>*<\/em> (internationale Schreibweise, z. B.: +31850719600)<\/span><\/label> <span class=\"wpcf7-form-control-wrap\" data-name=\"uwtelefoonnummer\"><input size=\"40\" maxlength=\"400\" class=\"wpcf7-form-control wpcf7-tel wpcf7-validates-as-required wpcf7-text wpcf7-validates-as-tel\" aria-required=\"true\" aria-invalid=\"false\" value=\"\" type=\"tel\" name=\"uwtelefoonnummer\" \/><\/span>\n    <\/p>\n    <label>Ich bin interessiert an:<\/label> <span class=\"wpcf7-form-control-wrap\" data-name=\"Diensten\"><span class=\"wpcf7-form-control wpcf7-checkbox\"><span class=\"wpcf7-list-item first\"><input type=\"checkbox\" name=\"Diensten[]\" value=\"Strafzahlung international\" \/><span class=\"wpcf7-list-item-label\">Strafzahlung international<\/span><\/span><span class=\"wpcf7-list-item\"><input type=\"checkbox\" name=\"Diensten[]\" value=\"Zahlungskarte\" \/><span class=\"wpcf7-list-item-label\">Zahlungskarte<\/span><\/span><span class=\"wpcf7-list-item\"><input type=\"checkbox\" name=\"Diensten[]\" value=\"Rechtsberatung\" \/><span class=\"wpcf7-list-item-label\">Rechtsberatung<\/span><\/span><span class=\"wpcf7-list-item\"><input type=\"checkbox\" name=\"Diensten[]\" value=\"Mindestlohngesetz\" \/><span class=\"wpcf7-list-item-label\">Mindestlohngesetz<\/span><\/span><span class=\"wpcf7-list-item\"><input type=\"checkbox\" name=\"Diensten[]\" value=\"TIN CRM, unser DSGVO-sicheres Portal\" \/><span class=\"wpcf7-list-item-label\">TIN CRM, unser DSGVO-sicheres Portal<\/span><\/span><span class=\"wpcf7-list-item\"><input type=\"checkbox\" name=\"Diensten[]\" value=\"Fahrtenschreiberanalyse\" \/><span class=\"wpcf7-list-item-label\">Fahrtenschreiberanalyse<\/span><\/span><span class=\"wpcf7-list-item\"><input type=\"checkbox\" name=\"Diensten[]\" value=\"Flottenmanagement\" \/><span class=\"wpcf7-list-item-label\">Flottenmanagement<\/span><\/span><span class=\"wpcf7-list-item\"><input type=\"checkbox\" name=\"Diensten[]\" value=\"Maut-EETS-L\u00f6sung\" \/><span class=\"wpcf7-list-item-label\">Maut-EETS-L\u00f6sung<\/span><\/span><span class=\"wpcf7-list-item\"><input type=\"checkbox\" name=\"Diensten[]\" value=\"Mehrwertsteuer und Verbrauchsteuern\" \/><span class=\"wpcf7-list-item-label\">Mehrwertsteuer und Verbrauchsteuern<\/span><\/span><span class=\"wpcf7-list-item\"><input type=\"checkbox\" name=\"Diensten[]\" value=\"\u00dcbersetzungsdienst\" \/><span class=\"wpcf7-list-item-label\">\u00dcbersetzungsdienst<\/span><\/span><span class=\"wpcf7-list-item\"><input type=\"checkbox\" name=\"Diensten[]\" value=\"Antr\u00e4ge auf Sondergenehmigung\" \/><span class=\"wpcf7-list-item-label\">Antr\u00e4ge auf Sondergenehmigung<\/span><\/span><span class=\"wpcf7-list-item last\"><input type=\"checkbox\" name=\"Diensten[]\" value=\"Unser Newsletter\" \/><span class=\"wpcf7-list-item-label\">Unser Newsletter<\/span><\/span><\/span><\/span> <div data-id=\"groupChauffeurs\" data-orig_data_id=\"groupChauffeurs\"  data-class=\"wpcf7cf_group\">\n    <label>Wie viele Fahrer besch\u00e4ftigen Sie?<\/label> <span class=\"wpcf7-form-control-wrap\" data-name=\"numberChauffeurs\"><input class=\"wpcf7-form-control wpcf7-number wpcf7-validates-as-number\" aria-invalid=\"false\" placeholder=\"Anzahl der Fahrer\" value=\"\" type=\"number\" name=\"numberChauffeurs\" \/><\/span> <\/div> <div data-id=\"groupKentekens\" data-orig_data_id=\"groupKentekens\"  data-class=\"wpcf7cf_group\">\n    <label>Wie viele LKW haben Sie?<\/label> <span class=\"wpcf7-form-control-wrap\" data-name=\"numberKentekens\"><input class=\"wpcf7-form-control wpcf7-number wpcf7-validates-as-number\" aria-invalid=\"false\" placeholder=\"Anzahl der LKW\" value=\"\" type=\"number\" name=\"numberKentekens\" \/><\/span> <\/div> <div data-id=\"groupBoetekeuze\" data-orig_data_id=\"groupBoetekeuze\"  data-class=\"wpcf7cf_group\">\n    <label>Bu\u00dfgeld-Service w\u00e4hlen:<\/label> <span class=\"wpcf7-form-control-wrap\" data-name=\"boete\"><select class=\"wpcf7-form-control wpcf7-select\" aria-invalid=\"false\" name=\"boete\"><option value=\"\">- Bitte w\u00e4hlen Sie hier -<\/option><option value=\"Bu\u00dfe sofort bezahlen\">Bu\u00dfe sofort bezahlen<\/option><option value=\"Einspruch einlegen\">Einspruch einlegen<\/option><option value=\"Weitere Informationen \u00fcber meine Bu\u00dfe\">Weitere Informationen \u00fcber meine Bu\u00dfe<\/option><option value=\"Weitere Informationen \u00fcber Bu\u00dfen und Einspr\u00fcche\">Weitere Informationen \u00fcber Bu\u00dfen und Einspr\u00fcche<\/option><\/select><\/span> <\/div>\n    <p class=\"wf\">\n      <label>Ihre Nachricht<\/label> <span class=\"wpcf7-form-control-wrap\" data-name=\"bericht\"><textarea cols=\"40\" rows=\"10\" maxlength=\"2000\" class=\"wpcf7-form-control wpcf7-textarea\" aria-invalid=\"false\" name=\"bericht\"><\/textarea><\/span>\n    <\/p>\n    <p class=\"wf\">\n      <span class=\"wpcf7-form-control-wrap\" data-name=\"agree\"><span class=\"wpcf7-form-control wpcf7-acceptance invert\"><span class=\"wpcf7-list-item\"><input type=\"checkbox\" name=\"agree\" value=\"1\" checked=\"checked\" class=\"agree\" aria-invalid=\"false\" \/><\/span><\/span><\/span> <input class=\"wpcf7-form-control wpcf7-submit has-spinner\" id=\"stickersubmit\" type=\"submit\" value=\"SCHICKEN\" \/>\n    <\/p>\n  <\/div>\n<\/div><div class=\"wpcf7-response-output\" aria-hidden=\"true\"><\/div>\n<\/form>\n<\/div>\n<\/div><\/div><\/div><\/div>\n\t\t\t\t<\/div>\n\t\t\t\t<\/div>\n\t\t\t\t\t<\/div>\n\t\t\t\t<\/div>\n\t\t<div class=\"elementor-element elementor-element-0de46d9 e-con-full cf7-form-container__text e-flex e-con e-child\" data-id=\"0de46d9\" data-element_type=\"container\">\n\t\t\t\t<div class=\"elementor-element elementor-element-0490820 elementor-widget elementor-widget-heading\" data-id=\"0490820\" data-element_type=\"widget\" data-widget_type=\"heading.default\">\n\t\t\t\t<div class=\"elementor-widget-container\">\n\t\t\t<h2 class=\"elementor-heading-title elementor-size-default\">HAUPTSITZ<\/h2>\t\t<\/div>\n\t\t\t\t<\/div>\n\t\t\t\t<div class=\"elementor-element elementor-element-766b8a8 elementor-widget elementor-widget-text-editor\" data-id=\"766b8a8\" data-element_type=\"widget\" data-widget_type=\"text-editor.default\">\n\t\t\t\t<div class=\"elementor-widget-container\">\n\t\t\t\t\t\t\t<p><strong>NL<br \/><\/strong>Transport in Nood B.V.<br \/>Flevolaan 27-G<br \/>1382 JX Weesp<br \/>Niederlande<\/p><p><strong>DE<\/strong><br \/>Transport in Not GmbH<br \/>Briener Strasse 9-13<br \/>47533 Kleve<br \/>Deutschland<\/p><p><strong>KONTAKT<\/strong><br \/>Tel.: +31(0)85 0719 600<\/p>\t\t\t\t\t\t<\/div>\n\t\t\t\t<\/div>\n\t\t\t\t<div class=\"elementor-element elementor-element-e23aea1 elementor-widget elementor-widget-text-editor\" data-id=\"e23aea1\" data-element_type=\"widget\" data-widget_type=\"text-editor.default\">\n\t\t\t\t<div class=\"elementor-widget-container\">\n\t\t\t\t\t\t\t<h3>FIRMENDETAILS<\/h3><p><strong>NL<\/strong><br \/>Transport in Nood B.V.<br \/>BTW: NL820131854B01<br \/>KvK: 34318508<\/p><p><strong>DE<\/strong><br \/>Transport in Not GmbH<br \/>Ust-idNr: DE338110865<br \/>HRB: 32408<\/p><p><strong>HU<\/strong><br \/>TIN Support Kft<br \/>Ad\u00f3sz\u00e1m: HU27793082<br \/>C\u00e9gjegyz\u00e9ksz\u00e1m: 11-09-029491<\/p>\t\t\t\t\t\t<\/div>\n\t\t\t\t<\/div>\n\t\t\t\t<\/div>\n\t\t\t\t\t<\/div>\n\t\t\t\t<\/div>\n\t\t\t\t\t<\/div>\n\t\t\t\t<\/div>\n\t\t\t\t<\/div>\n\t\t","protected":false},"excerpt":{"rendered":"<p>Bij Transport In Nood worden de complexiteiten van de EU IMI\/detacheringswetgeving vereenvoudigd en helpen wij u bij onvoorziene problemen, zodat u zich helemaal kunt richten op het allerbelangrijkste: uw onderneming. Neem daarom contact op. We vertellen u graag meer over naadloze compliance en effici\u00ebnte ondersteuning.<\/p>\n","protected":false},"author":1,"featured_media":643,"parent":0,"menu_order":9,"comment_status":"closed","ping_status":"closed","template":"","meta":{"_acf_changed":true,"footnotes":""},"class_list":["post-31","page","type-page","status-publish","has-post-thumbnail","hentry"],"acf":[],"_links":{"self":[{"href":"https:\/\/tin.eu\/de\/wp-json\/wp\/v2\/pages\/31","targetHints":{"allow":["GET"]}}],"collection":[{"href":"https:\/\/tin.eu\/de\/wp-json\/wp\/v2\/pages"}],"about":[{"href":"https:\/\/tin.eu\/de\/wp-json\/wp\/v2\/types\/page"}],"author":[{"embeddable":true,"href":"https:\/\/tin.eu\/de\/wp-json\/wp\/v2\/users\/1"}],"replies":[{"embeddable":true,"href":"https:\/\/tin.eu\/de\/wp-json\/wp\/v2\/comments?post=31"}],"version-history":[{"count":1,"href":"https:\/\/tin.eu\/de\/wp-json\/wp\/v2\/pages\/31\/revisions"}],"predecessor-version":[{"id":32,"href":"https:\/\/tin.eu\/de\/wp-json\/wp\/v2\/pages\/31\/revisions\/32"}],"wp:featuredmedia":[{"embeddable":true,"href":"https:\/\/tin.eu\/de\/wp-json\/wp\/v2\/media\/643"}],"wp:attachment":[{"href":"https:\/\/tin.eu\/de\/wp-json\/wp\/v2\/media?parent=31"}],"curies":[{"name":"wp","href":"https:\/\/api.w.org\/{rel}","templated":true}]}}