{"id":3,"date":"2024-04-09T07:48:35","date_gmt":"2024-04-09T07:48:35","guid":{"rendered":"https:\/\/tin.eu\/?page_id=3"},"modified":"2024-12-17T12:00:44","modified_gmt":"2024-12-17T11:00:44","slug":"privacy-policy","status":"publish","type":"page","link":"https:\/\/tin.eu\/de\/privacy-policy\/","title":{"rendered":"Privacybeleid"},"content":{"rendered":"\t\t<div data-elementor-type=\"wp-page\" data-elementor-id=\"3\" class=\"elementor elementor-3\" data-elementor-post-type=\"page\">\n\t\t\t\t<div class=\"elementor-element elementor-element-315e574 header e-flex e-con-boxed e-con e-parent\" data-id=\"315e574\" data-element_type=\"container\">\n\t\t\t\t\t<div class=\"e-con-inner\">\n\t\t<div class=\"elementor-element elementor-element-43d575c container e-flex e-con-boxed e-con e-child\" data-id=\"43d575c\" data-element_type=\"container\">\n\t\t\t\t\t<div class=\"e-con-inner\">\n\t\t\t\t<div class=\"elementor-element elementor-element-3d97493 elementor-widget elementor-widget-heading\" data-id=\"3d97493\" data-element_type=\"widget\" data-widget_type=\"heading.default\">\n\t\t\t\t<div class=\"elementor-widget-container\">\n\t\t\t<style>\/*! elementor - v3.21.0 - 26-05-2024 *\/\n.elementor-heading-title{padding:0;margin:0;line-height:1}.elementor-widget-heading .elementor-heading-title[class*=elementor-size-]>a{color:inherit;font-size:inherit;line-height:inherit}.elementor-widget-heading .elementor-heading-title.elementor-size-small{font-size:15px}.elementor-widget-heading .elementor-heading-title.elementor-size-medium{font-size:19px}.elementor-widget-heading .elementor-heading-title.elementor-size-large{font-size:29px}.elementor-widget-heading .elementor-heading-title.elementor-size-xl{font-size:39px}.elementor-widget-heading .elementor-heading-title.elementor-size-xxl{font-size:59px}<\/style><h1 class=\"elementor-heading-title elementor-size-default\">Datenschutzrichtlinie<\/h1>\t\t<\/div>\n\t\t\t\t<\/div>\n\t\t\t\t\t<\/div>\n\t\t\t\t<\/div>\n\t\t\t\t\t<\/div>\n\t\t\t\t<\/div>\n\t\t<div class=\"elementor-element elementor-element-dee07f4 e-flex e-con-boxed e-con e-parent\" data-id=\"dee07f4\" data-element_type=\"container\">\n\t\t\t\t\t<div class=\"e-con-inner\">\n\t\t<div class=\"elementor-element elementor-element-0aedb5d container e-flex e-con-boxed e-con e-child\" data-id=\"0aedb5d\" data-element_type=\"container\">\n\t\t\t\t\t<div class=\"e-con-inner\">\n\t\t\t\t<div class=\"elementor-element elementor-element-d321cfe elementor-widget elementor-widget-shortcode\" data-id=\"d321cfe\" data-element_type=\"widget\" data-widget_type=\"shortcode.default\">\n\t\t\t\t<div class=\"elementor-widget-container\">\n\t\t\t\t\t<div class=\"elementor-shortcode\">\n  <script type=\"text\/javascript\" id=\"google-translate-script\">\n  function googleTranslateElementInit() {\n      \/\/ pages for lawyers are translated into only 4 languages\n      let translated = ['nl','en','de','pt','hu','sl'];\n      let lang_code;\n\n\t\t\tif ( translated.includes(document.querySelector(\".site-language-slug\").innerHTML) ) {\n        lang_code = document.querySelector(\".site-language-slug\").innerHTML;\n      }\n      else {\n        lang_code = 'nl';\n      }\n\n      new google.translate.TranslateElement(\n          {pageLanguage: lang_code},\n          'google_translate_element'\n      );\n  }\n  <\/script>\n  <script type=\"text\/javascript\" id=\"google-translate-code\" src=\"https:\/\/translate.google.com\/translate_a\/element.js?cb=googleTranslateElementInit#googtrans(fr)\"><\/script>\n  <div id=\"google_translate_element\"><\/div>\n  <\/div>\n\t\t\t\t<\/div>\n\t\t\t\t<\/div>\n\t\t\t\t<div class=\"elementor-element elementor-element-ad675e3 elementor-widget elementor-widget-text-editor\" data-id=\"ad675e3\" data-element_type=\"widget\" data-widget_type=\"text-editor.default\">\n\t\t\t\t<div class=\"elementor-widget-container\">\n\t\t\t<style>\/*! elementor - v3.21.0 - 26-05-2024 *\/\n.elementor-widget-text-editor.elementor-drop-cap-view-stacked .elementor-drop-cap{background-color:#69727d;color:#fff}.elementor-widget-text-editor.elementor-drop-cap-view-framed .elementor-drop-cap{color:#69727d;border:3px solid;background-color:transparent}.elementor-widget-text-editor:not(.elementor-drop-cap-view-default) .elementor-drop-cap{margin-top:8px}.elementor-widget-text-editor:not(.elementor-drop-cap-view-default) .elementor-drop-cap-letter{width:1em;height:1em}.elementor-widget-text-editor .elementor-drop-cap{float:left;text-align:center;line-height:1;font-size:50px}.elementor-widget-text-editor .elementor-drop-cap-letter{display:inline-block}<\/style>\t\t\t\t<h4 class=\"wp-block-heading\">TRANSPORT IN NOT GMBH<\/h4><p>Transport in Not GmbH\/Transport in Nood BV kann Ihre personenbezogenen Daten verarbeiten, weil Sie die Dienstleistungen von Transport in Nood BV\/Transport in Not GmbH nutzen und\/oder weil Sie diese Transport in Nood BV \/ Transport in Not GmbH selbst zur Verf\u00fcgung stellen, in dem Sie ein Kontaktformular auf der Website ausf\u00fcllen.<\/p><p>Transport in Nood BV \/ Transport in Not GmbH kann die folgenden pers\u00f6nlichen Daten verarbeiten: Ihren Vor- und Nachnamen \u2013\u00a0Ihren Firmennamen \u2013\u00a0Ihre Adressdaten \u2013\u00a0Ihre Telefonnummer(n) \u2013\u00a0Ihre E-Mail-Adresse \u2013\u00a0Ihre IP-Adresse \u2013\u00a0Und alle Daten die wir f\u00fcr die Dienstleistungserstellung f\u00fcr Sie ben\u00f6tigen. Dies betrifft auch deren finanzielle Abwicklung.<\/p><h4 class=\"wp-block-heading\">WARUM BEN\u00d6TIGT TRANSPORT IN NOOD BV\/ TRANSPORT IN NOT GMBH IHRE DATEN?<\/h4><p><span class=\"jCAhz ChMk0b\"><span class=\"ryNqvb\">Transport in Nood BV verarbeitet Ihre personenbezogenen Daten, um Sie auf Ihren Wunsch telefonisch kontaktieren und\/oder um Sie schriftlich (per E-Mail und\/oder per Post) zu kontaktieren, wenn wir Sie telefonisch nicht erreichen k\u00f6nnen.<\/span><\/span> <span class=\"jCAhz ChMk0b\"><span class=\"ryNqvb\">Dar\u00fcber hinaus kann Transport in Nood BV Ihre personenbezogenen Daten im Rahmen der Ausf\u00fchrung eines mit Ihnen geschlossenen Vertrags oder aufgrund einer gesetzlichen Verpflichtung verwenden.<\/span><\/span><\/p><p><span class=\"jCAhz ChMk0b\"><span class=\"ryNqvb\">Transport in Nood BV erfasst Echtzeit-Standortdaten von Ihrem Mobilger\u00e4t, einschlie\u00dflich GPS-Koordinaten, um Ihre Navigation und Routen w\u00e4hrend der Verwendung der App zu verfolgen und genaue Navigationsdienste und Routenoptimierung bereitzustellen.<\/span><\/span><\/p><h4 class=\"wp-block-heading\">WIE LANGE SPEICHERT TRANSPORT IN NOOD BV \/ TRANSPORT IN NOT GMBH IHRE DATEN?<\/h4><p>Transport in Nood BV \/ Transport in Not GmbH speichert ihre personenbezogenen Daten nicht l\u00e4nger als unbedingt erforderlich um die Ziele zu erreichen, wof\u00fcr ihre Daten gesammelt werden oder wof\u00fcr die Daten gesetzlich vorgeschrieben sind.<br \/>Ihre Daten werden nicht l\u00e4nger als ein Jahr gespeichert. Dieser Fall tritt ein, sollte keine weitere Vereinbarung mit Ihnen getroffen worden sein.<\/p><h4 class=\"wp-block-heading\">MIT ANDEREN TEILEN:<\/h4><p>Transport in Nood BV\/Transport in Not GmbH leitet ihre personenbezogenen Daten nur dann an einen Drittanbieter weiter, wenn dies zur Ausf\u00fchrung eines Vertrages mit ihnen oder zur Einhaltung einer gesetzlichen Verpflichtung erforderlich ist.<\/p><h4 class=\"wp-block-heading\">COOKIES<\/h4><p>Wir verwenden Cookies auf unserer Website.\u00a0 Cookies sind kleine Textdateien, in denen kleine Informationen gespeichert werden. Die Cookies werden auf ihrem Ger\u00e4t gespeichert wenn die Website in ihren Browser geladen wird.<br \/>Diese Cookies helfen uns dabei, dass die Website gut und effizient funktioniert. Wir verwenden keine Cookies um Sie pers\u00f6nlich zu verfolgen oder Sie zu identifizieren. Wir verwenden \u201aSession-Cookies\u2018 um die Anmeldedaten der Besucher unserer Website zu verfolgen. Sie k\u00f6nnen ihren Browser so einstellen, dass keine Cookies mehr gespeichert werden. Dar\u00fcber hinaus k\u00f6nnen Sie alle zuvor gespeicherte Informationen ihres Browsers l\u00f6schen.<br \/>Bitte beachten Sie, dass Sie m\u00f6glicherweise keinen vollst\u00e4ndigen Zugriff auf alle Funktionen dieser Website haben.<\/p><h4 class=\"wp-block-heading\">ZUORDNEN VON WEBSITE-BESUCHEN<\/h4><p>Allgemeine Besucherdaten werden auf der Transport in Nood BV\/Transport in Not GmbH Website gespeichert, einschlie\u00dflich die IP-Adresse ihres Computers. Ebenso der Zeitpunkt des Antretens und die Daten die ihr Browser sendet.<\/p><p>Diese Daten werden zur Analyse des Besucher- und des Klickverhaltens auf der Website verwendet.<\/p><p>Transport in Nood BV\/ Transport in Not GmbH verwendet diese Informationen um den Betrieb der Website zu verbessern. Diese Daten werden so weit wie m\u00f6glich anonymisiert und werden nicht an Drittanbieter weitergegeben.<\/p><h4 class=\"wp-block-heading\">GOOGLE ANALYTICS<\/h4><p>Transport in Nood BV\/Transport in Not GmbH verwendet Google Analytics um zu verfolgen wie Benutzer die Website nutzen und wie effektiv die AdWords-Anzeigen von Transport in Nood BV\/Transport in Not GmbH auf den Google-Such-Ergebnisseiten sind.<\/p><p>Transport in Nood BV\/Transport in Not \u00a0GmbH hat Google keine Erlaubnis erteilt von Transport in Nood BV\/Transport in Not GmbH enthaltende Analytics-Informationen f\u00fcr andere Google-Dienstleistungen zu verwenden.<\/p><h4 class=\"wp-block-heading\">EINSEHEN, ANPASSEN ODER L\u00d6SCHEN VON DATEN<\/h4><p>Sie haben das Recht ihre pers\u00f6nlichen Daten einzusehen, anzupassen oder zu l\u00f6schen.<\/p><p>Sie k\u00f6nnen eine Anfrage zur Anpassung oder L\u00f6schung von Daten schicken nach:\u00a0<a href=\"https:\/\/tin.eu\/nl\/contact\/contactformulier-diensten\/\">info@transportinnood.nl<\/a><\/p><p>Transport in Nood BV\/Transport in Not GmbH wird ihre Anfrage so schnell wie m\u00f6glich, sp\u00e4testens jedoch innerhalb von vier Wochen beantworten.<\/p><h4 class=\"wp-block-heading\">SICHERN<\/h4><p>Transport in Nood BV\/Transport in Not GmbH nimmt den Schutz Ihrer Daten ernst und hat geeignete technische und organisatorische Ma\u00dfnahmen (DS-GVO\/GDPR General Data Protection Regulation) ergriffen, um Missbrauch, Verlust, unbefugten Zugriff, unerw\u00fcnschte Ver\u00f6ffentlichung und unbefugte \u00c4nderung zu verhindern.<br \/>Die Transport in Nood BV\/Transport in Not GmbH Website verwendet ein zuverl\u00e4ssiges SSL-Zertifikat, um sicherzustellen, dass Ihre pers\u00f6nlichen Daten nicht in die falschen H\u00e4nde geraten.<br \/>Wenn Sie den Eindruck haben, dass Ihre Daten nicht ordnungsgem\u00e4\u00df gesch\u00fctzt sind oder Hinweise auf Missbrauch vorliegen, oder wenn Sie weitere Informationen zur Sicherheit personenbezogener Daten w\u00fcnschen die von Transport in Nood BV\/Transport in Not GmbH erfasst werden, wenden Sie sich bitte an Transport in Nood BV\/Transport in Not GmbH.<\/p><h4 class=\"wp-block-heading\">MEHR INFORMATIONEN<\/h4><p>Transport in Nood BV \/ Transport in Not-GmbH nimmt den Schutz Ihrer Daten ernst<\/p><p>Die Transport in Nood BV \/ Transport in Not GmbH Website verdorben ein gegebeniges SSL-Zertifikat<\/p><p>Wenn Sie den Verlust haben, dass Ihre Daten nicht ber\u00fccksichtigt werden, oder wenn Sie sich auf den Transport in Nood BV \/ Transport in Not GmbH beziehen in sich, wenden Sie Sich Zu Transport in Nood BV \/ Transport in der Not GmbH. durch\u00a0info@transportinnood.nl.\u00a0<\/p><p><a href=\"https:\/\/www.transportinnood.nl\/\">www.transportinnood.nl<\/a> ist eine Website von Transport in Nood B.V.<\/p><h4>Der Transport in Nood BV kann wie folgt erreicht werden:<\/h4><p><strong>Gesch\u00e4ftsadresse<\/strong>: <br \/>Flevolaan 27G, 1382 JX, Weesp.<\/p><p><strong>Nummer der Handelskammer:<\/strong> 34318509<\/p><p><strong>Telefon:<\/strong> 085 071 9600<\/p>\t\t\t\t\t\t<\/div>\n\t\t\t\t<\/div>\n\t\t\t\t<div class=\"elementor-element elementor-element-8aa327a elementor-widget elementor-widget-spacer\" data-id=\"8aa327a\" data-element_type=\"widget\" data-widget_type=\"spacer.default\">\n\t\t\t\t<div class=\"elementor-widget-container\">\n\t\t\t<style>\/*! elementor - v3.21.0 - 26-05-2024 *\/\n.elementor-column .elementor-spacer-inner{height:var(--spacer-size)}.e-con{--container-widget-width:100%}.e-con-inner>.elementor-widget-spacer,.e-con>.elementor-widget-spacer{width:var(--container-widget-width,var(--spacer-size));--align-self:var(--container-widget-align-self,initial);--flex-shrink:0}.e-con-inner>.elementor-widget-spacer>.elementor-widget-container,.e-con>.elementor-widget-spacer>.elementor-widget-container{height:100%;width:100%}.e-con-inner>.elementor-widget-spacer>.elementor-widget-container>.elementor-spacer,.e-con>.elementor-widget-spacer>.elementor-widget-container>.elementor-spacer{height:100%}.e-con-inner>.elementor-widget-spacer>.elementor-widget-container>.elementor-spacer>.elementor-spacer-inner,.e-con>.elementor-widget-spacer>.elementor-widget-container>.elementor-spacer>.elementor-spacer-inner{height:var(--container-widget-height,var(--spacer-size))}.e-con-inner>.elementor-widget-spacer.elementor-widget-empty,.e-con>.elementor-widget-spacer.elementor-widget-empty{position:relative;min-height:22px;min-width:22px}.e-con-inner>.elementor-widget-spacer.elementor-widget-empty .elementor-widget-empty-icon,.e-con>.elementor-widget-spacer.elementor-widget-empty .elementor-widget-empty-icon{position:absolute;top:0;bottom:0;left:0;right:0;margin:auto;padding:0;width:22px;height:22px}<\/style>\t\t<div class=\"elementor-spacer\">\n\t\t\t<div class=\"elementor-spacer-inner\"><\/div>\n\t\t<\/div>\n\t\t\t\t<\/div>\n\t\t\t\t<\/div>\n\t\t\t\t\t<\/div>\n\t\t\t\t<\/div>\n\t\t\t\t\t<\/div>\n\t\t\t\t<\/div>\n\t\t\t\t<\/div>\n\t\t","protected":false},"excerpt":{"rendered":"<p>Transport in Nood kan persoonsgegevens over u verwerken, doordat u gebruik maakt van de diensten van Transport in Nood BV, en\/of omdat u deze zelf bij het invullen van een contactformulier op de website aan Transport in Nood BV verstrekt. Transport in Nood BV kan de volgende persoonsgegevens verwerken: \u2013 Uw voor- en achternaam \u2013 Uw bedrijfsnaam \u2013 Uw adresgegevens \u2013 Uw telefoonnummer(s) \u2013 Uw e-mailadres \u2013 Uw IP-adres en alle gegevens welke wij nodig zijn voor de aan u geleverde diensten en de financi\u00eble afwikkeling daarvan.<\/p>\n","protected":false},"author":1,"featured_media":448,"parent":0,"menu_order":16,"comment_status":"closed","ping_status":"open","template":"","meta":{"_acf_changed":false,"footnotes":""},"class_list":["post-3","page","type-page","status-publish","has-post-thumbnail","hentry"],"acf":[],"_links":{"self":[{"href":"https:\/\/tin.eu\/de\/wp-json\/wp\/v2\/pages\/3","targetHints":{"allow":["GET"]}}],"collection":[{"href":"https:\/\/tin.eu\/de\/wp-json\/wp\/v2\/pages"}],"about":[{"href":"https:\/\/tin.eu\/de\/wp-json\/wp\/v2\/types\/page"}],"author":[{"embeddable":true,"href":"https:\/\/tin.eu\/de\/wp-json\/wp\/v2\/users\/1"}],"replies":[{"embeddable":true,"href":"https:\/\/tin.eu\/de\/wp-json\/wp\/v2\/comments?post=3"}],"version-history":[{"count":1,"href":"https:\/\/tin.eu\/de\/wp-json\/wp\/v2\/pages\/3\/revisions"}],"predecessor-version":[{"id":928,"href":"https:\/\/tin.eu\/de\/wp-json\/wp\/v2\/pages\/3\/revisions\/928"}],"wp:featuredmedia":[{"embeddable":true,"href":"https:\/\/tin.eu\/de\/wp-json\/wp\/v2\/media\/448"}],"wp:attachment":[{"href":"https:\/\/tin.eu\/de\/wp-json\/wp\/v2\/media?parent=3"}],"curies":[{"name":"wp","href":"https:\/\/api.w.org\/{rel}","templated":true}]}}