{"id":28,"date":"2024-04-09T09:55:33","date_gmt":"2024-04-09T09:55:33","guid":{"rendered":"https:\/\/tin.eu\/?page_id=28"},"modified":"2025-10-23T12:42:49","modified_gmt":"2025-10-23T10:42:49","slug":"about-us","status":"publish","type":"page","link":"https:\/\/tin.eu\/de\/about-us\/","title":{"rendered":"Over ons"},"content":{"rendered":"\t\t<div data-elementor-type=\"wp-page\" data-elementor-id=\"28\" class=\"elementor elementor-28\" data-elementor-post-type=\"page\">\n\t\t\t\t<div class=\"elementor-element elementor-element-a5177af header e-flex e-con-boxed e-con e-parent\" data-id=\"a5177af\" data-element_type=\"container\">\n\t\t\t\t\t<div class=\"e-con-inner\">\n\t\t<div class=\"elementor-element elementor-element-ed50013 container e-flex e-con-boxed e-con e-child\" data-id=\"ed50013\" data-element_type=\"container\">\n\t\t\t\t\t<div class=\"e-con-inner\">\n\t\t\t\t<div class=\"elementor-element elementor-element-52abc99 elementor-widget elementor-widget-heading\" data-id=\"52abc99\" data-element_type=\"widget\" data-widget_type=\"heading.default\">\n\t\t\t\t<div class=\"elementor-widget-container\">\n\t\t\t<style>\/*! elementor - v3.21.0 - 26-05-2024 *\/\n.elementor-heading-title{padding:0;margin:0;line-height:1}.elementor-widget-heading .elementor-heading-title[class*=elementor-size-]>a{color:inherit;font-size:inherit;line-height:inherit}.elementor-widget-heading .elementor-heading-title.elementor-size-small{font-size:15px}.elementor-widget-heading .elementor-heading-title.elementor-size-medium{font-size:19px}.elementor-widget-heading .elementor-heading-title.elementor-size-large{font-size:29px}.elementor-widget-heading .elementor-heading-title.elementor-size-xl{font-size:39px}.elementor-widget-heading .elementor-heading-title.elementor-size-xxl{font-size:59px}<\/style><h1 class=\"elementor-heading-title elementor-size-default\">\u00dcber uns<\/h1>\t\t<\/div>\n\t\t\t\t<\/div>\n\t\t\t\t\t<\/div>\n\t\t\t\t<\/div>\n\t\t\t\t\t<\/div>\n\t\t\t\t<\/div>\n\t\t<div class=\"elementor-element elementor-element-1687dfd container e-flex e-con-boxed e-con e-parent\" data-id=\"1687dfd\" data-element_type=\"container\">\n\t\t\t\t\t<div class=\"e-con-inner\">\n\t\t<div class=\"elementor-element elementor-element-445a82c service__row e-flex e-con-boxed e-con e-child\" data-id=\"445a82c\" data-element_type=\"container\">\n\t\t\t\t\t<div class=\"e-con-inner\">\n\t\t\t\t<div class=\"elementor-element elementor-element-fbabae1 col__service col__service_img col__service_img-about-us elementor-widget elementor-widget-text-editor\" data-id=\"fbabae1\" data-element_type=\"widget\" data-widget_type=\"text-editor.default\">\n\t\t\t\t<div class=\"elementor-widget-container\">\n\t\t\t<style>\/*! elementor - v3.21.0 - 26-05-2024 *\/\n.elementor-widget-text-editor.elementor-drop-cap-view-stacked .elementor-drop-cap{background-color:#69727d;color:#fff}.elementor-widget-text-editor.elementor-drop-cap-view-framed .elementor-drop-cap{color:#69727d;border:3px solid;background-color:transparent}.elementor-widget-text-editor:not(.elementor-drop-cap-view-default) .elementor-drop-cap{margin-top:8px}.elementor-widget-text-editor:not(.elementor-drop-cap-view-default) .elementor-drop-cap-letter{width:1em;height:1em}.elementor-widget-text-editor .elementor-drop-cap{float:left;text-align:center;line-height:1;font-size:50px}.elementor-widget-text-editor .elementor-drop-cap-letter{display:inline-block}<\/style>\t\t\t\t<p><img decoding=\"async\" class=\"alignnone size-full wp-image-332\" src=\"https:\/\/tin.eu\/wp-content\/uploads\/2024\/04\/truck-right-1.svg\" alt=\"TIN\" \/><\/p>\t\t\t\t\t\t<\/div>\n\t\t\t\t<\/div>\n\t\t\t\t<div class=\"elementor-element elementor-element-d794fe4 elementor-widget elementor-widget-text-editor\" data-id=\"d794fe4\" data-element_type=\"widget\" data-widget_type=\"text-editor.default\">\n\t\t\t\t<div class=\"elementor-widget-container\">\n\t\t\t\t\t\t\t<h2>Wer wir sind<\/h2><p>TIN ist Ihr zuverl\u00e4ssiger Partner f\u00fcr unterwegs. Wir wurden 2008 von Antonio Oliveira als Transport in Nood gegr\u00fcndet und haben uns von der zielstrebigen Mission, Fahrzeuge so schnell wie m\u00f6glich wieder auf die Stra\u00dfe zu bringen, zu einem umfassenden Dienstleister f\u00fcr die Transportbranche entwickelt. Unser engagiertes Team aus rund 20 Fachleuten setzt sich daf\u00fcr ein, dass sich Transporteure auf ihre Kernaufgaben konzentrieren k\u00f6nnen und die Herausforderungen uns \u00fcberlassen.<\/p><h2>Unsere Entwicklung<\/h2><p>TIN hat sich seit seiner Gr\u00fcndung erheblich weiterentwickelt. Unser Dienstleistungsspektrum konzentrierte sich urspr\u00fcnglich darauf, Transportunternehmen dabei zu unterst\u00fctzen, ihre Fahrt schnell wieder aufzunehmen, wenn sie aus irgendeinem Grund angehalten wurden. Seitdem hat sich unser Leistungsspektrum erheblich erweitert. Heute verf\u00fcgen wir \u00fcber ein umfangreiches europ\u00e4isches Netzwerk und unterst\u00fctzen \u00fcber 3.200 Kunden auf dem gesamten Kontinent mit einer Vielzahl ma\u00dfgeschneiderter L\u00f6sungen, von der 24-Stunden-Unterst\u00fctzung bei der Zahlung von Bu\u00dfgeldern am Stra\u00dfenrand \u00fcber rechtliche Unterst\u00fctzung bei der Anfechtung von Bu\u00dfgeldern bis hin zu einem umfassenden Mautsystem, einer Zahlungskarte und vielem mehr.<\/p><h2>Digital und zukunftssicher<\/h2><p>Der digitale Wandel erreicht zunehmend auch den internationalen Stra\u00dfentransportsektor. Als Reaktion auf diese Entwicklung und im Vorgriff auf die weitere Digitalisierung hat TIN seine umfangreiche Erfahrung genutzt, um propriet\u00e4re Software und Systeme zu entwickeln. Unser innovatives CRM-System beispielsweise, das mit einer App auf den Telefonen der Fahrer verkn\u00fcpft ist, erm\u00f6glicht den Echtzeitaustausch von Kontrollinformationen und Dokumenten zwischen Fahrern, Verwaltungsmitarbeitern und zust\u00e4ndigen Beh\u00f6rden. Dies vereinfacht die Logistik zur Einhaltung nationaler und EU-Vorschriften erheblich. Dar\u00fcber hinaus ist unsere Plattform modular aufgebaut und kann daher problemlos um neue Funktionen erweitert werden, sobald diese verf\u00fcgbar sind.<\/p><p>Sie sehen also, mit TIN sind Sie zukunftssicher.<\/p><h2>Engagement<\/h2><p>Bei TIN haben die betriebliche Kontinuit\u00e4t und Zufriedenheit unserer Kunden oberste Priorit\u00e4t. Ob durch unsere Unterst\u00fctzung rund um die Uhr, unsere fortschrittlichen technologischen L\u00f6sungen oder unser umfassendes Dienstleistungspaket \u2013 wir sind bestrebt, Ihnen die Unterst\u00fctzung zu bieten, die Sie brauchen, wann immer Sie sie brauchen.<\/p><h2>Treffen wir uns!<\/h2><p>Wir sind mehr als nur ein Dienstleister; Wir sind Ihr Partner auf jeder Reise. Kontaktieren Sie uns noch heute, um mehr \u00fcber unsere Dienstleistungen zu erfahren und wie wir auf Ihre spezifischen Bed\u00fcrfnisse eingehen k\u00f6nnen, um Ihren Erfolg zu steigern.<br \/>Erleben Sie die Sicherheit, die es mit sich bringt, TIN an Bord zu haben. Wir w\u00fcrden uns freuen, Sie als unseren neuen Kunden begr\u00fc\u00dfen zu d\u00fcrfen.<\/p>\t\t\t\t\t\t<\/div>\n\t\t\t\t<\/div>\n\t\t\t\t\t<\/div>\n\t\t\t\t<\/div>\n\t\t\t\t\t<\/div>\n\t\t\t\t<\/div>\n\t\t<div class=\"elementor-element elementor-element-457e77b about-us e-flex e-con-boxed e-con e-parent\" data-id=\"457e77b\" data-element_type=\"container\">\n\t\t\t\t\t<div class=\"e-con-inner\">\n\t\t<div class=\"elementor-element elementor-element-7a1ce95 about-us__container e-flex e-con-boxed e-con e-child\" data-id=\"7a1ce95\" data-element_type=\"container\">\n\t\t\t\t\t<div class=\"e-con-inner\">\n\t\t\t\t<div class=\"elementor-element elementor-element-17bd522 elementor-widget elementor-widget-text-editor\" data-id=\"17bd522\" data-element_type=\"widget\" data-widget_type=\"text-editor.default\">\n\t\t\t\t<div class=\"elementor-widget-container\">\n\t\t\t\t\t\t\t<em>Antonio Oliveira und seine Frau Monica Cruz Oliveira starten Transport in Nood von ihrem K\u00fcchentisch in einer Amsterdamer Wohnung aus. Das Duo spricht vier Sprachen und sorgt f\u00fcr die schnelle Zahlung von Bu\u00dfgeldern vor Ort, indem es Bargeldlieferungen an angehaltene LKW-Fahrer am Stra\u00dfenrand organisiert. Eine Nische wird besetzt, ein Unternehmen gegr\u00fcndet und schnell w\u00e4chst ein Netzwerk.<\/em>\n<h3><strong>2008<\/strong>\ngr\u00fcndung<\/h3>\t\t\t\t\t\t<\/div>\n\t\t\t\t<\/div>\n\t\t\t\t<div class=\"elementor-element elementor-element-9c01361 elementor-widget elementor-widget-text-editor\" data-id=\"9c01361\" data-element_type=\"widget\" data-widget_type=\"text-editor.default\">\n\t\t\t\t<div class=\"elementor-widget-container\">\n\t\t\t\t\t\t\t<p><em>Der Erfolg von TIN veranlasst Antonio und Monika, bescheidene B\u00fcror\u00e4ume zu mieten und Michiel [Schreibweise, Nachname?], ihren ersten Mitarbeiter, einzustellen. Durch die steigenden Einnahmen machen sich die Jungunternehmer zunehmend mit der europ\u00e4ischen Stra\u00dfeng\u00fcterverkehrsbranche vertraut und pr\u00fcfen M\u00f6glichkeiten zur Leistungsausweitung.<\/em><\/p><h3><strong>2009<\/strong><br \/>30 kunden<br \/>2 mitarbeiter<br \/>500 fahrer<\/h3>\t\t\t\t\t\t<\/div>\n\t\t\t\t<\/div>\n\t\t\t\t<div class=\"elementor-element elementor-element-1fdcbcc elementor-widget elementor-widget-text-editor\" data-id=\"1fdcbcc\" data-element_type=\"widget\" data-widget_type=\"text-editor.default\">\n\t\t\t\t<div class=\"elementor-widget-container\">\n\t\t\t\t\t\t\t<p><em>TIN erkannte die Marktnachfrage nach der Erleichterung und Verwaltung der internationalen Ausgaben von Fahrern im Allgemeinen und entwickelte in Zusammenarbeit mit VISA die TIN-Zahlungskarte. Bis 2012 trugen 5.000 europ\u00e4ische Lkw-Fahrer die Payment Card im Portemonnaie.<\/em><\/p><h3><strong>2012 <\/strong><br \/>450 kunden<br \/>10 mitarbeiter<br \/>5.000 fahrer<\/h3>\t\t\t\t\t\t<\/div>\n\t\t\t\t<\/div>\n\t\t\t\t<div class=\"elementor-element elementor-element-b6ffdb1 elementor-widget elementor-widget-text-editor\" data-id=\"b6ffdb1\" data-element_type=\"widget\" data-widget_type=\"text-editor.default\">\n\t\t\t\t<div class=\"elementor-widget-container\">\n\t\t\t\t\t\t\t<p><em>TIN setzt sein stetiges Wachstum fort und besch\u00e4ftigt zehn Vollzeitmitarbeiter. Das Unternehmen zieht aus seinen jetzt beengten R\u00e4umen in neue B\u00fcros an seinem derzeitigen Standort in Weesp, s\u00fcdlich von Amsterdam in den Niederlanden, um.<\/em><\/p><h3><strong>2015 <\/strong><br \/>1.000 kunden<br \/>16 mitarbeiter<br \/>6.000 fahrer<\/h3>\t\t\t\t\t\t<\/div>\n\t\t\t\t<\/div>\n\t\t\t\t<div class=\"elementor-element elementor-element-3fde6fb elementor-widget elementor-widget-text-editor\" data-id=\"3fde6fb\" data-element_type=\"widget\" data-widget_type=\"text-editor.default\">\n\t\t\t\t<div class=\"elementor-widget-container\">\n\t\t\t\t\t\t\t<p><em>TIN lockt immer mehr Kunden aus dem Ausland an. Um der Nachfrage nach Osten gerecht zu werden, wird eine erste Tochtergesellschaft in Deutschland gegr\u00fcndet. Eine zweite Niederlassung wird in Portugal, der Heimat der Eltern von Antonio und Monica, gegr\u00fcndet. Diese soll als wichtige Br\u00fccke nach Brasilien dienen, dem Land, das Zahlungen des Nachts in Europa erleichtert, wenn die europ\u00e4ischen Banken geschlossen sind.<\/em><\/p><h3><strong>2016 <\/strong><br \/>1.920 kunden<br \/>20 mitarbeiter<br \/>8.000 fahrer<\/h3>\t\t\t\t\t\t<\/div>\n\t\t\t\t<\/div>\n\t\t\t\t<div class=\"elementor-element elementor-element-f79eea9 elementor-widget elementor-widget-text-editor\" data-id=\"f79eea9\" data-element_type=\"widget\" data-widget_type=\"text-editor.default\">\n\t\t\t\t<div class=\"elementor-widget-container\">\n\t\t\t\t\t\t\t<p><em>TIN feiert sein zehnj\u00e4hriges Bestehen mit der Gewinnung seines 1.000. Kunden. Diese Kunden verteilen sich auf 12 verschiedene europ\u00e4ische L\u00e4nder und mehr als 10.000 europ\u00e4ische Lkw-Fahrer profitieren mittlerweile von den Zahlungs- und Verwaltungslogistikdiensten von TIN, um sie im Verkehr zu halten.<\/em><\/p><h3><strong>2018 <\/strong><br \/>2.190 kunden<br \/>22 mitarbeiter<br \/>10.000 fahrer<\/h3>\t\t\t\t\t\t<\/div>\n\t\t\t\t<\/div>\n\t\t\t\t<div class=\"elementor-element elementor-element-7674e09 elementor-widget elementor-widget-text-editor\" data-id=\"7674e09\" data-element_type=\"widget\" data-widget_type=\"text-editor.default\">\n\t\t\t\t<div class=\"elementor-widget-container\">\n\t\t\t\t\t\t\t<p><em>Die weitere Nachfrage im Osten Europas f\u00fchrt zur Gr\u00fcndung einer dritten Tochtergesellschaft in Ungarn. TIN z\u00e4hlt mittlerweile 1.500 Firmen und 20.000 Fahrer zu seinen Kunden.<br \/>Dem digitalen Trend folgend, sieht TIN die M\u00f6glichkeit, den Gro\u00dfteil seiner Dienste in einer einzigen mobilen Anwendung auf den Telefonen der Fahrer zusammenzuf\u00fchren. Es beginnt rechtzeitig mit der Entwicklung der Legal Control App, die wichtige Daten und Dokumente auf Knopfdruck auf die europ\u00e4ischen Stra\u00dfen bringt.<\/em><\/p><h3><strong>2021 <\/strong><br \/>2.730 kunden<br \/>26 mitarbeiter<br \/>25.000 fahrer<\/h3>\t\t\t\t\t\t<\/div>\n\t\t\t\t<\/div>\n\t\t\t\t<div class=\"elementor-element elementor-element-ac78596 elementor-widget elementor-widget-text-editor\" data-id=\"ac78596\" data-element_type=\"widget\" data-widget_type=\"text-editor.default\">\n\t\t\t\t<div class=\"elementor-widget-container\">\n\t\t\t\t\t\t\t<p><em>Die Dinge gehen jetzt sehr schnell voran. TIN verf\u00fcgt \u00fcber mehr als 50.000 Fahrer in seinem CRM-System, von denen 10.000 \u00fcber die Legal Control App mit aktuellen Informationen und Dokumentationen verbunden sind. Dar\u00fcber hinaus ist TIN Marktf\u00fchrer bei der Bereitstellung von IMI-Erkl\u00e4rungen und die Mitarbeiter sprechen zusammen beeindruckende 15 Sprachen.<br \/>TIN expandiert in jeder Hinsicht weiter und rechnet auch im Jahr 2024 mit dem baldigen Umzug in gr\u00f6\u00dfere R\u00e4umlichkeiten, da die B\u00fcros in Weesp aus allen N\u00e4hten platzen.<\/em><\/p><h3><strong>2024 <\/strong><br \/>3.203 kunden<br \/>32 mitarbeiter<br \/>30.000 fahrer<\/h3>\t\t\t\t\t\t<\/div>\n\t\t\t\t<\/div>\n\t\t\t\t\t<\/div>\n\t\t\t\t<\/div>\n\t\t\t\t\t<\/div>\n\t\t\t\t<\/div>\n\t\t<div class=\"elementor-element elementor-element-dc034be home-articles e-flex e-con-boxed e-con e-parent\" data-id=\"dc034be\" data-element_type=\"container\">\n\t\t\t\t\t<div class=\"e-con-inner\">\n\t\t<div class=\"elementor-element elementor-element-3a37f66 container e-flex e-con-boxed e-con e-child\" data-id=\"3a37f66\" data-element_type=\"container\">\n\t\t\t\t\t<div class=\"e-con-inner\">\n\t\t\t\t<div class=\"elementor-element elementor-element-aa53c63 elementor-widget elementor-widget-shortcode\" data-id=\"aa53c63\" data-element_type=\"widget\" data-widget_type=\"shortcode.default\">\n\t\t\t\t<div class=\"elementor-widget-container\">\n\t\t\t\t\t<div class=\"elementor-shortcode\"><h2>DIENSTLEISTUNGEN<\/h2><div class=\"hp-articles\"><div class=\"hp-article\"><a class=\"hp-article__img hp-article__lazy\" href=\"https:\/\/tin.eu\/de\/services\/legal-service\/\" data-src=\"https:\/\/tin.eu\/wp-content\/uploads\/2024\/04\/image_2024_04_10T14_54_11_722Z-1024x683.webp\"><span class=\"loader-spin\">&nbsp;<\/span><\/a><h3 class=\"hp-article__name\">Widerspr\u00fcche<\/h3><div class=\"hp-article__content\">Europaweit unterh\u00e4lt TIN enge Beziehungen zu auf den Transportsektor spezialisierten Rechtsdienstleistern \u2013 sowohl vor O...<\/div><div class=\"hp-article__link\"><a href=\"https:\/\/tin.eu\/de\/services\/legal-service\/\">Erfahren sie mehr<\/a><\/div><\/div><div class=\"hp-article\"><a class=\"hp-article__img hp-article__lazy\" href=\"https:\/\/tin.eu\/de\/services\/toll-service\/\" data-src=\"https:\/\/tin.eu\/wp-content\/uploads\/2024\/08\/iStock-1256198515-1024x682.webp\"><span class=\"loader-spin\">&nbsp;<\/span><\/a><h3 class=\"hp-article__name\">Mautdienst<\/h3><div class=\"hp-article__content\">Angetrieben von dem Ehrgeiz, den Kunden wo immer m\u00f6glich Unterst\u00fctzung und Vorteile zu bieten, hat TIN mit der italienis...<\/div><div class=\"hp-article__link\"><a href=\"https:\/\/tin.eu\/de\/services\/toll-service\/\">Erfahren sie mehr<\/a><\/div><\/div><div class=\"hp-article\"><a class=\"hp-article__img hp-article__lazy\" href=\"https:\/\/tin.eu\/de\/services\/imi-all-in-service\/\" data-src=\"https:\/\/tin.eu\/wp-content\/uploads\/2024\/04\/iStock-1177176016-1024x742.jpg\"><span class=\"loader-spin\">&nbsp;<\/span><\/a><h3 class=\"hp-article__name\">IMI-All-In-Service<\/h3><div class=\"hp-article__content\">Sich in der Komplexit\u00e4t der EU-Entsendevorschriften zurechtzufinden, kann frustrierend und zeitaufw\u00e4ndig sein. Mit der I...<\/div><div class=\"hp-article__link\"><a href=\"https:\/\/tin.eu\/de\/services\/imi-all-in-service\/\">Erfahren sie mehr<\/a><\/div><\/div><div class=\"hp-article\"><a class=\"hp-article__img hp-article__lazy\" href=\"https:\/\/tin.eu\/de\/services\/legal-control-app\/\" data-src=\"https:\/\/tin.eu\/wp-content\/uploads\/2024\/04\/legal-controll-app-1024x683.webp\"><span class=\"loader-spin\">&nbsp;<\/span><\/a><h3 class=\"hp-article__name\">Legal control app<\/h3><div class=\"hp-article__content\">Legal Control ist eine App die den Benutzern zeigt wo genau sich die Transportkontrollen gerade befinden. Dies betrifft...<\/div><div class=\"hp-article__link\"><a href=\"https:\/\/tin.eu\/de\/services\/legal-control-app\/\">Erfahren sie mehr<\/a><\/div><\/div><div class=\"hp-article\"><a class=\"hp-article__img hp-article__lazy\" href=\"https:\/\/tin.eu\/de\/services\/payments-card\/\" data-src=\"https:\/\/tin.eu\/wp-content\/uploads\/2024\/04\/image_2024_04_10T14_51_14_145Z-1024x632.webp\"><span class=\"loader-spin\">&nbsp;<\/span><\/a><h3 class=\"hp-article__name\">Zahlungskarte<\/h3><div class=\"hp-article__content\">Verwalten Sie die Fahrtkosten Ihrer Flotte mit der TIN-Zahlungskarte. Unsere Karte wurde speziell f\u00fcr die besonderen Anf...<\/div><div class=\"hp-article__link\"><a href=\"https:\/\/tin.eu\/de\/services\/payments-card\/\">Erfahren sie mehr<\/a><\/div><\/div><div class=\"hp-article\"><a class=\"hp-article__img hp-article__lazy\" href=\"https:\/\/tin.eu\/de\/services\/ddd-analysis\/\" data-src=\"https:\/\/tin.eu\/wp-content\/uploads\/2024\/04\/iStock-1237313230-1024x683.webp\"><span class=\"loader-spin\">&nbsp;<\/span><\/a><h3 class=\"hp-article__name\">DDD-Analyse<\/h3><div class=\"hp-article__content\">Ein umfassendes Leistungspaket f\u00fcr den europ\u00e4ischen Stra\u00dfentransportsektor w\u00e4re ohne Fahrtenschreiberanalyse nicht volls...<\/div><div class=\"hp-article__link\"><a href=\"https:\/\/tin.eu\/de\/services\/ddd-analysis\/\">Erfahren sie mehr<\/a><\/div><\/div><div class=\"hp-article\"><a class=\"hp-article__img hp-article__lazy\" href=\"https:\/\/tin.eu\/de\/services\/special-permits\/\" data-src=\"https:\/\/tin.eu\/wp-content\/uploads\/2024\/04\/wiki-westersch_CommonsGNU_Free_Documentation_License-1024x768.jpg\"><span class=\"loader-spin\">&nbsp;<\/span><\/a><h3 class=\"hp-article__name\">Genehmigungen<\/h3><div class=\"hp-article__content\">Mit jahrelanger Erfahrung in ganz Europa ist TIN Ihr Ansprechpartner f\u00fcr die Erlangung von Sondergenehmigungen f\u00fcr Sonde...<\/div><div class=\"hp-article__link\"><a href=\"https:\/\/tin.eu\/de\/services\/special-permits\/\">Erfahren sie mehr<\/a><\/div><\/div><div class=\"hp-article\"><a class=\"hp-article__img hp-article__lazy\" href=\"https:\/\/tin.eu\/de\/services\/translations-service\/\" data-src=\"https:\/\/tin.eu\/wp-content\/uploads\/2024\/04\/iStock-1456166410-1024x683.webp\"><span class=\"loader-spin\">&nbsp;<\/span><\/a><h3 class=\"hp-article__name\">\u00dcbersetzungsdienst<\/h3><div class=\"hp-article__content\">TIN bietet einen umfassenden \u00dcbersetzungsdienst f\u00fcr effektive Kommunikation in allen europ\u00e4ischen Sprachen. Von beglaubi...<\/div><div class=\"hp-article__link\"><a href=\"https:\/\/tin.eu\/de\/services\/translations-service\/\">Erfahren sie mehr<\/a><\/div><\/div><div class=\"hp-article\"><a class=\"hp-article__img hp-article__lazy\" href=\"https:\/\/tin.eu\/de\/services\/uk-checklist\/\" data-src=\"https:\/\/tin.eu\/wp-content\/uploads\/2024\/04\/iStock-1567856598x1-copy-1024x683.jpg\"><span class=\"loader-spin\">&nbsp;<\/span><\/a><h3 class=\"hp-article__name\">UK-Checkliste<\/h3><div class=\"hp-article__content\">Wenn Ihr Transport in das Vereinigte K\u00f6nigreich unterwegs ist, ist Ihr Fahrer verpflichtet, den britischen Beh\u00f6rden ein...<\/div><div class=\"hp-article__link\"><a href=\"https:\/\/tin.eu\/de\/services\/uk-checklist\/\">Erfahren sie mehr<\/a><\/div><\/div><div class=\"hp-article\"><a class=\"hp-article__img hp-article__lazy\" href=\"https:\/\/tin.eu\/de\/services\/instant-payment\/\" data-src=\"https:\/\/tin.eu\/wp-content\/uploads\/2024\/04\/iStock-1857835872_2-1024x754.webp\"><span class=\"loader-spin\">&nbsp;<\/span><\/a><h3 class=\"hp-article__name\">Sofortzahlung<\/h3><div class=\"hp-article__content\">Daher der Service, der TIN zu gro\u00dfem Erfolg verholfen hat: die internationale Zahlung von Bu\u00dfgeldern.\r\nEin Stillstand au...<\/div><div class=\"hp-article__link\"><a href=\"https:\/\/tin.eu\/de\/services\/instant-payment\/\">Erfahren sie mehr<\/a><\/div><\/div><div class=\"hp-article\"><a class=\"hp-article__img hp-article__lazy\" href=\"https:\/\/tin.eu\/de\/services\/tin-crm-system\/\" data-src=\"https:\/\/tin.eu\/wp-content\/uploads\/2024\/04\/iStock-959638326-1024x683.jpg\"><span class=\"loader-spin\">&nbsp;<\/span><\/a><h3 class=\"hp-article__name\">TIN CRM-System<\/h3><div class=\"hp-article__content\">Die Dienste von TIN basieren auf der schnellen, zuverl\u00e4ssigen und sicheren Speicherung und dem Austausch oft sensibler I...<\/div><div class=\"hp-article__link\"><a href=\"https:\/\/tin.eu\/de\/services\/tin-crm-system\/\">Erfahren sie mehr<\/a><\/div><\/div><div class=\"hp-article\"><a class=\"hp-article__img hp-article__lazy\" href=\"https:\/\/tin.eu\/de\/services\/24-7-service\/\" data-src=\"https:\/\/tin.eu\/wp-content\/uploads\/2024\/04\/iStock-1456618360_2-1024x665.webp\"><span class=\"loader-spin\">&nbsp;<\/span><\/a><h3 class=\"hp-article__name\">24\/7-service<\/h3><div class=\"hp-article__content\">Wenn einer Ihrer LKWs eine Panne hat oder aus anderen Gr\u00fcnden an der Weiterfahrt gehindert wird, k\u00f6nnen Sie sich darauf...<\/div><div class=\"hp-article__link\"><a href=\"https:\/\/tin.eu\/de\/services\/24-7-service\/\">Erfahren sie mehr<\/a><\/div><\/div><\/div><\/div>\n\t\t\t\t<\/div>\n\t\t\t\t<\/div>\n\t\t\t\t\t<\/div>\n\t\t\t\t<\/div>\n\t\t\t\t\t<\/div>\n\t\t\t\t<\/div>\n\t\t\t\t<\/div>\n\t\t","protected":false},"excerpt":{"rendered":"<p>TIN is uw betrouwbare partner op de weg. In 2008 door Antonio Oliveira opgericht als Transport in Nood, zijn we de eenvoudige gedachte om vrachtwagens zo snel mogelijk weer de weg op te krijgen ontgroeid, maar zeker niet vergeten. Inmiddels is TIN een veelzijdige dienstverlener. Ons toegewijde team van ongeveer 20 professionals zet zich in om ervoor te zorgen dat transporteurs zich kunnen concentreren op hun kerntaken omdat ze de administratieve logistiek aan ons overlaten.<\/p>\n","protected":false},"author":1,"featured_media":644,"parent":0,"menu_order":8,"comment_status":"closed","ping_status":"closed","template":"","meta":{"_acf_changed":false,"footnotes":""},"class_list":["post-28","page","type-page","status-publish","has-post-thumbnail","hentry"],"acf":[],"_links":{"self":[{"href":"https:\/\/tin.eu\/de\/wp-json\/wp\/v2\/pages\/28","targetHints":{"allow":["GET"]}}],"collection":[{"href":"https:\/\/tin.eu\/de\/wp-json\/wp\/v2\/pages"}],"about":[{"href":"https:\/\/tin.eu\/de\/wp-json\/wp\/v2\/types\/page"}],"author":[{"embeddable":true,"href":"https:\/\/tin.eu\/de\/wp-json\/wp\/v2\/users\/1"}],"replies":[{"embeddable":true,"href":"https:\/\/tin.eu\/de\/wp-json\/wp\/v2\/comments?post=28"}],"version-history":[{"count":1,"href":"https:\/\/tin.eu\/de\/wp-json\/wp\/v2\/pages\/28\/revisions"}],"predecessor-version":[{"id":29,"href":"https:\/\/tin.eu\/de\/wp-json\/wp\/v2\/pages\/28\/revisions\/29"}],"wp:featuredmedia":[{"embeddable":true,"href":"https:\/\/tin.eu\/de\/wp-json\/wp\/v2\/media\/644"}],"wp:attachment":[{"href":"https:\/\/tin.eu\/de\/wp-json\/wp\/v2\/media?parent=28"}],"curies":[{"name":"wp","href":"https:\/\/api.w.org\/{rel}","templated":true}]}}