{"id":24,"date":"2024-04-09T09:54:50","date_gmt":"2024-04-09T09:54:50","guid":{"rendered":"https:\/\/tin.eu\/?page_id=24"},"modified":"2024-11-19T15:25:39","modified_gmt":"2024-11-19T14:25:39","slug":"fines","status":"publish","type":"page","link":"https:\/\/tin.eu\/de\/fines\/","title":{"rendered":"Boetes"},"content":{"rendered":"\t\t<div data-elementor-type=\"wp-page\" data-elementor-id=\"24\" class=\"elementor elementor-24\" data-elementor-post-type=\"page\">\n\t\t\t\t<div class=\"elementor-element elementor-element-6e252da header e-flex e-con-boxed e-con e-parent\" data-id=\"6e252da\" data-element_type=\"container\">\n\t\t\t\t\t<div class=\"e-con-inner\">\n\t\t<div class=\"elementor-element elementor-element-d88aa14 container e-flex e-con-boxed e-con e-child\" data-id=\"d88aa14\" data-element_type=\"container\">\n\t\t\t\t\t<div class=\"e-con-inner\">\n\t\t\t\t<div class=\"elementor-element elementor-element-f384b90 elementor-widget elementor-widget-text-editor\" data-id=\"f384b90\" data-element_type=\"widget\" data-widget_type=\"text-editor.default\">\n\t\t\t\t<div class=\"elementor-widget-container\">\n\t\t\t<style>\/*! elementor - v3.21.0 - 26-05-2024 *\/\n.elementor-widget-text-editor.elementor-drop-cap-view-stacked .elementor-drop-cap{background-color:#69727d;color:#fff}.elementor-widget-text-editor.elementor-drop-cap-view-framed .elementor-drop-cap{color:#69727d;border:3px solid;background-color:transparent}.elementor-widget-text-editor:not(.elementor-drop-cap-view-default) .elementor-drop-cap{margin-top:8px}.elementor-widget-text-editor:not(.elementor-drop-cap-view-default) .elementor-drop-cap-letter{width:1em;height:1em}.elementor-widget-text-editor .elementor-drop-cap{float:left;text-align:center;line-height:1;font-size:50px}.elementor-widget-text-editor .elementor-drop-cap-letter{display:inline-block}<\/style>\t\t\t\t<h1>Geldbu\u00dfen<\/h1>\t\t\t\t\t\t<\/div>\n\t\t\t\t<\/div>\n\t\t\t\t\t<\/div>\n\t\t\t\t<\/div>\n\t\t\t\t\t<\/div>\n\t\t\t\t<\/div>\n\t\t<div class=\"elementor-element elementor-element-563530f container e-flex e-con-boxed e-con e-parent\" data-id=\"563530f\" data-element_type=\"container\">\n\t\t\t\t\t<div class=\"e-con-inner\">\n\t\t<div class=\"elementor-element elementor-element-ec20deb service__row e-flex e-con-boxed e-con e-child\" data-id=\"ec20deb\" data-element_type=\"container\">\n\t\t\t\t\t<div class=\"e-con-inner\">\n\t\t\t\t<div class=\"elementor-element elementor-element-c379351 col__service elementor-widget elementor-widget-shortcode\" data-id=\"c379351\" data-element_type=\"widget\" data-widget_type=\"shortcode.default\">\n\t\t\t\t<div class=\"elementor-widget-container\">\n\t\t\t\t\t<div class=\"elementor-shortcode\"><div class=\"home__services\"><div class=\"home__services-item home__services-item-114 home__services-item_1\"><a class=\"home__services-icon\" href=\"https:\/\/tin.eu\/de\/services\/instant-payment\/\"><img decoding=\"async\" class=\"home__services-icon-1\" src=\"https:\/\/tin.eu\/wp-content\/uploads\/2024\/04\/penalty.svg\" alt=\"Sofortzahlung\" width=\"80\" height=\"80\"><img decoding=\"async\" class=\"home__services-icon-2\" src=\"https:\/\/tin.eu\/wp-content\/uploads\/2024\/04\/penalty_blue.svg\" alt=\"Sofortzahlung\" width=\"80\" height=\"80\"><\/a><div class=\"home__services-title home__services-title_wrap\">Sofortzahlung<\/div><\/div><div class=\"home__services-item home__services-item-112 home__services-item_2\"><a class=\"home__services-icon\" href=\"https:\/\/tin.eu\/de\/services\/24-7-service\/\"><img decoding=\"async\" class=\"home__services-icon-1\" src=\"https:\/\/tin.eu\/wp-content\/uploads\/2024\/04\/27-7.svg\" alt=\"24\/7-service\" width=\"80\" height=\"80\"><img loading=\"lazy\" decoding=\"async\" class=\"home__services-icon-2\" src=\"https:\/\/tin.eu\/wp-content\/uploads\/2024\/04\/27-7_blue.svg\" alt=\"24\/7-service\" width=\"80\" height=\"80\"><\/a><div class=\"home__services-title home__services-title_wrap\">24\/7-service<\/div><\/div><div class=\"home__services-item home__services-item-110 home__services-item_3\"><a class=\"home__services-icon\" href=\"https:\/\/tin.eu\/de\/services\/legal-service\/\"><img loading=\"lazy\" decoding=\"async\" class=\"home__services-icon-1\" src=\"https:\/\/tin.eu\/wp-content\/uploads\/2024\/04\/legal-service.svg\" alt=\"Widerspr\u00fcche\" width=\"80\" height=\"80\"><img loading=\"lazy\" decoding=\"async\" class=\"home__services-icon-2\" src=\"https:\/\/tin.eu\/wp-content\/uploads\/2024\/04\/legal-service_blue.svg\" alt=\"Widerspr\u00fcche\" width=\"80\" height=\"80\"><\/a><div class=\"home__services-title home__services-title_wrap\">Widerspr\u00fcche<\/div><\/div><div class=\"home__services-item home__services-item-108 home__services-item_4\"><a class=\"home__services-icon\" href=\"https:\/\/tin.eu\/de\/services\/payments-card\/\"><img loading=\"lazy\" decoding=\"async\" class=\"home__services-icon-1\" src=\"https:\/\/tin.eu\/wp-content\/uploads\/2024\/04\/payment-card.svg\" alt=\"Zahlungskarte\" width=\"80\" height=\"80\"><img loading=\"lazy\" decoding=\"async\" class=\"home__services-icon-2\" src=\"https:\/\/tin.eu\/wp-content\/uploads\/2024\/04\/payment-card_blue.svg\" alt=\"Zahlungskarte\" width=\"80\" height=\"80\"><\/a><div class=\"home__services-title home__services-title_wrap\">Zahlungskarte<\/div><\/div><\/div><\/div>\n\t\t\t\t<\/div>\n\t\t\t\t<\/div>\n\t\t\t\t<div class=\"elementor-element elementor-element-141ea1d elementor-widget elementor-widget-text-editor\" data-id=\"141ea1d\" data-element_type=\"widget\" data-widget_type=\"text-editor.default\">\n\t\t\t\t<div class=\"elementor-widget-container\">\n\t\t\t\t\t\t\t<h2>(Bu\u00dfgeld-)Zahlungen und Rechtshilfe in ganz Europa \u2013 24\/7<\/h2><p>Mit TIN profitieren Sie von 16 Jahren Erfahrung in der Erm\u00f6glichung schneller Zahlungen im Ausland. Hierzu haben wir verschiedene Systeme und Services entwickelt, die sich in der t\u00e4glichen Praxis bew\u00e4hrt haben. Und ihre Entwicklung geht weiter \u2013 als Reaktion auf sich \u00e4ndernde Gesetze und einfach weil der technologische Fortschritt Innovationen erm\u00f6glicht.<\/p><p>TIN bietet auch europaweit professionelle Rechtsberatung an. Dadurch wird sichergestellt, dass Sie niemals eine ungerechtfertigte Geldstrafe zahlen und stets die geltenden Gesetze und Vorschriften einhalten.<\/p><p>Klicken Sie auf die Symbole, um weitere Informationen dar\u00fcber zu erhalten, wie unsere Dienste und Systeme zusammenarbeiten, um f\u00fcr Sie zu arbeiten.<\/p>\t\t\t\t\t\t<\/div>\n\t\t\t\t<\/div>\n\t\t\t\t\t<\/div>\n\t\t\t\t<\/div>\n\t\t\t\t\t<\/div>\n\t\t\t\t<\/div>\n\t\t<div class=\"elementor-element elementor-element-76f934b home-articles e-flex e-con-boxed e-con e-parent\" data-id=\"76f934b\" data-element_type=\"container\">\n\t\t\t\t\t<div class=\"e-con-inner\">\n\t\t<div class=\"elementor-element elementor-element-12e29e1 container e-flex e-con-boxed e-con e-child\" data-id=\"12e29e1\" data-element_type=\"container\">\n\t\t\t\t\t<div class=\"e-con-inner\">\n\t\t\t\t<div class=\"elementor-element elementor-element-7b731aa elementor-widget elementor-widget-shortcode\" data-id=\"7b731aa\" data-element_type=\"widget\" data-widget_type=\"shortcode.default\">\n\t\t\t\t<div class=\"elementor-widget-container\">\n\t\t\t\t\t<div class=\"elementor-shortcode\"><h2>DIENSTLEISTUNGEN<\/h2><div class=\"hp-articles\"><div class=\"hp-article\"><a class=\"hp-article__img hp-article__lazy\" href=\"https:\/\/tin.eu\/de\/services\/tin-crm-system\/\" data-src=\"https:\/\/tin.eu\/wp-content\/uploads\/2024\/04\/iStock-959638326-1024x683.jpg\"><span class=\"loader-spin\">&nbsp;<\/span><\/a><h3 class=\"hp-article__name\">TIN CRM-System<\/h3><div class=\"hp-article__content\">Die Dienste von TIN basieren auf der schnellen, zuverl\u00e4ssigen und sicheren Speicherung und dem Austausch oft sensibler I...<\/div><div class=\"hp-article__link\"><a href=\"https:\/\/tin.eu\/de\/services\/tin-crm-system\/\">Erfahren sie mehr<\/a><\/div><\/div><div class=\"hp-article\"><a class=\"hp-article__img hp-article__lazy\" href=\"https:\/\/tin.eu\/de\/services\/translations-service\/\" data-src=\"https:\/\/tin.eu\/wp-content\/uploads\/2024\/04\/iStock-1456166410-1024x683.webp\"><span class=\"loader-spin\">&nbsp;<\/span><\/a><h3 class=\"hp-article__name\">\u00dcbersetzungsdienst<\/h3><div class=\"hp-article__content\">TIN bietet einen umfassenden \u00dcbersetzungsdienst f\u00fcr effektive Kommunikation in allen europ\u00e4ischen Sprachen. Von beglaubi...<\/div><div class=\"hp-article__link\"><a href=\"https:\/\/tin.eu\/de\/services\/translations-service\/\">Erfahren sie mehr<\/a><\/div><\/div><div class=\"hp-article\"><a class=\"hp-article__img hp-article__lazy\" href=\"https:\/\/tin.eu\/de\/services\/instant-payment\/\" data-src=\"https:\/\/tin.eu\/wp-content\/uploads\/2024\/04\/iStock-1857835872_2-1024x754.webp\"><span class=\"loader-spin\">&nbsp;<\/span><\/a><h3 class=\"hp-article__name\">Sofortzahlung<\/h3><div class=\"hp-article__content\">Daher der Service, der TIN zu gro\u00dfem Erfolg verholfen hat: die internationale Zahlung von Bu\u00dfgeldern.\r\nEin Stillstand au...<\/div><div class=\"hp-article__link\"><a href=\"https:\/\/tin.eu\/de\/services\/instant-payment\/\">Erfahren sie mehr<\/a><\/div><\/div><div class=\"hp-article\"><a class=\"hp-article__img hp-article__lazy\" href=\"https:\/\/tin.eu\/de\/services\/imi-all-in-service\/\" data-src=\"https:\/\/tin.eu\/wp-content\/uploads\/2024\/04\/iStock-1177176016-1024x742.jpg\"><span class=\"loader-spin\">&nbsp;<\/span><\/a><h3 class=\"hp-article__name\">IMI-All-In-Service<\/h3><div class=\"hp-article__content\">Sich in der Komplexit\u00e4t der EU-Entsendevorschriften zurechtzufinden, kann frustrierend und zeitaufw\u00e4ndig sein. Mit der I...<\/div><div class=\"hp-article__link\"><a href=\"https:\/\/tin.eu\/de\/services\/imi-all-in-service\/\">Erfahren sie mehr<\/a><\/div><\/div><div class=\"hp-article\"><a class=\"hp-article__img hp-article__lazy\" href=\"https:\/\/tin.eu\/de\/services\/legal-control-app\/\" data-src=\"https:\/\/tin.eu\/wp-content\/uploads\/2024\/04\/legal-controll-app-1024x683.webp\"><span class=\"loader-spin\">&nbsp;<\/span><\/a><h3 class=\"hp-article__name\">Legal control app<\/h3><div class=\"hp-article__content\">Legal Control ist eine App die den Benutzern zeigt wo genau sich die Transportkontrollen gerade befinden. Dies betrifft...<\/div><div class=\"hp-article__link\"><a href=\"https:\/\/tin.eu\/de\/services\/legal-control-app\/\">Erfahren sie mehr<\/a><\/div><\/div><div class=\"hp-article\"><a class=\"hp-article__img hp-article__lazy\" href=\"https:\/\/tin.eu\/de\/services\/uk-checklist\/\" data-src=\"https:\/\/tin.eu\/wp-content\/uploads\/2024\/04\/iStock-1567856598x1-copy-1024x683.jpg\"><span class=\"loader-spin\">&nbsp;<\/span><\/a><h3 class=\"hp-article__name\">UK-Checkliste<\/h3><div class=\"hp-article__content\">Wenn Ihr Transport in das Vereinigte K\u00f6nigreich unterwegs ist, ist Ihr Fahrer verpflichtet, den britischen Beh\u00f6rden ein...<\/div><div class=\"hp-article__link\"><a href=\"https:\/\/tin.eu\/de\/services\/uk-checklist\/\">Erfahren sie mehr<\/a><\/div><\/div><div class=\"hp-article\"><a class=\"hp-article__img hp-article__lazy\" href=\"https:\/\/tin.eu\/de\/services\/special-permits\/\" data-src=\"https:\/\/tin.eu\/wp-content\/uploads\/2024\/04\/wiki-westersch_CommonsGNU_Free_Documentation_License-1024x768.jpg\"><span class=\"loader-spin\">&nbsp;<\/span><\/a><h3 class=\"hp-article__name\">Genehmigungen<\/h3><div class=\"hp-article__content\">Mit jahrelanger Erfahrung in ganz Europa ist TIN Ihr Ansprechpartner f\u00fcr die Erlangung von Sondergenehmigungen f\u00fcr Sonde...<\/div><div class=\"hp-article__link\"><a href=\"https:\/\/tin.eu\/de\/services\/special-permits\/\">Erfahren sie mehr<\/a><\/div><\/div><div class=\"hp-article\"><a class=\"hp-article__img hp-article__lazy\" href=\"https:\/\/tin.eu\/de\/services\/legal-service\/\" data-src=\"https:\/\/tin.eu\/wp-content\/uploads\/2024\/04\/image_2024_04_10T14_54_11_722Z-1024x683.webp\"><span class=\"loader-spin\">&nbsp;<\/span><\/a><h3 class=\"hp-article__name\">Widerspr\u00fcche<\/h3><div class=\"hp-article__content\">Europaweit unterh\u00e4lt TIN enge Beziehungen zu auf den Transportsektor spezialisierten Rechtsdienstleistern \u2013 sowohl vor O...<\/div><div class=\"hp-article__link\"><a href=\"https:\/\/tin.eu\/de\/services\/legal-service\/\">Erfahren sie mehr<\/a><\/div><\/div><div class=\"hp-article\"><a class=\"hp-article__img hp-article__lazy\" href=\"https:\/\/tin.eu\/de\/services\/toll-service\/\" data-src=\"https:\/\/tin.eu\/wp-content\/uploads\/2024\/08\/iStock-1256198515-1024x682.webp\"><span class=\"loader-spin\">&nbsp;<\/span><\/a><h3 class=\"hp-article__name\">Mautdienst<\/h3><div class=\"hp-article__content\">Angetrieben von dem Ehrgeiz, den Kunden wo immer m\u00f6glich Unterst\u00fctzung und Vorteile zu bieten, hat TIN mit der italienis...<\/div><div class=\"hp-article__link\"><a href=\"https:\/\/tin.eu\/de\/services\/toll-service\/\">Erfahren sie mehr<\/a><\/div><\/div><div class=\"hp-article\"><a class=\"hp-article__img hp-article__lazy\" href=\"https:\/\/tin.eu\/de\/services\/payments-card\/\" data-src=\"https:\/\/tin.eu\/wp-content\/uploads\/2024\/04\/image_2024_04_10T14_51_14_145Z-1024x632.webp\"><span class=\"loader-spin\">&nbsp;<\/span><\/a><h3 class=\"hp-article__name\">Zahlungskarte<\/h3><div class=\"hp-article__content\">Verwalten Sie die Fahrtkosten Ihrer Flotte mit der TIN-Zahlungskarte. Unsere Karte wurde speziell f\u00fcr die besonderen Anf...<\/div><div class=\"hp-article__link\"><a href=\"https:\/\/tin.eu\/de\/services\/payments-card\/\">Erfahren sie mehr<\/a><\/div><\/div><div class=\"hp-article\"><a class=\"hp-article__img hp-article__lazy\" href=\"https:\/\/tin.eu\/de\/services\/24-7-service\/\" data-src=\"https:\/\/tin.eu\/wp-content\/uploads\/2024\/04\/iStock-1456618360_2-1024x665.webp\"><span class=\"loader-spin\">&nbsp;<\/span><\/a><h3 class=\"hp-article__name\">24\/7-service<\/h3><div class=\"hp-article__content\">Wenn einer Ihrer LKWs eine Panne hat oder aus anderen Gr\u00fcnden an der Weiterfahrt gehindert wird, k\u00f6nnen Sie sich darauf...<\/div><div class=\"hp-article__link\"><a href=\"https:\/\/tin.eu\/de\/services\/24-7-service\/\">Erfahren sie mehr<\/a><\/div><\/div><div class=\"hp-article\"><a class=\"hp-article__img hp-article__lazy\" href=\"https:\/\/tin.eu\/de\/services\/ddd-analysis\/\" data-src=\"https:\/\/tin.eu\/wp-content\/uploads\/2024\/04\/iStock-1237313230-1024x683.webp\"><span class=\"loader-spin\">&nbsp;<\/span><\/a><h3 class=\"hp-article__name\">DDD-Analyse<\/h3><div class=\"hp-article__content\">Ein umfassendes Leistungspaket f\u00fcr den europ\u00e4ischen Stra\u00dfentransportsektor w\u00e4re ohne Fahrtenschreiberanalyse nicht volls...<\/div><div class=\"hp-article__link\"><a href=\"https:\/\/tin.eu\/de\/services\/ddd-analysis\/\">Erfahren sie mehr<\/a><\/div><\/div><\/div><\/div>\n\t\t\t\t<\/div>\n\t\t\t\t<\/div>\n\t\t\t\t\t<\/div>\n\t\t\t\t<\/div>\n\t\t\t\t\t<\/div>\n\t\t\t\t<\/div>\n\t\t\t\t<\/div>\n\t\t","protected":false},"excerpt":{"rendered":"<p>Bij TIN lift u mee op 15 jaar ervaring met de verzorging van snelle betalingen in het buitenland. Inmiddels hebben we hiervoor verschillende systemen en diensten ontwikkeld die zich hebben bewezen in de praktijk van alledag. En hun ontwikkeling gaat voortdurend door \u2013 als antwoord op veranderende wetgeving, en simpelweg omdat technologische vooruitgang innovatie mogelijk maakt.<\/p>\n","protected":false},"author":1,"featured_media":626,"parent":0,"menu_order":13,"comment_status":"closed","ping_status":"closed","template":"","meta":{"_acf_changed":true,"footnotes":""},"class_list":["post-24","page","type-page","status-publish","has-post-thumbnail","hentry"],"acf":[],"_links":{"self":[{"href":"https:\/\/tin.eu\/de\/wp-json\/wp\/v2\/pages\/24","targetHints":{"allow":["GET"]}}],"collection":[{"href":"https:\/\/tin.eu\/de\/wp-json\/wp\/v2\/pages"}],"about":[{"href":"https:\/\/tin.eu\/de\/wp-json\/wp\/v2\/types\/page"}],"author":[{"embeddable":true,"href":"https:\/\/tin.eu\/de\/wp-json\/wp\/v2\/users\/1"}],"replies":[{"embeddable":true,"href":"https:\/\/tin.eu\/de\/wp-json\/wp\/v2\/comments?post=24"}],"version-history":[{"count":1,"href":"https:\/\/tin.eu\/de\/wp-json\/wp\/v2\/pages\/24\/revisions"}],"predecessor-version":[{"id":25,"href":"https:\/\/tin.eu\/de\/wp-json\/wp\/v2\/pages\/24\/revisions\/25"}],"wp:featuredmedia":[{"embeddable":true,"href":"https:\/\/tin.eu\/de\/wp-json\/wp\/v2\/media\/626"}],"wp:attachment":[{"href":"https:\/\/tin.eu\/de\/wp-json\/wp\/v2\/media?parent=24"}],"curies":[{"name":"wp","href":"https:\/\/api.w.org\/{rel}","templated":true}]}}