{"id":171,"date":"2024-04-11T11:12:19","date_gmt":"2024-04-11T11:12:19","guid":{"rendered":"https:\/\/tin.eu\/?page_id=171"},"modified":"2024-11-19T15:24:22","modified_gmt":"2024-11-19T14:24:22","slug":"disclaimer","status":"publish","type":"page","link":"https:\/\/tin.eu\/de\/disclaimer\/","title":{"rendered":"Vrijwaring"},"content":{"rendered":"\t\t<div data-elementor-type=\"wp-page\" data-elementor-id=\"171\" class=\"elementor elementor-171\" data-elementor-post-type=\"page\">\n\t\t\t\t<div class=\"elementor-element elementor-element-d409e6c header e-flex e-con-boxed e-con e-parent\" data-id=\"d409e6c\" data-element_type=\"container\">\n\t\t\t\t\t<div class=\"e-con-inner\">\n\t\t<div class=\"elementor-element elementor-element-3d7fdc8 container e-flex e-con-boxed e-con e-child\" data-id=\"3d7fdc8\" data-element_type=\"container\">\n\t\t\t\t\t<div class=\"e-con-inner\">\n\t\t\t\t<div class=\"elementor-element elementor-element-023660f elementor-widget elementor-widget-heading\" data-id=\"023660f\" data-element_type=\"widget\" data-widget_type=\"heading.default\">\n\t\t\t\t<div class=\"elementor-widget-container\">\n\t\t\t<style>\/*! elementor - v3.21.0 - 26-05-2024 *\/\n.elementor-heading-title{padding:0;margin:0;line-height:1}.elementor-widget-heading .elementor-heading-title[class*=elementor-size-]>a{color:inherit;font-size:inherit;line-height:inherit}.elementor-widget-heading .elementor-heading-title.elementor-size-small{font-size:15px}.elementor-widget-heading .elementor-heading-title.elementor-size-medium{font-size:19px}.elementor-widget-heading .elementor-heading-title.elementor-size-large{font-size:29px}.elementor-widget-heading .elementor-heading-title.elementor-size-xl{font-size:39px}.elementor-widget-heading .elementor-heading-title.elementor-size-xxl{font-size:59px}<\/style><h1 class=\"elementor-heading-title elementor-size-default\">Haftungsausschluss<\/h1>\t\t<\/div>\n\t\t\t\t<\/div>\n\t\t\t\t\t<\/div>\n\t\t\t\t<\/div>\n\t\t\t\t\t<\/div>\n\t\t\t\t<\/div>\n\t\t<div class=\"elementor-element elementor-element-15e6bb0 e-flex e-con-boxed e-con e-parent\" data-id=\"15e6bb0\" data-element_type=\"container\">\n\t\t\t\t\t<div class=\"e-con-inner\">\n\t\t<div class=\"elementor-element elementor-element-c58ad4f container e-flex e-con-boxed e-con e-child\" data-id=\"c58ad4f\" data-element_type=\"container\">\n\t\t\t\t\t<div class=\"e-con-inner\">\n\t\t\t\t<div class=\"elementor-element elementor-element-99c66b4 elementor-widget elementor-widget-shortcode\" data-id=\"99c66b4\" data-element_type=\"widget\" data-widget_type=\"shortcode.default\">\n\t\t\t\t<div class=\"elementor-widget-container\">\n\t\t\t\t\t<div class=\"elementor-shortcode\">\n  <script type=\"text\/javascript\" id=\"google-translate-script\">\n  function googleTranslateElementInit() {\n      \/\/ pages for lawyers are translated into only 4 languages\n      let translated = ['nl','en','de','pt','hu','sl'];\n      let lang_code;\n\n\t\t\tif ( translated.includes(document.querySelector(\".site-language-slug\").innerHTML) ) {\n        lang_code = document.querySelector(\".site-language-slug\").innerHTML;\n      }\n      else {\n        lang_code = 'nl';\n      }\n\n      new google.translate.TranslateElement(\n          {pageLanguage: lang_code},\n          'google_translate_element'\n      );\n  }\n  <\/script>\n  <script type=\"text\/javascript\" id=\"google-translate-code\" src=\"https:\/\/translate.google.com\/translate_a\/element.js?cb=googleTranslateElementInit#googtrans(fr)\"><\/script>\n  <div id=\"google_translate_element\"><\/div>\n  <\/div>\n\t\t\t\t<\/div>\n\t\t\t\t<\/div>\n\t\t\t\t<div class=\"elementor-element elementor-element-c7c94b6 elementor-widget elementor-widget-text-editor\" data-id=\"c7c94b6\" data-element_type=\"widget\" data-widget_type=\"text-editor.default\">\n\t\t\t\t<div class=\"elementor-widget-container\">\n\t\t\t<style>\/*! elementor - v3.21.0 - 26-05-2024 *\/\n.elementor-widget-text-editor.elementor-drop-cap-view-stacked .elementor-drop-cap{background-color:#69727d;color:#fff}.elementor-widget-text-editor.elementor-drop-cap-view-framed .elementor-drop-cap{color:#69727d;border:3px solid;background-color:transparent}.elementor-widget-text-editor:not(.elementor-drop-cap-view-default) .elementor-drop-cap{margin-top:8px}.elementor-widget-text-editor:not(.elementor-drop-cap-view-default) .elementor-drop-cap-letter{width:1em;height:1em}.elementor-widget-text-editor .elementor-drop-cap{float:left;text-align:center;line-height:1;font-size:50px}.elementor-widget-text-editor .elementor-drop-cap-letter{display:inline-block}<\/style>\t\t\t\t<h4 class=\"wp-block-heading\">WWW.TIN.EU<\/h4><p>Die folgenden Nutzungsbedingungen gelten f\u00fcr die Nutzung dieser Website (<a href=\"https:\/\/tin.eu\/nl\/\">www.tin.eu<\/a>)<br \/>Wenn Sie die Website nutzen, dann wird davon ausgegangen, dass Sie die Nutzungsbedingungen gelesen und akzeptiert haben.<\/p><h4 class=\"wp-block-heading\">ANWENDUNG VON INFORMATIONEN<\/h4><p>Transport in Not bem\u00fcht sich die richtigen und aktuellen Informationen bereitzustellen. Diese Informationen wurden mit gr\u00f6\u00dftm\u00f6glicher Sorgfalt zusammengestellt. Transport in Not garantiert keine Vollst\u00e4ndigkeit, Richtigkeit oder Aktualit\u00e4t der Informationen.<\/p><p>Die gesetzlichen Informationen auf der Website sind Allgemein. Es kann nicht als Ersatz f\u00fcr eine Rechtsberatung angesehen werden.<\/p><p>Aus den Informationen k\u00f6nnen keine Rechte abgeleitet werden. Transport in Not \u00fcbernimmt keine Haftung f\u00fcr Sch\u00e4den, die durch die Anwendung der Informationen auf der Website entstehen. Ebenso nicht, wenn die Website nicht gut funktioniert.<\/p><p>Durch das Senden und das Empfangen von Informationen \u00fcber die Website oder per E-Mail wird nicht automatisch eine Beziehung zwischen Transport in Not und dem Benutzer der Website hergestellt.<\/p><h4 class=\"wp-block-heading\">E-MAIL<\/h4><p>Transport in Not garantiert nicht<strong>,<\/strong>\u00a0dass an den Nutzer gesendete E-Mails (rechtzeitig) empfangen oder verarbeitet werden. Der rechtzeitige Empfang von E-Mails kann nicht garantiert werden.<\/p><p>Auch die Sicherheit des E-Mail-Verkehrs kann aufgrund der damit verbundenen Sicherheitsrisiken nicht vollst\u00e4ndig garantiert werden.<\/p><p>Indem Sie ohne Verschl\u00fcsselung oder Passwortschutz mit Transport in Not kommunizieren, dann akzeptieren Sie die Risiken.<\/p><h4 class=\"wp-block-heading\">HYPERLINKS (ELEKTRONISCHEN VERKN\u00dcPFUNG)<\/h4><p>Diese Website kann Hyperlinks zu Drittanbietern enthalten. Transport in Nood hat keinen Einfluss auf Websites von Drittanbietern. Damit ist Transport in Not nicht verantwortlich f\u00fcr die Verf\u00fcgbarkeit oder den Inhalt von Drittanbietern.<\/p><p>Transport in Not \u00fcbernimmt keine Haftung f\u00fcr Sch\u00e4den, die durch die Nutzung von Websites von Drittanbieter<strong>n<\/strong>\u00a0entstehen.<\/p><h4 class=\"wp-block-heading\">RECHTLICHER SCHUTZ DES GEISTIGEN EIGENTUMS<\/h4><p>Alle Ver\u00f6ffentlichungen und Ausdr\u00fccke von Transport in Not sind durch Urheberrechte und andere Rechte am Geistigen Eigentum gesch\u00fctzt.<\/p><p>Au\u00dfer f\u00fcr den pers\u00f6nlichen und au\u00dfer f\u00fcr den nicht kommerziellen Gebrauch darf nichts in diesen Ver\u00f6ffentlichungen und \u00c4u\u00dferungen ohne vorherige schriftliche Genehmigung von Transport in Not reproduziert, kopiert oder auf andere Weisen ver\u00f6ffentlicht werden.<\/p>\t\t\t\t\t\t<\/div>\n\t\t\t\t<\/div>\n\t\t\t\t<div class=\"elementor-element elementor-element-6afceb3 elementor-widget elementor-widget-spacer\" data-id=\"6afceb3\" data-element_type=\"widget\" data-widget_type=\"spacer.default\">\n\t\t\t\t<div class=\"elementor-widget-container\">\n\t\t\t<style>\/*! elementor - v3.21.0 - 26-05-2024 *\/\n.elementor-column .elementor-spacer-inner{height:var(--spacer-size)}.e-con{--container-widget-width:100%}.e-con-inner>.elementor-widget-spacer,.e-con>.elementor-widget-spacer{width:var(--container-widget-width,var(--spacer-size));--align-self:var(--container-widget-align-self,initial);--flex-shrink:0}.e-con-inner>.elementor-widget-spacer>.elementor-widget-container,.e-con>.elementor-widget-spacer>.elementor-widget-container{height:100%;width:100%}.e-con-inner>.elementor-widget-spacer>.elementor-widget-container>.elementor-spacer,.e-con>.elementor-widget-spacer>.elementor-widget-container>.elementor-spacer{height:100%}.e-con-inner>.elementor-widget-spacer>.elementor-widget-container>.elementor-spacer>.elementor-spacer-inner,.e-con>.elementor-widget-spacer>.elementor-widget-container>.elementor-spacer>.elementor-spacer-inner{height:var(--container-widget-height,var(--spacer-size))}.e-con-inner>.elementor-widget-spacer.elementor-widget-empty,.e-con>.elementor-widget-spacer.elementor-widget-empty{position:relative;min-height:22px;min-width:22px}.e-con-inner>.elementor-widget-spacer.elementor-widget-empty .elementor-widget-empty-icon,.e-con>.elementor-widget-spacer.elementor-widget-empty .elementor-widget-empty-icon{position:absolute;top:0;bottom:0;left:0;right:0;margin:auto;padding:0;width:22px;height:22px}<\/style>\t\t<div class=\"elementor-spacer\">\n\t\t\t<div class=\"elementor-spacer-inner\"><\/div>\n\t\t<\/div>\n\t\t\t\t<\/div>\n\t\t\t\t<\/div>\n\t\t\t\t\t<\/div>\n\t\t\t\t<\/div>\n\t\t\t\t\t<\/div>\n\t\t\t\t<\/div>\n\t\t\t\t<\/div>\n\t\t","protected":false},"excerpt":{"rendered":"<p>Op het gebruik van deze website zijn gebruiksvoorwaarden van toepassing. Door gebruik te maken van deze website, aanvaard U deze.<\/p>\n","protected":false},"author":1,"featured_media":448,"parent":0,"menu_order":11,"comment_status":"closed","ping_status":"closed","template":"","meta":{"_acf_changed":false,"footnotes":""},"class_list":["post-171","page","type-page","status-publish","has-post-thumbnail","hentry"],"acf":[],"_links":{"self":[{"href":"https:\/\/tin.eu\/de\/wp-json\/wp\/v2\/pages\/171","targetHints":{"allow":["GET"]}}],"collection":[{"href":"https:\/\/tin.eu\/de\/wp-json\/wp\/v2\/pages"}],"about":[{"href":"https:\/\/tin.eu\/de\/wp-json\/wp\/v2\/types\/page"}],"author":[{"embeddable":true,"href":"https:\/\/tin.eu\/de\/wp-json\/wp\/v2\/users\/1"}],"replies":[{"embeddable":true,"href":"https:\/\/tin.eu\/de\/wp-json\/wp\/v2\/comments?post=171"}],"version-history":[{"count":1,"href":"https:\/\/tin.eu\/de\/wp-json\/wp\/v2\/pages\/171\/revisions"}],"predecessor-version":[{"id":927,"href":"https:\/\/tin.eu\/de\/wp-json\/wp\/v2\/pages\/171\/revisions\/927"}],"wp:featuredmedia":[{"embeddable":true,"href":"https:\/\/tin.eu\/de\/wp-json\/wp\/v2\/media\/448"}],"wp:attachment":[{"href":"https:\/\/tin.eu\/de\/wp-json\/wp\/v2\/media?parent=171"}],"curies":[{"name":"wp","href":"https:\/\/api.w.org\/{rel}","templated":true}]}}