{"id":1155,"date":"2026-02-25T16:28:54","date_gmt":"2026-02-25T15:28:54","guid":{"rendered":"https:\/\/tin.eu\/truck-check-copy\/"},"modified":"2026-02-25T16:30:33","modified_gmt":"2026-02-25T15:30:33","slug":"help","status":"publish","type":"page","link":"https:\/\/tin.eu\/de\/help\/","title":{"rendered":"Help"},"content":{"rendered":"\t\t<div data-elementor-type=\"wp-page\" data-elementor-id=\"1155\" class=\"elementor elementor-1155\" data-elementor-post-type=\"page\">\n\t\t\t\t<div class=\"elementor-element elementor-element-9a5757c header e-flex e-con-boxed e-con e-parent\" data-id=\"9a5757c\" data-element_type=\"container\">\n\t\t\t\t\t<div class=\"e-con-inner\">\n\t\t<div class=\"elementor-element elementor-element-7a7873c container e-flex e-con-boxed e-con e-child\" data-id=\"7a7873c\" data-element_type=\"container\">\n\t\t\t\t\t<div class=\"e-con-inner\">\n\t\t\t\t<div class=\"elementor-element elementor-element-36ac115 elementor-widget elementor-widget-heading\" data-id=\"36ac115\" data-element_type=\"widget\" data-widget_type=\"heading.default\">\n\t\t\t\t<div class=\"elementor-widget-container\">\n\t\t\t<style>\/*! elementor - v3.21.0 - 26-05-2024 *\/\n.elementor-heading-title{padding:0;margin:0;line-height:1}.elementor-widget-heading .elementor-heading-title[class*=elementor-size-]>a{color:inherit;font-size:inherit;line-height:inherit}.elementor-widget-heading .elementor-heading-title.elementor-size-small{font-size:15px}.elementor-widget-heading .elementor-heading-title.elementor-size-medium{font-size:19px}.elementor-widget-heading .elementor-heading-title.elementor-size-large{font-size:29px}.elementor-widget-heading .elementor-heading-title.elementor-size-xl{font-size:39px}.elementor-widget-heading .elementor-heading-title.elementor-size-xxl{font-size:59px}<\/style><h1 class=\"elementor-heading-title elementor-size-default\">Cookie-Richtlinie<\/h1>\t\t<\/div>\n\t\t\t\t<\/div>\n\t\t\t\t\t<\/div>\n\t\t\t\t<\/div>\n\t\t\t\t\t<\/div>\n\t\t\t\t<\/div>\n\t\t<div class=\"elementor-element elementor-element-b640864 e-flex e-con-boxed e-con e-parent\" data-id=\"b640864\" data-element_type=\"container\">\n\t\t\t\t\t<div class=\"e-con-inner\">\n\t\t<div class=\"elementor-element elementor-element-79ecde4 container e-flex e-con-boxed e-con e-child\" data-id=\"79ecde4\" data-element_type=\"container\">\n\t\t\t\t\t<div class=\"e-con-inner\">\n\t\t\t\t<div class=\"elementor-element elementor-element-4fb6db4 elementor-widget elementor-widget-shortcode\" data-id=\"4fb6db4\" data-element_type=\"widget\" data-widget_type=\"shortcode.default\">\n\t\t\t\t<div class=\"elementor-widget-container\">\n\t\t\t\t\t<div class=\"elementor-shortcode\">\n  <script type=\"text\/javascript\" id=\"google-translate-script\">\n  function googleTranslateElementInit() {\n      \/\/ pages for lawyers are translated into only 4 languages\n      let translated = ['nl','en','de','pt','hu','sl'];\n      let lang_code;\n\n\t\t\tif ( translated.includes(document.querySelector(\".site-language-slug\").innerHTML) ) {\n        lang_code = document.querySelector(\".site-language-slug\").innerHTML;\n      }\n      else {\n        lang_code = 'nl';\n      }\n\n      new google.translate.TranslateElement(\n          {pageLanguage: lang_code},\n          'google_translate_element'\n      );\n  }\n  <\/script>\n  <script type=\"text\/javascript\" id=\"google-translate-code\" src=\"https:\/\/translate.google.com\/translate_a\/element.js?cb=googleTranslateElementInit#googtrans(fr)\"><\/script>\n  <div id=\"google_translate_element\"><\/div>\n  <\/div>\n\t\t\t\t<\/div>\n\t\t\t\t<\/div>\n\t\t\t\t<div class=\"elementor-element elementor-element-f21941b elementor-widget elementor-widget-text-editor\" data-id=\"f21941b\" data-element_type=\"widget\" data-widget_type=\"text-editor.default\">\n\t\t\t\t<div class=\"elementor-widget-container\">\n\t\t\t<style>\/*! elementor - v3.21.0 - 26-05-2024 *\/\n.elementor-widget-text-editor.elementor-drop-cap-view-stacked .elementor-drop-cap{background-color:#69727d;color:#fff}.elementor-widget-text-editor.elementor-drop-cap-view-framed .elementor-drop-cap{color:#69727d;border:3px solid;background-color:transparent}.elementor-widget-text-editor:not(.elementor-drop-cap-view-default) .elementor-drop-cap{margin-top:8px}.elementor-widget-text-editor:not(.elementor-drop-cap-view-default) .elementor-drop-cap-letter{width:1em;height:1em}.elementor-widget-text-editor .elementor-drop-cap{float:left;text-align:center;line-height:1;font-size:50px}.elementor-widget-text-editor .elementor-drop-cap-letter{display:inline-block}<\/style>\t\t\t\t<h4 class=\"wp-block-heading\">UNSERE COOKIE-RICHTLINIE<\/h4><p>Diese Cookie-Richtlinie erkl\u00e4rt was Cookies sind und wie wir sie verwenden.<\/p><p>Bitte lesen Sie diese Richtlinie damit Sie verstehen was Cookies sind, wie wir sie verwenden, welchen Arten von Cookies wir verwenden, welche Informationen wir mithilfe von Cookies sammeln, wie diese Informationen verwendet werden und wie Sie die Cookie-Einstellungen \u00fcberpr\u00fcfen k\u00f6nnen.<\/p><p>Weitere Informationen dar\u00fcber wie wir Ihre pers\u00f6nlichen Daten verwenden, speichern und sch\u00fctzen, finden Sie in unsere Datenschutz-Erkl\u00e4rung.\u00a0<\/p><p>Sie k\u00f6nnen ihre Zustimmung zur Cookie-Richtlinie auf unserer Website jederzeit \u00e4ndern oder widerrufen.<\/p><p>Weitere Informationen dar\u00fcber wer wir sind, wie Sie mit uns in Kontakt treten und wie wir personenbezogene Daten verarbeiten, finden Sie in unserer Datenschutzerkl\u00e4rung.<\/p><p>Ihre Zustimmung gilt f\u00fcr folgende Dom\u00e4ne:\u00a0<a href=\"https:\/\/tin.eu\/nl\/\">tin.eu.<\/a>\u00a0Ihr aktueller Status: Zustimmung wurde akzeptiert. Verwalten Sie Ihre Zustimmung.<\/p><h4 class=\"wp-block-heading\">WAS SIND COOKIES?<\/h4><p>Cookies sind kleine Textdateien, in denen kleine Informationen gespeichert werden. Die Cookies werden auf ihrem Ger\u00e4t gespeichert, wenn die Website in ihren Browser geladen wird.<\/p><p>Diese Cookies helfen uns dabei, dass die Website gut funktioniert, die Website sicherer zu machen, eine bessere Benutzererfahrung zu bieten, verstehen wie die Website funktioniert und zu analysieren wo Verbesserungen erforderlich sind.<\/p><h4 class=\"wp-block-heading\">WIE VERWENDEN WIR COOKIES?<\/h4><p>Wie die meisten Online-Dienstleistungen, verwendet unsere Website Cookies von Erstanbietern (First-Party) und Drittanbietern f\u00fcr eine Reihe von Zwecken.<\/p><p>Die \u201aFirst-party\u2018 Cookies werden ben\u00f6tigt damit die Website gut funktioniert. Diese \u201aFirst-Party\u2018 Cookies sammeln\u00a0keine\u00a0ihrer personenbezogenen Daten.<\/p><p>Die Cookies von Drittanbietern die auf unserer Website benutzt werden, werden haupts\u00e4chlich verwendet um zu verstehen wie die Website funktioniert, wie Sie mit unserer Website umgehen, dass unsere Dienstleistungen sicher bleiben sowie um Ihnen relevante Werbung zu liefern. Alles in allem, um Ihnen eine bessere Benutzererfahrung zu bieten und ihre zuk\u00fcnftigen Interaktionen mit unserer Website zu beschleunigen.<\/p><h4 class=\"wp-block-heading\">WELCHE ARTEN VON COOKIES VERWENDEN WIR?<\/h4><p><strong>Unverzichtbar:<\/strong><\/p><p>Einige Cookies sind unverzichtbar damit Sie die volle Funktionalit\u00e4t unserer Website nutzen k\u00f6nnen. Diese Cookies erm\u00f6glichen es uns, Website-Besuche aufrechtzuerhalten und Sicherheitsrisken zu vermeiden.<\/p><p>Sie sammeln oder speichern keine personenbezogenen Daten. Mittels dieser Cookies k\u00f6nnen Sie beispielsweise in Ihr Konto einloggen und sicher Produkte in ihren Warenkorb legen und bezahlen.<\/p><p><strong>Analytische Cookies:<\/strong><\/p><p>Diese Cookies erm\u00f6glichen es uns, Besucher und Traffic-Quellen zu z\u00e4hlen. Damit k\u00f6nnen wir messen bzw. z\u00e4hlen und verbessern so die Leistung von unserer Seite. Sie helfen uns, zu erkennen, welche Seiten sehr h\u00e4ufig genutzt werden und welche Seiten am wenigsten beliebt sind. Auch k\u00f6nnen wir sehen, wie die Besucher sich rund um den Ort bewegen.<\/p><p>Diese Daten helfen uns zu verstehen und zu analysieren wie gut die Website funktioniert und wo etwas verbessert werden muss.<\/p><p><strong>Funktionsbezogene Cookies:<\/strong><\/p><p>Dies sind Cookies die bestimmte unwesentliche Funktionen auf unserer Website unterst\u00fctzen.<br \/>Zu diesen Funktionen geh\u00f6rt das Einf\u00fcgen von Inhalten wie bspw. Videos oder das Teilen von Inhalten auf der Website von Social-Media Plattformen.\u00a0<\/p><p><strong>Cookie-Pr\u00e4ferenzen<\/strong><\/p><p>Diese\u00a0 Cookies helfen uns dabei Ihre Pr\u00e4ferenzen\/Einstellungen und Browsing-Einstellungen wie Spracheinstellungen zu speichern, damit Sie bei zuk\u00fcnftigen Besuchen der Website eine bessere und effizientere Erfahrung machen k\u00f6nnen.<\/p><h4 class=\"wp-block-heading\">WIE KANN ICH DIE COOKIE-PR\u00c4FERENZEN \u00dcBERPR\u00dcFEN?<\/h4><p>Wenn Sie Ihre Cookie-Pr\u00e4ferenzen sp\u00e4ter w\u00e4hrend ihrer \u201aSurf-Session\u2018 \u00e4ndern m\u00f6chten, k\u00f6nnen Sie auf ihrem Bildschirm auf die Registerkarte \u201aDatenschutz -und Cookie-Richtlinie\u2018 klicken.<\/p><p>Daraufhin wir die Einverst\u00e4ndniserkl\u00e4rung angezeigt, sodass Sie ihre Pr\u00e4ferenzen \u00e4ndern k\u00f6nnen oder Ihre Zustimmung vollst\u00e4ndig widerrufen k\u00f6nnen.<\/p><p>Dar\u00fcber hinaus bieten verschiedene Browser unterschiedliche Methoden zum Blockieren und zum L\u00f6schen der von den Websites verwendeten Cookies.<\/p><p>Sie k\u00f6nnen die Einstellungen ihres Browsers \u00e4ndern, um die Cookies zu blockieren\/l\u00f6schen. Weitere Informationen zum Verwalten und l\u00f6schen von Cookies finden Sie unter <a href=\"https:\/\/nl.wikipedia.org\/wiki\/Cookie_(internet)\" target=\"_blank\" rel=\"noopener\">wikipedia.org<\/a>,\u00a0<a href=\"https:\/\/allaboutcookies.org\/\" target=\"_blank\" rel=\"noopener\">www.allaboutcookies.org<\/a><\/p>\t\t\t\t\t\t<\/div>\n\t\t\t\t<\/div>\n\t\t\t\t\t<\/div>\n\t\t\t\t<\/div>\n\t\t\t\t<div class=\"elementor-element elementor-element-9775f85 elementor-widget elementor-widget-spacer\" data-id=\"9775f85\" data-element_type=\"widget\" data-widget_type=\"spacer.default\">\n\t\t\t\t<div class=\"elementor-widget-container\">\n\t\t\t<style>\/*! elementor - v3.21.0 - 26-05-2024 *\/\n.elementor-column .elementor-spacer-inner{height:var(--spacer-size)}.e-con{--container-widget-width:100%}.e-con-inner>.elementor-widget-spacer,.e-con>.elementor-widget-spacer{width:var(--container-widget-width,var(--spacer-size));--align-self:var(--container-widget-align-self,initial);--flex-shrink:0}.e-con-inner>.elementor-widget-spacer>.elementor-widget-container,.e-con>.elementor-widget-spacer>.elementor-widget-container{height:100%;width:100%}.e-con-inner>.elementor-widget-spacer>.elementor-widget-container>.elementor-spacer,.e-con>.elementor-widget-spacer>.elementor-widget-container>.elementor-spacer{height:100%}.e-con-inner>.elementor-widget-spacer>.elementor-widget-container>.elementor-spacer>.elementor-spacer-inner,.e-con>.elementor-widget-spacer>.elementor-widget-container>.elementor-spacer>.elementor-spacer-inner{height:var(--container-widget-height,var(--spacer-size))}.e-con-inner>.elementor-widget-spacer.elementor-widget-empty,.e-con>.elementor-widget-spacer.elementor-widget-empty{position:relative;min-height:22px;min-width:22px}.e-con-inner>.elementor-widget-spacer.elementor-widget-empty .elementor-widget-empty-icon,.e-con>.elementor-widget-spacer.elementor-widget-empty .elementor-widget-empty-icon{position:absolute;top:0;bottom:0;left:0;right:0;margin:auto;padding:0;width:22px;height:22px}<\/style>\t\t<div class=\"elementor-spacer\">\n\t\t\t<div class=\"elementor-spacer-inner\"><\/div>\n\t\t<\/div>\n\t\t\t\t<\/div>\n\t\t\t\t<\/div>\n\t\t\t\t\t<\/div>\n\t\t\t\t<\/div>\n\t\t\t\t<\/div>\n\t\t","protected":false},"excerpt":{"rendered":"<p>Help UNDER CONSTRUCTION<\/p>\n","protected":false},"author":1,"featured_media":448,"parent":0,"menu_order":21,"comment_status":"closed","ping_status":"closed","template":"","meta":{"_acf_changed":true,"footnotes":""},"class_list":["post-1155","page","type-page","status-publish","has-post-thumbnail","hentry"],"acf":[],"_links":{"self":[{"href":"https:\/\/tin.eu\/de\/wp-json\/wp\/v2\/pages\/1155","targetHints":{"allow":["GET"]}}],"collection":[{"href":"https:\/\/tin.eu\/de\/wp-json\/wp\/v2\/pages"}],"about":[{"href":"https:\/\/tin.eu\/de\/wp-json\/wp\/v2\/types\/page"}],"author":[{"embeddable":true,"href":"https:\/\/tin.eu\/de\/wp-json\/wp\/v2\/users\/1"}],"replies":[{"embeddable":true,"href":"https:\/\/tin.eu\/de\/wp-json\/wp\/v2\/comments?post=1155"}],"version-history":[{"count":0,"href":"https:\/\/tin.eu\/de\/wp-json\/wp\/v2\/pages\/1155\/revisions"}],"wp:featuredmedia":[{"embeddable":true,"href":"https:\/\/tin.eu\/de\/wp-json\/wp\/v2\/media\/448"}],"wp:attachment":[{"href":"https:\/\/tin.eu\/de\/wp-json\/wp\/v2\/media?parent=1155"}],"curies":[{"name":"wp","href":"https:\/\/api.w.org\/{rel}","templated":true}]}}